{"id":150672,"date":"2023-08-19T09:24:57","date_gmt":"2023-08-19T07:24:57","guid":{"rendered":"https:\/\/najnaj.hr\/proizvod\/b-box-sippy-cup-set-slamka-i-cetkica-za-ciscenje\/"},"modified":"2026-04-14T13:35:26","modified_gmt":"2026-04-14T11:35:26","slug":"b-box-sippy-cup-set-slamka-i-cetkica-za-ciscenje","status":"publish","type":"product","link":"https:\/\/najnaj.eu\/fr\/proizvod\/b-box-sippy-cup-set-slamka-i-cetkica-za-ciscenje\/","title":{"rendered":"b.box Sippy cup set slamka i \u010detkica za \u010di\u0161\u0107enje"},"content":{"rendered":"<p>Kako zamijeniti slamku:<br \/>\nZa zamjenu slam\u010dice, pa\u017eljivo uhvatite jezi\u010dak za povla\u010denje na slam\u010dici i povucite prema dolje kako biste je oslobodili. Zatim nje\u017eno uklonite uteg i pri\u010dvrstite ga na rezervnu slamku.<\/p>\n<p>Kako o\u010distiti slamku:<br \/>\n\u010cetka za \u010di\u0161\u0107enje dizajnirana je za \u010di\u0161\u0107enje unutra\u0161njosti slamke, umetnite \u010detku za \u010di\u0161\u0107enje iz baze slamke i gurnite je da o\u010distite slamku iznutra. Lagano povucite prema dolje kako biste uklonili \u010detku, ponovite s obje strane s toplom vodom i sapunicom.<\/p>\n","protected":false},"excerpt":{"rendered":"<p>&gt;Dvije zamjenske slamke i \u010detkica za \u010di\u0161\u0107enje<br \/>\n&gt; Dizajnirano za b.box Sippy cup<br \/>\n&gt; Sigurno za pranje u perilici posu\u0111a<br \/>\n&gt; Ne sadr\u017ei ftalate, BPA i PVC<\/p>\n","protected":false},"featured_media":130829,"comment_status":"open","ping_status":"closed","template":"","meta":{"_acf_changed":false,"footnotes":""},"product_brand":[],"product_cat":[654,659],"product_tag":[],"class_list":{"0":"post-150672","1":"product","2":"type-product","3":"status-publish","4":"has-post-thumbnail","6":"product_cat-boce-za-vodu","7":"product_cat-ostalo-za-hranjenje","8":"pa_brand-b-box","10":"first","11":"instock","12":"purchasable","13":"product-type-simple"},"bundled_by":["268268","280708","280755","280809"],"bundle_stock_status":"instock","bundle_stock_quantity":10,"bundle_virtual":false,"bundle_layout":"","bundle_add_to_cart_form_location":"","bundle_editable_in_cart":false,"bundle_sold_individually_context":"","bundle_item_grouping":"","bundle_min_size":"","bundle_max_size":"","bundle_price":[],"bundled_items":[],"bundle_sell_ids":[],"acf":[],"yoast_head":"<!-- This site is optimized with the Yoast SEO Premium plugin v21.5 (Yoast SEO v27.4) - https:\/\/yoast.com\/product\/yoast-seo-premium-wordpress\/ -->\n<title>b.box Sippy cup set slamka i \u010detkica za \u010di\u0161\u0107enje - NajNaj.eu<\/title>\n<meta name=\"robots\" content=\"index, follow, max-snippet:-1, max-image-preview:large, max-video-preview:-1\" \/>\n<link rel=\"canonical\" href=\"https:\/\/najnaj.eu\/fr\/proizvod\/b-box-sippy-cup-set-slamka-i-cetkica-za-ciscenje\/\" \/>\n<meta property=\"og:locale\" content=\"fr_FR\" \/>\n<meta property=\"og:type\" content=\"article\" \/>\n<meta property=\"og:title\" content=\"b.box Sippy cup set slamka i \u010detkica za \u010di\u0161\u0107enje\" \/>\n<meta property=\"og:description\" content=\"&gt;Dvije zamjenske slamke i \u010detkica za \u010di\u0161\u0107enje &gt; Dizajnirano za b.box Sippy cup &gt; Sigurno za pranje u perilici posu\u0111a &gt; Ne sadr\u017ei ftalate, BPA i PVC\" \/>\n<meta property=\"og:url\" content=\"https:\/\/najnaj.eu\/fr\/proizvod\/b-box-sippy-cup-set-slamka-i-cetkica-za-ciscenje\/\" \/>\n<meta property=\"og:site_name\" content=\"NajNaj.eu\" \/>\n<meta property=\"article:publisher\" content=\"https:\/\/web.facebook.com\/najnaj.eu\/\" \/>\n<meta property=\"article:modified_time\" content=\"2026-04-14T11:35:26+00:00\" \/>\n<meta property=\"og:image\" content=\"https:\/\/najnaj.eu\/wp-content\/uploads\/2023\/08\/BB18_0059-Replacement-Straw-Differentiation-Artwork_V2_FA_768x.webp\" \/>\n\t<meta property=\"og:image:width\" content=\"768\" \/>\n\t<meta property=\"og:image:height\" content=\"768\" \/>\n\t<meta property=\"og:image:type\" content=\"image\/webp\" \/>\n<meta name=\"twitter:card\" content=\"summary_large_image\" \/>\n<meta name=\"twitter:label1\" content=\"Prix\" \/>\n\t<meta name=\"twitter:data1\" content=\"8,99&nbsp;&euro;\" \/>\n\t<meta name=\"twitter:label2\" content=\"Disponibilit\u00e9\" \/>\n\t<meta name=\"twitter:data2\" content=\"En stock\" \/>\n<script type=\"application\/ld+json\" class=\"yoast-schema-graph\">{\"@context\":\"https:\\\/\\\/schema.org\",\"@graph\":[{\"@type\":\"WebPage\",\"@id\":\"https:\\\/\\\/najnaj.eu\\\/fr\\\/proizvod\\\/b-box-sippy-cup-set-slamka-i-cetkica-za-ciscenje\\\/\",\"url\":\"https:\\\/\\\/najnaj.eu\\\/fr\\\/proizvod\\\/b-box-sippy-cup-set-slamka-i-cetkica-za-ciscenje\\\/\",\"name\":\"b.box Sippy cup set slamka i \u010detkica za \u010di\u0161\u0107enje - NajNaj.eu\",\"isPartOf\":{\"@id\":\"https:\\\/\\\/najnaj.eu\\\/fr\\\/#website\"},\"primaryImageOfPage\":{\"@id\":\"https:\\\/\\\/najnaj.eu\\\/fr\\\/proizvod\\\/b-box-sippy-cup-set-slamka-i-cetkica-za-ciscenje\\\/#primaryimage\"},\"image\":{\"@id\":\"https:\\\/\\\/najnaj.eu\\\/fr\\\/proizvod\\\/b-box-sippy-cup-set-slamka-i-cetkica-za-ciscenje\\\/#primaryimage\"},\"thumbnailUrl\":\"https:\\\/\\\/najnaj.eu\\\/wp-content\\\/uploads\\\/2023\\\/08\\\/BB18_0059-Replacement-Straw-Differentiation-Artwork_V2_FA_768x.webp\",\"datePublished\":\"2023-08-19T07:24:57+00:00\",\"dateModified\":\"2026-04-14T11:35:26+00:00\",\"breadcrumb\":{\"@id\":\"https:\\\/\\\/najnaj.eu\\\/fr\\\/proizvod\\\/b-box-sippy-cup-set-slamka-i-cetkica-za-ciscenje\\\/#breadcrumb\"},\"inLanguage\":\"fr-FR\",\"potentialAction\":[{\"@type\":\"ReadAction\",\"target\":[\"https:\\\/\\\/najnaj.eu\\\/fr\\\/proizvod\\\/b-box-sippy-cup-set-slamka-i-cetkica-za-ciscenje\\\/\"]}]},{\"@type\":\"ImageObject\",\"inLanguage\":\"fr-FR\",\"@id\":\"https:\\\/\\\/najnaj.eu\\\/fr\\\/proizvod\\\/b-box-sippy-cup-set-slamka-i-cetkica-za-ciscenje\\\/#primaryimage\",\"url\":\"https:\\\/\\\/najnaj.eu\\\/wp-content\\\/uploads\\\/2023\\\/08\\\/BB18_0059-Replacement-Straw-Differentiation-Artwork_V2_FA_768x.webp\",\"contentUrl\":\"https:\\\/\\\/najnaj.eu\\\/wp-content\\\/uploads\\\/2023\\\/08\\\/BB18_0059-Replacement-Straw-Differentiation-Artwork_V2_FA_768x.webp\",\"width\":768,\"height\":768},{\"@type\":\"BreadcrumbList\",\"@id\":\"https:\\\/\\\/najnaj.eu\\\/fr\\\/proizvod\\\/b-box-sippy-cup-set-slamka-i-cetkica-za-ciscenje\\\/#breadcrumb\",\"itemListElement\":[{\"@type\":\"ListItem\",\"position\":1,\"name\":\"Po\u010detna stranica\",\"item\":\"https:\\\/\\\/najnaj.eu\\\/fr\\\/\"},{\"@type\":\"ListItem\",\"position\":2,\"name\":\"Trgovina\",\"item\":\"https:\\\/\\\/najnaj.hr\\\/trgovina\\\/\"},{\"@type\":\"ListItem\",\"position\":3,\"name\":\"b.box Sippy cup set slamka i \u010detkica za \u010di\u0161\u0107enje\"}]},{\"@type\":\"WebSite\",\"@id\":\"https:\\\/\\\/najnaj.eu\\\/fr\\\/#website\",\"url\":\"https:\\\/\\\/najnaj.eu\\\/fr\\\/\",\"name\":\"NajNaj.eu\",\"description\":\"Za najva\u017enije!\",\"potentialAction\":[{\"@type\":\"SearchAction\",\"target\":{\"@type\":\"EntryPoint\",\"urlTemplate\":\"https:\\\/\\\/najnaj.eu\\\/fr\\\/?s={search_term_string}\"},\"query-input\":{\"@type\":\"PropertyValueSpecification\",\"valueRequired\":true,\"valueName\":\"search_term_string\"}}],\"inLanguage\":\"fr-FR\"}]}<\/script>\n<meta property=\"product:brand\" content=\"b.box\" \/>\n<meta property=\"product:price:amount\" content=\"8.99\" \/>\n<meta property=\"product:price:currency\" content=\"EUR\" \/>\n<meta property=\"og:availability\" content=\"instock\" \/>\n<meta property=\"product:availability\" content=\"instock\" \/>\n<meta property=\"product:retailer_item_id\" content=\"BX525\" \/>\n<meta property=\"product:condition\" content=\"new\" \/>\n<!-- \/ Yoast SEO Premium plugin. -->","yoast_head_json":{"title":"b.box Sippy cup set slamka i \u010detkica za \u010di\u0161\u0107enje - NajNaj.eu","robots":{"index":"index","follow":"follow","max-snippet":"max-snippet:-1","max-image-preview":"max-image-preview:large","max-video-preview":"max-video-preview:-1"},"canonical":"https:\/\/najnaj.eu\/fr\/proizvod\/b-box-sippy-cup-set-slamka-i-cetkica-za-ciscenje\/","og_locale":"fr_FR","og_type":"article","og_title":"b.box Sippy cup set slamka i \u010detkica za \u010di\u0161\u0107enje","og_description":"&gt;Dvije zamjenske slamke i \u010detkica za \u010di\u0161\u0107enje &gt; Dizajnirano za b.box Sippy cup &gt; Sigurno za pranje u perilici posu\u0111a &gt; Ne sadr\u017ei ftalate, BPA i PVC","og_url":"https:\/\/najnaj.eu\/fr\/proizvod\/b-box-sippy-cup-set-slamka-i-cetkica-za-ciscenje\/","og_site_name":"NajNaj.eu","article_publisher":"https:\/\/web.facebook.com\/najnaj.eu\/","article_modified_time":"2026-04-14T11:35:26+00:00","og_image":[{"width":768,"height":768,"url":"https:\/\/najnaj.eu\/wp-content\/uploads\/2023\/08\/BB18_0059-Replacement-Straw-Differentiation-Artwork_V2_FA_768x.webp","type":"image\/webp"}],"twitter_card":"summary_large_image","twitter_misc":{"Prix":"8,99&nbsp;&euro;","Disponibilit\u00e9":"En stock"},"schema":{"@context":"https:\/\/schema.org","@graph":[{"@type":"WebPage","@id":"https:\/\/najnaj.eu\/fr\/proizvod\/b-box-sippy-cup-set-slamka-i-cetkica-za-ciscenje\/","url":"https:\/\/najnaj.eu\/fr\/proizvod\/b-box-sippy-cup-set-slamka-i-cetkica-za-ciscenje\/","name":"b.box Sippy cup set slamka i \u010detkica za \u010di\u0161\u0107enje - NajNaj.eu","isPartOf":{"@id":"https:\/\/najnaj.eu\/fr\/#website"},"primaryImageOfPage":{"@id":"https:\/\/najnaj.eu\/fr\/proizvod\/b-box-sippy-cup-set-slamka-i-cetkica-za-ciscenje\/#primaryimage"},"image":{"@id":"https:\/\/najnaj.eu\/fr\/proizvod\/b-box-sippy-cup-set-slamka-i-cetkica-za-ciscenje\/#primaryimage"},"thumbnailUrl":"https:\/\/najnaj.eu\/wp-content\/uploads\/2023\/08\/BB18_0059-Replacement-Straw-Differentiation-Artwork_V2_FA_768x.webp","datePublished":"2023-08-19T07:24:57+00:00","dateModified":"2026-04-14T11:35:26+00:00","breadcrumb":{"@id":"https:\/\/najnaj.eu\/fr\/proizvod\/b-box-sippy-cup-set-slamka-i-cetkica-za-ciscenje\/#breadcrumb"},"inLanguage":"fr-FR","potentialAction":[{"@type":"ReadAction","target":["https:\/\/najnaj.eu\/fr\/proizvod\/b-box-sippy-cup-set-slamka-i-cetkica-za-ciscenje\/"]}]},{"@type":"ImageObject","inLanguage":"fr-FR","@id":"https:\/\/najnaj.eu\/fr\/proizvod\/b-box-sippy-cup-set-slamka-i-cetkica-za-ciscenje\/#primaryimage","url":"https:\/\/najnaj.eu\/wp-content\/uploads\/2023\/08\/BB18_0059-Replacement-Straw-Differentiation-Artwork_V2_FA_768x.webp","contentUrl":"https:\/\/najnaj.eu\/wp-content\/uploads\/2023\/08\/BB18_0059-Replacement-Straw-Differentiation-Artwork_V2_FA_768x.webp","width":768,"height":768},{"@type":"BreadcrumbList","@id":"https:\/\/najnaj.eu\/fr\/proizvod\/b-box-sippy-cup-set-slamka-i-cetkica-za-ciscenje\/#breadcrumb","itemListElement":[{"@type":"ListItem","position":1,"name":"Po\u010detna stranica","item":"https:\/\/najnaj.eu\/fr\/"},{"@type":"ListItem","position":2,"name":"Trgovina","item":"https:\/\/najnaj.hr\/trgovina\/"},{"@type":"ListItem","position":3,"name":"b.box Sippy cup set slamka i \u010detkica za \u010di\u0161\u0107enje"}]},{"@type":"WebSite","@id":"https:\/\/najnaj.eu\/fr\/#website","url":"https:\/\/najnaj.eu\/fr\/","name":"NajNaj.eu","description":"Za najva\u017enije!","potentialAction":[{"@type":"SearchAction","target":{"@type":"EntryPoint","urlTemplate":"https:\/\/najnaj.eu\/fr\/?s={search_term_string}"},"query-input":{"@type":"PropertyValueSpecification","valueRequired":true,"valueName":"search_term_string"}}],"inLanguage":"fr-FR"}]},"product_brand":"b.box","product_price_amount":"8.99","product_price_currency":"EUR","og_availability":"instock","product_availability":"instock","product_retailer_item_id":"BX525","product_condition":"new"},"_links":{"self":[{"href":"https:\/\/najnaj.eu\/fr\/wp-json\/wp\/v2\/product\/150672","targetHints":{"allow":["GET"]}}],"collection":[{"href":"https:\/\/najnaj.eu\/fr\/wp-json\/wp\/v2\/product"}],"about":[{"href":"https:\/\/najnaj.eu\/fr\/wp-json\/wp\/v2\/types\/product"}],"replies":[{"embeddable":true,"href":"https:\/\/najnaj.eu\/fr\/wp-json\/wp\/v2\/comments?post=150672"}],"version-history":[{"count":0,"href":"https:\/\/najnaj.eu\/fr\/wp-json\/wp\/v2\/product\/150672\/revisions"}],"wp:featuredmedia":[{"embeddable":true,"href":"https:\/\/najnaj.eu\/fr\/wp-json\/wp\/v2\/media\/130829"}],"wp:attachment":[{"href":"https:\/\/najnaj.eu\/fr\/wp-json\/wp\/v2\/media?parent=150672"}],"wp:term":[{"taxonomy":"product_brand","embeddable":true,"href":"https:\/\/najnaj.eu\/fr\/wp-json\/wp\/v2\/product_brand?post=150672"},{"taxonomy":"product_cat","embeddable":true,"href":"https:\/\/najnaj.eu\/fr\/wp-json\/wp\/v2\/product_cat?post=150672"},{"taxonomy":"product_tag","embeddable":true,"href":"https:\/\/najnaj.eu\/fr\/wp-json\/wp\/v2\/product_tag?post=150672"}],"curies":[{"name":"wp","href":"https:\/\/api.w.org\/{rel}","templated":true}]}}