{"id":150633,"date":"2023-03-24T08:52:47","date_gmt":"2023-03-24T07:52:47","guid":{"rendered":"https:\/\/najnaj.hr\/proizvod\/aerosleep-zastitni-okvir-za-djecji-krevetic-siva\/"},"modified":"2026-02-04T11:13:44","modified_gmt":"2026-02-04T10:13:44","slug":"aerosleep-zastitni-okvir-za-djecji-krevetic-siva","status":"publish","type":"product","link":"https:\/\/najnaj.eu\/fr\/proizvod\/aerosleep-zastitni-okvir-za-djecji-krevetic-siva\/","title":{"rendered":"AeroSleep Za\u0161titni okvir za dje\u010dji kreveti\u0107 &#8211; Stone siva"},"content":{"rendered":"<p><strong>Prozra\u010dna alternativa klasi\u010dnoj za\u0161titi za krevet<\/strong><br \/>\nZahvaljuju\u0107i AeroSleep\u00ae 3D tehnologiji ovo je prozra\u010dna alternativa klasi\u010dnim za\u0161titama za krevet. Jedinstvena za\u0161tita za krevet AeroSleep\u00ae sastoji se od 3 sloja i \u0161titi va\u0161e dijete na najsigurniji mogu\u0107i na\u010din. 3D tehnologija osigurava slobodno disanje kroz tkaninu, \u010dak i kada tkanina je vla\u017ena.<br \/>\nOva prekrasna za\u0161tita za krevet mekana je na dodir i mo\u017ee se prati u perilici rublja na 40\u00b0C. Lako se postavlja i ostaje \u010dvrsto i sigurno pri\u010dvr\u0161\u0107ena za krevete ili kreveti\u0107e s \u0161ipkama du\u017e sve 4 strane.<\/p>\n<p><strong>Kako funkcionira AeroSleep\u00ae tehnologija?<\/strong><br \/>\nAeroSleep\u00ae tehnologija sastoji se od 3 sloja koji va\u0161em djetetu uvijek omogu\u0107uju slobodno disanje, odr\u017eavanje odgovaraju\u0107e temperature i suho\u0107u. Svaki sloj AeroSleep 3D tehnologije ima va\u017enu funkciju kako bi va\u0161e dijete bilo sigurno i dobro tijekom spavanja:<br \/>\n1. 3D struktura -&gt; Ovaj sloj osigurava propusnost zraka. Zahvaljuju\u0107i \u010dvrstoj strukturi 3D sa\u0107a, va\u0161e dijete le\u017ei na sloju zraka koji osigurava da uvijek mo\u017ee slobodno disati. Taj sloj zraka tako\u0111er preuzima temperaturu va\u0161eg djeteta i odr\u017eava je konstantnom.<br \/>\n2. Upijaju\u0107i sloj -&gt; Ovaj sloj odr\u017eava va\u0161e dijete suhim i sprje\u010dava iritaciju ko\u017ee. Vlaga prolazi kroz 3D strukturu i zatim je zadr\u017eava upijaju\u0107i sloj.<br \/>\n3. Vodonepropusni sloj -&gt; Dr\u017ei bakterije i alergene podalje od va\u0161eg djeteta kako bi se osigurala optimalna higijena!<\/p>\n<p><img loading=\"lazy\" decoding=\"async\" class=\"wp-image-206781 aligncenter\" src=\"https:\/\/najnaj.eu\/wp-content\/uploads\/2023\/03\/ABU-AL-7-300x220.webp\" alt=\"\" width=\"419\" height=\"307\" srcset=\"https:\/\/najnaj.eu\/wp-content\/uploads\/2023\/03\/ABU-AL-7-300x220.webp 300w, https:\/\/najnaj.eu\/wp-content\/uploads\/2023\/03\/ABU-AL-7-324x238.webp 324w, https:\/\/najnaj.eu\/wp-content\/uploads\/2023\/03\/ABU-AL-7-420x309.webp 420w, https:\/\/najnaj.eu\/wp-content\/uploads\/2023\/03\/ABU-AL-7.webp 720w\" sizes=\"auto, (max-width: 419px) 100vw, 419px\" \/><\/p>\n<p><strong>Tehni\u010dki podaci<\/strong><\/p>\n<p><span data-sheets-value=\"{&quot;1&quot;:2,&quot;2&quot;:&quot;\u0160to je u kutiji?nZa\u0161tita za krevet s kop\u010dama&quot;}\" data-sheets-userformat=\"{&quot;2&quot;:513,&quot;3&quot;:{&quot;1&quot;:0},&quot;12&quot;:0}\" data-sheets-textstyleruns=\"{&quot;1&quot;:0,&quot;2&quot;:{&quot;5&quot;:1}}\uee10{&quot;1&quot;:16}\">\u0160to je u kutiji?<br \/>\nZa\u0161tita za krevet s kop\u010dama<\/span><\/p>\n","protected":false},"excerpt":{"rendered":"<p>&gt; Za\u0161tita za kreveti\u0107 sa sigurnom AeroSleep\u00ae 3D tehnologijom<br \/>\n&gt; Dizajnirana da jam\u010di neometano disanje kroz tkaninu<br \/>\n&gt; Zrakopropusna alternativa klasi\u010dnim za\u0161titama za kreveti\u0107e zahvaljuju\u0107i AeroSleep\u00ae tehnologiji<br \/>\n&gt; \u0160titi glavu va\u0161eg djeteta u kreveti\u0107u<br \/>\n&gt; Sigurna za kori\u0161tenje od ro\u0111enja<br \/>\n&gt; Odgovara svim dje\u010djim kreveti\u0107ima koji imaju \u0161ipke du\u017e sve 4 strane<\/p>\n","protected":false},"featured_media":129431,"comment_status":"open","ping_status":"closed","template":"","meta":{"_acf_changed":false,"footnotes":""},"product_brand":[],"product_cat":[666,667,2237],"product_tag":[],"class_list":{"0":"post-150633","1":"product","2":"type-product","3":"status-publish","4":"has-post-thumbnail","6":"product_cat-djecja-soba","7":"product_cat-djecja-sobica","8":"product_cat-madraci-i-zastite","9":"pa_boja-siva","10":"pa_brand-aerosleep","12":"first","13":"instock","14":"sale","15":"purchasable","16":"product-type-simple"},"bundled_by":[],"bundle_stock_status":"instock","bundle_stock_quantity":9,"bundle_virtual":false,"bundle_layout":"","bundle_add_to_cart_form_location":"","bundle_editable_in_cart":false,"bundle_sold_individually_context":"","bundle_item_grouping":"","bundle_min_size":"","bundle_max_size":"","bundle_price":[],"bundled_items":[],"bundle_sell_ids":[],"acf":[],"yoast_head":"<!-- This site is optimized with the Yoast SEO Premium plugin v21.5 (Yoast SEO v27.4) - https:\/\/yoast.com\/product\/yoast-seo-premium-wordpress\/ -->\n<title>AeroSleep Za\u0161titni okvir za dje\u010dji kreveti\u0107 - Stone siva - NajNaj.eu<\/title>\n<meta name=\"robots\" content=\"index, follow, max-snippet:-1, max-image-preview:large, max-video-preview:-1\" \/>\n<link rel=\"canonical\" href=\"https:\/\/najnaj.eu\/fr\/proizvod\/aerosleep-zastitni-okvir-za-djecji-krevetic-siva\/\" \/>\n<meta property=\"og:locale\" content=\"fr_FR\" \/>\n<meta property=\"og:type\" content=\"article\" \/>\n<meta property=\"og:title\" content=\"AeroSleep Za\u0161titni okvir za dje\u010dji kreveti\u0107 - Stone siva\" \/>\n<meta property=\"og:description\" content=\"&gt; Za\u0161tita za kreveti\u0107 sa sigurnom AeroSleep\u00ae 3D tehnologijom &gt; Dizajnirana da jam\u010di neometano disanje kroz tkaninu &gt; Zrakopropusna alternativa klasi\u010dnim za\u0161titama za kreveti\u0107e zahvaljuju\u0107i AeroSleep\u00ae tehnologiji &gt; \u0160titi glavu va\u0161eg djeteta u kreveti\u0107u &gt; Sigurna za kori\u0161tenje od ro\u0111enja &gt; Odgovara svim dje\u010djim kreveti\u0107ima koji imaju \u0161ipke du\u017e sve 4 strane\" \/>\n<meta property=\"og:url\" content=\"https:\/\/najnaj.eu\/fr\/proizvod\/aerosleep-zastitni-okvir-za-djecji-krevetic-siva\/\" \/>\n<meta property=\"og:site_name\" content=\"NajNaj.eu\" \/>\n<meta property=\"article:publisher\" content=\"https:\/\/web.facebook.com\/najnaj.eu\/\" \/>\n<meta property=\"article:modified_time\" content=\"2026-02-04T10:13:44+00:00\" \/>\n<meta property=\"og:image\" content=\"https:\/\/najnaj.eu\/wp-content\/uploads\/2023\/08\/ABU-120-060-ST-4.jpg\" \/>\n\t<meta property=\"og:image:width\" content=\"1333\" \/>\n\t<meta property=\"og:image:height\" content=\"1333\" \/>\n\t<meta property=\"og:image:type\" content=\"image\/jpeg\" \/>\n<meta name=\"twitter:card\" content=\"summary_large_image\" \/>\n<meta name=\"twitter:label1\" content=\"Prix\" \/>\n\t<meta name=\"twitter:data1\" content=\"69,95&nbsp;&euro;\" \/>\n\t<meta name=\"twitter:label2\" content=\"Disponibilit\u00e9\" \/>\n\t<meta name=\"twitter:data2\" content=\"En stock\" \/>\n<script type=\"application\/ld+json\" class=\"yoast-schema-graph\">{\"@context\":\"https:\\\/\\\/schema.org\",\"@graph\":[{\"@type\":\"WebPage\",\"@id\":\"https:\\\/\\\/najnaj.eu\\\/fr\\\/proizvod\\\/aerosleep-zastitni-okvir-za-djecji-krevetic-siva\\\/\",\"url\":\"https:\\\/\\\/najnaj.eu\\\/fr\\\/proizvod\\\/aerosleep-zastitni-okvir-za-djecji-krevetic-siva\\\/\",\"name\":\"AeroSleep Za\u0161titni okvir za dje\u010dji kreveti\u0107 - Stone siva - NajNaj.eu\",\"isPartOf\":{\"@id\":\"https:\\\/\\\/najnaj.eu\\\/fr\\\/#website\"},\"primaryImageOfPage\":{\"@id\":\"https:\\\/\\\/najnaj.eu\\\/fr\\\/proizvod\\\/aerosleep-zastitni-okvir-za-djecji-krevetic-siva\\\/#primaryimage\"},\"image\":{\"@id\":\"https:\\\/\\\/najnaj.eu\\\/fr\\\/proizvod\\\/aerosleep-zastitni-okvir-za-djecji-krevetic-siva\\\/#primaryimage\"},\"thumbnailUrl\":\"https:\\\/\\\/najnaj.eu\\\/wp-content\\\/uploads\\\/2023\\\/08\\\/ABU-120-060-ST-4.jpg\",\"datePublished\":\"2023-03-24T07:52:47+00:00\",\"dateModified\":\"2026-02-04T10:13:44+00:00\",\"breadcrumb\":{\"@id\":\"https:\\\/\\\/najnaj.eu\\\/fr\\\/proizvod\\\/aerosleep-zastitni-okvir-za-djecji-krevetic-siva\\\/#breadcrumb\"},\"inLanguage\":\"fr-FR\",\"potentialAction\":[{\"@type\":\"ReadAction\",\"target\":[\"https:\\\/\\\/najnaj.eu\\\/fr\\\/proizvod\\\/aerosleep-zastitni-okvir-za-djecji-krevetic-siva\\\/\"]}]},{\"@type\":\"ImageObject\",\"inLanguage\":\"fr-FR\",\"@id\":\"https:\\\/\\\/najnaj.eu\\\/fr\\\/proizvod\\\/aerosleep-zastitni-okvir-za-djecji-krevetic-siva\\\/#primaryimage\",\"url\":\"https:\\\/\\\/najnaj.eu\\\/wp-content\\\/uploads\\\/2023\\\/08\\\/ABU-120-060-ST-4.jpg\",\"contentUrl\":\"https:\\\/\\\/najnaj.eu\\\/wp-content\\\/uploads\\\/2023\\\/08\\\/ABU-120-060-ST-4.jpg\",\"width\":1333,\"height\":1333},{\"@type\":\"BreadcrumbList\",\"@id\":\"https:\\\/\\\/najnaj.eu\\\/fr\\\/proizvod\\\/aerosleep-zastitni-okvir-za-djecji-krevetic-siva\\\/#breadcrumb\",\"itemListElement\":[{\"@type\":\"ListItem\",\"position\":1,\"name\":\"Po\u010detna stranica\",\"item\":\"https:\\\/\\\/najnaj.eu\\\/fr\\\/\"},{\"@type\":\"ListItem\",\"position\":2,\"name\":\"Trgovina\",\"item\":\"https:\\\/\\\/najnaj.hr\\\/trgovina\\\/\"},{\"@type\":\"ListItem\",\"position\":3,\"name\":\"AeroSleep Za\u0161titni okvir za dje\u010dji kreveti\u0107 &#8211; Stone siva\"}]},{\"@type\":\"WebSite\",\"@id\":\"https:\\\/\\\/najnaj.eu\\\/fr\\\/#website\",\"url\":\"https:\\\/\\\/najnaj.eu\\\/fr\\\/\",\"name\":\"NajNaj.eu\",\"description\":\"Za najva\u017enije!\",\"potentialAction\":[{\"@type\":\"SearchAction\",\"target\":{\"@type\":\"EntryPoint\",\"urlTemplate\":\"https:\\\/\\\/najnaj.eu\\\/fr\\\/?s={search_term_string}\"},\"query-input\":{\"@type\":\"PropertyValueSpecification\",\"valueRequired\":true,\"valueName\":\"search_term_string\"}}],\"inLanguage\":\"fr-FR\"}]}<\/script>\n<meta property=\"product:brand\" content=\"AeroSleep\" \/>\n<meta property=\"product:price:amount\" content=\"69.95\" \/>\n<meta property=\"product:price:currency\" content=\"EUR\" \/>\n<meta property=\"og:availability\" content=\"instock\" \/>\n<meta property=\"product:availability\" content=\"instock\" \/>\n<meta property=\"product:retailer_item_id\" content=\"ABU-ST\" \/>\n<meta property=\"product:condition\" content=\"new\" \/>\n<!-- \/ Yoast SEO Premium plugin. -->","yoast_head_json":{"title":"AeroSleep Za\u0161titni okvir za dje\u010dji kreveti\u0107 - Stone siva - NajNaj.eu","robots":{"index":"index","follow":"follow","max-snippet":"max-snippet:-1","max-image-preview":"max-image-preview:large","max-video-preview":"max-video-preview:-1"},"canonical":"https:\/\/najnaj.eu\/fr\/proizvod\/aerosleep-zastitni-okvir-za-djecji-krevetic-siva\/","og_locale":"fr_FR","og_type":"article","og_title":"AeroSleep Za\u0161titni okvir za dje\u010dji kreveti\u0107 - Stone siva","og_description":"&gt; Za\u0161tita za kreveti\u0107 sa sigurnom AeroSleep\u00ae 3D tehnologijom &gt; Dizajnirana da jam\u010di neometano disanje kroz tkaninu &gt; Zrakopropusna alternativa klasi\u010dnim za\u0161titama za kreveti\u0107e zahvaljuju\u0107i AeroSleep\u00ae tehnologiji &gt; \u0160titi glavu va\u0161eg djeteta u kreveti\u0107u &gt; Sigurna za kori\u0161tenje od ro\u0111enja &gt; Odgovara svim dje\u010djim kreveti\u0107ima koji imaju \u0161ipke du\u017e sve 4 strane","og_url":"https:\/\/najnaj.eu\/fr\/proizvod\/aerosleep-zastitni-okvir-za-djecji-krevetic-siva\/","og_site_name":"NajNaj.eu","article_publisher":"https:\/\/web.facebook.com\/najnaj.eu\/","article_modified_time":"2026-02-04T10:13:44+00:00","og_image":[{"width":1333,"height":1333,"url":"https:\/\/najnaj.eu\/wp-content\/uploads\/2023\/08\/ABU-120-060-ST-4.jpg","type":"image\/jpeg"}],"twitter_card":"summary_large_image","twitter_misc":{"Prix":"69,95&nbsp;&euro;","Disponibilit\u00e9":"En stock"},"schema":{"@context":"https:\/\/schema.org","@graph":[{"@type":"WebPage","@id":"https:\/\/najnaj.eu\/fr\/proizvod\/aerosleep-zastitni-okvir-za-djecji-krevetic-siva\/","url":"https:\/\/najnaj.eu\/fr\/proizvod\/aerosleep-zastitni-okvir-za-djecji-krevetic-siva\/","name":"AeroSleep Za\u0161titni okvir za dje\u010dji kreveti\u0107 - Stone siva - NajNaj.eu","isPartOf":{"@id":"https:\/\/najnaj.eu\/fr\/#website"},"primaryImageOfPage":{"@id":"https:\/\/najnaj.eu\/fr\/proizvod\/aerosleep-zastitni-okvir-za-djecji-krevetic-siva\/#primaryimage"},"image":{"@id":"https:\/\/najnaj.eu\/fr\/proizvod\/aerosleep-zastitni-okvir-za-djecji-krevetic-siva\/#primaryimage"},"thumbnailUrl":"https:\/\/najnaj.eu\/wp-content\/uploads\/2023\/08\/ABU-120-060-ST-4.jpg","datePublished":"2023-03-24T07:52:47+00:00","dateModified":"2026-02-04T10:13:44+00:00","breadcrumb":{"@id":"https:\/\/najnaj.eu\/fr\/proizvod\/aerosleep-zastitni-okvir-za-djecji-krevetic-siva\/#breadcrumb"},"inLanguage":"fr-FR","potentialAction":[{"@type":"ReadAction","target":["https:\/\/najnaj.eu\/fr\/proizvod\/aerosleep-zastitni-okvir-za-djecji-krevetic-siva\/"]}]},{"@type":"ImageObject","inLanguage":"fr-FR","@id":"https:\/\/najnaj.eu\/fr\/proizvod\/aerosleep-zastitni-okvir-za-djecji-krevetic-siva\/#primaryimage","url":"https:\/\/najnaj.eu\/wp-content\/uploads\/2023\/08\/ABU-120-060-ST-4.jpg","contentUrl":"https:\/\/najnaj.eu\/wp-content\/uploads\/2023\/08\/ABU-120-060-ST-4.jpg","width":1333,"height":1333},{"@type":"BreadcrumbList","@id":"https:\/\/najnaj.eu\/fr\/proizvod\/aerosleep-zastitni-okvir-za-djecji-krevetic-siva\/#breadcrumb","itemListElement":[{"@type":"ListItem","position":1,"name":"Po\u010detna stranica","item":"https:\/\/najnaj.eu\/fr\/"},{"@type":"ListItem","position":2,"name":"Trgovina","item":"https:\/\/najnaj.hr\/trgovina\/"},{"@type":"ListItem","position":3,"name":"AeroSleep Za\u0161titni okvir za dje\u010dji kreveti\u0107 &#8211; Stone siva"}]},{"@type":"WebSite","@id":"https:\/\/najnaj.eu\/fr\/#website","url":"https:\/\/najnaj.eu\/fr\/","name":"NajNaj.eu","description":"Za najva\u017enije!","potentialAction":[{"@type":"SearchAction","target":{"@type":"EntryPoint","urlTemplate":"https:\/\/najnaj.eu\/fr\/?s={search_term_string}"},"query-input":{"@type":"PropertyValueSpecification","valueRequired":true,"valueName":"search_term_string"}}],"inLanguage":"fr-FR"}]},"product_brand":"AeroSleep","product_price_amount":"69.95","product_price_currency":"EUR","og_availability":"instock","product_availability":"instock","product_retailer_item_id":"ABU-ST","product_condition":"new"},"_links":{"self":[{"href":"https:\/\/najnaj.eu\/fr\/wp-json\/wp\/v2\/product\/150633","targetHints":{"allow":["GET"]}}],"collection":[{"href":"https:\/\/najnaj.eu\/fr\/wp-json\/wp\/v2\/product"}],"about":[{"href":"https:\/\/najnaj.eu\/fr\/wp-json\/wp\/v2\/types\/product"}],"replies":[{"embeddable":true,"href":"https:\/\/najnaj.eu\/fr\/wp-json\/wp\/v2\/comments?post=150633"}],"version-history":[{"count":0,"href":"https:\/\/najnaj.eu\/fr\/wp-json\/wp\/v2\/product\/150633\/revisions"}],"wp:featuredmedia":[{"embeddable":true,"href":"https:\/\/najnaj.eu\/fr\/wp-json\/wp\/v2\/media\/129431"}],"wp:attachment":[{"href":"https:\/\/najnaj.eu\/fr\/wp-json\/wp\/v2\/media?parent=150633"}],"wp:term":[{"taxonomy":"product_brand","embeddable":true,"href":"https:\/\/najnaj.eu\/fr\/wp-json\/wp\/v2\/product_brand?post=150633"},{"taxonomy":"product_cat","embeddable":true,"href":"https:\/\/najnaj.eu\/fr\/wp-json\/wp\/v2\/product_cat?post=150633"},{"taxonomy":"product_tag","embeddable":true,"href":"https:\/\/najnaj.eu\/fr\/wp-json\/wp\/v2\/product_tag?post=150633"}],"curies":[{"name":"wp","href":"https:\/\/api.w.org\/{rel}","templated":true}]}}