{"id":150539,"date":"2023-02-21T18:21:14","date_gmt":"2023-02-21T17:21:14","guid":{"rendered":"https:\/\/najnaj.hr\/proizvod\/lassig-organizator-za-automobil-adventure-dragonfly\/"},"modified":"2026-04-17T21:06:53","modified_gmt":"2026-04-17T19:06:53","slug":"lassig-organizator-za-automobil-adventure-dragonfly","status":"publish","type":"product","link":"https:\/\/najnaj.eu\/fr\/proizvod\/lassig-organizator-za-automobil-adventure-dragonfly\/","title":{"rendered":"L\u00e4ssig Organizator za automobil Adventure Dragonfly"},"content":{"rendered":"<p>L\u00c4SSIG vam nudi organizator za automobil koji obe\u0107ava avanturu putovanja bez stresa! Ovaj organizator je iz kolekcije Adventure i dolazi s motivom Dragonfly ili Tractor. Djeca imaju ono \u0161to im treba nadohvat ruke, bilo da se radi o mekanoj \u017eivotinji, boci za pi\u0107e, igra\u010dki ili grickalicama &#8211; sve stane u brojne i prakti\u010dne d\u017eepove za pohranu opremljene Velcro zatvara\u010dima i patentnim zatvara\u010dima. Uklju\u010den je i iznimno veliki pretinac za tablet s kop\u010dom za pri\u010dvr\u0161\u0107ivanje pored njega tako da su slu\u0161alice spremne pri ruci. Sa stra\u017enje strane nalazi se dodatni veliki pretinac u koji se mogu spremiti knjige ili sli\u010dni predmeti do veli\u010dine A4. Nema problema ako se ne\u0161to prolije jer je vanjski materijal vodoodbojan i lako se mo\u017ee obrisati.<\/p>\n","protected":false},"excerpt":{"rendered":"<p>Idealan za va\u0161u sljede\u0107u avanturu putovanja: L\u00c4SSIG Organizator u dizajnu Adventure \u2013 Dragonfly ili Tractorom \u2013 nudi prostor za sve \u0161to djeci treba kada putuju u automobilu. Jednostavan na\u010din na koji se mo\u017ee pri\u010dvrstiti na stra\u017enju stranu sjedala i brojni d\u017eepovi za pohranu \u010dine ga nezamjenjivim dodatkom za automobil. Organizator za autosjedalicu iz kolekcije L\u00c4SSIG Safari osigurava vo\u017enju bez stresa. Zahvaljuju\u0107i pametno raspore\u0111enim pretincima za pohranu, djeca imaju sve \u0161to im je va\u017eno nadohvat ruke.<\/p>\n","protected":false},"featured_media":127060,"comment_status":"open","ping_status":"closed","template":"","meta":{"_acf_changed":false,"footnotes":""},"product_brand":[],"product_cat":[666,667,671],"product_tag":[],"class_list":{"0":"post-150539","1":"product","2":"type-product","3":"status-publish","4":"has-post-thumbnail","6":"product_cat-djecja-soba","7":"product_cat-djecja-sobica","8":"product_cat-organizatori-dodaci-za-autosjedalice","9":"pa_boja-roza","10":"pa_brand-lassig","12":"first","13":"instock","14":"sale","15":"purchasable","16":"product-type-simple"},"bundled_by":[],"bundle_stock_status":"instock","bundle_stock_quantity":8,"bundle_virtual":false,"bundle_layout":"","bundle_add_to_cart_form_location":"","bundle_editable_in_cart":false,"bundle_sold_individually_context":"","bundle_item_grouping":"","bundle_min_size":"","bundle_max_size":"","bundle_price":[],"bundled_items":[],"bundle_sell_ids":[],"acf":[],"yoast_head":"<!-- This site is optimized with the Yoast SEO Premium plugin v21.5 (Yoast SEO v27.4) - https:\/\/yoast.com\/product\/yoast-seo-premium-wordpress\/ -->\n<title>L\u00e4ssig Organizator za automobil Adventure Dragonfly - NajNaj.eu<\/title>\n<meta name=\"robots\" content=\"index, follow, max-snippet:-1, max-image-preview:large, max-video-preview:-1\" \/>\n<link rel=\"canonical\" href=\"https:\/\/najnaj.eu\/fr\/proizvod\/lassig-organizator-za-automobil-adventure-dragonfly\/\" \/>\n<meta property=\"og:locale\" content=\"fr_FR\" \/>\n<meta property=\"og:type\" content=\"article\" \/>\n<meta property=\"og:title\" content=\"L\u00e4ssig Organizator za automobil Adventure Dragonfly\" \/>\n<meta property=\"og:description\" content=\"Idealan za va\u0161u sljede\u0107u avanturu putovanja: L\u00c4SSIG Organizator u dizajnu Adventure \u2013 Dragonfly ili Tractorom \u2013 nudi prostor za sve \u0161to djeci treba kada putuju u automobilu. Jednostavan na\u010din na koji se mo\u017ee pri\u010dvrstiti na stra\u017enju stranu sjedala i brojni d\u017eepovi za pohranu \u010dine ga nezamjenjivim dodatkom za automobil. Organizator za autosjedalicu iz kolekcije L\u00c4SSIG Safari osigurava vo\u017enju bez stresa. Zahvaljuju\u0107i pametno raspore\u0111enim pretincima za pohranu, djeca imaju sve \u0161to im je va\u017eno nadohvat ruke.\" \/>\n<meta property=\"og:url\" content=\"https:\/\/najnaj.eu\/fr\/proizvod\/lassig-organizator-za-automobil-adventure-dragonfly\/\" \/>\n<meta property=\"og:site_name\" content=\"NajNaj.eu\" \/>\n<meta property=\"article:publisher\" content=\"https:\/\/web.facebook.com\/najnaj.eu\/\" \/>\n<meta property=\"article:modified_time\" content=\"2026-04-17T19:06:53+00:00\" \/>\n<meta property=\"og:image\" content=\"https:\/\/najnaj.eu\/wp-content\/uploads\/2023\/08\/1204004332_1_600x600.jpg\" \/>\n\t<meta property=\"og:image:width\" content=\"600\" \/>\n\t<meta property=\"og:image:height\" content=\"600\" \/>\n\t<meta property=\"og:image:type\" content=\"image\/jpeg\" \/>\n<meta name=\"twitter:card\" content=\"summary_large_image\" \/>\n<meta name=\"twitter:label1\" content=\"Prix\" \/>\n\t<meta name=\"twitter:data1\" content=\"49,95&nbsp;&euro;\" \/>\n\t<meta name=\"twitter:label2\" content=\"Disponibilit\u00e9\" \/>\n\t<meta name=\"twitter:data2\" content=\"En stock\" \/>\n<script type=\"application\/ld+json\" class=\"yoast-schema-graph\">{\"@context\":\"https:\\\/\\\/schema.org\",\"@graph\":[{\"@type\":\"WebPage\",\"@id\":\"https:\\\/\\\/najnaj.eu\\\/fr\\\/proizvod\\\/lassig-organizator-za-automobil-adventure-dragonfly\\\/\",\"url\":\"https:\\\/\\\/najnaj.eu\\\/fr\\\/proizvod\\\/lassig-organizator-za-automobil-adventure-dragonfly\\\/\",\"name\":\"L\u00e4ssig Organizator za automobil Adventure Dragonfly - NajNaj.eu\",\"isPartOf\":{\"@id\":\"https:\\\/\\\/najnaj.eu\\\/fr\\\/#website\"},\"primaryImageOfPage\":{\"@id\":\"https:\\\/\\\/najnaj.eu\\\/fr\\\/proizvod\\\/lassig-organizator-za-automobil-adventure-dragonfly\\\/#primaryimage\"},\"image\":{\"@id\":\"https:\\\/\\\/najnaj.eu\\\/fr\\\/proizvod\\\/lassig-organizator-za-automobil-adventure-dragonfly\\\/#primaryimage\"},\"thumbnailUrl\":\"https:\\\/\\\/najnaj.eu\\\/wp-content\\\/uploads\\\/2023\\\/08\\\/1204004332_1_600x600.jpg\",\"datePublished\":\"2023-02-21T17:21:14+00:00\",\"dateModified\":\"2026-04-17T19:06:53+00:00\",\"breadcrumb\":{\"@id\":\"https:\\\/\\\/najnaj.eu\\\/fr\\\/proizvod\\\/lassig-organizator-za-automobil-adventure-dragonfly\\\/#breadcrumb\"},\"inLanguage\":\"fr-FR\",\"potentialAction\":[{\"@type\":\"ReadAction\",\"target\":[\"https:\\\/\\\/najnaj.eu\\\/fr\\\/proizvod\\\/lassig-organizator-za-automobil-adventure-dragonfly\\\/\"]}]},{\"@type\":\"ImageObject\",\"inLanguage\":\"fr-FR\",\"@id\":\"https:\\\/\\\/najnaj.eu\\\/fr\\\/proizvod\\\/lassig-organizator-za-automobil-adventure-dragonfly\\\/#primaryimage\",\"url\":\"https:\\\/\\\/najnaj.eu\\\/wp-content\\\/uploads\\\/2023\\\/08\\\/1204004332_1_600x600.jpg\",\"contentUrl\":\"https:\\\/\\\/najnaj.eu\\\/wp-content\\\/uploads\\\/2023\\\/08\\\/1204004332_1_600x600.jpg\",\"width\":600,\"height\":600},{\"@type\":\"BreadcrumbList\",\"@id\":\"https:\\\/\\\/najnaj.eu\\\/fr\\\/proizvod\\\/lassig-organizator-za-automobil-adventure-dragonfly\\\/#breadcrumb\",\"itemListElement\":[{\"@type\":\"ListItem\",\"position\":1,\"name\":\"Po\u010detna stranica\",\"item\":\"https:\\\/\\\/najnaj.eu\\\/fr\\\/\"},{\"@type\":\"ListItem\",\"position\":2,\"name\":\"Trgovina\",\"item\":\"https:\\\/\\\/najnaj.hr\\\/trgovina\\\/\"},{\"@type\":\"ListItem\",\"position\":3,\"name\":\"L\u00e4ssig Organizator za automobil Adventure Dragonfly\"}]},{\"@type\":\"WebSite\",\"@id\":\"https:\\\/\\\/najnaj.eu\\\/fr\\\/#website\",\"url\":\"https:\\\/\\\/najnaj.eu\\\/fr\\\/\",\"name\":\"NajNaj.eu\",\"description\":\"Za najva\u017enije!\",\"potentialAction\":[{\"@type\":\"SearchAction\",\"target\":{\"@type\":\"EntryPoint\",\"urlTemplate\":\"https:\\\/\\\/najnaj.eu\\\/fr\\\/?s={search_term_string}\"},\"query-input\":{\"@type\":\"PropertyValueSpecification\",\"valueRequired\":true,\"valueName\":\"search_term_string\"}}],\"inLanguage\":\"fr-FR\"}]}<\/script>\n<meta property=\"product:brand\" content=\"L\u00e4ssig\" \/>\n<meta property=\"product:price:amount\" content=\"49.95\" \/>\n<meta property=\"product:price:currency\" content=\"EUR\" \/>\n<meta property=\"og:availability\" content=\"instock\" \/>\n<meta property=\"product:availability\" content=\"instock\" \/>\n<meta property=\"product:retailer_item_id\" content=\"1204004332\" \/>\n<meta property=\"product:condition\" content=\"new\" \/>\n<!-- \/ Yoast SEO Premium plugin. -->","yoast_head_json":{"title":"L\u00e4ssig Organizator za automobil Adventure Dragonfly - NajNaj.eu","robots":{"index":"index","follow":"follow","max-snippet":"max-snippet:-1","max-image-preview":"max-image-preview:large","max-video-preview":"max-video-preview:-1"},"canonical":"https:\/\/najnaj.eu\/fr\/proizvod\/lassig-organizator-za-automobil-adventure-dragonfly\/","og_locale":"fr_FR","og_type":"article","og_title":"L\u00e4ssig Organizator za automobil Adventure Dragonfly","og_description":"Idealan za va\u0161u sljede\u0107u avanturu putovanja: L\u00c4SSIG Organizator u dizajnu Adventure \u2013 Dragonfly ili Tractorom \u2013 nudi prostor za sve \u0161to djeci treba kada putuju u automobilu. Jednostavan na\u010din na koji se mo\u017ee pri\u010dvrstiti na stra\u017enju stranu sjedala i brojni d\u017eepovi za pohranu \u010dine ga nezamjenjivim dodatkom za automobil. Organizator za autosjedalicu iz kolekcije L\u00c4SSIG Safari osigurava vo\u017enju bez stresa. Zahvaljuju\u0107i pametno raspore\u0111enim pretincima za pohranu, djeca imaju sve \u0161to im je va\u017eno nadohvat ruke.","og_url":"https:\/\/najnaj.eu\/fr\/proizvod\/lassig-organizator-za-automobil-adventure-dragonfly\/","og_site_name":"NajNaj.eu","article_publisher":"https:\/\/web.facebook.com\/najnaj.eu\/","article_modified_time":"2026-04-17T19:06:53+00:00","og_image":[{"width":600,"height":600,"url":"https:\/\/najnaj.eu\/wp-content\/uploads\/2023\/08\/1204004332_1_600x600.jpg","type":"image\/jpeg"}],"twitter_card":"summary_large_image","twitter_misc":{"Prix":"49,95&nbsp;&euro;","Disponibilit\u00e9":"En stock"},"schema":{"@context":"https:\/\/schema.org","@graph":[{"@type":"WebPage","@id":"https:\/\/najnaj.eu\/fr\/proizvod\/lassig-organizator-za-automobil-adventure-dragonfly\/","url":"https:\/\/najnaj.eu\/fr\/proizvod\/lassig-organizator-za-automobil-adventure-dragonfly\/","name":"L\u00e4ssig Organizator za automobil Adventure Dragonfly - NajNaj.eu","isPartOf":{"@id":"https:\/\/najnaj.eu\/fr\/#website"},"primaryImageOfPage":{"@id":"https:\/\/najnaj.eu\/fr\/proizvod\/lassig-organizator-za-automobil-adventure-dragonfly\/#primaryimage"},"image":{"@id":"https:\/\/najnaj.eu\/fr\/proizvod\/lassig-organizator-za-automobil-adventure-dragonfly\/#primaryimage"},"thumbnailUrl":"https:\/\/najnaj.eu\/wp-content\/uploads\/2023\/08\/1204004332_1_600x600.jpg","datePublished":"2023-02-21T17:21:14+00:00","dateModified":"2026-04-17T19:06:53+00:00","breadcrumb":{"@id":"https:\/\/najnaj.eu\/fr\/proizvod\/lassig-organizator-za-automobil-adventure-dragonfly\/#breadcrumb"},"inLanguage":"fr-FR","potentialAction":[{"@type":"ReadAction","target":["https:\/\/najnaj.eu\/fr\/proizvod\/lassig-organizator-za-automobil-adventure-dragonfly\/"]}]},{"@type":"ImageObject","inLanguage":"fr-FR","@id":"https:\/\/najnaj.eu\/fr\/proizvod\/lassig-organizator-za-automobil-adventure-dragonfly\/#primaryimage","url":"https:\/\/najnaj.eu\/wp-content\/uploads\/2023\/08\/1204004332_1_600x600.jpg","contentUrl":"https:\/\/najnaj.eu\/wp-content\/uploads\/2023\/08\/1204004332_1_600x600.jpg","width":600,"height":600},{"@type":"BreadcrumbList","@id":"https:\/\/najnaj.eu\/fr\/proizvod\/lassig-organizator-za-automobil-adventure-dragonfly\/#breadcrumb","itemListElement":[{"@type":"ListItem","position":1,"name":"Po\u010detna stranica","item":"https:\/\/najnaj.eu\/fr\/"},{"@type":"ListItem","position":2,"name":"Trgovina","item":"https:\/\/najnaj.hr\/trgovina\/"},{"@type":"ListItem","position":3,"name":"L\u00e4ssig Organizator za automobil Adventure Dragonfly"}]},{"@type":"WebSite","@id":"https:\/\/najnaj.eu\/fr\/#website","url":"https:\/\/najnaj.eu\/fr\/","name":"NajNaj.eu","description":"Za najva\u017enije!","potentialAction":[{"@type":"SearchAction","target":{"@type":"EntryPoint","urlTemplate":"https:\/\/najnaj.eu\/fr\/?s={search_term_string}"},"query-input":{"@type":"PropertyValueSpecification","valueRequired":true,"valueName":"search_term_string"}}],"inLanguage":"fr-FR"}]},"product_brand":"L\u00e4ssig","product_price_amount":"49.95","product_price_currency":"EUR","og_availability":"instock","product_availability":"instock","product_retailer_item_id":"1204004332","product_condition":"new"},"_links":{"self":[{"href":"https:\/\/najnaj.eu\/fr\/wp-json\/wp\/v2\/product\/150539","targetHints":{"allow":["GET"]}}],"collection":[{"href":"https:\/\/najnaj.eu\/fr\/wp-json\/wp\/v2\/product"}],"about":[{"href":"https:\/\/najnaj.eu\/fr\/wp-json\/wp\/v2\/types\/product"}],"replies":[{"embeddable":true,"href":"https:\/\/najnaj.eu\/fr\/wp-json\/wp\/v2\/comments?post=150539"}],"version-history":[{"count":0,"href":"https:\/\/najnaj.eu\/fr\/wp-json\/wp\/v2\/product\/150539\/revisions"}],"wp:featuredmedia":[{"embeddable":true,"href":"https:\/\/najnaj.eu\/fr\/wp-json\/wp\/v2\/media\/127060"}],"wp:attachment":[{"href":"https:\/\/najnaj.eu\/fr\/wp-json\/wp\/v2\/media?parent=150539"}],"wp:term":[{"taxonomy":"product_brand","embeddable":true,"href":"https:\/\/najnaj.eu\/fr\/wp-json\/wp\/v2\/product_brand?post=150539"},{"taxonomy":"product_cat","embeddable":true,"href":"https:\/\/najnaj.eu\/fr\/wp-json\/wp\/v2\/product_cat?post=150539"},{"taxonomy":"product_tag","embeddable":true,"href":"https:\/\/najnaj.eu\/fr\/wp-json\/wp\/v2\/product_tag?post=150539"}],"curies":[{"name":"wp","href":"https:\/\/api.w.org\/{rel}","templated":true}]}}