{"id":150538,"date":"2023-02-21T18:12:22","date_gmt":"2023-02-21T17:12:22","guid":{"rendered":"https:\/\/najnaj.hr\/proizvod\/lassig-organizator-za-auto-happy-prints-light-olive\/"},"modified":"2026-02-04T11:14:41","modified_gmt":"2026-02-04T10:14:41","slug":"lassig-organizator-za-auto-happy-prints-light-olive","status":"publish","type":"product","link":"https:\/\/najnaj.eu\/fr\/proizvod\/lassig-organizator-za-auto-happy-prints-light-olive\/","title":{"rendered":"L\u00e4ssig Organizator za auto Happy Prints light olive"},"content":{"rendered":"<p>Jednostavan, ali prilagodljiv dizajn: L\u00c4SSIG Organizator iz kolekcije Happy Prints impresionira svojim nenametljivim izgledom i ostavlja prostora za kreativnost. Ovaj organizator za naslon sjedi\u0161ta automobila idealan je suputnik za putovanja automobilom bez stresa, jer nudi dovoljno prostora i dodatne d\u017eepove za pohranu svega \u0161to va\u0161e dijete smatra neophodnim u vo\u017enji automobilom. Organizator je dizajniran za brzo pri\u010dvr\u0161\u0107ivanje na naslon bilo kojeg automobila u samo nekoliko jednostavnih koraka. Brojni funkcionalni pretinci za pohranu s kop\u010dama na \u010di\u010dak i kop\u010du imaju dovoljno prostora za pli\u0161ane igra\u010dke, obi\u010dne igra\u010dke, grickalice i vi\u0161e, tako da va\u0161e dijete ima sve svoje omiljene stvari na dohvat ruke na kra\u0107im i du\u017eim putovanjima Iznimno veliki pretinac (26 x 18,5 cm) u koji stane tablet, ima prakti\u010dan prozirni plasti\u010dni prozor tako da mla\u0111i putnici mogu gledati svoje omiljene crti\u0107e ili najnoviji dje\u010dji film. Slu\u0161alice se mogu prikladno objesiti na kukicu za pri\u010dvr\u0161\u0107ivanje. A ako se tijekom putovanja dogodi manja nezgoda s pi\u0107em ili grickalicama, to ne predstavlja ve\u0107i problem \u2013 vanjski materijal organizatora je vodoodbojan i lako se mo\u017ee obrisati<\/p>\n","protected":false},"excerpt":{"rendered":"<p>Organizator za auto iz kolekcije L\u00c4SSIG Happy Prints osigurava putovanja automobilom bez stresa. Brzo se pri\u010dvr\u0161\u0107uje na naslon sjedala, a brojni promi\u0161ljeno dizajnirani pretinci za pohranu osiguravaju da djeca imaju sve \u0161to im je potrebno nadohvat ruke tijekom vo\u017enje automobilom.<\/p>\n","protected":false},"featured_media":127055,"comment_status":"open","ping_status":"closed","template":"","meta":{"_acf_changed":false,"footnotes":""},"product_brand":[],"product_cat":[666,667,671],"product_tag":[],"class_list":{"0":"post-150538","1":"product","2":"type-product","3":"status-publish","4":"has-post-thumbnail","6":"product_cat-djecja-soba","7":"product_cat-djecja-sobica","8":"product_cat-organizatori-dodaci-za-autosjedalice","9":"pa_boja-zelena","10":"pa_brand-lassig","12":"first","13":"instock","14":"purchasable","15":"product-type-simple"},"bundled_by":[],"bundle_stock_status":"instock","bundle_stock_quantity":10,"bundle_virtual":false,"bundle_layout":"","bundle_add_to_cart_form_location":"","bundle_editable_in_cart":false,"bundle_sold_individually_context":"","bundle_item_grouping":"","bundle_min_size":"","bundle_max_size":"","bundle_price":[],"bundled_items":[],"bundle_sell_ids":[],"acf":[],"yoast_head":"<!-- This site is optimized with the Yoast SEO Premium plugin v21.5 (Yoast SEO v27.4) - https:\/\/yoast.com\/product\/yoast-seo-premium-wordpress\/ -->\n<title>L\u00e4ssig Organizator za auto Happy Prints light olive - NajNaj.eu<\/title>\n<meta name=\"robots\" content=\"index, follow, max-snippet:-1, max-image-preview:large, max-video-preview:-1\" \/>\n<link rel=\"canonical\" href=\"https:\/\/najnaj.eu\/fr\/proizvod\/lassig-organizator-za-auto-happy-prints-light-olive\/\" \/>\n<meta property=\"og:locale\" content=\"fr_FR\" \/>\n<meta property=\"og:type\" content=\"article\" \/>\n<meta property=\"og:title\" content=\"L\u00e4ssig Organizator za auto Happy Prints light olive\" \/>\n<meta property=\"og:description\" content=\"Organizator za auto iz kolekcije L\u00c4SSIG Happy Prints osigurava putovanja automobilom bez stresa. Brzo se pri\u010dvr\u0161\u0107uje na naslon sjedala, a brojni promi\u0161ljeno dizajnirani pretinci za pohranu osiguravaju da djeca imaju sve \u0161to im je potrebno nadohvat ruke tijekom vo\u017enje automobilom.\" \/>\n<meta property=\"og:url\" content=\"https:\/\/najnaj.eu\/fr\/proizvod\/lassig-organizator-za-auto-happy-prints-light-olive\/\" \/>\n<meta property=\"og:site_name\" content=\"NajNaj.eu\" \/>\n<meta property=\"article:publisher\" content=\"https:\/\/web.facebook.com\/najnaj.eu\/\" \/>\n<meta property=\"article:modified_time\" content=\"2026-02-04T10:14:41+00:00\" \/>\n<meta property=\"og:image\" content=\"https:\/\/najnaj.eu\/wp-content\/uploads\/2023\/08\/1204004581_1qsrJ5uEppCue6_600x600.jpg\" \/>\n\t<meta property=\"og:image:width\" content=\"600\" \/>\n\t<meta property=\"og:image:height\" content=\"600\" \/>\n\t<meta property=\"og:image:type\" content=\"image\/jpeg\" \/>\n<meta name=\"twitter:card\" content=\"summary_large_image\" \/>\n<meta name=\"twitter:label1\" content=\"Prix\" \/>\n\t<meta name=\"twitter:data1\" content=\"49,95&nbsp;&euro;\" \/>\n\t<meta name=\"twitter:label2\" content=\"Disponibilit\u00e9\" \/>\n\t<meta name=\"twitter:data2\" content=\"En stock\" \/>\n<script type=\"application\/ld+json\" class=\"yoast-schema-graph\">{\"@context\":\"https:\\\/\\\/schema.org\",\"@graph\":[{\"@type\":\"WebPage\",\"@id\":\"https:\\\/\\\/najnaj.eu\\\/fr\\\/proizvod\\\/lassig-organizator-za-auto-happy-prints-light-olive\\\/\",\"url\":\"https:\\\/\\\/najnaj.eu\\\/fr\\\/proizvod\\\/lassig-organizator-za-auto-happy-prints-light-olive\\\/\",\"name\":\"L\u00e4ssig Organizator za auto Happy Prints light olive - NajNaj.eu\",\"isPartOf\":{\"@id\":\"https:\\\/\\\/najnaj.eu\\\/fr\\\/#website\"},\"primaryImageOfPage\":{\"@id\":\"https:\\\/\\\/najnaj.eu\\\/fr\\\/proizvod\\\/lassig-organizator-za-auto-happy-prints-light-olive\\\/#primaryimage\"},\"image\":{\"@id\":\"https:\\\/\\\/najnaj.eu\\\/fr\\\/proizvod\\\/lassig-organizator-za-auto-happy-prints-light-olive\\\/#primaryimage\"},\"thumbnailUrl\":\"https:\\\/\\\/najnaj.eu\\\/wp-content\\\/uploads\\\/2023\\\/08\\\/1204004581_1qsrJ5uEppCue6_600x600.jpg\",\"datePublished\":\"2023-02-21T17:12:22+00:00\",\"dateModified\":\"2026-02-04T10:14:41+00:00\",\"breadcrumb\":{\"@id\":\"https:\\\/\\\/najnaj.eu\\\/fr\\\/proizvod\\\/lassig-organizator-za-auto-happy-prints-light-olive\\\/#breadcrumb\"},\"inLanguage\":\"fr-FR\",\"potentialAction\":[{\"@type\":\"ReadAction\",\"target\":[\"https:\\\/\\\/najnaj.eu\\\/fr\\\/proizvod\\\/lassig-organizator-za-auto-happy-prints-light-olive\\\/\"]}]},{\"@type\":\"ImageObject\",\"inLanguage\":\"fr-FR\",\"@id\":\"https:\\\/\\\/najnaj.eu\\\/fr\\\/proizvod\\\/lassig-organizator-za-auto-happy-prints-light-olive\\\/#primaryimage\",\"url\":\"https:\\\/\\\/najnaj.eu\\\/wp-content\\\/uploads\\\/2023\\\/08\\\/1204004581_1qsrJ5uEppCue6_600x600.jpg\",\"contentUrl\":\"https:\\\/\\\/najnaj.eu\\\/wp-content\\\/uploads\\\/2023\\\/08\\\/1204004581_1qsrJ5uEppCue6_600x600.jpg\",\"width\":600,\"height\":600},{\"@type\":\"BreadcrumbList\",\"@id\":\"https:\\\/\\\/najnaj.eu\\\/fr\\\/proizvod\\\/lassig-organizator-za-auto-happy-prints-light-olive\\\/#breadcrumb\",\"itemListElement\":[{\"@type\":\"ListItem\",\"position\":1,\"name\":\"Po\u010detna stranica\",\"item\":\"https:\\\/\\\/najnaj.eu\\\/fr\\\/\"},{\"@type\":\"ListItem\",\"position\":2,\"name\":\"Trgovina\",\"item\":\"https:\\\/\\\/najnaj.hr\\\/trgovina\\\/\"},{\"@type\":\"ListItem\",\"position\":3,\"name\":\"L\u00e4ssig Organizator za auto Happy Prints light olive\"}]},{\"@type\":\"WebSite\",\"@id\":\"https:\\\/\\\/najnaj.eu\\\/fr\\\/#website\",\"url\":\"https:\\\/\\\/najnaj.eu\\\/fr\\\/\",\"name\":\"NajNaj.eu\",\"description\":\"Za najva\u017enije!\",\"potentialAction\":[{\"@type\":\"SearchAction\",\"target\":{\"@type\":\"EntryPoint\",\"urlTemplate\":\"https:\\\/\\\/najnaj.eu\\\/fr\\\/?s={search_term_string}\"},\"query-input\":{\"@type\":\"PropertyValueSpecification\",\"valueRequired\":true,\"valueName\":\"search_term_string\"}}],\"inLanguage\":\"fr-FR\"}]}<\/script>\n<meta property=\"product:brand\" content=\"L\u00e4ssig\" \/>\n<meta property=\"product:price:amount\" content=\"49.95\" \/>\n<meta property=\"product:price:currency\" content=\"EUR\" \/>\n<meta property=\"og:availability\" content=\"instock\" \/>\n<meta property=\"product:availability\" content=\"instock\" \/>\n<meta property=\"product:retailer_item_id\" content=\"1204004581\" \/>\n<meta property=\"product:condition\" content=\"new\" \/>\n<!-- \/ Yoast SEO Premium plugin. -->","yoast_head_json":{"title":"L\u00e4ssig Organizator za auto Happy Prints light olive - NajNaj.eu","robots":{"index":"index","follow":"follow","max-snippet":"max-snippet:-1","max-image-preview":"max-image-preview:large","max-video-preview":"max-video-preview:-1"},"canonical":"https:\/\/najnaj.eu\/fr\/proizvod\/lassig-organizator-za-auto-happy-prints-light-olive\/","og_locale":"fr_FR","og_type":"article","og_title":"L\u00e4ssig Organizator za auto Happy Prints light olive","og_description":"Organizator za auto iz kolekcije L\u00c4SSIG Happy Prints osigurava putovanja automobilom bez stresa. Brzo se pri\u010dvr\u0161\u0107uje na naslon sjedala, a brojni promi\u0161ljeno dizajnirani pretinci za pohranu osiguravaju da djeca imaju sve \u0161to im je potrebno nadohvat ruke tijekom vo\u017enje automobilom.","og_url":"https:\/\/najnaj.eu\/fr\/proizvod\/lassig-organizator-za-auto-happy-prints-light-olive\/","og_site_name":"NajNaj.eu","article_publisher":"https:\/\/web.facebook.com\/najnaj.eu\/","article_modified_time":"2026-02-04T10:14:41+00:00","og_image":[{"width":600,"height":600,"url":"https:\/\/najnaj.eu\/wp-content\/uploads\/2023\/08\/1204004581_1qsrJ5uEppCue6_600x600.jpg","type":"image\/jpeg"}],"twitter_card":"summary_large_image","twitter_misc":{"Prix":"49,95&nbsp;&euro;","Disponibilit\u00e9":"En stock"},"schema":{"@context":"https:\/\/schema.org","@graph":[{"@type":"WebPage","@id":"https:\/\/najnaj.eu\/fr\/proizvod\/lassig-organizator-za-auto-happy-prints-light-olive\/","url":"https:\/\/najnaj.eu\/fr\/proizvod\/lassig-organizator-za-auto-happy-prints-light-olive\/","name":"L\u00e4ssig Organizator za auto Happy Prints light olive - NajNaj.eu","isPartOf":{"@id":"https:\/\/najnaj.eu\/fr\/#website"},"primaryImageOfPage":{"@id":"https:\/\/najnaj.eu\/fr\/proizvod\/lassig-organizator-za-auto-happy-prints-light-olive\/#primaryimage"},"image":{"@id":"https:\/\/najnaj.eu\/fr\/proizvod\/lassig-organizator-za-auto-happy-prints-light-olive\/#primaryimage"},"thumbnailUrl":"https:\/\/najnaj.eu\/wp-content\/uploads\/2023\/08\/1204004581_1qsrJ5uEppCue6_600x600.jpg","datePublished":"2023-02-21T17:12:22+00:00","dateModified":"2026-02-04T10:14:41+00:00","breadcrumb":{"@id":"https:\/\/najnaj.eu\/fr\/proizvod\/lassig-organizator-za-auto-happy-prints-light-olive\/#breadcrumb"},"inLanguage":"fr-FR","potentialAction":[{"@type":"ReadAction","target":["https:\/\/najnaj.eu\/fr\/proizvod\/lassig-organizator-za-auto-happy-prints-light-olive\/"]}]},{"@type":"ImageObject","inLanguage":"fr-FR","@id":"https:\/\/najnaj.eu\/fr\/proizvod\/lassig-organizator-za-auto-happy-prints-light-olive\/#primaryimage","url":"https:\/\/najnaj.eu\/wp-content\/uploads\/2023\/08\/1204004581_1qsrJ5uEppCue6_600x600.jpg","contentUrl":"https:\/\/najnaj.eu\/wp-content\/uploads\/2023\/08\/1204004581_1qsrJ5uEppCue6_600x600.jpg","width":600,"height":600},{"@type":"BreadcrumbList","@id":"https:\/\/najnaj.eu\/fr\/proizvod\/lassig-organizator-za-auto-happy-prints-light-olive\/#breadcrumb","itemListElement":[{"@type":"ListItem","position":1,"name":"Po\u010detna stranica","item":"https:\/\/najnaj.eu\/fr\/"},{"@type":"ListItem","position":2,"name":"Trgovina","item":"https:\/\/najnaj.hr\/trgovina\/"},{"@type":"ListItem","position":3,"name":"L\u00e4ssig Organizator za auto Happy Prints light olive"}]},{"@type":"WebSite","@id":"https:\/\/najnaj.eu\/fr\/#website","url":"https:\/\/najnaj.eu\/fr\/","name":"NajNaj.eu","description":"Za najva\u017enije!","potentialAction":[{"@type":"SearchAction","target":{"@type":"EntryPoint","urlTemplate":"https:\/\/najnaj.eu\/fr\/?s={search_term_string}"},"query-input":{"@type":"PropertyValueSpecification","valueRequired":true,"valueName":"search_term_string"}}],"inLanguage":"fr-FR"}]},"product_brand":"L\u00e4ssig","product_price_amount":"49.95","product_price_currency":"EUR","og_availability":"instock","product_availability":"instock","product_retailer_item_id":"1204004581","product_condition":"new"},"_links":{"self":[{"href":"https:\/\/najnaj.eu\/fr\/wp-json\/wp\/v2\/product\/150538","targetHints":{"allow":["GET"]}}],"collection":[{"href":"https:\/\/najnaj.eu\/fr\/wp-json\/wp\/v2\/product"}],"about":[{"href":"https:\/\/najnaj.eu\/fr\/wp-json\/wp\/v2\/types\/product"}],"replies":[{"embeddable":true,"href":"https:\/\/najnaj.eu\/fr\/wp-json\/wp\/v2\/comments?post=150538"}],"version-history":[{"count":0,"href":"https:\/\/najnaj.eu\/fr\/wp-json\/wp\/v2\/product\/150538\/revisions"}],"wp:featuredmedia":[{"embeddable":true,"href":"https:\/\/najnaj.eu\/fr\/wp-json\/wp\/v2\/media\/127055"}],"wp:attachment":[{"href":"https:\/\/najnaj.eu\/fr\/wp-json\/wp\/v2\/media?parent=150538"}],"wp:term":[{"taxonomy":"product_brand","embeddable":true,"href":"https:\/\/najnaj.eu\/fr\/wp-json\/wp\/v2\/product_brand?post=150538"},{"taxonomy":"product_cat","embeddable":true,"href":"https:\/\/najnaj.eu\/fr\/wp-json\/wp\/v2\/product_cat?post=150538"},{"taxonomy":"product_tag","embeddable":true,"href":"https:\/\/najnaj.eu\/fr\/wp-json\/wp\/v2\/product_tag?post=150538"}],"curies":[{"name":"wp","href":"https:\/\/api.w.org\/{rel}","templated":true}]}}