{"id":150523,"date":"2023-09-21T10:27:02","date_gmt":"2023-09-21T08:27:02","guid":{"rendered":"https:\/\/najnaj.hr\/proizvod\/carriwell-udobne-potporne-tajice-reciklirane-crne\/"},"modified":"2026-04-15T15:00:07","modified_gmt":"2026-04-15T13:00:07","slug":"carriwell-besavne-potporne-tajice-za-trudnice","status":"publish","type":"product","link":"https:\/\/najnaj.eu\/fr\/proizvod\/carriwell-besavne-potporne-tajice-za-trudnice\/","title":{"rendered":"Carriwell Be\u0161avne potporne tajice za trudnice"},"content":{"rendered":"<p>Izra\u0111ene od rastezljive tkanine koja nije samo svilenkasto mekana nego i prozra\u010dna, ove tajice idealne su za va\u0161u osjetljivu ko\u017eu. Glatka tekstura i nje\u017ena tkanina pru\u017eaju luksuzan osje\u0107aj, \u0161to ih \u010dini savr\u0161enim za svakodnevno no\u0161enje.<\/p>\n<p>Klju\u010dna zna\u010dajka ovih tajica je ugra\u0111ena potpora ispod trbuha. Ovaj inovativni dizajn nudi mekan i podupiru\u0107i zagrljaj va\u0161em rastu\u0107em trbuhu, pru\u017eaju\u0107i potrebnu potporu za cjelodnevnu upotrebu. Recite zbogom nelagodi i pozdravite dobro poduprt trudni\u010dki trbuh.<\/p>\n<p>Ne samo da ove tajice pru\u017eaju potporu, ve\u0107 nude i olak\u0161anje. Trbu\u0161na podr\u0161ka koju nude mo\u017ee pomo\u0107i u ubla\u017eavanju laganih bolova u le\u0111ima koji su \u010desti tijekom trudno\u0107e. U\u017eivajte u osje\u0107aju olak\u0161anja i lako\u0107e dok obavljate svoje dnevne aktivnosti.<\/p>\n<p>S obzirom na osjetljivost va\u0161e ko\u017ee tijekom trudno\u0107e, Carriwell tajice za trudnice izra\u0111ene su od svilenkasto meke tkanine. To osigurava da va\u0161a ko\u017ea ostane ugodna i bez iritacija, \u010dak i tijekom duljih razdoblja no\u0161enja.<\/p>\n<p>Prihvatite udobnost, potporu i meko\u0107u koju nude ove tajice. Bilo da obavljate poslove, idete na dogovorene sastanke ili se jednostavno opu\u0161tate kod ku\u0107e, ove tajice bit \u0107e va\u0161 pravi pratilac tijekom trudno\u0107e.<\/p>\n<p>Prepustite se vrhunskoj kombinaciji udobnosti i funkcionalnosti uz Carriwell tajice za trudnice. Pouzdajte se u njihovu kvalitetnu izradu i u\u017eivajte u bla\u017eenoj podr\u0161ci koju vam pru\u017eaju, osiguravaju\u0107i da se mo\u017eete usredoto\u010diti na radosti trudno\u0107e dok se osje\u0107ate apsolutno najbolje.<\/p>\n<p>&nbsp;<\/p>\n","protected":false},"excerpt":{"rendered":"<ul>\n<li>rastezljive, mekane i prozra\u010dne<\/li>\n<li>idealne za osjetljivu ko\u017eu<\/li>\n<li>potpora za trbuh i le\u0111a<\/li>\n<li>za svakodnevno no\u0161enje<\/li>\n<\/ul>\n<p>&nbsp;<\/p>\n","protected":false},"featured_media":299455,"comment_status":"open","ping_status":"closed","template":"","meta":{"_acf_changed":false,"footnotes":""},"product_brand":[],"product_cat":[754,562,675],"product_tag":[2104,2271],"class_list":{"0":"post-150523","1":"product","2":"type-product","3":"status-publish","4":"has-post-thumbnail","6":"product_cat-tajice","7":"product_cat-za-mamu","8":"product_cat-za-trudnice","9":"product_tag-mum-to-be","10":"product_tag-zima","11":"pa_boja-crna","12":"pa_brand-carriwell","14":"first","15":"instock","16":"purchasable","17":"product-type-variable"},"bundled_by":[],"bundle_stock_status":"instock","bundle_stock_quantity":1,"bundle_virtual":false,"bundle_layout":"","bundle_add_to_cart_form_location":"","bundle_editable_in_cart":false,"bundle_sold_individually_context":"","bundle_item_grouping":"","bundle_min_size":"","bundle_max_size":"","bundle_price":[],"bundled_items":[],"bundle_sell_ids":[],"acf":[],"yoast_head":"<!-- This site is optimized with the Yoast SEO Premium plugin v21.5 (Yoast SEO v27.4) - https:\/\/yoast.com\/product\/yoast-seo-premium-wordpress\/ -->\n<title>Carriwell Be\u0161avne potporne tajice za trudnice - NajNaj.eu<\/title>\n<meta name=\"robots\" content=\"index, follow, max-snippet:-1, max-image-preview:large, max-video-preview:-1\" \/>\n<link rel=\"canonical\" href=\"https:\/\/najnaj.eu\/fr\/proizvod\/carriwell-besavne-potporne-tajice-za-trudnice\/\" \/>\n<meta property=\"og:locale\" content=\"fr_FR\" \/>\n<meta property=\"og:type\" content=\"article\" \/>\n<meta property=\"og:title\" content=\"Carriwell Be\u0161avne potporne tajice za trudnice\" \/>\n<meta property=\"og:description\" content=\"rastezljive, mekane i prozra\u010dne  idealne za osjetljivu ko\u017eu  potpora za trbuh i le\u0111a  za svakodnevno no\u0161enje  &nbsp;\" \/>\n<meta property=\"og:url\" content=\"https:\/\/najnaj.eu\/fr\/proizvod\/carriwell-besavne-potporne-tajice-za-trudnice\/\" \/>\n<meta property=\"og:site_name\" content=\"NajNaj.eu\" \/>\n<meta property=\"article:publisher\" content=\"https:\/\/web.facebook.com\/najnaj.eu\/\" \/>\n<meta property=\"article:modified_time\" content=\"2026-04-15T13:00:07+00:00\" \/>\n<meta property=\"og:image\" content=\"https:\/\/najnaj.eu\/wp-content\/uploads\/2023\/09\/4900_Seamless-Maternity-Support-Leggings_Web_v07.jpg\" \/>\n\t<meta property=\"og:image:width\" content=\"1000\" \/>\n\t<meta property=\"og:image:height\" content=\"1250\" \/>\n\t<meta property=\"og:image:type\" content=\"image\/jpeg\" \/>\n<meta name=\"twitter:card\" content=\"summary_large_image\" \/>\n<meta name=\"twitter:label1\" content=\"Disponibilit\u00e9\" \/>\n\t<meta name=\"twitter:data1\" content=\"En stock\" \/>\n<script type=\"application\/ld+json\" class=\"yoast-schema-graph\">{\"@context\":\"https:\\\/\\\/schema.org\",\"@graph\":[{\"@type\":\"WebPage\",\"@id\":\"https:\\\/\\\/najnaj.eu\\\/fr\\\/proizvod\\\/carriwell-besavne-potporne-tajice-za-trudnice\\\/\",\"url\":\"https:\\\/\\\/najnaj.eu\\\/fr\\\/proizvod\\\/carriwell-besavne-potporne-tajice-za-trudnice\\\/\",\"name\":\"Carriwell Be\u0161avne potporne tajice za trudnice - NajNaj.eu\",\"isPartOf\":{\"@id\":\"https:\\\/\\\/najnaj.eu\\\/fr\\\/#website\"},\"primaryImageOfPage\":{\"@id\":\"https:\\\/\\\/najnaj.eu\\\/fr\\\/proizvod\\\/carriwell-besavne-potporne-tajice-za-trudnice\\\/#primaryimage\"},\"image\":{\"@id\":\"https:\\\/\\\/najnaj.eu\\\/fr\\\/proizvod\\\/carriwell-besavne-potporne-tajice-za-trudnice\\\/#primaryimage\"},\"thumbnailUrl\":\"https:\\\/\\\/najnaj.eu\\\/wp-content\\\/uploads\\\/2023\\\/09\\\/4900_Seamless-Maternity-Support-Leggings_Web_v07.jpg\",\"datePublished\":\"2023-09-21T08:27:02+00:00\",\"dateModified\":\"2026-04-15T13:00:07+00:00\",\"breadcrumb\":{\"@id\":\"https:\\\/\\\/najnaj.eu\\\/fr\\\/proizvod\\\/carriwell-besavne-potporne-tajice-za-trudnice\\\/#breadcrumb\"},\"inLanguage\":\"fr-FR\",\"potentialAction\":[{\"@type\":\"ReadAction\",\"target\":[\"https:\\\/\\\/najnaj.eu\\\/fr\\\/proizvod\\\/carriwell-besavne-potporne-tajice-za-trudnice\\\/\"]}]},{\"@type\":\"ImageObject\",\"inLanguage\":\"fr-FR\",\"@id\":\"https:\\\/\\\/najnaj.eu\\\/fr\\\/proizvod\\\/carriwell-besavne-potporne-tajice-za-trudnice\\\/#primaryimage\",\"url\":\"https:\\\/\\\/najnaj.eu\\\/wp-content\\\/uploads\\\/2023\\\/09\\\/4900_Seamless-Maternity-Support-Leggings_Web_v07.jpg\",\"contentUrl\":\"https:\\\/\\\/najnaj.eu\\\/wp-content\\\/uploads\\\/2023\\\/09\\\/4900_Seamless-Maternity-Support-Leggings_Web_v07.jpg\",\"width\":1000,\"height\":1250},{\"@type\":\"BreadcrumbList\",\"@id\":\"https:\\\/\\\/najnaj.eu\\\/fr\\\/proizvod\\\/carriwell-besavne-potporne-tajice-za-trudnice\\\/#breadcrumb\",\"itemListElement\":[{\"@type\":\"ListItem\",\"position\":1,\"name\":\"Po\u010detna stranica\",\"item\":\"https:\\\/\\\/najnaj.eu\\\/fr\\\/\"},{\"@type\":\"ListItem\",\"position\":2,\"name\":\"Trgovina\",\"item\":\"https:\\\/\\\/najnaj.hr\\\/trgovina\\\/\"},{\"@type\":\"ListItem\",\"position\":3,\"name\":\"Carriwell Be\u0161avne potporne tajice za trudnice\"}]},{\"@type\":\"WebSite\",\"@id\":\"https:\\\/\\\/najnaj.eu\\\/fr\\\/#website\",\"url\":\"https:\\\/\\\/najnaj.eu\\\/fr\\\/\",\"name\":\"NajNaj.eu\",\"description\":\"Za najva\u017enije!\",\"potentialAction\":[{\"@type\":\"SearchAction\",\"target\":{\"@type\":\"EntryPoint\",\"urlTemplate\":\"https:\\\/\\\/najnaj.eu\\\/fr\\\/?s={search_term_string}\"},\"query-input\":{\"@type\":\"PropertyValueSpecification\",\"valueRequired\":true,\"valueName\":\"search_term_string\"}}],\"inLanguage\":\"fr-FR\"}]}<\/script>\n<meta property=\"product:brand\" content=\"Carriwell\" \/>\n<meta property=\"og:availability\" content=\"instock\" \/>\n<meta property=\"product:availability\" content=\"instock\" \/>\n<meta property=\"product:retailer_item_id\" content=\"CW4920N\" \/>\n<meta property=\"product:condition\" content=\"new\" \/>\n<!-- \/ Yoast SEO Premium plugin. -->","yoast_head_json":{"title":"Carriwell Be\u0161avne potporne tajice za trudnice - NajNaj.eu","robots":{"index":"index","follow":"follow","max-snippet":"max-snippet:-1","max-image-preview":"max-image-preview:large","max-video-preview":"max-video-preview:-1"},"canonical":"https:\/\/najnaj.eu\/fr\/proizvod\/carriwell-besavne-potporne-tajice-za-trudnice\/","og_locale":"fr_FR","og_type":"article","og_title":"Carriwell Be\u0161avne potporne tajice za trudnice","og_description":"rastezljive, mekane i prozra\u010dne  idealne za osjetljivu ko\u017eu  potpora za trbuh i le\u0111a  za svakodnevno no\u0161enje  &nbsp;","og_url":"https:\/\/najnaj.eu\/fr\/proizvod\/carriwell-besavne-potporne-tajice-za-trudnice\/","og_site_name":"NajNaj.eu","article_publisher":"https:\/\/web.facebook.com\/najnaj.eu\/","article_modified_time":"2026-04-15T13:00:07+00:00","og_image":[{"width":1000,"height":1250,"url":"https:\/\/najnaj.eu\/wp-content\/uploads\/2023\/09\/4900_Seamless-Maternity-Support-Leggings_Web_v07.jpg","type":"image\/jpeg"}],"twitter_card":"summary_large_image","twitter_misc":{"Disponibilit\u00e9":"En stock"},"schema":{"@context":"https:\/\/schema.org","@graph":[{"@type":"WebPage","@id":"https:\/\/najnaj.eu\/fr\/proizvod\/carriwell-besavne-potporne-tajice-za-trudnice\/","url":"https:\/\/najnaj.eu\/fr\/proizvod\/carriwell-besavne-potporne-tajice-za-trudnice\/","name":"Carriwell Be\u0161avne potporne tajice za trudnice - NajNaj.eu","isPartOf":{"@id":"https:\/\/najnaj.eu\/fr\/#website"},"primaryImageOfPage":{"@id":"https:\/\/najnaj.eu\/fr\/proizvod\/carriwell-besavne-potporne-tajice-za-trudnice\/#primaryimage"},"image":{"@id":"https:\/\/najnaj.eu\/fr\/proizvod\/carriwell-besavne-potporne-tajice-za-trudnice\/#primaryimage"},"thumbnailUrl":"https:\/\/najnaj.eu\/wp-content\/uploads\/2023\/09\/4900_Seamless-Maternity-Support-Leggings_Web_v07.jpg","datePublished":"2023-09-21T08:27:02+00:00","dateModified":"2026-04-15T13:00:07+00:00","breadcrumb":{"@id":"https:\/\/najnaj.eu\/fr\/proizvod\/carriwell-besavne-potporne-tajice-za-trudnice\/#breadcrumb"},"inLanguage":"fr-FR","potentialAction":[{"@type":"ReadAction","target":["https:\/\/najnaj.eu\/fr\/proizvod\/carriwell-besavne-potporne-tajice-za-trudnice\/"]}]},{"@type":"ImageObject","inLanguage":"fr-FR","@id":"https:\/\/najnaj.eu\/fr\/proizvod\/carriwell-besavne-potporne-tajice-za-trudnice\/#primaryimage","url":"https:\/\/najnaj.eu\/wp-content\/uploads\/2023\/09\/4900_Seamless-Maternity-Support-Leggings_Web_v07.jpg","contentUrl":"https:\/\/najnaj.eu\/wp-content\/uploads\/2023\/09\/4900_Seamless-Maternity-Support-Leggings_Web_v07.jpg","width":1000,"height":1250},{"@type":"BreadcrumbList","@id":"https:\/\/najnaj.eu\/fr\/proizvod\/carriwell-besavne-potporne-tajice-za-trudnice\/#breadcrumb","itemListElement":[{"@type":"ListItem","position":1,"name":"Po\u010detna stranica","item":"https:\/\/najnaj.eu\/fr\/"},{"@type":"ListItem","position":2,"name":"Trgovina","item":"https:\/\/najnaj.hr\/trgovina\/"},{"@type":"ListItem","position":3,"name":"Carriwell Be\u0161avne potporne tajice za trudnice"}]},{"@type":"WebSite","@id":"https:\/\/najnaj.eu\/fr\/#website","url":"https:\/\/najnaj.eu\/fr\/","name":"NajNaj.eu","description":"Za najva\u017enije!","potentialAction":[{"@type":"SearchAction","target":{"@type":"EntryPoint","urlTemplate":"https:\/\/najnaj.eu\/fr\/?s={search_term_string}"},"query-input":{"@type":"PropertyValueSpecification","valueRequired":true,"valueName":"search_term_string"}}],"inLanguage":"fr-FR"}]},"product_brand":"Carriwell","og_availability":"instock","product_availability":"instock","product_retailer_item_id":"CW4920N","product_condition":"new"},"_links":{"self":[{"href":"https:\/\/najnaj.eu\/fr\/wp-json\/wp\/v2\/product\/150523","targetHints":{"allow":["GET"]}}],"collection":[{"href":"https:\/\/najnaj.eu\/fr\/wp-json\/wp\/v2\/product"}],"about":[{"href":"https:\/\/najnaj.eu\/fr\/wp-json\/wp\/v2\/types\/product"}],"replies":[{"embeddable":true,"href":"https:\/\/najnaj.eu\/fr\/wp-json\/wp\/v2\/comments?post=150523"}],"version-history":[{"count":0,"href":"https:\/\/najnaj.eu\/fr\/wp-json\/wp\/v2\/product\/150523\/revisions"}],"wp:featuredmedia":[{"embeddable":true,"href":"https:\/\/najnaj.eu\/fr\/wp-json\/wp\/v2\/media\/299455"}],"wp:attachment":[{"href":"https:\/\/najnaj.eu\/fr\/wp-json\/wp\/v2\/media?parent=150523"}],"wp:term":[{"taxonomy":"product_brand","embeddable":true,"href":"https:\/\/najnaj.eu\/fr\/wp-json\/wp\/v2\/product_brand?post=150523"},{"taxonomy":"product_cat","embeddable":true,"href":"https:\/\/najnaj.eu\/fr\/wp-json\/wp\/v2\/product_cat?post=150523"},{"taxonomy":"product_tag","embeddable":true,"href":"https:\/\/najnaj.eu\/fr\/wp-json\/wp\/v2\/product_tag?post=150523"}],"curies":[{"name":"wp","href":"https:\/\/api.w.org\/{rel}","templated":true}]}}