{"id":150516,"date":"2023-08-19T13:13:22","date_gmt":"2023-08-19T11:13:22","guid":{"rendered":"https:\/\/najnaj.hr\/proizvod\/b-box-sippy-cup-bocica-sa-slamkom-glow-in-the-dark\/"},"modified":"2026-04-14T23:01:45","modified_gmt":"2026-04-14T21:01:45","slug":"b-box-sippy-cup-bocica-sa-slamkom-glow-in-the-dark","status":"publish","type":"product","link":"https:\/\/najnaj.eu\/fr\/proizvod\/b-box-sippy-cup-bocica-sa-slamkom-glow-in-the-dark\/","title":{"rendered":"b.box Sippy cup bo\u010dica sa slamkom &#8211; glow in the dark"},"content":{"rendered":"<p>Na\u0161a nagra\u0111ivana Sippy cup bo\u010dica u sebi ima slamku s ute\u017ei\u0107em koji ju pomi\u010de zajedno s teku\u0107inom, tako da je mogu\u0107e otpiti pod bilo kojim kutem. Ova nova slamka ima ventil za oba smjera \u0161to omogu\u0107ava lako otpijanje teku\u0107ine, bez curenja, \u010dak i kad je topla voda u bo\u010dici.<br \/>\nOvaj inovativan dizajn slamke omogu\u0107uje da djeca popiju vodu do zadnje kapi. Mogu\u0107e je piti i u le\u017ee\u0107em polo\u017eaju.<br \/>\nSavr\u0161ena bo\u010dica za doma i za izlaske. Poti\u010de samostalnost jednostavnim otvaranjem i ru\u010dkicama za dr\u017eanje.<br \/>\nDostupna u raznim boja, elegantnog mat izgleda.<\/p>\n<p><span class=\"selectable-text copyable-text false\">b.box<\/span><span class=\"selectable-text copyable-text false\"> Sippy cup slam\u010dice napravljene su od posebne vrste netoksi\u010dnog mekanog silikona koji nije \u0161tetan ako ga beba grize i ne mo\u017ee se ozlijediti. S obzirom da \u010desto ostaje vla\u017ean, djeca ga grickaju te se savija u\u010destalim otvaranjem i zatvaranjem, nakon nekog vremena puca. \u010cak i ako slamka ne pukne, potrebno ju je potrebno zamijeniti iz higijenskih razloga. Zato u ponudi imamo i zamjenske slamke! Ovisno o u\u010destalosti kori\u0161tenja, teku\u0107inama koje stavljaju u bo\u010dicu i samim navikama pijenja bebe, o\u010dekivano vrijeme trajanja slamke je oko 2-4 mjeseca.<\/span><\/p>\n","protected":false},"excerpt":{"rendered":"<p>&gt; od 6 mj.<br \/>\n&gt; Slamka s ute\u017ei\u0107em pomi\u010de se zajedno s teku\u0107inom, pod bilo kojim kutem<br \/>\n&gt; Jedinstveni dvostrani ventil za lak\u0161e ispijanje, bez curenja<br \/>\n&gt; Mo\u017ee se koristiti i za toplu vodu<br \/>\n&gt; Jednostavno klizno otvaranje<br \/>\n&gt; Ru\u010dke omogu\u0107uju jednostavan hvat<br \/>\n&gt; Perivo u perilici posu\u0111a<br \/>\n&gt; Dostupna zamjenska slamka i \u010detkica za \u010di\u0161\u0107enje (prodaje se odvojeno)<br \/>\n&gt; Dimenzije: 15 x 12 x7,5 cm<br \/>\n&gt; Kapacitet: 240 ml<\/p>\n","protected":false},"featured_media":268316,"comment_status":"open","ping_status":"closed","template":"","meta":{"_acf_changed":false,"footnotes":""},"product_brand":[],"product_cat":[654,577,622],"product_tag":[],"class_list":{"0":"post-150516","1":"product","2":"type-product","3":"status-publish","4":"has-post-thumbnail","6":"product_cat-boce-za-vodu","7":"product_cat-hranjenje","8":"product_cat-posude","9":"pa_boja-bijela","10":"pa_boja-zelena","11":"pa_brand-b-box","12":"pa_vrsta-posuda-bocice-za-vodu","14":"first","15":"instock","16":"purchasable","17":"product-type-simple"},"bundled_by":["268268"],"bundle_stock_status":"instock","bundle_stock_quantity":15,"bundle_virtual":false,"bundle_layout":"","bundle_add_to_cart_form_location":"","bundle_editable_in_cart":false,"bundle_sold_individually_context":"","bundle_item_grouping":"","bundle_min_size":"","bundle_max_size":"","bundle_price":[],"bundled_items":[],"bundle_sell_ids":[],"acf":[],"yoast_head":"<!-- This site is optimized with the Yoast SEO Premium plugin v21.5 (Yoast SEO v27.4) - https:\/\/yoast.com\/product\/yoast-seo-premium-wordpress\/ -->\n<title>b.box Sippy cup bo\u010dica sa slamkom - glow in the dark - NajNaj.eu<\/title>\n<meta name=\"robots\" content=\"index, follow, max-snippet:-1, max-image-preview:large, max-video-preview:-1\" \/>\n<link rel=\"canonical\" href=\"https:\/\/najnaj.eu\/fr\/proizvod\/b-box-sippy-cup-bocica-sa-slamkom-glow-in-the-dark\/\" \/>\n<meta property=\"og:locale\" content=\"fr_FR\" \/>\n<meta property=\"og:type\" content=\"article\" \/>\n<meta property=\"og:title\" content=\"b.box Sippy cup bo\u010dica sa slamkom - glow in the dark\" \/>\n<meta property=\"og:description\" content=\"&gt; od 6 mj. &gt; Slamka s ute\u017ei\u0107em pomi\u010de se zajedno s teku\u0107inom, pod bilo kojim kutem &gt; Jedinstveni dvostrani ventil za lak\u0161e ispijanje, bez curenja &gt; Mo\u017ee se koristiti i za toplu vodu &gt; Jednostavno klizno otvaranje &gt; Ru\u010dke omogu\u0107uju jednostavan hvat &gt; Perivo u perilici posu\u0111a &gt; Dostupna zamjenska slamka i \u010detkica za \u010di\u0161\u0107enje (prodaje se odvojeno) &gt; Dimenzije: 15 x 12 x7,5 cm &gt; Kapacitet: 240 ml\" \/>\n<meta property=\"og:url\" content=\"https:\/\/najnaj.eu\/fr\/proizvod\/b-box-sippy-cup-bocica-sa-slamkom-glow-in-the-dark\/\" \/>\n<meta property=\"og:site_name\" content=\"NajNaj.eu\" \/>\n<meta property=\"article:publisher\" content=\"https:\/\/web.facebook.com\/najnaj.eu\/\" \/>\n<meta property=\"article:modified_time\" content=\"2026-04-14T21:01:45+00:00\" \/>\n<meta property=\"og:image\" content=\"https:\/\/najnaj.eu\/wp-content\/uploads\/2023\/08\/Sippy-Cup-Starter-set-Glow-4-1.jpg\" \/>\n\t<meta property=\"og:image:width\" content=\"1080\" \/>\n\t<meta property=\"og:image:height\" content=\"1080\" \/>\n\t<meta property=\"og:image:type\" content=\"image\/jpeg\" \/>\n<meta name=\"twitter:card\" content=\"summary_large_image\" \/>\n<meta name=\"twitter:label1\" content=\"Prix\" \/>\n\t<meta name=\"twitter:data1\" content=\"14,99&nbsp;&euro;\" \/>\n\t<meta name=\"twitter:label2\" content=\"Disponibilit\u00e9\" \/>\n\t<meta name=\"twitter:data2\" content=\"En stock\" \/>\n<script type=\"application\/ld+json\" class=\"yoast-schema-graph\">{\"@context\":\"https:\\\/\\\/schema.org\",\"@graph\":[{\"@type\":\"WebPage\",\"@id\":\"https:\\\/\\\/najnaj.eu\\\/fr\\\/proizvod\\\/b-box-sippy-cup-bocica-sa-slamkom-glow-in-the-dark\\\/\",\"url\":\"https:\\\/\\\/najnaj.eu\\\/fr\\\/proizvod\\\/b-box-sippy-cup-bocica-sa-slamkom-glow-in-the-dark\\\/\",\"name\":\"b.box Sippy cup bo\u010dica sa slamkom - glow in the dark - NajNaj.eu\",\"isPartOf\":{\"@id\":\"https:\\\/\\\/najnaj.eu\\\/fr\\\/#website\"},\"primaryImageOfPage\":{\"@id\":\"https:\\\/\\\/najnaj.eu\\\/fr\\\/proizvod\\\/b-box-sippy-cup-bocica-sa-slamkom-glow-in-the-dark\\\/#primaryimage\"},\"image\":{\"@id\":\"https:\\\/\\\/najnaj.eu\\\/fr\\\/proizvod\\\/b-box-sippy-cup-bocica-sa-slamkom-glow-in-the-dark\\\/#primaryimage\"},\"thumbnailUrl\":\"https:\\\/\\\/najnaj.eu\\\/wp-content\\\/uploads\\\/2023\\\/08\\\/Sippy-Cup-Starter-set-Glow-4-1.jpg\",\"datePublished\":\"2023-08-19T11:13:22+00:00\",\"dateModified\":\"2026-04-14T21:01:45+00:00\",\"breadcrumb\":{\"@id\":\"https:\\\/\\\/najnaj.eu\\\/fr\\\/proizvod\\\/b-box-sippy-cup-bocica-sa-slamkom-glow-in-the-dark\\\/#breadcrumb\"},\"inLanguage\":\"fr-FR\",\"potentialAction\":[{\"@type\":\"ReadAction\",\"target\":[\"https:\\\/\\\/najnaj.eu\\\/fr\\\/proizvod\\\/b-box-sippy-cup-bocica-sa-slamkom-glow-in-the-dark\\\/\"]}]},{\"@type\":\"ImageObject\",\"inLanguage\":\"fr-FR\",\"@id\":\"https:\\\/\\\/najnaj.eu\\\/fr\\\/proizvod\\\/b-box-sippy-cup-bocica-sa-slamkom-glow-in-the-dark\\\/#primaryimage\",\"url\":\"https:\\\/\\\/najnaj.eu\\\/wp-content\\\/uploads\\\/2023\\\/08\\\/Sippy-Cup-Starter-set-Glow-4-1.jpg\",\"contentUrl\":\"https:\\\/\\\/najnaj.eu\\\/wp-content\\\/uploads\\\/2023\\\/08\\\/Sippy-Cup-Starter-set-Glow-4-1.jpg\",\"width\":1080,\"height\":1080},{\"@type\":\"BreadcrumbList\",\"@id\":\"https:\\\/\\\/najnaj.eu\\\/fr\\\/proizvod\\\/b-box-sippy-cup-bocica-sa-slamkom-glow-in-the-dark\\\/#breadcrumb\",\"itemListElement\":[{\"@type\":\"ListItem\",\"position\":1,\"name\":\"Po\u010detna stranica\",\"item\":\"https:\\\/\\\/najnaj.eu\\\/fr\\\/\"},{\"@type\":\"ListItem\",\"position\":2,\"name\":\"Trgovina\",\"item\":\"https:\\\/\\\/najnaj.hr\\\/trgovina\\\/\"},{\"@type\":\"ListItem\",\"position\":3,\"name\":\"b.box Sippy cup bo\u010dica sa slamkom &#8211; glow in the dark\"}]},{\"@type\":\"WebSite\",\"@id\":\"https:\\\/\\\/najnaj.eu\\\/fr\\\/#website\",\"url\":\"https:\\\/\\\/najnaj.eu\\\/fr\\\/\",\"name\":\"NajNaj.eu\",\"description\":\"Za najva\u017enije!\",\"potentialAction\":[{\"@type\":\"SearchAction\",\"target\":{\"@type\":\"EntryPoint\",\"urlTemplate\":\"https:\\\/\\\/najnaj.eu\\\/fr\\\/?s={search_term_string}\"},\"query-input\":{\"@type\":\"PropertyValueSpecification\",\"valueRequired\":true,\"valueName\":\"search_term_string\"}}],\"inLanguage\":\"fr-FR\"}]}<\/script>\n<meta property=\"product:brand\" content=\"b.box\" \/>\n<meta property=\"product:price:amount\" content=\"14.99\" \/>\n<meta property=\"product:price:currency\" content=\"EUR\" \/>\n<meta property=\"og:availability\" content=\"instock\" \/>\n<meta property=\"product:availability\" content=\"instock\" \/>\n<meta property=\"product:retailer_item_id\" content=\"BX200232\" \/>\n<meta property=\"product:condition\" content=\"new\" \/>\n<!-- \/ Yoast SEO Premium plugin. -->","yoast_head_json":{"title":"b.box Sippy cup bo\u010dica sa slamkom - glow in the dark - NajNaj.eu","robots":{"index":"index","follow":"follow","max-snippet":"max-snippet:-1","max-image-preview":"max-image-preview:large","max-video-preview":"max-video-preview:-1"},"canonical":"https:\/\/najnaj.eu\/fr\/proizvod\/b-box-sippy-cup-bocica-sa-slamkom-glow-in-the-dark\/","og_locale":"fr_FR","og_type":"article","og_title":"b.box Sippy cup bo\u010dica sa slamkom - glow in the dark","og_description":"&gt; od 6 mj. &gt; Slamka s ute\u017ei\u0107em pomi\u010de se zajedno s teku\u0107inom, pod bilo kojim kutem &gt; Jedinstveni dvostrani ventil za lak\u0161e ispijanje, bez curenja &gt; Mo\u017ee se koristiti i za toplu vodu &gt; Jednostavno klizno otvaranje &gt; Ru\u010dke omogu\u0107uju jednostavan hvat &gt; Perivo u perilici posu\u0111a &gt; Dostupna zamjenska slamka i \u010detkica za \u010di\u0161\u0107enje (prodaje se odvojeno) &gt; Dimenzije: 15 x 12 x7,5 cm &gt; Kapacitet: 240 ml","og_url":"https:\/\/najnaj.eu\/fr\/proizvod\/b-box-sippy-cup-bocica-sa-slamkom-glow-in-the-dark\/","og_site_name":"NajNaj.eu","article_publisher":"https:\/\/web.facebook.com\/najnaj.eu\/","article_modified_time":"2026-04-14T21:01:45+00:00","og_image":[{"width":1080,"height":1080,"url":"https:\/\/najnaj.eu\/wp-content\/uploads\/2023\/08\/Sippy-Cup-Starter-set-Glow-4-1.jpg","type":"image\/jpeg"}],"twitter_card":"summary_large_image","twitter_misc":{"Prix":"14,99&nbsp;&euro;","Disponibilit\u00e9":"En stock"},"schema":{"@context":"https:\/\/schema.org","@graph":[{"@type":"WebPage","@id":"https:\/\/najnaj.eu\/fr\/proizvod\/b-box-sippy-cup-bocica-sa-slamkom-glow-in-the-dark\/","url":"https:\/\/najnaj.eu\/fr\/proizvod\/b-box-sippy-cup-bocica-sa-slamkom-glow-in-the-dark\/","name":"b.box Sippy cup bo\u010dica sa slamkom - glow in the dark - NajNaj.eu","isPartOf":{"@id":"https:\/\/najnaj.eu\/fr\/#website"},"primaryImageOfPage":{"@id":"https:\/\/najnaj.eu\/fr\/proizvod\/b-box-sippy-cup-bocica-sa-slamkom-glow-in-the-dark\/#primaryimage"},"image":{"@id":"https:\/\/najnaj.eu\/fr\/proizvod\/b-box-sippy-cup-bocica-sa-slamkom-glow-in-the-dark\/#primaryimage"},"thumbnailUrl":"https:\/\/najnaj.eu\/wp-content\/uploads\/2023\/08\/Sippy-Cup-Starter-set-Glow-4-1.jpg","datePublished":"2023-08-19T11:13:22+00:00","dateModified":"2026-04-14T21:01:45+00:00","breadcrumb":{"@id":"https:\/\/najnaj.eu\/fr\/proizvod\/b-box-sippy-cup-bocica-sa-slamkom-glow-in-the-dark\/#breadcrumb"},"inLanguage":"fr-FR","potentialAction":[{"@type":"ReadAction","target":["https:\/\/najnaj.eu\/fr\/proizvod\/b-box-sippy-cup-bocica-sa-slamkom-glow-in-the-dark\/"]}]},{"@type":"ImageObject","inLanguage":"fr-FR","@id":"https:\/\/najnaj.eu\/fr\/proizvod\/b-box-sippy-cup-bocica-sa-slamkom-glow-in-the-dark\/#primaryimage","url":"https:\/\/najnaj.eu\/wp-content\/uploads\/2023\/08\/Sippy-Cup-Starter-set-Glow-4-1.jpg","contentUrl":"https:\/\/najnaj.eu\/wp-content\/uploads\/2023\/08\/Sippy-Cup-Starter-set-Glow-4-1.jpg","width":1080,"height":1080},{"@type":"BreadcrumbList","@id":"https:\/\/najnaj.eu\/fr\/proizvod\/b-box-sippy-cup-bocica-sa-slamkom-glow-in-the-dark\/#breadcrumb","itemListElement":[{"@type":"ListItem","position":1,"name":"Po\u010detna stranica","item":"https:\/\/najnaj.eu\/fr\/"},{"@type":"ListItem","position":2,"name":"Trgovina","item":"https:\/\/najnaj.hr\/trgovina\/"},{"@type":"ListItem","position":3,"name":"b.box Sippy cup bo\u010dica sa slamkom &#8211; glow in the dark"}]},{"@type":"WebSite","@id":"https:\/\/najnaj.eu\/fr\/#website","url":"https:\/\/najnaj.eu\/fr\/","name":"NajNaj.eu","description":"Za najva\u017enije!","potentialAction":[{"@type":"SearchAction","target":{"@type":"EntryPoint","urlTemplate":"https:\/\/najnaj.eu\/fr\/?s={search_term_string}"},"query-input":{"@type":"PropertyValueSpecification","valueRequired":true,"valueName":"search_term_string"}}],"inLanguage":"fr-FR"}]},"product_brand":"b.box","product_price_amount":"14.99","product_price_currency":"EUR","og_availability":"instock","product_availability":"instock","product_retailer_item_id":"BX200232","product_condition":"new"},"_links":{"self":[{"href":"https:\/\/najnaj.eu\/fr\/wp-json\/wp\/v2\/product\/150516","targetHints":{"allow":["GET"]}}],"collection":[{"href":"https:\/\/najnaj.eu\/fr\/wp-json\/wp\/v2\/product"}],"about":[{"href":"https:\/\/najnaj.eu\/fr\/wp-json\/wp\/v2\/types\/product"}],"replies":[{"embeddable":true,"href":"https:\/\/najnaj.eu\/fr\/wp-json\/wp\/v2\/comments?post=150516"}],"version-history":[{"count":0,"href":"https:\/\/najnaj.eu\/fr\/wp-json\/wp\/v2\/product\/150516\/revisions"}],"wp:featuredmedia":[{"embeddable":true,"href":"https:\/\/najnaj.eu\/fr\/wp-json\/wp\/v2\/media\/268316"}],"wp:attachment":[{"href":"https:\/\/najnaj.eu\/fr\/wp-json\/wp\/v2\/media?parent=150516"}],"wp:term":[{"taxonomy":"product_brand","embeddable":true,"href":"https:\/\/najnaj.eu\/fr\/wp-json\/wp\/v2\/product_brand?post=150516"},{"taxonomy":"product_cat","embeddable":true,"href":"https:\/\/najnaj.eu\/fr\/wp-json\/wp\/v2\/product_cat?post=150516"},{"taxonomy":"product_tag","embeddable":true,"href":"https:\/\/najnaj.eu\/fr\/wp-json\/wp\/v2\/product_tag?post=150516"}],"curies":[{"name":"wp","href":"https:\/\/api.w.org\/{rel}","templated":true}]}}