{"id":150502,"date":"2023-08-20T11:25:29","date_gmt":"2023-08-20T09:25:29","guid":{"rendered":"https:\/\/najnaj.hr\/proizvod\/b-box-tritan-bocica-sa-slamkom-450-ml-lilac-pop\/"},"modified":"2026-04-08T09:04:18","modified_gmt":"2026-04-08T07:04:18","slug":"b-box-tritan-bocica-sa-slamkom-450-ml-lilac-pop","status":"publish","type":"product","link":"https:\/\/najnaj.eu\/fr\/proizvod\/b-box-tritan-bocica-sa-slamkom-450-ml-lilac-pop\/","title":{"rendered":"b.box Tritan\u2122 bo\u010dica sa slamkom, 450 ml &#8211; lilac pop"},"content":{"rendered":"<p>Izra\u0111ena od Tritan\u2122 materijala, na\u0161a jedinstvena bo\u010dica idealna je za pred\u0161kolsku i \u0161kolsku djecu. Jedinstven trokutasti oblik dizajniran je kako bi odli\u010dno pristajao dje\u010djim ru\u010dicama. Klizni poklopac lako se otvara pritiskom tipke, a odli\u010dan je za za\u0161titu i odr\u017eavanje \u010disto\u0107e slamke. Slamka ima ventil za oba smjera \u0161to omogu\u0107ava lako ispijanje teku\u0107ine, bez curenja. Kapacitet od 450 ml i zakrivljena slamka omogu\u0107avaju djeci da popiju sve do zadnje kapi i ostanu hidrirana tokom cijelog dana. Malo dijelova za lak\u0161e rastavljanje, sastavljanje i \u010di\u0161\u0107enje.<\/p>\n","protected":false},"excerpt":{"rendered":"<p>&gt; od 9+ mj<br \/>\n&gt; Jedinstven ergonomski trokutasti oblik omogu\u0107ava lak\u0161e dr\u017eanje dvjema ru\u010dicama<br \/>\n&gt; Poklopac dizajniran za lako otvaranje i zatvaranje, otvara se pritiskom tipke i ostaje zaklju\u010dan, kako bi sprije\u010dio udaranje djeteta po licu prilikom naginjanja<br \/>\n&gt; Vrh slamke s ventilom otpornim na prolijevanje sprje\u010dava slu\u010dajno prolijevanje<br \/>\n&gt; Velika ru\u010dka za lak\u0161e va\u0111enje iz torbe i no\u0161enje u ruci<br \/>\n&gt; Veliki otvor za lak\u0161e punjenje i stavljanje kockica leda<br \/>\n&gt; Malo dijelova za lak\u0161e \u010di\u0161\u0107enje i sastavljanje<br \/>\n&gt; Kapacitet: 450 ml<br \/>\n&gt; Dimenzije: 7,7 x 7,5 x 23,2 cm<\/p>\n","protected":false},"featured_media":280976,"comment_status":"open","ping_status":"closed","template":"","meta":{"_acf_changed":false,"footnotes":""},"product_brand":[],"product_cat":[654,577,622],"product_tag":[],"class_list":{"0":"post-150502","1":"product","2":"type-product","3":"status-publish","4":"has-post-thumbnail","6":"product_cat-boce-za-vodu","7":"product_cat-hranjenje","8":"product_cat-posude","9":"pa_boja-roza","10":"pa_brand-b-box","11":"pa_vrsta-posuda-bocice-za-vodu","13":"first","14":"instock","15":"purchasable","16":"product-type-simple"},"bundled_by":["280975"],"bundle_stock_status":"instock","bundle_stock_quantity":15,"bundle_virtual":false,"bundle_layout":"","bundle_add_to_cart_form_location":"","bundle_editable_in_cart":false,"bundle_sold_individually_context":"","bundle_item_grouping":"","bundle_min_size":"","bundle_max_size":"","bundle_price":[],"bundled_items":[],"bundle_sell_ids":[],"acf":[],"yoast_head":"<!-- This site is optimized with the Yoast SEO Premium plugin v21.5 (Yoast SEO v27.4) - https:\/\/yoast.com\/product\/yoast-seo-premium-wordpress\/ -->\n<title>b.box Tritan\u2122 bo\u010dica sa slamkom, 450 ml - lilac pop - NajNaj.eu<\/title>\n<meta name=\"robots\" content=\"index, follow, max-snippet:-1, max-image-preview:large, max-video-preview:-1\" \/>\n<link rel=\"canonical\" href=\"https:\/\/najnaj.eu\/fr\/proizvod\/b-box-tritan-bocica-sa-slamkom-450-ml-lilac-pop\/\" \/>\n<meta property=\"og:locale\" content=\"fr_FR\" \/>\n<meta property=\"og:type\" content=\"article\" \/>\n<meta property=\"og:title\" content=\"b.box Tritan\u2122 bo\u010dica sa slamkom, 450 ml - lilac pop\" \/>\n<meta property=\"og:description\" content=\"&gt; od 9+ mj &gt; Jedinstven ergonomski trokutasti oblik omogu\u0107ava lak\u0161e dr\u017eanje dvjema ru\u010dicama &gt; Poklopac dizajniran za lako otvaranje i zatvaranje, otvara se pritiskom tipke i ostaje zaklju\u010dan, kako bi sprije\u010dio udaranje djeteta po licu prilikom naginjanja &gt; Vrh slamke s ventilom otpornim na prolijevanje sprje\u010dava slu\u010dajno prolijevanje &gt; Velika ru\u010dka za lak\u0161e va\u0111enje iz torbe i no\u0161enje u ruci &gt; Veliki otvor za lak\u0161e punjenje i stavljanje kockica leda &gt; Malo dijelova za lak\u0161e \u010di\u0161\u0107enje i sastavljanje &gt; Kapacitet: 450 ml &gt; Dimenzije: 7,7 x 7,5 x 23,2 cm\" \/>\n<meta property=\"og:url\" content=\"https:\/\/najnaj.eu\/fr\/proizvod\/b-box-tritan-bocica-sa-slamkom-450-ml-lilac-pop\/\" \/>\n<meta property=\"og:site_name\" content=\"NajNaj.eu\" \/>\n<meta property=\"article:publisher\" content=\"https:\/\/web.facebook.com\/najnaj.eu\/\" \/>\n<meta property=\"article:modified_time\" content=\"2026-04-08T07:04:18+00:00\" \/>\n<meta property=\"og:image\" content=\"https:\/\/najnaj.eu\/wp-content\/uploads\/2023\/08\/New-Project-14.jpg\" \/>\n\t<meta property=\"og:image:width\" content=\"1500\" \/>\n\t<meta property=\"og:image:height\" content=\"1500\" \/>\n\t<meta property=\"og:image:type\" content=\"image\/jpeg\" \/>\n<meta name=\"twitter:card\" content=\"summary_large_image\" \/>\n<meta name=\"twitter:label1\" content=\"Prix\" \/>\n\t<meta name=\"twitter:data1\" content=\"18,99&nbsp;&euro;\" \/>\n\t<meta name=\"twitter:label2\" content=\"Disponibilit\u00e9\" \/>\n\t<meta name=\"twitter:data2\" content=\"En stock\" \/>\n<script type=\"application\/ld+json\" class=\"yoast-schema-graph\">{\"@context\":\"https:\\\/\\\/schema.org\",\"@graph\":[{\"@type\":\"WebPage\",\"@id\":\"https:\\\/\\\/najnaj.eu\\\/fr\\\/proizvod\\\/b-box-tritan-bocica-sa-slamkom-450-ml-lilac-pop\\\/\",\"url\":\"https:\\\/\\\/najnaj.eu\\\/fr\\\/proizvod\\\/b-box-tritan-bocica-sa-slamkom-450-ml-lilac-pop\\\/\",\"name\":\"b.box Tritan\u2122 bo\u010dica sa slamkom, 450 ml - lilac pop - NajNaj.eu\",\"isPartOf\":{\"@id\":\"https:\\\/\\\/najnaj.eu\\\/fr\\\/#website\"},\"primaryImageOfPage\":{\"@id\":\"https:\\\/\\\/najnaj.eu\\\/fr\\\/proizvod\\\/b-box-tritan-bocica-sa-slamkom-450-ml-lilac-pop\\\/#primaryimage\"},\"image\":{\"@id\":\"https:\\\/\\\/najnaj.eu\\\/fr\\\/proizvod\\\/b-box-tritan-bocica-sa-slamkom-450-ml-lilac-pop\\\/#primaryimage\"},\"thumbnailUrl\":\"https:\\\/\\\/najnaj.eu\\\/wp-content\\\/uploads\\\/2023\\\/08\\\/New-Project-14.jpg\",\"datePublished\":\"2023-08-20T09:25:29+00:00\",\"dateModified\":\"2026-04-08T07:04:18+00:00\",\"breadcrumb\":{\"@id\":\"https:\\\/\\\/najnaj.eu\\\/fr\\\/proizvod\\\/b-box-tritan-bocica-sa-slamkom-450-ml-lilac-pop\\\/#breadcrumb\"},\"inLanguage\":\"fr-FR\",\"potentialAction\":[{\"@type\":\"ReadAction\",\"target\":[\"https:\\\/\\\/najnaj.eu\\\/fr\\\/proizvod\\\/b-box-tritan-bocica-sa-slamkom-450-ml-lilac-pop\\\/\"]}]},{\"@type\":\"ImageObject\",\"inLanguage\":\"fr-FR\",\"@id\":\"https:\\\/\\\/najnaj.eu\\\/fr\\\/proizvod\\\/b-box-tritan-bocica-sa-slamkom-450-ml-lilac-pop\\\/#primaryimage\",\"url\":\"https:\\\/\\\/najnaj.eu\\\/wp-content\\\/uploads\\\/2023\\\/08\\\/New-Project-14.jpg\",\"contentUrl\":\"https:\\\/\\\/najnaj.eu\\\/wp-content\\\/uploads\\\/2023\\\/08\\\/New-Project-14.jpg\",\"width\":1500,\"height\":1500},{\"@type\":\"BreadcrumbList\",\"@id\":\"https:\\\/\\\/najnaj.eu\\\/fr\\\/proizvod\\\/b-box-tritan-bocica-sa-slamkom-450-ml-lilac-pop\\\/#breadcrumb\",\"itemListElement\":[{\"@type\":\"ListItem\",\"position\":1,\"name\":\"Po\u010detna stranica\",\"item\":\"https:\\\/\\\/najnaj.eu\\\/fr\\\/\"},{\"@type\":\"ListItem\",\"position\":2,\"name\":\"Trgovina\",\"item\":\"https:\\\/\\\/najnaj.hr\\\/trgovina\\\/\"},{\"@type\":\"ListItem\",\"position\":3,\"name\":\"b.box Tritan\u2122 bo\u010dica sa slamkom, 450 ml &#8211; lilac pop\"}]},{\"@type\":\"WebSite\",\"@id\":\"https:\\\/\\\/najnaj.eu\\\/fr\\\/#website\",\"url\":\"https:\\\/\\\/najnaj.eu\\\/fr\\\/\",\"name\":\"NajNaj.eu\",\"description\":\"Za najva\u017enije!\",\"potentialAction\":[{\"@type\":\"SearchAction\",\"target\":{\"@type\":\"EntryPoint\",\"urlTemplate\":\"https:\\\/\\\/najnaj.eu\\\/fr\\\/?s={search_term_string}\"},\"query-input\":{\"@type\":\"PropertyValueSpecification\",\"valueRequired\":true,\"valueName\":\"search_term_string\"}}],\"inLanguage\":\"fr-FR\"}]}<\/script>\n<meta property=\"product:brand\" content=\"b.box\" \/>\n<meta property=\"product:price:amount\" content=\"18.99\" \/>\n<meta property=\"product:price:currency\" content=\"EUR\" \/>\n<meta property=\"og:availability\" content=\"instock\" \/>\n<meta property=\"product:availability\" content=\"instock\" \/>\n<meta property=\"product:retailer_item_id\" content=\"BX500303\" \/>\n<meta property=\"product:condition\" content=\"new\" \/>\n<!-- \/ Yoast SEO Premium plugin. -->","yoast_head_json":{"title":"b.box Tritan\u2122 bo\u010dica sa slamkom, 450 ml - lilac pop - NajNaj.eu","robots":{"index":"index","follow":"follow","max-snippet":"max-snippet:-1","max-image-preview":"max-image-preview:large","max-video-preview":"max-video-preview:-1"},"canonical":"https:\/\/najnaj.eu\/fr\/proizvod\/b-box-tritan-bocica-sa-slamkom-450-ml-lilac-pop\/","og_locale":"fr_FR","og_type":"article","og_title":"b.box Tritan\u2122 bo\u010dica sa slamkom, 450 ml - lilac pop","og_description":"&gt; od 9+ mj &gt; Jedinstven ergonomski trokutasti oblik omogu\u0107ava lak\u0161e dr\u017eanje dvjema ru\u010dicama &gt; Poklopac dizajniran za lako otvaranje i zatvaranje, otvara se pritiskom tipke i ostaje zaklju\u010dan, kako bi sprije\u010dio udaranje djeteta po licu prilikom naginjanja &gt; Vrh slamke s ventilom otpornim na prolijevanje sprje\u010dava slu\u010dajno prolijevanje &gt; Velika ru\u010dka za lak\u0161e va\u0111enje iz torbe i no\u0161enje u ruci &gt; Veliki otvor za lak\u0161e punjenje i stavljanje kockica leda &gt; Malo dijelova za lak\u0161e \u010di\u0161\u0107enje i sastavljanje &gt; Kapacitet: 450 ml &gt; Dimenzije: 7,7 x 7,5 x 23,2 cm","og_url":"https:\/\/najnaj.eu\/fr\/proizvod\/b-box-tritan-bocica-sa-slamkom-450-ml-lilac-pop\/","og_site_name":"NajNaj.eu","article_publisher":"https:\/\/web.facebook.com\/najnaj.eu\/","article_modified_time":"2026-04-08T07:04:18+00:00","og_image":[{"width":1500,"height":1500,"url":"https:\/\/najnaj.eu\/wp-content\/uploads\/2023\/08\/New-Project-14.jpg","type":"image\/jpeg"}],"twitter_card":"summary_large_image","twitter_misc":{"Prix":"18,99&nbsp;&euro;","Disponibilit\u00e9":"En stock"},"schema":{"@context":"https:\/\/schema.org","@graph":[{"@type":"WebPage","@id":"https:\/\/najnaj.eu\/fr\/proizvod\/b-box-tritan-bocica-sa-slamkom-450-ml-lilac-pop\/","url":"https:\/\/najnaj.eu\/fr\/proizvod\/b-box-tritan-bocica-sa-slamkom-450-ml-lilac-pop\/","name":"b.box Tritan\u2122 bo\u010dica sa slamkom, 450 ml - lilac pop - NajNaj.eu","isPartOf":{"@id":"https:\/\/najnaj.eu\/fr\/#website"},"primaryImageOfPage":{"@id":"https:\/\/najnaj.eu\/fr\/proizvod\/b-box-tritan-bocica-sa-slamkom-450-ml-lilac-pop\/#primaryimage"},"image":{"@id":"https:\/\/najnaj.eu\/fr\/proizvod\/b-box-tritan-bocica-sa-slamkom-450-ml-lilac-pop\/#primaryimage"},"thumbnailUrl":"https:\/\/najnaj.eu\/wp-content\/uploads\/2023\/08\/New-Project-14.jpg","datePublished":"2023-08-20T09:25:29+00:00","dateModified":"2026-04-08T07:04:18+00:00","breadcrumb":{"@id":"https:\/\/najnaj.eu\/fr\/proizvod\/b-box-tritan-bocica-sa-slamkom-450-ml-lilac-pop\/#breadcrumb"},"inLanguage":"fr-FR","potentialAction":[{"@type":"ReadAction","target":["https:\/\/najnaj.eu\/fr\/proizvod\/b-box-tritan-bocica-sa-slamkom-450-ml-lilac-pop\/"]}]},{"@type":"ImageObject","inLanguage":"fr-FR","@id":"https:\/\/najnaj.eu\/fr\/proizvod\/b-box-tritan-bocica-sa-slamkom-450-ml-lilac-pop\/#primaryimage","url":"https:\/\/najnaj.eu\/wp-content\/uploads\/2023\/08\/New-Project-14.jpg","contentUrl":"https:\/\/najnaj.eu\/wp-content\/uploads\/2023\/08\/New-Project-14.jpg","width":1500,"height":1500},{"@type":"BreadcrumbList","@id":"https:\/\/najnaj.eu\/fr\/proizvod\/b-box-tritan-bocica-sa-slamkom-450-ml-lilac-pop\/#breadcrumb","itemListElement":[{"@type":"ListItem","position":1,"name":"Po\u010detna stranica","item":"https:\/\/najnaj.eu\/fr\/"},{"@type":"ListItem","position":2,"name":"Trgovina","item":"https:\/\/najnaj.hr\/trgovina\/"},{"@type":"ListItem","position":3,"name":"b.box Tritan\u2122 bo\u010dica sa slamkom, 450 ml &#8211; lilac pop"}]},{"@type":"WebSite","@id":"https:\/\/najnaj.eu\/fr\/#website","url":"https:\/\/najnaj.eu\/fr\/","name":"NajNaj.eu","description":"Za najva\u017enije!","potentialAction":[{"@type":"SearchAction","target":{"@type":"EntryPoint","urlTemplate":"https:\/\/najnaj.eu\/fr\/?s={search_term_string}"},"query-input":{"@type":"PropertyValueSpecification","valueRequired":true,"valueName":"search_term_string"}}],"inLanguage":"fr-FR"}]},"product_brand":"b.box","product_price_amount":"18.99","product_price_currency":"EUR","og_availability":"instock","product_availability":"instock","product_retailer_item_id":"BX500303","product_condition":"new"},"_links":{"self":[{"href":"https:\/\/najnaj.eu\/fr\/wp-json\/wp\/v2\/product\/150502","targetHints":{"allow":["GET"]}}],"collection":[{"href":"https:\/\/najnaj.eu\/fr\/wp-json\/wp\/v2\/product"}],"about":[{"href":"https:\/\/najnaj.eu\/fr\/wp-json\/wp\/v2\/types\/product"}],"replies":[{"embeddable":true,"href":"https:\/\/najnaj.eu\/fr\/wp-json\/wp\/v2\/comments?post=150502"}],"version-history":[{"count":0,"href":"https:\/\/najnaj.eu\/fr\/wp-json\/wp\/v2\/product\/150502\/revisions"}],"wp:featuredmedia":[{"embeddable":true,"href":"https:\/\/najnaj.eu\/fr\/wp-json\/wp\/v2\/media\/280976"}],"wp:attachment":[{"href":"https:\/\/najnaj.eu\/fr\/wp-json\/wp\/v2\/media?parent=150502"}],"wp:term":[{"taxonomy":"product_brand","embeddable":true,"href":"https:\/\/najnaj.eu\/fr\/wp-json\/wp\/v2\/product_brand?post=150502"},{"taxonomy":"product_cat","embeddable":true,"href":"https:\/\/najnaj.eu\/fr\/wp-json\/wp\/v2\/product_cat?post=150502"},{"taxonomy":"product_tag","embeddable":true,"href":"https:\/\/najnaj.eu\/fr\/wp-json\/wp\/v2\/product_tag?post=150502"}],"curies":[{"name":"wp","href":"https:\/\/api.w.org\/{rel}","templated":true}]}}