{"id":150498,"date":"2023-08-19T10:52:14","date_gmt":"2023-08-19T08:52:14","guid":{"rendered":"https:\/\/najnaj.hr\/proizvod\/b-box-sportska-bocica-600-ml-emerald-forest\/"},"modified":"2026-03-24T13:44:56","modified_gmt":"2026-03-24T12:44:56","slug":"b-box-sportska-bocica-600-ml-emerald-forest","status":"publish","type":"product","link":"https:\/\/najnaj.eu\/fr\/proizvod\/b-box-sportska-bocica-600-ml-emerald-forest\/","title":{"rendered":"b.box Tritan\u2122 bo\u010dica sportska, 600 ml &#8211; emerald forest"},"content":{"rendered":"<p>Odli\u010dna za borbu s jakom \u017ee\u0111i, ova bo\u010dica od 600 ml je velika boca za veliku djecu.<br \/>\nSilikonski kljun na zahtjeva kompresiju i ima mali ventil za sprje\u010davanje prolijevanja. Velika tipka za otvaranje i peklopni gornji poklopac olak\u0161avaju djeci otvaranje, te ju je mogu\u0107e dr\u017eati s jednom ili dvije ruke.<br \/>\nPreklopni gornji poklopac \u010duva kljun za ispijanje \u010distim i onemogu\u0107ava prolijevanje kada je zatvoren. Odvojiva za\u0161tita na dnu \u010duva bo\u010dicu prilikom pada.<br \/>\nNapravljena od Tritan\u2122 materijala, bo\u010dica je lagana i \u010dvrsta.<\/p>\n","protected":false},"excerpt":{"rendered":"<p>&gt; Silikonski kljun za lak\u0161e ispijanje<br \/>\n&gt; Lagani ventil sprje\u010dava curenje<br \/>\n&gt; Jedinstven trokutasti dizajn za lak\u0161e dr\u017eanje dvjema rukama<br \/>\n&gt; Poklopac dizajniran za lako otvaranje i zatvaranje, otvara se pritiskom tipke i ostaje zaklju\u010dan, kako bi sprije\u010dio udaranje djeteta po licu prilikom naginjanja<br \/>\n&gt; Fleksibilna ru\u010dka za no\u0161enje<br \/>\n&gt; Za\u0161tita za dugotrajnost i izdr\u017eljivost<br \/>\n&gt; Izra\u0111eno od Tritan\u2122 materijala<br \/>\n&gt; Veliki otvor za lak\u0161e punjenje i umetanje kockica leda<br \/>\n&gt; Perivo u perilici posu\u0111a, samo na gornjoj polici<br \/>\n&gt; Malo dijelova, za lak\u0161e \u010di\u0161\u0107enje<br \/>\n&gt; Kapacitet 600 ml<\/p>\n","protected":false},"featured_media":268518,"comment_status":"open","ping_status":"closed","template":"","meta":{"_acf_changed":false,"footnotes":""},"product_brand":[],"product_cat":[654,577,622],"product_tag":[],"class_list":{"0":"post-150498","1":"product","2":"type-product","3":"status-publish","4":"has-post-thumbnail","6":"product_cat-boce-za-vodu","7":"product_cat-hranjenje","8":"product_cat-posude","9":"pa_boja-zelena","10":"pa_brand-b-box","11":"pa_vrsta-posuda-bocice-za-vodu","13":"first","14":"instock","15":"purchasable","16":"product-type-simple"},"bundled_by":["268490"],"bundle_stock_status":"instock","bundle_stock_quantity":15,"bundle_virtual":false,"bundle_layout":"","bundle_add_to_cart_form_location":"","bundle_editable_in_cart":false,"bundle_sold_individually_context":"","bundle_item_grouping":"","bundle_min_size":"","bundle_max_size":"","bundle_price":[],"bundled_items":[],"bundle_sell_ids":[],"acf":[],"yoast_head":"<!-- This site is optimized with the Yoast SEO Premium plugin v21.5 (Yoast SEO v27.4) - https:\/\/yoast.com\/product\/yoast-seo-premium-wordpress\/ -->\n<title>b.box Tritan\u2122 bo\u010dica sportska, 600 ml - emerald forest - NajNaj.eu<\/title>\n<meta name=\"robots\" content=\"index, follow, max-snippet:-1, max-image-preview:large, max-video-preview:-1\" \/>\n<link rel=\"canonical\" href=\"https:\/\/najnaj.eu\/fr\/proizvod\/b-box-sportska-bocica-600-ml-emerald-forest\/\" \/>\n<meta property=\"og:locale\" content=\"fr_FR\" \/>\n<meta property=\"og:type\" content=\"article\" \/>\n<meta property=\"og:title\" content=\"b.box Tritan\u2122 bo\u010dica sportska, 600 ml - emerald forest\" \/>\n<meta property=\"og:description\" content=\"&gt; Silikonski kljun za lak\u0161e ispijanje &gt; Lagani ventil sprje\u010dava curenje &gt; Jedinstven trokutasti dizajn za lak\u0161e dr\u017eanje dvjema rukama &gt; Poklopac dizajniran za lako otvaranje i zatvaranje, otvara se pritiskom tipke i ostaje zaklju\u010dan, kako bi sprije\u010dio udaranje djeteta po licu prilikom naginjanja &gt; Fleksibilna ru\u010dka za no\u0161enje &gt; Za\u0161tita za dugotrajnost i izdr\u017eljivost &gt; Izra\u0111eno od Tritan\u2122 materijala &gt; Veliki otvor za lak\u0161e punjenje i umetanje kockica leda &gt; Perivo u perilici posu\u0111a, samo na gornjoj polici &gt; Malo dijelova, za lak\u0161e \u010di\u0161\u0107enje &gt; Kapacitet 600 ml\" \/>\n<meta property=\"og:url\" content=\"https:\/\/najnaj.eu\/fr\/proizvod\/b-box-sportska-bocica-600-ml-emerald-forest\/\" \/>\n<meta property=\"og:site_name\" content=\"NajNaj.eu\" \/>\n<meta property=\"article:publisher\" content=\"https:\/\/web.facebook.com\/najnaj.eu\/\" \/>\n<meta property=\"article:modified_time\" content=\"2026-03-24T12:44:56+00:00\" \/>\n<meta property=\"og:image\" content=\"https:\/\/najnaj.eu\/wp-content\/uploads\/2023\/08\/600-Sports-Sport-Bottle_Emerald-Forest_4-Large-1.jpg\" \/>\n\t<meta property=\"og:image:width\" content=\"2100\" \/>\n\t<meta property=\"og:image:height\" content=\"2100\" \/>\n\t<meta property=\"og:image:type\" content=\"image\/jpeg\" \/>\n<meta name=\"twitter:card\" content=\"summary_large_image\" \/>\n<meta name=\"twitter:label1\" content=\"Prix\" \/>\n\t<meta name=\"twitter:data1\" content=\"20,99&nbsp;&euro;\" \/>\n\t<meta name=\"twitter:label2\" content=\"Disponibilit\u00e9\" \/>\n\t<meta name=\"twitter:data2\" content=\"En stock\" \/>\n<script type=\"application\/ld+json\" class=\"yoast-schema-graph\">{\"@context\":\"https:\\\/\\\/schema.org\",\"@graph\":[{\"@type\":\"WebPage\",\"@id\":\"https:\\\/\\\/najnaj.eu\\\/fr\\\/proizvod\\\/b-box-sportska-bocica-600-ml-emerald-forest\\\/\",\"url\":\"https:\\\/\\\/najnaj.eu\\\/fr\\\/proizvod\\\/b-box-sportska-bocica-600-ml-emerald-forest\\\/\",\"name\":\"b.box Tritan\u2122 bo\u010dica sportska, 600 ml - emerald forest - NajNaj.eu\",\"isPartOf\":{\"@id\":\"https:\\\/\\\/najnaj.eu\\\/fr\\\/#website\"},\"primaryImageOfPage\":{\"@id\":\"https:\\\/\\\/najnaj.eu\\\/fr\\\/proizvod\\\/b-box-sportska-bocica-600-ml-emerald-forest\\\/#primaryimage\"},\"image\":{\"@id\":\"https:\\\/\\\/najnaj.eu\\\/fr\\\/proizvod\\\/b-box-sportska-bocica-600-ml-emerald-forest\\\/#primaryimage\"},\"thumbnailUrl\":\"https:\\\/\\\/najnaj.eu\\\/wp-content\\\/uploads\\\/2023\\\/08\\\/600-Sports-Sport-Bottle_Emerald-Forest_4-Large-1.jpg\",\"datePublished\":\"2023-08-19T08:52:14+00:00\",\"dateModified\":\"2026-03-24T12:44:56+00:00\",\"breadcrumb\":{\"@id\":\"https:\\\/\\\/najnaj.eu\\\/fr\\\/proizvod\\\/b-box-sportska-bocica-600-ml-emerald-forest\\\/#breadcrumb\"},\"inLanguage\":\"fr-FR\",\"potentialAction\":[{\"@type\":\"ReadAction\",\"target\":[\"https:\\\/\\\/najnaj.eu\\\/fr\\\/proizvod\\\/b-box-sportska-bocica-600-ml-emerald-forest\\\/\"]}]},{\"@type\":\"ImageObject\",\"inLanguage\":\"fr-FR\",\"@id\":\"https:\\\/\\\/najnaj.eu\\\/fr\\\/proizvod\\\/b-box-sportska-bocica-600-ml-emerald-forest\\\/#primaryimage\",\"url\":\"https:\\\/\\\/najnaj.eu\\\/wp-content\\\/uploads\\\/2023\\\/08\\\/600-Sports-Sport-Bottle_Emerald-Forest_4-Large-1.jpg\",\"contentUrl\":\"https:\\\/\\\/najnaj.eu\\\/wp-content\\\/uploads\\\/2023\\\/08\\\/600-Sports-Sport-Bottle_Emerald-Forest_4-Large-1.jpg\",\"width\":2100,\"height\":2100},{\"@type\":\"BreadcrumbList\",\"@id\":\"https:\\\/\\\/najnaj.eu\\\/fr\\\/proizvod\\\/b-box-sportska-bocica-600-ml-emerald-forest\\\/#breadcrumb\",\"itemListElement\":[{\"@type\":\"ListItem\",\"position\":1,\"name\":\"Po\u010detna stranica\",\"item\":\"https:\\\/\\\/najnaj.eu\\\/fr\\\/\"},{\"@type\":\"ListItem\",\"position\":2,\"name\":\"Trgovina\",\"item\":\"https:\\\/\\\/najnaj.hr\\\/trgovina\\\/\"},{\"@type\":\"ListItem\",\"position\":3,\"name\":\"b.box Tritan\u2122 bo\u010dica sportska, 600 ml &#8211; emerald forest\"}]},{\"@type\":\"WebSite\",\"@id\":\"https:\\\/\\\/najnaj.eu\\\/fr\\\/#website\",\"url\":\"https:\\\/\\\/najnaj.eu\\\/fr\\\/\",\"name\":\"NajNaj.eu\",\"description\":\"Za najva\u017enije!\",\"potentialAction\":[{\"@type\":\"SearchAction\",\"target\":{\"@type\":\"EntryPoint\",\"urlTemplate\":\"https:\\\/\\\/najnaj.eu\\\/fr\\\/?s={search_term_string}\"},\"query-input\":{\"@type\":\"PropertyValueSpecification\",\"valueRequired\":true,\"valueName\":\"search_term_string\"}}],\"inLanguage\":\"fr-FR\"}]}<\/script>\n<meta property=\"product:brand\" content=\"b.box\" \/>\n<meta property=\"product:price:amount\" content=\"20.99\" \/>\n<meta property=\"product:price:currency\" content=\"EUR\" \/>\n<meta property=\"og:availability\" content=\"instock\" \/>\n<meta property=\"product:availability\" content=\"instock\" \/>\n<meta property=\"product:retailer_item_id\" content=\"BX500607\" \/>\n<meta property=\"product:condition\" content=\"new\" \/>\n<!-- \/ Yoast SEO Premium plugin. -->","yoast_head_json":{"title":"b.box Tritan\u2122 bo\u010dica sportska, 600 ml - emerald forest - NajNaj.eu","robots":{"index":"index","follow":"follow","max-snippet":"max-snippet:-1","max-image-preview":"max-image-preview:large","max-video-preview":"max-video-preview:-1"},"canonical":"https:\/\/najnaj.eu\/fr\/proizvod\/b-box-sportska-bocica-600-ml-emerald-forest\/","og_locale":"fr_FR","og_type":"article","og_title":"b.box Tritan\u2122 bo\u010dica sportska, 600 ml - emerald forest","og_description":"&gt; Silikonski kljun za lak\u0161e ispijanje &gt; Lagani ventil sprje\u010dava curenje &gt; Jedinstven trokutasti dizajn za lak\u0161e dr\u017eanje dvjema rukama &gt; Poklopac dizajniran za lako otvaranje i zatvaranje, otvara se pritiskom tipke i ostaje zaklju\u010dan, kako bi sprije\u010dio udaranje djeteta po licu prilikom naginjanja &gt; Fleksibilna ru\u010dka za no\u0161enje &gt; Za\u0161tita za dugotrajnost i izdr\u017eljivost &gt; Izra\u0111eno od Tritan\u2122 materijala &gt; Veliki otvor za lak\u0161e punjenje i umetanje kockica leda &gt; Perivo u perilici posu\u0111a, samo na gornjoj polici &gt; Malo dijelova, za lak\u0161e \u010di\u0161\u0107enje &gt; Kapacitet 600 ml","og_url":"https:\/\/najnaj.eu\/fr\/proizvod\/b-box-sportska-bocica-600-ml-emerald-forest\/","og_site_name":"NajNaj.eu","article_publisher":"https:\/\/web.facebook.com\/najnaj.eu\/","article_modified_time":"2026-03-24T12:44:56+00:00","og_image":[{"width":2100,"height":2100,"url":"https:\/\/najnaj.eu\/wp-content\/uploads\/2023\/08\/600-Sports-Sport-Bottle_Emerald-Forest_4-Large-1.jpg","type":"image\/jpeg"}],"twitter_card":"summary_large_image","twitter_misc":{"Prix":"20,99&nbsp;&euro;","Disponibilit\u00e9":"En stock"},"schema":{"@context":"https:\/\/schema.org","@graph":[{"@type":"WebPage","@id":"https:\/\/najnaj.eu\/fr\/proizvod\/b-box-sportska-bocica-600-ml-emerald-forest\/","url":"https:\/\/najnaj.eu\/fr\/proizvod\/b-box-sportska-bocica-600-ml-emerald-forest\/","name":"b.box Tritan\u2122 bo\u010dica sportska, 600 ml - emerald forest - NajNaj.eu","isPartOf":{"@id":"https:\/\/najnaj.eu\/fr\/#website"},"primaryImageOfPage":{"@id":"https:\/\/najnaj.eu\/fr\/proizvod\/b-box-sportska-bocica-600-ml-emerald-forest\/#primaryimage"},"image":{"@id":"https:\/\/najnaj.eu\/fr\/proizvod\/b-box-sportska-bocica-600-ml-emerald-forest\/#primaryimage"},"thumbnailUrl":"https:\/\/najnaj.eu\/wp-content\/uploads\/2023\/08\/600-Sports-Sport-Bottle_Emerald-Forest_4-Large-1.jpg","datePublished":"2023-08-19T08:52:14+00:00","dateModified":"2026-03-24T12:44:56+00:00","breadcrumb":{"@id":"https:\/\/najnaj.eu\/fr\/proizvod\/b-box-sportska-bocica-600-ml-emerald-forest\/#breadcrumb"},"inLanguage":"fr-FR","potentialAction":[{"@type":"ReadAction","target":["https:\/\/najnaj.eu\/fr\/proizvod\/b-box-sportska-bocica-600-ml-emerald-forest\/"]}]},{"@type":"ImageObject","inLanguage":"fr-FR","@id":"https:\/\/najnaj.eu\/fr\/proizvod\/b-box-sportska-bocica-600-ml-emerald-forest\/#primaryimage","url":"https:\/\/najnaj.eu\/wp-content\/uploads\/2023\/08\/600-Sports-Sport-Bottle_Emerald-Forest_4-Large-1.jpg","contentUrl":"https:\/\/najnaj.eu\/wp-content\/uploads\/2023\/08\/600-Sports-Sport-Bottle_Emerald-Forest_4-Large-1.jpg","width":2100,"height":2100},{"@type":"BreadcrumbList","@id":"https:\/\/najnaj.eu\/fr\/proizvod\/b-box-sportska-bocica-600-ml-emerald-forest\/#breadcrumb","itemListElement":[{"@type":"ListItem","position":1,"name":"Po\u010detna stranica","item":"https:\/\/najnaj.eu\/fr\/"},{"@type":"ListItem","position":2,"name":"Trgovina","item":"https:\/\/najnaj.hr\/trgovina\/"},{"@type":"ListItem","position":3,"name":"b.box Tritan\u2122 bo\u010dica sportska, 600 ml &#8211; emerald forest"}]},{"@type":"WebSite","@id":"https:\/\/najnaj.eu\/fr\/#website","url":"https:\/\/najnaj.eu\/fr\/","name":"NajNaj.eu","description":"Za najva\u017enije!","potentialAction":[{"@type":"SearchAction","target":{"@type":"EntryPoint","urlTemplate":"https:\/\/najnaj.eu\/fr\/?s={search_term_string}"},"query-input":{"@type":"PropertyValueSpecification","valueRequired":true,"valueName":"search_term_string"}}],"inLanguage":"fr-FR"}]},"product_brand":"b.box","product_price_amount":"20.99","product_price_currency":"EUR","og_availability":"instock","product_availability":"instock","product_retailer_item_id":"BX500607","product_condition":"new"},"_links":{"self":[{"href":"https:\/\/najnaj.eu\/fr\/wp-json\/wp\/v2\/product\/150498","targetHints":{"allow":["GET"]}}],"collection":[{"href":"https:\/\/najnaj.eu\/fr\/wp-json\/wp\/v2\/product"}],"about":[{"href":"https:\/\/najnaj.eu\/fr\/wp-json\/wp\/v2\/types\/product"}],"replies":[{"embeddable":true,"href":"https:\/\/najnaj.eu\/fr\/wp-json\/wp\/v2\/comments?post=150498"}],"version-history":[{"count":0,"href":"https:\/\/najnaj.eu\/fr\/wp-json\/wp\/v2\/product\/150498\/revisions"}],"wp:featuredmedia":[{"embeddable":true,"href":"https:\/\/najnaj.eu\/fr\/wp-json\/wp\/v2\/media\/268518"}],"wp:attachment":[{"href":"https:\/\/najnaj.eu\/fr\/wp-json\/wp\/v2\/media?parent=150498"}],"wp:term":[{"taxonomy":"product_brand","embeddable":true,"href":"https:\/\/najnaj.eu\/fr\/wp-json\/wp\/v2\/product_brand?post=150498"},{"taxonomy":"product_cat","embeddable":true,"href":"https:\/\/najnaj.eu\/fr\/wp-json\/wp\/v2\/product_cat?post=150498"},{"taxonomy":"product_tag","embeddable":true,"href":"https:\/\/najnaj.eu\/fr\/wp-json\/wp\/v2\/product_tag?post=150498"}],"curies":[{"name":"wp","href":"https:\/\/api.w.org\/{rel}","templated":true}]}}