{"id":150494,"date":"2023-02-13T09:31:23","date_gmt":"2023-02-13T08:31:23","guid":{"rendered":"https:\/\/najnaj.hr\/proizvod\/b-box-zglobno-grickalo-peony\/"},"modified":"2026-02-04T11:15:13","modified_gmt":"2026-02-04T10:15:13","slug":"b-box-zglobno-grickalo-peony","status":"publish","type":"product","link":"https:\/\/najnaj.eu\/fr\/proizvod\/b-box-zglobno-grickalo-peony\/","title":{"rendered":"b.box Zglobno grickalo &#8211; Peony"},"content":{"rendered":"<p>Bebe kojima ni\u010du zubi vole \u017evakati. Predstavljamo b.box zglobno grickalo. Dizajnirano za hvatanje ili no\u0161enje kao narukvica, teksturirani dizajn poma\u017ee u masa\u017ei bolnih desni i poti\u010de znati\u017eelju.<br \/>\nIzra\u0111eno od mekanog silikona, grickalo za zape\u0161\u0107e mo\u017ee se koristiti kao pomo\u0107 u pru\u017eanju olak\u0161anja tijekom razli\u010ditih faza rasta zubi\u0107a. Lagana i laka za dr\u017eanje, narukvica udobno klizi preko bebinog zgloba za vrhunsko multisenzorno iskustvo i dodatnu higijenu.<br \/>\nPrikladno za bebe 3+ mjeseca.<br \/>\nNapravljeno od netoksi\u010dnog silikona pogodnog za hranu, mo\u017ee se prati u sterilizatoru i perilici posu\u0111a (samo gornja polica).<\/p>\n","protected":false},"excerpt":{"rendered":"<p>&gt; Prikladno za razli\u010dite faze nicanja zubi\u0107a<br \/>\n&gt; Izvrstan za kori\u0161tenje na prednjim i stra\u017enjim zubima<br \/>\n&gt; Dizajn narukvice pristaje bebinom zglobu kako bi ga beba lak\u0161e zadr\u017eala u svojoj blizini<br \/>\n&gt; Lagan i jednostavan za hvatanje<br \/>\n&gt; Multisenzorni dizajn<br \/>\n&gt; Razli\u010dite teksture nje\u017eno masiraju bolne desni<br \/>\n&gt; Izra\u0111en od higijenskog silikona<br \/>\n&gt; Mo\u017ee se prati u perilici posu\u0111a (samo na gornjoj polici) i u sterilizatoru<\/p>\n","protected":false},"featured_media":244292,"comment_status":"open","ping_status":"closed","template":"","meta":{"_acf_changed":false,"footnotes":""},"product_brand":[],"product_cat":[661,577,742,745,622],"product_tag":[],"class_list":{"0":"post-150494","1":"product","2":"type-product","3":"status-publish","4":"has-post-thumbnail","6":"product_cat-grickala","7":"product_cat-hranjenje","8":"product_cat-igracke","9":"product_cat-igrackice-za-bebe","10":"product_cat-posude","11":"pa_boja-ljubicasta","12":"pa_boja-roza","13":"pa_brand-b-box","14":"pa_vrsta-posuda-grickala","16":"first","17":"instock","18":"purchasable","19":"product-type-simple"},"bundled_by":[],"bundle_stock_status":"instock","bundle_stock_quantity":15,"bundle_virtual":false,"bundle_layout":"","bundle_add_to_cart_form_location":"","bundle_editable_in_cart":false,"bundle_sold_individually_context":"","bundle_item_grouping":"","bundle_min_size":"","bundle_max_size":"","bundle_price":[],"bundled_items":[],"bundle_sell_ids":[],"acf":[],"yoast_head":"<!-- This site is optimized with the Yoast SEO Premium plugin v21.5 (Yoast SEO v27.4) - https:\/\/yoast.com\/product\/yoast-seo-premium-wordpress\/ -->\n<title>b.box Zglobno grickalo - Peony - NajNaj.eu<\/title>\n<meta name=\"robots\" content=\"index, follow, max-snippet:-1, max-image-preview:large, max-video-preview:-1\" \/>\n<link rel=\"canonical\" href=\"https:\/\/najnaj.eu\/fr\/proizvod\/b-box-zglobno-grickalo-peony\/\" \/>\n<meta property=\"og:locale\" content=\"fr_FR\" \/>\n<meta property=\"og:type\" content=\"article\" \/>\n<meta property=\"og:title\" content=\"b.box Zglobno grickalo - Peony\" \/>\n<meta property=\"og:description\" content=\"&gt; Prikladno za razli\u010dite faze nicanja zubi\u0107a &gt; Izvrstan za kori\u0161tenje na prednjim i stra\u017enjim zubima &gt; Dizajn narukvice pristaje bebinom zglobu kako bi ga beba lak\u0161e zadr\u017eala u svojoj blizini &gt; Lagan i jednostavan za hvatanje &gt; Multisenzorni dizajn &gt; Razli\u010dite teksture nje\u017eno masiraju bolne desni &gt; Izra\u0111en od higijenskog silikona &gt; Mo\u017ee se prati u perilici posu\u0111a (samo na gornjoj polici) i u sterilizatoru\" \/>\n<meta property=\"og:url\" content=\"https:\/\/najnaj.eu\/fr\/proizvod\/b-box-zglobno-grickalo-peony\/\" \/>\n<meta property=\"og:site_name\" content=\"NajNaj.eu\" \/>\n<meta property=\"article:publisher\" content=\"https:\/\/web.facebook.com\/najnaj.eu\/\" \/>\n<meta property=\"article:modified_time\" content=\"2026-02-04T10:15:13+00:00\" \/>\n<meta property=\"og:image\" content=\"https:\/\/najnaj.eu\/wp-content\/uploads\/2023\/02\/Wrist-Teether_Peony_2.jpg\" \/>\n\t<meta property=\"og:image:width\" content=\"2400\" \/>\n\t<meta property=\"og:image:height\" content=\"2107\" \/>\n\t<meta property=\"og:image:type\" content=\"image\/jpeg\" \/>\n<meta name=\"twitter:card\" content=\"summary_large_image\" \/>\n<meta name=\"twitter:label1\" content=\"Prix\" \/>\n\t<meta name=\"twitter:data1\" content=\"9,99&nbsp;&euro;\" \/>\n\t<meta name=\"twitter:label2\" content=\"Disponibilit\u00e9\" \/>\n\t<meta name=\"twitter:data2\" content=\"En stock\" \/>\n<script type=\"application\/ld+json\" class=\"yoast-schema-graph\">{\"@context\":\"https:\\\/\\\/schema.org\",\"@graph\":[{\"@type\":\"WebPage\",\"@id\":\"https:\\\/\\\/najnaj.eu\\\/fr\\\/proizvod\\\/b-box-zglobno-grickalo-peony\\\/\",\"url\":\"https:\\\/\\\/najnaj.eu\\\/fr\\\/proizvod\\\/b-box-zglobno-grickalo-peony\\\/\",\"name\":\"b.box Zglobno grickalo - Peony - NajNaj.eu\",\"isPartOf\":{\"@id\":\"https:\\\/\\\/najnaj.eu\\\/fr\\\/#website\"},\"primaryImageOfPage\":{\"@id\":\"https:\\\/\\\/najnaj.eu\\\/fr\\\/proizvod\\\/b-box-zglobno-grickalo-peony\\\/#primaryimage\"},\"image\":{\"@id\":\"https:\\\/\\\/najnaj.eu\\\/fr\\\/proizvod\\\/b-box-zglobno-grickalo-peony\\\/#primaryimage\"},\"thumbnailUrl\":\"https:\\\/\\\/najnaj.eu\\\/wp-content\\\/uploads\\\/2023\\\/02\\\/Wrist-Teether_Peony_2.jpg\",\"datePublished\":\"2023-02-13T08:31:23+00:00\",\"dateModified\":\"2026-02-04T10:15:13+00:00\",\"breadcrumb\":{\"@id\":\"https:\\\/\\\/najnaj.eu\\\/fr\\\/proizvod\\\/b-box-zglobno-grickalo-peony\\\/#breadcrumb\"},\"inLanguage\":\"fr-FR\",\"potentialAction\":[{\"@type\":\"ReadAction\",\"target\":[\"https:\\\/\\\/najnaj.eu\\\/fr\\\/proizvod\\\/b-box-zglobno-grickalo-peony\\\/\"]}]},{\"@type\":\"ImageObject\",\"inLanguage\":\"fr-FR\",\"@id\":\"https:\\\/\\\/najnaj.eu\\\/fr\\\/proizvod\\\/b-box-zglobno-grickalo-peony\\\/#primaryimage\",\"url\":\"https:\\\/\\\/najnaj.eu\\\/wp-content\\\/uploads\\\/2023\\\/02\\\/Wrist-Teether_Peony_2.jpg\",\"contentUrl\":\"https:\\\/\\\/najnaj.eu\\\/wp-content\\\/uploads\\\/2023\\\/02\\\/Wrist-Teether_Peony_2.jpg\",\"width\":2400,\"height\":2107},{\"@type\":\"BreadcrumbList\",\"@id\":\"https:\\\/\\\/najnaj.eu\\\/fr\\\/proizvod\\\/b-box-zglobno-grickalo-peony\\\/#breadcrumb\",\"itemListElement\":[{\"@type\":\"ListItem\",\"position\":1,\"name\":\"Po\u010detna stranica\",\"item\":\"https:\\\/\\\/najnaj.eu\\\/fr\\\/\"},{\"@type\":\"ListItem\",\"position\":2,\"name\":\"Trgovina\",\"item\":\"https:\\\/\\\/najnaj.hr\\\/trgovina\\\/\"},{\"@type\":\"ListItem\",\"position\":3,\"name\":\"b.box Zglobno grickalo &#8211; Peony\"}]},{\"@type\":\"WebSite\",\"@id\":\"https:\\\/\\\/najnaj.eu\\\/fr\\\/#website\",\"url\":\"https:\\\/\\\/najnaj.eu\\\/fr\\\/\",\"name\":\"NajNaj.eu\",\"description\":\"Za najva\u017enije!\",\"potentialAction\":[{\"@type\":\"SearchAction\",\"target\":{\"@type\":\"EntryPoint\",\"urlTemplate\":\"https:\\\/\\\/najnaj.eu\\\/fr\\\/?s={search_term_string}\"},\"query-input\":{\"@type\":\"PropertyValueSpecification\",\"valueRequired\":true,\"valueName\":\"search_term_string\"}}],\"inLanguage\":\"fr-FR\"}]}<\/script>\n<meta property=\"product:brand\" content=\"b.box\" \/>\n<meta property=\"product:price:amount\" content=\"9.99\" \/>\n<meta property=\"product:price:currency\" content=\"EUR\" \/>\n<meta property=\"og:availability\" content=\"instock\" \/>\n<meta property=\"product:availability\" content=\"instock\" \/>\n<meta property=\"product:retailer_item_id\" content=\"BX100309\" \/>\n<meta property=\"product:condition\" content=\"new\" \/>\n<!-- \/ Yoast SEO Premium plugin. -->","yoast_head_json":{"title":"b.box Zglobno grickalo - Peony - NajNaj.eu","robots":{"index":"index","follow":"follow","max-snippet":"max-snippet:-1","max-image-preview":"max-image-preview:large","max-video-preview":"max-video-preview:-1"},"canonical":"https:\/\/najnaj.eu\/fr\/proizvod\/b-box-zglobno-grickalo-peony\/","og_locale":"fr_FR","og_type":"article","og_title":"b.box Zglobno grickalo - Peony","og_description":"&gt; Prikladno za razli\u010dite faze nicanja zubi\u0107a &gt; Izvrstan za kori\u0161tenje na prednjim i stra\u017enjim zubima &gt; Dizajn narukvice pristaje bebinom zglobu kako bi ga beba lak\u0161e zadr\u017eala u svojoj blizini &gt; Lagan i jednostavan za hvatanje &gt; Multisenzorni dizajn &gt; Razli\u010dite teksture nje\u017eno masiraju bolne desni &gt; Izra\u0111en od higijenskog silikona &gt; Mo\u017ee se prati u perilici posu\u0111a (samo na gornjoj polici) i u sterilizatoru","og_url":"https:\/\/najnaj.eu\/fr\/proizvod\/b-box-zglobno-grickalo-peony\/","og_site_name":"NajNaj.eu","article_publisher":"https:\/\/web.facebook.com\/najnaj.eu\/","article_modified_time":"2026-02-04T10:15:13+00:00","og_image":[{"width":2400,"height":2107,"url":"https:\/\/najnaj.eu\/wp-content\/uploads\/2023\/02\/Wrist-Teether_Peony_2.jpg","type":"image\/jpeg"}],"twitter_card":"summary_large_image","twitter_misc":{"Prix":"9,99&nbsp;&euro;","Disponibilit\u00e9":"En stock"},"schema":{"@context":"https:\/\/schema.org","@graph":[{"@type":"WebPage","@id":"https:\/\/najnaj.eu\/fr\/proizvod\/b-box-zglobno-grickalo-peony\/","url":"https:\/\/najnaj.eu\/fr\/proizvod\/b-box-zglobno-grickalo-peony\/","name":"b.box Zglobno grickalo - Peony - NajNaj.eu","isPartOf":{"@id":"https:\/\/najnaj.eu\/fr\/#website"},"primaryImageOfPage":{"@id":"https:\/\/najnaj.eu\/fr\/proizvod\/b-box-zglobno-grickalo-peony\/#primaryimage"},"image":{"@id":"https:\/\/najnaj.eu\/fr\/proizvod\/b-box-zglobno-grickalo-peony\/#primaryimage"},"thumbnailUrl":"https:\/\/najnaj.eu\/wp-content\/uploads\/2023\/02\/Wrist-Teether_Peony_2.jpg","datePublished":"2023-02-13T08:31:23+00:00","dateModified":"2026-02-04T10:15:13+00:00","breadcrumb":{"@id":"https:\/\/najnaj.eu\/fr\/proizvod\/b-box-zglobno-grickalo-peony\/#breadcrumb"},"inLanguage":"fr-FR","potentialAction":[{"@type":"ReadAction","target":["https:\/\/najnaj.eu\/fr\/proizvod\/b-box-zglobno-grickalo-peony\/"]}]},{"@type":"ImageObject","inLanguage":"fr-FR","@id":"https:\/\/najnaj.eu\/fr\/proizvod\/b-box-zglobno-grickalo-peony\/#primaryimage","url":"https:\/\/najnaj.eu\/wp-content\/uploads\/2023\/02\/Wrist-Teether_Peony_2.jpg","contentUrl":"https:\/\/najnaj.eu\/wp-content\/uploads\/2023\/02\/Wrist-Teether_Peony_2.jpg","width":2400,"height":2107},{"@type":"BreadcrumbList","@id":"https:\/\/najnaj.eu\/fr\/proizvod\/b-box-zglobno-grickalo-peony\/#breadcrumb","itemListElement":[{"@type":"ListItem","position":1,"name":"Po\u010detna stranica","item":"https:\/\/najnaj.eu\/fr\/"},{"@type":"ListItem","position":2,"name":"Trgovina","item":"https:\/\/najnaj.hr\/trgovina\/"},{"@type":"ListItem","position":3,"name":"b.box Zglobno grickalo &#8211; Peony"}]},{"@type":"WebSite","@id":"https:\/\/najnaj.eu\/fr\/#website","url":"https:\/\/najnaj.eu\/fr\/","name":"NajNaj.eu","description":"Za najva\u017enije!","potentialAction":[{"@type":"SearchAction","target":{"@type":"EntryPoint","urlTemplate":"https:\/\/najnaj.eu\/fr\/?s={search_term_string}"},"query-input":{"@type":"PropertyValueSpecification","valueRequired":true,"valueName":"search_term_string"}}],"inLanguage":"fr-FR"}]},"product_brand":"b.box","product_price_amount":"9.99","product_price_currency":"EUR","og_availability":"instock","product_availability":"instock","product_retailer_item_id":"BX100309","product_condition":"new"},"_links":{"self":[{"href":"https:\/\/najnaj.eu\/fr\/wp-json\/wp\/v2\/product\/150494","targetHints":{"allow":["GET"]}}],"collection":[{"href":"https:\/\/najnaj.eu\/fr\/wp-json\/wp\/v2\/product"}],"about":[{"href":"https:\/\/najnaj.eu\/fr\/wp-json\/wp\/v2\/types\/product"}],"replies":[{"embeddable":true,"href":"https:\/\/najnaj.eu\/fr\/wp-json\/wp\/v2\/comments?post=150494"}],"version-history":[{"count":0,"href":"https:\/\/najnaj.eu\/fr\/wp-json\/wp\/v2\/product\/150494\/revisions"}],"wp:featuredmedia":[{"embeddable":true,"href":"https:\/\/najnaj.eu\/fr\/wp-json\/wp\/v2\/media\/244292"}],"wp:attachment":[{"href":"https:\/\/najnaj.eu\/fr\/wp-json\/wp\/v2\/media?parent=150494"}],"wp:term":[{"taxonomy":"product_brand","embeddable":true,"href":"https:\/\/najnaj.eu\/fr\/wp-json\/wp\/v2\/product_brand?post=150494"},{"taxonomy":"product_cat","embeddable":true,"href":"https:\/\/najnaj.eu\/fr\/wp-json\/wp\/v2\/product_cat?post=150494"},{"taxonomy":"product_tag","embeddable":true,"href":"https:\/\/najnaj.eu\/fr\/wp-json\/wp\/v2\/product_tag?post=150494"}],"curies":[{"name":"wp","href":"https:\/\/api.w.org\/{rel}","templated":true}]}}