{"id":150492,"date":"2023-02-02T13:46:45","date_gmt":"2023-02-02T12:46:45","guid":{"rendered":"https:\/\/najnaj.hr\/proizvod\/lassig-gre-rolltop-ruksak-sivi\/"},"modified":"2026-02-07T21:20:43","modified_gmt":"2026-02-07T20:20:43","slug":"lassig-gre-rolltop-ruksak-sivi","status":"publish","type":"product","link":"https:\/\/najnaj.eu\/fr\/proizvod\/lassig-gre-rolltop-ruksak-sivi\/","title":{"rendered":"L\u00e4ssig GRE Rolltop Ruksak, sivi"},"content":{"rendered":"<p>Prili\u010dno fleksibilna, L\u00c4SSIG-ova torba za pelene Rolltop Backpack iz kolekcije Green Label, impresionira svojom jednostavnom siluetom, odr\u017eivo\u0161\u0107u i dodatnim prostorom.<br \/>\nOdr\u017eivo proizveden veganski ruksak za pelene pru\u017ea fleksibilnost zahvaljuju\u0107i svom otvaranju na rolo. Nakon \u0161to ste zavr\u0161ili s pakiranjem i prona\u0161li ne\u0161to drugo \u0161to vam treba, samo otvorite gornji dio i imate dodatni prostor, posebno za duge predmete \u2013 tako da nema gnjava\u017ee! Prostor ruksaka mo\u017ee se pove\u0107ati sa 17,5 na \u010dak 21,8 litara jednostavnim smotanjem. Kada se smota, torba se zatvara jednostavnom magnetskom kop\u010dom.<\/p>\n<p>Zahvaljuju\u0107i patentnom zatvara\u010du du\u017e cijele bo\u010dne strane imate brzi pristup unutra\u0161njosti. Malena torbica sprijeda, d\u017eep s patentnim zatvara\u010dem straga i prakti\u010dni dodaci, \u010dine ga idealnim dodatkom za roditelje.<\/p>\n<p>Opremljeni vodootpornom podlogom za presvla\u010denje, izoliranim dr\u017ea\u010dem za bo\u010dicu, uklonjivim dr\u017ea\u010dem za teglice, dodacima za kolica i malom torbom za pribor, imate sve \u0161to vam je potrebno kada ste u pokretu. Mnogi razli\u010diti prakti\u010dni pretinci koji su dostupni iznutra i izvana, poma\u017eu vam da pospremite svoje stvari kako \u017eelite.<\/p>\n<p>Dodatni plus bodovi: Rolltop ruksak je 100% reciklirani poliester tekstilne marke Waste2Wear. Za preradu je bilo potrebno 38 recikliranih PET boca.<\/p>\n<p>L\u00c4SSIG se pri odabiru materijala namjerno odlu\u010dio za suradnju s tekstilnim brendom Waste2Wear. Ova tvrtka predana je proizvodnji ekolo\u0161ki prihvatljivih materijala od rabljenih, recikliranih plasti\u010dnih boca u potpuno certificiranom i transparentnom lancu vrijednosti. Osim toga, cilj im je iskoristiti plasti\u010dni otpad iz oceana ili ga prikupiti prije nego \u0161to tamo uop\u0107e sleti.<\/p>\n","protected":false},"excerpt":{"rendered":"<p>L\u00c4SSIG-ov Rolltop ruksak iz kolekcije Green Label pru\u017ea punu fleksibilnost. Zahvaljuju\u0107i na\u010dinu na koji se Rolltop ruksak otvara, mo\u017eete jednostavno pove\u0107ati volumen. Ova odr\u017eivo proizvedena torba izra\u0111ena od 100% reciklirane poliesterske tkanine s prakti\u010dnim dodacima za mijenjanje pelena idealna je za cijelu obitelj.<\/p>\n","protected":false},"featured_media":125444,"comment_status":"open","ping_status":"closed","template":"","meta":{"_acf_changed":false,"footnotes":""},"product_brand":[],"product_cat":[552,676,677,562],"product_tag":[2277],"class_list":{"0":"post-150492","1":"product","2":"type-product","3":"status-publish","4":"has-post-thumbnail","6":"product_cat-dodaci-za-kolica","7":"product_cat-moda","8":"product_cat-torbe-moda","9":"product_cat-za-mamu","10":"product_tag-rasprodaja","11":"pa_boja-siva","12":"pa_brand-lassig","13":"pa_torbe-za-pelene","15":"first","16":"instock","17":"sale","18":"purchasable","19":"product-type-simple"},"bundled_by":[],"bundle_stock_status":"instock","bundle_stock_quantity":1,"bundle_virtual":false,"bundle_layout":"","bundle_add_to_cart_form_location":"","bundle_editable_in_cart":false,"bundle_sold_individually_context":"","bundle_item_grouping":"","bundle_min_size":"","bundle_max_size":"","bundle_price":[],"bundled_items":[],"bundle_sell_ids":[],"acf":[],"yoast_head":"<!-- This site is optimized with the Yoast SEO Premium plugin v21.5 (Yoast SEO v27.4) - https:\/\/yoast.com\/product\/yoast-seo-premium-wordpress\/ -->\n<title>L\u00e4ssig GRE Rolltop Ruksak, sivi - NajNaj.eu<\/title>\n<meta name=\"robots\" content=\"index, follow, max-snippet:-1, max-image-preview:large, max-video-preview:-1\" \/>\n<link rel=\"canonical\" href=\"https:\/\/najnaj.eu\/fr\/proizvod\/lassig-gre-rolltop-ruksak-sivi\/\" \/>\n<meta property=\"og:locale\" content=\"fr_FR\" \/>\n<meta property=\"og:type\" content=\"article\" \/>\n<meta property=\"og:title\" content=\"L\u00e4ssig GRE Rolltop Ruksak, sivi\" \/>\n<meta property=\"og:description\" content=\"L\u00c4SSIG-ov Rolltop ruksak iz kolekcije Green Label pru\u017ea punu fleksibilnost. Zahvaljuju\u0107i na\u010dinu na koji se Rolltop ruksak otvara, mo\u017eete jednostavno pove\u0107ati volumen. Ova odr\u017eivo proizvedena torba izra\u0111ena od 100% reciklirane poliesterske tkanine s prakti\u010dnim dodacima za mijenjanje pelena idealna je za cijelu obitelj.\" \/>\n<meta property=\"og:url\" content=\"https:\/\/najnaj.eu\/fr\/proizvod\/lassig-gre-rolltop-ruksak-sivi\/\" \/>\n<meta property=\"og:site_name\" content=\"NajNaj.eu\" \/>\n<meta property=\"article:publisher\" content=\"https:\/\/web.facebook.com\/najnaj.eu\/\" \/>\n<meta property=\"article:modified_time\" content=\"2026-02-07T20:20:43+00:00\" \/>\n<meta property=\"og:image\" content=\"https:\/\/najnaj.eu\/wp-content\/uploads\/2023\/08\/1103025200_19xHHEU5W53i9l_600x600.jpg\" \/>\n\t<meta property=\"og:image:width\" content=\"600\" \/>\n\t<meta property=\"og:image:height\" content=\"600\" \/>\n\t<meta property=\"og:image:type\" content=\"image\/jpeg\" \/>\n<meta name=\"twitter:card\" content=\"summary_large_image\" \/>\n<meta name=\"twitter:label1\" content=\"Prix\" \/>\n\t<meta name=\"twitter:data1\" content=\"129,95&nbsp;&euro;\" \/>\n\t<meta name=\"twitter:label2\" content=\"Disponibilit\u00e9\" \/>\n\t<meta name=\"twitter:data2\" content=\"En stock\" \/>\n<script type=\"application\/ld+json\" class=\"yoast-schema-graph\">{\"@context\":\"https:\\\/\\\/schema.org\",\"@graph\":[{\"@type\":\"WebPage\",\"@id\":\"https:\\\/\\\/najnaj.eu\\\/fr\\\/proizvod\\\/lassig-gre-rolltop-ruksak-sivi\\\/\",\"url\":\"https:\\\/\\\/najnaj.eu\\\/fr\\\/proizvod\\\/lassig-gre-rolltop-ruksak-sivi\\\/\",\"name\":\"L\u00e4ssig GRE Rolltop Ruksak, sivi - NajNaj.eu\",\"isPartOf\":{\"@id\":\"https:\\\/\\\/najnaj.eu\\\/fr\\\/#website\"},\"primaryImageOfPage\":{\"@id\":\"https:\\\/\\\/najnaj.eu\\\/fr\\\/proizvod\\\/lassig-gre-rolltop-ruksak-sivi\\\/#primaryimage\"},\"image\":{\"@id\":\"https:\\\/\\\/najnaj.eu\\\/fr\\\/proizvod\\\/lassig-gre-rolltop-ruksak-sivi\\\/#primaryimage\"},\"thumbnailUrl\":\"https:\\\/\\\/najnaj.eu\\\/wp-content\\\/uploads\\\/2023\\\/08\\\/1103025200_19xHHEU5W53i9l_600x600.jpg\",\"datePublished\":\"2023-02-02T12:46:45+00:00\",\"dateModified\":\"2026-02-07T20:20:43+00:00\",\"breadcrumb\":{\"@id\":\"https:\\\/\\\/najnaj.eu\\\/fr\\\/proizvod\\\/lassig-gre-rolltop-ruksak-sivi\\\/#breadcrumb\"},\"inLanguage\":\"fr-FR\",\"potentialAction\":[{\"@type\":\"ReadAction\",\"target\":[\"https:\\\/\\\/najnaj.eu\\\/fr\\\/proizvod\\\/lassig-gre-rolltop-ruksak-sivi\\\/\"]}]},{\"@type\":\"ImageObject\",\"inLanguage\":\"fr-FR\",\"@id\":\"https:\\\/\\\/najnaj.eu\\\/fr\\\/proizvod\\\/lassig-gre-rolltop-ruksak-sivi\\\/#primaryimage\",\"url\":\"https:\\\/\\\/najnaj.eu\\\/wp-content\\\/uploads\\\/2023\\\/08\\\/1103025200_19xHHEU5W53i9l_600x600.jpg\",\"contentUrl\":\"https:\\\/\\\/najnaj.eu\\\/wp-content\\\/uploads\\\/2023\\\/08\\\/1103025200_19xHHEU5W53i9l_600x600.jpg\",\"width\":600,\"height\":600},{\"@type\":\"BreadcrumbList\",\"@id\":\"https:\\\/\\\/najnaj.eu\\\/fr\\\/proizvod\\\/lassig-gre-rolltop-ruksak-sivi\\\/#breadcrumb\",\"itemListElement\":[{\"@type\":\"ListItem\",\"position\":1,\"name\":\"Po\u010detna stranica\",\"item\":\"https:\\\/\\\/najnaj.eu\\\/fr\\\/\"},{\"@type\":\"ListItem\",\"position\":2,\"name\":\"Trgovina\",\"item\":\"https:\\\/\\\/najnaj.hr\\\/trgovina\\\/\"},{\"@type\":\"ListItem\",\"position\":3,\"name\":\"L\u00e4ssig GRE Rolltop Ruksak, sivi\"}]},{\"@type\":\"WebSite\",\"@id\":\"https:\\\/\\\/najnaj.eu\\\/fr\\\/#website\",\"url\":\"https:\\\/\\\/najnaj.eu\\\/fr\\\/\",\"name\":\"NajNaj.eu\",\"description\":\"Za najva\u017enije!\",\"potentialAction\":[{\"@type\":\"SearchAction\",\"target\":{\"@type\":\"EntryPoint\",\"urlTemplate\":\"https:\\\/\\\/najnaj.eu\\\/fr\\\/?s={search_term_string}\"},\"query-input\":{\"@type\":\"PropertyValueSpecification\",\"valueRequired\":true,\"valueName\":\"search_term_string\"}}],\"inLanguage\":\"fr-FR\"}]}<\/script>\n<meta property=\"product:brand\" content=\"L\u00e4ssig\" \/>\n<meta property=\"product:price:amount\" content=\"129.95\" \/>\n<meta property=\"product:price:currency\" content=\"EUR\" \/>\n<meta property=\"og:availability\" content=\"instock\" \/>\n<meta property=\"product:availability\" content=\"instock\" \/>\n<meta property=\"product:retailer_item_id\" content=\"1103025200\" \/>\n<meta property=\"product:condition\" content=\"new\" \/>\n<!-- \/ Yoast SEO Premium plugin. -->","yoast_head_json":{"title":"L\u00e4ssig GRE Rolltop Ruksak, sivi - NajNaj.eu","robots":{"index":"index","follow":"follow","max-snippet":"max-snippet:-1","max-image-preview":"max-image-preview:large","max-video-preview":"max-video-preview:-1"},"canonical":"https:\/\/najnaj.eu\/fr\/proizvod\/lassig-gre-rolltop-ruksak-sivi\/","og_locale":"fr_FR","og_type":"article","og_title":"L\u00e4ssig GRE Rolltop Ruksak, sivi","og_description":"L\u00c4SSIG-ov Rolltop ruksak iz kolekcije Green Label pru\u017ea punu fleksibilnost. Zahvaljuju\u0107i na\u010dinu na koji se Rolltop ruksak otvara, mo\u017eete jednostavno pove\u0107ati volumen. Ova odr\u017eivo proizvedena torba izra\u0111ena od 100% reciklirane poliesterske tkanine s prakti\u010dnim dodacima za mijenjanje pelena idealna je za cijelu obitelj.","og_url":"https:\/\/najnaj.eu\/fr\/proizvod\/lassig-gre-rolltop-ruksak-sivi\/","og_site_name":"NajNaj.eu","article_publisher":"https:\/\/web.facebook.com\/najnaj.eu\/","article_modified_time":"2026-02-07T20:20:43+00:00","og_image":[{"width":600,"height":600,"url":"https:\/\/najnaj.eu\/wp-content\/uploads\/2023\/08\/1103025200_19xHHEU5W53i9l_600x600.jpg","type":"image\/jpeg"}],"twitter_card":"summary_large_image","twitter_misc":{"Prix":"129,95&nbsp;&euro;","Disponibilit\u00e9":"En stock"},"schema":{"@context":"https:\/\/schema.org","@graph":[{"@type":"WebPage","@id":"https:\/\/najnaj.eu\/fr\/proizvod\/lassig-gre-rolltop-ruksak-sivi\/","url":"https:\/\/najnaj.eu\/fr\/proizvod\/lassig-gre-rolltop-ruksak-sivi\/","name":"L\u00e4ssig GRE Rolltop Ruksak, sivi - NajNaj.eu","isPartOf":{"@id":"https:\/\/najnaj.eu\/fr\/#website"},"primaryImageOfPage":{"@id":"https:\/\/najnaj.eu\/fr\/proizvod\/lassig-gre-rolltop-ruksak-sivi\/#primaryimage"},"image":{"@id":"https:\/\/najnaj.eu\/fr\/proizvod\/lassig-gre-rolltop-ruksak-sivi\/#primaryimage"},"thumbnailUrl":"https:\/\/najnaj.eu\/wp-content\/uploads\/2023\/08\/1103025200_19xHHEU5W53i9l_600x600.jpg","datePublished":"2023-02-02T12:46:45+00:00","dateModified":"2026-02-07T20:20:43+00:00","breadcrumb":{"@id":"https:\/\/najnaj.eu\/fr\/proizvod\/lassig-gre-rolltop-ruksak-sivi\/#breadcrumb"},"inLanguage":"fr-FR","potentialAction":[{"@type":"ReadAction","target":["https:\/\/najnaj.eu\/fr\/proizvod\/lassig-gre-rolltop-ruksak-sivi\/"]}]},{"@type":"ImageObject","inLanguage":"fr-FR","@id":"https:\/\/najnaj.eu\/fr\/proizvod\/lassig-gre-rolltop-ruksak-sivi\/#primaryimage","url":"https:\/\/najnaj.eu\/wp-content\/uploads\/2023\/08\/1103025200_19xHHEU5W53i9l_600x600.jpg","contentUrl":"https:\/\/najnaj.eu\/wp-content\/uploads\/2023\/08\/1103025200_19xHHEU5W53i9l_600x600.jpg","width":600,"height":600},{"@type":"BreadcrumbList","@id":"https:\/\/najnaj.eu\/fr\/proizvod\/lassig-gre-rolltop-ruksak-sivi\/#breadcrumb","itemListElement":[{"@type":"ListItem","position":1,"name":"Po\u010detna stranica","item":"https:\/\/najnaj.eu\/fr\/"},{"@type":"ListItem","position":2,"name":"Trgovina","item":"https:\/\/najnaj.hr\/trgovina\/"},{"@type":"ListItem","position":3,"name":"L\u00e4ssig GRE Rolltop Ruksak, sivi"}]},{"@type":"WebSite","@id":"https:\/\/najnaj.eu\/fr\/#website","url":"https:\/\/najnaj.eu\/fr\/","name":"NajNaj.eu","description":"Za najva\u017enije!","potentialAction":[{"@type":"SearchAction","target":{"@type":"EntryPoint","urlTemplate":"https:\/\/najnaj.eu\/fr\/?s={search_term_string}"},"query-input":{"@type":"PropertyValueSpecification","valueRequired":true,"valueName":"search_term_string"}}],"inLanguage":"fr-FR"}]},"product_brand":"L\u00e4ssig","product_price_amount":"129.95","product_price_currency":"EUR","og_availability":"instock","product_availability":"instock","product_retailer_item_id":"1103025200","product_condition":"new"},"_links":{"self":[{"href":"https:\/\/najnaj.eu\/fr\/wp-json\/wp\/v2\/product\/150492","targetHints":{"allow":["GET"]}}],"collection":[{"href":"https:\/\/najnaj.eu\/fr\/wp-json\/wp\/v2\/product"}],"about":[{"href":"https:\/\/najnaj.eu\/fr\/wp-json\/wp\/v2\/types\/product"}],"replies":[{"embeddable":true,"href":"https:\/\/najnaj.eu\/fr\/wp-json\/wp\/v2\/comments?post=150492"}],"version-history":[{"count":0,"href":"https:\/\/najnaj.eu\/fr\/wp-json\/wp\/v2\/product\/150492\/revisions"}],"wp:featuredmedia":[{"embeddable":true,"href":"https:\/\/najnaj.eu\/fr\/wp-json\/wp\/v2\/media\/125444"}],"wp:attachment":[{"href":"https:\/\/najnaj.eu\/fr\/wp-json\/wp\/v2\/media?parent=150492"}],"wp:term":[{"taxonomy":"product_brand","embeddable":true,"href":"https:\/\/najnaj.eu\/fr\/wp-json\/wp\/v2\/product_brand?post=150492"},{"taxonomy":"product_cat","embeddable":true,"href":"https:\/\/najnaj.eu\/fr\/wp-json\/wp\/v2\/product_cat?post=150492"},{"taxonomy":"product_tag","embeddable":true,"href":"https:\/\/najnaj.eu\/fr\/wp-json\/wp\/v2\/product_tag?post=150492"}],"curies":[{"name":"wp","href":"https:\/\/api.w.org\/{rel}","templated":true}]}}