{"id":150490,"date":"2023-02-02T13:32:36","date_gmt":"2023-02-02T12:32:36","guid":{"rendered":"https:\/\/najnaj.hr\/proizvod\/lassig-gre-pamucna-torba-za-pelene-antracit\/"},"modified":"2026-02-04T11:15:34","modified_gmt":"2026-02-04T10:15:34","slug":"lassig-gre-pamucna-torba-za-pelene-antracit","status":"publish","type":"product","link":"https:\/\/najnaj.eu\/fr\/proizvod\/lassig-gre-pamucna-torba-za-pelene-antracit\/","title":{"rendered":"L\u00e4ssig GRE Pamu\u010dna torba za pelene, antracit"},"content":{"rendered":"<p>Izra\u0111eno od organskog pamuka! Vodootporna torba za pelene Cotton Essential Bag, iz kolekcije L\u00c4SSIG Green Label impresionira svojom visokokvalitetnom zavr\u0161nom obradom od organskog pamuka i elegantnim dizajnom. Ispod njegove prekrasne i ekolo\u0161ki prihvatljive vanj\u0161tine nalazi se iznena\u0111uju\u0107e velika koli\u010dina prostora za pohranu i set dodataka za presvla\u010denje spreman za upotrebu. Upravo to \u010dini Cotton Essential Bag elegantnim i neizostavnim suputnikom za razdoblje kada je beba u pelenama i nakon toga.<\/p>\n<p>Minimalisti\u010dka torba za pelene izra\u0111ena je od pamuka iz organskog uzgoja. Podrijetlo kori\u0161tenih materijala \u010dini torbu Cotton Essential Bag ekolo\u0161ki prihvatljivom. \u0160tovi\u0161e, robusni i vodootporni premaz sla\u017ee se sa svim vremenskim uvjetima. Torba se mo\u017ee prati u perilici na 30\u00b0C na nje\u017enom na\u010dinu rada te \u010dak i nakon dulje upotrebe, nastavlja pru\u017eati vrhunsku funkcionalnost.<\/p>\n<p>Osim svoje ugodne teksture i modernih boja, Cotton Essential Bag ima dodatne detalje koji \u0107e mladi roditelji cijeniti, podebljane logotipe Fairness i Kindness \u2013 izjave koje odra\u017eavaju L\u00c4SSIG-ove vlastite prioritete. Kao proizvo\u0111a\u010d, L\u00c4SSIG ne brine samo o funkcionalnosti i dizajnu, ve\u0107 tako\u0111er pridaje posebnu va\u017enost po\u0161tenoj trgovini i odgovornom kori\u0161tenju resursa planeta.<\/p>\n<p>Cotton Essential Bag \u0161iroko se otvara i otkriva podstavu jarkih boja i odli\u010dan raspored pretinaca. Roditelji imaju dobar pregled nad odje\u0107om, pelenama, teglicama i ostalim priborom za presvla\u010denje koji je organizirano pohranjen u velikom glavnom pretincu. Tako\u0111er, boce s vodom mogu se lako pospremiti u vanjske d\u017eepove. Opremljeni vodootpornom podlogom za prematanje, dodatkom za kolica i zasebnim remenom za rame, roditelji imaju sve \u0161to im je potrebno za u\u017eivanje s najmla\u0111ima.<\/p>\n","protected":false},"excerpt":{"rendered":"<p>L\u00c4SSIG Cotton Essential Bag uspje\u0161no spaja ekolo\u0161ku prihvatljivost, stil i funkcionalnost. Izra\u0111ena od organskog pamuka, ova torba za pelene dolazi u nenametljivom dizajnu s puno posve\u0107ene pa\u017enje detaljima. Tako\u0111er je vodootporna i periva u perilici.<\/p>\n","protected":false},"featured_media":125410,"comment_status":"closed","ping_status":"closed","template":"","meta":{"_acf_changed":false,"footnotes":""},"product_brand":[],"product_cat":[552,676,648,677],"product_tag":[],"class_list":{"0":"post-150490","1":"product","2":"type-product","3":"status-publish","4":"has-post-thumbnail","6":"product_cat-dodaci-za-kolica","7":"product_cat-moda","8":"product_cat-organizatori-za-kolica","9":"product_cat-torbe-moda","10":"pa_brand-lassig","12":"first","13":"instock","14":"purchasable","15":"product-type-simple"},"bundled_by":[],"bundle_stock_status":"instock","bundle_stock_quantity":7,"bundle_virtual":false,"bundle_layout":"","bundle_add_to_cart_form_location":"","bundle_editable_in_cart":false,"bundle_sold_individually_context":"","bundle_item_grouping":"","bundle_min_size":"","bundle_max_size":"","bundle_price":[],"bundled_items":[],"bundle_sell_ids":[],"acf":[],"yoast_head":"<!-- This site is optimized with the Yoast SEO Premium plugin v21.5 (Yoast SEO v27.4) - https:\/\/yoast.com\/product\/yoast-seo-premium-wordpress\/ -->\n<title>L\u00e4ssig GRE Pamu\u010dna torba za pelene, antracit - NajNaj.eu<\/title>\n<meta name=\"robots\" content=\"index, follow, max-snippet:-1, max-image-preview:large, max-video-preview:-1\" \/>\n<link rel=\"canonical\" href=\"https:\/\/najnaj.eu\/fr\/proizvod\/lassig-gre-pamucna-torba-za-pelene-antracit\/\" \/>\n<meta property=\"og:locale\" content=\"fr_FR\" \/>\n<meta property=\"og:type\" content=\"article\" \/>\n<meta property=\"og:title\" content=\"L\u00e4ssig GRE Pamu\u010dna torba za pelene, antracit\" \/>\n<meta property=\"og:description\" content=\"L\u00c4SSIG Cotton Essential Bag uspje\u0161no spaja ekolo\u0161ku prihvatljivost, stil i funkcionalnost. Izra\u0111ena od organskog pamuka, ova torba za pelene dolazi u nenametljivom dizajnu s puno posve\u0107ene pa\u017enje detaljima. Tako\u0111er je vodootporna i periva u perilici.\" \/>\n<meta property=\"og:url\" content=\"https:\/\/najnaj.eu\/fr\/proizvod\/lassig-gre-pamucna-torba-za-pelene-antracit\/\" \/>\n<meta property=\"og:site_name\" content=\"NajNaj.eu\" \/>\n<meta property=\"article:publisher\" content=\"https:\/\/web.facebook.com\/najnaj.eu\/\" \/>\n<meta property=\"article:modified_time\" content=\"2026-02-04T10:15:34+00:00\" \/>\n<meta property=\"og:image\" content=\"https:\/\/najnaj.eu\/wp-content\/uploads\/2023\/08\/1101033236_1BpO5is9wvHsc1_600x600.jpg\" \/>\n\t<meta property=\"og:image:width\" content=\"600\" \/>\n\t<meta property=\"og:image:height\" content=\"600\" \/>\n\t<meta property=\"og:image:type\" content=\"image\/jpeg\" \/>\n<meta name=\"twitter:card\" content=\"summary_large_image\" \/>\n<meta name=\"twitter:label1\" content=\"Prix\" \/>\n\t<meta name=\"twitter:data1\" content=\"89,95&nbsp;&euro;\" \/>\n\t<meta name=\"twitter:label2\" content=\"Disponibilit\u00e9\" \/>\n\t<meta name=\"twitter:data2\" content=\"En stock\" \/>\n<script type=\"application\/ld+json\" class=\"yoast-schema-graph\">{\"@context\":\"https:\\\/\\\/schema.org\",\"@graph\":[{\"@type\":\"WebPage\",\"@id\":\"https:\\\/\\\/najnaj.eu\\\/fr\\\/proizvod\\\/lassig-gre-pamucna-torba-za-pelene-antracit\\\/\",\"url\":\"https:\\\/\\\/najnaj.eu\\\/fr\\\/proizvod\\\/lassig-gre-pamucna-torba-za-pelene-antracit\\\/\",\"name\":\"L\u00e4ssig GRE Pamu\u010dna torba za pelene, antracit - NajNaj.eu\",\"isPartOf\":{\"@id\":\"https:\\\/\\\/najnaj.eu\\\/fr\\\/#website\"},\"primaryImageOfPage\":{\"@id\":\"https:\\\/\\\/najnaj.eu\\\/fr\\\/proizvod\\\/lassig-gre-pamucna-torba-za-pelene-antracit\\\/#primaryimage\"},\"image\":{\"@id\":\"https:\\\/\\\/najnaj.eu\\\/fr\\\/proizvod\\\/lassig-gre-pamucna-torba-za-pelene-antracit\\\/#primaryimage\"},\"thumbnailUrl\":\"https:\\\/\\\/najnaj.eu\\\/wp-content\\\/uploads\\\/2023\\\/08\\\/1101033236_1BpO5is9wvHsc1_600x600.jpg\",\"datePublished\":\"2023-02-02T12:32:36+00:00\",\"dateModified\":\"2026-02-04T10:15:34+00:00\",\"breadcrumb\":{\"@id\":\"https:\\\/\\\/najnaj.eu\\\/fr\\\/proizvod\\\/lassig-gre-pamucna-torba-za-pelene-antracit\\\/#breadcrumb\"},\"inLanguage\":\"fr-FR\",\"potentialAction\":[{\"@type\":\"ReadAction\",\"target\":[\"https:\\\/\\\/najnaj.eu\\\/fr\\\/proizvod\\\/lassig-gre-pamucna-torba-za-pelene-antracit\\\/\"]}]},{\"@type\":\"ImageObject\",\"inLanguage\":\"fr-FR\",\"@id\":\"https:\\\/\\\/najnaj.eu\\\/fr\\\/proizvod\\\/lassig-gre-pamucna-torba-za-pelene-antracit\\\/#primaryimage\",\"url\":\"https:\\\/\\\/najnaj.eu\\\/wp-content\\\/uploads\\\/2023\\\/08\\\/1101033236_1BpO5is9wvHsc1_600x600.jpg\",\"contentUrl\":\"https:\\\/\\\/najnaj.eu\\\/wp-content\\\/uploads\\\/2023\\\/08\\\/1101033236_1BpO5is9wvHsc1_600x600.jpg\",\"width\":600,\"height\":600},{\"@type\":\"BreadcrumbList\",\"@id\":\"https:\\\/\\\/najnaj.eu\\\/fr\\\/proizvod\\\/lassig-gre-pamucna-torba-za-pelene-antracit\\\/#breadcrumb\",\"itemListElement\":[{\"@type\":\"ListItem\",\"position\":1,\"name\":\"Po\u010detna stranica\",\"item\":\"https:\\\/\\\/najnaj.eu\\\/fr\\\/\"},{\"@type\":\"ListItem\",\"position\":2,\"name\":\"Trgovina\",\"item\":\"https:\\\/\\\/najnaj.hr\\\/trgovina\\\/\"},{\"@type\":\"ListItem\",\"position\":3,\"name\":\"L\u00e4ssig GRE Pamu\u010dna torba za pelene, antracit\"}]},{\"@type\":\"WebSite\",\"@id\":\"https:\\\/\\\/najnaj.eu\\\/fr\\\/#website\",\"url\":\"https:\\\/\\\/najnaj.eu\\\/fr\\\/\",\"name\":\"NajNaj.eu\",\"description\":\"Za najva\u017enije!\",\"potentialAction\":[{\"@type\":\"SearchAction\",\"target\":{\"@type\":\"EntryPoint\",\"urlTemplate\":\"https:\\\/\\\/najnaj.eu\\\/fr\\\/?s={search_term_string}\"},\"query-input\":{\"@type\":\"PropertyValueSpecification\",\"valueRequired\":true,\"valueName\":\"search_term_string\"}}],\"inLanguage\":\"fr-FR\"}]}<\/script>\n<meta property=\"product:brand\" content=\"L\u00e4ssig\" \/>\n<meta property=\"product:price:amount\" content=\"89.95\" \/>\n<meta property=\"product:price:currency\" content=\"EUR\" \/>\n<meta property=\"og:availability\" content=\"instock\" \/>\n<meta property=\"product:availability\" content=\"instock\" \/>\n<meta property=\"product:retailer_item_id\" content=\"1101033236\" \/>\n<meta property=\"product:condition\" content=\"new\" \/>\n<!-- \/ Yoast SEO Premium plugin. -->","yoast_head_json":{"title":"L\u00e4ssig GRE Pamu\u010dna torba za pelene, antracit - NajNaj.eu","robots":{"index":"index","follow":"follow","max-snippet":"max-snippet:-1","max-image-preview":"max-image-preview:large","max-video-preview":"max-video-preview:-1"},"canonical":"https:\/\/najnaj.eu\/fr\/proizvod\/lassig-gre-pamucna-torba-za-pelene-antracit\/","og_locale":"fr_FR","og_type":"article","og_title":"L\u00e4ssig GRE Pamu\u010dna torba za pelene, antracit","og_description":"L\u00c4SSIG Cotton Essential Bag uspje\u0161no spaja ekolo\u0161ku prihvatljivost, stil i funkcionalnost. Izra\u0111ena od organskog pamuka, ova torba za pelene dolazi u nenametljivom dizajnu s puno posve\u0107ene pa\u017enje detaljima. Tako\u0111er je vodootporna i periva u perilici.","og_url":"https:\/\/najnaj.eu\/fr\/proizvod\/lassig-gre-pamucna-torba-za-pelene-antracit\/","og_site_name":"NajNaj.eu","article_publisher":"https:\/\/web.facebook.com\/najnaj.eu\/","article_modified_time":"2026-02-04T10:15:34+00:00","og_image":[{"width":600,"height":600,"url":"https:\/\/najnaj.eu\/wp-content\/uploads\/2023\/08\/1101033236_1BpO5is9wvHsc1_600x600.jpg","type":"image\/jpeg"}],"twitter_card":"summary_large_image","twitter_misc":{"Prix":"89,95&nbsp;&euro;","Disponibilit\u00e9":"En stock"},"schema":{"@context":"https:\/\/schema.org","@graph":[{"@type":"WebPage","@id":"https:\/\/najnaj.eu\/fr\/proizvod\/lassig-gre-pamucna-torba-za-pelene-antracit\/","url":"https:\/\/najnaj.eu\/fr\/proizvod\/lassig-gre-pamucna-torba-za-pelene-antracit\/","name":"L\u00e4ssig GRE Pamu\u010dna torba za pelene, antracit - NajNaj.eu","isPartOf":{"@id":"https:\/\/najnaj.eu\/fr\/#website"},"primaryImageOfPage":{"@id":"https:\/\/najnaj.eu\/fr\/proizvod\/lassig-gre-pamucna-torba-za-pelene-antracit\/#primaryimage"},"image":{"@id":"https:\/\/najnaj.eu\/fr\/proizvod\/lassig-gre-pamucna-torba-za-pelene-antracit\/#primaryimage"},"thumbnailUrl":"https:\/\/najnaj.eu\/wp-content\/uploads\/2023\/08\/1101033236_1BpO5is9wvHsc1_600x600.jpg","datePublished":"2023-02-02T12:32:36+00:00","dateModified":"2026-02-04T10:15:34+00:00","breadcrumb":{"@id":"https:\/\/najnaj.eu\/fr\/proizvod\/lassig-gre-pamucna-torba-za-pelene-antracit\/#breadcrumb"},"inLanguage":"fr-FR","potentialAction":[{"@type":"ReadAction","target":["https:\/\/najnaj.eu\/fr\/proizvod\/lassig-gre-pamucna-torba-za-pelene-antracit\/"]}]},{"@type":"ImageObject","inLanguage":"fr-FR","@id":"https:\/\/najnaj.eu\/fr\/proizvod\/lassig-gre-pamucna-torba-za-pelene-antracit\/#primaryimage","url":"https:\/\/najnaj.eu\/wp-content\/uploads\/2023\/08\/1101033236_1BpO5is9wvHsc1_600x600.jpg","contentUrl":"https:\/\/najnaj.eu\/wp-content\/uploads\/2023\/08\/1101033236_1BpO5is9wvHsc1_600x600.jpg","width":600,"height":600},{"@type":"BreadcrumbList","@id":"https:\/\/najnaj.eu\/fr\/proizvod\/lassig-gre-pamucna-torba-za-pelene-antracit\/#breadcrumb","itemListElement":[{"@type":"ListItem","position":1,"name":"Po\u010detna stranica","item":"https:\/\/najnaj.eu\/fr\/"},{"@type":"ListItem","position":2,"name":"Trgovina","item":"https:\/\/najnaj.hr\/trgovina\/"},{"@type":"ListItem","position":3,"name":"L\u00e4ssig GRE Pamu\u010dna torba za pelene, antracit"}]},{"@type":"WebSite","@id":"https:\/\/najnaj.eu\/fr\/#website","url":"https:\/\/najnaj.eu\/fr\/","name":"NajNaj.eu","description":"Za najva\u017enije!","potentialAction":[{"@type":"SearchAction","target":{"@type":"EntryPoint","urlTemplate":"https:\/\/najnaj.eu\/fr\/?s={search_term_string}"},"query-input":{"@type":"PropertyValueSpecification","valueRequired":true,"valueName":"search_term_string"}}],"inLanguage":"fr-FR"}]},"product_brand":"L\u00e4ssig","product_price_amount":"89.95","product_price_currency":"EUR","og_availability":"instock","product_availability":"instock","product_retailer_item_id":"1101033236","product_condition":"new"},"_links":{"self":[{"href":"https:\/\/najnaj.eu\/fr\/wp-json\/wp\/v2\/product\/150490","targetHints":{"allow":["GET"]}}],"collection":[{"href":"https:\/\/najnaj.eu\/fr\/wp-json\/wp\/v2\/product"}],"about":[{"href":"https:\/\/najnaj.eu\/fr\/wp-json\/wp\/v2\/types\/product"}],"replies":[{"embeddable":true,"href":"https:\/\/najnaj.eu\/fr\/wp-json\/wp\/v2\/comments?post=150490"}],"version-history":[{"count":0,"href":"https:\/\/najnaj.eu\/fr\/wp-json\/wp\/v2\/product\/150490\/revisions"}],"wp:featuredmedia":[{"embeddable":true,"href":"https:\/\/najnaj.eu\/fr\/wp-json\/wp\/v2\/media\/125410"}],"wp:attachment":[{"href":"https:\/\/najnaj.eu\/fr\/wp-json\/wp\/v2\/media?parent=150490"}],"wp:term":[{"taxonomy":"product_brand","embeddable":true,"href":"https:\/\/najnaj.eu\/fr\/wp-json\/wp\/v2\/product_brand?post=150490"},{"taxonomy":"product_cat","embeddable":true,"href":"https:\/\/najnaj.eu\/fr\/wp-json\/wp\/v2\/product_cat?post=150490"},{"taxonomy":"product_tag","embeddable":true,"href":"https:\/\/najnaj.eu\/fr\/wp-json\/wp\/v2\/product_tag?post=150490"}],"curies":[{"name":"wp","href":"https:\/\/api.w.org\/{rel}","templated":true}]}}