{"id":150455,"date":"2023-09-21T10:28:27","date_gmt":"2023-09-21T08:28:27","guid":{"rendered":"https:\/\/najnaj.hr\/proizvod\/carriwell-udobne-potporne-tajice-3-4-crne\/"},"modified":"2026-04-13T12:52:11","modified_gmt":"2026-04-13T10:52:11","slug":"carriwell-besavne-potporne-tajice-za-trudnice-duzine-3-4","status":"publish","type":"product","link":"https:\/\/najnaj.eu\/fr\/proizvod\/carriwell-besavne-potporne-tajice-za-trudnice-duzine-3-4\/","title":{"rendered":"Carriwell Be\u0161avne potporne tajice za trudnice du\u017eine 3\/4"},"content":{"rendered":"<p>Do\u017eivite savr\u0161en spoj udobnosti, potpore i stila s Carriwell 3\/4 tajicama za trudnice. Izra\u0111ene od rastezljive tkanine koja je svilenkasto mekana i prozra\u010dna, ove tajice su posebno dizajnirane za va\u0161u osjetljivu ko\u017eu tijekom trudno\u0107e.<\/p>\n<p>Jedna od istaknutih zna\u010dajki ovih tajica je ugra\u0111ena potpora ispod trbuha. Ovaj inovativni dizajn pru\u017ea mekan i podr\u017eavaju\u0107i zagrljaj va\u0161em rastu\u0107em trbuhu, osiguravaju\u0107i cjelodnevnu udobnost i potporu. Recite zbogom neudobnosti i pozdravite dobro poduprt trudni\u010dki trbuh s tajicama koje vam omogu\u0107uju slobodno i pouzdano kretanje.<\/p>\n<p>Ne samo da ove tajice nude iznimnu potporu, ve\u0107 pru\u017eaju i olak\u0161anje. Trbu\u0161na podr\u0161ka koju nude mo\u017ee pomo\u0107i u ubla\u017eavanju laganih bolova u le\u0111ima koji su \u010desti tijekom trudno\u0107e. Pru\u017eaju\u0107i ciljanu potporu va\u0161em trbuhu, ove tajice doprinose udobnijem i ugodnijem iskustvu trudno\u0107e.<\/p>\n<p>Razumijevaju\u0107i jedinstvene potrebe trudnica, Carriwell 3\/4 tajice za trudnice izra\u0111ene su od svilenkasto meke tkanine. To osigurava da va\u0161a ko\u017ea ostane njegovana i bez iritacija, \u010dak i ako postane osjetljivija u ovo posebno vrijeme. Luksuzni dojam tkanine dodaje dodatni dodir ugode va\u0161oj trudni\u010dkoj garderobi.<\/p>\n<p>Ove tajice dizajnirane su da budu svestrane i funkcionalne, \u0161to vam omogu\u0107uje da ih bez napora uklopite u svoju dnevnu odje\u0107u. Njihova 3\/4 duljina nudi moderan i laskav izgled, savr\u0161en za sparivanje s tunikama, haljinama ili prevelikim topovima. Bilo da obavljate poslove, idete na satove prenatalne joge ili se jednostavno opu\u0161tate kod ku\u0107e, ove tajice pru\u017eaju udobnost i potporu koja vam je potrebna.<\/p>\n<p>Uz Carriwell 3\/4 Maternity Support Leggings, mo\u017eete prihvatiti svoju trudno\u0107u s povjerenjem i lako\u0107om. U\u017eivajte u blagodatima njihove meko\u0107e, potpore i prozra\u010dnosti, znaju\u0107i da su posebno izra\u0111ene kako bi pobolj\u0161ale va\u0161u udobnost i dobrobit. Ulo\u017eite u tajice koje daju prioritet va\u0161im potrebama i \u010dine da se osje\u0107ate osna\u017eeno tijekom ove prekrasne faze \u017eivota.<\/p>\n","protected":false},"excerpt":{"rendered":"<ul>\n<li>rastezljive, mekane i prozra\u010dne<\/li>\n<li>idealne za osjetljivu ko\u017eu<\/li>\n<li>potpora za trbuh i le\u0111a<\/li>\n<li>za svakodnevno no\u0161enje<\/li>\n<li>3\/4 du\u017eina<\/li>\n<\/ul>\n","protected":false},"featured_media":299412,"comment_status":"open","ping_status":"closed","template":"","meta":{"_acf_changed":false,"footnotes":""},"product_brand":[],"product_cat":[754,562,675],"product_tag":[2104],"class_list":{"0":"post-150455","1":"product","2":"type-product","3":"status-publish","4":"has-post-thumbnail","6":"product_cat-tajice","7":"product_cat-za-mamu","8":"product_cat-za-trudnice","9":"product_tag-mum-to-be","10":"pa_boja-crna","11":"pa_brand-carriwell","13":"first","14":"instock","15":"purchasable","16":"product-type-variable"},"bundled_by":[],"bundle_stock_status":"instock","bundle_stock_quantity":1,"bundle_virtual":false,"bundle_layout":"","bundle_add_to_cart_form_location":"","bundle_editable_in_cart":false,"bundle_sold_individually_context":"","bundle_item_grouping":"","bundle_min_size":"","bundle_max_size":"","bundle_price":[],"bundled_items":[],"bundle_sell_ids":[],"acf":[],"yoast_head":"<!-- This site is optimized with the Yoast SEO Premium plugin v21.5 (Yoast SEO v27.4) - https:\/\/yoast.com\/product\/yoast-seo-premium-wordpress\/ -->\n<title>Carriwell Be\u0161avne potporne tajice za trudnice du\u017eine 3\/4 - NajNaj.eu<\/title>\n<meta name=\"robots\" content=\"index, follow, max-snippet:-1, max-image-preview:large, max-video-preview:-1\" \/>\n<link rel=\"canonical\" href=\"https:\/\/najnaj.eu\/fr\/proizvod\/carriwell-besavne-potporne-tajice-za-trudnice-duzine-3-4\/\" \/>\n<meta property=\"og:locale\" content=\"fr_FR\" \/>\n<meta property=\"og:type\" content=\"article\" \/>\n<meta property=\"og:title\" content=\"Carriwell Be\u0161avne potporne tajice za trudnice du\u017eine 3\/4\" \/>\n<meta property=\"og:description\" content=\"rastezljive, mekane i prozra\u010dne  idealne za osjetljivu ko\u017eu  potpora za trbuh i le\u0111a  za svakodnevno no\u0161enje  3\/4 du\u017eina\" \/>\n<meta property=\"og:url\" content=\"https:\/\/najnaj.eu\/fr\/proizvod\/carriwell-besavne-potporne-tajice-za-trudnice-duzine-3-4\/\" \/>\n<meta property=\"og:site_name\" content=\"NajNaj.eu\" \/>\n<meta property=\"article:publisher\" content=\"https:\/\/web.facebook.com\/najnaj.eu\/\" \/>\n<meta property=\"article:modified_time\" content=\"2026-04-13T10:52:11+00:00\" \/>\n<meta property=\"og:image\" content=\"https:\/\/najnaj.eu\/wp-content\/uploads\/2023\/09\/4900_Seamless-3-4-Maternity-Support-Leggings_Web_v01.jpg\" \/>\n\t<meta property=\"og:image:width\" content=\"1000\" \/>\n\t<meta property=\"og:image:height\" content=\"1250\" \/>\n\t<meta property=\"og:image:type\" content=\"image\/jpeg\" \/>\n<meta name=\"twitter:card\" content=\"summary_large_image\" \/>\n<meta name=\"twitter:label1\" content=\"Disponibilit\u00e9\" \/>\n\t<meta name=\"twitter:data1\" content=\"En stock\" \/>\n<script type=\"application\/ld+json\" class=\"yoast-schema-graph\">{\"@context\":\"https:\\\/\\\/schema.org\",\"@graph\":[{\"@type\":\"WebPage\",\"@id\":\"https:\\\/\\\/najnaj.eu\\\/fr\\\/proizvod\\\/carriwell-besavne-potporne-tajice-za-trudnice-duzine-3-4\\\/\",\"url\":\"https:\\\/\\\/najnaj.eu\\\/fr\\\/proizvod\\\/carriwell-besavne-potporne-tajice-za-trudnice-duzine-3-4\\\/\",\"name\":\"Carriwell Be\u0161avne potporne tajice za trudnice du\u017eine 3\\\/4 - NajNaj.eu\",\"isPartOf\":{\"@id\":\"https:\\\/\\\/najnaj.eu\\\/fr\\\/#website\"},\"primaryImageOfPage\":{\"@id\":\"https:\\\/\\\/najnaj.eu\\\/fr\\\/proizvod\\\/carriwell-besavne-potporne-tajice-za-trudnice-duzine-3-4\\\/#primaryimage\"},\"image\":{\"@id\":\"https:\\\/\\\/najnaj.eu\\\/fr\\\/proizvod\\\/carriwell-besavne-potporne-tajice-za-trudnice-duzine-3-4\\\/#primaryimage\"},\"thumbnailUrl\":\"https:\\\/\\\/najnaj.eu\\\/wp-content\\\/uploads\\\/2023\\\/09\\\/4900_Seamless-3-4-Maternity-Support-Leggings_Web_v01.jpg\",\"datePublished\":\"2023-09-21T08:28:27+00:00\",\"dateModified\":\"2026-04-13T10:52:11+00:00\",\"breadcrumb\":{\"@id\":\"https:\\\/\\\/najnaj.eu\\\/fr\\\/proizvod\\\/carriwell-besavne-potporne-tajice-za-trudnice-duzine-3-4\\\/#breadcrumb\"},\"inLanguage\":\"fr-FR\",\"potentialAction\":[{\"@type\":\"ReadAction\",\"target\":[\"https:\\\/\\\/najnaj.eu\\\/fr\\\/proizvod\\\/carriwell-besavne-potporne-tajice-za-trudnice-duzine-3-4\\\/\"]}]},{\"@type\":\"ImageObject\",\"inLanguage\":\"fr-FR\",\"@id\":\"https:\\\/\\\/najnaj.eu\\\/fr\\\/proizvod\\\/carriwell-besavne-potporne-tajice-za-trudnice-duzine-3-4\\\/#primaryimage\",\"url\":\"https:\\\/\\\/najnaj.eu\\\/wp-content\\\/uploads\\\/2023\\\/09\\\/4900_Seamless-3-4-Maternity-Support-Leggings_Web_v01.jpg\",\"contentUrl\":\"https:\\\/\\\/najnaj.eu\\\/wp-content\\\/uploads\\\/2023\\\/09\\\/4900_Seamless-3-4-Maternity-Support-Leggings_Web_v01.jpg\",\"width\":1000,\"height\":1250},{\"@type\":\"BreadcrumbList\",\"@id\":\"https:\\\/\\\/najnaj.eu\\\/fr\\\/proizvod\\\/carriwell-besavne-potporne-tajice-za-trudnice-duzine-3-4\\\/#breadcrumb\",\"itemListElement\":[{\"@type\":\"ListItem\",\"position\":1,\"name\":\"Po\u010detna stranica\",\"item\":\"https:\\\/\\\/najnaj.eu\\\/fr\\\/\"},{\"@type\":\"ListItem\",\"position\":2,\"name\":\"Trgovina\",\"item\":\"https:\\\/\\\/najnaj.hr\\\/trgovina\\\/\"},{\"@type\":\"ListItem\",\"position\":3,\"name\":\"Carriwell Be\u0161avne potporne tajice za trudnice du\u017eine 3\\\/4\"}]},{\"@type\":\"WebSite\",\"@id\":\"https:\\\/\\\/najnaj.eu\\\/fr\\\/#website\",\"url\":\"https:\\\/\\\/najnaj.eu\\\/fr\\\/\",\"name\":\"NajNaj.eu\",\"description\":\"Za najva\u017enije!\",\"potentialAction\":[{\"@type\":\"SearchAction\",\"target\":{\"@type\":\"EntryPoint\",\"urlTemplate\":\"https:\\\/\\\/najnaj.eu\\\/fr\\\/?s={search_term_string}\"},\"query-input\":{\"@type\":\"PropertyValueSpecification\",\"valueRequired\":true,\"valueName\":\"search_term_string\"}}],\"inLanguage\":\"fr-FR\"}]}<\/script>\n<meta property=\"product:brand\" content=\"Carriwell\" \/>\n<meta property=\"og:availability\" content=\"instock\" \/>\n<meta property=\"product:availability\" content=\"instock\" \/>\n<meta property=\"product:retailer_item_id\" content=\"CW4950N\" \/>\n<meta property=\"product:condition\" content=\"new\" \/>\n<!-- \/ Yoast SEO Premium plugin. -->","yoast_head_json":{"title":"Carriwell Be\u0161avne potporne tajice za trudnice du\u017eine 3\/4 - NajNaj.eu","robots":{"index":"index","follow":"follow","max-snippet":"max-snippet:-1","max-image-preview":"max-image-preview:large","max-video-preview":"max-video-preview:-1"},"canonical":"https:\/\/najnaj.eu\/fr\/proizvod\/carriwell-besavne-potporne-tajice-za-trudnice-duzine-3-4\/","og_locale":"fr_FR","og_type":"article","og_title":"Carriwell Be\u0161avne potporne tajice za trudnice du\u017eine 3\/4","og_description":"rastezljive, mekane i prozra\u010dne  idealne za osjetljivu ko\u017eu  potpora za trbuh i le\u0111a  za svakodnevno no\u0161enje  3\/4 du\u017eina","og_url":"https:\/\/najnaj.eu\/fr\/proizvod\/carriwell-besavne-potporne-tajice-za-trudnice-duzine-3-4\/","og_site_name":"NajNaj.eu","article_publisher":"https:\/\/web.facebook.com\/najnaj.eu\/","article_modified_time":"2026-04-13T10:52:11+00:00","og_image":[{"width":1000,"height":1250,"url":"https:\/\/najnaj.eu\/wp-content\/uploads\/2023\/09\/4900_Seamless-3-4-Maternity-Support-Leggings_Web_v01.jpg","type":"image\/jpeg"}],"twitter_card":"summary_large_image","twitter_misc":{"Disponibilit\u00e9":"En stock"},"schema":{"@context":"https:\/\/schema.org","@graph":[{"@type":"WebPage","@id":"https:\/\/najnaj.eu\/fr\/proizvod\/carriwell-besavne-potporne-tajice-za-trudnice-duzine-3-4\/","url":"https:\/\/najnaj.eu\/fr\/proizvod\/carriwell-besavne-potporne-tajice-za-trudnice-duzine-3-4\/","name":"Carriwell Be\u0161avne potporne tajice za trudnice du\u017eine 3\/4 - NajNaj.eu","isPartOf":{"@id":"https:\/\/najnaj.eu\/fr\/#website"},"primaryImageOfPage":{"@id":"https:\/\/najnaj.eu\/fr\/proizvod\/carriwell-besavne-potporne-tajice-za-trudnice-duzine-3-4\/#primaryimage"},"image":{"@id":"https:\/\/najnaj.eu\/fr\/proizvod\/carriwell-besavne-potporne-tajice-za-trudnice-duzine-3-4\/#primaryimage"},"thumbnailUrl":"https:\/\/najnaj.eu\/wp-content\/uploads\/2023\/09\/4900_Seamless-3-4-Maternity-Support-Leggings_Web_v01.jpg","datePublished":"2023-09-21T08:28:27+00:00","dateModified":"2026-04-13T10:52:11+00:00","breadcrumb":{"@id":"https:\/\/najnaj.eu\/fr\/proizvod\/carriwell-besavne-potporne-tajice-za-trudnice-duzine-3-4\/#breadcrumb"},"inLanguage":"fr-FR","potentialAction":[{"@type":"ReadAction","target":["https:\/\/najnaj.eu\/fr\/proizvod\/carriwell-besavne-potporne-tajice-za-trudnice-duzine-3-4\/"]}]},{"@type":"ImageObject","inLanguage":"fr-FR","@id":"https:\/\/najnaj.eu\/fr\/proizvod\/carriwell-besavne-potporne-tajice-za-trudnice-duzine-3-4\/#primaryimage","url":"https:\/\/najnaj.eu\/wp-content\/uploads\/2023\/09\/4900_Seamless-3-4-Maternity-Support-Leggings_Web_v01.jpg","contentUrl":"https:\/\/najnaj.eu\/wp-content\/uploads\/2023\/09\/4900_Seamless-3-4-Maternity-Support-Leggings_Web_v01.jpg","width":1000,"height":1250},{"@type":"BreadcrumbList","@id":"https:\/\/najnaj.eu\/fr\/proizvod\/carriwell-besavne-potporne-tajice-za-trudnice-duzine-3-4\/#breadcrumb","itemListElement":[{"@type":"ListItem","position":1,"name":"Po\u010detna stranica","item":"https:\/\/najnaj.eu\/fr\/"},{"@type":"ListItem","position":2,"name":"Trgovina","item":"https:\/\/najnaj.hr\/trgovina\/"},{"@type":"ListItem","position":3,"name":"Carriwell Be\u0161avne potporne tajice za trudnice du\u017eine 3\/4"}]},{"@type":"WebSite","@id":"https:\/\/najnaj.eu\/fr\/#website","url":"https:\/\/najnaj.eu\/fr\/","name":"NajNaj.eu","description":"Za najva\u017enije!","potentialAction":[{"@type":"SearchAction","target":{"@type":"EntryPoint","urlTemplate":"https:\/\/najnaj.eu\/fr\/?s={search_term_string}"},"query-input":{"@type":"PropertyValueSpecification","valueRequired":true,"valueName":"search_term_string"}}],"inLanguage":"fr-FR"}]},"product_brand":"Carriwell","og_availability":"instock","product_availability":"instock","product_retailer_item_id":"CW4950N","product_condition":"new"},"_links":{"self":[{"href":"https:\/\/najnaj.eu\/fr\/wp-json\/wp\/v2\/product\/150455","targetHints":{"allow":["GET"]}}],"collection":[{"href":"https:\/\/najnaj.eu\/fr\/wp-json\/wp\/v2\/product"}],"about":[{"href":"https:\/\/najnaj.eu\/fr\/wp-json\/wp\/v2\/types\/product"}],"replies":[{"embeddable":true,"href":"https:\/\/najnaj.eu\/fr\/wp-json\/wp\/v2\/comments?post=150455"}],"version-history":[{"count":0,"href":"https:\/\/najnaj.eu\/fr\/wp-json\/wp\/v2\/product\/150455\/revisions"}],"wp:featuredmedia":[{"embeddable":true,"href":"https:\/\/najnaj.eu\/fr\/wp-json\/wp\/v2\/media\/299412"}],"wp:attachment":[{"href":"https:\/\/najnaj.eu\/fr\/wp-json\/wp\/v2\/media?parent=150455"}],"wp:term":[{"taxonomy":"product_brand","embeddable":true,"href":"https:\/\/najnaj.eu\/fr\/wp-json\/wp\/v2\/product_brand?post=150455"},{"taxonomy":"product_cat","embeddable":true,"href":"https:\/\/najnaj.eu\/fr\/wp-json\/wp\/v2\/product_cat?post=150455"},{"taxonomy":"product_tag","embeddable":true,"href":"https:\/\/najnaj.eu\/fr\/wp-json\/wp\/v2\/product_tag?post=150455"}],"curies":[{"name":"wp","href":"https:\/\/api.w.org\/{rel}","templated":true}]}}