{"id":150432,"date":"2025-12-22T13:32:05","date_gmt":"2025-12-22T12:32:05","guid":{"rendered":"https:\/\/najnaj.hr\/proizvod\/voksi-zimska-vreca-explorer-sands-peach-wings\/"},"modified":"2026-02-03T20:09:10","modified_gmt":"2026-02-03T19:09:10","slug":"voksi-zimska-vreca-explorer-sands-peach-wings","status":"publish","type":"product","link":"https:\/\/najnaj.eu\/fr\/proizvod\/voksi-zimska-vreca-explorer-sands-peach-wings\/","title":{"rendered":"Voksi zimska vre\u0107a, Explorer, Sandstone Peach Wings"},"content":{"rendered":"<h2>Posebne karakteristike &#8211; najbolje od najboljih<\/h2>\n<p>Voksi\u00ae Explorer sastoji se od prirodnih i visoko kvalitetnih materijala kao \u0161to su vuna i paperje. Zimska vre\u0107a ima prozra\u010dnu vunu na le\u0111ima koja apsorbira vlagu i time osigurava optimalnu temperaturu. Punjena je paperjem koje pru\u017ea jedinstvenu izolaciju i grije dijete.<\/p>\n<p>S vanjske strane vre\u0107a je presvu\u010dena BIONIC-FINISH\u00aeECO premazom koji odbija vodu i \u0161titi od snijega, vjetra i ki\u0161e.<\/p>\n<p>Svi materijali u Voksi\u00ae Exploreru imaju certifikat OEKO-TEX\u00aestandard 100, klasa 1, \u0161to je oznaka kvalitete koja ozna\u010dava da niti jedan materijal u proizvodu ne sadr\u017ei \u0161tetne kemikalije.<\/p>\n<p>Trakica oko podru\u010dja glave omogu\u0107ava prilagodbu vre\u0107e u razli\u010ditim vremenskim uvjetima. Bo\u010dni otvori slu\u017ee za preklapanje prednjeg dijela za optimalnu ventilaciju i dobru vidljivost kada dijete \u017eeli istra\u017eivati \u200b\u200bsvijet iz udobnosti kolica.<\/p>\n<p>Patentni zatvara\u010d omogu\u0107ava brzo odvajanje te se stra\u017enji dio mo\u017ee koristiti kao obloga sjedi\u0161ta ili kao podloga za igru.<\/p>\n<p>Jedinstveni dizajn otvora za naslon omogu\u0107uje da se ova vre\u0107a lako uklopi i koristi u autosjedalicama i dje\u010djim kolicima s razli\u010ditim pojasevima. Protuklizni materijal na stra\u017enjoj strani osigurava da vre\u0107a ostaje na mjestu u kolicima. Kada se koristi u autosjedalici, Voksi\u00ae Explorer pru\u017ea izolaciju koja zamjenjuje debelu zimsku odje\u0107u. Na taj na\u010din pojas je pozicioniran bli\u017ee djetetovom tijelu. Patentni zatvara\u010d se brzo otvara, \u0161to omogu\u0107uje lak pristup djetetu u autosjedalici.<\/p>\n<p>Voksi\u00ae Explorer zimska vre\u0107a testirana je u sudaru s BeSafe autosjedalicama te se zbog otvora na le\u0111ima prilago\u0111ava svim ostalim autosjedalicama<\/p>\n<h3>BIONIC-FINISH\u00aeECO<\/h3>\n<p>Osim \u0161to opona\u0161a prirodne vodoodbojne strukture, BIONIC-FINISH\u00aeECO tako\u0111er omogu\u0107uje vodoodbojnost bez sadr\u017eavanja fluorougljika \u2013 ba\u0161 kao \u0161to to priroda \u010dini. Ovo ekolo\u0161ki prihvatljivo rje\u0161enje ne ispu\u0161ta fluor-organske spojeve u atmosferu i time tako\u0111er omogu\u0107uje bolju budu\u0107nost za na\u0161u djecu.<\/p>\n<p><a href=\"https:\/\/najnaj.eu\/wp-content\/uploads\/2023\/11\/topla-zima.jpg\"><img loading=\"lazy\" decoding=\"async\" class=\"aligncenter wp-image-5732 size-full\" src=\"https:\/\/najnaj.eu\/wp-content\/uploads\/2023\/11\/topla-zima.jpg\" alt=\"\" width=\"1280\" height=\"800\" \/><br \/>\n<\/a><\/p>\n<h3>RDS, Responsible Down Standard<\/h3>\n<p>Sva punjenja od paperja i perja koja se koriste u ovom proizvodu imaju certifikat Responsible Down Standard. Ova potvrda osigurava humano postupanje sa \u017eivotinjama kroz cijeli opskrbni lanac i stoga se ne doga\u0111a \u010dupanje na \u017eivo.<\/p>\n<h3>RWS, Responsible Wool Standard<\/h3>\n<p>Sva vuna u ovom proizvodu certificirana je prema Responsible Wool Standard kako bi se osigurala dobrobit ovaca i odgovorna obrada zemlje na kojoj se pasu. Tako\u0111er osigurava da je sva vuna bez mulanja.<\/p>\n<h3>Standard 100 prema Oeko-Tex\u00ae klasi 1<\/h3>\n<p>Uz standard 100 prema Oeko-Tex\u00ae klasa 1, mo\u017eete biti sigurni da je svaka komponenta proizvoda sljediva i sigurna. Svaki konac, gumb i tkanina testirani su na \u0161tetne tvari, stoga je proizvod ne\u0161kodljiv za ljudsko zdravlje.<\/p>\n","protected":false},"excerpt":{"rendered":"<p>Voksi\u00ae Explorer je zimska vre\u0107a za kolica i autosjedalicu namijenjena za hladne jeseni i zime. Mo\u017ee se koristiti od ro\u0111enja do 3. godine.<\/p>\n<h3>GLAVNE ZNA\u010cAJKE<\/h3>\n<ul>\n<li>Prirodno punjenje od pa\u010djeg paperja i vune<\/li>\n<li>Vodoodbojni gornji sloj<\/li>\n<li>Mo\u017ee se koristiti i u autosjedalicama<\/li>\n<\/ul>\n<p>&nbsp;<\/p>\n","protected":false},"featured_media":123548,"comment_status":"open","ping_status":"closed","template":"","meta":{"_acf_changed":false,"footnotes":""},"product_brand":[],"product_cat":[552,645,569],"product_tag":[2271],"class_list":{"0":"post-150432","1":"product","2":"type-product","3":"status-publish","4":"has-post-thumbnail","6":"product_cat-dodaci-za-kolica","7":"product_cat-zimske-vrece","8":"product_cat-zimske-vrece-za-kolica","9":"product_tag-zima","10":"pa_boja-bez","11":"pa_brand-voksi","13":"first","14":"instock","15":"purchasable","16":"product-type-simple"},"bundled_by":[],"bundle_stock_status":"instock","bundle_stock_quantity":3,"bundle_virtual":false,"bundle_layout":"","bundle_add_to_cart_form_location":"","bundle_editable_in_cart":false,"bundle_sold_individually_context":"","bundle_item_grouping":"","bundle_min_size":"","bundle_max_size":"","bundle_price":[],"bundled_items":[],"bundle_sell_ids":[],"acf":[],"yoast_head":"<!-- This site is optimized with the Yoast SEO Premium plugin v21.5 (Yoast SEO v27.4) - https:\/\/yoast.com\/product\/yoast-seo-premium-wordpress\/ -->\n<title>Voksi zimska vre\u0107a, Explorer, Sandstone Peach Wings - NajNaj.eu<\/title>\n<meta name=\"robots\" content=\"index, follow, max-snippet:-1, max-image-preview:large, max-video-preview:-1\" \/>\n<link rel=\"canonical\" href=\"https:\/\/najnaj.eu\/fr\/proizvod\/voksi-zimska-vreca-explorer-sands-peach-wings\/\" \/>\n<meta property=\"og:locale\" content=\"fr_FR\" \/>\n<meta property=\"og:type\" content=\"article\" \/>\n<meta property=\"og:title\" content=\"Voksi zimska vre\u0107a, Explorer, Sandstone Peach Wings\" \/>\n<meta property=\"og:description\" content=\"Voksi\u00ae Explorer je zimska vre\u0107a za kolica i autosjedalicu namijenjena za hladne jeseni i zime. Mo\u017ee se koristiti od ro\u0111enja do 3. godine. GLAVNE ZNA\u010cAJKE   Prirodno punjenje od pa\u010djeg paperja i vune  Vodoodbojni gornji sloj  Mo\u017ee se koristiti i u autosjedalicama  &nbsp;\" \/>\n<meta property=\"og:url\" content=\"https:\/\/najnaj.eu\/fr\/proizvod\/voksi-zimska-vreca-explorer-sands-peach-wings\/\" \/>\n<meta property=\"og:site_name\" content=\"NajNaj.eu\" \/>\n<meta property=\"article:publisher\" content=\"https:\/\/web.facebook.com\/najnaj.eu\/\" \/>\n<meta property=\"article:modified_time\" content=\"2026-02-03T19:09:10+00:00\" \/>\n<meta property=\"og:image\" content=\"https:\/\/najnaj.eu\/wp-content\/uploads\/2023\/08\/11024840_Voksi_Explorer_SandstonePeach-Wings_front.jpg\" \/>\n\t<meta property=\"og:image:width\" content=\"1080\" \/>\n\t<meta property=\"og:image:height\" content=\"1080\" \/>\n\t<meta property=\"og:image:type\" content=\"image\/png\" \/>\n<meta name=\"twitter:card\" content=\"summary_large_image\" \/>\n<meta name=\"twitter:label1\" content=\"Prix\" \/>\n\t<meta name=\"twitter:data1\" content=\"159,90&nbsp;&euro;\" \/>\n\t<meta name=\"twitter:label2\" content=\"Disponibilit\u00e9\" \/>\n\t<meta name=\"twitter:data2\" content=\"En stock\" \/>\n<script type=\"application\/ld+json\" class=\"yoast-schema-graph\">{\"@context\":\"https:\\\/\\\/schema.org\",\"@graph\":[{\"@type\":\"WebPage\",\"@id\":\"https:\\\/\\\/najnaj.eu\\\/fr\\\/proizvod\\\/voksi-zimska-vreca-explorer-sands-peach-wings\\\/\",\"url\":\"https:\\\/\\\/najnaj.eu\\\/fr\\\/proizvod\\\/voksi-zimska-vreca-explorer-sands-peach-wings\\\/\",\"name\":\"Voksi zimska vre\u0107a, Explorer, Sandstone Peach Wings - NajNaj.eu\",\"isPartOf\":{\"@id\":\"https:\\\/\\\/najnaj.eu\\\/fr\\\/#website\"},\"primaryImageOfPage\":{\"@id\":\"https:\\\/\\\/najnaj.eu\\\/fr\\\/proizvod\\\/voksi-zimska-vreca-explorer-sands-peach-wings\\\/#primaryimage\"},\"image\":{\"@id\":\"https:\\\/\\\/najnaj.eu\\\/fr\\\/proizvod\\\/voksi-zimska-vreca-explorer-sands-peach-wings\\\/#primaryimage\"},\"thumbnailUrl\":\"https:\\\/\\\/najnaj.eu\\\/wp-content\\\/uploads\\\/2023\\\/08\\\/11024840_Voksi_Explorer_SandstonePeach-Wings_front.jpg\",\"datePublished\":\"2025-12-22T12:32:05+00:00\",\"dateModified\":\"2026-02-03T19:09:10+00:00\",\"breadcrumb\":{\"@id\":\"https:\\\/\\\/najnaj.eu\\\/fr\\\/proizvod\\\/voksi-zimska-vreca-explorer-sands-peach-wings\\\/#breadcrumb\"},\"inLanguage\":\"fr-FR\",\"potentialAction\":[{\"@type\":\"ReadAction\",\"target\":[\"https:\\\/\\\/najnaj.eu\\\/fr\\\/proizvod\\\/voksi-zimska-vreca-explorer-sands-peach-wings\\\/\"]}]},{\"@type\":\"ImageObject\",\"inLanguage\":\"fr-FR\",\"@id\":\"https:\\\/\\\/najnaj.eu\\\/fr\\\/proizvod\\\/voksi-zimska-vreca-explorer-sands-peach-wings\\\/#primaryimage\",\"url\":\"https:\\\/\\\/najnaj.eu\\\/wp-content\\\/uploads\\\/2023\\\/08\\\/11024840_Voksi_Explorer_SandstonePeach-Wings_front.jpg\",\"contentUrl\":\"https:\\\/\\\/najnaj.eu\\\/wp-content\\\/uploads\\\/2023\\\/08\\\/11024840_Voksi_Explorer_SandstonePeach-Wings_front.jpg\",\"width\":1080,\"height\":1080},{\"@type\":\"BreadcrumbList\",\"@id\":\"https:\\\/\\\/najnaj.eu\\\/fr\\\/proizvod\\\/voksi-zimska-vreca-explorer-sands-peach-wings\\\/#breadcrumb\",\"itemListElement\":[{\"@type\":\"ListItem\",\"position\":1,\"name\":\"Po\u010detna stranica\",\"item\":\"https:\\\/\\\/najnaj.eu\\\/fr\\\/\"},{\"@type\":\"ListItem\",\"position\":2,\"name\":\"Trgovina\",\"item\":\"https:\\\/\\\/najnaj.hr\\\/trgovina\\\/\"},{\"@type\":\"ListItem\",\"position\":3,\"name\":\"Voksi zimska vre\u0107a, Explorer, Sandstone Peach Wings\"}]},{\"@type\":\"WebSite\",\"@id\":\"https:\\\/\\\/najnaj.eu\\\/fr\\\/#website\",\"url\":\"https:\\\/\\\/najnaj.eu\\\/fr\\\/\",\"name\":\"NajNaj.eu\",\"description\":\"Za najva\u017enije!\",\"potentialAction\":[{\"@type\":\"SearchAction\",\"target\":{\"@type\":\"EntryPoint\",\"urlTemplate\":\"https:\\\/\\\/najnaj.eu\\\/fr\\\/?s={search_term_string}\"},\"query-input\":{\"@type\":\"PropertyValueSpecification\",\"valueRequired\":true,\"valueName\":\"search_term_string\"}}],\"inLanguage\":\"fr-FR\"}]}<\/script>\n<meta property=\"product:brand\" content=\"Voksi\" \/>\n<meta property=\"product:price:amount\" content=\"159.90\" \/>\n<meta property=\"product:price:currency\" content=\"EUR\" \/>\n<meta property=\"og:availability\" content=\"instock\" \/>\n<meta property=\"product:availability\" content=\"instock\" \/>\n<meta property=\"product:retailer_item_id\" content=\"11024840-SandsPeach-wings\" \/>\n<meta property=\"product:condition\" content=\"new\" \/>\n<!-- \/ Yoast SEO Premium plugin. -->","yoast_head_json":{"title":"Voksi zimska vre\u0107a, Explorer, Sandstone Peach Wings - NajNaj.eu","robots":{"index":"index","follow":"follow","max-snippet":"max-snippet:-1","max-image-preview":"max-image-preview:large","max-video-preview":"max-video-preview:-1"},"canonical":"https:\/\/najnaj.eu\/fr\/proizvod\/voksi-zimska-vreca-explorer-sands-peach-wings\/","og_locale":"fr_FR","og_type":"article","og_title":"Voksi zimska vre\u0107a, Explorer, Sandstone Peach Wings","og_description":"Voksi\u00ae Explorer je zimska vre\u0107a za kolica i autosjedalicu namijenjena za hladne jeseni i zime. Mo\u017ee se koristiti od ro\u0111enja do 3. godine. GLAVNE ZNA\u010cAJKE   Prirodno punjenje od pa\u010djeg paperja i vune  Vodoodbojni gornji sloj  Mo\u017ee se koristiti i u autosjedalicama  &nbsp;","og_url":"https:\/\/najnaj.eu\/fr\/proizvod\/voksi-zimska-vreca-explorer-sands-peach-wings\/","og_site_name":"NajNaj.eu","article_publisher":"https:\/\/web.facebook.com\/najnaj.eu\/","article_modified_time":"2026-02-03T19:09:10+00:00","og_image":[{"width":1080,"height":1080,"url":"https:\/\/najnaj.eu\/wp-content\/uploads\/2023\/08\/11024840_Voksi_Explorer_SandstonePeach-Wings_front.jpg","type":"image\/png"}],"twitter_card":"summary_large_image","twitter_misc":{"Prix":"159,90&nbsp;&euro;","Disponibilit\u00e9":"En stock"},"schema":{"@context":"https:\/\/schema.org","@graph":[{"@type":"WebPage","@id":"https:\/\/najnaj.eu\/fr\/proizvod\/voksi-zimska-vreca-explorer-sands-peach-wings\/","url":"https:\/\/najnaj.eu\/fr\/proizvod\/voksi-zimska-vreca-explorer-sands-peach-wings\/","name":"Voksi zimska vre\u0107a, Explorer, Sandstone Peach Wings - NajNaj.eu","isPartOf":{"@id":"https:\/\/najnaj.eu\/fr\/#website"},"primaryImageOfPage":{"@id":"https:\/\/najnaj.eu\/fr\/proizvod\/voksi-zimska-vreca-explorer-sands-peach-wings\/#primaryimage"},"image":{"@id":"https:\/\/najnaj.eu\/fr\/proizvod\/voksi-zimska-vreca-explorer-sands-peach-wings\/#primaryimage"},"thumbnailUrl":"https:\/\/najnaj.eu\/wp-content\/uploads\/2023\/08\/11024840_Voksi_Explorer_SandstonePeach-Wings_front.jpg","datePublished":"2025-12-22T12:32:05+00:00","dateModified":"2026-02-03T19:09:10+00:00","breadcrumb":{"@id":"https:\/\/najnaj.eu\/fr\/proizvod\/voksi-zimska-vreca-explorer-sands-peach-wings\/#breadcrumb"},"inLanguage":"fr-FR","potentialAction":[{"@type":"ReadAction","target":["https:\/\/najnaj.eu\/fr\/proizvod\/voksi-zimska-vreca-explorer-sands-peach-wings\/"]}]},{"@type":"ImageObject","inLanguage":"fr-FR","@id":"https:\/\/najnaj.eu\/fr\/proizvod\/voksi-zimska-vreca-explorer-sands-peach-wings\/#primaryimage","url":"https:\/\/najnaj.eu\/wp-content\/uploads\/2023\/08\/11024840_Voksi_Explorer_SandstonePeach-Wings_front.jpg","contentUrl":"https:\/\/najnaj.eu\/wp-content\/uploads\/2023\/08\/11024840_Voksi_Explorer_SandstonePeach-Wings_front.jpg","width":1080,"height":1080},{"@type":"BreadcrumbList","@id":"https:\/\/najnaj.eu\/fr\/proizvod\/voksi-zimska-vreca-explorer-sands-peach-wings\/#breadcrumb","itemListElement":[{"@type":"ListItem","position":1,"name":"Po\u010detna stranica","item":"https:\/\/najnaj.eu\/fr\/"},{"@type":"ListItem","position":2,"name":"Trgovina","item":"https:\/\/najnaj.hr\/trgovina\/"},{"@type":"ListItem","position":3,"name":"Voksi zimska vre\u0107a, Explorer, Sandstone Peach Wings"}]},{"@type":"WebSite","@id":"https:\/\/najnaj.eu\/fr\/#website","url":"https:\/\/najnaj.eu\/fr\/","name":"NajNaj.eu","description":"Za najva\u017enije!","potentialAction":[{"@type":"SearchAction","target":{"@type":"EntryPoint","urlTemplate":"https:\/\/najnaj.eu\/fr\/?s={search_term_string}"},"query-input":{"@type":"PropertyValueSpecification","valueRequired":true,"valueName":"search_term_string"}}],"inLanguage":"fr-FR"}]},"product_brand":"Voksi","product_price_amount":"159.90","product_price_currency":"EUR","og_availability":"instock","product_availability":"instock","product_retailer_item_id":"11024840-SandsPeach-wings","product_condition":"new"},"_links":{"self":[{"href":"https:\/\/najnaj.eu\/fr\/wp-json\/wp\/v2\/product\/150432","targetHints":{"allow":["GET"]}}],"collection":[{"href":"https:\/\/najnaj.eu\/fr\/wp-json\/wp\/v2\/product"}],"about":[{"href":"https:\/\/najnaj.eu\/fr\/wp-json\/wp\/v2\/types\/product"}],"replies":[{"embeddable":true,"href":"https:\/\/najnaj.eu\/fr\/wp-json\/wp\/v2\/comments?post=150432"}],"version-history":[{"count":0,"href":"https:\/\/najnaj.eu\/fr\/wp-json\/wp\/v2\/product\/150432\/revisions"}],"wp:featuredmedia":[{"embeddable":true,"href":"https:\/\/najnaj.eu\/fr\/wp-json\/wp\/v2\/media\/123548"}],"wp:attachment":[{"href":"https:\/\/najnaj.eu\/fr\/wp-json\/wp\/v2\/media?parent=150432"}],"wp:term":[{"taxonomy":"product_brand","embeddable":true,"href":"https:\/\/najnaj.eu\/fr\/wp-json\/wp\/v2\/product_brand?post=150432"},{"taxonomy":"product_cat","embeddable":true,"href":"https:\/\/najnaj.eu\/fr\/wp-json\/wp\/v2\/product_cat?post=150432"},{"taxonomy":"product_tag","embeddable":true,"href":"https:\/\/najnaj.eu\/fr\/wp-json\/wp\/v2\/product_tag?post=150432"}],"curies":[{"name":"wp","href":"https:\/\/api.w.org\/{rel}","templated":true}]}}