{"id":150384,"date":"2022-12-05T09:45:59","date_gmt":"2022-12-05T08:45:59","guid":{"rendered":"https:\/\/najnaj.hr\/proizvod\/lassig-bandana-marama-2-kom-little-forest-lisica\/"},"modified":"2026-03-05T01:55:59","modified_gmt":"2026-03-05T00:55:59","slug":"lassig-bandana-marama-2-kom-little-forest-lisica","status":"publish","type":"product","link":"https:\/\/najnaj.eu\/fr\/proizvod\/lassig-bandana-marama-2-kom-little-forest-lisica\/","title":{"rendered":"L\u00e4ssig Bandana\/marama 2 kom Little Forest Lisica"},"content":{"rendered":"<p>Ove trokutaste bandane, atraktivan su i prakti\u010dni dodatak iz kolekcije L\u00c4SSIG Little Forest. Izra\u0111ene od organskog pamuka, ugodne su i dobro prianjaju, \u0161to ih \u010dini iznimno nje\u017enima za osjetljivu dje\u010dju ko\u017eu.<\/p>\n<p>Dvije kop\u010de osiguravaju udobnost no\u0161enja u skladu s djetetovom fazom rasta, \u0161to ih \u010dini jednostavnim za stavljanje i skidanje. Unutar tkanine nalazi se vodootporni premaz. On odr\u017eava djetetovu odje\u0107u suhom ispod marame, \u010dak i ako je sklono \u010destom bljuckanju i slinjenju.<\/p>\n<p>Trokutaste bandane dolaze u prakti\u010dnom dvostrukom pakiranju s dva razli\u010dita dizajna. Jednostavni uzorci u kombinaciji s jednobojnom pole\u0111inom \u010dine ih savr\u0161enim dodatkom za svaku odjevnu kombinaciju.<\/p>\n","protected":false},"excerpt":{"rendered":"<p>L\u00c4SSIG trokutaste bandane iz kolekcije Little Forest dolaze u dvostrukom pakiranju. Izra\u0111ene su od organskog pamuka koji je ugodan za ko\u017eu. Zakop\u010dane kop\u010de omogu\u0107uju da dobro prianjaju, a vodootporni sloj iznutra odr\u017eava odje\u0107u suhom.<\/p>\n","protected":false},"featured_media":121847,"comment_status":"open","ping_status":"closed","template":"","meta":{"_acf_changed":false,"footnotes":""},"product_brand":[],"product_cat":[577,623],"product_tag":[2277],"class_list":{"0":"post-150384","1":"product","2":"type-product","3":"status-publish","4":"has-post-thumbnail","6":"product_cat-hranjenje","7":"product_cat-podbradnjaci","8":"product_tag-rasprodaja","9":"pa_boja-bijela","10":"pa_boja-zelena","11":"pa_brand-lassig","13":"first","14":"outofstock","15":"sale","16":"purchasable","17":"product-type-simple"},"bundled_by":[],"bundle_stock_status":"outofstock","bundle_stock_quantity":0,"bundle_virtual":false,"bundle_layout":"","bundle_add_to_cart_form_location":"","bundle_editable_in_cart":false,"bundle_sold_individually_context":"","bundle_item_grouping":"","bundle_min_size":"","bundle_max_size":"","bundle_price":[],"bundled_items":[],"bundle_sell_ids":[],"acf":[],"yoast_head":"<!-- This site is optimized with the Yoast SEO Premium plugin v21.5 (Yoast SEO v27.4) - https:\/\/yoast.com\/product\/yoast-seo-premium-wordpress\/ -->\n<title>L\u00e4ssig Bandana\/marama 2 kom Little Forest Lisica - NajNaj.eu<\/title>\n<meta name=\"robots\" content=\"index, follow, max-snippet:-1, max-image-preview:large, max-video-preview:-1\" \/>\n<link rel=\"canonical\" href=\"https:\/\/najnaj.eu\/fr\/proizvod\/lassig-bandana-marama-2-kom-little-forest-lisica\/\" \/>\n<meta property=\"og:locale\" content=\"fr_FR\" \/>\n<meta property=\"og:type\" content=\"article\" \/>\n<meta property=\"og:title\" content=\"L\u00e4ssig Bandana\/marama 2 kom Little Forest Lisica\" \/>\n<meta property=\"og:description\" content=\"L\u00c4SSIG trokutaste bandane iz kolekcije Little Forest dolaze u dvostrukom pakiranju. Izra\u0111ene su od organskog pamuka koji je ugodan za ko\u017eu. Zakop\u010dane kop\u010de omogu\u0107uju da dobro prianjaju, a vodootporni sloj iznutra odr\u017eava odje\u0107u suhom.\" \/>\n<meta property=\"og:url\" content=\"https:\/\/najnaj.eu\/fr\/proizvod\/lassig-bandana-marama-2-kom-little-forest-lisica\/\" \/>\n<meta property=\"og:site_name\" content=\"NajNaj.eu\" \/>\n<meta property=\"article:publisher\" content=\"https:\/\/web.facebook.com\/najnaj.eu\/\" \/>\n<meta property=\"article:modified_time\" content=\"2026-03-05T00:55:59+00:00\" \/>\n<meta property=\"og:image\" content=\"https:\/\/najnaj.eu\/wp-content\/uploads\/2023\/08\/KID_F21_1311014588_P_1-Large.jpg\" \/>\n\t<meta property=\"og:image:width\" content=\"1080\" \/>\n\t<meta property=\"og:image:height\" content=\"1080\" \/>\n\t<meta property=\"og:image:type\" content=\"image\/jpeg\" \/>\n<meta name=\"twitter:card\" content=\"summary_large_image\" \/>\n<meta name=\"twitter:label1\" content=\"Prix\" \/>\n\t<meta name=\"twitter:data1\" content=\"17,95&nbsp;&euro;\" \/>\n\t<meta name=\"twitter:label2\" content=\"Disponibilit\u00e9\" \/>\n\t<meta name=\"twitter:data2\" content=\"Rupture de stock\" \/>\n<script type=\"application\/ld+json\" class=\"yoast-schema-graph\">{\"@context\":\"https:\\\/\\\/schema.org\",\"@graph\":[{\"@type\":\"WebPage\",\"@id\":\"https:\\\/\\\/najnaj.eu\\\/fr\\\/proizvod\\\/lassig-bandana-marama-2-kom-little-forest-lisica\\\/\",\"url\":\"https:\\\/\\\/najnaj.eu\\\/fr\\\/proizvod\\\/lassig-bandana-marama-2-kom-little-forest-lisica\\\/\",\"name\":\"L\u00e4ssig Bandana\\\/marama 2 kom Little Forest Lisica - NajNaj.eu\",\"isPartOf\":{\"@id\":\"https:\\\/\\\/najnaj.eu\\\/fr\\\/#website\"},\"primaryImageOfPage\":{\"@id\":\"https:\\\/\\\/najnaj.eu\\\/fr\\\/proizvod\\\/lassig-bandana-marama-2-kom-little-forest-lisica\\\/#primaryimage\"},\"image\":{\"@id\":\"https:\\\/\\\/najnaj.eu\\\/fr\\\/proizvod\\\/lassig-bandana-marama-2-kom-little-forest-lisica\\\/#primaryimage\"},\"thumbnailUrl\":\"https:\\\/\\\/najnaj.eu\\\/wp-content\\\/uploads\\\/2023\\\/08\\\/KID_F21_1311014588_P_1-Large.jpg\",\"datePublished\":\"2022-12-05T08:45:59+00:00\",\"dateModified\":\"2026-03-05T00:55:59+00:00\",\"breadcrumb\":{\"@id\":\"https:\\\/\\\/najnaj.eu\\\/fr\\\/proizvod\\\/lassig-bandana-marama-2-kom-little-forest-lisica\\\/#breadcrumb\"},\"inLanguage\":\"fr-FR\",\"potentialAction\":[{\"@type\":\"ReadAction\",\"target\":[\"https:\\\/\\\/najnaj.eu\\\/fr\\\/proizvod\\\/lassig-bandana-marama-2-kom-little-forest-lisica\\\/\"]}]},{\"@type\":\"ImageObject\",\"inLanguage\":\"fr-FR\",\"@id\":\"https:\\\/\\\/najnaj.eu\\\/fr\\\/proizvod\\\/lassig-bandana-marama-2-kom-little-forest-lisica\\\/#primaryimage\",\"url\":\"https:\\\/\\\/najnaj.eu\\\/wp-content\\\/uploads\\\/2023\\\/08\\\/KID_F21_1311014588_P_1-Large.jpg\",\"contentUrl\":\"https:\\\/\\\/najnaj.eu\\\/wp-content\\\/uploads\\\/2023\\\/08\\\/KID_F21_1311014588_P_1-Large.jpg\",\"width\":1080,\"height\":1080},{\"@type\":\"BreadcrumbList\",\"@id\":\"https:\\\/\\\/najnaj.eu\\\/fr\\\/proizvod\\\/lassig-bandana-marama-2-kom-little-forest-lisica\\\/#breadcrumb\",\"itemListElement\":[{\"@type\":\"ListItem\",\"position\":1,\"name\":\"Po\u010detna stranica\",\"item\":\"https:\\\/\\\/najnaj.eu\\\/fr\\\/\"},{\"@type\":\"ListItem\",\"position\":2,\"name\":\"Trgovina\",\"item\":\"https:\\\/\\\/najnaj.hr\\\/trgovina\\\/\"},{\"@type\":\"ListItem\",\"position\":3,\"name\":\"L\u00e4ssig Bandana\\\/marama 2 kom Little Forest Lisica\"}]},{\"@type\":\"WebSite\",\"@id\":\"https:\\\/\\\/najnaj.eu\\\/fr\\\/#website\",\"url\":\"https:\\\/\\\/najnaj.eu\\\/fr\\\/\",\"name\":\"NajNaj.eu\",\"description\":\"Za najva\u017enije!\",\"potentialAction\":[{\"@type\":\"SearchAction\",\"target\":{\"@type\":\"EntryPoint\",\"urlTemplate\":\"https:\\\/\\\/najnaj.eu\\\/fr\\\/?s={search_term_string}\"},\"query-input\":{\"@type\":\"PropertyValueSpecification\",\"valueRequired\":true,\"valueName\":\"search_term_string\"}}],\"inLanguage\":\"fr-FR\"}]}<\/script>\n<meta property=\"product:brand\" content=\"L\u00e4ssig\" \/>\n<meta property=\"product:price:amount\" content=\"17.95\" \/>\n<meta property=\"product:price:currency\" content=\"EUR\" \/>\n<meta property=\"og:availability\" content=\"out of stock\" \/>\n<meta property=\"product:availability\" content=\"out of stock\" \/>\n<meta property=\"product:retailer_item_id\" content=\"1311014588\" \/>\n<meta property=\"product:condition\" content=\"new\" \/>\n<!-- \/ Yoast SEO Premium plugin. -->","yoast_head_json":{"title":"L\u00e4ssig Bandana\/marama 2 kom Little Forest Lisica - NajNaj.eu","robots":{"index":"index","follow":"follow","max-snippet":"max-snippet:-1","max-image-preview":"max-image-preview:large","max-video-preview":"max-video-preview:-1"},"canonical":"https:\/\/najnaj.eu\/fr\/proizvod\/lassig-bandana-marama-2-kom-little-forest-lisica\/","og_locale":"fr_FR","og_type":"article","og_title":"L\u00e4ssig Bandana\/marama 2 kom Little Forest Lisica","og_description":"L\u00c4SSIG trokutaste bandane iz kolekcije Little Forest dolaze u dvostrukom pakiranju. Izra\u0111ene su od organskog pamuka koji je ugodan za ko\u017eu. Zakop\u010dane kop\u010de omogu\u0107uju da dobro prianjaju, a vodootporni sloj iznutra odr\u017eava odje\u0107u suhom.","og_url":"https:\/\/najnaj.eu\/fr\/proizvod\/lassig-bandana-marama-2-kom-little-forest-lisica\/","og_site_name":"NajNaj.eu","article_publisher":"https:\/\/web.facebook.com\/najnaj.eu\/","article_modified_time":"2026-03-05T00:55:59+00:00","og_image":[{"width":1080,"height":1080,"url":"https:\/\/najnaj.eu\/wp-content\/uploads\/2023\/08\/KID_F21_1311014588_P_1-Large.jpg","type":"image\/jpeg"}],"twitter_card":"summary_large_image","twitter_misc":{"Prix":"17,95&nbsp;&euro;","Disponibilit\u00e9":"Rupture de stock"},"schema":{"@context":"https:\/\/schema.org","@graph":[{"@type":"WebPage","@id":"https:\/\/najnaj.eu\/fr\/proizvod\/lassig-bandana-marama-2-kom-little-forest-lisica\/","url":"https:\/\/najnaj.eu\/fr\/proizvod\/lassig-bandana-marama-2-kom-little-forest-lisica\/","name":"L\u00e4ssig Bandana\/marama 2 kom Little Forest Lisica - NajNaj.eu","isPartOf":{"@id":"https:\/\/najnaj.eu\/fr\/#website"},"primaryImageOfPage":{"@id":"https:\/\/najnaj.eu\/fr\/proizvod\/lassig-bandana-marama-2-kom-little-forest-lisica\/#primaryimage"},"image":{"@id":"https:\/\/najnaj.eu\/fr\/proizvod\/lassig-bandana-marama-2-kom-little-forest-lisica\/#primaryimage"},"thumbnailUrl":"https:\/\/najnaj.eu\/wp-content\/uploads\/2023\/08\/KID_F21_1311014588_P_1-Large.jpg","datePublished":"2022-12-05T08:45:59+00:00","dateModified":"2026-03-05T00:55:59+00:00","breadcrumb":{"@id":"https:\/\/najnaj.eu\/fr\/proizvod\/lassig-bandana-marama-2-kom-little-forest-lisica\/#breadcrumb"},"inLanguage":"fr-FR","potentialAction":[{"@type":"ReadAction","target":["https:\/\/najnaj.eu\/fr\/proizvod\/lassig-bandana-marama-2-kom-little-forest-lisica\/"]}]},{"@type":"ImageObject","inLanguage":"fr-FR","@id":"https:\/\/najnaj.eu\/fr\/proizvod\/lassig-bandana-marama-2-kom-little-forest-lisica\/#primaryimage","url":"https:\/\/najnaj.eu\/wp-content\/uploads\/2023\/08\/KID_F21_1311014588_P_1-Large.jpg","contentUrl":"https:\/\/najnaj.eu\/wp-content\/uploads\/2023\/08\/KID_F21_1311014588_P_1-Large.jpg","width":1080,"height":1080},{"@type":"BreadcrumbList","@id":"https:\/\/najnaj.eu\/fr\/proizvod\/lassig-bandana-marama-2-kom-little-forest-lisica\/#breadcrumb","itemListElement":[{"@type":"ListItem","position":1,"name":"Po\u010detna stranica","item":"https:\/\/najnaj.eu\/fr\/"},{"@type":"ListItem","position":2,"name":"Trgovina","item":"https:\/\/najnaj.hr\/trgovina\/"},{"@type":"ListItem","position":3,"name":"L\u00e4ssig Bandana\/marama 2 kom Little Forest Lisica"}]},{"@type":"WebSite","@id":"https:\/\/najnaj.eu\/fr\/#website","url":"https:\/\/najnaj.eu\/fr\/","name":"NajNaj.eu","description":"Za najva\u017enije!","potentialAction":[{"@type":"SearchAction","target":{"@type":"EntryPoint","urlTemplate":"https:\/\/najnaj.eu\/fr\/?s={search_term_string}"},"query-input":{"@type":"PropertyValueSpecification","valueRequired":true,"valueName":"search_term_string"}}],"inLanguage":"fr-FR"}]},"product_brand":"L\u00e4ssig","product_price_amount":"17.95","product_price_currency":"EUR","og_availability":"out of stock","product_availability":"out of stock","product_retailer_item_id":"1311014588","product_condition":"new"},"_links":{"self":[{"href":"https:\/\/najnaj.eu\/fr\/wp-json\/wp\/v2\/product\/150384","targetHints":{"allow":["GET"]}}],"collection":[{"href":"https:\/\/najnaj.eu\/fr\/wp-json\/wp\/v2\/product"}],"about":[{"href":"https:\/\/najnaj.eu\/fr\/wp-json\/wp\/v2\/types\/product"}],"replies":[{"embeddable":true,"href":"https:\/\/najnaj.eu\/fr\/wp-json\/wp\/v2\/comments?post=150384"}],"version-history":[{"count":0,"href":"https:\/\/najnaj.eu\/fr\/wp-json\/wp\/v2\/product\/150384\/revisions"}],"wp:featuredmedia":[{"embeddable":true,"href":"https:\/\/najnaj.eu\/fr\/wp-json\/wp\/v2\/media\/121847"}],"wp:attachment":[{"href":"https:\/\/najnaj.eu\/fr\/wp-json\/wp\/v2\/media?parent=150384"}],"wp:term":[{"taxonomy":"product_brand","embeddable":true,"href":"https:\/\/najnaj.eu\/fr\/wp-json\/wp\/v2\/product_brand?post=150384"},{"taxonomy":"product_cat","embeddable":true,"href":"https:\/\/najnaj.eu\/fr\/wp-json\/wp\/v2\/product_cat?post=150384"},{"taxonomy":"product_tag","embeddable":true,"href":"https:\/\/najnaj.eu\/fr\/wp-json\/wp\/v2\/product_tag?post=150384"}],"curies":[{"name":"wp","href":"https:\/\/api.w.org\/{rel}","templated":true}]}}