{"id":150375,"date":"2022-12-05T08:50:24","date_gmt":"2022-12-05T07:50:24","guid":{"rendered":"https:\/\/najnaj.hr\/proizvod\/lassig-tanjur-geo-sivi\/"},"modified":"2026-03-06T13:06:00","modified_gmt":"2026-03-06T12:06:00","slug":"lassig-tanjur-geo-sivi","status":"publish","type":"product","link":"https:\/\/najnaj.eu\/fr\/proizvod\/lassig-tanjur-geo-sivi\/","title":{"rendered":"L\u00e4ssig Tanjur Geo sivo plavi"},"content":{"rendered":"<p>Ekolo\u0161ki GEO dje\u010dji tanjur tvrtke L\u00c4SSIG proizveden je uglavnom od organske plastike. Njegov geometrijski dizajn i mat puderaste boje \u010dine ga idealnim dodatkom uz postoje\u0107e posu\u0111e.<\/p>\n<p>Uzdignuti rubovi i kutni oblik zdjelice pojednostavljuju bebine prve poku\u0161aje jedenja priborom za jelo. Zdjele, kao i ostali elementi serije GEO, mogu se slo\u017eiti i \u0161tede prostor prilikom putovanja ili za odlaganje na kuhinjskoj polici.<\/p>\n<p>Materijali kori\u0161teni za GEO posu\u0111e prete\u017eno su organski. Za razliku od konvencionalne plastike, bioplastika koju je L\u00c4SSIG razvio posebno za ovaj proizvod nije napravljena od oskudnih izvora nafte, ve\u0107 od slatkih trava kao \u0161to je \u0161e\u0107erna trska koja \u010dini najmanje 85 % ukupnog sastava. Stoga GEO posu\u0111e nudi odr\u017eivu alternativu jednokratnom ili plasti\u010dnom posu\u0111u na bazi nafte, a istovremeno \u0161tedi vrijedne resurse.<\/p>\n<p>Posu\u0111e L\u00c4SSIG GEO certificirano je kao najmanje 85 % organsko u skladu s me\u0111unarodnom normom DIN CERTCO ASTM D 6866:2020-02. \u0160tovi\u0161e, ne sadr\u017ei BPA i melamin te se mo\u017ee prati u perilici posu\u0111a do 65\u00b0C.<\/p>\n<p>Napomena: ja sam jedinstveno prirodan proizvod! Zbog organske prirode materijala kori\u0161tenih u proizvodnji ovog posu\u0111a, mo\u017ee do\u0107i do malih razlika u boji ili promjena. Me\u0111utim, njegova funkcija, kvaliteta i izvanredno dobar izgled nepromjenjivi su.<\/p>\n","protected":false},"excerpt":{"rendered":"<p>Organska proizvodnja, odgovaraju\u0107e kvalitete i uredan, geometrijski dizajn prepoznatljive su zna\u010dajke GEO dje\u010djeg tanjura iz L\u00c4SSIG-a . Ne sadr\u017ei BPA i melamin te se mo\u017ee prati u perilici posu\u0111a do 65\u00b0C.<\/p>\n","protected":false},"featured_media":121780,"comment_status":"open","ping_status":"closed","template":"","meta":{"_acf_changed":false,"footnotes":""},"product_brand":[],"product_cat":[577,622,657],"product_tag":[2277],"class_list":{"0":"post-150375","1":"product","2":"type-product","3":"status-publish","4":"has-post-thumbnail","6":"product_cat-hranjenje","7":"product_cat-posude","8":"product_cat-tanjuri","9":"product_tag-rasprodaja","10":"pa_boja-plava","11":"pa_boja-siva","12":"pa_brand-lassig","13":"pa_vrsta-posuda-tanjuri-i-zdjelice","15":"first","16":"instock","17":"purchasable","18":"product-type-simple"},"bundled_by":[],"bundle_stock_status":"instock","bundle_stock_quantity":2,"bundle_virtual":false,"bundle_layout":"","bundle_add_to_cart_form_location":"","bundle_editable_in_cart":false,"bundle_sold_individually_context":"","bundle_item_grouping":"","bundle_min_size":"","bundle_max_size":"","bundle_price":[],"bundled_items":[],"bundle_sell_ids":[],"acf":[],"yoast_head":"<!-- This site is optimized with the Yoast SEO Premium plugin v21.5 (Yoast SEO v27.4) - https:\/\/yoast.com\/product\/yoast-seo-premium-wordpress\/ -->\n<title>L\u00e4ssig Tanjur Geo sivo plavi - NajNaj.eu<\/title>\n<meta name=\"robots\" content=\"index, follow, max-snippet:-1, max-image-preview:large, max-video-preview:-1\" \/>\n<link rel=\"canonical\" href=\"https:\/\/najnaj.eu\/fr\/proizvod\/lassig-tanjur-geo-sivi\/\" \/>\n<meta property=\"og:locale\" content=\"fr_FR\" \/>\n<meta property=\"og:type\" content=\"article\" \/>\n<meta property=\"og:title\" content=\"L\u00e4ssig Tanjur Geo sivo plavi\" \/>\n<meta property=\"og:description\" content=\"Organska proizvodnja, odgovaraju\u0107e kvalitete i uredan, geometrijski dizajn prepoznatljive su zna\u010dajke GEO dje\u010djeg tanjura iz L\u00c4SSIG-a . Ne sadr\u017ei BPA i melamin te se mo\u017ee prati u perilici posu\u0111a do 65\u00b0C.\" \/>\n<meta property=\"og:url\" content=\"https:\/\/najnaj.eu\/fr\/proizvod\/lassig-tanjur-geo-sivi\/\" \/>\n<meta property=\"og:site_name\" content=\"NajNaj.eu\" \/>\n<meta property=\"article:publisher\" content=\"https:\/\/web.facebook.com\/najnaj.eu\/\" \/>\n<meta property=\"article:modified_time\" content=\"2026-03-06T12:06:00+00:00\" \/>\n<meta property=\"og:image\" content=\"https:\/\/najnaj.eu\/wp-content\/uploads\/2023\/08\/1310076274_4_600x600-Large.jpg\" \/>\n\t<meta property=\"og:image:width\" content=\"1080\" \/>\n\t<meta property=\"og:image:height\" content=\"1080\" \/>\n\t<meta property=\"og:image:type\" content=\"image\/jpeg\" \/>\n<meta name=\"twitter:card\" content=\"summary_large_image\" \/>\n<meta name=\"twitter:label1\" content=\"Prix\" \/>\n\t<meta name=\"twitter:data1\" content=\"9,95&nbsp;&euro;\" \/>\n\t<meta name=\"twitter:label2\" content=\"Disponibilit\u00e9\" \/>\n\t<meta name=\"twitter:data2\" content=\"En stock\" \/>\n<script type=\"application\/ld+json\" class=\"yoast-schema-graph\">{\"@context\":\"https:\\\/\\\/schema.org\",\"@graph\":[{\"@type\":\"WebPage\",\"@id\":\"https:\\\/\\\/najnaj.eu\\\/fr\\\/proizvod\\\/lassig-tanjur-geo-sivi\\\/\",\"url\":\"https:\\\/\\\/najnaj.eu\\\/fr\\\/proizvod\\\/lassig-tanjur-geo-sivi\\\/\",\"name\":\"L\u00e4ssig Tanjur Geo sivo plavi - NajNaj.eu\",\"isPartOf\":{\"@id\":\"https:\\\/\\\/najnaj.eu\\\/fr\\\/#website\"},\"primaryImageOfPage\":{\"@id\":\"https:\\\/\\\/najnaj.eu\\\/fr\\\/proizvod\\\/lassig-tanjur-geo-sivi\\\/#primaryimage\"},\"image\":{\"@id\":\"https:\\\/\\\/najnaj.eu\\\/fr\\\/proizvod\\\/lassig-tanjur-geo-sivi\\\/#primaryimage\"},\"thumbnailUrl\":\"https:\\\/\\\/najnaj.eu\\\/wp-content\\\/uploads\\\/2023\\\/08\\\/1310076274_4_600x600-Large.jpg\",\"datePublished\":\"2022-12-05T07:50:24+00:00\",\"dateModified\":\"2026-03-06T12:06:00+00:00\",\"breadcrumb\":{\"@id\":\"https:\\\/\\\/najnaj.eu\\\/fr\\\/proizvod\\\/lassig-tanjur-geo-sivi\\\/#breadcrumb\"},\"inLanguage\":\"fr-FR\",\"potentialAction\":[{\"@type\":\"ReadAction\",\"target\":[\"https:\\\/\\\/najnaj.eu\\\/fr\\\/proizvod\\\/lassig-tanjur-geo-sivi\\\/\"]}]},{\"@type\":\"ImageObject\",\"inLanguage\":\"fr-FR\",\"@id\":\"https:\\\/\\\/najnaj.eu\\\/fr\\\/proizvod\\\/lassig-tanjur-geo-sivi\\\/#primaryimage\",\"url\":\"https:\\\/\\\/najnaj.eu\\\/wp-content\\\/uploads\\\/2023\\\/08\\\/1310076274_4_600x600-Large.jpg\",\"contentUrl\":\"https:\\\/\\\/najnaj.eu\\\/wp-content\\\/uploads\\\/2023\\\/08\\\/1310076274_4_600x600-Large.jpg\",\"width\":1080,\"height\":1080},{\"@type\":\"BreadcrumbList\",\"@id\":\"https:\\\/\\\/najnaj.eu\\\/fr\\\/proizvod\\\/lassig-tanjur-geo-sivi\\\/#breadcrumb\",\"itemListElement\":[{\"@type\":\"ListItem\",\"position\":1,\"name\":\"Po\u010detna stranica\",\"item\":\"https:\\\/\\\/najnaj.eu\\\/fr\\\/\"},{\"@type\":\"ListItem\",\"position\":2,\"name\":\"Trgovina\",\"item\":\"https:\\\/\\\/najnaj.hr\\\/trgovina\\\/\"},{\"@type\":\"ListItem\",\"position\":3,\"name\":\"L\u00e4ssig Tanjur Geo sivo plavi\"}]},{\"@type\":\"WebSite\",\"@id\":\"https:\\\/\\\/najnaj.eu\\\/fr\\\/#website\",\"url\":\"https:\\\/\\\/najnaj.eu\\\/fr\\\/\",\"name\":\"NajNaj.eu\",\"description\":\"Za najva\u017enije!\",\"potentialAction\":[{\"@type\":\"SearchAction\",\"target\":{\"@type\":\"EntryPoint\",\"urlTemplate\":\"https:\\\/\\\/najnaj.eu\\\/fr\\\/?s={search_term_string}\"},\"query-input\":{\"@type\":\"PropertyValueSpecification\",\"valueRequired\":true,\"valueName\":\"search_term_string\"}}],\"inLanguage\":\"fr-FR\"}]}<\/script>\n<meta property=\"product:brand\" content=\"L\u00e4ssig\" \/>\n<meta property=\"product:price:amount\" content=\"9.95\" \/>\n<meta property=\"product:price:currency\" content=\"EUR\" \/>\n<meta property=\"og:availability\" content=\"instock\" \/>\n<meta property=\"product:availability\" content=\"instock\" \/>\n<meta property=\"product:retailer_item_id\" content=\"1310076274\" \/>\n<meta property=\"product:condition\" content=\"new\" \/>\n<!-- \/ Yoast SEO Premium plugin. -->","yoast_head_json":{"title":"L\u00e4ssig Tanjur Geo sivo plavi - NajNaj.eu","robots":{"index":"index","follow":"follow","max-snippet":"max-snippet:-1","max-image-preview":"max-image-preview:large","max-video-preview":"max-video-preview:-1"},"canonical":"https:\/\/najnaj.eu\/fr\/proizvod\/lassig-tanjur-geo-sivi\/","og_locale":"fr_FR","og_type":"article","og_title":"L\u00e4ssig Tanjur Geo sivo plavi","og_description":"Organska proizvodnja, odgovaraju\u0107e kvalitete i uredan, geometrijski dizajn prepoznatljive su zna\u010dajke GEO dje\u010djeg tanjura iz L\u00c4SSIG-a . Ne sadr\u017ei BPA i melamin te se mo\u017ee prati u perilici posu\u0111a do 65\u00b0C.","og_url":"https:\/\/najnaj.eu\/fr\/proizvod\/lassig-tanjur-geo-sivi\/","og_site_name":"NajNaj.eu","article_publisher":"https:\/\/web.facebook.com\/najnaj.eu\/","article_modified_time":"2026-03-06T12:06:00+00:00","og_image":[{"width":1080,"height":1080,"url":"https:\/\/najnaj.eu\/wp-content\/uploads\/2023\/08\/1310076274_4_600x600-Large.jpg","type":"image\/jpeg"}],"twitter_card":"summary_large_image","twitter_misc":{"Prix":"9,95&nbsp;&euro;","Disponibilit\u00e9":"En stock"},"schema":{"@context":"https:\/\/schema.org","@graph":[{"@type":"WebPage","@id":"https:\/\/najnaj.eu\/fr\/proizvod\/lassig-tanjur-geo-sivi\/","url":"https:\/\/najnaj.eu\/fr\/proizvod\/lassig-tanjur-geo-sivi\/","name":"L\u00e4ssig Tanjur Geo sivo plavi - NajNaj.eu","isPartOf":{"@id":"https:\/\/najnaj.eu\/fr\/#website"},"primaryImageOfPage":{"@id":"https:\/\/najnaj.eu\/fr\/proizvod\/lassig-tanjur-geo-sivi\/#primaryimage"},"image":{"@id":"https:\/\/najnaj.eu\/fr\/proizvod\/lassig-tanjur-geo-sivi\/#primaryimage"},"thumbnailUrl":"https:\/\/najnaj.eu\/wp-content\/uploads\/2023\/08\/1310076274_4_600x600-Large.jpg","datePublished":"2022-12-05T07:50:24+00:00","dateModified":"2026-03-06T12:06:00+00:00","breadcrumb":{"@id":"https:\/\/najnaj.eu\/fr\/proizvod\/lassig-tanjur-geo-sivi\/#breadcrumb"},"inLanguage":"fr-FR","potentialAction":[{"@type":"ReadAction","target":["https:\/\/najnaj.eu\/fr\/proizvod\/lassig-tanjur-geo-sivi\/"]}]},{"@type":"ImageObject","inLanguage":"fr-FR","@id":"https:\/\/najnaj.eu\/fr\/proizvod\/lassig-tanjur-geo-sivi\/#primaryimage","url":"https:\/\/najnaj.eu\/wp-content\/uploads\/2023\/08\/1310076274_4_600x600-Large.jpg","contentUrl":"https:\/\/najnaj.eu\/wp-content\/uploads\/2023\/08\/1310076274_4_600x600-Large.jpg","width":1080,"height":1080},{"@type":"BreadcrumbList","@id":"https:\/\/najnaj.eu\/fr\/proizvod\/lassig-tanjur-geo-sivi\/#breadcrumb","itemListElement":[{"@type":"ListItem","position":1,"name":"Po\u010detna stranica","item":"https:\/\/najnaj.eu\/fr\/"},{"@type":"ListItem","position":2,"name":"Trgovina","item":"https:\/\/najnaj.hr\/trgovina\/"},{"@type":"ListItem","position":3,"name":"L\u00e4ssig Tanjur Geo sivo plavi"}]},{"@type":"WebSite","@id":"https:\/\/najnaj.eu\/fr\/#website","url":"https:\/\/najnaj.eu\/fr\/","name":"NajNaj.eu","description":"Za najva\u017enije!","potentialAction":[{"@type":"SearchAction","target":{"@type":"EntryPoint","urlTemplate":"https:\/\/najnaj.eu\/fr\/?s={search_term_string}"},"query-input":{"@type":"PropertyValueSpecification","valueRequired":true,"valueName":"search_term_string"}}],"inLanguage":"fr-FR"}]},"product_brand":"L\u00e4ssig","product_price_amount":"9.95","product_price_currency":"EUR","og_availability":"instock","product_availability":"instock","product_retailer_item_id":"1310076274","product_condition":"new"},"_links":{"self":[{"href":"https:\/\/najnaj.eu\/fr\/wp-json\/wp\/v2\/product\/150375","targetHints":{"allow":["GET"]}}],"collection":[{"href":"https:\/\/najnaj.eu\/fr\/wp-json\/wp\/v2\/product"}],"about":[{"href":"https:\/\/najnaj.eu\/fr\/wp-json\/wp\/v2\/types\/product"}],"replies":[{"embeddable":true,"href":"https:\/\/najnaj.eu\/fr\/wp-json\/wp\/v2\/comments?post=150375"}],"version-history":[{"count":0,"href":"https:\/\/najnaj.eu\/fr\/wp-json\/wp\/v2\/product\/150375\/revisions"}],"wp:featuredmedia":[{"embeddable":true,"href":"https:\/\/najnaj.eu\/fr\/wp-json\/wp\/v2\/media\/121780"}],"wp:attachment":[{"href":"https:\/\/najnaj.eu\/fr\/wp-json\/wp\/v2\/media?parent=150375"}],"wp:term":[{"taxonomy":"product_brand","embeddable":true,"href":"https:\/\/najnaj.eu\/fr\/wp-json\/wp\/v2\/product_brand?post=150375"},{"taxonomy":"product_cat","embeddable":true,"href":"https:\/\/najnaj.eu\/fr\/wp-json\/wp\/v2\/product_cat?post=150375"},{"taxonomy":"product_tag","embeddable":true,"href":"https:\/\/najnaj.eu\/fr\/wp-json\/wp\/v2\/product_tag?post=150375"}],"curies":[{"name":"wp","href":"https:\/\/api.w.org\/{rel}","templated":true}]}}