{"id":150368,"date":"2022-12-05T08:06:55","date_gmt":"2022-12-05T07:06:55","guid":{"rendered":"https:\/\/najnaj.hr\/proizvod\/lassig-set-podbradnjaka-5-kom-assorted-little-forest-zec\/"},"modified":"2026-02-04T11:18:26","modified_gmt":"2026-02-04T10:18:26","slug":"lassig-set-podbradnjaka-5-kom-assorted-little-forest-zec","status":"publish","type":"product","link":"https:\/\/najnaj.eu\/fr\/proizvod\/lassig-set-podbradnjaka-5-kom-assorted-little-forest-zec\/","title":{"rendered":"L\u00e4ssig Set Podbradnjaka 5 kom assorted Little Forest Zec"},"content":{"rendered":"<p>Ove prakti\u010dni podbradnici (komplet od 5 komada) iz kolekcije L\u00c4SSIG Little Forest omogu\u0107uju malim gurmanima da im prolijevanje hrane za blagovaonskim stolom ne pokvari raspolo\u017eenje. Razigrani printovi poti\u010du gladnu djecu da u i vrijeme obroka u\u010de o \u0161umi i njezinim \u017eivotinjskim stanovnicima.<\/p>\n<p>Podbradnici imaju visok udio organskog pamuka stoga se lako peru i nje\u017eni su za ko\u017eu. Vodootporni premaz s unutarnje strane osigurava da majice i bluze koje se nalaze ispod, ostanu lijepe i suhe. Prakti\u010dna kop\u010da na \u010di\u010dak olak\u0161ava stavljanje i skidanje.<\/p>\n","protected":false},"excerpt":{"rendered":"<p>Ovi prakti\u010dni podbradnici (komplet od 5 komada) iz kolekcije L\u00c4SSIG Little Forest omogu\u0107uju omogu\u0107uju malim gurmanima da im prolijevanje hrane za blagovaonskim stolom ne pokvari raspolo\u017eenje. Podbradnici imaju visok udio organskog pamuka stoga su lako perivi. Mogu se prati na 40\u00b0C.<\/p>\n","protected":false},"featured_media":121504,"comment_status":"open","ping_status":"closed","template":"","meta":{"_acf_changed":false,"footnotes":""},"product_brand":[],"product_cat":[577,623,622],"product_tag":[2277],"class_list":{"0":"post-150368","1":"product","2":"type-product","3":"status-publish","4":"has-post-thumbnail","6":"product_cat-hranjenje","7":"product_cat-podbradnjaci","8":"product_cat-posude","9":"product_tag-rasprodaja","10":"pa_boja-bijela","11":"pa_boja-roza","12":"pa_brand-lassig","14":"first","15":"instock","16":"sale","17":"purchasable","18":"product-type-simple"},"bundled_by":[],"bundle_stock_status":"instock","bundle_stock_quantity":6,"bundle_virtual":false,"bundle_layout":"","bundle_add_to_cart_form_location":"","bundle_editable_in_cart":false,"bundle_sold_individually_context":"","bundle_item_grouping":"","bundle_min_size":"","bundle_max_size":"","bundle_price":[],"bundled_items":[],"bundle_sell_ids":[],"acf":[],"yoast_head":"<!-- This site is optimized with the Yoast SEO Premium plugin v21.5 (Yoast SEO v27.4) - https:\/\/yoast.com\/product\/yoast-seo-premium-wordpress\/ -->\n<title>L\u00e4ssig Set Podbradnjaka 5 kom assorted Little Forest Zec - NajNaj.eu<\/title>\n<meta name=\"robots\" content=\"index, follow, max-snippet:-1, max-image-preview:large, max-video-preview:-1\" \/>\n<link rel=\"canonical\" href=\"https:\/\/najnaj.eu\/fr\/proizvod\/lassig-set-podbradnjaka-5-kom-assorted-little-forest-zec\/\" \/>\n<meta property=\"og:locale\" content=\"fr_FR\" \/>\n<meta property=\"og:type\" content=\"article\" \/>\n<meta property=\"og:title\" content=\"L\u00e4ssig Set Podbradnjaka 5 kom assorted Little Forest Zec\" \/>\n<meta property=\"og:description\" content=\"Ovi prakti\u010dni podbradnici (komplet od 5 komada) iz kolekcije L\u00c4SSIG Little Forest omogu\u0107uju omogu\u0107uju malim gurmanima da im prolijevanje hrane za blagovaonskim stolom ne pokvari raspolo\u017eenje. Podbradnici imaju visok udio organskog pamuka stoga su lako perivi. Mogu se prati na 40\u00b0C.\" \/>\n<meta property=\"og:url\" content=\"https:\/\/najnaj.eu\/fr\/proizvod\/lassig-set-podbradnjaka-5-kom-assorted-little-forest-zec\/\" \/>\n<meta property=\"og:site_name\" content=\"NajNaj.eu\" \/>\n<meta property=\"article:publisher\" content=\"https:\/\/web.facebook.com\/najnaj.eu\/\" \/>\n<meta property=\"article:modified_time\" content=\"2026-02-04T10:18:26+00:00\" \/>\n<meta property=\"og:image\" content=\"https:\/\/najnaj.eu\/wp-content\/uploads\/2023\/08\/KID_F21_1311002727_P_1-Large.jpg\" \/>\n\t<meta property=\"og:image:width\" content=\"1110\" \/>\n\t<meta property=\"og:image:height\" content=\"1080\" \/>\n\t<meta property=\"og:image:type\" content=\"image\/jpeg\" \/>\n<meta name=\"twitter:card\" content=\"summary_large_image\" \/>\n<meta name=\"twitter:label1\" content=\"Prix\" \/>\n\t<meta name=\"twitter:data1\" content=\"29,95&nbsp;&euro;\" \/>\n\t<meta name=\"twitter:label2\" content=\"Disponibilit\u00e9\" \/>\n\t<meta name=\"twitter:data2\" content=\"En stock\" \/>\n<script type=\"application\/ld+json\" class=\"yoast-schema-graph\">{\"@context\":\"https:\\\/\\\/schema.org\",\"@graph\":[{\"@type\":\"WebPage\",\"@id\":\"https:\\\/\\\/najnaj.eu\\\/fr\\\/proizvod\\\/lassig-set-podbradnjaka-5-kom-assorted-little-forest-zec\\\/\",\"url\":\"https:\\\/\\\/najnaj.eu\\\/fr\\\/proizvod\\\/lassig-set-podbradnjaka-5-kom-assorted-little-forest-zec\\\/\",\"name\":\"L\u00e4ssig Set Podbradnjaka 5 kom assorted Little Forest Zec - NajNaj.eu\",\"isPartOf\":{\"@id\":\"https:\\\/\\\/najnaj.eu\\\/fr\\\/#website\"},\"primaryImageOfPage\":{\"@id\":\"https:\\\/\\\/najnaj.eu\\\/fr\\\/proizvod\\\/lassig-set-podbradnjaka-5-kom-assorted-little-forest-zec\\\/#primaryimage\"},\"image\":{\"@id\":\"https:\\\/\\\/najnaj.eu\\\/fr\\\/proizvod\\\/lassig-set-podbradnjaka-5-kom-assorted-little-forest-zec\\\/#primaryimage\"},\"thumbnailUrl\":\"https:\\\/\\\/najnaj.eu\\\/wp-content\\\/uploads\\\/2023\\\/08\\\/KID_F21_1311002727_P_1-Large.jpg\",\"datePublished\":\"2022-12-05T07:06:55+00:00\",\"dateModified\":\"2026-02-04T10:18:26+00:00\",\"breadcrumb\":{\"@id\":\"https:\\\/\\\/najnaj.eu\\\/fr\\\/proizvod\\\/lassig-set-podbradnjaka-5-kom-assorted-little-forest-zec\\\/#breadcrumb\"},\"inLanguage\":\"fr-FR\",\"potentialAction\":[{\"@type\":\"ReadAction\",\"target\":[\"https:\\\/\\\/najnaj.eu\\\/fr\\\/proizvod\\\/lassig-set-podbradnjaka-5-kom-assorted-little-forest-zec\\\/\"]}]},{\"@type\":\"ImageObject\",\"inLanguage\":\"fr-FR\",\"@id\":\"https:\\\/\\\/najnaj.eu\\\/fr\\\/proizvod\\\/lassig-set-podbradnjaka-5-kom-assorted-little-forest-zec\\\/#primaryimage\",\"url\":\"https:\\\/\\\/najnaj.eu\\\/wp-content\\\/uploads\\\/2023\\\/08\\\/KID_F21_1311002727_P_1-Large.jpg\",\"contentUrl\":\"https:\\\/\\\/najnaj.eu\\\/wp-content\\\/uploads\\\/2023\\\/08\\\/KID_F21_1311002727_P_1-Large.jpg\",\"width\":1110,\"height\":1080},{\"@type\":\"BreadcrumbList\",\"@id\":\"https:\\\/\\\/najnaj.eu\\\/fr\\\/proizvod\\\/lassig-set-podbradnjaka-5-kom-assorted-little-forest-zec\\\/#breadcrumb\",\"itemListElement\":[{\"@type\":\"ListItem\",\"position\":1,\"name\":\"Po\u010detna stranica\",\"item\":\"https:\\\/\\\/najnaj.eu\\\/fr\\\/\"},{\"@type\":\"ListItem\",\"position\":2,\"name\":\"Trgovina\",\"item\":\"https:\\\/\\\/najnaj.hr\\\/trgovina\\\/\"},{\"@type\":\"ListItem\",\"position\":3,\"name\":\"L\u00e4ssig Set Podbradnjaka 5 kom assorted Little Forest Zec\"}]},{\"@type\":\"WebSite\",\"@id\":\"https:\\\/\\\/najnaj.eu\\\/fr\\\/#website\",\"url\":\"https:\\\/\\\/najnaj.eu\\\/fr\\\/\",\"name\":\"NajNaj.eu\",\"description\":\"Za najva\u017enije!\",\"potentialAction\":[{\"@type\":\"SearchAction\",\"target\":{\"@type\":\"EntryPoint\",\"urlTemplate\":\"https:\\\/\\\/najnaj.eu\\\/fr\\\/?s={search_term_string}\"},\"query-input\":{\"@type\":\"PropertyValueSpecification\",\"valueRequired\":true,\"valueName\":\"search_term_string\"}}],\"inLanguage\":\"fr-FR\"}]}<\/script>\n<meta property=\"product:brand\" content=\"L\u00e4ssig\" \/>\n<meta property=\"product:price:amount\" content=\"29.95\" \/>\n<meta property=\"product:price:currency\" content=\"EUR\" \/>\n<meta property=\"og:availability\" content=\"instock\" \/>\n<meta property=\"product:availability\" content=\"instock\" \/>\n<meta property=\"product:retailer_item_id\" content=\"1311002727\" \/>\n<meta property=\"product:condition\" content=\"new\" \/>\n<!-- \/ Yoast SEO Premium plugin. -->","yoast_head_json":{"title":"L\u00e4ssig Set Podbradnjaka 5 kom assorted Little Forest Zec - NajNaj.eu","robots":{"index":"index","follow":"follow","max-snippet":"max-snippet:-1","max-image-preview":"max-image-preview:large","max-video-preview":"max-video-preview:-1"},"canonical":"https:\/\/najnaj.eu\/fr\/proizvod\/lassig-set-podbradnjaka-5-kom-assorted-little-forest-zec\/","og_locale":"fr_FR","og_type":"article","og_title":"L\u00e4ssig Set Podbradnjaka 5 kom assorted Little Forest Zec","og_description":"Ovi prakti\u010dni podbradnici (komplet od 5 komada) iz kolekcije L\u00c4SSIG Little Forest omogu\u0107uju omogu\u0107uju malim gurmanima da im prolijevanje hrane za blagovaonskim stolom ne pokvari raspolo\u017eenje. Podbradnici imaju visok udio organskog pamuka stoga su lako perivi. Mogu se prati na 40\u00b0C.","og_url":"https:\/\/najnaj.eu\/fr\/proizvod\/lassig-set-podbradnjaka-5-kom-assorted-little-forest-zec\/","og_site_name":"NajNaj.eu","article_publisher":"https:\/\/web.facebook.com\/najnaj.eu\/","article_modified_time":"2026-02-04T10:18:26+00:00","og_image":[{"width":1110,"height":1080,"url":"https:\/\/najnaj.eu\/wp-content\/uploads\/2023\/08\/KID_F21_1311002727_P_1-Large.jpg","type":"image\/jpeg"}],"twitter_card":"summary_large_image","twitter_misc":{"Prix":"29,95&nbsp;&euro;","Disponibilit\u00e9":"En stock"},"schema":{"@context":"https:\/\/schema.org","@graph":[{"@type":"WebPage","@id":"https:\/\/najnaj.eu\/fr\/proizvod\/lassig-set-podbradnjaka-5-kom-assorted-little-forest-zec\/","url":"https:\/\/najnaj.eu\/fr\/proizvod\/lassig-set-podbradnjaka-5-kom-assorted-little-forest-zec\/","name":"L\u00e4ssig Set Podbradnjaka 5 kom assorted Little Forest Zec - NajNaj.eu","isPartOf":{"@id":"https:\/\/najnaj.eu\/fr\/#website"},"primaryImageOfPage":{"@id":"https:\/\/najnaj.eu\/fr\/proizvod\/lassig-set-podbradnjaka-5-kom-assorted-little-forest-zec\/#primaryimage"},"image":{"@id":"https:\/\/najnaj.eu\/fr\/proizvod\/lassig-set-podbradnjaka-5-kom-assorted-little-forest-zec\/#primaryimage"},"thumbnailUrl":"https:\/\/najnaj.eu\/wp-content\/uploads\/2023\/08\/KID_F21_1311002727_P_1-Large.jpg","datePublished":"2022-12-05T07:06:55+00:00","dateModified":"2026-02-04T10:18:26+00:00","breadcrumb":{"@id":"https:\/\/najnaj.eu\/fr\/proizvod\/lassig-set-podbradnjaka-5-kom-assorted-little-forest-zec\/#breadcrumb"},"inLanguage":"fr-FR","potentialAction":[{"@type":"ReadAction","target":["https:\/\/najnaj.eu\/fr\/proizvod\/lassig-set-podbradnjaka-5-kom-assorted-little-forest-zec\/"]}]},{"@type":"ImageObject","inLanguage":"fr-FR","@id":"https:\/\/najnaj.eu\/fr\/proizvod\/lassig-set-podbradnjaka-5-kom-assorted-little-forest-zec\/#primaryimage","url":"https:\/\/najnaj.eu\/wp-content\/uploads\/2023\/08\/KID_F21_1311002727_P_1-Large.jpg","contentUrl":"https:\/\/najnaj.eu\/wp-content\/uploads\/2023\/08\/KID_F21_1311002727_P_1-Large.jpg","width":1110,"height":1080},{"@type":"BreadcrumbList","@id":"https:\/\/najnaj.eu\/fr\/proizvod\/lassig-set-podbradnjaka-5-kom-assorted-little-forest-zec\/#breadcrumb","itemListElement":[{"@type":"ListItem","position":1,"name":"Po\u010detna stranica","item":"https:\/\/najnaj.eu\/fr\/"},{"@type":"ListItem","position":2,"name":"Trgovina","item":"https:\/\/najnaj.hr\/trgovina\/"},{"@type":"ListItem","position":3,"name":"L\u00e4ssig Set Podbradnjaka 5 kom assorted Little Forest Zec"}]},{"@type":"WebSite","@id":"https:\/\/najnaj.eu\/fr\/#website","url":"https:\/\/najnaj.eu\/fr\/","name":"NajNaj.eu","description":"Za najva\u017enije!","potentialAction":[{"@type":"SearchAction","target":{"@type":"EntryPoint","urlTemplate":"https:\/\/najnaj.eu\/fr\/?s={search_term_string}"},"query-input":{"@type":"PropertyValueSpecification","valueRequired":true,"valueName":"search_term_string"}}],"inLanguage":"fr-FR"}]},"product_brand":"L\u00e4ssig","product_price_amount":"29.95","product_price_currency":"EUR","og_availability":"instock","product_availability":"instock","product_retailer_item_id":"1311002727","product_condition":"new"},"_links":{"self":[{"href":"https:\/\/najnaj.eu\/fr\/wp-json\/wp\/v2\/product\/150368","targetHints":{"allow":["GET"]}}],"collection":[{"href":"https:\/\/najnaj.eu\/fr\/wp-json\/wp\/v2\/product"}],"about":[{"href":"https:\/\/najnaj.eu\/fr\/wp-json\/wp\/v2\/types\/product"}],"replies":[{"embeddable":true,"href":"https:\/\/najnaj.eu\/fr\/wp-json\/wp\/v2\/comments?post=150368"}],"version-history":[{"count":0,"href":"https:\/\/najnaj.eu\/fr\/wp-json\/wp\/v2\/product\/150368\/revisions"}],"wp:featuredmedia":[{"embeddable":true,"href":"https:\/\/najnaj.eu\/fr\/wp-json\/wp\/v2\/media\/121504"}],"wp:attachment":[{"href":"https:\/\/najnaj.eu\/fr\/wp-json\/wp\/v2\/media?parent=150368"}],"wp:term":[{"taxonomy":"product_brand","embeddable":true,"href":"https:\/\/najnaj.eu\/fr\/wp-json\/wp\/v2\/product_brand?post=150368"},{"taxonomy":"product_cat","embeddable":true,"href":"https:\/\/najnaj.eu\/fr\/wp-json\/wp\/v2\/product_cat?post=150368"},{"taxonomy":"product_tag","embeddable":true,"href":"https:\/\/najnaj.eu\/fr\/wp-json\/wp\/v2\/product_tag?post=150368"}],"curies":[{"name":"wp","href":"https:\/\/api.w.org\/{rel}","templated":true}]}}