{"id":150361,"date":"2022-11-30T12:17:57","date_gmt":"2022-11-30T11:17:57","guid":{"rendered":"https:\/\/najnaj.hr\/proizvod\/lassig-gla-organizator-za-kolica-antrcit\/"},"modified":"2026-02-04T11:18:34","modified_gmt":"2026-02-04T10:18:34","slug":"lassig-gla-organizator-za-kolica-antrcit","status":"publish","type":"product","link":"https:\/\/najnaj.eu\/fr\/proizvod\/lassig-gla-organizator-za-kolica-antrcit\/","title":{"rendered":"L\u00e4ssig GLA Organizator za kolica antracit"},"content":{"rendered":"<p>L\u00c4SSIG-ova Goldie Torba za kolica iz kolekcije Glam organizacijski je talent za roditelje koji \u017eele sve bitne stvari pri ruci kada su u pokretu.<\/p>\n<p>Torba za kolica pri\u010dvr\u0161\u0107ena je izravno na kolica s prilo\u017eenim kukicama. Pi\u0107a, grickalice i ostali sitni predmeti mogu se jednostavno pospremiti. S prostranim glavnim pretincem i pregledno ure\u0111enom unutra\u0161njo\u0161\u0107u, organizator za kolica izvrsno \u0161tedi prostor. Ako ste u pokretu bez torbe, postoji sigurno mjesto za va\u0161e klju\u010deve i torbicu\/nov\u010danik. Zahvaljuju\u0107i patentnom zatvara\u010du va\u0161e stvari su na sigurnom.<\/p>\n","protected":false},"excerpt":{"rendered":"<p><span data-sheets-formula-bar-text-style=\"font-size:13px;color:#000000;font-weight:normal;text-decoration:none;font-family:''Arial'';font-style:normal;text-decoration-skip-ink:none;\">L\u00c4SSIG-ova<\/span><span data-sheets-formula-bar-text-style=\"font-size:13px;color:#000000;font-weight:bold;text-decoration:none;font-family:''Arial'';font-style:normal;text-decoration-skip-ink:none;\"> Goldie Buggy Organizer torba za kolica<\/span><span data-sheets-formula-bar-text-style=\"font-size:13px;color:#000000;font-weight:normal;text-decoration:none;font-family:''Arial'';font-style:normal;text-decoration-skip-ink:none;\">, mo\u017ee dr\u017eati sve va\u0161e bitne potrep\u0161tine pri ruci &#8211; pi\u0107a, grickalice, nov\u010danik itd. Torba je pri\u010dvr\u0161\u0107ena izravno na kolica s prilo\u017eenim kukama, a patentni zatvara\u010d sve dr\u017ei na mjestu i sigurno.<\/span><\/p>\n","protected":false},"featured_media":152144,"comment_status":"open","ping_status":"closed","template":"","meta":{"_acf_changed":false,"footnotes":""},"product_brand":[],"product_cat":[552,676,648,677],"product_tag":[],"class_list":{"0":"post-150361","1":"product","2":"type-product","3":"status-publish","4":"has-post-thumbnail","6":"product_cat-dodaci-za-kolica","7":"product_cat-moda","8":"product_cat-organizatori-za-kolica","9":"product_cat-torbe-moda","10":"pa_boja-siva","11":"pa_brand-lassig","13":"first","14":"instock","15":"sale","16":"purchasable","17":"product-type-simple"},"bundled_by":[],"bundle_stock_status":"instock","bundle_stock_quantity":7,"bundle_virtual":false,"bundle_layout":"","bundle_add_to_cart_form_location":"","bundle_editable_in_cart":false,"bundle_sold_individually_context":"","bundle_item_grouping":"","bundle_min_size":"","bundle_max_size":"","bundle_price":[],"bundled_items":[],"bundle_sell_ids":[],"acf":[],"yoast_head":"<!-- This site is optimized with the Yoast SEO Premium plugin v21.5 (Yoast SEO v27.4) - https:\/\/yoast.com\/product\/yoast-seo-premium-wordpress\/ -->\n<title>L\u00e4ssig GLA Organizator za kolica antracit - NajNaj.eu<\/title>\n<meta name=\"robots\" content=\"index, follow, max-snippet:-1, max-image-preview:large, max-video-preview:-1\" \/>\n<link rel=\"canonical\" href=\"https:\/\/najnaj.eu\/fr\/proizvod\/lassig-gla-organizator-za-kolica-antrcit\/\" \/>\n<meta property=\"og:locale\" content=\"fr_FR\" \/>\n<meta property=\"og:type\" content=\"article\" \/>\n<meta property=\"og:title\" content=\"L\u00e4ssig GLA Organizator za kolica antracit\" \/>\n<meta property=\"og:description\" content=\"L\u00c4SSIG-ova Goldie Buggy Organizer torba za kolica, mo\u017ee dr\u017eati sve va\u0161e bitne potrep\u0161tine pri ruci - pi\u0107a, grickalice, nov\u010danik itd. Torba je pri\u010dvr\u0161\u0107ena izravno na kolica s prilo\u017eenim kukama, a patentni zatvara\u010d sve dr\u017ei na mjestu i sigurno.\" \/>\n<meta property=\"og:url\" content=\"https:\/\/najnaj.eu\/fr\/proizvod\/lassig-gla-organizator-za-kolica-antrcit\/\" \/>\n<meta property=\"og:site_name\" content=\"NajNaj.eu\" \/>\n<meta property=\"article:publisher\" content=\"https:\/\/web.facebook.com\/najnaj.eu\/\" \/>\n<meta property=\"article:modified_time\" content=\"2026-02-04T10:18:34+00:00\" \/>\n<meta property=\"og:image\" content=\"https:\/\/najnaj.eu\/wp-content\/uploads\/2022\/11\/1107002222_1kCmsUBq6n3MQl_600x600.jpg\" \/>\n\t<meta property=\"og:image:width\" content=\"600\" \/>\n\t<meta property=\"og:image:height\" content=\"600\" \/>\n\t<meta property=\"og:image:type\" content=\"image\/jpeg\" \/>\n<meta name=\"twitter:card\" content=\"summary_large_image\" \/>\n<meta name=\"twitter:label1\" content=\"Prix\" \/>\n\t<meta name=\"twitter:data1\" content=\"32,95&nbsp;&euro;\" \/>\n\t<meta name=\"twitter:label2\" content=\"Disponibilit\u00e9\" \/>\n\t<meta name=\"twitter:data2\" content=\"En stock\" \/>\n<script type=\"application\/ld+json\" class=\"yoast-schema-graph\">{\"@context\":\"https:\\\/\\\/schema.org\",\"@graph\":[{\"@type\":\"WebPage\",\"@id\":\"https:\\\/\\\/najnaj.eu\\\/fr\\\/proizvod\\\/lassig-gla-organizator-za-kolica-antrcit\\\/\",\"url\":\"https:\\\/\\\/najnaj.eu\\\/fr\\\/proizvod\\\/lassig-gla-organizator-za-kolica-antrcit\\\/\",\"name\":\"L\u00e4ssig GLA Organizator za kolica antracit - NajNaj.eu\",\"isPartOf\":{\"@id\":\"https:\\\/\\\/najnaj.eu\\\/fr\\\/#website\"},\"primaryImageOfPage\":{\"@id\":\"https:\\\/\\\/najnaj.eu\\\/fr\\\/proizvod\\\/lassig-gla-organizator-za-kolica-antrcit\\\/#primaryimage\"},\"image\":{\"@id\":\"https:\\\/\\\/najnaj.eu\\\/fr\\\/proizvod\\\/lassig-gla-organizator-za-kolica-antrcit\\\/#primaryimage\"},\"thumbnailUrl\":\"https:\\\/\\\/najnaj.eu\\\/wp-content\\\/uploads\\\/2022\\\/11\\\/1107002222_1kCmsUBq6n3MQl_600x600.jpg\",\"datePublished\":\"2022-11-30T11:17:57+00:00\",\"dateModified\":\"2026-02-04T10:18:34+00:00\",\"breadcrumb\":{\"@id\":\"https:\\\/\\\/najnaj.eu\\\/fr\\\/proizvod\\\/lassig-gla-organizator-za-kolica-antrcit\\\/#breadcrumb\"},\"inLanguage\":\"fr-FR\",\"potentialAction\":[{\"@type\":\"ReadAction\",\"target\":[\"https:\\\/\\\/najnaj.eu\\\/fr\\\/proizvod\\\/lassig-gla-organizator-za-kolica-antrcit\\\/\"]}]},{\"@type\":\"ImageObject\",\"inLanguage\":\"fr-FR\",\"@id\":\"https:\\\/\\\/najnaj.eu\\\/fr\\\/proizvod\\\/lassig-gla-organizator-za-kolica-antrcit\\\/#primaryimage\",\"url\":\"https:\\\/\\\/najnaj.eu\\\/wp-content\\\/uploads\\\/2022\\\/11\\\/1107002222_1kCmsUBq6n3MQl_600x600.jpg\",\"contentUrl\":\"https:\\\/\\\/najnaj.eu\\\/wp-content\\\/uploads\\\/2022\\\/11\\\/1107002222_1kCmsUBq6n3MQl_600x600.jpg\",\"width\":600,\"height\":600},{\"@type\":\"BreadcrumbList\",\"@id\":\"https:\\\/\\\/najnaj.eu\\\/fr\\\/proizvod\\\/lassig-gla-organizator-za-kolica-antrcit\\\/#breadcrumb\",\"itemListElement\":[{\"@type\":\"ListItem\",\"position\":1,\"name\":\"Po\u010detna stranica\",\"item\":\"https:\\\/\\\/najnaj.eu\\\/fr\\\/\"},{\"@type\":\"ListItem\",\"position\":2,\"name\":\"Trgovina\",\"item\":\"https:\\\/\\\/najnaj.hr\\\/trgovina\\\/\"},{\"@type\":\"ListItem\",\"position\":3,\"name\":\"L\u00e4ssig GLA Organizator za kolica antracit\"}]},{\"@type\":\"WebSite\",\"@id\":\"https:\\\/\\\/najnaj.eu\\\/fr\\\/#website\",\"url\":\"https:\\\/\\\/najnaj.eu\\\/fr\\\/\",\"name\":\"NajNaj.eu\",\"description\":\"Za najva\u017enije!\",\"potentialAction\":[{\"@type\":\"SearchAction\",\"target\":{\"@type\":\"EntryPoint\",\"urlTemplate\":\"https:\\\/\\\/najnaj.eu\\\/fr\\\/?s={search_term_string}\"},\"query-input\":{\"@type\":\"PropertyValueSpecification\",\"valueRequired\":true,\"valueName\":\"search_term_string\"}}],\"inLanguage\":\"fr-FR\"}]}<\/script>\n<meta property=\"product:brand\" content=\"L\u00e4ssig\" \/>\n<meta property=\"product:price:amount\" content=\"32.95\" \/>\n<meta property=\"product:price:currency\" content=\"EUR\" \/>\n<meta property=\"og:availability\" content=\"instock\" \/>\n<meta property=\"product:availability\" content=\"instock\" \/>\n<meta property=\"product:retailer_item_id\" content=\"1107002222\" \/>\n<meta property=\"product:condition\" content=\"new\" \/>\n<!-- \/ Yoast SEO Premium plugin. -->","yoast_head_json":{"title":"L\u00e4ssig GLA Organizator za kolica antracit - NajNaj.eu","robots":{"index":"index","follow":"follow","max-snippet":"max-snippet:-1","max-image-preview":"max-image-preview:large","max-video-preview":"max-video-preview:-1"},"canonical":"https:\/\/najnaj.eu\/fr\/proizvod\/lassig-gla-organizator-za-kolica-antrcit\/","og_locale":"fr_FR","og_type":"article","og_title":"L\u00e4ssig GLA Organizator za kolica antracit","og_description":"L\u00c4SSIG-ova Goldie Buggy Organizer torba za kolica, mo\u017ee dr\u017eati sve va\u0161e bitne potrep\u0161tine pri ruci - pi\u0107a, grickalice, nov\u010danik itd. Torba je pri\u010dvr\u0161\u0107ena izravno na kolica s prilo\u017eenim kukama, a patentni zatvara\u010d sve dr\u017ei na mjestu i sigurno.","og_url":"https:\/\/najnaj.eu\/fr\/proizvod\/lassig-gla-organizator-za-kolica-antrcit\/","og_site_name":"NajNaj.eu","article_publisher":"https:\/\/web.facebook.com\/najnaj.eu\/","article_modified_time":"2026-02-04T10:18:34+00:00","og_image":[{"width":600,"height":600,"url":"https:\/\/najnaj.eu\/wp-content\/uploads\/2022\/11\/1107002222_1kCmsUBq6n3MQl_600x600.jpg","type":"image\/jpeg"}],"twitter_card":"summary_large_image","twitter_misc":{"Prix":"32,95&nbsp;&euro;","Disponibilit\u00e9":"En stock"},"schema":{"@context":"https:\/\/schema.org","@graph":[{"@type":"WebPage","@id":"https:\/\/najnaj.eu\/fr\/proizvod\/lassig-gla-organizator-za-kolica-antrcit\/","url":"https:\/\/najnaj.eu\/fr\/proizvod\/lassig-gla-organizator-za-kolica-antrcit\/","name":"L\u00e4ssig GLA Organizator za kolica antracit - NajNaj.eu","isPartOf":{"@id":"https:\/\/najnaj.eu\/fr\/#website"},"primaryImageOfPage":{"@id":"https:\/\/najnaj.eu\/fr\/proizvod\/lassig-gla-organizator-za-kolica-antrcit\/#primaryimage"},"image":{"@id":"https:\/\/najnaj.eu\/fr\/proizvod\/lassig-gla-organizator-za-kolica-antrcit\/#primaryimage"},"thumbnailUrl":"https:\/\/najnaj.eu\/wp-content\/uploads\/2022\/11\/1107002222_1kCmsUBq6n3MQl_600x600.jpg","datePublished":"2022-11-30T11:17:57+00:00","dateModified":"2026-02-04T10:18:34+00:00","breadcrumb":{"@id":"https:\/\/najnaj.eu\/fr\/proizvod\/lassig-gla-organizator-za-kolica-antrcit\/#breadcrumb"},"inLanguage":"fr-FR","potentialAction":[{"@type":"ReadAction","target":["https:\/\/najnaj.eu\/fr\/proizvod\/lassig-gla-organizator-za-kolica-antrcit\/"]}]},{"@type":"ImageObject","inLanguage":"fr-FR","@id":"https:\/\/najnaj.eu\/fr\/proizvod\/lassig-gla-organizator-za-kolica-antrcit\/#primaryimage","url":"https:\/\/najnaj.eu\/wp-content\/uploads\/2022\/11\/1107002222_1kCmsUBq6n3MQl_600x600.jpg","contentUrl":"https:\/\/najnaj.eu\/wp-content\/uploads\/2022\/11\/1107002222_1kCmsUBq6n3MQl_600x600.jpg","width":600,"height":600},{"@type":"BreadcrumbList","@id":"https:\/\/najnaj.eu\/fr\/proizvod\/lassig-gla-organizator-za-kolica-antrcit\/#breadcrumb","itemListElement":[{"@type":"ListItem","position":1,"name":"Po\u010detna stranica","item":"https:\/\/najnaj.eu\/fr\/"},{"@type":"ListItem","position":2,"name":"Trgovina","item":"https:\/\/najnaj.hr\/trgovina\/"},{"@type":"ListItem","position":3,"name":"L\u00e4ssig GLA Organizator za kolica antracit"}]},{"@type":"WebSite","@id":"https:\/\/najnaj.eu\/fr\/#website","url":"https:\/\/najnaj.eu\/fr\/","name":"NajNaj.eu","description":"Za najva\u017enije!","potentialAction":[{"@type":"SearchAction","target":{"@type":"EntryPoint","urlTemplate":"https:\/\/najnaj.eu\/fr\/?s={search_term_string}"},"query-input":{"@type":"PropertyValueSpecification","valueRequired":true,"valueName":"search_term_string"}}],"inLanguage":"fr-FR"}]},"product_brand":"L\u00e4ssig","product_price_amount":"32.95","product_price_currency":"EUR","og_availability":"instock","product_availability":"instock","product_retailer_item_id":"1107002222","product_condition":"new"},"_links":{"self":[{"href":"https:\/\/najnaj.eu\/fr\/wp-json\/wp\/v2\/product\/150361","targetHints":{"allow":["GET"]}}],"collection":[{"href":"https:\/\/najnaj.eu\/fr\/wp-json\/wp\/v2\/product"}],"about":[{"href":"https:\/\/najnaj.eu\/fr\/wp-json\/wp\/v2\/types\/product"}],"replies":[{"embeddable":true,"href":"https:\/\/najnaj.eu\/fr\/wp-json\/wp\/v2\/comments?post=150361"}],"version-history":[{"count":0,"href":"https:\/\/najnaj.eu\/fr\/wp-json\/wp\/v2\/product\/150361\/revisions"}],"wp:featuredmedia":[{"embeddable":true,"href":"https:\/\/najnaj.eu\/fr\/wp-json\/wp\/v2\/media\/152144"}],"wp:attachment":[{"href":"https:\/\/najnaj.eu\/fr\/wp-json\/wp\/v2\/media?parent=150361"}],"wp:term":[{"taxonomy":"product_brand","embeddable":true,"href":"https:\/\/najnaj.eu\/fr\/wp-json\/wp\/v2\/product_brand?post=150361"},{"taxonomy":"product_cat","embeddable":true,"href":"https:\/\/najnaj.eu\/fr\/wp-json\/wp\/v2\/product_cat?post=150361"},{"taxonomy":"product_tag","embeddable":true,"href":"https:\/\/najnaj.eu\/fr\/wp-json\/wp\/v2\/product_tag?post=150361"}],"curies":[{"name":"wp","href":"https:\/\/api.w.org\/{rel}","templated":true}]}}