{"id":150358,"date":"2022-11-30T11:08:07","date_gmt":"2022-11-30T10:08:07","guid":{"rendered":"https:\/\/najnaj.hr\/proizvod\/lassig-gre-pamucna-statement-torba-antracit\/"},"modified":"2026-02-04T11:18:40","modified_gmt":"2026-02-04T10:18:40","slug":"lassig-gre-pamucna-statement-torba-antracit","status":"publish","type":"product","link":"https:\/\/najnaj.eu\/fr\/proizvod\/lassig-gre-pamucna-statement-torba-antracit\/","title":{"rendered":"L\u00e4ssig GRE Pamu\u010dna Statement Torba antracit"},"content":{"rendered":"<p>Izra\u0111eno od organskog pamuka! Vodootporna Cotton Statement Shopper torba iz kolekcije L\u00c4SSIG Green Label impresionira svojom visokokvalitetnom zavr\u0161nom obradom od organskog pamuka i nenametljivim dizajnom. Ispod njegove lijepe i ekolo\u0161ki prihvatljive vanj\u0161tine krije se iznena\u0111uju\u0107e velika koli\u010dina prostora za pohranu, \u0161to ga \u010dini savr\u0161enim suputnikom za izlete, vikend putovanja, kupovinu ili sport.<\/p>\n<p>Minimalisti\u010dka torba za kupovinu izra\u0111ena je od pamuka iz organskog uzgoja. Podrijetlo kori\u0161tenih materijala \u010dini Cotton Statement Shopper torbu ekolo\u0161ki prihvatljivom. \u0160tovi\u0161e, robusni i vodootporni premaz sla\u017ee se sa svim vremenskim uvjetima. Torba se mo\u017ee prati u perilici na 30\u00b0C u nje\u017enom na\u010dinu rada te \u010dak i nakon dulje upotrebe, nastavlja pru\u017eati vrhunsku funkcionalnost.<\/p>\n<p>Cotton Statement Shopper torba impresionira svojim prakti\u010dnim oblikom, modernim bojama te ostavlja \u010dvrsti utisak podebljanim logotipima Fairness i Kindness, izjavama koje odra\u017eavaju prioritete tvrtke L\u00c4SSIG. Kao proizvo\u0111a\u010d, L\u00c4SSIG brine o funkcionalnosti i dizajnu, ali i pridaje posebnu va\u017enost po\u0161tenoj trgovini i odgovornom kori\u0161tenju resursa planeta.<\/p>\n<p>Neizostavne stvari za izlet u prirodi &#8211; sportska oprema, dekice, dje\u010dje igra\u010dke ili grickalice &#8211; uredno stanu u Cotton Essential Shopper torbu. Sve \u0161to zahtijeva neposredan pristup mo\u017ee se organizirati unutar velike unutra\u0161njosti s podstavom u svijetlim bojama i vi\u0161estrukim pretincima za pohranu. Torba ima dodatne kuke za kolica, \u0161to omogu\u0107uje pri\u010dvr\u0161\u0107ivanje na kolica i rastere\u0107uje roditelje od naprezanja le\u0111a.<\/p>\n","protected":false},"excerpt":{"rendered":"<p>L\u00c4SSIG Cotton Statement Shopper torba uspje\u0161no spaja ekolo\u0161ku prihvatljivost, jednostavnost i funkcionalnost. \u010cudo kompaktnog dizajna i savr\u0161en suputnik u svakoj prilici. Izra\u0111ena od organskog pamuka, torba je vodootporna i periva u perilici rublja.<\/p>\n","protected":false},"featured_media":121104,"comment_status":"open","ping_status":"closed","template":"","meta":{"_acf_changed":false,"footnotes":""},"product_brand":[],"product_cat":[552,676,677,562],"product_tag":[2277],"class_list":{"0":"post-150358","1":"product","2":"type-product","3":"status-publish","4":"has-post-thumbnail","6":"product_cat-dodaci-za-kolica","7":"product_cat-moda","8":"product_cat-torbe-moda","9":"product_cat-za-mamu","10":"product_tag-rasprodaja","11":"pa_boja-siva","12":"pa_brand-lassig","13":"pa_torbe-za-rodiliste","15":"first","16":"instock","17":"sale","18":"purchasable","19":"product-type-simple"},"bundled_by":[],"bundle_stock_status":"instock","bundle_stock_quantity":7,"bundle_virtual":false,"bundle_layout":"","bundle_add_to_cart_form_location":"","bundle_editable_in_cart":false,"bundle_sold_individually_context":"","bundle_item_grouping":"","bundle_min_size":"","bundle_max_size":"","bundle_price":[],"bundled_items":[],"bundle_sell_ids":[],"acf":[],"yoast_head":"<!-- This site is optimized with the Yoast SEO Premium plugin v21.5 (Yoast SEO v27.4) - https:\/\/yoast.com\/product\/yoast-seo-premium-wordpress\/ -->\n<title>L\u00e4ssig GRE Pamu\u010dna Statement Torba antracit - NajNaj.eu<\/title>\n<meta name=\"robots\" content=\"index, follow, max-snippet:-1, max-image-preview:large, max-video-preview:-1\" \/>\n<link rel=\"canonical\" href=\"https:\/\/najnaj.eu\/fr\/proizvod\/lassig-gre-pamucna-statement-torba-antracit\/\" \/>\n<meta property=\"og:locale\" content=\"fr_FR\" \/>\n<meta property=\"og:type\" content=\"article\" \/>\n<meta property=\"og:title\" content=\"L\u00e4ssig GRE Pamu\u010dna Statement Torba antracit\" \/>\n<meta property=\"og:description\" content=\"L\u00c4SSIG Cotton Statement Shopper torba uspje\u0161no spaja ekolo\u0161ku prihvatljivost, jednostavnost i funkcionalnost. \u010cudo kompaktnog dizajna i savr\u0161en suputnik u svakoj prilici. Izra\u0111ena od organskog pamuka, torba je vodootporna i periva u perilici rublja.\" \/>\n<meta property=\"og:url\" content=\"https:\/\/najnaj.eu\/fr\/proizvod\/lassig-gre-pamucna-statement-torba-antracit\/\" \/>\n<meta property=\"og:site_name\" content=\"NajNaj.eu\" \/>\n<meta property=\"article:publisher\" content=\"https:\/\/web.facebook.com\/najnaj.eu\/\" \/>\n<meta property=\"article:modified_time\" content=\"2026-02-04T10:18:40+00:00\" \/>\n<meta property=\"og:image\" content=\"https:\/\/najnaj.eu\/wp-content\/uploads\/2023\/08\/GRE_F21_1101034236_P_1-Large.jpg\" \/>\n\t<meta property=\"og:image:width\" content=\"1080\" \/>\n\t<meta property=\"og:image:height\" content=\"1080\" \/>\n\t<meta property=\"og:image:type\" content=\"image\/jpeg\" \/>\n<meta name=\"twitter:card\" content=\"summary_large_image\" \/>\n<meta name=\"twitter:label1\" content=\"Prix\" \/>\n\t<meta name=\"twitter:data1\" content=\"39,95&nbsp;&euro;\" \/>\n\t<meta name=\"twitter:label2\" content=\"Disponibilit\u00e9\" \/>\n\t<meta name=\"twitter:data2\" content=\"En stock\" \/>\n<script type=\"application\/ld+json\" class=\"yoast-schema-graph\">{\"@context\":\"https:\\\/\\\/schema.org\",\"@graph\":[{\"@type\":\"WebPage\",\"@id\":\"https:\\\/\\\/najnaj.eu\\\/fr\\\/proizvod\\\/lassig-gre-pamucna-statement-torba-antracit\\\/\",\"url\":\"https:\\\/\\\/najnaj.eu\\\/fr\\\/proizvod\\\/lassig-gre-pamucna-statement-torba-antracit\\\/\",\"name\":\"L\u00e4ssig GRE Pamu\u010dna Statement Torba antracit - NajNaj.eu\",\"isPartOf\":{\"@id\":\"https:\\\/\\\/najnaj.eu\\\/fr\\\/#website\"},\"primaryImageOfPage\":{\"@id\":\"https:\\\/\\\/najnaj.eu\\\/fr\\\/proizvod\\\/lassig-gre-pamucna-statement-torba-antracit\\\/#primaryimage\"},\"image\":{\"@id\":\"https:\\\/\\\/najnaj.eu\\\/fr\\\/proizvod\\\/lassig-gre-pamucna-statement-torba-antracit\\\/#primaryimage\"},\"thumbnailUrl\":\"https:\\\/\\\/najnaj.eu\\\/wp-content\\\/uploads\\\/2023\\\/08\\\/GRE_F21_1101034236_P_1-Large.jpg\",\"datePublished\":\"2022-11-30T10:08:07+00:00\",\"dateModified\":\"2026-02-04T10:18:40+00:00\",\"breadcrumb\":{\"@id\":\"https:\\\/\\\/najnaj.eu\\\/fr\\\/proizvod\\\/lassig-gre-pamucna-statement-torba-antracit\\\/#breadcrumb\"},\"inLanguage\":\"fr-FR\",\"potentialAction\":[{\"@type\":\"ReadAction\",\"target\":[\"https:\\\/\\\/najnaj.eu\\\/fr\\\/proizvod\\\/lassig-gre-pamucna-statement-torba-antracit\\\/\"]}]},{\"@type\":\"ImageObject\",\"inLanguage\":\"fr-FR\",\"@id\":\"https:\\\/\\\/najnaj.eu\\\/fr\\\/proizvod\\\/lassig-gre-pamucna-statement-torba-antracit\\\/#primaryimage\",\"url\":\"https:\\\/\\\/najnaj.eu\\\/wp-content\\\/uploads\\\/2023\\\/08\\\/GRE_F21_1101034236_P_1-Large.jpg\",\"contentUrl\":\"https:\\\/\\\/najnaj.eu\\\/wp-content\\\/uploads\\\/2023\\\/08\\\/GRE_F21_1101034236_P_1-Large.jpg\",\"width\":1080,\"height\":1080},{\"@type\":\"BreadcrumbList\",\"@id\":\"https:\\\/\\\/najnaj.eu\\\/fr\\\/proizvod\\\/lassig-gre-pamucna-statement-torba-antracit\\\/#breadcrumb\",\"itemListElement\":[{\"@type\":\"ListItem\",\"position\":1,\"name\":\"Po\u010detna stranica\",\"item\":\"https:\\\/\\\/najnaj.eu\\\/fr\\\/\"},{\"@type\":\"ListItem\",\"position\":2,\"name\":\"Trgovina\",\"item\":\"https:\\\/\\\/najnaj.hr\\\/trgovina\\\/\"},{\"@type\":\"ListItem\",\"position\":3,\"name\":\"L\u00e4ssig GRE Pamu\u010dna Statement Torba antracit\"}]},{\"@type\":\"WebSite\",\"@id\":\"https:\\\/\\\/najnaj.eu\\\/fr\\\/#website\",\"url\":\"https:\\\/\\\/najnaj.eu\\\/fr\\\/\",\"name\":\"NajNaj.eu\",\"description\":\"Za najva\u017enije!\",\"potentialAction\":[{\"@type\":\"SearchAction\",\"target\":{\"@type\":\"EntryPoint\",\"urlTemplate\":\"https:\\\/\\\/najnaj.eu\\\/fr\\\/?s={search_term_string}\"},\"query-input\":{\"@type\":\"PropertyValueSpecification\",\"valueRequired\":true,\"valueName\":\"search_term_string\"}}],\"inLanguage\":\"fr-FR\"}]}<\/script>\n<meta property=\"product:brand\" content=\"L\u00e4ssig\" \/>\n<meta property=\"product:price:amount\" content=\"39.95\" \/>\n<meta property=\"product:price:currency\" content=\"EUR\" \/>\n<meta property=\"og:availability\" content=\"instock\" \/>\n<meta property=\"product:availability\" content=\"instock\" \/>\n<meta property=\"product:retailer_item_id\" content=\"1101034236\" \/>\n<meta property=\"product:condition\" content=\"new\" \/>\n<!-- \/ Yoast SEO Premium plugin. -->","yoast_head_json":{"title":"L\u00e4ssig GRE Pamu\u010dna Statement Torba antracit - NajNaj.eu","robots":{"index":"index","follow":"follow","max-snippet":"max-snippet:-1","max-image-preview":"max-image-preview:large","max-video-preview":"max-video-preview:-1"},"canonical":"https:\/\/najnaj.eu\/fr\/proizvod\/lassig-gre-pamucna-statement-torba-antracit\/","og_locale":"fr_FR","og_type":"article","og_title":"L\u00e4ssig GRE Pamu\u010dna Statement Torba antracit","og_description":"L\u00c4SSIG Cotton Statement Shopper torba uspje\u0161no spaja ekolo\u0161ku prihvatljivost, jednostavnost i funkcionalnost. \u010cudo kompaktnog dizajna i savr\u0161en suputnik u svakoj prilici. Izra\u0111ena od organskog pamuka, torba je vodootporna i periva u perilici rublja.","og_url":"https:\/\/najnaj.eu\/fr\/proizvod\/lassig-gre-pamucna-statement-torba-antracit\/","og_site_name":"NajNaj.eu","article_publisher":"https:\/\/web.facebook.com\/najnaj.eu\/","article_modified_time":"2026-02-04T10:18:40+00:00","og_image":[{"width":1080,"height":1080,"url":"https:\/\/najnaj.eu\/wp-content\/uploads\/2023\/08\/GRE_F21_1101034236_P_1-Large.jpg","type":"image\/jpeg"}],"twitter_card":"summary_large_image","twitter_misc":{"Prix":"39,95&nbsp;&euro;","Disponibilit\u00e9":"En stock"},"schema":{"@context":"https:\/\/schema.org","@graph":[{"@type":"WebPage","@id":"https:\/\/najnaj.eu\/fr\/proizvod\/lassig-gre-pamucna-statement-torba-antracit\/","url":"https:\/\/najnaj.eu\/fr\/proizvod\/lassig-gre-pamucna-statement-torba-antracit\/","name":"L\u00e4ssig GRE Pamu\u010dna Statement Torba antracit - NajNaj.eu","isPartOf":{"@id":"https:\/\/najnaj.eu\/fr\/#website"},"primaryImageOfPage":{"@id":"https:\/\/najnaj.eu\/fr\/proizvod\/lassig-gre-pamucna-statement-torba-antracit\/#primaryimage"},"image":{"@id":"https:\/\/najnaj.eu\/fr\/proizvod\/lassig-gre-pamucna-statement-torba-antracit\/#primaryimage"},"thumbnailUrl":"https:\/\/najnaj.eu\/wp-content\/uploads\/2023\/08\/GRE_F21_1101034236_P_1-Large.jpg","datePublished":"2022-11-30T10:08:07+00:00","dateModified":"2026-02-04T10:18:40+00:00","breadcrumb":{"@id":"https:\/\/najnaj.eu\/fr\/proizvod\/lassig-gre-pamucna-statement-torba-antracit\/#breadcrumb"},"inLanguage":"fr-FR","potentialAction":[{"@type":"ReadAction","target":["https:\/\/najnaj.eu\/fr\/proizvod\/lassig-gre-pamucna-statement-torba-antracit\/"]}]},{"@type":"ImageObject","inLanguage":"fr-FR","@id":"https:\/\/najnaj.eu\/fr\/proizvod\/lassig-gre-pamucna-statement-torba-antracit\/#primaryimage","url":"https:\/\/najnaj.eu\/wp-content\/uploads\/2023\/08\/GRE_F21_1101034236_P_1-Large.jpg","contentUrl":"https:\/\/najnaj.eu\/wp-content\/uploads\/2023\/08\/GRE_F21_1101034236_P_1-Large.jpg","width":1080,"height":1080},{"@type":"BreadcrumbList","@id":"https:\/\/najnaj.eu\/fr\/proizvod\/lassig-gre-pamucna-statement-torba-antracit\/#breadcrumb","itemListElement":[{"@type":"ListItem","position":1,"name":"Po\u010detna stranica","item":"https:\/\/najnaj.eu\/fr\/"},{"@type":"ListItem","position":2,"name":"Trgovina","item":"https:\/\/najnaj.hr\/trgovina\/"},{"@type":"ListItem","position":3,"name":"L\u00e4ssig GRE Pamu\u010dna Statement Torba antracit"}]},{"@type":"WebSite","@id":"https:\/\/najnaj.eu\/fr\/#website","url":"https:\/\/najnaj.eu\/fr\/","name":"NajNaj.eu","description":"Za najva\u017enije!","potentialAction":[{"@type":"SearchAction","target":{"@type":"EntryPoint","urlTemplate":"https:\/\/najnaj.eu\/fr\/?s={search_term_string}"},"query-input":{"@type":"PropertyValueSpecification","valueRequired":true,"valueName":"search_term_string"}}],"inLanguage":"fr-FR"}]},"product_brand":"L\u00e4ssig","product_price_amount":"39.95","product_price_currency":"EUR","og_availability":"instock","product_availability":"instock","product_retailer_item_id":"1101034236","product_condition":"new"},"_links":{"self":[{"href":"https:\/\/najnaj.eu\/fr\/wp-json\/wp\/v2\/product\/150358","targetHints":{"allow":["GET"]}}],"collection":[{"href":"https:\/\/najnaj.eu\/fr\/wp-json\/wp\/v2\/product"}],"about":[{"href":"https:\/\/najnaj.eu\/fr\/wp-json\/wp\/v2\/types\/product"}],"replies":[{"embeddable":true,"href":"https:\/\/najnaj.eu\/fr\/wp-json\/wp\/v2\/comments?post=150358"}],"version-history":[{"count":0,"href":"https:\/\/najnaj.eu\/fr\/wp-json\/wp\/v2\/product\/150358\/revisions"}],"wp:featuredmedia":[{"embeddable":true,"href":"https:\/\/najnaj.eu\/fr\/wp-json\/wp\/v2\/media\/121104"}],"wp:attachment":[{"href":"https:\/\/najnaj.eu\/fr\/wp-json\/wp\/v2\/media?parent=150358"}],"wp:term":[{"taxonomy":"product_brand","embeddable":true,"href":"https:\/\/najnaj.eu\/fr\/wp-json\/wp\/v2\/product_brand?post=150358"},{"taxonomy":"product_cat","embeddable":true,"href":"https:\/\/najnaj.eu\/fr\/wp-json\/wp\/v2\/product_cat?post=150358"},{"taxonomy":"product_tag","embeddable":true,"href":"https:\/\/najnaj.eu\/fr\/wp-json\/wp\/v2\/product_tag?post=150358"}],"curies":[{"name":"wp","href":"https:\/\/api.w.org\/{rel}","templated":true}]}}