{"id":150353,"date":"2022-11-30T09:32:06","date_gmt":"2022-11-30T08:32:06","guid":{"rendered":"https:\/\/najnaj.hr\/proizvod\/lassig-tiny-ruksak-about-friends-lisica\/"},"modified":"2026-02-04T11:19:15","modified_gmt":"2026-02-04T10:19:15","slug":"lassig-tiny-ruksak-about-friends-lisica","status":"publish","type":"product","link":"https:\/\/najnaj.eu\/fr\/proizvod\/lassig-tiny-ruksak-about-friends-lisica\/","title":{"rendered":"L\u00e4ssig Tiny Ruksak About Friends Lisica"},"content":{"rendered":"<p>Nepobjedivi About Friends tim postaje sve ve\u0107i: s dje\u010djim ruksacima Tiny Backpacks iz kolekcije About Friends sada i va\u0161i najmla\u0111i mogu imati divnog suputnika kojeg mogu ponijeti u vrti\u0107 ili jaslice. Preslatke \u017eivotinje pratit \u0107e mali\u0161ane u njihovim pustolovinama i ekspedicijama. Uz sretna lica i 3D detalje, dje\u010djoj sre\u0107i nema kraja.<\/p>\n<p>Osim dizajna, pozornost je posve\u0107ena i prakti\u010dnosti: ovi maleni ruksaci nude naramenice podesive po visini s remenom za prsa, veliki glavni pretinac s dr\u017ea\u010dem za bocu te naljepnice s imenom kako bi se izbjegle zabune u vrti\u0107u. Vodootporni vanjski materijal osigurava da njihove omiljene stvari ostanu suhe \u010dak i za vrijeme ki\u0161e.<\/p>\n<p>Najmanji dje\u010dji ruksak iz L\u00c4SSIG asortimana ima kapacitet od 3,5 litara i savr\u0161eni je dodatak za djecu od 2. godine.<\/p>\n<p>Jeste li znali?<br \/>\nKroz kolekciju About Friends, L\u00c4SSIG podr\u017eava dje\u010dji projekt Switch organizacije Kulturbr\u00fccke Hamburg e.V. Projekt je posve\u0107en promicanju interkulturalne razmjene i komunikacije izme\u0111u obitelji razli\u010ditog podrijetla u cilju njegovanja tolerancije i uva\u017eavanja kulturnih razlika. Za prijateljstvo!<\/p>\n","protected":false},"excerpt":{"rendered":"<p>Dje\u010dji Tiny ruksak s kapacitetom od 3,5 litara je najmanji u L\u00c4SSIG asortimanu i prikladan je za djecu od 2. godine i vi\u0161e. Veseli \u017eivotinjski dizajn s prakti\u010dnim elementima \u010dine ga neizostavnim dodatkom za svaku dje\u010dju aktivnost.<\/p>\n","protected":false},"featured_media":121026,"comment_status":"open","ping_status":"closed","template":"","meta":{"_acf_changed":false,"footnotes":""},"product_brand":[],"product_cat":[663,662],"product_tag":[],"class_list":{"0":"post-150353","1":"product","2":"type-product","3":"status-publish","4":"has-post-thumbnail","6":"product_cat-djecji-ruksaci","7":"product_cat-stvari-za-djecu","8":"pa_boja-narancasta","9":"pa_brand-lassig","10":"pa_omiljeno-omiljeno-djecacima","11":"pa_omiljeno-omiljeno-djevojcicama","13":"first","14":"instock","15":"purchasable","16":"product-type-simple"},"bundled_by":[],"bundle_stock_status":"instock","bundle_stock_quantity":3,"bundle_virtual":false,"bundle_layout":"","bundle_add_to_cart_form_location":"","bundle_editable_in_cart":false,"bundle_sold_individually_context":"","bundle_item_grouping":"","bundle_min_size":"","bundle_max_size":"","bundle_price":[],"bundled_items":[],"bundle_sell_ids":[],"acf":[],"yoast_head":"<!-- This site is optimized with the Yoast SEO Premium plugin v21.5 (Yoast SEO v27.4) - https:\/\/yoast.com\/product\/yoast-seo-premium-wordpress\/ -->\n<title>L\u00e4ssig Tiny Ruksak About Friends Lisica - NajNaj.eu<\/title>\n<meta name=\"robots\" content=\"index, follow, max-snippet:-1, max-image-preview:large, max-video-preview:-1\" \/>\n<link rel=\"canonical\" href=\"https:\/\/najnaj.eu\/fr\/proizvod\/lassig-tiny-ruksak-about-friends-lisica\/\" \/>\n<meta property=\"og:locale\" content=\"fr_FR\" \/>\n<meta property=\"og:type\" content=\"article\" \/>\n<meta property=\"og:title\" content=\"L\u00e4ssig Tiny Ruksak About Friends Lisica\" \/>\n<meta property=\"og:description\" content=\"Dje\u010dji Tiny ruksak s kapacitetom od 3,5 litara je najmanji u L\u00c4SSIG asortimanu i prikladan je za djecu od 2. godine i vi\u0161e. Veseli \u017eivotinjski dizajn s prakti\u010dnim elementima \u010dine ga neizostavnim dodatkom za svaku dje\u010dju aktivnost.\" \/>\n<meta property=\"og:url\" content=\"https:\/\/najnaj.eu\/fr\/proizvod\/lassig-tiny-ruksak-about-friends-lisica\/\" \/>\n<meta property=\"og:site_name\" content=\"NajNaj.eu\" \/>\n<meta property=\"article:publisher\" content=\"https:\/\/web.facebook.com\/najnaj.eu\/\" \/>\n<meta property=\"article:modified_time\" content=\"2026-02-04T10:19:15+00:00\" \/>\n<meta property=\"og:image\" content=\"https:\/\/najnaj.eu\/wp-content\/uploads\/2023\/08\/b5664f0d-833d-4974-9941-49334abb9c48.jpeg\" \/>\n\t<meta property=\"og:image:width\" content=\"1080\" \/>\n\t<meta property=\"og:image:height\" content=\"1081\" \/>\n\t<meta property=\"og:image:type\" content=\"image\/jpeg\" \/>\n<meta name=\"twitter:card\" content=\"summary_large_image\" \/>\n<meta name=\"twitter:label1\" content=\"Prix\" \/>\n\t<meta name=\"twitter:data1\" content=\"24,95&nbsp;&euro;\" \/>\n\t<meta name=\"twitter:label2\" content=\"Disponibilit\u00e9\" \/>\n\t<meta name=\"twitter:data2\" content=\"En stock\" \/>\n<script type=\"application\/ld+json\" class=\"yoast-schema-graph\">{\"@context\":\"https:\\\/\\\/schema.org\",\"@graph\":[{\"@type\":\"WebPage\",\"@id\":\"https:\\\/\\\/najnaj.eu\\\/fr\\\/proizvod\\\/lassig-tiny-ruksak-about-friends-lisica\\\/\",\"url\":\"https:\\\/\\\/najnaj.eu\\\/fr\\\/proizvod\\\/lassig-tiny-ruksak-about-friends-lisica\\\/\",\"name\":\"L\u00e4ssig Tiny Ruksak About Friends Lisica - NajNaj.eu\",\"isPartOf\":{\"@id\":\"https:\\\/\\\/najnaj.eu\\\/fr\\\/#website\"},\"primaryImageOfPage\":{\"@id\":\"https:\\\/\\\/najnaj.eu\\\/fr\\\/proizvod\\\/lassig-tiny-ruksak-about-friends-lisica\\\/#primaryimage\"},\"image\":{\"@id\":\"https:\\\/\\\/najnaj.eu\\\/fr\\\/proizvod\\\/lassig-tiny-ruksak-about-friends-lisica\\\/#primaryimage\"},\"thumbnailUrl\":\"https:\\\/\\\/najnaj.eu\\\/wp-content\\\/uploads\\\/2023\\\/08\\\/b5664f0d-833d-4974-9941-49334abb9c48.jpeg\",\"datePublished\":\"2022-11-30T08:32:06+00:00\",\"dateModified\":\"2026-02-04T10:19:15+00:00\",\"breadcrumb\":{\"@id\":\"https:\\\/\\\/najnaj.eu\\\/fr\\\/proizvod\\\/lassig-tiny-ruksak-about-friends-lisica\\\/#breadcrumb\"},\"inLanguage\":\"fr-FR\",\"potentialAction\":[{\"@type\":\"ReadAction\",\"target\":[\"https:\\\/\\\/najnaj.eu\\\/fr\\\/proizvod\\\/lassig-tiny-ruksak-about-friends-lisica\\\/\"]}]},{\"@type\":\"ImageObject\",\"inLanguage\":\"fr-FR\",\"@id\":\"https:\\\/\\\/najnaj.eu\\\/fr\\\/proizvod\\\/lassig-tiny-ruksak-about-friends-lisica\\\/#primaryimage\",\"url\":\"https:\\\/\\\/najnaj.eu\\\/wp-content\\\/uploads\\\/2023\\\/08\\\/b5664f0d-833d-4974-9941-49334abb9c48.jpeg\",\"contentUrl\":\"https:\\\/\\\/najnaj.eu\\\/wp-content\\\/uploads\\\/2023\\\/08\\\/b5664f0d-833d-4974-9941-49334abb9c48.jpeg\",\"width\":1080,\"height\":1081},{\"@type\":\"BreadcrumbList\",\"@id\":\"https:\\\/\\\/najnaj.eu\\\/fr\\\/proizvod\\\/lassig-tiny-ruksak-about-friends-lisica\\\/#breadcrumb\",\"itemListElement\":[{\"@type\":\"ListItem\",\"position\":1,\"name\":\"Po\u010detna stranica\",\"item\":\"https:\\\/\\\/najnaj.eu\\\/fr\\\/\"},{\"@type\":\"ListItem\",\"position\":2,\"name\":\"Trgovina\",\"item\":\"https:\\\/\\\/najnaj.hr\\\/trgovina\\\/\"},{\"@type\":\"ListItem\",\"position\":3,\"name\":\"L\u00e4ssig Tiny Ruksak About Friends Lisica\"}]},{\"@type\":\"WebSite\",\"@id\":\"https:\\\/\\\/najnaj.eu\\\/fr\\\/#website\",\"url\":\"https:\\\/\\\/najnaj.eu\\\/fr\\\/\",\"name\":\"NajNaj.eu\",\"description\":\"Za najva\u017enije!\",\"potentialAction\":[{\"@type\":\"SearchAction\",\"target\":{\"@type\":\"EntryPoint\",\"urlTemplate\":\"https:\\\/\\\/najnaj.eu\\\/fr\\\/?s={search_term_string}\"},\"query-input\":{\"@type\":\"PropertyValueSpecification\",\"valueRequired\":true,\"valueName\":\"search_term_string\"}}],\"inLanguage\":\"fr-FR\"}]}<\/script>\n<meta property=\"product:brand\" content=\"L\u00e4ssig\" \/>\n<meta property=\"product:price:amount\" content=\"24.95\" \/>\n<meta property=\"product:price:currency\" content=\"EUR\" \/>\n<meta property=\"og:availability\" content=\"instock\" \/>\n<meta property=\"product:availability\" content=\"instock\" \/>\n<meta property=\"product:retailer_item_id\" content=\"1203021609\" \/>\n<meta property=\"product:condition\" content=\"new\" \/>\n<!-- \/ Yoast SEO Premium plugin. -->","yoast_head_json":{"title":"L\u00e4ssig Tiny Ruksak About Friends Lisica - NajNaj.eu","robots":{"index":"index","follow":"follow","max-snippet":"max-snippet:-1","max-image-preview":"max-image-preview:large","max-video-preview":"max-video-preview:-1"},"canonical":"https:\/\/najnaj.eu\/fr\/proizvod\/lassig-tiny-ruksak-about-friends-lisica\/","og_locale":"fr_FR","og_type":"article","og_title":"L\u00e4ssig Tiny Ruksak About Friends Lisica","og_description":"Dje\u010dji Tiny ruksak s kapacitetom od 3,5 litara je najmanji u L\u00c4SSIG asortimanu i prikladan je za djecu od 2. godine i vi\u0161e. Veseli \u017eivotinjski dizajn s prakti\u010dnim elementima \u010dine ga neizostavnim dodatkom za svaku dje\u010dju aktivnost.","og_url":"https:\/\/najnaj.eu\/fr\/proizvod\/lassig-tiny-ruksak-about-friends-lisica\/","og_site_name":"NajNaj.eu","article_publisher":"https:\/\/web.facebook.com\/najnaj.eu\/","article_modified_time":"2026-02-04T10:19:15+00:00","og_image":[{"width":1080,"height":1081,"url":"https:\/\/najnaj.eu\/wp-content\/uploads\/2023\/08\/b5664f0d-833d-4974-9941-49334abb9c48.jpeg","type":"image\/jpeg"}],"twitter_card":"summary_large_image","twitter_misc":{"Prix":"24,95&nbsp;&euro;","Disponibilit\u00e9":"En stock"},"schema":{"@context":"https:\/\/schema.org","@graph":[{"@type":"WebPage","@id":"https:\/\/najnaj.eu\/fr\/proizvod\/lassig-tiny-ruksak-about-friends-lisica\/","url":"https:\/\/najnaj.eu\/fr\/proizvod\/lassig-tiny-ruksak-about-friends-lisica\/","name":"L\u00e4ssig Tiny Ruksak About Friends Lisica - NajNaj.eu","isPartOf":{"@id":"https:\/\/najnaj.eu\/fr\/#website"},"primaryImageOfPage":{"@id":"https:\/\/najnaj.eu\/fr\/proizvod\/lassig-tiny-ruksak-about-friends-lisica\/#primaryimage"},"image":{"@id":"https:\/\/najnaj.eu\/fr\/proizvod\/lassig-tiny-ruksak-about-friends-lisica\/#primaryimage"},"thumbnailUrl":"https:\/\/najnaj.eu\/wp-content\/uploads\/2023\/08\/b5664f0d-833d-4974-9941-49334abb9c48.jpeg","datePublished":"2022-11-30T08:32:06+00:00","dateModified":"2026-02-04T10:19:15+00:00","breadcrumb":{"@id":"https:\/\/najnaj.eu\/fr\/proizvod\/lassig-tiny-ruksak-about-friends-lisica\/#breadcrumb"},"inLanguage":"fr-FR","potentialAction":[{"@type":"ReadAction","target":["https:\/\/najnaj.eu\/fr\/proizvod\/lassig-tiny-ruksak-about-friends-lisica\/"]}]},{"@type":"ImageObject","inLanguage":"fr-FR","@id":"https:\/\/najnaj.eu\/fr\/proizvod\/lassig-tiny-ruksak-about-friends-lisica\/#primaryimage","url":"https:\/\/najnaj.eu\/wp-content\/uploads\/2023\/08\/b5664f0d-833d-4974-9941-49334abb9c48.jpeg","contentUrl":"https:\/\/najnaj.eu\/wp-content\/uploads\/2023\/08\/b5664f0d-833d-4974-9941-49334abb9c48.jpeg","width":1080,"height":1081},{"@type":"BreadcrumbList","@id":"https:\/\/najnaj.eu\/fr\/proizvod\/lassig-tiny-ruksak-about-friends-lisica\/#breadcrumb","itemListElement":[{"@type":"ListItem","position":1,"name":"Po\u010detna stranica","item":"https:\/\/najnaj.eu\/fr\/"},{"@type":"ListItem","position":2,"name":"Trgovina","item":"https:\/\/najnaj.hr\/trgovina\/"},{"@type":"ListItem","position":3,"name":"L\u00e4ssig Tiny Ruksak About Friends Lisica"}]},{"@type":"WebSite","@id":"https:\/\/najnaj.eu\/fr\/#website","url":"https:\/\/najnaj.eu\/fr\/","name":"NajNaj.eu","description":"Za najva\u017enije!","potentialAction":[{"@type":"SearchAction","target":{"@type":"EntryPoint","urlTemplate":"https:\/\/najnaj.eu\/fr\/?s={search_term_string}"},"query-input":{"@type":"PropertyValueSpecification","valueRequired":true,"valueName":"search_term_string"}}],"inLanguage":"fr-FR"}]},"product_brand":"L\u00e4ssig","product_price_amount":"24.95","product_price_currency":"EUR","og_availability":"instock","product_availability":"instock","product_retailer_item_id":"1203021609","product_condition":"new"},"_links":{"self":[{"href":"https:\/\/najnaj.eu\/fr\/wp-json\/wp\/v2\/product\/150353","targetHints":{"allow":["GET"]}}],"collection":[{"href":"https:\/\/najnaj.eu\/fr\/wp-json\/wp\/v2\/product"}],"about":[{"href":"https:\/\/najnaj.eu\/fr\/wp-json\/wp\/v2\/types\/product"}],"replies":[{"embeddable":true,"href":"https:\/\/najnaj.eu\/fr\/wp-json\/wp\/v2\/comments?post=150353"}],"version-history":[{"count":0,"href":"https:\/\/najnaj.eu\/fr\/wp-json\/wp\/v2\/product\/150353\/revisions"}],"wp:featuredmedia":[{"embeddable":true,"href":"https:\/\/najnaj.eu\/fr\/wp-json\/wp\/v2\/media\/121026"}],"wp:attachment":[{"href":"https:\/\/najnaj.eu\/fr\/wp-json\/wp\/v2\/media?parent=150353"}],"wp:term":[{"taxonomy":"product_brand","embeddable":true,"href":"https:\/\/najnaj.eu\/fr\/wp-json\/wp\/v2\/product_brand?post=150353"},{"taxonomy":"product_cat","embeddable":true,"href":"https:\/\/najnaj.eu\/fr\/wp-json\/wp\/v2\/product_cat?post=150353"},{"taxonomy":"product_tag","embeddable":true,"href":"https:\/\/najnaj.eu\/fr\/wp-json\/wp\/v2\/product_tag?post=150353"}],"curies":[{"name":"wp","href":"https:\/\/api.w.org\/{rel}","templated":true}]}}