{"id":150350,"date":"2022-11-30T09:03:11","date_gmt":"2022-11-30T08:03:11","guid":{"rendered":"https:\/\/najnaj.hr\/proizvod\/lassig-mini-ruksak-happy-prints-karamel\/"},"modified":"2026-02-10T11:34:19","modified_gmt":"2026-02-10T10:34:19","slug":"lassig-mini-ruksak-happy-prints-karamel","status":"publish","type":"product","link":"https:\/\/najnaj.eu\/fr\/proizvod\/lassig-mini-ruksak-happy-prints-karamel\/","title":{"rendered":"L\u00e4ssig Mini Ruksak Happy Prints karamel"},"content":{"rendered":"<p>Jednostavan i prilagodljiv dizajn: Mini ruksak L\u00c4SSIG iz kolekcije Happy Prints impresionira svojim nenametljivim izgledom i ostavlja prostor za kreativnost.<\/p>\n<p>Djeca mogu dati svojoj ma\u0161ti na volju, prilago\u0111avaju\u0107i Mini ruksak slatkim \u017eivotinjskim zakrpama iz L\u00c4SSIG asortimana. Zakrpe se lako mogu pri\u010dvrstiti i mijenjati po \u017eelji.<\/p>\n<p>Prakti\u010dan ruksak idealan je za svakodnevni odlazak u vrti\u0107 ili pak za izlete u prirodi. Vodootporni vanjski materijal \u0161titi unutra\u0161njost prilikom svih vremenskih uvjeta. Podstavljene naramenice i remen za prsa mogu se individualno prilagoditi veli\u010dini djeteta, osiguravaju\u0107i stabilnost i udobnost u svakom trenutku.<\/p>\n<p>U prostranom glavnom pretincu ruksaka, dovoljno je mjesta za rezervnu odje\u0107u, ru\u010dak, vo\u0107e i grickalice. Kako bi hrana dulje ostala svje\u017ea, spremite je zajedno s vre\u0107icom za led u poseban pretinac na donjoj strani ruksaka \u2013 elasti\u010dne trake sprije\u010dit \u0107e vre\u0107icu da klizi unutar pretinca.<\/p>\n<p>U mre\u017eastom d\u017eepu s vanjske strane nalazi se prostor za bocu. Dodatni pretinac sprijeda i prakti\u010dan odvojeni d\u017eep omogu\u0107uju sigurno pohranjivanje manjih predmeta poput klju\u010deva.<\/p>\n<p>Plo\u010dica s imenom s unutarnje strane osigurava da se ruksak va\u0161eg djeteta ne pomije\u0161a s tu\u0111im.<\/p>\n","protected":false},"excerpt":{"rendered":"<p>Uz dje\u010dji ruksak iz Happy Prints kolekcije djeca su opremljena za sve pustolovine. Mogu\u0107nosti prilago\u0111avanja, funkcionalni elementi i podstavljene naramenice \u010dine ga idealnim suputnikom u budu\u0107im avanturama.<\/p>\n","protected":false},"featured_media":120906,"comment_status":"open","ping_status":"closed","template":"","meta":{"_acf_changed":false,"footnotes":""},"product_brand":[],"product_cat":[663,662],"product_tag":[],"class_list":{"0":"post-150350","1":"product","2":"type-product","3":"status-publish","4":"has-post-thumbnail","6":"product_cat-djecji-ruksaci","7":"product_cat-stvari-za-djecu","8":"pa_boja-bez","9":"pa_boja-narancasta","10":"pa_brand-lassig","11":"pa_omiljeno-omiljeno-djevojcicama","13":"first","14":"instock","15":"purchasable","16":"product-type-simple"},"bundled_by":[],"bundle_stock_status":"instock","bundle_stock_quantity":11,"bundle_virtual":false,"bundle_layout":"","bundle_add_to_cart_form_location":"","bundle_editable_in_cart":false,"bundle_sold_individually_context":"","bundle_item_grouping":"","bundle_min_size":"","bundle_max_size":"","bundle_price":[],"bundled_items":[],"bundle_sell_ids":[],"acf":[],"yoast_head":"<!-- This site is optimized with the Yoast SEO Premium plugin v21.5 (Yoast SEO v27.4) - https:\/\/yoast.com\/product\/yoast-seo-premium-wordpress\/ -->\n<title>L\u00e4ssig Mini Ruksak Happy Prints karamel - NajNaj.eu<\/title>\n<meta name=\"robots\" content=\"index, follow, max-snippet:-1, max-image-preview:large, max-video-preview:-1\" \/>\n<link rel=\"canonical\" href=\"https:\/\/najnaj.eu\/fr\/proizvod\/lassig-mini-ruksak-happy-prints-karamel\/\" \/>\n<meta property=\"og:locale\" content=\"fr_FR\" \/>\n<meta property=\"og:type\" content=\"article\" \/>\n<meta property=\"og:title\" content=\"L\u00e4ssig Mini Ruksak Happy Prints karamel\" \/>\n<meta property=\"og:description\" content=\"Uz dje\u010dji ruksak iz Happy Prints kolekcije djeca su opremljena za sve pustolovine. Mogu\u0107nosti prilago\u0111avanja, funkcionalni elementi i podstavljene naramenice \u010dine ga idealnim suputnikom u budu\u0107im avanturama.\" \/>\n<meta property=\"og:url\" content=\"https:\/\/najnaj.eu\/fr\/proizvod\/lassig-mini-ruksak-happy-prints-karamel\/\" \/>\n<meta property=\"og:site_name\" content=\"NajNaj.eu\" \/>\n<meta property=\"article:publisher\" content=\"https:\/\/web.facebook.com\/najnaj.eu\/\" \/>\n<meta property=\"article:modified_time\" content=\"2026-02-10T10:34:19+00:00\" \/>\n<meta property=\"og:image\" content=\"https:\/\/najnaj.eu\/wp-content\/uploads\/2023\/08\/KID_S22_1203001354_P_1-Large.jpg\" \/>\n\t<meta property=\"og:image:width\" content=\"1080\" \/>\n\t<meta property=\"og:image:height\" content=\"1080\" \/>\n\t<meta property=\"og:image:type\" content=\"image\/jpeg\" \/>\n<meta name=\"twitter:card\" content=\"summary_large_image\" \/>\n<meta name=\"twitter:label1\" content=\"Prix\" \/>\n\t<meta name=\"twitter:data1\" content=\"44,95&nbsp;&euro;\" \/>\n\t<meta name=\"twitter:label2\" content=\"Disponibilit\u00e9\" \/>\n\t<meta name=\"twitter:data2\" content=\"En stock\" \/>\n<script type=\"application\/ld+json\" class=\"yoast-schema-graph\">{\"@context\":\"https:\\\/\\\/schema.org\",\"@graph\":[{\"@type\":\"WebPage\",\"@id\":\"https:\\\/\\\/najnaj.eu\\\/fr\\\/proizvod\\\/lassig-mini-ruksak-happy-prints-karamel\\\/\",\"url\":\"https:\\\/\\\/najnaj.eu\\\/fr\\\/proizvod\\\/lassig-mini-ruksak-happy-prints-karamel\\\/\",\"name\":\"L\u00e4ssig Mini Ruksak Happy Prints karamel - NajNaj.eu\",\"isPartOf\":{\"@id\":\"https:\\\/\\\/najnaj.eu\\\/fr\\\/#website\"},\"primaryImageOfPage\":{\"@id\":\"https:\\\/\\\/najnaj.eu\\\/fr\\\/proizvod\\\/lassig-mini-ruksak-happy-prints-karamel\\\/#primaryimage\"},\"image\":{\"@id\":\"https:\\\/\\\/najnaj.eu\\\/fr\\\/proizvod\\\/lassig-mini-ruksak-happy-prints-karamel\\\/#primaryimage\"},\"thumbnailUrl\":\"https:\\\/\\\/najnaj.eu\\\/wp-content\\\/uploads\\\/2023\\\/08\\\/KID_S22_1203001354_P_1-Large.jpg\",\"datePublished\":\"2022-11-30T08:03:11+00:00\",\"dateModified\":\"2026-02-10T10:34:19+00:00\",\"breadcrumb\":{\"@id\":\"https:\\\/\\\/najnaj.eu\\\/fr\\\/proizvod\\\/lassig-mini-ruksak-happy-prints-karamel\\\/#breadcrumb\"},\"inLanguage\":\"fr-FR\",\"potentialAction\":[{\"@type\":\"ReadAction\",\"target\":[\"https:\\\/\\\/najnaj.eu\\\/fr\\\/proizvod\\\/lassig-mini-ruksak-happy-prints-karamel\\\/\"]}]},{\"@type\":\"ImageObject\",\"inLanguage\":\"fr-FR\",\"@id\":\"https:\\\/\\\/najnaj.eu\\\/fr\\\/proizvod\\\/lassig-mini-ruksak-happy-prints-karamel\\\/#primaryimage\",\"url\":\"https:\\\/\\\/najnaj.eu\\\/wp-content\\\/uploads\\\/2023\\\/08\\\/KID_S22_1203001354_P_1-Large.jpg\",\"contentUrl\":\"https:\\\/\\\/najnaj.eu\\\/wp-content\\\/uploads\\\/2023\\\/08\\\/KID_S22_1203001354_P_1-Large.jpg\",\"width\":1080,\"height\":1080},{\"@type\":\"BreadcrumbList\",\"@id\":\"https:\\\/\\\/najnaj.eu\\\/fr\\\/proizvod\\\/lassig-mini-ruksak-happy-prints-karamel\\\/#breadcrumb\",\"itemListElement\":[{\"@type\":\"ListItem\",\"position\":1,\"name\":\"Po\u010detna stranica\",\"item\":\"https:\\\/\\\/najnaj.eu\\\/fr\\\/\"},{\"@type\":\"ListItem\",\"position\":2,\"name\":\"Trgovina\",\"item\":\"https:\\\/\\\/najnaj.hr\\\/trgovina\\\/\"},{\"@type\":\"ListItem\",\"position\":3,\"name\":\"L\u00e4ssig Mini Ruksak Happy Prints karamel\"}]},{\"@type\":\"WebSite\",\"@id\":\"https:\\\/\\\/najnaj.eu\\\/fr\\\/#website\",\"url\":\"https:\\\/\\\/najnaj.eu\\\/fr\\\/\",\"name\":\"NajNaj.eu\",\"description\":\"Za najva\u017enije!\",\"potentialAction\":[{\"@type\":\"SearchAction\",\"target\":{\"@type\":\"EntryPoint\",\"urlTemplate\":\"https:\\\/\\\/najnaj.eu\\\/fr\\\/?s={search_term_string}\"},\"query-input\":{\"@type\":\"PropertyValueSpecification\",\"valueRequired\":true,\"valueName\":\"search_term_string\"}}],\"inLanguage\":\"fr-FR\"}]}<\/script>\n<meta property=\"product:brand\" content=\"L\u00e4ssig\" \/>\n<meta property=\"product:price:amount\" content=\"44.95\" \/>\n<meta property=\"product:price:currency\" content=\"EUR\" \/>\n<meta property=\"og:availability\" content=\"instock\" \/>\n<meta property=\"product:availability\" content=\"instock\" \/>\n<meta property=\"product:retailer_item_id\" content=\"1203001354\" \/>\n<meta property=\"product:condition\" content=\"new\" \/>\n<!-- \/ Yoast SEO Premium plugin. -->","yoast_head_json":{"title":"L\u00e4ssig Mini Ruksak Happy Prints karamel - NajNaj.eu","robots":{"index":"index","follow":"follow","max-snippet":"max-snippet:-1","max-image-preview":"max-image-preview:large","max-video-preview":"max-video-preview:-1"},"canonical":"https:\/\/najnaj.eu\/fr\/proizvod\/lassig-mini-ruksak-happy-prints-karamel\/","og_locale":"fr_FR","og_type":"article","og_title":"L\u00e4ssig Mini Ruksak Happy Prints karamel","og_description":"Uz dje\u010dji ruksak iz Happy Prints kolekcije djeca su opremljena za sve pustolovine. Mogu\u0107nosti prilago\u0111avanja, funkcionalni elementi i podstavljene naramenice \u010dine ga idealnim suputnikom u budu\u0107im avanturama.","og_url":"https:\/\/najnaj.eu\/fr\/proizvod\/lassig-mini-ruksak-happy-prints-karamel\/","og_site_name":"NajNaj.eu","article_publisher":"https:\/\/web.facebook.com\/najnaj.eu\/","article_modified_time":"2026-02-10T10:34:19+00:00","og_image":[{"width":1080,"height":1080,"url":"https:\/\/najnaj.eu\/wp-content\/uploads\/2023\/08\/KID_S22_1203001354_P_1-Large.jpg","type":"image\/jpeg"}],"twitter_card":"summary_large_image","twitter_misc":{"Prix":"44,95&nbsp;&euro;","Disponibilit\u00e9":"En stock"},"schema":{"@context":"https:\/\/schema.org","@graph":[{"@type":"WebPage","@id":"https:\/\/najnaj.eu\/fr\/proizvod\/lassig-mini-ruksak-happy-prints-karamel\/","url":"https:\/\/najnaj.eu\/fr\/proizvod\/lassig-mini-ruksak-happy-prints-karamel\/","name":"L\u00e4ssig Mini Ruksak Happy Prints karamel - NajNaj.eu","isPartOf":{"@id":"https:\/\/najnaj.eu\/fr\/#website"},"primaryImageOfPage":{"@id":"https:\/\/najnaj.eu\/fr\/proizvod\/lassig-mini-ruksak-happy-prints-karamel\/#primaryimage"},"image":{"@id":"https:\/\/najnaj.eu\/fr\/proizvod\/lassig-mini-ruksak-happy-prints-karamel\/#primaryimage"},"thumbnailUrl":"https:\/\/najnaj.eu\/wp-content\/uploads\/2023\/08\/KID_S22_1203001354_P_1-Large.jpg","datePublished":"2022-11-30T08:03:11+00:00","dateModified":"2026-02-10T10:34:19+00:00","breadcrumb":{"@id":"https:\/\/najnaj.eu\/fr\/proizvod\/lassig-mini-ruksak-happy-prints-karamel\/#breadcrumb"},"inLanguage":"fr-FR","potentialAction":[{"@type":"ReadAction","target":["https:\/\/najnaj.eu\/fr\/proizvod\/lassig-mini-ruksak-happy-prints-karamel\/"]}]},{"@type":"ImageObject","inLanguage":"fr-FR","@id":"https:\/\/najnaj.eu\/fr\/proizvod\/lassig-mini-ruksak-happy-prints-karamel\/#primaryimage","url":"https:\/\/najnaj.eu\/wp-content\/uploads\/2023\/08\/KID_S22_1203001354_P_1-Large.jpg","contentUrl":"https:\/\/najnaj.eu\/wp-content\/uploads\/2023\/08\/KID_S22_1203001354_P_1-Large.jpg","width":1080,"height":1080},{"@type":"BreadcrumbList","@id":"https:\/\/najnaj.eu\/fr\/proizvod\/lassig-mini-ruksak-happy-prints-karamel\/#breadcrumb","itemListElement":[{"@type":"ListItem","position":1,"name":"Po\u010detna stranica","item":"https:\/\/najnaj.eu\/fr\/"},{"@type":"ListItem","position":2,"name":"Trgovina","item":"https:\/\/najnaj.hr\/trgovina\/"},{"@type":"ListItem","position":3,"name":"L\u00e4ssig Mini Ruksak Happy Prints karamel"}]},{"@type":"WebSite","@id":"https:\/\/najnaj.eu\/fr\/#website","url":"https:\/\/najnaj.eu\/fr\/","name":"NajNaj.eu","description":"Za najva\u017enije!","potentialAction":[{"@type":"SearchAction","target":{"@type":"EntryPoint","urlTemplate":"https:\/\/najnaj.eu\/fr\/?s={search_term_string}"},"query-input":{"@type":"PropertyValueSpecification","valueRequired":true,"valueName":"search_term_string"}}],"inLanguage":"fr-FR"}]},"product_brand":"L\u00e4ssig","product_price_amount":"44.95","product_price_currency":"EUR","og_availability":"instock","product_availability":"instock","product_retailer_item_id":"1203001354","product_condition":"new"},"_links":{"self":[{"href":"https:\/\/najnaj.eu\/fr\/wp-json\/wp\/v2\/product\/150350","targetHints":{"allow":["GET"]}}],"collection":[{"href":"https:\/\/najnaj.eu\/fr\/wp-json\/wp\/v2\/product"}],"about":[{"href":"https:\/\/najnaj.eu\/fr\/wp-json\/wp\/v2\/types\/product"}],"replies":[{"embeddable":true,"href":"https:\/\/najnaj.eu\/fr\/wp-json\/wp\/v2\/comments?post=150350"}],"version-history":[{"count":0,"href":"https:\/\/najnaj.eu\/fr\/wp-json\/wp\/v2\/product\/150350\/revisions"}],"wp:featuredmedia":[{"embeddable":true,"href":"https:\/\/najnaj.eu\/fr\/wp-json\/wp\/v2\/media\/120906"}],"wp:attachment":[{"href":"https:\/\/najnaj.eu\/fr\/wp-json\/wp\/v2\/media?parent=150350"}],"wp:term":[{"taxonomy":"product_brand","embeddable":true,"href":"https:\/\/najnaj.eu\/fr\/wp-json\/wp\/v2\/product_brand?post=150350"},{"taxonomy":"product_cat","embeddable":true,"href":"https:\/\/najnaj.eu\/fr\/wp-json\/wp\/v2\/product_cat?post=150350"},{"taxonomy":"product_tag","embeddable":true,"href":"https:\/\/najnaj.eu\/fr\/wp-json\/wp\/v2\/product_tag?post=150350"}],"curies":[{"name":"wp","href":"https:\/\/api.w.org\/{rel}","templated":true}]}}