{"id":150327,"date":"2023-09-18T12:13:37","date_gmt":"2023-09-18T10:13:37","guid":{"rendered":"https:\/\/najnaj.hr\/proizvod\/besafe-nosiljka-newborn-haven-dusk-forest\/"},"modified":"2026-04-15T02:20:18","modified_gmt":"2026-04-15T00:20:18","slug":"besafe-nosiljka-newborn-haven-dusk-forest","status":"publish","type":"product","link":"https:\/\/najnaj.eu\/fr\/proizvod\/besafe-nosiljka-newborn-haven-dusk-forest\/","title":{"rendered":"BeSafe nosiljka Newborn Haven, Dusk Forest"},"content":{"rendered":"<h3><strong>1. Za\u0161to smo osmislili BeSafe Newborn Haven?<\/strong><\/h3>\n<p>Tijekom prvih mjeseci bebe, no\u0161enje je va\u017eno za povezivanje, a novoro\u0111en\u010dad tada ima specifi\u010dne potrebe. Kako bismo stvorili savr\u0161enu nosiljku, usredoto\u010dili smo se na detalje koji su usmjereni na potrebe tijekom prve godine \u017eivota. Na\u0161 Newborn Haven prva je nosiljka koju koristite prije nego \u0161to do\u0111e vrijeme da prije\u0111ete na BeSafe Haven.<\/p>\n<p><strong>Ergonomija po mjeri za prvu godinu bebina \u017eivota<\/strong><\/p>\n<ul>\n<li>Poseban dizajn panela koji poma\u017ee u odr\u017eavanju prirodnog oblika kralje\u017enice novoro\u0111en\u010deta<\/li>\n<li>Pru\u017ea potporu od koljena do koljena i omogu\u0107uje prirodan M polo\u017eaj kukova. Panel nosiljke Newborn Haven prilago\u0111ava se rastu bebe.<\/li>\n<li>Dizajn koji omogu\u0107uje da ru\u010dice novoro\u0111en\u010deta ostanu podignute u prirodnom polo\u017eaju<\/li>\n<li>Podesiva potpora za glavu koja bebi pru\u017ea podr\u0161ku sve dok sama nije spremna dr\u017eati glavu<\/li>\n<\/ul>\n<p><img loading=\"lazy\" decoding=\"async\" class=\"alignnone wp-image-119399\" src=\"https:\/\/najnaj.eu\/wp-content\/uploads\/2023\/08\/11018807_BeSafe_Newborn-Haven_Ergonomic-position_front-1536x1025-1.jpg\" alt=\"\" width=\"820\" height=\"547\" \/><\/p>\n<p><strong>Lako podesive funkcije za jednostavno kori\u0161tenje<\/strong><\/p>\n<ul>\n<li>Nema potrebe za namje\u0161tanjem prije svake uporabe<\/li>\n<li>Zategnutost panela podesiva je preko naramenica<\/li>\n<li>Polo\u017eaj nogu lako se pode\u0161ava pomo\u0107u dva gumba na panelu<\/li>\n<li>Potpora za glavu s 4 razli\u010dite mogu\u0107nosti kori\u0161tenja<\/li>\n<li>Pojas s jednostavnom i sigurnom kop\u010dom na klik<\/li>\n<li>Lako dostupni d\u017eepi\u0107i na svakoj strani<\/li>\n<\/ul>\n<p><strong>Udobno no\u0161enje za novoro\u0111en\u010de i roditelje<\/strong><\/p>\n<ul>\n<li>Super mekan i rastezljiv materijal za optimalnu udobnost i pristajanje<\/li>\n<li>Pjenasta podstava unutar naramenice za meko\u0107u na ramenima<\/li>\n<li>Naramenice koje se mogu nositi ravne ili ra\u0161irene, ovisno kako vam vi\u0161e odgovara<\/li>\n<li>Ekstra \u0161irok i potporni pojas oko struka<\/li>\n<\/ul>\n<p><img loading=\"lazy\" decoding=\"async\" class=\"alignnone wp-image-119403\" src=\"https:\/\/najnaj.eu\/wp-content\/uploads\/2023\/08\/BeSafe_Newborn-Haven_Sand-Forest_2-scaled-1.jpg\" alt=\"\" width=\"705\" height=\"470\" \/><\/p>\n<h3><strong>2. Funkcije i zna\u010dajke<\/strong><\/h3>\n<ul>\n<li><strong>Poseban dizajn panela<\/strong><\/li>\n<\/ul>\n<p><span data-sheets-value=\"{&quot;1&quot;:2,&quot;2&quot;:&quot;Omogu\u0107uje dubok sjede\u0107i polo\u017eaj&quot;}\" data-sheets-userformat=\"{&quot;2&quot;:14977,&quot;3&quot;:{&quot;1&quot;:0},&quot;10&quot;:0,&quot;12&quot;:0,&quot;14&quot;:{&quot;1&quot;:3,&quot;3&quot;:1},&quot;15&quot;:&quot;Calibri&quot;,&quot;16&quot;:12}\">Omogu\u0107uje dubok sjede\u0107i polo\u017eaj<\/span><\/p>\n<ul>\n<li><strong>Prilagodljive naramenice<\/strong><\/li>\n<\/ul>\n<p><span data-sheets-value=\"{&quot;1&quot;:2,&quot;2&quot;:&quot;Maksimalna udobnost pri no\u0161enju&quot;}\" data-sheets-userformat=\"{&quot;2&quot;:14977,&quot;3&quot;:{&quot;1&quot;:0},&quot;10&quot;:1,&quot;12&quot;:0,&quot;14&quot;:{&quot;1&quot;:3,&quot;3&quot;:1},&quot;15&quot;:&quot;Calibri&quot;,&quot;16&quot;:12}\">Maksimalna udobnost pri no\u0161enju<\/span><\/p>\n<ul>\n<li><strong>Podesivo pozicioniranje<\/strong><\/li>\n<\/ul>\n<p><span data-sheets-value=\"{&quot;1&quot;:2,&quot;2&quot;:&quot;Podesivi oslonac za glavu i oslonac za noge koji prati rast djeteta&quot;}\" data-sheets-userformat=\"{&quot;2&quot;:15233,&quot;3&quot;:{&quot;1&quot;:0},&quot;10&quot;:0,&quot;11&quot;:4,&quot;12&quot;:0,&quot;14&quot;:{&quot;1&quot;:3,&quot;3&quot;:1},&quot;15&quot;:&quot;Calibri&quot;,&quot;16&quot;:12}\">Podesiva potpora za glavu i potpora za noge koje prate rast djeteta<\/span><\/p>\n<ul>\n<li><strong>Ultra mekani unutarnji materijal<\/strong><\/li>\n<\/ul>\n<p><span data-sheets-value=\"{&quot;1&quot;:2,&quot;2&quot;:&quot;Napravljen od mje\u0161avine TENCEL\u2122 liocela koji je prirodno mekan na dodir i idealan za osjetljivu bebinu ko\u017eu&quot;}\" data-sheets-userformat=\"{&quot;2&quot;:15233,&quot;3&quot;:{&quot;1&quot;:0},&quot;10&quot;:0,&quot;11&quot;:4,&quot;12&quot;:0,&quot;14&quot;:{&quot;1&quot;:3,&quot;3&quot;:1},&quot;15&quot;:&quot;Calibri&quot;,&quot;16&quot;:12}\">Napravljen od mje\u0161avine TENCEL\u2122 liocela koji je prirodno mekan na dodir i idealan za osjetljivu bebinu ko\u017eu<\/span><\/p>\n<p><img loading=\"lazy\" decoding=\"async\" class=\"alignnone wp-image-119408\" src=\"https:\/\/najnaj.eu\/wp-content\/uploads\/2023\/08\/BeSafe_Newborn-Haven_Sand-Forest_Head-support-scaled-1.jpg\" alt=\"\" width=\"815\" height=\"543\" \/><\/p>\n<h3><strong>3. Odr\u017eivost<\/strong><\/h3>\n<ul>\n<li><span data-sheets-value=\"{&quot;1&quot;:2,&quot;2&quot;:&quot;TENCEL\u2122 liocel* koji se koristi s unutarnje strane, izra\u0111en je od odr\u017eivog drva s revolucionarnim proizvodnim procesom koji koristi 10-20 puta manje vode u proizvodnji u usporedbi s pamukom.&quot;}\" data-sheets-userformat=\"{&quot;2&quot;:15233,&quot;3&quot;:{&quot;1&quot;:0},&quot;10&quot;:1,&quot;11&quot;:4,&quot;12&quot;:0,&quot;14&quot;:{&quot;1&quot;:3,&quot;3&quot;:1},&quot;15&quot;:&quot;Calibri&quot;,&quot;16&quot;:12}\">TENCEL\u2122 liocel* koji se koristi s unutarnje strane, izra\u0111en je od odr\u017eivog drva s revolucionarnim proizvodnim procesom koji koristi 10-20 puta manje vode u proizvodnji u usporedbi s pamukom.<\/span><\/li>\n<li>Reciklirani poliester koji se koristi izvana koristi 59% manje energije u proizvodnji u usporedbi s \u010distim poliesterom, a pre\u0111a ima certifikat Global Recycled Standard (GRS). Jedna nosiljka napravljena je od 40 steriliziranih i recikliranih boca.<\/li>\n<\/ul>\n<p><img loading=\"lazy\" decoding=\"async\" class=\"alignnone wp-image-119418\" src=\"https:\/\/najnaj.eu\/wp-content\/uploads\/2023\/08\/BeSafe_Newborn-Haven_Sand-Forest_12-scaled-1.jpg\" alt=\"\" width=\"683\" height=\"455\" \/><\/p>\n<p>&nbsp;<\/p>\n<p>&nbsp;<\/p>\n","protected":false},"excerpt":{"rendered":"<p>Jedinstvena nosiljka za novoro\u0111en\u010dad do prve godine beskompromisna je po pitanju ergonomije i udobnosti. Pru\u017ea osje\u0107aj poput marame, a ujedno je jednostavna i intuitivna za kori\u0161tenje poput standardne nosiljke.<\/p>\n<ul>\n<li>Savr\u0161ena podr\u0161ka u bebinim prvim mjesecima<\/li>\n<li><span data-sheets-value=\"{&quot;1&quot;:2,&quot;2&quot;:&quot;Beskompromisna ergonomija skrojena za potrebe novoro\u0111en\u010deta&quot;}\" data-sheets-userformat=\"{&quot;2&quot;:15233,&quot;3&quot;:{&quot;1&quot;:0},&quot;10&quot;:1,&quot;11&quot;:4,&quot;12&quot;:0,&quot;14&quot;:{&quot;1&quot;:3,&quot;3&quot;:1},&quot;15&quot;:&quot;Calibri&quot;,&quot;16&quot;:12}\">Beskompromisna ergonomija skrojena za potrebe novoro\u0111en\u010deta<\/span><\/li>\n<li>Odobrili priznati stru\u010dnjaci<\/li>\n<li><span data-sheets-value=\"{&quot;1&quot;:2,&quot;2&quot;:&quot;Odr\u017eivi, \u200b\u200bmekani i izdr\u017eljivi materijali&quot;}\" data-sheets-userformat=\"{&quot;2&quot;:14977,&quot;3&quot;:{&quot;1&quot;:0},&quot;10&quot;:1,&quot;12&quot;:0,&quot;14&quot;:{&quot;1&quot;:3,&quot;3&quot;:1},&quot;15&quot;:&quot;Calibri&quot;,&quot;16&quot;:12}\">Odr\u017eivi, \u200b\u200bmekani i izdr\u017eljivi materijali<\/span><\/li>\n<li>Te\u017eina: 3,2 &#8211; 11kg<\/li>\n<li>Dob: od 0-12 mjeseci<\/li>\n<li>Na\u010din no\u0161enja: na trbuhu prema unutra<\/li>\n<\/ul>\n","protected":false},"featured_media":119455,"comment_status":"open","ping_status":"closed","template":"","meta":{"_acf_changed":false,"footnotes":""},"product_brand":[],"product_cat":[732,544,737],"product_tag":[],"class_list":{"0":"post-150327","1":"product","2":"type-product","3":"status-publish","4":"has-post-thumbnail","6":"product_cat-1-polozaj-nosenja","7":"product_cat-nosiljke","8":"product_cat-za-prvih-godinu-dana","9":"pa_boja-siva","10":"pa_brand-besafe","12":"first","13":"outofstock","14":"purchasable","15":"product-type-simple"},"bundled_by":[],"bundle_stock_status":"outofstock","bundle_stock_quantity":0,"bundle_virtual":false,"bundle_layout":"","bundle_add_to_cart_form_location":"","bundle_editable_in_cart":false,"bundle_sold_individually_context":"","bundle_item_grouping":"","bundle_min_size":"","bundle_max_size":"","bundle_price":[],"bundled_items":[],"bundle_sell_ids":[],"acf":[],"yoast_head":"<!-- This site is optimized with the Yoast SEO Premium plugin v21.5 (Yoast SEO v27.4) - https:\/\/yoast.com\/product\/yoast-seo-premium-wordpress\/ -->\n<title>BeSafe nosiljka Newborn Haven, Dusk Forest - NajNaj.eu<\/title>\n<meta name=\"robots\" content=\"index, follow, max-snippet:-1, max-image-preview:large, max-video-preview:-1\" \/>\n<link rel=\"canonical\" href=\"https:\/\/najnaj.eu\/fr\/proizvod\/besafe-nosiljka-newborn-haven-dusk-forest\/\" \/>\n<meta property=\"og:locale\" content=\"fr_FR\" \/>\n<meta property=\"og:type\" content=\"article\" \/>\n<meta property=\"og:title\" content=\"BeSafe nosiljka Newborn Haven, Dusk Forest\" \/>\n<meta property=\"og:description\" content=\"Jedinstvena nosiljka za novoro\u0111en\u010dad do prve godine beskompromisna je po pitanju ergonomije i udobnosti. Pru\u017ea osje\u0107aj poput marame, a ujedno je jednostavna i intuitivna za kori\u0161tenje poput standardne nosiljke.   Savr\u0161ena podr\u0161ka u bebinim prvim mjesecima  Beskompromisna ergonomija skrojena za potrebe novoro\u0111en\u010deta  Odobrili priznati stru\u010dnjaci  Odr\u017eivi, \u200b\u200bmekani i izdr\u017eljivi materijali  Te\u017eina: 3,2 - 11kg  Dob: od 0-12 mjeseci  Na\u010din no\u0161enja: na trbuhu prema unutra\" \/>\n<meta property=\"og:url\" content=\"https:\/\/najnaj.eu\/fr\/proizvod\/besafe-nosiljka-newborn-haven-dusk-forest\/\" \/>\n<meta property=\"og:site_name\" content=\"NajNaj.eu\" \/>\n<meta property=\"article:publisher\" content=\"https:\/\/web.facebook.com\/najnaj.eu\/\" \/>\n<meta property=\"article:modified_time\" content=\"2026-04-15T00:20:18+00:00\" \/>\n<meta property=\"og:image\" content=\"https:\/\/najnaj.eu\/wp-content\/uploads\/2023\/08\/11018807_BeSafe_Newborn-Haven_Dusk-Forest_Front_Newborn-scaled-1.jpg\" \/>\n\t<meta property=\"og:image:width\" content=\"2400\" \/>\n\t<meta property=\"og:image:height\" content=\"2400\" \/>\n\t<meta property=\"og:image:type\" content=\"image\/jpeg\" \/>\n<meta name=\"twitter:card\" content=\"summary_large_image\" \/>\n<meta name=\"twitter:label1\" content=\"Prix\" \/>\n\t<meta name=\"twitter:data1\" content=\"109,50&nbsp;&euro;\" \/>\n\t<meta name=\"twitter:label2\" content=\"Disponibilit\u00e9\" \/>\n\t<meta name=\"twitter:data2\" content=\"Rupture de stock\" \/>\n<script type=\"application\/ld+json\" class=\"yoast-schema-graph\">{\"@context\":\"https:\\\/\\\/schema.org\",\"@graph\":[{\"@type\":\"WebPage\",\"@id\":\"https:\\\/\\\/najnaj.eu\\\/fr\\\/proizvod\\\/besafe-nosiljka-newborn-haven-dusk-forest\\\/\",\"url\":\"https:\\\/\\\/najnaj.eu\\\/fr\\\/proizvod\\\/besafe-nosiljka-newborn-haven-dusk-forest\\\/\",\"name\":\"BeSafe nosiljka Newborn Haven, Dusk Forest - NajNaj.eu\",\"isPartOf\":{\"@id\":\"https:\\\/\\\/najnaj.eu\\\/fr\\\/#website\"},\"primaryImageOfPage\":{\"@id\":\"https:\\\/\\\/najnaj.eu\\\/fr\\\/proizvod\\\/besafe-nosiljka-newborn-haven-dusk-forest\\\/#primaryimage\"},\"image\":{\"@id\":\"https:\\\/\\\/najnaj.eu\\\/fr\\\/proizvod\\\/besafe-nosiljka-newborn-haven-dusk-forest\\\/#primaryimage\"},\"thumbnailUrl\":\"https:\\\/\\\/najnaj.eu\\\/wp-content\\\/uploads\\\/2023\\\/08\\\/11018807_BeSafe_Newborn-Haven_Dusk-Forest_Front_Newborn-scaled-1.jpg\",\"datePublished\":\"2023-09-18T10:13:37+00:00\",\"dateModified\":\"2026-04-15T00:20:18+00:00\",\"breadcrumb\":{\"@id\":\"https:\\\/\\\/najnaj.eu\\\/fr\\\/proizvod\\\/besafe-nosiljka-newborn-haven-dusk-forest\\\/#breadcrumb\"},\"inLanguage\":\"fr-FR\",\"potentialAction\":[{\"@type\":\"ReadAction\",\"target\":[\"https:\\\/\\\/najnaj.eu\\\/fr\\\/proizvod\\\/besafe-nosiljka-newborn-haven-dusk-forest\\\/\"]}]},{\"@type\":\"ImageObject\",\"inLanguage\":\"fr-FR\",\"@id\":\"https:\\\/\\\/najnaj.eu\\\/fr\\\/proizvod\\\/besafe-nosiljka-newborn-haven-dusk-forest\\\/#primaryimage\",\"url\":\"https:\\\/\\\/najnaj.eu\\\/wp-content\\\/uploads\\\/2023\\\/08\\\/11018807_BeSafe_Newborn-Haven_Dusk-Forest_Front_Newborn-scaled-1.jpg\",\"contentUrl\":\"https:\\\/\\\/najnaj.eu\\\/wp-content\\\/uploads\\\/2023\\\/08\\\/11018807_BeSafe_Newborn-Haven_Dusk-Forest_Front_Newborn-scaled-1.jpg\",\"width\":2400,\"height\":2400,\"caption\":\"besafe newborn haven nosiljka\"},{\"@type\":\"BreadcrumbList\",\"@id\":\"https:\\\/\\\/najnaj.eu\\\/fr\\\/proizvod\\\/besafe-nosiljka-newborn-haven-dusk-forest\\\/#breadcrumb\",\"itemListElement\":[{\"@type\":\"ListItem\",\"position\":1,\"name\":\"Po\u010detna stranica\",\"item\":\"https:\\\/\\\/najnaj.eu\\\/fr\\\/\"},{\"@type\":\"ListItem\",\"position\":2,\"name\":\"Trgovina\",\"item\":\"https:\\\/\\\/najnaj.hr\\\/trgovina\\\/\"},{\"@type\":\"ListItem\",\"position\":3,\"name\":\"BeSafe nosiljka Newborn Haven, Dusk Forest\"}]},{\"@type\":\"WebSite\",\"@id\":\"https:\\\/\\\/najnaj.eu\\\/fr\\\/#website\",\"url\":\"https:\\\/\\\/najnaj.eu\\\/fr\\\/\",\"name\":\"NajNaj.eu\",\"description\":\"Za najva\u017enije!\",\"potentialAction\":[{\"@type\":\"SearchAction\",\"target\":{\"@type\":\"EntryPoint\",\"urlTemplate\":\"https:\\\/\\\/najnaj.eu\\\/fr\\\/?s={search_term_string}\"},\"query-input\":{\"@type\":\"PropertyValueSpecification\",\"valueRequired\":true,\"valueName\":\"search_term_string\"}}],\"inLanguage\":\"fr-FR\"}]}<\/script>\n<meta property=\"product:brand\" content=\"BeSafe\" \/>\n<meta property=\"product:price:amount\" content=\"109.50\" \/>\n<meta property=\"product:price:currency\" content=\"EUR\" \/>\n<meta property=\"og:availability\" content=\"out of stock\" \/>\n<meta property=\"product:availability\" content=\"out of stock\" \/>\n<meta property=\"product:retailer_item_id\" content=\"11018807-DuskFrst\" \/>\n<meta property=\"product:condition\" content=\"new\" \/>\n<!-- \/ Yoast SEO Premium plugin. -->","yoast_head_json":{"title":"BeSafe nosiljka Newborn Haven, Dusk Forest - NajNaj.eu","robots":{"index":"index","follow":"follow","max-snippet":"max-snippet:-1","max-image-preview":"max-image-preview:large","max-video-preview":"max-video-preview:-1"},"canonical":"https:\/\/najnaj.eu\/fr\/proizvod\/besafe-nosiljka-newborn-haven-dusk-forest\/","og_locale":"fr_FR","og_type":"article","og_title":"BeSafe nosiljka Newborn Haven, Dusk Forest","og_description":"Jedinstvena nosiljka za novoro\u0111en\u010dad do prve godine beskompromisna je po pitanju ergonomije i udobnosti. Pru\u017ea osje\u0107aj poput marame, a ujedno je jednostavna i intuitivna za kori\u0161tenje poput standardne nosiljke.   Savr\u0161ena podr\u0161ka u bebinim prvim mjesecima  Beskompromisna ergonomija skrojena za potrebe novoro\u0111en\u010deta  Odobrili priznati stru\u010dnjaci  Odr\u017eivi, \u200b\u200bmekani i izdr\u017eljivi materijali  Te\u017eina: 3,2 - 11kg  Dob: od 0-12 mjeseci  Na\u010din no\u0161enja: na trbuhu prema unutra","og_url":"https:\/\/najnaj.eu\/fr\/proizvod\/besafe-nosiljka-newborn-haven-dusk-forest\/","og_site_name":"NajNaj.eu","article_publisher":"https:\/\/web.facebook.com\/najnaj.eu\/","article_modified_time":"2026-04-15T00:20:18+00:00","og_image":[{"width":2400,"height":2400,"url":"https:\/\/najnaj.eu\/wp-content\/uploads\/2023\/08\/11018807_BeSafe_Newborn-Haven_Dusk-Forest_Front_Newborn-scaled-1.jpg","type":"image\/jpeg"}],"twitter_card":"summary_large_image","twitter_misc":{"Prix":"109,50&nbsp;&euro;","Disponibilit\u00e9":"Rupture de stock"},"schema":{"@context":"https:\/\/schema.org","@graph":[{"@type":"WebPage","@id":"https:\/\/najnaj.eu\/fr\/proizvod\/besafe-nosiljka-newborn-haven-dusk-forest\/","url":"https:\/\/najnaj.eu\/fr\/proizvod\/besafe-nosiljka-newborn-haven-dusk-forest\/","name":"BeSafe nosiljka Newborn Haven, Dusk Forest - NajNaj.eu","isPartOf":{"@id":"https:\/\/najnaj.eu\/fr\/#website"},"primaryImageOfPage":{"@id":"https:\/\/najnaj.eu\/fr\/proizvod\/besafe-nosiljka-newborn-haven-dusk-forest\/#primaryimage"},"image":{"@id":"https:\/\/najnaj.eu\/fr\/proizvod\/besafe-nosiljka-newborn-haven-dusk-forest\/#primaryimage"},"thumbnailUrl":"https:\/\/najnaj.eu\/wp-content\/uploads\/2023\/08\/11018807_BeSafe_Newborn-Haven_Dusk-Forest_Front_Newborn-scaled-1.jpg","datePublished":"2023-09-18T10:13:37+00:00","dateModified":"2026-04-15T00:20:18+00:00","breadcrumb":{"@id":"https:\/\/najnaj.eu\/fr\/proizvod\/besafe-nosiljka-newborn-haven-dusk-forest\/#breadcrumb"},"inLanguage":"fr-FR","potentialAction":[{"@type":"ReadAction","target":["https:\/\/najnaj.eu\/fr\/proizvod\/besafe-nosiljka-newborn-haven-dusk-forest\/"]}]},{"@type":"ImageObject","inLanguage":"fr-FR","@id":"https:\/\/najnaj.eu\/fr\/proizvod\/besafe-nosiljka-newborn-haven-dusk-forest\/#primaryimage","url":"https:\/\/najnaj.eu\/wp-content\/uploads\/2023\/08\/11018807_BeSafe_Newborn-Haven_Dusk-Forest_Front_Newborn-scaled-1.jpg","contentUrl":"https:\/\/najnaj.eu\/wp-content\/uploads\/2023\/08\/11018807_BeSafe_Newborn-Haven_Dusk-Forest_Front_Newborn-scaled-1.jpg","width":2400,"height":2400,"caption":"besafe newborn haven nosiljka"},{"@type":"BreadcrumbList","@id":"https:\/\/najnaj.eu\/fr\/proizvod\/besafe-nosiljka-newborn-haven-dusk-forest\/#breadcrumb","itemListElement":[{"@type":"ListItem","position":1,"name":"Po\u010detna stranica","item":"https:\/\/najnaj.eu\/fr\/"},{"@type":"ListItem","position":2,"name":"Trgovina","item":"https:\/\/najnaj.hr\/trgovina\/"},{"@type":"ListItem","position":3,"name":"BeSafe nosiljka Newborn Haven, Dusk Forest"}]},{"@type":"WebSite","@id":"https:\/\/najnaj.eu\/fr\/#website","url":"https:\/\/najnaj.eu\/fr\/","name":"NajNaj.eu","description":"Za najva\u017enije!","potentialAction":[{"@type":"SearchAction","target":{"@type":"EntryPoint","urlTemplate":"https:\/\/najnaj.eu\/fr\/?s={search_term_string}"},"query-input":{"@type":"PropertyValueSpecification","valueRequired":true,"valueName":"search_term_string"}}],"inLanguage":"fr-FR"}]},"product_brand":"BeSafe","product_price_amount":"109.50","product_price_currency":"EUR","og_availability":"out of stock","product_availability":"out of stock","product_retailer_item_id":"11018807-DuskFrst","product_condition":"new"},"_links":{"self":[{"href":"https:\/\/najnaj.eu\/fr\/wp-json\/wp\/v2\/product\/150327","targetHints":{"allow":["GET"]}}],"collection":[{"href":"https:\/\/najnaj.eu\/fr\/wp-json\/wp\/v2\/product"}],"about":[{"href":"https:\/\/najnaj.eu\/fr\/wp-json\/wp\/v2\/types\/product"}],"replies":[{"embeddable":true,"href":"https:\/\/najnaj.eu\/fr\/wp-json\/wp\/v2\/comments?post=150327"}],"version-history":[{"count":0,"href":"https:\/\/najnaj.eu\/fr\/wp-json\/wp\/v2\/product\/150327\/revisions"}],"wp:featuredmedia":[{"embeddable":true,"href":"https:\/\/najnaj.eu\/fr\/wp-json\/wp\/v2\/media\/119455"}],"wp:attachment":[{"href":"https:\/\/najnaj.eu\/fr\/wp-json\/wp\/v2\/media?parent=150327"}],"wp:term":[{"taxonomy":"product_brand","embeddable":true,"href":"https:\/\/najnaj.eu\/fr\/wp-json\/wp\/v2\/product_brand?post=150327"},{"taxonomy":"product_cat","embeddable":true,"href":"https:\/\/najnaj.eu\/fr\/wp-json\/wp\/v2\/product_cat?post=150327"},{"taxonomy":"product_tag","embeddable":true,"href":"https:\/\/najnaj.eu\/fr\/wp-json\/wp\/v2\/product_tag?post=150327"}],"curies":[{"name":"wp","href":"https:\/\/api.w.org\/{rel}","templated":true}]}}