{"id":150323,"date":"2025-01-05T12:11:57","date_gmt":"2025-01-05T11:11:57","guid":{"rendered":"https:\/\/najnaj.hr\/proizvod\/besafe-izi-turn-m-i-size-anthracite-mesh-tamno-siva\/"},"modified":"2026-04-15T02:14:24","modified_gmt":"2026-04-15T00:14:24","slug":"besafe-izi-turn-m-i-size-anthracite-mesh-tamno-siva","status":"publish","type":"product","link":"https:\/\/najnaj.eu\/fr\/proizvod\/besafe-izi-turn-m-i-size-anthracite-mesh-tamno-siva\/","title":{"rendered":"BeSafe iZi Turn M i-Size, Anthracite Mesh, tamno siva"},"content":{"rendered":"<h3>Digitalna zna\u010dajka koja vam poma\u017ee da za\u0161titite svoje dijete<\/h3>\n<p>Prvi svjetski potpuno integrirani digitalni sigurnosni sustav obavijestit \u0107e vas da se dijete otkop\u010dalo tijekom vo\u017enje i ako ga slu\u010dajno ostavite samog u automobilu.<\/p>\n<p>BeSafe iZi Turn M i-Size povezan je s telefonom putem aplikacije BeSafe DigitalSafety<br \/>\nBeSafe i Holmbergs razvili su prvu autosjedalicu na svijetu s potpuno integriranim digitalnim sigurnosnim sustavom.<br \/>\nOvaj inteligentni sustav DigitalSafety\u2122 roditeljima poma\u017ee u za\u0161titi djece. Senzor se nalazi u eKop\u010di autosjedalice, koji je povezan sa sredi\u0161tem integriranim u sjedalicu. Ugra\u0111eno sredi\u0161te sjedalice komunicira izravno s aplikacijom BeSafe na pametnom telefonu. Na ovaj na\u010din roditelji dobiju obavijest ako je eKop\u010da otvorena ili ako je dijete jo\u0161 uvijek u sjedalici kada se roditelji udalje od vozila.<br \/>\nTo je pametniji, povezaniji na\u010din u za\u0161titi svake obitelji.<\/p>\n<h3>Dvoslojna sigurnost<\/h3>\n<p>Ugra\u0111ena za\u0161tita od bo\u010dnih udara (SIP) u \u0161koljci sjedala<br \/>\nDodatna za\u0161tita od bo\u010dnih udara (SIP+) s prilago\u0111enim oblikom<br \/>\nZa\u0161titni i mekani naslon za glavu s inovativnim sustavom Dynamic Force Absorber\u2122<br \/>\nOdobrena prema najnovijem standardu UN R129<br \/>\nOmogu\u0107ava 5x sigurniju vo\u017enju u smjeru suprotnom od smjera vo\u017enje do pribli\u017eno 4. godine<\/p>\n<h3>Vrhunska funkcionalnost za jednostavnu svakodnevnu upotrebu<\/h3>\n<p>Holmbergs DigitalSafety\u2122 sustav koji vam poma\u017ee da za\u0161titite svoje dijete<br \/>\nMagnetic Belt Assistants\u2122 olak\u0161ava ulazak i izlazak iz autosjedalice<br \/>\nPotpuna rotacija od 360 stupnjeva za fleksibilnu upotrebu<br \/>\nPodesivi polo\u017eaji naslona \u010dak i nakon postavljanja sjedalice<br \/>\nOpti\u010dki i audio indikatori za povratne informacije o instalaciji<br \/>\nPode\u0161avanje naslona za glavu i pojaseva jednim potezom<\/p>\n<h3>Individualizirana udobnost<\/h3>\n<p>Universal-Level-Technology\u2122 \u2013 sustav za optimalan kut sjedenja u bilo kojem automobilu<br \/>\nVisokokvalitetni materijali<br \/>\nTwo-Fit Cushions\u2122 &#8211; mekani potporni jastu\u010di\u0107i za stabilnost i podr\u0161ku<br \/>\nIzuzetna udobnost s 4 nagibna polo\u017eaja<br \/>\nPodesivi naslon za glavu u 10 polo\u017eaja koji prati rast djeteta<br \/>\nIzvrsna prozra\u010dnost zahvaljuju\u0107i ventilacijskom sustavu na stra\u017enjoj strani<\/p>\n","protected":false},"excerpt":{"rendered":"<p>Digitalna zna\u010dajka koja vam poma\u017ee da za\u0161titite svoje dijete<br \/>\nPrvi svjetski potpuno integrirani digitalni sigurnosni sustav obavijestit \u0107e vas da se dijete otkop\u010dalo tijekom vo\u017enje i ako ga slu\u010dajno ostavite samog u automobilu.<br \/>\nVisina: suprotan smjer 61-105 cm, smjer vo\u017enje 88-105 cm<br \/>\nMax. te\u017eina: 18 kg<br \/>\nDob: Pribl. 6 mj. do 4 god.<br \/>\nAtest: UN R129 (i-Size)<br \/>\nPostavljanje: ISOfix<br \/>\nSmjer: Suprotno od smjera vo\u017enje ili smjer vo\u017enje<br \/>\nDouble-layer-Safety &#8211; potporni jastu\u010di\u0107i<br \/>\nPrakti\u010dna i lagana za kori\u0161tenje<br \/>\nUniversal Level Technology\u2122 &#8211; prilagodba za maksimalnu udobnost<br \/>\nDynamic Force Absorber\u2122 &#8211; inovacija u za\u0161titi od bo\u010dnog udara<\/p>\n","protected":false},"featured_media":118928,"comment_status":"open","ping_status":"closed","template":"","meta":{"_acf_changed":false,"footnotes":""},"product_brand":[],"product_cat":[574,831],"product_tag":[],"class_list":{"0":"post-150323","1":"product","2":"type-product","3":"status-publish","4":"has-post-thumbnail","6":"product_cat-autosjedalice","7":"product_cat-mala-djeca-1-4-god","8":"pa_atest-ece-r129-i-size","9":"pa_boja-siva","10":"pa_brand-besafe","11":"pa_nacin-postavljanja-isofix","12":"pa_visina-djeteta-od-61-do-105-cm","14":"first","15":"instock","16":"purchasable","17":"product-type-simple"},"bundled_by":[],"bundle_stock_status":"instock","bundle_stock_quantity":1,"bundle_virtual":false,"bundle_layout":"","bundle_add_to_cart_form_location":"","bundle_editable_in_cart":false,"bundle_sold_individually_context":"","bundle_item_grouping":"","bundle_min_size":"","bundle_max_size":"","bundle_price":[],"bundled_items":[],"bundle_sell_ids":[],"acf":[],"yoast_head":"<!-- This site is optimized with the Yoast SEO Premium plugin v21.5 (Yoast SEO v27.4) - https:\/\/yoast.com\/product\/yoast-seo-premium-wordpress\/ -->\n<title>BeSafe iZi Turn M i-Size, Anthracite Mesh, tamno siva - NajNaj.eu<\/title>\n<meta name=\"robots\" content=\"index, follow, max-snippet:-1, max-image-preview:large, max-video-preview:-1\" \/>\n<link rel=\"canonical\" href=\"https:\/\/najnaj.eu\/fr\/proizvod\/besafe-izi-turn-m-i-size-anthracite-mesh-tamno-siva\/\" \/>\n<meta property=\"og:locale\" content=\"fr_FR\" \/>\n<meta property=\"og:type\" content=\"article\" \/>\n<meta property=\"og:title\" content=\"BeSafe iZi Turn M i-Size, Anthracite Mesh, tamno siva\" \/>\n<meta property=\"og:description\" content=\"Digitalna zna\u010dajka koja vam poma\u017ee da za\u0161titite svoje dijete Prvi svjetski potpuno integrirani digitalni sigurnosni sustav obavijestit \u0107e vas da se dijete otkop\u010dalo tijekom vo\u017enje i ako ga slu\u010dajno ostavite samog u automobilu. Visina: suprotan smjer 61-105 cm, smjer vo\u017enje 88-105 cm Max. te\u017eina: 18 kg Dob: Pribl. 6 mj. do 4 god. Atest: UN R129 (i-Size) Postavljanje: ISOfix Smjer: Suprotno od smjera vo\u017enje ili smjer vo\u017enje Double-layer-Safety - potporni jastu\u010di\u0107i Prakti\u010dna i lagana za kori\u0161tenje Universal Level Technology\u2122 - prilagodba za maksimalnu udobnost Dynamic Force Absorber\u2122 - inovacija u za\u0161titi od bo\u010dnog udara\" \/>\n<meta property=\"og:url\" content=\"https:\/\/najnaj.eu\/fr\/proizvod\/besafe-izi-turn-m-i-size-anthracite-mesh-tamno-siva\/\" \/>\n<meta property=\"og:site_name\" content=\"NajNaj.eu\" \/>\n<meta property=\"article:publisher\" content=\"https:\/\/web.facebook.com\/najnaj.eu\/\" \/>\n<meta property=\"article:modified_time\" content=\"2026-04-15T00:14:24+00:00\" \/>\n<meta property=\"og:image\" content=\"https:\/\/najnaj.eu\/wp-content\/uploads\/2023\/08\/11020443_BeSafe_iZi-Turn-M-i-Size_Anthracite-Mesh_Right_USP.jpg\" \/>\n\t<meta property=\"og:image:width\" content=\"1000\" \/>\n\t<meta property=\"og:image:height\" content=\"1000\" \/>\n\t<meta property=\"og:image:type\" content=\"image\/jpeg\" \/>\n<meta name=\"twitter:card\" content=\"summary_large_image\" \/>\n<meta name=\"twitter:label1\" content=\"Prix\" \/>\n\t<meta name=\"twitter:data1\" content=\"599,00&nbsp;&euro;\" \/>\n\t<meta name=\"twitter:label2\" content=\"Disponibilit\u00e9\" \/>\n\t<meta name=\"twitter:data2\" content=\"En stock\" \/>\n<script type=\"application\/ld+json\" class=\"yoast-schema-graph\">{\"@context\":\"https:\\\/\\\/schema.org\",\"@graph\":[{\"@type\":\"WebPage\",\"@id\":\"https:\\\/\\\/najnaj.eu\\\/fr\\\/proizvod\\\/besafe-izi-turn-m-i-size-anthracite-mesh-tamno-siva\\\/\",\"url\":\"https:\\\/\\\/najnaj.eu\\\/fr\\\/proizvod\\\/besafe-izi-turn-m-i-size-anthracite-mesh-tamno-siva\\\/\",\"name\":\"BeSafe iZi Turn M i-Size, Anthracite Mesh, tamno siva - NajNaj.eu\",\"isPartOf\":{\"@id\":\"https:\\\/\\\/najnaj.eu\\\/fr\\\/#website\"},\"primaryImageOfPage\":{\"@id\":\"https:\\\/\\\/najnaj.eu\\\/fr\\\/proizvod\\\/besafe-izi-turn-m-i-size-anthracite-mesh-tamno-siva\\\/#primaryimage\"},\"image\":{\"@id\":\"https:\\\/\\\/najnaj.eu\\\/fr\\\/proizvod\\\/besafe-izi-turn-m-i-size-anthracite-mesh-tamno-siva\\\/#primaryimage\"},\"thumbnailUrl\":\"https:\\\/\\\/najnaj.eu\\\/wp-content\\\/uploads\\\/2023\\\/08\\\/11020443_BeSafe_iZi-Turn-M-i-Size_Anthracite-Mesh_Right_USP.jpg\",\"datePublished\":\"2025-01-05T11:11:57+00:00\",\"dateModified\":\"2026-04-15T00:14:24+00:00\",\"breadcrumb\":{\"@id\":\"https:\\\/\\\/najnaj.eu\\\/fr\\\/proizvod\\\/besafe-izi-turn-m-i-size-anthracite-mesh-tamno-siva\\\/#breadcrumb\"},\"inLanguage\":\"fr-FR\",\"potentialAction\":[{\"@type\":\"ReadAction\",\"target\":[\"https:\\\/\\\/najnaj.eu\\\/fr\\\/proizvod\\\/besafe-izi-turn-m-i-size-anthracite-mesh-tamno-siva\\\/\"]}]},{\"@type\":\"ImageObject\",\"inLanguage\":\"fr-FR\",\"@id\":\"https:\\\/\\\/najnaj.eu\\\/fr\\\/proizvod\\\/besafe-izi-turn-m-i-size-anthracite-mesh-tamno-siva\\\/#primaryimage\",\"url\":\"https:\\\/\\\/najnaj.eu\\\/wp-content\\\/uploads\\\/2023\\\/08\\\/11020443_BeSafe_iZi-Turn-M-i-Size_Anthracite-Mesh_Right_USP.jpg\",\"contentUrl\":\"https:\\\/\\\/najnaj.eu\\\/wp-content\\\/uploads\\\/2023\\\/08\\\/11020443_BeSafe_iZi-Turn-M-i-Size_Anthracite-Mesh_Right_USP.jpg\",\"width\":1000,\"height\":1000,\"caption\":\"Siva rotacijska sjedalica za bebu\"},{\"@type\":\"BreadcrumbList\",\"@id\":\"https:\\\/\\\/najnaj.eu\\\/fr\\\/proizvod\\\/besafe-izi-turn-m-i-size-anthracite-mesh-tamno-siva\\\/#breadcrumb\",\"itemListElement\":[{\"@type\":\"ListItem\",\"position\":1,\"name\":\"Po\u010detna stranica\",\"item\":\"https:\\\/\\\/najnaj.eu\\\/fr\\\/\"},{\"@type\":\"ListItem\",\"position\":2,\"name\":\"Trgovina\",\"item\":\"https:\\\/\\\/najnaj.hr\\\/trgovina\\\/\"},{\"@type\":\"ListItem\",\"position\":3,\"name\":\"BeSafe iZi Turn M i-Size, Anthracite Mesh, tamno siva\"}]},{\"@type\":\"WebSite\",\"@id\":\"https:\\\/\\\/najnaj.eu\\\/fr\\\/#website\",\"url\":\"https:\\\/\\\/najnaj.eu\\\/fr\\\/\",\"name\":\"NajNaj.eu\",\"description\":\"Za najva\u017enije!\",\"potentialAction\":[{\"@type\":\"SearchAction\",\"target\":{\"@type\":\"EntryPoint\",\"urlTemplate\":\"https:\\\/\\\/najnaj.eu\\\/fr\\\/?s={search_term_string}\"},\"query-input\":{\"@type\":\"PropertyValueSpecification\",\"valueRequired\":true,\"valueName\":\"search_term_string\"}}],\"inLanguage\":\"fr-FR\"}]}<\/script>\n<meta property=\"product:brand\" content=\"BeSafe\" \/>\n<meta property=\"product:price:amount\" content=\"599.00\" \/>\n<meta property=\"product:price:currency\" content=\"EUR\" \/>\n<meta property=\"og:availability\" content=\"instock\" \/>\n<meta property=\"product:availability\" content=\"instock\" \/>\n<meta property=\"product:retailer_item_id\" content=\"11024330-AnthraMesh\" \/>\n<meta property=\"product:condition\" content=\"new\" \/>\n<!-- \/ Yoast SEO Premium plugin. -->","yoast_head_json":{"title":"BeSafe iZi Turn M i-Size, Anthracite Mesh, tamno siva - NajNaj.eu","robots":{"index":"index","follow":"follow","max-snippet":"max-snippet:-1","max-image-preview":"max-image-preview:large","max-video-preview":"max-video-preview:-1"},"canonical":"https:\/\/najnaj.eu\/fr\/proizvod\/besafe-izi-turn-m-i-size-anthracite-mesh-tamno-siva\/","og_locale":"fr_FR","og_type":"article","og_title":"BeSafe iZi Turn M i-Size, Anthracite Mesh, tamno siva","og_description":"Digitalna zna\u010dajka koja vam poma\u017ee da za\u0161titite svoje dijete Prvi svjetski potpuno integrirani digitalni sigurnosni sustav obavijestit \u0107e vas da se dijete otkop\u010dalo tijekom vo\u017enje i ako ga slu\u010dajno ostavite samog u automobilu. Visina: suprotan smjer 61-105 cm, smjer vo\u017enje 88-105 cm Max. te\u017eina: 18 kg Dob: Pribl. 6 mj. do 4 god. Atest: UN R129 (i-Size) Postavljanje: ISOfix Smjer: Suprotno od smjera vo\u017enje ili smjer vo\u017enje Double-layer-Safety - potporni jastu\u010di\u0107i Prakti\u010dna i lagana za kori\u0161tenje Universal Level Technology\u2122 - prilagodba za maksimalnu udobnost Dynamic Force Absorber\u2122 - inovacija u za\u0161titi od bo\u010dnog udara","og_url":"https:\/\/najnaj.eu\/fr\/proizvod\/besafe-izi-turn-m-i-size-anthracite-mesh-tamno-siva\/","og_site_name":"NajNaj.eu","article_publisher":"https:\/\/web.facebook.com\/najnaj.eu\/","article_modified_time":"2026-04-15T00:14:24+00:00","og_image":[{"width":1000,"height":1000,"url":"https:\/\/najnaj.eu\/wp-content\/uploads\/2023\/08\/11020443_BeSafe_iZi-Turn-M-i-Size_Anthracite-Mesh_Right_USP.jpg","type":"image\/jpeg"}],"twitter_card":"summary_large_image","twitter_misc":{"Prix":"599,00&nbsp;&euro;","Disponibilit\u00e9":"En stock"},"schema":{"@context":"https:\/\/schema.org","@graph":[{"@type":"WebPage","@id":"https:\/\/najnaj.eu\/fr\/proizvod\/besafe-izi-turn-m-i-size-anthracite-mesh-tamno-siva\/","url":"https:\/\/najnaj.eu\/fr\/proizvod\/besafe-izi-turn-m-i-size-anthracite-mesh-tamno-siva\/","name":"BeSafe iZi Turn M i-Size, Anthracite Mesh, tamno siva - NajNaj.eu","isPartOf":{"@id":"https:\/\/najnaj.eu\/fr\/#website"},"primaryImageOfPage":{"@id":"https:\/\/najnaj.eu\/fr\/proizvod\/besafe-izi-turn-m-i-size-anthracite-mesh-tamno-siva\/#primaryimage"},"image":{"@id":"https:\/\/najnaj.eu\/fr\/proizvod\/besafe-izi-turn-m-i-size-anthracite-mesh-tamno-siva\/#primaryimage"},"thumbnailUrl":"https:\/\/najnaj.eu\/wp-content\/uploads\/2023\/08\/11020443_BeSafe_iZi-Turn-M-i-Size_Anthracite-Mesh_Right_USP.jpg","datePublished":"2025-01-05T11:11:57+00:00","dateModified":"2026-04-15T00:14:24+00:00","breadcrumb":{"@id":"https:\/\/najnaj.eu\/fr\/proizvod\/besafe-izi-turn-m-i-size-anthracite-mesh-tamno-siva\/#breadcrumb"},"inLanguage":"fr-FR","potentialAction":[{"@type":"ReadAction","target":["https:\/\/najnaj.eu\/fr\/proizvod\/besafe-izi-turn-m-i-size-anthracite-mesh-tamno-siva\/"]}]},{"@type":"ImageObject","inLanguage":"fr-FR","@id":"https:\/\/najnaj.eu\/fr\/proizvod\/besafe-izi-turn-m-i-size-anthracite-mesh-tamno-siva\/#primaryimage","url":"https:\/\/najnaj.eu\/wp-content\/uploads\/2023\/08\/11020443_BeSafe_iZi-Turn-M-i-Size_Anthracite-Mesh_Right_USP.jpg","contentUrl":"https:\/\/najnaj.eu\/wp-content\/uploads\/2023\/08\/11020443_BeSafe_iZi-Turn-M-i-Size_Anthracite-Mesh_Right_USP.jpg","width":1000,"height":1000,"caption":"Siva rotacijska sjedalica za bebu"},{"@type":"BreadcrumbList","@id":"https:\/\/najnaj.eu\/fr\/proizvod\/besafe-izi-turn-m-i-size-anthracite-mesh-tamno-siva\/#breadcrumb","itemListElement":[{"@type":"ListItem","position":1,"name":"Po\u010detna stranica","item":"https:\/\/najnaj.eu\/fr\/"},{"@type":"ListItem","position":2,"name":"Trgovina","item":"https:\/\/najnaj.hr\/trgovina\/"},{"@type":"ListItem","position":3,"name":"BeSafe iZi Turn M i-Size, Anthracite Mesh, tamno siva"}]},{"@type":"WebSite","@id":"https:\/\/najnaj.eu\/fr\/#website","url":"https:\/\/najnaj.eu\/fr\/","name":"NajNaj.eu","description":"Za najva\u017enije!","potentialAction":[{"@type":"SearchAction","target":{"@type":"EntryPoint","urlTemplate":"https:\/\/najnaj.eu\/fr\/?s={search_term_string}"},"query-input":{"@type":"PropertyValueSpecification","valueRequired":true,"valueName":"search_term_string"}}],"inLanguage":"fr-FR"}]},"product_brand":"BeSafe","product_price_amount":"599.00","product_price_currency":"EUR","og_availability":"instock","product_availability":"instock","product_retailer_item_id":"11024330-AnthraMesh","product_condition":"new"},"_links":{"self":[{"href":"https:\/\/najnaj.eu\/fr\/wp-json\/wp\/v2\/product\/150323","targetHints":{"allow":["GET"]}}],"collection":[{"href":"https:\/\/najnaj.eu\/fr\/wp-json\/wp\/v2\/product"}],"about":[{"href":"https:\/\/najnaj.eu\/fr\/wp-json\/wp\/v2\/types\/product"}],"replies":[{"embeddable":true,"href":"https:\/\/najnaj.eu\/fr\/wp-json\/wp\/v2\/comments?post=150323"}],"version-history":[{"count":0,"href":"https:\/\/najnaj.eu\/fr\/wp-json\/wp\/v2\/product\/150323\/revisions"}],"wp:featuredmedia":[{"embeddable":true,"href":"https:\/\/najnaj.eu\/fr\/wp-json\/wp\/v2\/media\/118928"}],"wp:attachment":[{"href":"https:\/\/najnaj.eu\/fr\/wp-json\/wp\/v2\/media?parent=150323"}],"wp:term":[{"taxonomy":"product_brand","embeddable":true,"href":"https:\/\/najnaj.eu\/fr\/wp-json\/wp\/v2\/product_brand?post=150323"},{"taxonomy":"product_cat","embeddable":true,"href":"https:\/\/najnaj.eu\/fr\/wp-json\/wp\/v2\/product_cat?post=150323"},{"taxonomy":"product_tag","embeddable":true,"href":"https:\/\/najnaj.eu\/fr\/wp-json\/wp\/v2\/product_tag?post=150323"}],"curies":[{"name":"wp","href":"https:\/\/api.w.org\/{rel}","templated":true}]}}