{"id":150308,"date":"2022-10-06T10:43:55","date_gmt":"2022-10-06T08:43:55","guid":{"rendered":"https:\/\/najnaj.hr\/proizvod\/klasicna-vreca-za-spavanje-mid-weight-tog-1-0-silver-waves\/"},"modified":"2026-02-04T11:21:15","modified_gmt":"2026-02-04T10:21:15","slug":"klasicna-vreca-za-spavanje-mid-weight-tog-1-0-silver-waves","status":"publish","type":"product","link":"https:\/\/najnaj.eu\/fr\/proizvod\/klasicna-vreca-za-spavanje-mid-weight-tog-1-0-silver-waves\/","title":{"rendered":"Ergobaby Klasi\u010dna vre\u0107a za spavanje, Mid-weight (TOG 1.0), Silver Waves"},"content":{"rendered":"<h1 class=\"alt-font\"><span style=\"color: #f99b1c;\">Udobnost i toplina za dijete bez dekice koja stalno pada<\/span><\/h1>\n<p>Ergobaby klasi\u010dna vre\u0107a za spavanje izrazito je meka i ugodna. Izra\u0111ena je od ultra mekog i prozra\u010dnog 100%-nog pamuka. Dolazi u tri debljine TOG 0.5 za ljeto, TOG 1.0 za prijelazno razdoblje ili grijane prostore i TOG 2.5 za hladne zimske no\u0107i. Vre\u0107a va\u0161em djetetu omogu\u0107uje dulji i mirniji san, a dvosmjerni patentni zatvara\u010d omogu\u0107uje iznimno brzu promjenu pelena. Vre\u0107a se jednostavno koristi tako da se obla\u010di u tren oka, a ima i prorez za pojaseve koji se koristi kod vezanja u sjedalicu, hranilicu ili kolica.<\/p>\n<p><img loading=\"lazy\" decoding=\"async\" class=\"alignnone size-full wp-image-91685\" src=\"https:\/\/najnaj.eu\/wp-content\/uploads\/2023\/08\/Ergibaby-vreca-za-spavanje-infografika.jpeg\" alt=\"\" width=\"1052\" height=\"1053\" \/><\/p>\n<p>&nbsp;<\/p>\n","protected":false},"excerpt":{"rendered":"<ul>\n<li>omogu\u0107uje brzu promjenu pelena<\/li>\n<li>djetetu pru\u017ea dulji i mirniji san<\/li>\n<li>jednostavno rukovanje<\/li>\n<li>Debljina: TOG 1.0<\/li>\n<\/ul>\n<p>Veli\u010dina S: 0 \u2013 6 mjeseci \/ 46 \u2013 68 cm \/ 11,3 kg<\/p>\n<p>&nbsp;<\/p>\n<p><a href=\"https:\/\/ergobaby.hr\/wp-content\/uploads\/2018\/10\/Easy-To-Use.png\"><img loading=\"lazy\" decoding=\"async\" class=\"wp-image-6926 alignnone\" src=\"https:\/\/ergobaby.hr\/wp-content\/uploads\/2018\/10\/Easy-To-Use.png\" alt=\"\" width=\"23\" height=\"23\" \/><\/a>\u00a0 Jednostavna upotreba<\/p>\n<p><a href=\"https:\/\/ergobaby.hr\/wp-content\/uploads\/2018\/10\/Easy-Diaper-Change.png\"><img loading=\"lazy\" decoding=\"async\" class=\" wp-image-6930 alignnone\" src=\"https:\/\/ergobaby.hr\/wp-content\/uploads\/2018\/10\/Easy-Diaper-Change.png\" alt=\"\" width=\"28\" height=\"28\" \/><\/a>\u00a0 Jednostavna promjena pelena<\/p>\n<p><a href=\"https:\/\/ergobaby.hr\/wp-content\/uploads\/2019\/04\/Breathable-Cotton.png\"><img loading=\"lazy\" decoding=\"async\" class=\" wp-image-6998 alignnone\" src=\"https:\/\/ergobaby.hr\/wp-content\/uploads\/2019\/04\/Breathable-Cotton.png\" alt=\"\" width=\"27\" height=\"27\" \/><\/a>\u00a0 Prozra\u010dan pamuk<\/p>\n<p><a href=\"https:\/\/ergobaby.hr\/wp-content\/uploads\/2019\/04\/100_-Cotton.png\"><img loading=\"lazy\" decoding=\"async\" class=\" wp-image-7002 alignnone\" src=\"https:\/\/ergobaby.hr\/wp-content\/uploads\/2019\/04\/100_-Cotton.png\" alt=\"\" width=\"27\" height=\"27\" \/><\/a>\u00a0 100% pamuk<\/p>\n","protected":false},"featured_media":151849,"comment_status":"open","ping_status":"closed","template":"","meta":{"_acf_changed":false,"footnotes":""},"product_brand":[],"product_cat":[674,554],"product_tag":[],"class_list":{"0":"post-150308","1":"product","2":"type-product","3":"status-publish","4":"has-post-thumbnail","6":"product_cat-prijelazne-vrece-za-spavanje","7":"product_cat-vrece-za-spavanje","8":"pa_boja-bijela","9":"pa_boja-siva","10":"pa_brand-ergobaby","12":"first","13":"outofstock","14":"purchasable","15":"product-type-simple"},"bundled_by":[],"bundle_stock_status":"outofstock","bundle_stock_quantity":0,"bundle_virtual":false,"bundle_layout":"","bundle_add_to_cart_form_location":"","bundle_editable_in_cart":false,"bundle_sold_individually_context":"","bundle_item_grouping":"","bundle_min_size":"","bundle_max_size":"","bundle_price":[],"bundled_items":[],"bundle_sell_ids":[],"acf":[],"yoast_head":"<!-- This site is optimized with the Yoast SEO Premium plugin v21.5 (Yoast SEO v27.4) - https:\/\/yoast.com\/product\/yoast-seo-premium-wordpress\/ -->\n<title>Ergobaby Klasi\u010dna vre\u0107a za spavanje, Mid-weight (TOG 1.0), Silver Waves - NajNaj.eu<\/title>\n<meta name=\"robots\" content=\"index, follow, max-snippet:-1, max-image-preview:large, max-video-preview:-1\" \/>\n<link rel=\"canonical\" href=\"https:\/\/najnaj.eu\/fr\/proizvod\/klasicna-vreca-za-spavanje-mid-weight-tog-1-0-silver-waves\/\" \/>\n<meta property=\"og:locale\" content=\"fr_FR\" \/>\n<meta property=\"og:type\" content=\"article\" \/>\n<meta property=\"og:title\" content=\"Ergobaby Klasi\u010dna vre\u0107a za spavanje, Mid-weight (TOG 1.0), Silver Waves\" \/>\n<meta property=\"og:description\" content=\"omogu\u0107uje brzu promjenu pelena  djetetu pru\u017ea dulji i mirniji san  jednostavno rukovanje  Debljina: TOG 1.0  Veli\u010dina S: 0 \u2013 6 mjeseci \/ 46 \u2013 68 cm \/ 11,3 kg  &nbsp;  \u00a0 Jednostavna upotreba  \u00a0 Jednostavna promjena pelena  \u00a0 Prozra\u010dan pamuk  \u00a0 100% pamuk\" \/>\n<meta property=\"og:url\" content=\"https:\/\/najnaj.eu\/fr\/proizvod\/klasicna-vreca-za-spavanje-mid-weight-tog-1-0-silver-waves\/\" \/>\n<meta property=\"og:site_name\" content=\"NajNaj.eu\" \/>\n<meta property=\"article:publisher\" content=\"https:\/\/web.facebook.com\/najnaj.eu\/\" \/>\n<meta property=\"article:modified_time\" content=\"2026-02-04T10:21:15+00:00\" \/>\n<meta property=\"og:image\" content=\"https:\/\/najnaj.eu\/wp-content\/uploads\/2022\/10\/classic-sleep-bag-silver-waves-1-4953x4953-00a2ee4.jpg\" \/>\n\t<meta property=\"og:image:width\" content=\"2400\" \/>\n\t<meta property=\"og:image:height\" content=\"2400\" \/>\n\t<meta property=\"og:image:type\" content=\"image\/jpeg\" \/>\n<meta name=\"twitter:card\" content=\"summary_large_image\" \/>\n<meta name=\"twitter:label1\" content=\"Prix\" \/>\n\t<meta name=\"twitter:data1\" content=\"34,90&nbsp;&euro;\" \/>\n\t<meta name=\"twitter:label2\" content=\"Disponibilit\u00e9\" \/>\n\t<meta name=\"twitter:data2\" content=\"Rupture de stock\" \/>\n<script type=\"application\/ld+json\" class=\"yoast-schema-graph\">{\"@context\":\"https:\\\/\\\/schema.org\",\"@graph\":[{\"@type\":\"WebPage\",\"@id\":\"https:\\\/\\\/najnaj.eu\\\/fr\\\/proizvod\\\/klasicna-vreca-za-spavanje-mid-weight-tog-1-0-silver-waves\\\/\",\"url\":\"https:\\\/\\\/najnaj.eu\\\/fr\\\/proizvod\\\/klasicna-vreca-za-spavanje-mid-weight-tog-1-0-silver-waves\\\/\",\"name\":\"Ergobaby Klasi\u010dna vre\u0107a za spavanje, Mid-weight (TOG 1.0), Silver Waves - NajNaj.eu\",\"isPartOf\":{\"@id\":\"https:\\\/\\\/najnaj.eu\\\/fr\\\/#website\"},\"primaryImageOfPage\":{\"@id\":\"https:\\\/\\\/najnaj.eu\\\/fr\\\/proizvod\\\/klasicna-vreca-za-spavanje-mid-weight-tog-1-0-silver-waves\\\/#primaryimage\"},\"image\":{\"@id\":\"https:\\\/\\\/najnaj.eu\\\/fr\\\/proizvod\\\/klasicna-vreca-za-spavanje-mid-weight-tog-1-0-silver-waves\\\/#primaryimage\"},\"thumbnailUrl\":\"https:\\\/\\\/najnaj.eu\\\/wp-content\\\/uploads\\\/2022\\\/10\\\/classic-sleep-bag-silver-waves-1-4953x4953-00a2ee4.jpg\",\"datePublished\":\"2022-10-06T08:43:55+00:00\",\"dateModified\":\"2026-02-04T10:21:15+00:00\",\"breadcrumb\":{\"@id\":\"https:\\\/\\\/najnaj.eu\\\/fr\\\/proizvod\\\/klasicna-vreca-za-spavanje-mid-weight-tog-1-0-silver-waves\\\/#breadcrumb\"},\"inLanguage\":\"fr-FR\",\"potentialAction\":[{\"@type\":\"ReadAction\",\"target\":[\"https:\\\/\\\/najnaj.eu\\\/fr\\\/proizvod\\\/klasicna-vreca-za-spavanje-mid-weight-tog-1-0-silver-waves\\\/\"]}]},{\"@type\":\"ImageObject\",\"inLanguage\":\"fr-FR\",\"@id\":\"https:\\\/\\\/najnaj.eu\\\/fr\\\/proizvod\\\/klasicna-vreca-za-spavanje-mid-weight-tog-1-0-silver-waves\\\/#primaryimage\",\"url\":\"https:\\\/\\\/najnaj.eu\\\/wp-content\\\/uploads\\\/2022\\\/10\\\/classic-sleep-bag-silver-waves-1-4953x4953-00a2ee4.jpg\",\"contentUrl\":\"https:\\\/\\\/najnaj.eu\\\/wp-content\\\/uploads\\\/2022\\\/10\\\/classic-sleep-bag-silver-waves-1-4953x4953-00a2ee4.jpg\",\"width\":2400,\"height\":2400},{\"@type\":\"BreadcrumbList\",\"@id\":\"https:\\\/\\\/najnaj.eu\\\/fr\\\/proizvod\\\/klasicna-vreca-za-spavanje-mid-weight-tog-1-0-silver-waves\\\/#breadcrumb\",\"itemListElement\":[{\"@type\":\"ListItem\",\"position\":1,\"name\":\"Po\u010detna stranica\",\"item\":\"https:\\\/\\\/najnaj.eu\\\/fr\\\/\"},{\"@type\":\"ListItem\",\"position\":2,\"name\":\"Trgovina\",\"item\":\"https:\\\/\\\/najnaj.hr\\\/trgovina\\\/\"},{\"@type\":\"ListItem\",\"position\":3,\"name\":\"Ergobaby Klasi\u010dna vre\u0107a za spavanje, Mid-weight (TOG 1.0), Silver Waves\"}]},{\"@type\":\"WebSite\",\"@id\":\"https:\\\/\\\/najnaj.eu\\\/fr\\\/#website\",\"url\":\"https:\\\/\\\/najnaj.eu\\\/fr\\\/\",\"name\":\"NajNaj.eu\",\"description\":\"Za najva\u017enije!\",\"potentialAction\":[{\"@type\":\"SearchAction\",\"target\":{\"@type\":\"EntryPoint\",\"urlTemplate\":\"https:\\\/\\\/najnaj.eu\\\/fr\\\/?s={search_term_string}\"},\"query-input\":{\"@type\":\"PropertyValueSpecification\",\"valueRequired\":true,\"valueName\":\"search_term_string\"}}],\"inLanguage\":\"fr-FR\"}]}<\/script>\n<meta property=\"product:brand\" content=\"Ergobaby\" \/>\n<meta property=\"product:price:amount\" content=\"34.90\" \/>\n<meta property=\"product:price:currency\" content=\"EUR\" \/>\n<meta property=\"og:availability\" content=\"out of stock\" \/>\n<meta property=\"product:availability\" content=\"out of stock\" \/>\n<meta property=\"product:retailer_item_id\" content=\"SLBSMSLVWAVE1\" \/>\n<meta property=\"product:condition\" content=\"new\" \/>\n<!-- \/ Yoast SEO Premium plugin. -->","yoast_head_json":{"title":"Ergobaby Klasi\u010dna vre\u0107a za spavanje, Mid-weight (TOG 1.0), Silver Waves - NajNaj.eu","robots":{"index":"index","follow":"follow","max-snippet":"max-snippet:-1","max-image-preview":"max-image-preview:large","max-video-preview":"max-video-preview:-1"},"canonical":"https:\/\/najnaj.eu\/fr\/proizvod\/klasicna-vreca-za-spavanje-mid-weight-tog-1-0-silver-waves\/","og_locale":"fr_FR","og_type":"article","og_title":"Ergobaby Klasi\u010dna vre\u0107a za spavanje, Mid-weight (TOG 1.0), Silver Waves","og_description":"omogu\u0107uje brzu promjenu pelena  djetetu pru\u017ea dulji i mirniji san  jednostavno rukovanje  Debljina: TOG 1.0  Veli\u010dina S: 0 \u2013 6 mjeseci \/ 46 \u2013 68 cm \/ 11,3 kg  &nbsp;  \u00a0 Jednostavna upotreba  \u00a0 Jednostavna promjena pelena  \u00a0 Prozra\u010dan pamuk  \u00a0 100% pamuk","og_url":"https:\/\/najnaj.eu\/fr\/proizvod\/klasicna-vreca-za-spavanje-mid-weight-tog-1-0-silver-waves\/","og_site_name":"NajNaj.eu","article_publisher":"https:\/\/web.facebook.com\/najnaj.eu\/","article_modified_time":"2026-02-04T10:21:15+00:00","og_image":[{"width":2400,"height":2400,"url":"https:\/\/najnaj.eu\/wp-content\/uploads\/2022\/10\/classic-sleep-bag-silver-waves-1-4953x4953-00a2ee4.jpg","type":"image\/jpeg"}],"twitter_card":"summary_large_image","twitter_misc":{"Prix":"34,90&nbsp;&euro;","Disponibilit\u00e9":"Rupture de stock"},"schema":{"@context":"https:\/\/schema.org","@graph":[{"@type":"WebPage","@id":"https:\/\/najnaj.eu\/fr\/proizvod\/klasicna-vreca-za-spavanje-mid-weight-tog-1-0-silver-waves\/","url":"https:\/\/najnaj.eu\/fr\/proizvod\/klasicna-vreca-za-spavanje-mid-weight-tog-1-0-silver-waves\/","name":"Ergobaby Klasi\u010dna vre\u0107a za spavanje, Mid-weight (TOG 1.0), Silver Waves - NajNaj.eu","isPartOf":{"@id":"https:\/\/najnaj.eu\/fr\/#website"},"primaryImageOfPage":{"@id":"https:\/\/najnaj.eu\/fr\/proizvod\/klasicna-vreca-za-spavanje-mid-weight-tog-1-0-silver-waves\/#primaryimage"},"image":{"@id":"https:\/\/najnaj.eu\/fr\/proizvod\/klasicna-vreca-za-spavanje-mid-weight-tog-1-0-silver-waves\/#primaryimage"},"thumbnailUrl":"https:\/\/najnaj.eu\/wp-content\/uploads\/2022\/10\/classic-sleep-bag-silver-waves-1-4953x4953-00a2ee4.jpg","datePublished":"2022-10-06T08:43:55+00:00","dateModified":"2026-02-04T10:21:15+00:00","breadcrumb":{"@id":"https:\/\/najnaj.eu\/fr\/proizvod\/klasicna-vreca-za-spavanje-mid-weight-tog-1-0-silver-waves\/#breadcrumb"},"inLanguage":"fr-FR","potentialAction":[{"@type":"ReadAction","target":["https:\/\/najnaj.eu\/fr\/proizvod\/klasicna-vreca-za-spavanje-mid-weight-tog-1-0-silver-waves\/"]}]},{"@type":"ImageObject","inLanguage":"fr-FR","@id":"https:\/\/najnaj.eu\/fr\/proizvod\/klasicna-vreca-za-spavanje-mid-weight-tog-1-0-silver-waves\/#primaryimage","url":"https:\/\/najnaj.eu\/wp-content\/uploads\/2022\/10\/classic-sleep-bag-silver-waves-1-4953x4953-00a2ee4.jpg","contentUrl":"https:\/\/najnaj.eu\/wp-content\/uploads\/2022\/10\/classic-sleep-bag-silver-waves-1-4953x4953-00a2ee4.jpg","width":2400,"height":2400},{"@type":"BreadcrumbList","@id":"https:\/\/najnaj.eu\/fr\/proizvod\/klasicna-vreca-za-spavanje-mid-weight-tog-1-0-silver-waves\/#breadcrumb","itemListElement":[{"@type":"ListItem","position":1,"name":"Po\u010detna stranica","item":"https:\/\/najnaj.eu\/fr\/"},{"@type":"ListItem","position":2,"name":"Trgovina","item":"https:\/\/najnaj.hr\/trgovina\/"},{"@type":"ListItem","position":3,"name":"Ergobaby Klasi\u010dna vre\u0107a za spavanje, Mid-weight (TOG 1.0), Silver Waves"}]},{"@type":"WebSite","@id":"https:\/\/najnaj.eu\/fr\/#website","url":"https:\/\/najnaj.eu\/fr\/","name":"NajNaj.eu","description":"Za najva\u017enije!","potentialAction":[{"@type":"SearchAction","target":{"@type":"EntryPoint","urlTemplate":"https:\/\/najnaj.eu\/fr\/?s={search_term_string}"},"query-input":{"@type":"PropertyValueSpecification","valueRequired":true,"valueName":"search_term_string"}}],"inLanguage":"fr-FR"}]},"product_brand":"Ergobaby","product_price_amount":"34.90","product_price_currency":"EUR","og_availability":"out of stock","product_availability":"out of stock","product_retailer_item_id":"SLBSMSLVWAVE1","product_condition":"new"},"_links":{"self":[{"href":"https:\/\/najnaj.eu\/fr\/wp-json\/wp\/v2\/product\/150308","targetHints":{"allow":["GET"]}}],"collection":[{"href":"https:\/\/najnaj.eu\/fr\/wp-json\/wp\/v2\/product"}],"about":[{"href":"https:\/\/najnaj.eu\/fr\/wp-json\/wp\/v2\/types\/product"}],"replies":[{"embeddable":true,"href":"https:\/\/najnaj.eu\/fr\/wp-json\/wp\/v2\/comments?post=150308"}],"version-history":[{"count":0,"href":"https:\/\/najnaj.eu\/fr\/wp-json\/wp\/v2\/product\/150308\/revisions"}],"wp:featuredmedia":[{"embeddable":true,"href":"https:\/\/najnaj.eu\/fr\/wp-json\/wp\/v2\/media\/151849"}],"wp:attachment":[{"href":"https:\/\/najnaj.eu\/fr\/wp-json\/wp\/v2\/media?parent=150308"}],"wp:term":[{"taxonomy":"product_brand","embeddable":true,"href":"https:\/\/najnaj.eu\/fr\/wp-json\/wp\/v2\/product_brand?post=150308"},{"taxonomy":"product_cat","embeddable":true,"href":"https:\/\/najnaj.eu\/fr\/wp-json\/wp\/v2\/product_cat?post=150308"},{"taxonomy":"product_tag","embeddable":true,"href":"https:\/\/najnaj.eu\/fr\/wp-json\/wp\/v2\/product_tag?post=150308"}],"curies":[{"name":"wp","href":"https:\/\/api.w.org\/{rel}","templated":true}]}}