{"id":150149,"date":"2023-09-21T08:17:16","date_gmt":"2023-09-21T06:17:16","guid":{"rendered":"https:\/\/najnaj.hr\/proizvod\/ergobaby-evolve-lezaljka-3u1-charcoal-grey\/"},"modified":"2026-03-02T10:49:31","modified_gmt":"2026-03-02T09:49:31","slug":"ergobaby-evolve-lezaljka-3u1-charcoal-grey","status":"publish","type":"product","link":"https:\/\/najnaj.eu\/fr\/proizvod\/ergobaby-evolve-lezaljka-3u1-charcoal-grey\/","title":{"rendered":"Ergobaby Evolve le\u017ealjka 3u1 \u2013 Charcoal Grey"},"content":{"rendered":"<p>&nbsp;<\/p>\n<p><img loading=\"lazy\" decoding=\"async\" class=\"alignnone size-full wp-image-117398\" src=\"https:\/\/najnaj.eu\/wp-content\/uploads\/2023\/08\/Ergobaby-Evolve-dugi-opis.jpg\" alt=\"\" width=\"1024\" height=\"400\" \/><\/p>\n<h2><strong>Zna\u010dajke proizvoda<\/strong><\/h2>\n<ul>\n<li>Udobnost i podr\u0161ka od prvog dana<\/li>\n<li>Evolve le\u017ealjka 3u1 raste skupa s djetetom<\/li>\n<li>Meka i prozra\u010dna tkanina u jednom<\/li>\n<li>Brze i jednostavne promjene polo\u017eaja pomo\u0107u papu\u010dice<\/li>\n<li>Poma\u017ee sprje\u010davanju pojave sindroma zale\u017eane glave<\/li>\n<li>Tkanina le\u017ealjke lako se skida i periva je u perilici rublja<\/li>\n<li>Potpuno sklapanje za jednostavno preno\u0161enje<\/li>\n<li>Tehnika prirodnog ljuljanja<\/li>\n<\/ul>\n<p><img loading=\"lazy\" decoding=\"async\" class=\"alignnone size-full wp-image-117403\" src=\"https:\/\/najnaj.eu\/wp-content\/uploads\/2023\/08\/Ergobaby-Evolve-dugi-opis-1.jpg\" alt=\"\" width=\"1024\" height=\"400\" \/><\/p>\n<h2><strong>3 polo\u017eaja nagiba i mogu\u0107nost sklapanja<\/strong><\/h2>\n<p><img loading=\"lazy\" decoding=\"async\" class=\"alignnone size-full wp-image-117409\" src=\"https:\/\/najnaj.eu\/wp-content\/uploads\/2023\/08\/Ergobaby-Evolve-dugi-opis-2.jpg\" alt=\"\" width=\"1024\" height=\"400\" \/><\/p>\n<h2><strong>Specifikacije proizvoda:<\/strong><\/h2>\n<ul>\n<li>Te\u017eina le\u017ealjke: 4 kg<\/li>\n<li>Dob djeteta: od ro\u0111enja do otprilike 3 godine<\/li>\n<li>Te\u017eina djeteta: od 2,5 kg do 13,2 kg<\/li>\n<li>Dimenzije: 42 cm (\u0161irina) x 81,3 cm (du\u017eina) x 56 cm (visina)<\/li>\n<li>Visina sklopljene le\u017ealjke: 15,3 cm<\/li>\n<\/ul>\n<h2><strong>Materijali<\/strong><\/h2>\n<p>Mekana tkanina: 100% pamuk<br \/>\nMre\u017easta tkanina: 100% poliester<br \/>\nProzra\u010dno pletivo s rupicama: 79% poliester\/17% viskoza\/4% elastin<br \/>\nOkvir: ABS plastika<\/p>\n","protected":false},"excerpt":{"rendered":"<p><strong>Udobna le\u017ealjka za novoro\u0111en\u010de, umiruju\u0107a ljulja\u010dka za bebu i zabavna dje\u010dja stolica \u2013 sve u jednom!<\/strong><\/p>\n<p>Ergobaby Evolve le\u017ealjka 3u1 raste s djetetom.<\/p>\n<ul>\n<li>Ergonomska potpora i udobnost od prvog dana do dje\u010dje dobi<\/li>\n<li>Umetak za novoro\u0111en\u010de pru\u017ea potporu du\u017e cijelog tijela i poma\u017ee sprje\u010davanju pojave sindroma zale\u017eane glave<\/li>\n<li>Meko, rastezljivo pletivo i prozra\u010dna mre\u017easta tkanina za maksimalnu prozra\u010dnost i udobnost<\/li>\n<li>Tri polo\u017eaja nagiba s jednostavnom promjenom polo\u017eaja pomo\u0107u step pedale i sigurnosni sustav zaklju\u010davanja<\/li>\n<li>Potpuno sklapanje za kompaktno spremanje i jednostavno preno\u0161enje iz jedne prostorije u drugu<\/li>\n<li>Tehnika prirodnog ljuljanja \u2013 nisu potrebni utika\u010di, baterije ili prekida\u010di<\/li>\n<li>Tkanina le\u017ealjke lako se skida i postavlja te je periva u perilici rublja<\/li>\n<li>Podstavljeni pojas s kop\u010dama pru\u017ea sigurnost, za\u0161titu i jednostavnost kori\u0161tenja<\/li>\n<li>Pa\u017eljivo osmi\u0161ljena, sigurna i udobna<\/li>\n<li>Prekrasan dizajn i moderne boje Evolve le\u017ealjke 3u1 uklopit \u0107e se u svaki dom<\/li>\n<li>Osmi\u0161ljena u suradnji s pedijatrima<\/li>\n<li>Dostupna je u 4 prepoznatljive Ergobaby boje<\/li>\n<li>Za djecu od 2,5 kg do 13,2 kg<\/li>\n<\/ul>\n<p>Pogledajte Ergobaby Evolve le\u017ealjku u interaktivnom <a href=\"https:\/\/catalogue.arkid.app\/embed\/w1z-rNEBEfAgu8UuM4nsAA\" target=\"_blank\" rel=\"noopener\"><strong>3D prikazu<\/strong><\/a>!<\/p>\n","protected":false},"featured_media":233892,"comment_status":"open","ping_status":"closed","template":"","meta":{"_acf_changed":false,"footnotes":""},"product_brand":[],"product_cat":[1257,611],"product_tag":[],"class_list":{"0":"post-150149","1":"product","2":"type-product","3":"status-publish","4":"has-post-thumbnail","6":"product_cat-evolve-lezaljka-3-u-1","7":"product_cat-lezaljke","8":"pa_boja-siva","9":"pa_brand-ergobaby","11":"first","12":"instock","13":"purchasable","14":"product-type-simple"},"bundled_by":[],"bundle_stock_status":"instock","bundle_stock_quantity":15,"bundle_virtual":false,"bundle_layout":"","bundle_add_to_cart_form_location":"","bundle_editable_in_cart":false,"bundle_sold_individually_context":"","bundle_item_grouping":"","bundle_min_size":"","bundle_max_size":"","bundle_price":[],"bundled_items":[],"bundle_sell_ids":[],"acf":[],"yoast_head":"<!-- This site is optimized with the Yoast SEO Premium plugin v21.5 (Yoast SEO v27.4) - https:\/\/yoast.com\/product\/yoast-seo-premium-wordpress\/ -->\n<title>Ergobaby Evolve le\u017ealjka 3u1 \u2013 Charcoal Grey - NajNaj.eu<\/title>\n<meta name=\"robots\" content=\"index, follow, max-snippet:-1, max-image-preview:large, max-video-preview:-1\" \/>\n<link rel=\"canonical\" href=\"https:\/\/najnaj.eu\/fr\/proizvod\/ergobaby-evolve-lezaljka-3u1-charcoal-grey\/\" \/>\n<meta property=\"og:locale\" content=\"fr_FR\" \/>\n<meta property=\"og:type\" content=\"article\" \/>\n<meta property=\"og:title\" content=\"Ergobaby Evolve le\u017ealjka 3u1 \u2013 Charcoal Grey\" \/>\n<meta property=\"og:description\" content=\"Udobna le\u017ealjka za novoro\u0111en\u010de, umiruju\u0107a ljulja\u010dka za bebu i zabavna dje\u010dja stolica \u2013 sve u jednom!  Ergobaby Evolve le\u017ealjka 3u1 raste s djetetom.   Ergonomska potpora i udobnost od prvog dana do dje\u010dje dobi  Umetak za novoro\u0111en\u010de pru\u017ea potporu du\u017e cijelog tijela i poma\u017ee sprje\u010davanju pojave sindroma zale\u017eane glave  Meko, rastezljivo pletivo i prozra\u010dna mre\u017easta tkanina za maksimalnu prozra\u010dnost i udobnost  Tri polo\u017eaja nagiba s jednostavnom promjenom polo\u017eaja pomo\u0107u step pedale i sigurnosni sustav zaklju\u010davanja  Potpuno sklapanje za kompaktno spremanje i jednostavno preno\u0161enje iz jedne prostorije u drugu  Tehnika prirodnog ljuljanja \u2013 nisu potrebni utika\u010di, baterije ili prekida\u010di  Tkanina le\u017ealjke lako se skida i postavlja te je periva u perilici rublja  Podstavljeni pojas s kop\u010dama pru\u017ea sigurnost, za\u0161titu i jednostavnost kori\u0161tenja  Pa\u017eljivo osmi\u0161ljena, sigurna i udobna  Prekrasan dizajn i moderne boje Evolve le\u017ealjke 3u1 uklopit \u0107e se u svaki dom  Osmi\u0161ljena u suradnji s pedijatrima  Dostupna je u 4 prepoznatljive Ergobaby boje  Za djecu od 2,5 kg do 13,2 kg  Pogledajte Ergobaby Evolve le\u017ealjku u interaktivnom 3D prikazu!\" \/>\n<meta property=\"og:url\" content=\"https:\/\/najnaj.eu\/fr\/proizvod\/ergobaby-evolve-lezaljka-3u1-charcoal-grey\/\" \/>\n<meta property=\"og:site_name\" content=\"NajNaj.eu\" \/>\n<meta property=\"article:publisher\" content=\"https:\/\/web.facebook.com\/najnaj.eu\/\" \/>\n<meta property=\"article:modified_time\" content=\"2026-03-02T09:49:31+00:00\" \/>\n<meta property=\"og:image\" content=\"https:\/\/najnaj.eu\/wp-content\/uploads\/2023\/09\/evolve-bouncer-charcoal-grey-prod-01-4532x4532-e173778-1.jpg\" \/>\n\t<meta property=\"og:image:width\" content=\"1080\" \/>\n\t<meta property=\"og:image:height\" content=\"1080\" \/>\n\t<meta property=\"og:image:type\" content=\"image\/jpeg\" \/>\n<meta name=\"twitter:card\" content=\"summary_large_image\" \/>\n<meta name=\"twitter:label1\" content=\"Prix\" \/>\n\t<meta name=\"twitter:data1\" content=\"199,90&nbsp;&euro;\" \/>\n\t<meta name=\"twitter:label2\" content=\"Disponibilit\u00e9\" \/>\n\t<meta name=\"twitter:data2\" content=\"En stock\" \/>\n<script type=\"application\/ld+json\" class=\"yoast-schema-graph\">{\"@context\":\"https:\\\/\\\/schema.org\",\"@graph\":[{\"@type\":\"WebPage\",\"@id\":\"https:\\\/\\\/najnaj.eu\\\/fr\\\/proizvod\\\/ergobaby-evolve-lezaljka-3u1-charcoal-grey\\\/\",\"url\":\"https:\\\/\\\/najnaj.eu\\\/fr\\\/proizvod\\\/ergobaby-evolve-lezaljka-3u1-charcoal-grey\\\/\",\"name\":\"Ergobaby Evolve le\u017ealjka 3u1 \u2013 Charcoal Grey - NajNaj.eu\",\"isPartOf\":{\"@id\":\"https:\\\/\\\/najnaj.eu\\\/fr\\\/#website\"},\"primaryImageOfPage\":{\"@id\":\"https:\\\/\\\/najnaj.eu\\\/fr\\\/proizvod\\\/ergobaby-evolve-lezaljka-3u1-charcoal-grey\\\/#primaryimage\"},\"image\":{\"@id\":\"https:\\\/\\\/najnaj.eu\\\/fr\\\/proizvod\\\/ergobaby-evolve-lezaljka-3u1-charcoal-grey\\\/#primaryimage\"},\"thumbnailUrl\":\"https:\\\/\\\/najnaj.eu\\\/wp-content\\\/uploads\\\/2023\\\/09\\\/evolve-bouncer-charcoal-grey-prod-01-4532x4532-e173778-1.jpg\",\"datePublished\":\"2023-09-21T06:17:16+00:00\",\"dateModified\":\"2026-03-02T09:49:31+00:00\",\"breadcrumb\":{\"@id\":\"https:\\\/\\\/najnaj.eu\\\/fr\\\/proizvod\\\/ergobaby-evolve-lezaljka-3u1-charcoal-grey\\\/#breadcrumb\"},\"inLanguage\":\"fr-FR\",\"potentialAction\":[{\"@type\":\"ReadAction\",\"target\":[\"https:\\\/\\\/najnaj.eu\\\/fr\\\/proizvod\\\/ergobaby-evolve-lezaljka-3u1-charcoal-grey\\\/\"]}]},{\"@type\":\"ImageObject\",\"inLanguage\":\"fr-FR\",\"@id\":\"https:\\\/\\\/najnaj.eu\\\/fr\\\/proizvod\\\/ergobaby-evolve-lezaljka-3u1-charcoal-grey\\\/#primaryimage\",\"url\":\"https:\\\/\\\/najnaj.eu\\\/wp-content\\\/uploads\\\/2023\\\/09\\\/evolve-bouncer-charcoal-grey-prod-01-4532x4532-e173778-1.jpg\",\"contentUrl\":\"https:\\\/\\\/najnaj.eu\\\/wp-content\\\/uploads\\\/2023\\\/09\\\/evolve-bouncer-charcoal-grey-prod-01-4532x4532-e173778-1.jpg\",\"width\":1080,\"height\":1080},{\"@type\":\"BreadcrumbList\",\"@id\":\"https:\\\/\\\/najnaj.eu\\\/fr\\\/proizvod\\\/ergobaby-evolve-lezaljka-3u1-charcoal-grey\\\/#breadcrumb\",\"itemListElement\":[{\"@type\":\"ListItem\",\"position\":1,\"name\":\"Po\u010detna stranica\",\"item\":\"https:\\\/\\\/najnaj.eu\\\/fr\\\/\"},{\"@type\":\"ListItem\",\"position\":2,\"name\":\"Trgovina\",\"item\":\"https:\\\/\\\/najnaj.hr\\\/trgovina\\\/\"},{\"@type\":\"ListItem\",\"position\":3,\"name\":\"Ergobaby Evolve le\u017ealjka 3u1 \u2013 Charcoal Grey\"}]},{\"@type\":\"WebSite\",\"@id\":\"https:\\\/\\\/najnaj.eu\\\/fr\\\/#website\",\"url\":\"https:\\\/\\\/najnaj.eu\\\/fr\\\/\",\"name\":\"NajNaj.eu\",\"description\":\"Za najva\u017enije!\",\"potentialAction\":[{\"@type\":\"SearchAction\",\"target\":{\"@type\":\"EntryPoint\",\"urlTemplate\":\"https:\\\/\\\/najnaj.eu\\\/fr\\\/?s={search_term_string}\"},\"query-input\":{\"@type\":\"PropertyValueSpecification\",\"valueRequired\":true,\"valueName\":\"search_term_string\"}}],\"inLanguage\":\"fr-FR\"}]}<\/script>\n<meta property=\"product:brand\" content=\"Ergobaby\" \/>\n<meta property=\"product:price:amount\" content=\"199.90\" \/>\n<meta property=\"product:price:currency\" content=\"EUR\" \/>\n<meta property=\"og:availability\" content=\"instock\" \/>\n<meta property=\"product:availability\" content=\"instock\" \/>\n<meta property=\"product:retailer_item_id\" content=\"EVLBNCCHRGRY\" \/>\n<meta property=\"product:condition\" content=\"new\" \/>\n<!-- \/ Yoast SEO Premium plugin. -->","yoast_head_json":{"title":"Ergobaby Evolve le\u017ealjka 3u1 \u2013 Charcoal Grey - NajNaj.eu","robots":{"index":"index","follow":"follow","max-snippet":"max-snippet:-1","max-image-preview":"max-image-preview:large","max-video-preview":"max-video-preview:-1"},"canonical":"https:\/\/najnaj.eu\/fr\/proizvod\/ergobaby-evolve-lezaljka-3u1-charcoal-grey\/","og_locale":"fr_FR","og_type":"article","og_title":"Ergobaby Evolve le\u017ealjka 3u1 \u2013 Charcoal Grey","og_description":"Udobna le\u017ealjka za novoro\u0111en\u010de, umiruju\u0107a ljulja\u010dka za bebu i zabavna dje\u010dja stolica \u2013 sve u jednom!  Ergobaby Evolve le\u017ealjka 3u1 raste s djetetom.   Ergonomska potpora i udobnost od prvog dana do dje\u010dje dobi  Umetak za novoro\u0111en\u010de pru\u017ea potporu du\u017e cijelog tijela i poma\u017ee sprje\u010davanju pojave sindroma zale\u017eane glave  Meko, rastezljivo pletivo i prozra\u010dna mre\u017easta tkanina za maksimalnu prozra\u010dnost i udobnost  Tri polo\u017eaja nagiba s jednostavnom promjenom polo\u017eaja pomo\u0107u step pedale i sigurnosni sustav zaklju\u010davanja  Potpuno sklapanje za kompaktno spremanje i jednostavno preno\u0161enje iz jedne prostorije u drugu  Tehnika prirodnog ljuljanja \u2013 nisu potrebni utika\u010di, baterije ili prekida\u010di  Tkanina le\u017ealjke lako se skida i postavlja te je periva u perilici rublja  Podstavljeni pojas s kop\u010dama pru\u017ea sigurnost, za\u0161titu i jednostavnost kori\u0161tenja  Pa\u017eljivo osmi\u0161ljena, sigurna i udobna  Prekrasan dizajn i moderne boje Evolve le\u017ealjke 3u1 uklopit \u0107e se u svaki dom  Osmi\u0161ljena u suradnji s pedijatrima  Dostupna je u 4 prepoznatljive Ergobaby boje  Za djecu od 2,5 kg do 13,2 kg  Pogledajte Ergobaby Evolve le\u017ealjku u interaktivnom 3D prikazu!","og_url":"https:\/\/najnaj.eu\/fr\/proizvod\/ergobaby-evolve-lezaljka-3u1-charcoal-grey\/","og_site_name":"NajNaj.eu","article_publisher":"https:\/\/web.facebook.com\/najnaj.eu\/","article_modified_time":"2026-03-02T09:49:31+00:00","og_image":[{"width":1080,"height":1080,"url":"https:\/\/najnaj.eu\/wp-content\/uploads\/2023\/09\/evolve-bouncer-charcoal-grey-prod-01-4532x4532-e173778-1.jpg","type":"image\/jpeg"}],"twitter_card":"summary_large_image","twitter_misc":{"Prix":"199,90&nbsp;&euro;","Disponibilit\u00e9":"En stock"},"schema":{"@context":"https:\/\/schema.org","@graph":[{"@type":"WebPage","@id":"https:\/\/najnaj.eu\/fr\/proizvod\/ergobaby-evolve-lezaljka-3u1-charcoal-grey\/","url":"https:\/\/najnaj.eu\/fr\/proizvod\/ergobaby-evolve-lezaljka-3u1-charcoal-grey\/","name":"Ergobaby Evolve le\u017ealjka 3u1 \u2013 Charcoal Grey - NajNaj.eu","isPartOf":{"@id":"https:\/\/najnaj.eu\/fr\/#website"},"primaryImageOfPage":{"@id":"https:\/\/najnaj.eu\/fr\/proizvod\/ergobaby-evolve-lezaljka-3u1-charcoal-grey\/#primaryimage"},"image":{"@id":"https:\/\/najnaj.eu\/fr\/proizvod\/ergobaby-evolve-lezaljka-3u1-charcoal-grey\/#primaryimage"},"thumbnailUrl":"https:\/\/najnaj.eu\/wp-content\/uploads\/2023\/09\/evolve-bouncer-charcoal-grey-prod-01-4532x4532-e173778-1.jpg","datePublished":"2023-09-21T06:17:16+00:00","dateModified":"2026-03-02T09:49:31+00:00","breadcrumb":{"@id":"https:\/\/najnaj.eu\/fr\/proizvod\/ergobaby-evolve-lezaljka-3u1-charcoal-grey\/#breadcrumb"},"inLanguage":"fr-FR","potentialAction":[{"@type":"ReadAction","target":["https:\/\/najnaj.eu\/fr\/proizvod\/ergobaby-evolve-lezaljka-3u1-charcoal-grey\/"]}]},{"@type":"ImageObject","inLanguage":"fr-FR","@id":"https:\/\/najnaj.eu\/fr\/proizvod\/ergobaby-evolve-lezaljka-3u1-charcoal-grey\/#primaryimage","url":"https:\/\/najnaj.eu\/wp-content\/uploads\/2023\/09\/evolve-bouncer-charcoal-grey-prod-01-4532x4532-e173778-1.jpg","contentUrl":"https:\/\/najnaj.eu\/wp-content\/uploads\/2023\/09\/evolve-bouncer-charcoal-grey-prod-01-4532x4532-e173778-1.jpg","width":1080,"height":1080},{"@type":"BreadcrumbList","@id":"https:\/\/najnaj.eu\/fr\/proizvod\/ergobaby-evolve-lezaljka-3u1-charcoal-grey\/#breadcrumb","itemListElement":[{"@type":"ListItem","position":1,"name":"Po\u010detna stranica","item":"https:\/\/najnaj.eu\/fr\/"},{"@type":"ListItem","position":2,"name":"Trgovina","item":"https:\/\/najnaj.hr\/trgovina\/"},{"@type":"ListItem","position":3,"name":"Ergobaby Evolve le\u017ealjka 3u1 \u2013 Charcoal Grey"}]},{"@type":"WebSite","@id":"https:\/\/najnaj.eu\/fr\/#website","url":"https:\/\/najnaj.eu\/fr\/","name":"NajNaj.eu","description":"Za najva\u017enije!","potentialAction":[{"@type":"SearchAction","target":{"@type":"EntryPoint","urlTemplate":"https:\/\/najnaj.eu\/fr\/?s={search_term_string}"},"query-input":{"@type":"PropertyValueSpecification","valueRequired":true,"valueName":"search_term_string"}}],"inLanguage":"fr-FR"}]},"product_brand":"Ergobaby","product_price_amount":"199.90","product_price_currency":"EUR","og_availability":"instock","product_availability":"instock","product_retailer_item_id":"EVLBNCCHRGRY","product_condition":"new"},"_links":{"self":[{"href":"https:\/\/najnaj.eu\/fr\/wp-json\/wp\/v2\/product\/150149","targetHints":{"allow":["GET"]}}],"collection":[{"href":"https:\/\/najnaj.eu\/fr\/wp-json\/wp\/v2\/product"}],"about":[{"href":"https:\/\/najnaj.eu\/fr\/wp-json\/wp\/v2\/types\/product"}],"replies":[{"embeddable":true,"href":"https:\/\/najnaj.eu\/fr\/wp-json\/wp\/v2\/comments?post=150149"}],"version-history":[{"count":0,"href":"https:\/\/najnaj.eu\/fr\/wp-json\/wp\/v2\/product\/150149\/revisions"}],"wp:featuredmedia":[{"embeddable":true,"href":"https:\/\/najnaj.eu\/fr\/wp-json\/wp\/v2\/media\/233892"}],"wp:attachment":[{"href":"https:\/\/najnaj.eu\/fr\/wp-json\/wp\/v2\/media?parent=150149"}],"wp:term":[{"taxonomy":"product_brand","embeddable":true,"href":"https:\/\/najnaj.eu\/fr\/wp-json\/wp\/v2\/product_brand?post=150149"},{"taxonomy":"product_cat","embeddable":true,"href":"https:\/\/najnaj.eu\/fr\/wp-json\/wp\/v2\/product_cat?post=150149"},{"taxonomy":"product_tag","embeddable":true,"href":"https:\/\/najnaj.eu\/fr\/wp-json\/wp\/v2\/product_tag?post=150149"}],"curies":[{"name":"wp","href":"https:\/\/api.w.org\/{rel}","templated":true}]}}