{"id":150140,"date":"2022-09-02T07:48:35","date_gmt":"2022-09-02T05:48:35","guid":{"rendered":"https:\/\/najnaj.hr\/proizvod\/ergobaby-2-u-1-zimska-zastita\/"},"modified":"2026-02-04T11:31:34","modified_gmt":"2026-02-04T10:31:34","slug":"ergobaby-2-u-1-zimska-zastita","status":"publish","type":"product","link":"https:\/\/najnaj.eu\/fr\/proizvod\/ergobaby-2-u-1-zimska-zastita\/","title":{"rendered":"Ergobaby 2u1 zimska za\u0161tita"},"content":{"rendered":"<p><img loading=\"lazy\" decoding=\"async\" class=\"alignnone size-full wp-image-116846\" src=\"https:\/\/najnaj.eu\/wp-content\/uploads\/2023\/08\/all-weather-cover-lifestyle-26-4050x2700-aae90be.jpg\" alt=\"\" width=\"1620\" height=\"1080\" \/><img loading=\"lazy\" decoding=\"async\" class=\"wp-image-116850 aligncenter\" style=\"font-size: 1rem;\" src=\"https:\/\/najnaj.eu\/wp-content\/uploads\/2023\/08\/Osigurava-djetetu-zastitu-i-toplinu.jpg\" alt=\"\" width=\"965\" height=\"241\" \/><\/p>\n<h3><strong>Z<\/strong><strong>na\u010dajke proizvoda<\/strong><\/h3>\n<h5><strong><img loading=\"lazy\" decoding=\"async\" class=\"alignnone size-full wp-image-116856\" src=\"https:\/\/najnaj.eu\/wp-content\/uploads\/2023\/08\/Osigurava-djetetu-zastitu-i-toplinu-1.jpg\" alt=\"\" width=\"1600\" height=\"400\" \/>Dob: <\/strong>0-2 godine<br \/>\nPerivo u perilici rublja<\/h5>\n<p>&nbsp;<\/p>\n<h3><strong>Polo\u017eaji no\u0161enja:<\/strong><\/h3>\n<p><img loading=\"lazy\" decoding=\"async\" class=\"size-full wp-image-116860 aligncenter\" src=\"https:\/\/najnaj.eu\/wp-content\/uploads\/2023\/08\/Screenshot_2.jpg\" alt=\"\" width=\"747\" height=\"455\" \/><\/p>\n<p>Naprijed prema roditelju (od ro\u0111enja)\u00a0 \u00a0 \u00a0 \u00a0 \u00a0 \u00a0 \u00a0 \u00a0 \u00a0 \u00a0Naprijed prema van (od 5 mjeseci na dalje)<\/p>\n","protected":false},"excerpt":{"rendered":"<p>Za dane kada beba treba dodatnu toplinu, Ergobaby ima rje\u0161enje!<\/p>\n<p><strong>Ergobaby 2u1 zimska za\u0161tita<\/strong><\/p>\n<ul>\n<li>Vanjski sloj nove Ergobaby zimske za\u0161tite izra\u0111en je od vodootpornog materijala s velikim prozra\u010dnim panelom koji pru\u017ea za\u0161titu i toplinu va\u0161em djetetu<\/li>\n<li>D\u017eepovi za ruke od flisa pru\u017eaju udobnu za\u0161titu za roditelje<\/li>\n<li>Odvojiva kapulja\u010da omogu\u0107uje no\u0161enje u razli\u010ditim polo\u017eaji &#8211; naprijed prema roditelju i naprijed prema van<\/li>\n<li>Uz kop\u010de jednostavne za kori\u0161tenje mo\u017eete brzo i samostalno postaviti za\u0161titu<\/li>\n<li>Kompatibilan sa svim Ergobaby nosiljkama<\/li>\n<li>Podesiva kapulja\u010da i podesivi dio za nogice savr\u0161eno pristaju va\u0161oj bebi<\/li>\n<li>Spremite zimsku za\u0161titu u samostoje\u0107i d\u017eep ispod pro\u0161ivenog sloja za kompaktnu pohranu<\/li>\n<\/ul>\n","protected":false},"featured_media":116817,"comment_status":"open","ping_status":"closed","template":"","meta":{"_acf_changed":false,"footnotes":""},"product_brand":[],"product_cat":[548,651],"product_tag":[2271],"class_list":{"0":"post-150140","1":"product","2":"type-product","3":"status-publish","4":"has-post-thumbnail","6":"product_cat-dodaci-za-nosiljke","7":"product_cat-zastite-za-nosiljku","8":"product_tag-zima","9":"pa_boja-crna","10":"pa_brand-ergobaby","12":"first","13":"instock","14":"purchasable","15":"product-type-simple"},"bundled_by":[],"bundle_stock_status":"instock","bundle_stock_quantity":15,"bundle_virtual":false,"bundle_layout":"","bundle_add_to_cart_form_location":"","bundle_editable_in_cart":false,"bundle_sold_individually_context":"","bundle_item_grouping":"","bundle_min_size":"","bundle_max_size":"","bundle_price":[],"bundled_items":[],"bundle_sell_ids":[],"acf":[],"yoast_head":"<!-- This site is optimized with the Yoast SEO Premium plugin v21.5 (Yoast SEO v27.4) - https:\/\/yoast.com\/product\/yoast-seo-premium-wordpress\/ -->\n<title>Ergobaby 2u1 zimska za\u0161tita - NajNaj.eu<\/title>\n<meta name=\"robots\" content=\"index, follow, max-snippet:-1, max-image-preview:large, max-video-preview:-1\" \/>\n<link rel=\"canonical\" href=\"https:\/\/najnaj.eu\/fr\/proizvod\/ergobaby-2-u-1-zimska-zastita\/\" \/>\n<meta property=\"og:locale\" content=\"fr_FR\" \/>\n<meta property=\"og:type\" content=\"article\" \/>\n<meta property=\"og:title\" content=\"Ergobaby 2u1 zimska za\u0161tita\" \/>\n<meta property=\"og:description\" content=\"Za dane kada beba treba dodatnu toplinu, Ergobaby ima rje\u0161enje!  Ergobaby 2u1 zimska za\u0161tita   Vanjski sloj nove Ergobaby zimske za\u0161tite izra\u0111en je od vodootpornog materijala s velikim prozra\u010dnim panelom koji pru\u017ea za\u0161titu i toplinu va\u0161em djetetu  D\u017eepovi za ruke od flisa pru\u017eaju udobnu za\u0161titu za roditelje  Odvojiva kapulja\u010da omogu\u0107uje no\u0161enje u razli\u010ditim polo\u017eaji - naprijed prema roditelju i naprijed prema van  Uz kop\u010de jednostavne za kori\u0161tenje mo\u017eete brzo i samostalno postaviti za\u0161titu  Kompatibilan sa svim Ergobaby nosiljkama  Podesiva kapulja\u010da i podesivi dio za nogice savr\u0161eno pristaju va\u0161oj bebi  Spremite zimsku za\u0161titu u samostoje\u0107i d\u017eep ispod pro\u0161ivenog sloja za kompaktnu pohranu\" \/>\n<meta property=\"og:url\" content=\"https:\/\/najnaj.eu\/fr\/proizvod\/ergobaby-2-u-1-zimska-zastita\/\" \/>\n<meta property=\"og:site_name\" content=\"NajNaj.eu\" \/>\n<meta property=\"article:publisher\" content=\"https:\/\/web.facebook.com\/najnaj.eu\/\" \/>\n<meta property=\"article:modified_time\" content=\"2026-02-04T10:31:34+00:00\" \/>\n<meta property=\"og:image\" content=\"https:\/\/najnaj.eu\/wp-content\/uploads\/2023\/08\/all-weather-cover-1-3342x3342-58829ac.jpg\" \/>\n\t<meta property=\"og:image:width\" content=\"1080\" \/>\n\t<meta property=\"og:image:height\" content=\"1080\" \/>\n\t<meta property=\"og:image:type\" content=\"image\/jpeg\" \/>\n<meta name=\"twitter:card\" content=\"summary_large_image\" \/>\n<meta name=\"twitter:label1\" content=\"Prix\" \/>\n\t<meta name=\"twitter:data1\" content=\"74,90&nbsp;&euro;\" \/>\n\t<meta name=\"twitter:label2\" content=\"Disponibilit\u00e9\" \/>\n\t<meta name=\"twitter:data2\" content=\"En stock\" \/>\n<script type=\"application\/ld+json\" class=\"yoast-schema-graph\">{\"@context\":\"https:\\\/\\\/schema.org\",\"@graph\":[{\"@type\":\"WebPage\",\"@id\":\"https:\\\/\\\/najnaj.eu\\\/fr\\\/proizvod\\\/ergobaby-2-u-1-zimska-zastita\\\/\",\"url\":\"https:\\\/\\\/najnaj.eu\\\/fr\\\/proizvod\\\/ergobaby-2-u-1-zimska-zastita\\\/\",\"name\":\"Ergobaby 2u1 zimska za\u0161tita - NajNaj.eu\",\"isPartOf\":{\"@id\":\"https:\\\/\\\/najnaj.eu\\\/fr\\\/#website\"},\"primaryImageOfPage\":{\"@id\":\"https:\\\/\\\/najnaj.eu\\\/fr\\\/proizvod\\\/ergobaby-2-u-1-zimska-zastita\\\/#primaryimage\"},\"image\":{\"@id\":\"https:\\\/\\\/najnaj.eu\\\/fr\\\/proizvod\\\/ergobaby-2-u-1-zimska-zastita\\\/#primaryimage\"},\"thumbnailUrl\":\"https:\\\/\\\/najnaj.eu\\\/wp-content\\\/uploads\\\/2023\\\/08\\\/all-weather-cover-1-3342x3342-58829ac.jpg\",\"datePublished\":\"2022-09-02T05:48:35+00:00\",\"dateModified\":\"2026-02-04T10:31:34+00:00\",\"breadcrumb\":{\"@id\":\"https:\\\/\\\/najnaj.eu\\\/fr\\\/proizvod\\\/ergobaby-2-u-1-zimska-zastita\\\/#breadcrumb\"},\"inLanguage\":\"fr-FR\",\"potentialAction\":[{\"@type\":\"ReadAction\",\"target\":[\"https:\\\/\\\/najnaj.eu\\\/fr\\\/proizvod\\\/ergobaby-2-u-1-zimska-zastita\\\/\"]}]},{\"@type\":\"ImageObject\",\"inLanguage\":\"fr-FR\",\"@id\":\"https:\\\/\\\/najnaj.eu\\\/fr\\\/proizvod\\\/ergobaby-2-u-1-zimska-zastita\\\/#primaryimage\",\"url\":\"https:\\\/\\\/najnaj.eu\\\/wp-content\\\/uploads\\\/2023\\\/08\\\/all-weather-cover-1-3342x3342-58829ac.jpg\",\"contentUrl\":\"https:\\\/\\\/najnaj.eu\\\/wp-content\\\/uploads\\\/2023\\\/08\\\/all-weather-cover-1-3342x3342-58829ac.jpg\",\"width\":1080,\"height\":1080},{\"@type\":\"BreadcrumbList\",\"@id\":\"https:\\\/\\\/najnaj.eu\\\/fr\\\/proizvod\\\/ergobaby-2-u-1-zimska-zastita\\\/#breadcrumb\",\"itemListElement\":[{\"@type\":\"ListItem\",\"position\":1,\"name\":\"Po\u010detna stranica\",\"item\":\"https:\\\/\\\/najnaj.eu\\\/fr\\\/\"},{\"@type\":\"ListItem\",\"position\":2,\"name\":\"Trgovina\",\"item\":\"https:\\\/\\\/najnaj.hr\\\/trgovina\\\/\"},{\"@type\":\"ListItem\",\"position\":3,\"name\":\"Ergobaby 2u1 zimska za\u0161tita\"}]},{\"@type\":\"WebSite\",\"@id\":\"https:\\\/\\\/najnaj.eu\\\/fr\\\/#website\",\"url\":\"https:\\\/\\\/najnaj.eu\\\/fr\\\/\",\"name\":\"NajNaj.eu\",\"description\":\"Za najva\u017enije!\",\"potentialAction\":[{\"@type\":\"SearchAction\",\"target\":{\"@type\":\"EntryPoint\",\"urlTemplate\":\"https:\\\/\\\/najnaj.eu\\\/fr\\\/?s={search_term_string}\"},\"query-input\":{\"@type\":\"PropertyValueSpecification\",\"valueRequired\":true,\"valueName\":\"search_term_string\"}}],\"inLanguage\":\"fr-FR\"}]}<\/script>\n<meta property=\"product:brand\" content=\"Ergobaby\" \/>\n<meta property=\"product:price:amount\" content=\"74.90\" \/>\n<meta property=\"product:price:currency\" content=\"EUR\" \/>\n<meta property=\"og:availability\" content=\"instock\" \/>\n<meta property=\"product:availability\" content=\"instock\" \/>\n<meta property=\"product:retailer_item_id\" content=\"WCWCHAR\" \/>\n<meta property=\"product:condition\" content=\"new\" \/>\n<!-- \/ Yoast SEO Premium plugin. -->","yoast_head_json":{"title":"Ergobaby 2u1 zimska za\u0161tita - NajNaj.eu","robots":{"index":"index","follow":"follow","max-snippet":"max-snippet:-1","max-image-preview":"max-image-preview:large","max-video-preview":"max-video-preview:-1"},"canonical":"https:\/\/najnaj.eu\/fr\/proizvod\/ergobaby-2-u-1-zimska-zastita\/","og_locale":"fr_FR","og_type":"article","og_title":"Ergobaby 2u1 zimska za\u0161tita","og_description":"Za dane kada beba treba dodatnu toplinu, Ergobaby ima rje\u0161enje!  Ergobaby 2u1 zimska za\u0161tita   Vanjski sloj nove Ergobaby zimske za\u0161tite izra\u0111en je od vodootpornog materijala s velikim prozra\u010dnim panelom koji pru\u017ea za\u0161titu i toplinu va\u0161em djetetu  D\u017eepovi za ruke od flisa pru\u017eaju udobnu za\u0161titu za roditelje  Odvojiva kapulja\u010da omogu\u0107uje no\u0161enje u razli\u010ditim polo\u017eaji - naprijed prema roditelju i naprijed prema van  Uz kop\u010de jednostavne za kori\u0161tenje mo\u017eete brzo i samostalno postaviti za\u0161titu  Kompatibilan sa svim Ergobaby nosiljkama  Podesiva kapulja\u010da i podesivi dio za nogice savr\u0161eno pristaju va\u0161oj bebi  Spremite zimsku za\u0161titu u samostoje\u0107i d\u017eep ispod pro\u0161ivenog sloja za kompaktnu pohranu","og_url":"https:\/\/najnaj.eu\/fr\/proizvod\/ergobaby-2-u-1-zimska-zastita\/","og_site_name":"NajNaj.eu","article_publisher":"https:\/\/web.facebook.com\/najnaj.eu\/","article_modified_time":"2026-02-04T10:31:34+00:00","og_image":[{"width":1080,"height":1080,"url":"https:\/\/najnaj.eu\/wp-content\/uploads\/2023\/08\/all-weather-cover-1-3342x3342-58829ac.jpg","type":"image\/jpeg"}],"twitter_card":"summary_large_image","twitter_misc":{"Prix":"74,90&nbsp;&euro;","Disponibilit\u00e9":"En stock"},"schema":{"@context":"https:\/\/schema.org","@graph":[{"@type":"WebPage","@id":"https:\/\/najnaj.eu\/fr\/proizvod\/ergobaby-2-u-1-zimska-zastita\/","url":"https:\/\/najnaj.eu\/fr\/proizvod\/ergobaby-2-u-1-zimska-zastita\/","name":"Ergobaby 2u1 zimska za\u0161tita - NajNaj.eu","isPartOf":{"@id":"https:\/\/najnaj.eu\/fr\/#website"},"primaryImageOfPage":{"@id":"https:\/\/najnaj.eu\/fr\/proizvod\/ergobaby-2-u-1-zimska-zastita\/#primaryimage"},"image":{"@id":"https:\/\/najnaj.eu\/fr\/proizvod\/ergobaby-2-u-1-zimska-zastita\/#primaryimage"},"thumbnailUrl":"https:\/\/najnaj.eu\/wp-content\/uploads\/2023\/08\/all-weather-cover-1-3342x3342-58829ac.jpg","datePublished":"2022-09-02T05:48:35+00:00","dateModified":"2026-02-04T10:31:34+00:00","breadcrumb":{"@id":"https:\/\/najnaj.eu\/fr\/proizvod\/ergobaby-2-u-1-zimska-zastita\/#breadcrumb"},"inLanguage":"fr-FR","potentialAction":[{"@type":"ReadAction","target":["https:\/\/najnaj.eu\/fr\/proizvod\/ergobaby-2-u-1-zimska-zastita\/"]}]},{"@type":"ImageObject","inLanguage":"fr-FR","@id":"https:\/\/najnaj.eu\/fr\/proizvod\/ergobaby-2-u-1-zimska-zastita\/#primaryimage","url":"https:\/\/najnaj.eu\/wp-content\/uploads\/2023\/08\/all-weather-cover-1-3342x3342-58829ac.jpg","contentUrl":"https:\/\/najnaj.eu\/wp-content\/uploads\/2023\/08\/all-weather-cover-1-3342x3342-58829ac.jpg","width":1080,"height":1080},{"@type":"BreadcrumbList","@id":"https:\/\/najnaj.eu\/fr\/proizvod\/ergobaby-2-u-1-zimska-zastita\/#breadcrumb","itemListElement":[{"@type":"ListItem","position":1,"name":"Po\u010detna stranica","item":"https:\/\/najnaj.eu\/fr\/"},{"@type":"ListItem","position":2,"name":"Trgovina","item":"https:\/\/najnaj.hr\/trgovina\/"},{"@type":"ListItem","position":3,"name":"Ergobaby 2u1 zimska za\u0161tita"}]},{"@type":"WebSite","@id":"https:\/\/najnaj.eu\/fr\/#website","url":"https:\/\/najnaj.eu\/fr\/","name":"NajNaj.eu","description":"Za najva\u017enije!","potentialAction":[{"@type":"SearchAction","target":{"@type":"EntryPoint","urlTemplate":"https:\/\/najnaj.eu\/fr\/?s={search_term_string}"},"query-input":{"@type":"PropertyValueSpecification","valueRequired":true,"valueName":"search_term_string"}}],"inLanguage":"fr-FR"}]},"product_brand":"Ergobaby","product_price_amount":"74.90","product_price_currency":"EUR","og_availability":"instock","product_availability":"instock","product_retailer_item_id":"WCWCHAR","product_condition":"new"},"_links":{"self":[{"href":"https:\/\/najnaj.eu\/fr\/wp-json\/wp\/v2\/product\/150140","targetHints":{"allow":["GET"]}}],"collection":[{"href":"https:\/\/najnaj.eu\/fr\/wp-json\/wp\/v2\/product"}],"about":[{"href":"https:\/\/najnaj.eu\/fr\/wp-json\/wp\/v2\/types\/product"}],"replies":[{"embeddable":true,"href":"https:\/\/najnaj.eu\/fr\/wp-json\/wp\/v2\/comments?post=150140"}],"version-history":[{"count":0,"href":"https:\/\/najnaj.eu\/fr\/wp-json\/wp\/v2\/product\/150140\/revisions"}],"wp:featuredmedia":[{"embeddable":true,"href":"https:\/\/najnaj.eu\/fr\/wp-json\/wp\/v2\/media\/116817"}],"wp:attachment":[{"href":"https:\/\/najnaj.eu\/fr\/wp-json\/wp\/v2\/media?parent=150140"}],"wp:term":[{"taxonomy":"product_brand","embeddable":true,"href":"https:\/\/najnaj.eu\/fr\/wp-json\/wp\/v2\/product_brand?post=150140"},{"taxonomy":"product_cat","embeddable":true,"href":"https:\/\/najnaj.eu\/fr\/wp-json\/wp\/v2\/product_cat?post=150140"},{"taxonomy":"product_tag","embeddable":true,"href":"https:\/\/najnaj.eu\/fr\/wp-json\/wp\/v2\/product_tag?post=150140"}],"curies":[{"name":"wp","href":"https:\/\/api.w.org\/{rel}","templated":true}]}}