{"id":150125,"date":"2022-08-03T09:44:49","date_gmt":"2022-08-03T07:44:49","guid":{"rendered":"https:\/\/najnaj.hr\/proizvod\/ljetna-presvlaka-za-izi-up-up-fix-bez\/"},"modified":"2026-02-04T11:31:49","modified_gmt":"2026-02-04T10:31:49","slug":"ljetna-presvlaka-za-izi-up-up-fix-bez","status":"publish","type":"product","link":"https:\/\/najnaj.eu\/fr\/proizvod\/ljetna-presvlaka-za-izi-up-up-fix-bez\/","title":{"rendered":"Za\u0161titna presvlaka za iZi Up &#038; Up fix, be\u017e"},"content":{"rendered":"","protected":false},"excerpt":{"rendered":"<p>Prevla\u010di se preko izvorne presvlake autosjedalice radi za\u0161tite od prljanja, a tako\u0111er hladi za vru\u0107ih ljetnih dana.<\/p>\n","protected":false},"featured_media":116033,"comment_status":"open","ping_status":"closed","template":"","meta":{"_acf_changed":false,"footnotes":""},"product_brand":[],"product_cat":[318],"product_tag":[],"class_list":{"0":"post-150125","1":"product","2":"type-product","3":"status-publish","4":"has-post-thumbnail","6":"product_cat-proizvodi","8":"first","9":"outofstock","10":"sale","11":"purchasable","12":"product-type-simple"},"bundled_by":[],"bundle_stock_status":"outofstock","bundle_stock_quantity":0,"bundle_virtual":false,"bundle_layout":"","bundle_add_to_cart_form_location":"","bundle_editable_in_cart":false,"bundle_sold_individually_context":"","bundle_item_grouping":"","bundle_min_size":"","bundle_max_size":"","bundle_price":[],"bundled_items":[],"bundle_sell_ids":[],"acf":[],"yoast_head":"<!-- This site is optimized with the Yoast SEO Premium plugin v21.5 (Yoast SEO v27.4) - https:\/\/yoast.com\/product\/yoast-seo-premium-wordpress\/ -->\n<title>Za\u0161titna presvlaka za iZi Up &amp; Up fix, be\u017e - NajNaj.eu<\/title>\n<meta name=\"robots\" content=\"index, follow, max-snippet:-1, max-image-preview:large, max-video-preview:-1\" \/>\n<link rel=\"canonical\" href=\"https:\/\/najnaj.eu\/fr\/proizvod\/ljetna-presvlaka-za-izi-up-up-fix-bez\/\" \/>\n<meta property=\"og:locale\" content=\"fr_FR\" \/>\n<meta property=\"og:type\" content=\"article\" \/>\n<meta property=\"og:title\" content=\"Za\u0161titna presvlaka za iZi Up &amp; Up fix, be\u017e\" \/>\n<meta property=\"og:description\" content=\"Prevla\u010di se preko izvorne presvlake autosjedalice radi za\u0161tite od prljanja, a tako\u0111er hladi za vru\u0107ih ljetnih dana.\" \/>\n<meta property=\"og:url\" content=\"https:\/\/najnaj.eu\/fr\/proizvod\/ljetna-presvlaka-za-izi-up-up-fix-bez\/\" \/>\n<meta property=\"og:site_name\" content=\"NajNaj.eu\" \/>\n<meta property=\"article:publisher\" content=\"https:\/\/web.facebook.com\/najnaj.eu\/\" \/>\n<meta property=\"article:modified_time\" content=\"2026-02-04T10:31:49+00:00\" \/>\n<meta property=\"og:image\" content=\"https:\/\/najnaj.eu\/wp-content\/uploads\/2023\/08\/BeSafe-iZi-Up-Protection-cover-Beige-512298.jpg\" \/>\n\t<meta property=\"og:image:width\" content=\"795\" \/>\n\t<meta property=\"og:image:height\" content=\"1200\" \/>\n\t<meta property=\"og:image:type\" content=\"image\/jpeg\" \/>\n<meta name=\"twitter:card\" content=\"summary_large_image\" \/>\n<meta name=\"twitter:label1\" content=\"Prix\" \/>\n\t<meta name=\"twitter:data1\" content=\"20,63&nbsp;&euro;\" \/>\n\t<meta name=\"twitter:label2\" content=\"Disponibilit\u00e9\" \/>\n\t<meta name=\"twitter:data2\" content=\"Rupture de stock\" \/>\n<script type=\"application\/ld+json\" class=\"yoast-schema-graph\">{\"@context\":\"https:\\\/\\\/schema.org\",\"@graph\":[{\"@type\":\"WebPage\",\"@id\":\"https:\\\/\\\/najnaj.eu\\\/fr\\\/proizvod\\\/ljetna-presvlaka-za-izi-up-up-fix-bez\\\/\",\"url\":\"https:\\\/\\\/najnaj.eu\\\/fr\\\/proizvod\\\/ljetna-presvlaka-za-izi-up-up-fix-bez\\\/\",\"name\":\"Za\u0161titna presvlaka za iZi Up & Up fix, be\u017e - NajNaj.eu\",\"isPartOf\":{\"@id\":\"https:\\\/\\\/najnaj.eu\\\/fr\\\/#website\"},\"primaryImageOfPage\":{\"@id\":\"https:\\\/\\\/najnaj.eu\\\/fr\\\/proizvod\\\/ljetna-presvlaka-za-izi-up-up-fix-bez\\\/#primaryimage\"},\"image\":{\"@id\":\"https:\\\/\\\/najnaj.eu\\\/fr\\\/proizvod\\\/ljetna-presvlaka-za-izi-up-up-fix-bez\\\/#primaryimage\"},\"thumbnailUrl\":\"https:\\\/\\\/najnaj.eu\\\/wp-content\\\/uploads\\\/2023\\\/08\\\/BeSafe-iZi-Up-Protection-cover-Beige-512298.jpg\",\"datePublished\":\"2022-08-03T07:44:49+00:00\",\"dateModified\":\"2026-02-04T10:31:49+00:00\",\"breadcrumb\":{\"@id\":\"https:\\\/\\\/najnaj.eu\\\/fr\\\/proizvod\\\/ljetna-presvlaka-za-izi-up-up-fix-bez\\\/#breadcrumb\"},\"inLanguage\":\"fr-FR\",\"potentialAction\":[{\"@type\":\"ReadAction\",\"target\":[\"https:\\\/\\\/najnaj.eu\\\/fr\\\/proizvod\\\/ljetna-presvlaka-za-izi-up-up-fix-bez\\\/\"]}]},{\"@type\":\"ImageObject\",\"inLanguage\":\"fr-FR\",\"@id\":\"https:\\\/\\\/najnaj.eu\\\/fr\\\/proizvod\\\/ljetna-presvlaka-za-izi-up-up-fix-bez\\\/#primaryimage\",\"url\":\"https:\\\/\\\/najnaj.eu\\\/wp-content\\\/uploads\\\/2023\\\/08\\\/BeSafe-iZi-Up-Protection-cover-Beige-512298.jpg\",\"contentUrl\":\"https:\\\/\\\/najnaj.eu\\\/wp-content\\\/uploads\\\/2023\\\/08\\\/BeSafe-iZi-Up-Protection-cover-Beige-512298.jpg\",\"width\":795,\"height\":1200},{\"@type\":\"BreadcrumbList\",\"@id\":\"https:\\\/\\\/najnaj.eu\\\/fr\\\/proizvod\\\/ljetna-presvlaka-za-izi-up-up-fix-bez\\\/#breadcrumb\",\"itemListElement\":[{\"@type\":\"ListItem\",\"position\":1,\"name\":\"Po\u010detna stranica\",\"item\":\"https:\\\/\\\/najnaj.eu\\\/fr\\\/\"},{\"@type\":\"ListItem\",\"position\":2,\"name\":\"Trgovina\",\"item\":\"https:\\\/\\\/najnaj.hr\\\/trgovina\\\/\"},{\"@type\":\"ListItem\",\"position\":3,\"name\":\"Za\u0161titna presvlaka za iZi Up &#038; Up fix, be\u017e\"}]},{\"@type\":\"WebSite\",\"@id\":\"https:\\\/\\\/najnaj.eu\\\/fr\\\/#website\",\"url\":\"https:\\\/\\\/najnaj.eu\\\/fr\\\/\",\"name\":\"NajNaj.eu\",\"description\":\"Za najva\u017enije!\",\"potentialAction\":[{\"@type\":\"SearchAction\",\"target\":{\"@type\":\"EntryPoint\",\"urlTemplate\":\"https:\\\/\\\/najnaj.eu\\\/fr\\\/?s={search_term_string}\"},\"query-input\":{\"@type\":\"PropertyValueSpecification\",\"valueRequired\":true,\"valueName\":\"search_term_string\"}}],\"inLanguage\":\"fr-FR\"}]}<\/script>\n<meta property=\"product:price:amount\" content=\"20.63\" \/>\n<meta property=\"product:price:currency\" content=\"EUR\" \/>\n<meta property=\"og:availability\" content=\"out of stock\" \/>\n<meta property=\"product:availability\" content=\"out of stock\" \/>\n<meta property=\"product:retailer_item_id\" content=\"512298\" \/>\n<meta property=\"product:condition\" content=\"new\" \/>\n<!-- \/ Yoast SEO Premium plugin. -->","yoast_head_json":{"title":"Za\u0161titna presvlaka za iZi Up & Up fix, be\u017e - NajNaj.eu","robots":{"index":"index","follow":"follow","max-snippet":"max-snippet:-1","max-image-preview":"max-image-preview:large","max-video-preview":"max-video-preview:-1"},"canonical":"https:\/\/najnaj.eu\/fr\/proizvod\/ljetna-presvlaka-za-izi-up-up-fix-bez\/","og_locale":"fr_FR","og_type":"article","og_title":"Za\u0161titna presvlaka za iZi Up & Up fix, be\u017e","og_description":"Prevla\u010di se preko izvorne presvlake autosjedalice radi za\u0161tite od prljanja, a tako\u0111er hladi za vru\u0107ih ljetnih dana.","og_url":"https:\/\/najnaj.eu\/fr\/proizvod\/ljetna-presvlaka-za-izi-up-up-fix-bez\/","og_site_name":"NajNaj.eu","article_publisher":"https:\/\/web.facebook.com\/najnaj.eu\/","article_modified_time":"2026-02-04T10:31:49+00:00","og_image":[{"width":795,"height":1200,"url":"https:\/\/najnaj.eu\/wp-content\/uploads\/2023\/08\/BeSafe-iZi-Up-Protection-cover-Beige-512298.jpg","type":"image\/jpeg"}],"twitter_card":"summary_large_image","twitter_misc":{"Prix":"20,63&nbsp;&euro;","Disponibilit\u00e9":"Rupture de stock"},"schema":{"@context":"https:\/\/schema.org","@graph":[{"@type":"WebPage","@id":"https:\/\/najnaj.eu\/fr\/proizvod\/ljetna-presvlaka-za-izi-up-up-fix-bez\/","url":"https:\/\/najnaj.eu\/fr\/proizvod\/ljetna-presvlaka-za-izi-up-up-fix-bez\/","name":"Za\u0161titna presvlaka za iZi Up & Up fix, be\u017e - NajNaj.eu","isPartOf":{"@id":"https:\/\/najnaj.eu\/fr\/#website"},"primaryImageOfPage":{"@id":"https:\/\/najnaj.eu\/fr\/proizvod\/ljetna-presvlaka-za-izi-up-up-fix-bez\/#primaryimage"},"image":{"@id":"https:\/\/najnaj.eu\/fr\/proizvod\/ljetna-presvlaka-za-izi-up-up-fix-bez\/#primaryimage"},"thumbnailUrl":"https:\/\/najnaj.eu\/wp-content\/uploads\/2023\/08\/BeSafe-iZi-Up-Protection-cover-Beige-512298.jpg","datePublished":"2022-08-03T07:44:49+00:00","dateModified":"2026-02-04T10:31:49+00:00","breadcrumb":{"@id":"https:\/\/najnaj.eu\/fr\/proizvod\/ljetna-presvlaka-za-izi-up-up-fix-bez\/#breadcrumb"},"inLanguage":"fr-FR","potentialAction":[{"@type":"ReadAction","target":["https:\/\/najnaj.eu\/fr\/proizvod\/ljetna-presvlaka-za-izi-up-up-fix-bez\/"]}]},{"@type":"ImageObject","inLanguage":"fr-FR","@id":"https:\/\/najnaj.eu\/fr\/proizvod\/ljetna-presvlaka-za-izi-up-up-fix-bez\/#primaryimage","url":"https:\/\/najnaj.eu\/wp-content\/uploads\/2023\/08\/BeSafe-iZi-Up-Protection-cover-Beige-512298.jpg","contentUrl":"https:\/\/najnaj.eu\/wp-content\/uploads\/2023\/08\/BeSafe-iZi-Up-Protection-cover-Beige-512298.jpg","width":795,"height":1200},{"@type":"BreadcrumbList","@id":"https:\/\/najnaj.eu\/fr\/proizvod\/ljetna-presvlaka-za-izi-up-up-fix-bez\/#breadcrumb","itemListElement":[{"@type":"ListItem","position":1,"name":"Po\u010detna stranica","item":"https:\/\/najnaj.eu\/fr\/"},{"@type":"ListItem","position":2,"name":"Trgovina","item":"https:\/\/najnaj.hr\/trgovina\/"},{"@type":"ListItem","position":3,"name":"Za\u0161titna presvlaka za iZi Up &#038; Up fix, be\u017e"}]},{"@type":"WebSite","@id":"https:\/\/najnaj.eu\/fr\/#website","url":"https:\/\/najnaj.eu\/fr\/","name":"NajNaj.eu","description":"Za najva\u017enije!","potentialAction":[{"@type":"SearchAction","target":{"@type":"EntryPoint","urlTemplate":"https:\/\/najnaj.eu\/fr\/?s={search_term_string}"},"query-input":{"@type":"PropertyValueSpecification","valueRequired":true,"valueName":"search_term_string"}}],"inLanguage":"fr-FR"}]},"product_price_amount":"20.63","product_price_currency":"EUR","og_availability":"out of stock","product_availability":"out of stock","product_retailer_item_id":"512298","product_condition":"new"},"_links":{"self":[{"href":"https:\/\/najnaj.eu\/fr\/wp-json\/wp\/v2\/product\/150125","targetHints":{"allow":["GET"]}}],"collection":[{"href":"https:\/\/najnaj.eu\/fr\/wp-json\/wp\/v2\/product"}],"about":[{"href":"https:\/\/najnaj.eu\/fr\/wp-json\/wp\/v2\/types\/product"}],"replies":[{"embeddable":true,"href":"https:\/\/najnaj.eu\/fr\/wp-json\/wp\/v2\/comments?post=150125"}],"version-history":[{"count":0,"href":"https:\/\/najnaj.eu\/fr\/wp-json\/wp\/v2\/product\/150125\/revisions"}],"wp:featuredmedia":[{"embeddable":true,"href":"https:\/\/najnaj.eu\/fr\/wp-json\/wp\/v2\/media\/116033"}],"wp:attachment":[{"href":"https:\/\/najnaj.eu\/fr\/wp-json\/wp\/v2\/media?parent=150125"}],"wp:term":[{"taxonomy":"product_brand","embeddable":true,"href":"https:\/\/najnaj.eu\/fr\/wp-json\/wp\/v2\/product_brand?post=150125"},{"taxonomy":"product_cat","embeddable":true,"href":"https:\/\/najnaj.eu\/fr\/wp-json\/wp\/v2\/product_cat?post=150125"},{"taxonomy":"product_tag","embeddable":true,"href":"https:\/\/najnaj.eu\/fr\/wp-json\/wp\/v2\/product_tag?post=150125"}],"curies":[{"name":"wp","href":"https:\/\/api.w.org\/{rel}","templated":true}]}}