{"id":150119,"date":"2022-07-18T10:53:07","date_gmt":"2022-07-18T08:53:07","guid":{"rendered":"https:\/\/najnaj.hr\/proizvod\/icandy-peach-7-black-edition-duo-pod-set-luksuzna-vreca-za-noge-obloga-sjedista\/"},"modified":"2026-02-04T11:31:55","modified_gmt":"2026-02-04T10:31:55","slug":"icandy-peach-7-black-edition-duo-pod-set-luksuzna-vreca-za-noge-obloga-sjedista","status":"publish","type":"product","link":"https:\/\/najnaj.eu\/fr\/proizvod\/icandy-peach-7-black-edition-duo-pod-set-luksuzna-vreca-za-noge-obloga-sjedista\/","title":{"rendered":"iCandy Peach 7 Black Edition Duo Pod set luksuzna vre\u0107a za noge + obloga sjedi\u0161ta"},"content":{"rendered":"<p>iCandy Duo Pod predstavlja dva proizvoda u jednom: zimsku vre\u0107u i oblogu sjedi\u0161ta. Obloga sjedi\u0161ta ima mogu\u0107nost obostranog kori\u0161tenja, a izra\u0111ena je od mekanog flisa s jedne strane te hladnije tkanine pogodne za ljeto s druge strane. Tijekom hladnijih mjeseci, na oblogu sjedi\u0161ta mo\u017ee se zakop\u010dati za\u0161tita za noge \u010dime nastaje zimska vre\u0107a.<br \/>\niCandy DuoPod kompatibilan je sa sigurnosnim pojasom u 5 to\u010daka.<\/p>\n","protected":false},"excerpt":{"rendered":"<p>Kombinacija obloge sjedi\u0161ta i zimske vre\u0107e u jednom proizvodu.<br \/>\nPotpuno reverzibilna obloga sjedi\u0161ta &#8211; mekani flis s jedne strane i hladnija ljetna tkanina s druge.<br \/>\nPrednji dio s patentnim zatvara\u010dem mo\u017ee se dodati\/zakop\u010dati na oblogu sjedi\u0161ta kako bi se stvorila zimska vre\u0107a.<\/p>\n","protected":false},"featured_media":115673,"comment_status":"open","ping_status":"closed","template":"","meta":{"_acf_changed":false,"footnotes":""},"product_brand":[],"product_cat":[551,552,569],"product_tag":[2271],"class_list":{"0":"post-150119","1":"product","2":"type-product","3":"status-publish","4":"has-post-thumbnail","6":"product_cat-djecja-kolica","7":"product_cat-dodaci-za-kolica","8":"product_cat-zimske-vrece-za-kolica","9":"product_tag-zima","10":"pa_boja-crna","11":"pa_brand-icandy","13":"first","14":"outofstock","15":"purchasable","16":"product-type-simple"},"bundled_by":[],"bundle_stock_status":"outofstock","bundle_stock_quantity":0,"bundle_virtual":false,"bundle_layout":"","bundle_add_to_cart_form_location":"","bundle_editable_in_cart":false,"bundle_sold_individually_context":"","bundle_item_grouping":"","bundle_min_size":"","bundle_max_size":"","bundle_price":[],"bundled_items":[],"bundle_sell_ids":[],"acf":[],"yoast_head":"<!-- This site is optimized with the Yoast SEO Premium plugin v21.5 (Yoast SEO v27.4) - https:\/\/yoast.com\/product\/yoast-seo-premium-wordpress\/ -->\n<title>iCandy Peach 7 Black Edition Duo Pod set luksuzna vre\u0107a za noge + obloga sjedi\u0161ta - NajNaj.eu<\/title>\n<meta name=\"robots\" content=\"index, follow, max-snippet:-1, max-image-preview:large, max-video-preview:-1\" \/>\n<link rel=\"canonical\" href=\"https:\/\/najnaj.eu\/fr\/proizvod\/icandy-peach-7-black-edition-duo-pod-set-luksuzna-vreca-za-noge-obloga-sjedista\/\" \/>\n<meta property=\"og:locale\" content=\"fr_FR\" \/>\n<meta property=\"og:type\" content=\"article\" \/>\n<meta property=\"og:title\" content=\"iCandy Peach 7 Black Edition Duo Pod set luksuzna vre\u0107a za noge + obloga sjedi\u0161ta\" \/>\n<meta property=\"og:description\" content=\"Kombinacija obloge sjedi\u0161ta i zimske vre\u0107e u jednom proizvodu. Potpuno reverzibilna obloga sjedi\u0161ta - mekani flis s jedne strane i hladnija ljetna tkanina s druge. Prednji dio s patentnim zatvara\u010dem mo\u017ee se dodati\/zakop\u010dati na oblogu sjedi\u0161ta kako bi se stvorila zimska vre\u0107a.\" \/>\n<meta property=\"og:url\" content=\"https:\/\/najnaj.eu\/fr\/proizvod\/icandy-peach-7-black-edition-duo-pod-set-luksuzna-vreca-za-noge-obloga-sjedista\/\" \/>\n<meta property=\"og:site_name\" content=\"NajNaj.eu\" \/>\n<meta property=\"article:publisher\" content=\"https:\/\/web.facebook.com\/najnaj.eu\/\" \/>\n<meta property=\"article:modified_time\" content=\"2026-02-04T10:31:55+00:00\" \/>\n<meta property=\"og:image\" content=\"https:\/\/najnaj.eu\/wp-content\/uploads\/2023\/08\/iCandyPeach7WITBBlackEditionFootmuff.jpg\" \/>\n\t<meta property=\"og:image:width\" content=\"730\" \/>\n\t<meta property=\"og:image:height\" content=\"1000\" \/>\n\t<meta property=\"og:image:type\" content=\"image\/png\" \/>\n<meta name=\"twitter:card\" content=\"summary_large_image\" \/>\n<meta name=\"twitter:label1\" content=\"Prix\" \/>\n\t<meta name=\"twitter:data1\" content=\"169,00&nbsp;&euro;\" \/>\n\t<meta name=\"twitter:label2\" content=\"Disponibilit\u00e9\" \/>\n\t<meta name=\"twitter:data2\" content=\"Rupture de stock\" \/>\n<script type=\"application\/ld+json\" class=\"yoast-schema-graph\">{\"@context\":\"https:\\\/\\\/schema.org\",\"@graph\":[{\"@type\":\"WebPage\",\"@id\":\"https:\\\/\\\/najnaj.eu\\\/fr\\\/proizvod\\\/icandy-peach-7-black-edition-duo-pod-set-luksuzna-vreca-za-noge-obloga-sjedista\\\/\",\"url\":\"https:\\\/\\\/najnaj.eu\\\/fr\\\/proizvod\\\/icandy-peach-7-black-edition-duo-pod-set-luksuzna-vreca-za-noge-obloga-sjedista\\\/\",\"name\":\"iCandy Peach 7 Black Edition Duo Pod set luksuzna vre\u0107a za noge + obloga sjedi\u0161ta - NajNaj.eu\",\"isPartOf\":{\"@id\":\"https:\\\/\\\/najnaj.eu\\\/fr\\\/#website\"},\"primaryImageOfPage\":{\"@id\":\"https:\\\/\\\/najnaj.eu\\\/fr\\\/proizvod\\\/icandy-peach-7-black-edition-duo-pod-set-luksuzna-vreca-za-noge-obloga-sjedista\\\/#primaryimage\"},\"image\":{\"@id\":\"https:\\\/\\\/najnaj.eu\\\/fr\\\/proizvod\\\/icandy-peach-7-black-edition-duo-pod-set-luksuzna-vreca-za-noge-obloga-sjedista\\\/#primaryimage\"},\"thumbnailUrl\":\"https:\\\/\\\/najnaj.eu\\\/wp-content\\\/uploads\\\/2023\\\/08\\\/iCandyPeach7WITBBlackEditionFootmuff.jpg\",\"datePublished\":\"2022-07-18T08:53:07+00:00\",\"dateModified\":\"2026-02-04T10:31:55+00:00\",\"breadcrumb\":{\"@id\":\"https:\\\/\\\/najnaj.eu\\\/fr\\\/proizvod\\\/icandy-peach-7-black-edition-duo-pod-set-luksuzna-vreca-za-noge-obloga-sjedista\\\/#breadcrumb\"},\"inLanguage\":\"fr-FR\",\"potentialAction\":[{\"@type\":\"ReadAction\",\"target\":[\"https:\\\/\\\/najnaj.eu\\\/fr\\\/proizvod\\\/icandy-peach-7-black-edition-duo-pod-set-luksuzna-vreca-za-noge-obloga-sjedista\\\/\"]}]},{\"@type\":\"ImageObject\",\"inLanguage\":\"fr-FR\",\"@id\":\"https:\\\/\\\/najnaj.eu\\\/fr\\\/proizvod\\\/icandy-peach-7-black-edition-duo-pod-set-luksuzna-vreca-za-noge-obloga-sjedista\\\/#primaryimage\",\"url\":\"https:\\\/\\\/najnaj.eu\\\/wp-content\\\/uploads\\\/2023\\\/08\\\/iCandyPeach7WITBBlackEditionFootmuff.jpg\",\"contentUrl\":\"https:\\\/\\\/najnaj.eu\\\/wp-content\\\/uploads\\\/2023\\\/08\\\/iCandyPeach7WITBBlackEditionFootmuff.jpg\",\"width\":730,\"height\":1000},{\"@type\":\"BreadcrumbList\",\"@id\":\"https:\\\/\\\/najnaj.eu\\\/fr\\\/proizvod\\\/icandy-peach-7-black-edition-duo-pod-set-luksuzna-vreca-za-noge-obloga-sjedista\\\/#breadcrumb\",\"itemListElement\":[{\"@type\":\"ListItem\",\"position\":1,\"name\":\"Po\u010detna stranica\",\"item\":\"https:\\\/\\\/najnaj.eu\\\/fr\\\/\"},{\"@type\":\"ListItem\",\"position\":2,\"name\":\"Trgovina\",\"item\":\"https:\\\/\\\/najnaj.hr\\\/trgovina\\\/\"},{\"@type\":\"ListItem\",\"position\":3,\"name\":\"iCandy Peach 7 Black Edition Duo Pod set luksuzna vre\u0107a za noge + obloga sjedi\u0161ta\"}]},{\"@type\":\"WebSite\",\"@id\":\"https:\\\/\\\/najnaj.eu\\\/fr\\\/#website\",\"url\":\"https:\\\/\\\/najnaj.eu\\\/fr\\\/\",\"name\":\"NajNaj.eu\",\"description\":\"Za najva\u017enije!\",\"potentialAction\":[{\"@type\":\"SearchAction\",\"target\":{\"@type\":\"EntryPoint\",\"urlTemplate\":\"https:\\\/\\\/najnaj.eu\\\/fr\\\/?s={search_term_string}\"},\"query-input\":{\"@type\":\"PropertyValueSpecification\",\"valueRequired\":true,\"valueName\":\"search_term_string\"}}],\"inLanguage\":\"fr-FR\"}]}<\/script>\n<meta property=\"product:brand\" content=\"iCandy\" \/>\n<meta property=\"product:price:amount\" content=\"169.00\" \/>\n<meta property=\"product:price:currency\" content=\"EUR\" \/>\n<meta property=\"og:availability\" content=\"out of stock\" \/>\n<meta property=\"product:availability\" content=\"out of stock\" \/>\n<meta property=\"product:retailer_item_id\" content=\"IC2549\" \/>\n<meta property=\"product:condition\" content=\"new\" \/>\n<!-- \/ Yoast SEO Premium plugin. -->","yoast_head_json":{"title":"iCandy Peach 7 Black Edition Duo Pod set luksuzna vre\u0107a za noge + obloga sjedi\u0161ta - NajNaj.eu","robots":{"index":"index","follow":"follow","max-snippet":"max-snippet:-1","max-image-preview":"max-image-preview:large","max-video-preview":"max-video-preview:-1"},"canonical":"https:\/\/najnaj.eu\/fr\/proizvod\/icandy-peach-7-black-edition-duo-pod-set-luksuzna-vreca-za-noge-obloga-sjedista\/","og_locale":"fr_FR","og_type":"article","og_title":"iCandy Peach 7 Black Edition Duo Pod set luksuzna vre\u0107a za noge + obloga sjedi\u0161ta","og_description":"Kombinacija obloge sjedi\u0161ta i zimske vre\u0107e u jednom proizvodu. Potpuno reverzibilna obloga sjedi\u0161ta - mekani flis s jedne strane i hladnija ljetna tkanina s druge. Prednji dio s patentnim zatvara\u010dem mo\u017ee se dodati\/zakop\u010dati na oblogu sjedi\u0161ta kako bi se stvorila zimska vre\u0107a.","og_url":"https:\/\/najnaj.eu\/fr\/proizvod\/icandy-peach-7-black-edition-duo-pod-set-luksuzna-vreca-za-noge-obloga-sjedista\/","og_site_name":"NajNaj.eu","article_publisher":"https:\/\/web.facebook.com\/najnaj.eu\/","article_modified_time":"2026-02-04T10:31:55+00:00","og_image":[{"width":730,"height":1000,"url":"https:\/\/najnaj.eu\/wp-content\/uploads\/2023\/08\/iCandyPeach7WITBBlackEditionFootmuff.jpg","type":"image\/png"}],"twitter_card":"summary_large_image","twitter_misc":{"Prix":"169,00&nbsp;&euro;","Disponibilit\u00e9":"Rupture de stock"},"schema":{"@context":"https:\/\/schema.org","@graph":[{"@type":"WebPage","@id":"https:\/\/najnaj.eu\/fr\/proizvod\/icandy-peach-7-black-edition-duo-pod-set-luksuzna-vreca-za-noge-obloga-sjedista\/","url":"https:\/\/najnaj.eu\/fr\/proizvod\/icandy-peach-7-black-edition-duo-pod-set-luksuzna-vreca-za-noge-obloga-sjedista\/","name":"iCandy Peach 7 Black Edition Duo Pod set luksuzna vre\u0107a za noge + obloga sjedi\u0161ta - NajNaj.eu","isPartOf":{"@id":"https:\/\/najnaj.eu\/fr\/#website"},"primaryImageOfPage":{"@id":"https:\/\/najnaj.eu\/fr\/proizvod\/icandy-peach-7-black-edition-duo-pod-set-luksuzna-vreca-za-noge-obloga-sjedista\/#primaryimage"},"image":{"@id":"https:\/\/najnaj.eu\/fr\/proizvod\/icandy-peach-7-black-edition-duo-pod-set-luksuzna-vreca-za-noge-obloga-sjedista\/#primaryimage"},"thumbnailUrl":"https:\/\/najnaj.eu\/wp-content\/uploads\/2023\/08\/iCandyPeach7WITBBlackEditionFootmuff.jpg","datePublished":"2022-07-18T08:53:07+00:00","dateModified":"2026-02-04T10:31:55+00:00","breadcrumb":{"@id":"https:\/\/najnaj.eu\/fr\/proizvod\/icandy-peach-7-black-edition-duo-pod-set-luksuzna-vreca-za-noge-obloga-sjedista\/#breadcrumb"},"inLanguage":"fr-FR","potentialAction":[{"@type":"ReadAction","target":["https:\/\/najnaj.eu\/fr\/proizvod\/icandy-peach-7-black-edition-duo-pod-set-luksuzna-vreca-za-noge-obloga-sjedista\/"]}]},{"@type":"ImageObject","inLanguage":"fr-FR","@id":"https:\/\/najnaj.eu\/fr\/proizvod\/icandy-peach-7-black-edition-duo-pod-set-luksuzna-vreca-za-noge-obloga-sjedista\/#primaryimage","url":"https:\/\/najnaj.eu\/wp-content\/uploads\/2023\/08\/iCandyPeach7WITBBlackEditionFootmuff.jpg","contentUrl":"https:\/\/najnaj.eu\/wp-content\/uploads\/2023\/08\/iCandyPeach7WITBBlackEditionFootmuff.jpg","width":730,"height":1000},{"@type":"BreadcrumbList","@id":"https:\/\/najnaj.eu\/fr\/proizvod\/icandy-peach-7-black-edition-duo-pod-set-luksuzna-vreca-za-noge-obloga-sjedista\/#breadcrumb","itemListElement":[{"@type":"ListItem","position":1,"name":"Po\u010detna stranica","item":"https:\/\/najnaj.eu\/fr\/"},{"@type":"ListItem","position":2,"name":"Trgovina","item":"https:\/\/najnaj.hr\/trgovina\/"},{"@type":"ListItem","position":3,"name":"iCandy Peach 7 Black Edition Duo Pod set luksuzna vre\u0107a za noge + obloga sjedi\u0161ta"}]},{"@type":"WebSite","@id":"https:\/\/najnaj.eu\/fr\/#website","url":"https:\/\/najnaj.eu\/fr\/","name":"NajNaj.eu","description":"Za najva\u017enije!","potentialAction":[{"@type":"SearchAction","target":{"@type":"EntryPoint","urlTemplate":"https:\/\/najnaj.eu\/fr\/?s={search_term_string}"},"query-input":{"@type":"PropertyValueSpecification","valueRequired":true,"valueName":"search_term_string"}}],"inLanguage":"fr-FR"}]},"product_brand":"iCandy","product_price_amount":"169.00","product_price_currency":"EUR","og_availability":"out of stock","product_availability":"out of stock","product_retailer_item_id":"IC2549","product_condition":"new"},"_links":{"self":[{"href":"https:\/\/najnaj.eu\/fr\/wp-json\/wp\/v2\/product\/150119","targetHints":{"allow":["GET"]}}],"collection":[{"href":"https:\/\/najnaj.eu\/fr\/wp-json\/wp\/v2\/product"}],"about":[{"href":"https:\/\/najnaj.eu\/fr\/wp-json\/wp\/v2\/types\/product"}],"replies":[{"embeddable":true,"href":"https:\/\/najnaj.eu\/fr\/wp-json\/wp\/v2\/comments?post=150119"}],"version-history":[{"count":0,"href":"https:\/\/najnaj.eu\/fr\/wp-json\/wp\/v2\/product\/150119\/revisions"}],"wp:featuredmedia":[{"embeddable":true,"href":"https:\/\/najnaj.eu\/fr\/wp-json\/wp\/v2\/media\/115673"}],"wp:attachment":[{"href":"https:\/\/najnaj.eu\/fr\/wp-json\/wp\/v2\/media?parent=150119"}],"wp:term":[{"taxonomy":"product_brand","embeddable":true,"href":"https:\/\/najnaj.eu\/fr\/wp-json\/wp\/v2\/product_brand?post=150119"},{"taxonomy":"product_cat","embeddable":true,"href":"https:\/\/najnaj.eu\/fr\/wp-json\/wp\/v2\/product_cat?post=150119"},{"taxonomy":"product_tag","embeddable":true,"href":"https:\/\/najnaj.eu\/fr\/wp-json\/wp\/v2\/product_tag?post=150119"}],"curies":[{"name":"wp","href":"https:\/\/api.w.org\/{rel}","templated":true}]}}