{"id":150063,"date":"2023-09-15T08:08:53","date_gmt":"2023-09-15T06:08:53","guid":{"rendered":"https:\/\/najnaj.hr\/proizvod\/ergobaby-adapt-soft-flex-mesh-nosiljka-kvarc-roza\/"},"modified":"2026-02-04T10:57:19","modified_gmt":"2026-02-04T09:57:19","slug":"ergobaby-adapt-soft-flex-mesh-nosiljka-kvarc-roza","status":"publish","type":"product","link":"https:\/\/najnaj.eu\/fr\/proizvod\/ergobaby-adapt-soft-flex-mesh-nosiljka-kvarc-roza\/","title":{"rendered":"Ergobaby Adapt SoftFlex Mesh nosiljka,  Kvarc roza"},"content":{"rendered":"<h1><strong><span style=\"color: #9ab9af;\"><span style=\"color: #81a4b9;\">Nosiljka koja spaja jednostavnost i udobnost!<\/span><\/span><\/strong><\/h1>\n<p>Adapt nosiljka savr\u0161eno se prilago\u0111ava vama i va\u0161oj bebi zahvaljuju\u0107i mekoj i udobnoj tkanini u kombinaciji s tri jednostavna na\u010dina pode\u0161avanja nosiljke. Adapt je namijenjen za no\u0161enje djeteta prema sebi, a zahvaljuju\u0107i tome kako se prilago\u0111ava uzrastu, nosiljka \u00ab\u00a0raste\u00a0\u00bb zajedno s va\u0161im mali\u0161anom. <img loading=\"lazy\" decoding=\"async\" class=\"wp-image-110790 alignright\" src=\"https:\/\/najnaj.eu\/wp-content\/uploads\/2023\/08\/EGB-Adapt-Illustrations-04.png\" alt=\"\" width=\"146\" height=\"215\" \/><\/p>\n<p><iframe loading=\"lazy\" title=\"Predstavljamo novi Ergobaby Adapt SoftFlex\u2122 Mesh!\" width=\"980\" height=\"551\" src=\"https:\/\/www.youtube.com\/embed\/pbT_6WsRgJ4?feature=oembed&#038;enablejsapi=1&#038;origin=https:\/\/najnaj.eu\" frameborder=\"0\" allow=\"accelerometer; autoplay; clipboard-write; encrypted-media; gyroscope; picture-in-picture; web-share\" allowfullscreen><\/iframe><\/p>\n<h2><span style=\"color: #81a4b9;\"><strong>No\u0161enje lako kao 1-2-3!<\/strong><\/span><\/h2>\n<p>Uz inovativan dizajn Adapt nosiljke, udobnost nikad nije bila jednostavnija, a ergonomija nikad ve\u0107a. 3 polo\u017eaja no\u0161enja omogu\u0107avaju vam no\u0161enje od ro\u0111enja do vrti\u0107ke dobi va\u0161eg mali\u0161ana (oko 0 \u2013 48 mj.; 3,2 \u2013 20,4 kg).<\/p>\n<p><strong>Tri ergonomska polo\u017eaja za no\u0161enje:<\/strong><\/p>\n<ul>\n<li>na trbuhu prema roditelju<\/li>\n<li>na boku<\/li>\n<li>na le\u0111ima<\/li>\n<\/ul>\n<h2><span style=\"color: #81a4b9;\"><strong>Maksimalna prozra\u010dnost<img loading=\"lazy\" decoding=\"async\" class=\"wp-image-110794 alignright\" src=\"https:\/\/najnaj.eu\/wp-content\/uploads\/2023\/08\/EGB-Adapt-Illustrations-26.png\" alt=\"\" width=\"169\" height=\"177\" \/> <\/strong><\/span><\/h2>\n<p>Izra\u0111ena je od lagane SoftFlex\u2122 mre\u017easte tkanine za maksimalan protok zraka \u0161to ju \u010dini nosiljkom koja \u0107e vama i djetetu osigurati svje\u017einu i suho\u0107u cijeli dan.<\/p>\n<p><strong>Ostale zna\u010dajke:<\/strong><\/p>\n<ul>\n<li>SoftFlex\u2122 mre\u017easta tkanina za maksimalan protok zraka<\/li>\n<li>Naramenice koje se mogu ukri\u017eiti i lumbalna potpora<\/li>\n<li>Ergonomi\u010dnost u svim polo\u017eajima (M-polo\u017eaj)<\/li>\n<li>Jednostavno namje\u0161tanje<\/li>\n<li>Kapulja\u010da za privatnost i za\u0161titu od sunca<\/li>\n<li>Raspon pojasa za struk: 45 cm \u2013 144,8 cm<\/li>\n<li>3,2 \u2013 20,4 kg<\/li>\n<li>Perivo u perilici rublja<\/li>\n<li>Mogu\u0107e dojenje u nosiljci<\/li>\n<\/ul>\n<h2><span style=\"color: #81a4b9;\"><strong>Zdrava za bebine kukove<\/strong><\/span><\/h2>\n<p>Adapt SoftFlex\u2122Mesh je nosiljka koja se bez umetka mo\u017ee koristiti od ro\u0111enja te uvijek osigurava da je dijete u nosiljci postavljeno u prirodnom \u201cM-polo\u017eaju\u201d nogu, s ra\u0161irenim koljenima, s guzom u razini ili ispod razine koljena. Nosiljka podr\u017eava dijete od bedra do bedra, raste s djetetom i prilago\u0111ava se ovisno o veli\u010dini djeteta i polo\u017eaju no\u0161enja.<\/p>\n<p>Adapt SoftFlex\u2122Mesh, kao i sve ostale Ergobaby nosiljke, priznat je kao \u201cproizvod zdrav za dje\u010dje kukove\u201d od strane Me\u0111unaronog instituta za displaziju kukova (International Hip Dysplasia Institute \u2013 IHDI)<\/p>\n<h2><span style=\"color: #81a4b9;\"><strong>Zdrava kralje\u017enica za bebe i roditelje<\/strong><\/span><\/h2>\n<p>Adapt SoftFlex\u2122Mesh nosiljka tako\u0111er je priznata kao \u201cproizvod zdrav za kralje\u017enicu roditelja\u201d od strane organizacije Healthier Back (AGR).<\/p>\n","protected":false},"excerpt":{"rendered":"<h3><span style=\"color: #9ab9af;\"><strong>Ergobaby Adapt SoftFlex\u2122Mesh nosiljka<\/strong><\/span><\/h3>\n<p>Adapt SoftFlex\u2122 Mesh nosiljka savr\u0161eno kombinira udobnost i jednostavnost kori\u0161tenja. Stvorena je za me\u0111usobno povezivanje bebe i roditelja, te se lako prilago\u0111ava bebinom rastu.<\/p>\n<p>Izra\u0111ena je od SoftFlex\u2122 mre\u017easte tkanine za maksimalan protok zraka, stvorena je da pru\u017ea cjelodnevni osje\u0107aj udobnosti i suho\u0107e za Vas i Va\u0161e dijete!<\/p>\n<ul>\n<li>Prilagodljiva po veli\u010dini za djecu od ro\u0111enja do vrti\u0107ke dobi (oko 0 \u2013 48 mj.), bez potrebe za umetkom<\/li>\n<li>Za djecu od 3,2 kg do 20,4 kg<\/li>\n<li>Podstavljena lumbalna potpora za dodatnu udobnost na le\u0111ima<\/li>\n<li>Omogu\u0107ava 3 polo\u017eaja: no\u0161enje na trbuhu prema roditelju, na boku i na le\u0111ima<\/li>\n<li>Maksimalna udobnost za roditelja<\/li>\n<li>Udoban i ergonomski polo\u017eaj za dijete u svim polo\u017eajima no\u0161enja<\/li>\n<li>Kapulja\u010da za za\u0161titu od sunca (UPF 50+) i privatnost<\/li>\n<li>Oeko-Tex STANDARD 100 certficirana tkanina<\/li>\n<li>ErgoPromise \u2013 10godi\u0161nje jamstvo<\/li>\n<\/ul>\n","protected":false},"featured_media":110790,"comment_status":"open","ping_status":"closed","template":"","meta":{"_acf_changed":false,"footnotes":""},"product_brand":[],"product_cat":[734,544,738],"product_tag":[],"class_list":{"0":"post-150063","1":"product","2":"type-product","3":"status-publish","4":"has-post-thumbnail","6":"product_cat-3-polozaja-nosenja","7":"product_cat-nosiljke","8":"product_cat-od-rodenja-do-3-godine","9":"pa_boja-roza","10":"pa_brand-ergobaby","12":"first","13":"outofstock","14":"purchasable","15":"product-type-simple"},"bundled_by":[],"bundle_stock_status":"outofstock","bundle_stock_quantity":0,"bundle_virtual":false,"bundle_layout":"","bundle_add_to_cart_form_location":"","bundle_editable_in_cart":false,"bundle_sold_individually_context":"","bundle_item_grouping":"","bundle_min_size":"","bundle_max_size":"","bundle_price":[],"bundled_items":[],"bundle_sell_ids":[],"acf":[],"yoast_head":"<!-- This site is optimized with the Yoast SEO Premium plugin v21.5 (Yoast SEO v27.4) - https:\/\/yoast.com\/product\/yoast-seo-premium-wordpress\/ -->\n<title>Ergobaby Adapt SoftFlex Mesh nosiljka, Kvarc roza - NajNaj.eu<\/title>\n<meta name=\"robots\" content=\"index, follow, max-snippet:-1, max-image-preview:large, max-video-preview:-1\" \/>\n<link rel=\"canonical\" href=\"https:\/\/najnaj.eu\/fr\/proizvod\/ergobaby-adapt-soft-flex-mesh-nosiljka-kvarc-roza\/\" \/>\n<meta property=\"og:locale\" content=\"fr_FR\" \/>\n<meta property=\"og:type\" content=\"article\" \/>\n<meta property=\"og:title\" content=\"Ergobaby Adapt SoftFlex Mesh nosiljka, Kvarc roza\" \/>\n<meta property=\"og:description\" content=\"Ergobaby Adapt SoftFlex\u2122Mesh nosiljka Adapt SoftFlex\u2122 Mesh nosiljka savr\u0161eno kombinira udobnost i jednostavnost kori\u0161tenja. Stvorena je za me\u0111usobno povezivanje bebe i roditelja, te se lako prilago\u0111ava bebinom rastu.  Izra\u0111ena je od SoftFlex\u2122 mre\u017easte tkanine za maksimalan protok zraka, stvorena je da pru\u017ea cjelodnevni osje\u0107aj udobnosti i suho\u0107e za Vas i Va\u0161e dijete!   Prilagodljiva po veli\u010dini za djecu od ro\u0111enja do vrti\u0107ke dobi (oko 0 \u2013 48 mj.), bez potrebe za umetkom  Za djecu od 3,2 kg do 20,4 kg  Podstavljena lumbalna potpora za dodatnu udobnost na le\u0111ima  Omogu\u0107ava 3 polo\u017eaja: no\u0161enje na trbuhu prema roditelju, na boku i na le\u0111ima  Maksimalna udobnost za roditelja  Udoban i ergonomski polo\u017eaj za dijete u svim polo\u017eajima no\u0161enja  Kapulja\u010da za za\u0161titu od sunca (UPF 50+) i privatnost  Oeko-Tex STANDARD 100 certficirana tkanina  ErgoPromise \u2013 10godi\u0161nje jamstvo\" \/>\n<meta property=\"og:url\" content=\"https:\/\/najnaj.eu\/fr\/proizvod\/ergobaby-adapt-soft-flex-mesh-nosiljka-kvarc-roza\/\" \/>\n<meta property=\"og:site_name\" content=\"NajNaj.eu\" \/>\n<meta property=\"article:publisher\" content=\"https:\/\/web.facebook.com\/najnaj.eu\/\" \/>\n<meta property=\"article:modified_time\" content=\"2026-02-04T09:57:19+00:00\" \/>\n<meta property=\"og:image\" content=\"https:\/\/najnaj.eu\/wp-content\/uploads\/2023\/08\/Adapt_Mesh_BCASFMPNKQTZ_Pink_Quartz_02-3353x3353-4f4ff54.jpg\" \/>\n\t<meta property=\"og:image:width\" content=\"1000\" \/>\n\t<meta property=\"og:image:height\" content=\"1000\" \/>\n\t<meta property=\"og:image:type\" content=\"image\/jpeg\" \/>\n<meta name=\"twitter:card\" content=\"summary_large_image\" \/>\n<meta name=\"twitter:label1\" content=\"Prix\" \/>\n\t<meta name=\"twitter:data1\" content=\"139,90&nbsp;&euro;\" \/>\n\t<meta name=\"twitter:label2\" content=\"Disponibilit\u00e9\" \/>\n\t<meta name=\"twitter:data2\" content=\"Rupture de stock\" \/>\n<script type=\"application\/ld+json\" class=\"yoast-schema-graph\">{\"@context\":\"https:\\\/\\\/schema.org\",\"@graph\":[{\"@type\":\"WebPage\",\"@id\":\"https:\\\/\\\/najnaj.eu\\\/fr\\\/proizvod\\\/ergobaby-adapt-soft-flex-mesh-nosiljka-kvarc-roza\\\/\",\"url\":\"https:\\\/\\\/najnaj.eu\\\/fr\\\/proizvod\\\/ergobaby-adapt-soft-flex-mesh-nosiljka-kvarc-roza\\\/\",\"name\":\"Ergobaby Adapt SoftFlex Mesh nosiljka, Kvarc roza - NajNaj.eu\",\"isPartOf\":{\"@id\":\"https:\\\/\\\/najnaj.eu\\\/fr\\\/#website\"},\"primaryImageOfPage\":{\"@id\":\"https:\\\/\\\/najnaj.eu\\\/fr\\\/proizvod\\\/ergobaby-adapt-soft-flex-mesh-nosiljka-kvarc-roza\\\/#primaryimage\"},\"image\":{\"@id\":\"https:\\\/\\\/najnaj.eu\\\/fr\\\/proizvod\\\/ergobaby-adapt-soft-flex-mesh-nosiljka-kvarc-roza\\\/#primaryimage\"},\"thumbnailUrl\":\"https:\\\/\\\/najnaj.eu\\\/wp-content\\\/uploads\\\/2023\\\/08\\\/Adapt_Mesh_BCASFMPNKQTZ_Pink_Quartz_02-3353x3353-4f4ff54.jpg\",\"datePublished\":\"2023-09-15T06:08:53+00:00\",\"dateModified\":\"2026-02-04T09:57:19+00:00\",\"breadcrumb\":{\"@id\":\"https:\\\/\\\/najnaj.eu\\\/fr\\\/proizvod\\\/ergobaby-adapt-soft-flex-mesh-nosiljka-kvarc-roza\\\/#breadcrumb\"},\"inLanguage\":\"fr-FR\",\"potentialAction\":[{\"@type\":\"ReadAction\",\"target\":[\"https:\\\/\\\/najnaj.eu\\\/fr\\\/proizvod\\\/ergobaby-adapt-soft-flex-mesh-nosiljka-kvarc-roza\\\/\"]}]},{\"@type\":\"ImageObject\",\"inLanguage\":\"fr-FR\",\"@id\":\"https:\\\/\\\/najnaj.eu\\\/fr\\\/proizvod\\\/ergobaby-adapt-soft-flex-mesh-nosiljka-kvarc-roza\\\/#primaryimage\",\"url\":\"https:\\\/\\\/najnaj.eu\\\/wp-content\\\/uploads\\\/2023\\\/08\\\/Adapt_Mesh_BCASFMPNKQTZ_Pink_Quartz_02-3353x3353-4f4ff54.jpg\",\"contentUrl\":\"https:\\\/\\\/najnaj.eu\\\/wp-content\\\/uploads\\\/2023\\\/08\\\/Adapt_Mesh_BCASFMPNKQTZ_Pink_Quartz_02-3353x3353-4f4ff54.jpg\",\"width\":1000,\"height\":1000},{\"@type\":\"BreadcrumbList\",\"@id\":\"https:\\\/\\\/najnaj.eu\\\/fr\\\/proizvod\\\/ergobaby-adapt-soft-flex-mesh-nosiljka-kvarc-roza\\\/#breadcrumb\",\"itemListElement\":[{\"@type\":\"ListItem\",\"position\":1,\"name\":\"Po\u010detna stranica\",\"item\":\"https:\\\/\\\/najnaj.eu\\\/fr\\\/\"},{\"@type\":\"ListItem\",\"position\":2,\"name\":\"Trgovina\",\"item\":\"https:\\\/\\\/najnaj.hr\\\/trgovina\\\/\"},{\"@type\":\"ListItem\",\"position\":3,\"name\":\"Ergobaby Adapt SoftFlex Mesh nosiljka, Kvarc roza\"}]},{\"@type\":\"WebSite\",\"@id\":\"https:\\\/\\\/najnaj.eu\\\/fr\\\/#website\",\"url\":\"https:\\\/\\\/najnaj.eu\\\/fr\\\/\",\"name\":\"NajNaj.eu\",\"description\":\"Za najva\u017enije!\",\"potentialAction\":[{\"@type\":\"SearchAction\",\"target\":{\"@type\":\"EntryPoint\",\"urlTemplate\":\"https:\\\/\\\/najnaj.eu\\\/fr\\\/?s={search_term_string}\"},\"query-input\":{\"@type\":\"PropertyValueSpecification\",\"valueRequired\":true,\"valueName\":\"search_term_string\"}}],\"inLanguage\":\"fr-FR\"}]}<\/script>\n<meta property=\"product:brand\" content=\"Ergobaby\" \/>\n<meta property=\"product:price:amount\" content=\"139.90\" \/>\n<meta property=\"product:price:currency\" content=\"EUR\" \/>\n<meta property=\"og:availability\" content=\"out of stock\" \/>\n<meta property=\"product:availability\" content=\"out of stock\" \/>\n<meta property=\"product:retailer_item_id\" content=\"BCASFMPNKQTZ\" \/>\n<meta property=\"product:condition\" content=\"new\" \/>\n<!-- \/ Yoast SEO Premium plugin. -->","yoast_head_json":{"title":"Ergobaby Adapt SoftFlex Mesh nosiljka, Kvarc roza - NajNaj.eu","robots":{"index":"index","follow":"follow","max-snippet":"max-snippet:-1","max-image-preview":"max-image-preview:large","max-video-preview":"max-video-preview:-1"},"canonical":"https:\/\/najnaj.eu\/fr\/proizvod\/ergobaby-adapt-soft-flex-mesh-nosiljka-kvarc-roza\/","og_locale":"fr_FR","og_type":"article","og_title":"Ergobaby Adapt SoftFlex Mesh nosiljka, Kvarc roza","og_description":"Ergobaby Adapt SoftFlex\u2122Mesh nosiljka Adapt SoftFlex\u2122 Mesh nosiljka savr\u0161eno kombinira udobnost i jednostavnost kori\u0161tenja. Stvorena je za me\u0111usobno povezivanje bebe i roditelja, te se lako prilago\u0111ava bebinom rastu.  Izra\u0111ena je od SoftFlex\u2122 mre\u017easte tkanine za maksimalan protok zraka, stvorena je da pru\u017ea cjelodnevni osje\u0107aj udobnosti i suho\u0107e za Vas i Va\u0161e dijete!   Prilagodljiva po veli\u010dini za djecu od ro\u0111enja do vrti\u0107ke dobi (oko 0 \u2013 48 mj.), bez potrebe za umetkom  Za djecu od 3,2 kg do 20,4 kg  Podstavljena lumbalna potpora za dodatnu udobnost na le\u0111ima  Omogu\u0107ava 3 polo\u017eaja: no\u0161enje na trbuhu prema roditelju, na boku i na le\u0111ima  Maksimalna udobnost za roditelja  Udoban i ergonomski polo\u017eaj za dijete u svim polo\u017eajima no\u0161enja  Kapulja\u010da za za\u0161titu od sunca (UPF 50+) i privatnost  Oeko-Tex STANDARD 100 certficirana tkanina  ErgoPromise \u2013 10godi\u0161nje jamstvo","og_url":"https:\/\/najnaj.eu\/fr\/proizvod\/ergobaby-adapt-soft-flex-mesh-nosiljka-kvarc-roza\/","og_site_name":"NajNaj.eu","article_publisher":"https:\/\/web.facebook.com\/najnaj.eu\/","article_modified_time":"2026-02-04T09:57:19+00:00","og_image":[{"width":1000,"height":1000,"url":"https:\/\/najnaj.eu\/wp-content\/uploads\/2023\/08\/Adapt_Mesh_BCASFMPNKQTZ_Pink_Quartz_02-3353x3353-4f4ff54.jpg","type":"image\/jpeg"}],"twitter_card":"summary_large_image","twitter_misc":{"Prix":"139,90&nbsp;&euro;","Disponibilit\u00e9":"Rupture de stock"},"schema":{"@context":"https:\/\/schema.org","@graph":[{"@type":"WebPage","@id":"https:\/\/najnaj.eu\/fr\/proizvod\/ergobaby-adapt-soft-flex-mesh-nosiljka-kvarc-roza\/","url":"https:\/\/najnaj.eu\/fr\/proizvod\/ergobaby-adapt-soft-flex-mesh-nosiljka-kvarc-roza\/","name":"Ergobaby Adapt SoftFlex Mesh nosiljka, Kvarc roza - NajNaj.eu","isPartOf":{"@id":"https:\/\/najnaj.eu\/fr\/#website"},"primaryImageOfPage":{"@id":"https:\/\/najnaj.eu\/fr\/proizvod\/ergobaby-adapt-soft-flex-mesh-nosiljka-kvarc-roza\/#primaryimage"},"image":{"@id":"https:\/\/najnaj.eu\/fr\/proizvod\/ergobaby-adapt-soft-flex-mesh-nosiljka-kvarc-roza\/#primaryimage"},"thumbnailUrl":"https:\/\/najnaj.eu\/wp-content\/uploads\/2023\/08\/Adapt_Mesh_BCASFMPNKQTZ_Pink_Quartz_02-3353x3353-4f4ff54.jpg","datePublished":"2023-09-15T06:08:53+00:00","dateModified":"2026-02-04T09:57:19+00:00","breadcrumb":{"@id":"https:\/\/najnaj.eu\/fr\/proizvod\/ergobaby-adapt-soft-flex-mesh-nosiljka-kvarc-roza\/#breadcrumb"},"inLanguage":"fr-FR","potentialAction":[{"@type":"ReadAction","target":["https:\/\/najnaj.eu\/fr\/proizvod\/ergobaby-adapt-soft-flex-mesh-nosiljka-kvarc-roza\/"]}]},{"@type":"ImageObject","inLanguage":"fr-FR","@id":"https:\/\/najnaj.eu\/fr\/proizvod\/ergobaby-adapt-soft-flex-mesh-nosiljka-kvarc-roza\/#primaryimage","url":"https:\/\/najnaj.eu\/wp-content\/uploads\/2023\/08\/Adapt_Mesh_BCASFMPNKQTZ_Pink_Quartz_02-3353x3353-4f4ff54.jpg","contentUrl":"https:\/\/najnaj.eu\/wp-content\/uploads\/2023\/08\/Adapt_Mesh_BCASFMPNKQTZ_Pink_Quartz_02-3353x3353-4f4ff54.jpg","width":1000,"height":1000},{"@type":"BreadcrumbList","@id":"https:\/\/najnaj.eu\/fr\/proizvod\/ergobaby-adapt-soft-flex-mesh-nosiljka-kvarc-roza\/#breadcrumb","itemListElement":[{"@type":"ListItem","position":1,"name":"Po\u010detna stranica","item":"https:\/\/najnaj.eu\/fr\/"},{"@type":"ListItem","position":2,"name":"Trgovina","item":"https:\/\/najnaj.hr\/trgovina\/"},{"@type":"ListItem","position":3,"name":"Ergobaby Adapt SoftFlex Mesh nosiljka, Kvarc roza"}]},{"@type":"WebSite","@id":"https:\/\/najnaj.eu\/fr\/#website","url":"https:\/\/najnaj.eu\/fr\/","name":"NajNaj.eu","description":"Za najva\u017enije!","potentialAction":[{"@type":"SearchAction","target":{"@type":"EntryPoint","urlTemplate":"https:\/\/najnaj.eu\/fr\/?s={search_term_string}"},"query-input":{"@type":"PropertyValueSpecification","valueRequired":true,"valueName":"search_term_string"}}],"inLanguage":"fr-FR"}]},"product_brand":"Ergobaby","product_price_amount":"139.90","product_price_currency":"EUR","og_availability":"out of stock","product_availability":"out of stock","product_retailer_item_id":"BCASFMPNKQTZ","product_condition":"new"},"_links":{"self":[{"href":"https:\/\/najnaj.eu\/fr\/wp-json\/wp\/v2\/product\/150063","targetHints":{"allow":["GET"]}}],"collection":[{"href":"https:\/\/najnaj.eu\/fr\/wp-json\/wp\/v2\/product"}],"about":[{"href":"https:\/\/najnaj.eu\/fr\/wp-json\/wp\/v2\/types\/product"}],"replies":[{"embeddable":true,"href":"https:\/\/najnaj.eu\/fr\/wp-json\/wp\/v2\/comments?post=150063"}],"version-history":[{"count":0,"href":"https:\/\/najnaj.eu\/fr\/wp-json\/wp\/v2\/product\/150063\/revisions"}],"wp:featuredmedia":[{"embeddable":true,"href":"https:\/\/najnaj.eu\/fr\/wp-json\/wp\/v2\/media\/110790"}],"wp:attachment":[{"href":"https:\/\/najnaj.eu\/fr\/wp-json\/wp\/v2\/media?parent=150063"}],"wp:term":[{"taxonomy":"product_brand","embeddable":true,"href":"https:\/\/najnaj.eu\/fr\/wp-json\/wp\/v2\/product_brand?post=150063"},{"taxonomy":"product_cat","embeddable":true,"href":"https:\/\/najnaj.eu\/fr\/wp-json\/wp\/v2\/product_cat?post=150063"},{"taxonomy":"product_tag","embeddable":true,"href":"https:\/\/najnaj.eu\/fr\/wp-json\/wp\/v2\/product_tag?post=150063"}],"curies":[{"name":"wp","href":"https:\/\/api.w.org\/{rel}","templated":true}]}}