{"id":150051,"date":"2023-09-21T10:36:48","date_gmt":"2023-09-21T08:36:48","guid":{"rendered":"https:\/\/najnaj.hr\/proizvod\/carriwell-grudnjak-za-trudnice-i-za-dojenje-s-carri-gel-potporom-podstavljeni-bijeli-2\/"},"modified":"2026-04-14T14:05:23","modified_gmt":"2026-04-14T12:05:23","slug":"carriwell-grudnjak-za-trudnice-i-za-dojenje-s-carri-gel-potporom-podstavljeni-bijeli-2","status":"publish","type":"product","link":"https:\/\/najnaj.eu\/fr\/proizvod\/carriwell-grudnjak-za-trudnice-i-za-dojenje-s-carri-gel-potporom-podstavljeni-bijeli-2\/","title":{"rendered":"Carriwell Grudnjak za trudnice i za dojenje s Carri-Gel potporom podstavljeni &#8211; bijeli"},"content":{"rendered":"<p>Predstavljamo Grudnjak za dojilje s Carri-Gel podr\u0161kom i jastu\u010di\u0107ima, revolucionarni grudnjak dizajniran posebno za punije grudi i obline. Ovaj patentirani \u00ab\u00a0be\u0161avni\u00a0\u00bb grudnjak za dojenje kombinira jedinstvenu potporu Carri-Gel\u00ae s laganim uklonjivim oblikovanim jastu\u010di\u0107ima, \u0161to rezultira iznimnom potporom, udobno\u0161\u0107u i prekrasnim oblikom.<\/p>\n<p>Iskusite pove\u0107anu potporu kao nikada prije s podstavljenim grudnjakom za trudnice i dojilje uz Gel-Support. Posebno dizajniran za dojilje s punim grudima, ovaj grudnjak kombinira ekskluzivne tehnologije i promi\u0161ljene elemente dizajna kako bi vam pru\u017eio potporu koju zaslu\u017eujete tijekom svog dojenja.<\/p>\n<p>Va\u0161e zdravlje na\u0161 je prioritet, zbog \u010dega je Carri-Gel\u00ae sustav potpore istaknuta zna\u010dajka ovog grudnjaka. To je jedini grudnjak koji preporu\u010duju primalje i savjetnici za dojenje. Budite uvjereni da birate grudnjak koji ne samo da vas podr\u017eava, ve\u0107 i daje prednost va\u0161oj dobrobiti.<\/p>\n<p>Dizajn ko\u0161arica ovog grudnjaka za dojilje osigurava udoban i prakti\u010dan pristup dojenju. Mo\u017eete izlo\u017eiti onoliko grudi koliko vam odgovara, olak\u0161avaju\u0107i kontakt ko\u017ea na ko\u017eu izme\u0111u vas i va\u0161e bebe. U\u017eivajte u tim dragocjenim trenucima povezivanja s lako\u0107om i samopouzdanjem.<\/p>\n<p>Shva\u0107amo da je svako tijelo jedinstveno, zbog \u010dega je grudnjak za trudnice i dojilje s podstavom od gela dostupan u XXL veli\u010dini. Do\u017eivite XXL podr\u0161ku, XXL udobnost i XXL samopouzdanje s grudnjakom koji je dizajniran da zadovolji va\u0161e specifi\u010dne potrebe. Prigrlite svoje obline i osje\u0107ate se osna\u017eeno dok plovite kroz radosti maj\u010dinstva.<\/p>\n<p>Odaberite grudnjak za trudnice i dojilje s podstavom od gela za neusporedivu podr\u0161ku, udobnost i samopouzdanje. Proslavite svoje prekrasne obline i u\u017eivajte u grudnjaku koji je dizajniran da pobolj\u0161a va\u0161e iskustvo dojenja. Sa svojim iznimnim karakteristikama i mogu\u0107no\u0161\u0107u veli\u010dine XXL, ovaj grudnjak pravi je preokret za dojilje s punijim grudima.<\/p>\n","protected":false},"excerpt":{"rendered":"<ul>\n<li>pouzdan i izdr\u017eljiv Carriwell grudnjak za trudnice i dojilje s punijim grudina<\/li>\n<li>Carri-Gel potpora i podstava grudnjaka pru\u017eaju vam potrebnu podr\u0161ku, a grudnjak ostaje mekan i udoban za no\u0161enje<\/li>\n<li>Carri-Gel\u00ae je najzdravija opcija kada vam je potrebna podr\u0161ka u grudnjaku za dojenje<\/li>\n<li>preporu\u010daju savjetnice za dojenje<\/li>\n<li>dizajn ko\u0161arice koje se cijele otkop\u010davaju od naramenice otkriva va\u0161u dojku koliko \u017eelite i koliko vam je ugodno dok dojite, te pru\u017ea maksimalan kontakt ko\u017ea-na-ko\u017eu izme\u0111u vas i va\u0161e bebe<\/li>\n<\/ul>\n","protected":false},"featured_media":300126,"comment_status":"open","ping_status":"closed","template":"","meta":{"_acf_changed":false,"footnotes":""},"product_brand":[],"product_cat":[546,586,588,562],"product_tag":[2103],"class_list":{"0":"post-150051","1":"product","2":"type-product","3":"status-publish","4":"has-post-thumbnail","6":"product_cat-dojenje","7":"product_cat-grudnjaci-za-dojenje","8":"product_cat-grudnjaci-za-trudnice","9":"product_cat-za-mamu","10":"product_tag-new-mum","11":"pa_boja-bijela","12":"pa_brand-carriwell","14":"first","15":"instock","16":"purchasable","17":"product-type-variable"},"bundled_by":[],"bundle_stock_status":"instock","bundle_stock_quantity":2,"bundle_virtual":false,"bundle_layout":"","bundle_add_to_cart_form_location":"","bundle_editable_in_cart":false,"bundle_sold_individually_context":"","bundle_item_grouping":"","bundle_min_size":"","bundle_max_size":"","bundle_price":[],"bundled_items":[],"bundle_sell_ids":[],"acf":[],"yoast_head":"<!-- This site is optimized with the Yoast SEO Premium plugin v21.5 (Yoast SEO v27.4) - https:\/\/yoast.com\/product\/yoast-seo-premium-wordpress\/ -->\n<title>Carriwell Grudnjak za trudnice i za dojenje s Carri-Gel potporom podstavljeni - bijeli - NajNaj.eu<\/title>\n<meta name=\"robots\" content=\"index, follow, max-snippet:-1, max-image-preview:large, max-video-preview:-1\" \/>\n<link rel=\"canonical\" href=\"https:\/\/najnaj.eu\/fr\/proizvod\/carriwell-grudnjak-za-trudnice-i-za-dojenje-s-carri-gel-potporom-podstavljeni-bijeli-2\/\" \/>\n<meta property=\"og:locale\" content=\"fr_FR\" \/>\n<meta property=\"og:type\" content=\"article\" \/>\n<meta property=\"og:title\" content=\"Carriwell Grudnjak za trudnice i za dojenje s Carri-Gel potporom podstavljeni - bijeli\" \/>\n<meta property=\"og:description\" content=\"pouzdan i izdr\u017eljiv Carriwell grudnjak za trudnice i dojilje s punijim grudina  Carri-Gel potpora i podstava grudnjaka pru\u017eaju vam potrebnu podr\u0161ku, a grudnjak ostaje mekan i udoban za no\u0161enje  Carri-Gel\u00ae je najzdravija opcija kada vam je potrebna podr\u0161ka u grudnjaku za dojenje  preporu\u010daju savjetnice za dojenje  dizajn ko\u0161arice koje se cijele otkop\u010davaju od naramenice otkriva va\u0161u dojku koliko \u017eelite i koliko vam je ugodno dok dojite, te pru\u017ea maksimalan kontakt ko\u017ea-na-ko\u017eu izme\u0111u vas i va\u0161e bebe\" \/>\n<meta property=\"og:url\" content=\"https:\/\/najnaj.eu\/fr\/proizvod\/carriwell-grudnjak-za-trudnice-i-za-dojenje-s-carri-gel-potporom-podstavljeni-bijeli-2\/\" \/>\n<meta property=\"og:site_name\" content=\"NajNaj.eu\" \/>\n<meta property=\"article:publisher\" content=\"https:\/\/web.facebook.com\/najnaj.eu\/\" \/>\n<meta property=\"article:modified_time\" content=\"2026-04-14T12:05:23+00:00\" \/>\n<meta property=\"og:image\" content=\"https:\/\/najnaj.eu\/wp-content\/uploads\/2023\/09\/3400_Gel-Support-Padded-Maternity-Nursing-Bra_White_Web_Front.jpg\" \/>\n\t<meta property=\"og:image:width\" content=\"1000\" \/>\n\t<meta property=\"og:image:height\" content=\"1250\" \/>\n\t<meta property=\"og:image:type\" content=\"image\/jpeg\" \/>\n<meta name=\"twitter:card\" content=\"summary_large_image\" \/>\n<meta name=\"twitter:label1\" content=\"Disponibilit\u00e9\" \/>\n\t<meta name=\"twitter:data1\" content=\"En stock\" \/>\n<script type=\"application\/ld+json\" class=\"yoast-schema-graph\">{\"@context\":\"https:\\\/\\\/schema.org\",\"@graph\":[{\"@type\":\"WebPage\",\"@id\":\"https:\\\/\\\/najnaj.eu\\\/fr\\\/proizvod\\\/carriwell-grudnjak-za-trudnice-i-za-dojenje-s-carri-gel-potporom-podstavljeni-bijeli-2\\\/\",\"url\":\"https:\\\/\\\/najnaj.eu\\\/fr\\\/proizvod\\\/carriwell-grudnjak-za-trudnice-i-za-dojenje-s-carri-gel-potporom-podstavljeni-bijeli-2\\\/\",\"name\":\"Carriwell Grudnjak za trudnice i za dojenje s Carri-Gel potporom podstavljeni - bijeli - NajNaj.eu\",\"isPartOf\":{\"@id\":\"https:\\\/\\\/najnaj.eu\\\/fr\\\/#website\"},\"primaryImageOfPage\":{\"@id\":\"https:\\\/\\\/najnaj.eu\\\/fr\\\/proizvod\\\/carriwell-grudnjak-za-trudnice-i-za-dojenje-s-carri-gel-potporom-podstavljeni-bijeli-2\\\/#primaryimage\"},\"image\":{\"@id\":\"https:\\\/\\\/najnaj.eu\\\/fr\\\/proizvod\\\/carriwell-grudnjak-za-trudnice-i-za-dojenje-s-carri-gel-potporom-podstavljeni-bijeli-2\\\/#primaryimage\"},\"thumbnailUrl\":\"https:\\\/\\\/najnaj.eu\\\/wp-content\\\/uploads\\\/2023\\\/09\\\/3400_Gel-Support-Padded-Maternity-Nursing-Bra_White_Web_Front.jpg\",\"datePublished\":\"2023-09-21T08:36:48+00:00\",\"dateModified\":\"2026-04-14T12:05:23+00:00\",\"breadcrumb\":{\"@id\":\"https:\\\/\\\/najnaj.eu\\\/fr\\\/proizvod\\\/carriwell-grudnjak-za-trudnice-i-za-dojenje-s-carri-gel-potporom-podstavljeni-bijeli-2\\\/#breadcrumb\"},\"inLanguage\":\"fr-FR\",\"potentialAction\":[{\"@type\":\"ReadAction\",\"target\":[\"https:\\\/\\\/najnaj.eu\\\/fr\\\/proizvod\\\/carriwell-grudnjak-za-trudnice-i-za-dojenje-s-carri-gel-potporom-podstavljeni-bijeli-2\\\/\"]}]},{\"@type\":\"ImageObject\",\"inLanguage\":\"fr-FR\",\"@id\":\"https:\\\/\\\/najnaj.eu\\\/fr\\\/proizvod\\\/carriwell-grudnjak-za-trudnice-i-za-dojenje-s-carri-gel-potporom-podstavljeni-bijeli-2\\\/#primaryimage\",\"url\":\"https:\\\/\\\/najnaj.eu\\\/wp-content\\\/uploads\\\/2023\\\/09\\\/3400_Gel-Support-Padded-Maternity-Nursing-Bra_White_Web_Front.jpg\",\"contentUrl\":\"https:\\\/\\\/najnaj.eu\\\/wp-content\\\/uploads\\\/2023\\\/09\\\/3400_Gel-Support-Padded-Maternity-Nursing-Bra_White_Web_Front.jpg\",\"width\":1000,\"height\":1250},{\"@type\":\"BreadcrumbList\",\"@id\":\"https:\\\/\\\/najnaj.eu\\\/fr\\\/proizvod\\\/carriwell-grudnjak-za-trudnice-i-za-dojenje-s-carri-gel-potporom-podstavljeni-bijeli-2\\\/#breadcrumb\",\"itemListElement\":[{\"@type\":\"ListItem\",\"position\":1,\"name\":\"Po\u010detna stranica\",\"item\":\"https:\\\/\\\/najnaj.eu\\\/fr\\\/\"},{\"@type\":\"ListItem\",\"position\":2,\"name\":\"Trgovina\",\"item\":\"https:\\\/\\\/najnaj.hr\\\/trgovina\\\/\"},{\"@type\":\"ListItem\",\"position\":3,\"name\":\"Carriwell Grudnjak za trudnice i za dojenje s Carri-Gel potporom podstavljeni &#8211; bijeli\"}]},{\"@type\":\"WebSite\",\"@id\":\"https:\\\/\\\/najnaj.eu\\\/fr\\\/#website\",\"url\":\"https:\\\/\\\/najnaj.eu\\\/fr\\\/\",\"name\":\"NajNaj.eu\",\"description\":\"Za najva\u017enije!\",\"potentialAction\":[{\"@type\":\"SearchAction\",\"target\":{\"@type\":\"EntryPoint\",\"urlTemplate\":\"https:\\\/\\\/najnaj.eu\\\/fr\\\/?s={search_term_string}\"},\"query-input\":{\"@type\":\"PropertyValueSpecification\",\"valueRequired\":true,\"valueName\":\"search_term_string\"}}],\"inLanguage\":\"fr-FR\"}]}<\/script>\n<meta property=\"product:brand\" content=\"Carriwell\" \/>\n<meta property=\"og:availability\" content=\"instock\" \/>\n<meta property=\"product:availability\" content=\"instock\" \/>\n<meta property=\"product:retailer_item_id\" content=\"CW3400N\" \/>\n<meta property=\"product:condition\" content=\"new\" \/>\n<!-- \/ Yoast SEO Premium plugin. -->","yoast_head_json":{"title":"Carriwell Grudnjak za trudnice i za dojenje s Carri-Gel potporom podstavljeni - bijeli - NajNaj.eu","robots":{"index":"index","follow":"follow","max-snippet":"max-snippet:-1","max-image-preview":"max-image-preview:large","max-video-preview":"max-video-preview:-1"},"canonical":"https:\/\/najnaj.eu\/fr\/proizvod\/carriwell-grudnjak-za-trudnice-i-za-dojenje-s-carri-gel-potporom-podstavljeni-bijeli-2\/","og_locale":"fr_FR","og_type":"article","og_title":"Carriwell Grudnjak za trudnice i za dojenje s Carri-Gel potporom podstavljeni - bijeli","og_description":"pouzdan i izdr\u017eljiv Carriwell grudnjak za trudnice i dojilje s punijim grudina  Carri-Gel potpora i podstava grudnjaka pru\u017eaju vam potrebnu podr\u0161ku, a grudnjak ostaje mekan i udoban za no\u0161enje  Carri-Gel\u00ae je najzdravija opcija kada vam je potrebna podr\u0161ka u grudnjaku za dojenje  preporu\u010daju savjetnice za dojenje  dizajn ko\u0161arice koje se cijele otkop\u010davaju od naramenice otkriva va\u0161u dojku koliko \u017eelite i koliko vam je ugodno dok dojite, te pru\u017ea maksimalan kontakt ko\u017ea-na-ko\u017eu izme\u0111u vas i va\u0161e bebe","og_url":"https:\/\/najnaj.eu\/fr\/proizvod\/carriwell-grudnjak-za-trudnice-i-za-dojenje-s-carri-gel-potporom-podstavljeni-bijeli-2\/","og_site_name":"NajNaj.eu","article_publisher":"https:\/\/web.facebook.com\/najnaj.eu\/","article_modified_time":"2026-04-14T12:05:23+00:00","og_image":[{"width":1000,"height":1250,"url":"https:\/\/najnaj.eu\/wp-content\/uploads\/2023\/09\/3400_Gel-Support-Padded-Maternity-Nursing-Bra_White_Web_Front.jpg","type":"image\/jpeg"}],"twitter_card":"summary_large_image","twitter_misc":{"Disponibilit\u00e9":"En stock"},"schema":{"@context":"https:\/\/schema.org","@graph":[{"@type":"WebPage","@id":"https:\/\/najnaj.eu\/fr\/proizvod\/carriwell-grudnjak-za-trudnice-i-za-dojenje-s-carri-gel-potporom-podstavljeni-bijeli-2\/","url":"https:\/\/najnaj.eu\/fr\/proizvod\/carriwell-grudnjak-za-trudnice-i-za-dojenje-s-carri-gel-potporom-podstavljeni-bijeli-2\/","name":"Carriwell Grudnjak za trudnice i za dojenje s Carri-Gel potporom podstavljeni - bijeli - NajNaj.eu","isPartOf":{"@id":"https:\/\/najnaj.eu\/fr\/#website"},"primaryImageOfPage":{"@id":"https:\/\/najnaj.eu\/fr\/proizvod\/carriwell-grudnjak-za-trudnice-i-za-dojenje-s-carri-gel-potporom-podstavljeni-bijeli-2\/#primaryimage"},"image":{"@id":"https:\/\/najnaj.eu\/fr\/proizvod\/carriwell-grudnjak-za-trudnice-i-za-dojenje-s-carri-gel-potporom-podstavljeni-bijeli-2\/#primaryimage"},"thumbnailUrl":"https:\/\/najnaj.eu\/wp-content\/uploads\/2023\/09\/3400_Gel-Support-Padded-Maternity-Nursing-Bra_White_Web_Front.jpg","datePublished":"2023-09-21T08:36:48+00:00","dateModified":"2026-04-14T12:05:23+00:00","breadcrumb":{"@id":"https:\/\/najnaj.eu\/fr\/proizvod\/carriwell-grudnjak-za-trudnice-i-za-dojenje-s-carri-gel-potporom-podstavljeni-bijeli-2\/#breadcrumb"},"inLanguage":"fr-FR","potentialAction":[{"@type":"ReadAction","target":["https:\/\/najnaj.eu\/fr\/proizvod\/carriwell-grudnjak-za-trudnice-i-za-dojenje-s-carri-gel-potporom-podstavljeni-bijeli-2\/"]}]},{"@type":"ImageObject","inLanguage":"fr-FR","@id":"https:\/\/najnaj.eu\/fr\/proizvod\/carriwell-grudnjak-za-trudnice-i-za-dojenje-s-carri-gel-potporom-podstavljeni-bijeli-2\/#primaryimage","url":"https:\/\/najnaj.eu\/wp-content\/uploads\/2023\/09\/3400_Gel-Support-Padded-Maternity-Nursing-Bra_White_Web_Front.jpg","contentUrl":"https:\/\/najnaj.eu\/wp-content\/uploads\/2023\/09\/3400_Gel-Support-Padded-Maternity-Nursing-Bra_White_Web_Front.jpg","width":1000,"height":1250},{"@type":"BreadcrumbList","@id":"https:\/\/najnaj.eu\/fr\/proizvod\/carriwell-grudnjak-za-trudnice-i-za-dojenje-s-carri-gel-potporom-podstavljeni-bijeli-2\/#breadcrumb","itemListElement":[{"@type":"ListItem","position":1,"name":"Po\u010detna stranica","item":"https:\/\/najnaj.eu\/fr\/"},{"@type":"ListItem","position":2,"name":"Trgovina","item":"https:\/\/najnaj.hr\/trgovina\/"},{"@type":"ListItem","position":3,"name":"Carriwell Grudnjak za trudnice i za dojenje s Carri-Gel potporom podstavljeni &#8211; bijeli"}]},{"@type":"WebSite","@id":"https:\/\/najnaj.eu\/fr\/#website","url":"https:\/\/najnaj.eu\/fr\/","name":"NajNaj.eu","description":"Za najva\u017enije!","potentialAction":[{"@type":"SearchAction","target":{"@type":"EntryPoint","urlTemplate":"https:\/\/najnaj.eu\/fr\/?s={search_term_string}"},"query-input":{"@type":"PropertyValueSpecification","valueRequired":true,"valueName":"search_term_string"}}],"inLanguage":"fr-FR"}]},"product_brand":"Carriwell","og_availability":"instock","product_availability":"instock","product_retailer_item_id":"CW3400N","product_condition":"new"},"_links":{"self":[{"href":"https:\/\/najnaj.eu\/fr\/wp-json\/wp\/v2\/product\/150051","targetHints":{"allow":["GET"]}}],"collection":[{"href":"https:\/\/najnaj.eu\/fr\/wp-json\/wp\/v2\/product"}],"about":[{"href":"https:\/\/najnaj.eu\/fr\/wp-json\/wp\/v2\/types\/product"}],"replies":[{"embeddable":true,"href":"https:\/\/najnaj.eu\/fr\/wp-json\/wp\/v2\/comments?post=150051"}],"version-history":[{"count":0,"href":"https:\/\/najnaj.eu\/fr\/wp-json\/wp\/v2\/product\/150051\/revisions"}],"wp:featuredmedia":[{"embeddable":true,"href":"https:\/\/najnaj.eu\/fr\/wp-json\/wp\/v2\/media\/300126"}],"wp:attachment":[{"href":"https:\/\/najnaj.eu\/fr\/wp-json\/wp\/v2\/media?parent=150051"}],"wp:term":[{"taxonomy":"product_brand","embeddable":true,"href":"https:\/\/najnaj.eu\/fr\/wp-json\/wp\/v2\/product_brand?post=150051"},{"taxonomy":"product_cat","embeddable":true,"href":"https:\/\/najnaj.eu\/fr\/wp-json\/wp\/v2\/product_cat?post=150051"},{"taxonomy":"product_tag","embeddable":true,"href":"https:\/\/najnaj.eu\/fr\/wp-json\/wp\/v2\/product_tag?post=150051"}],"curies":[{"name":"wp","href":"https:\/\/api.w.org\/{rel}","templated":true}]}}