{"id":150006,"date":"2021-11-25T10:42:11","date_gmt":"2021-11-25T09:42:11","guid":{"rendered":"https:\/\/najnaj.hr\/proizvod\/besafe-izi-transfer-svijetlo-plavi\/"},"modified":"2026-02-04T11:33:34","modified_gmt":"2026-02-04T10:33:34","slug":"besafe-izi-transfer-svijetlo-plavi","status":"publish","type":"product","link":"https:\/\/najnaj.eu\/fr\/proizvod\/besafe-izi-transfer-svijetlo-plavi\/","title":{"rendered":"BeSafe iZi Transfer, svijetlo plavi"},"content":{"rendered":"<p><strong><b>Izvrsno podr\u017eani od A do B<\/b><\/strong><\/p>\n<ul>\n<li>Razvijeno u uskoj suradnji s fizioterapeutima<\/li>\n<li>Omogu\u0107uje prijenos u bilo kojoj svakodnevnoj situaciji, unutar i izvan automobila<\/li>\n<li>Dizajniran da prilagodi i podr\u017ei prirodni oblik bebe<\/li>\n<li>Omogu\u0107uje glatko preno\u0161enje bebe bez promjene polo\u017eaja spavanja<\/li>\n<li>Dodatno pojastu\u010denje u podru\u010dju glave za dodatnu udobnost i podr\u0161ku<\/li>\n<li>Prilikom no\u0161enja nje\u017eno i \u010dvrsto omata dijete \u0161to poma\u017ee smirivanju djeteta<\/li>\n<\/ul>\n<p>&nbsp;<\/p>\n<p><strong><b>Temeljito testirano na sigurnost<\/b><\/strong><\/p>\n<ul>\n<li>Opse\u017eno ispitivanje trajnosti kako bi se osigurala izdr\u017eljivost materijala<\/li>\n<li>Sigurnosni pojas testiran i odobren na testu pada<\/li>\n<li>Procjena sigurnosti s T\u00dcV-om<\/li>\n<li>Testiran u sudaru na udarnim brzinama od 64 km\/h<\/li>\n<li>\u010cvrst i vrlo tanak dizajn ne ometa pojaseve autosjedalica<\/li>\n<\/ul>\n<p><strong><b>\u00a0<\/b><\/strong><\/p>\n<p><strong><b>Ugodan i udoban za dijete i roditelje<\/b><\/strong><\/p>\n<ul>\n<li>Posebna kombinacija materijala TENCEL\u2122, mre\u017ee, lana i pamuka<\/li>\n<li>Provjeravanje prozra\u010dnosti prema standardima za madrace<\/li>\n<li>Izuzetno lagan i jednostavan za no\u0161enje<\/li>\n<li>Mekan i fleksibilan dizajn dr\u0161ke za udobnost u no\u0161enju<\/li>\n<\/ul>\n<p>&nbsp;<\/p>\n<p><strong><b>Tehni\u010dke informacije<\/b><\/strong><\/p>\n<p>Visina: cca. 56-68 cm<\/p>\n<p>Maks. te\u017eina: 9 kg<\/p>\n<p>Starost: cca. 1 &#8211; 6 mjeseci<\/p>\n<p>Odobreno: Procjena sigurnosti s T\u00dcV-om (globalni lider u nezavisnim inspekcijskim slu\u017ebama)<\/p>\n<p>&nbsp;<\/p>\n<p>Testiran u sudaru: Da<\/p>\n<p>Kompatibilnost: Autosjedalice koje se koriste od ro\u0111enja<\/p>\n<p>&nbsp;<\/p>\n<p>Pranje: Primjereno za strojno pranje<\/p>\n<p>Vanjski materijali: 47% pamuk, 45% TENCEL\u2122, 7% lan, 1% spandex<\/p>\n<p>Unutarnji materijal: 100% pamu\u010dna mre\u017ea<\/p>\n<p>Pjena: 100% poliester<\/p>\n<p>&nbsp;<\/p>\n<p>Sve tkanine slijede stroge REACH standarde<\/p>\n","protected":false},"excerpt":{"rendered":"<p><strong>Od automobila do ku\u0107e bez bu\u0111enja<\/strong><\/p>\n<ul>\n<li>Visina djeteta: cca. 56 \u2013 68 cm<\/li>\n<li>te\u017eina: 9 kg<\/li>\n<li>Starost: cca. 1 \u2013 6 mjeseci<\/li>\n<li>Omogu\u0107uje glatko preno\u0161enje bebe bez promjene polo\u017eaja spavanja<\/li>\n<li>Razvijeno u uskoj suradnji s fizioterapeutima<\/li>\n<li>Testiran u sudaru na udarnim brzinama od 64 km\/h<\/li>\n<li>Procjena sigurnosti s T\u00dcV-om<\/li>\n<li>Posebna kombinacija materijala TENCEL\u2122, mre\u017ea, lan i pamuk<\/li>\n<\/ul>\n<p>BeSafe iZi Transfer: Ovaj proizvod za prijenos djece omogu\u0107uje vam da nje\u017eno prenesete bebu iz kolica do automobila do ku\u0107e bez bu\u0111enja. Dizajniran je tako da se prilago\u0111ava prirodnom obliku djeteta i podr\u017eava ga, te omogu\u0107uje prijenos bebe bez promjene polo\u017eaja spavanja.<\/p>\n<p>*Napominjemo da je navedeni dobni raspon samo smjernica koja se temelji na prosje\u010dnim vrijednostima i ne ograni\u010dava niti jam\u010di vrijeme kori\u0161tenja<\/p>\n","protected":false},"featured_media":107547,"comment_status":"open","ping_status":"open","template":"","meta":{"_acf_changed":false,"footnotes":""},"product_brand":[],"product_cat":[318],"product_tag":[],"class_list":{"0":"post-150006","1":"product","2":"type-product","3":"status-publish","4":"has-post-thumbnail","6":"product_cat-proizvodi","8":"first","9":"outofstock","10":"purchasable","11":"product-type-simple"},"bundled_by":[],"bundle_stock_status":"outofstock","bundle_stock_quantity":0,"bundle_virtual":false,"bundle_layout":"","bundle_add_to_cart_form_location":"","bundle_editable_in_cart":false,"bundle_sold_individually_context":"","bundle_item_grouping":"","bundle_min_size":"","bundle_max_size":"","bundle_price":[],"bundled_items":[],"bundle_sell_ids":[],"acf":[],"yoast_head":"<!-- This site is optimized with the Yoast SEO Premium plugin v21.5 (Yoast SEO v27.4) - https:\/\/yoast.com\/product\/yoast-seo-premium-wordpress\/ -->\n<title>BeSafe iZi Transfer, svijetlo plavi - NajNaj.eu<\/title>\n<meta name=\"robots\" content=\"index, follow, max-snippet:-1, max-image-preview:large, max-video-preview:-1\" \/>\n<link rel=\"canonical\" href=\"https:\/\/najnaj.eu\/fr\/proizvod\/besafe-izi-transfer-svijetlo-plavi\/\" \/>\n<meta property=\"og:locale\" content=\"fr_FR\" \/>\n<meta property=\"og:type\" content=\"article\" \/>\n<meta property=\"og:title\" content=\"BeSafe iZi Transfer, svijetlo plavi\" \/>\n<meta property=\"og:description\" content=\"Od automobila do ku\u0107e bez bu\u0111enja  Visina djeteta: cca. 56 \u2013 68 cm  te\u017eina: 9 kg  Starost: cca. 1 \u2013 6 mjeseci  Omogu\u0107uje glatko preno\u0161enje bebe bez promjene polo\u017eaja spavanja  Razvijeno u uskoj suradnji s fizioterapeutima  Testiran u sudaru na udarnim brzinama od 64 km\/h  Procjena sigurnosti s T\u00dcV-om  Posebna kombinacija materijala TENCEL\u2122, mre\u017ea, lan i pamuk BeSafe iZi Transfer: Ovaj proizvod za prijenos djece omogu\u0107uje vam da nje\u017eno prenesete bebu iz kolica do automobila do ku\u0107e bez bu\u0111enja. Dizajniran je tako da se prilago\u0111ava prirodnom obliku djeteta i podr\u017eava ga, te omogu\u0107uje prijenos bebe bez promjene polo\u017eaja spavanja. *Napominjemo da je navedeni dobni raspon samo smjernica koja se temelji na prosje\u010dnim vrijednostima i ne ograni\u010dava niti jam\u010di vrijeme kori\u0161tenja\" \/>\n<meta property=\"og:url\" content=\"https:\/\/najnaj.eu\/fr\/proizvod\/besafe-izi-transfer-svijetlo-plavi\/\" \/>\n<meta property=\"og:site_name\" content=\"NajNaj.eu\" \/>\n<meta property=\"article:publisher\" content=\"https:\/\/web.facebook.com\/najnaj.eu\/\" \/>\n<meta property=\"article:modified_time\" content=\"2026-02-04T10:33:34+00:00\" \/>\n<meta property=\"og:image\" content=\"https:\/\/najnaj.eu\/wp-content\/uploads\/2023\/08\/11008860_BeSafe_iZi-Transfer_Light-Blue_Front.jpg\" \/>\n\t<meta property=\"og:image:width\" content=\"1280\" \/>\n\t<meta property=\"og:image:height\" content=\"1280\" \/>\n\t<meta property=\"og:image:type\" content=\"image\/jpeg\" \/>\n<meta name=\"twitter:card\" content=\"summary_large_image\" \/>\n<meta name=\"twitter:label1\" content=\"Prix\" \/>\n\t<meta name=\"twitter:data1\" content=\"39,99&nbsp;&euro;\" \/>\n\t<meta name=\"twitter:label2\" content=\"Disponibilit\u00e9\" \/>\n\t<meta name=\"twitter:data2\" content=\"Rupture de stock\" \/>\n<script type=\"application\/ld+json\" class=\"yoast-schema-graph\">{\"@context\":\"https:\\\/\\\/schema.org\",\"@graph\":[{\"@type\":\"WebPage\",\"@id\":\"https:\\\/\\\/najnaj.eu\\\/fr\\\/proizvod\\\/besafe-izi-transfer-svijetlo-plavi\\\/\",\"url\":\"https:\\\/\\\/najnaj.eu\\\/fr\\\/proizvod\\\/besafe-izi-transfer-svijetlo-plavi\\\/\",\"name\":\"BeSafe iZi Transfer, svijetlo plavi - NajNaj.eu\",\"isPartOf\":{\"@id\":\"https:\\\/\\\/najnaj.eu\\\/fr\\\/#website\"},\"primaryImageOfPage\":{\"@id\":\"https:\\\/\\\/najnaj.eu\\\/fr\\\/proizvod\\\/besafe-izi-transfer-svijetlo-plavi\\\/#primaryimage\"},\"image\":{\"@id\":\"https:\\\/\\\/najnaj.eu\\\/fr\\\/proizvod\\\/besafe-izi-transfer-svijetlo-plavi\\\/#primaryimage\"},\"thumbnailUrl\":\"https:\\\/\\\/najnaj.eu\\\/wp-content\\\/uploads\\\/2023\\\/08\\\/11008860_BeSafe_iZi-Transfer_Light-Blue_Front.jpg\",\"datePublished\":\"2021-11-25T09:42:11+00:00\",\"dateModified\":\"2026-02-04T10:33:34+00:00\",\"breadcrumb\":{\"@id\":\"https:\\\/\\\/najnaj.eu\\\/fr\\\/proizvod\\\/besafe-izi-transfer-svijetlo-plavi\\\/#breadcrumb\"},\"inLanguage\":\"fr-FR\",\"potentialAction\":[{\"@type\":\"ReadAction\",\"target\":[\"https:\\\/\\\/najnaj.eu\\\/fr\\\/proizvod\\\/besafe-izi-transfer-svijetlo-plavi\\\/\"]}]},{\"@type\":\"ImageObject\",\"inLanguage\":\"fr-FR\",\"@id\":\"https:\\\/\\\/najnaj.eu\\\/fr\\\/proizvod\\\/besafe-izi-transfer-svijetlo-plavi\\\/#primaryimage\",\"url\":\"https:\\\/\\\/najnaj.eu\\\/wp-content\\\/uploads\\\/2023\\\/08\\\/11008860_BeSafe_iZi-Transfer_Light-Blue_Front.jpg\",\"contentUrl\":\"https:\\\/\\\/najnaj.eu\\\/wp-content\\\/uploads\\\/2023\\\/08\\\/11008860_BeSafe_iZi-Transfer_Light-Blue_Front.jpg\",\"width\":1280,\"height\":1280},{\"@type\":\"BreadcrumbList\",\"@id\":\"https:\\\/\\\/najnaj.eu\\\/fr\\\/proizvod\\\/besafe-izi-transfer-svijetlo-plavi\\\/#breadcrumb\",\"itemListElement\":[{\"@type\":\"ListItem\",\"position\":1,\"name\":\"Po\u010detna stranica\",\"item\":\"https:\\\/\\\/najnaj.eu\\\/fr\\\/\"},{\"@type\":\"ListItem\",\"position\":2,\"name\":\"Trgovina\",\"item\":\"https:\\\/\\\/najnaj.hr\\\/trgovina\\\/\"},{\"@type\":\"ListItem\",\"position\":3,\"name\":\"BeSafe iZi Transfer, svijetlo plavi\"}]},{\"@type\":\"WebSite\",\"@id\":\"https:\\\/\\\/najnaj.eu\\\/fr\\\/#website\",\"url\":\"https:\\\/\\\/najnaj.eu\\\/fr\\\/\",\"name\":\"NajNaj.eu\",\"description\":\"Za najva\u017enije!\",\"potentialAction\":[{\"@type\":\"SearchAction\",\"target\":{\"@type\":\"EntryPoint\",\"urlTemplate\":\"https:\\\/\\\/najnaj.eu\\\/fr\\\/?s={search_term_string}\"},\"query-input\":{\"@type\":\"PropertyValueSpecification\",\"valueRequired\":true,\"valueName\":\"search_term_string\"}}],\"inLanguage\":\"fr-FR\"}]}<\/script>\n<meta property=\"product:price:amount\" content=\"39.99\" \/>\n<meta property=\"product:price:currency\" content=\"EUR\" \/>\n<meta property=\"og:availability\" content=\"out of stock\" \/>\n<meta property=\"product:availability\" content=\"out of stock\" \/>\n<meta property=\"product:retailer_item_id\" content=\"11008860-LightBlue\" \/>\n<meta property=\"product:condition\" content=\"new\" \/>\n<!-- \/ Yoast SEO Premium plugin. -->","yoast_head_json":{"title":"BeSafe iZi Transfer, svijetlo plavi - NajNaj.eu","robots":{"index":"index","follow":"follow","max-snippet":"max-snippet:-1","max-image-preview":"max-image-preview:large","max-video-preview":"max-video-preview:-1"},"canonical":"https:\/\/najnaj.eu\/fr\/proizvod\/besafe-izi-transfer-svijetlo-plavi\/","og_locale":"fr_FR","og_type":"article","og_title":"BeSafe iZi Transfer, svijetlo plavi","og_description":"Od automobila do ku\u0107e bez bu\u0111enja  Visina djeteta: cca. 56 \u2013 68 cm  te\u017eina: 9 kg  Starost: cca. 1 \u2013 6 mjeseci  Omogu\u0107uje glatko preno\u0161enje bebe bez promjene polo\u017eaja spavanja  Razvijeno u uskoj suradnji s fizioterapeutima  Testiran u sudaru na udarnim brzinama od 64 km\/h  Procjena sigurnosti s T\u00dcV-om  Posebna kombinacija materijala TENCEL\u2122, mre\u017ea, lan i pamuk BeSafe iZi Transfer: Ovaj proizvod za prijenos djece omogu\u0107uje vam da nje\u017eno prenesete bebu iz kolica do automobila do ku\u0107e bez bu\u0111enja. Dizajniran je tako da se prilago\u0111ava prirodnom obliku djeteta i podr\u017eava ga, te omogu\u0107uje prijenos bebe bez promjene polo\u017eaja spavanja. *Napominjemo da je navedeni dobni raspon samo smjernica koja se temelji na prosje\u010dnim vrijednostima i ne ograni\u010dava niti jam\u010di vrijeme kori\u0161tenja","og_url":"https:\/\/najnaj.eu\/fr\/proizvod\/besafe-izi-transfer-svijetlo-plavi\/","og_site_name":"NajNaj.eu","article_publisher":"https:\/\/web.facebook.com\/najnaj.eu\/","article_modified_time":"2026-02-04T10:33:34+00:00","og_image":[{"width":1280,"height":1280,"url":"https:\/\/najnaj.eu\/wp-content\/uploads\/2023\/08\/11008860_BeSafe_iZi-Transfer_Light-Blue_Front.jpg","type":"image\/jpeg"}],"twitter_card":"summary_large_image","twitter_misc":{"Prix":"39,99&nbsp;&euro;","Disponibilit\u00e9":"Rupture de stock"},"schema":{"@context":"https:\/\/schema.org","@graph":[{"@type":"WebPage","@id":"https:\/\/najnaj.eu\/fr\/proizvod\/besafe-izi-transfer-svijetlo-plavi\/","url":"https:\/\/najnaj.eu\/fr\/proizvod\/besafe-izi-transfer-svijetlo-plavi\/","name":"BeSafe iZi Transfer, svijetlo plavi - NajNaj.eu","isPartOf":{"@id":"https:\/\/najnaj.eu\/fr\/#website"},"primaryImageOfPage":{"@id":"https:\/\/najnaj.eu\/fr\/proizvod\/besafe-izi-transfer-svijetlo-plavi\/#primaryimage"},"image":{"@id":"https:\/\/najnaj.eu\/fr\/proizvod\/besafe-izi-transfer-svijetlo-plavi\/#primaryimage"},"thumbnailUrl":"https:\/\/najnaj.eu\/wp-content\/uploads\/2023\/08\/11008860_BeSafe_iZi-Transfer_Light-Blue_Front.jpg","datePublished":"2021-11-25T09:42:11+00:00","dateModified":"2026-02-04T10:33:34+00:00","breadcrumb":{"@id":"https:\/\/najnaj.eu\/fr\/proizvod\/besafe-izi-transfer-svijetlo-plavi\/#breadcrumb"},"inLanguage":"fr-FR","potentialAction":[{"@type":"ReadAction","target":["https:\/\/najnaj.eu\/fr\/proizvod\/besafe-izi-transfer-svijetlo-plavi\/"]}]},{"@type":"ImageObject","inLanguage":"fr-FR","@id":"https:\/\/najnaj.eu\/fr\/proizvod\/besafe-izi-transfer-svijetlo-plavi\/#primaryimage","url":"https:\/\/najnaj.eu\/wp-content\/uploads\/2023\/08\/11008860_BeSafe_iZi-Transfer_Light-Blue_Front.jpg","contentUrl":"https:\/\/najnaj.eu\/wp-content\/uploads\/2023\/08\/11008860_BeSafe_iZi-Transfer_Light-Blue_Front.jpg","width":1280,"height":1280},{"@type":"BreadcrumbList","@id":"https:\/\/najnaj.eu\/fr\/proizvod\/besafe-izi-transfer-svijetlo-plavi\/#breadcrumb","itemListElement":[{"@type":"ListItem","position":1,"name":"Po\u010detna stranica","item":"https:\/\/najnaj.eu\/fr\/"},{"@type":"ListItem","position":2,"name":"Trgovina","item":"https:\/\/najnaj.hr\/trgovina\/"},{"@type":"ListItem","position":3,"name":"BeSafe iZi Transfer, svijetlo plavi"}]},{"@type":"WebSite","@id":"https:\/\/najnaj.eu\/fr\/#website","url":"https:\/\/najnaj.eu\/fr\/","name":"NajNaj.eu","description":"Za najva\u017enije!","potentialAction":[{"@type":"SearchAction","target":{"@type":"EntryPoint","urlTemplate":"https:\/\/najnaj.eu\/fr\/?s={search_term_string}"},"query-input":{"@type":"PropertyValueSpecification","valueRequired":true,"valueName":"search_term_string"}}],"inLanguage":"fr-FR"}]},"product_price_amount":"39.99","product_price_currency":"EUR","og_availability":"out of stock","product_availability":"out of stock","product_retailer_item_id":"11008860-LightBlue","product_condition":"new"},"_links":{"self":[{"href":"https:\/\/najnaj.eu\/fr\/wp-json\/wp\/v2\/product\/150006","targetHints":{"allow":["GET"]}}],"collection":[{"href":"https:\/\/najnaj.eu\/fr\/wp-json\/wp\/v2\/product"}],"about":[{"href":"https:\/\/najnaj.eu\/fr\/wp-json\/wp\/v2\/types\/product"}],"replies":[{"embeddable":true,"href":"https:\/\/najnaj.eu\/fr\/wp-json\/wp\/v2\/comments?post=150006"}],"version-history":[{"count":0,"href":"https:\/\/najnaj.eu\/fr\/wp-json\/wp\/v2\/product\/150006\/revisions"}],"wp:featuredmedia":[{"embeddable":true,"href":"https:\/\/najnaj.eu\/fr\/wp-json\/wp\/v2\/media\/107547"}],"wp:attachment":[{"href":"https:\/\/najnaj.eu\/fr\/wp-json\/wp\/v2\/media?parent=150006"}],"wp:term":[{"taxonomy":"product_brand","embeddable":true,"href":"https:\/\/najnaj.eu\/fr\/wp-json\/wp\/v2\/product_brand?post=150006"},{"taxonomy":"product_cat","embeddable":true,"href":"https:\/\/najnaj.eu\/fr\/wp-json\/wp\/v2\/product_cat?post=150006"},{"taxonomy":"product_tag","embeddable":true,"href":"https:\/\/najnaj.eu\/fr\/wp-json\/wp\/v2\/product_tag?post=150006"}],"curies":[{"name":"wp","href":"https:\/\/api.w.org\/{rel}","templated":true}]}}