{"id":149933,"date":"2025-01-06T10:04:48","date_gmt":"2025-01-06T09:04:48","guid":{"rendered":"https:\/\/najnaj.hr\/proizvod\/izi-turn-b-i-size-metallic-siva\/"},"modified":"2026-04-15T02:13:52","modified_gmt":"2026-04-15T00:13:52","slug":"izi-turn-b-i-size-metallic-siva","status":"publish","type":"product","link":"https:\/\/najnaj.eu\/fr\/proizvod\/izi-turn-b-i-size-metallic-siva\/","title":{"rendered":"BeSafe iZi Turn B i-Size, Metallic siva"},"content":{"rendered":"<p>Ova rotacijska autosjedalica ujedinjuje autosjedalicu za novoro\u0111en\u010de i autosjedalicu za malu djecu uz pomo\u0107 jedinstvenih umetaka BeSafe Baby Shell\u2122 i Newborn Hugger\u2122. Kako bi se onemogu\u0107ila pogre\u0161na upotreba rotacijskog mehanizma, sjedalica ima sustav Baby-Secure Swivel\u2122 koji osigurava da se bebe mogu voziti isklju\u010divo okrenute suprotno od smjera vo\u017enje, a sjedalica kasnije pru\u017ea punu fleksibilnost od 360\u00b0 za stariju djecu.<\/p>\n<h3># 1: Baby-Secure Swivel\u2122<\/h3>\n<p>Manji rizik pogre\u0161nog kori\u0161tenja zna\u010di sigurniju vo\u017enju za djecu svake dobi<br \/>\nBebe se uvijek moraju voziti okrenute u smjeru suprotnom od smjera vo\u017enje, zbog \u010dega smo osigurali da iZi Turn B i-Size bude nemogu\u0107e prerano okrenuti u smjer vo\u017enje. Integrirana ISOfix baza i Baby Shell opremljeni su Baby-Secure Swivel\u2122 mehanizmom za zaklju\u010davanje koji sprje\u010dava okretanje i upotrebu sjedalice u smjeru vo\u017enje dok je na sjedalicu postavljen Baby Shell\u2122 umetak za novoro\u0111en\u010de.<\/p>\n<h3>#2: the Universal Level Technology<\/h3>\n<p>Uvijek ugodan kut sjedenja \u2013 u bilo kojem automobilu<br \/>\nZa\u0161to kupiti autosjedalicu koja bi u va\u0161em automobilu mogla biti previ\u0161e uspravna i djetetu u\u010diniti vo\u017enju neudobnom kad umjesto toga mo\u017eete imati Universal Level Technology\u2122? Bez obzira na to kako su konstruirana sjedala u va\u0161em automobilu, mehanizam Universal Level Technology\u2122 u svakom trenutku omogu\u0107uje vodoravnu ugradnju i udobno putovanje u smjeru suprotnom od smjera vo\u017enje, zahvaljuju\u0107i tome \u0161to sjedalica ne ovisi o kutu pod kojim je postavljeno sjedalo automobila.<\/p>\n<h3># 3: Dynamic Force Absorber\u2122<\/h3>\n<p>Najinovativnija za\u0161tita od bo\u010dnog udara<br \/>\nInovacija u za\u0161titi od bo\u010dnog udara ve\u0107 je dugo fokus BeSafe-a. Sa sustavom Dynamic Force Absorber\u2122, iZi Turn B i-Size nudi novo i vrhunsko rje\u0161enje u uzglavlju autosjedalice. Konstrukcija je izra\u0111ena od specijalnog materijala koji je sastavljen u razli\u010dito fleksibilne zone koje optimalno apsorbiraju sile u bo\u010dnom udaru.<\/p>\n<h3>Troslojna sigurnost od ro\u0111enja<\/h3>\n<ul>\n<li>Specijalni umetak Baby Shell\u2122 za jedinstvenu sigurnost od ro\u0111enja<\/li>\n<li>Ugra\u0111ena za\u0161tita od bo\u010dnih udara (SIP) u \u0161koljci sjedala<\/li>\n<li>Dodatna za\u0161tita od bo\u010dnih udara (SIP+) prilago\u0111enog oblika<\/li>\n<li>Za\u0161titni i mekani naslon za glavu s inovativnim sustavom Dynamic Force Absorber\u2122<\/li>\n<li>Baby-Secure Swivel\u2122 smanjuje rizik od krivog kori\u0161tenja dopu\u0161taju\u0107i bebama da putuju samo u smjeru suprotnom od smjera vo\u017enje<\/li>\n<li>Odobrena prema najnovijem standardu UN R129<\/li>\n<li>Omogu\u0107ava 5x sigurniju vo\u017enju u smjeru suprotnom od smjera vo\u017enje do pribli\u017eno 4. godine\u201d<\/li>\n<\/ul>\n<h3>Vrhunska funkcionalnost za jednostavnu svakodnevnu upotrebu<\/h3>\n<ul>\n<li>Magnetic Belt Assistants\u2122 \u2013 pametni sustav magneta koji olak\u0161ava stavljanje i va\u0111enje djeteta iz sjedalice<\/li>\n<li>Lako dostupna s prakti\u010dnom rotacijom u stranu od ro\u0111enja i potpunu fleksibilnost od 360\u00b0 kasnije za stariju djecu<\/li>\n<li>Podesivi polo\u017eaji naslona \u010dak i nakon instalacije<\/li>\n<li>Opti\u010dki i zvu\u010dni indikatori za povratnu informaciju o instalaciji<\/li>\n<li>Jednostavno pode\u0161avanje naslona za glavu i pojaseva\u201d<\/li>\n<\/ul>\n<h3>Individualizirana udobnost<\/h3>\n<ul>\n<li>Universal Level Technology\u2122 za najbolji kut sjedenja u bilo kojem automobilu<\/li>\n<li>Kvalitetni materijali<\/li>\n<li>Mekani umetak Soft Newborn Hugger\u2122 za stabilnost i podr\u0161ku<\/li>\n<li>Iznimna udobnost s 4 nagibna polo\u017eaja<\/li>\n<li>Podesivi naslon za glavu u 10 koraka koji prati rast djeteta<\/li>\n<li>Izvrsna prozra\u010dnost zahvaljuju\u0107i ventilacijskom sustavu na stra\u017enjoj strani<\/li>\n<li>Odobrena od njema\u010dke organizacije AGR kao proizvod zdrav za le\u0111a djeteta<\/li>\n<\/ul>\n","protected":false},"excerpt":{"rendered":"<h2>1 autosjedalica za prve 4 godine \u2013 sigurnija rotacija od ro\u0111enja<\/h2>\n<ul>\n<li>Visina: suprotno od smjera vo\u017enje 40-105 cm, u smjeru vo\u017enje 88-105 cm<\/li>\n<li>Maks. te\u017eina: 18 kg<\/li>\n<li>Dob: Pribl. 0 \u2013 4 godine (Izjava o odricanju odgovornosti)<\/li>\n<li>Baby-Secure Swivel\u2122 mehanizam za sigurniju rotaciju od ro\u0111enja<\/li>\n<li>Universal Level Technology\u2122 za ugodnija putovanja u bilo kojem automobilu<\/li>\n<li>Dynamic Force Absorber\u2122 pru\u017ea vi\u0161u razinu za\u0161tite od bo\u010dnog udara<\/li>\n<li>Baby-Shell \u2122 za udobnu upotrebu od ro\u0111enja sa za\u0161titnim bo\u010dnim stijenkama i polo\u017eajem koji je posebno prilago\u0111en za djetetova le\u0111a<\/li>\n<li>Newborn Hugger\u2122 osigurava potporu i idealan kut le\u017eanja za novoro\u0111en\u010de<\/li>\n<\/ul>\n","protected":false},"featured_media":100408,"comment_status":"open","ping_status":"closed","template":"","meta":{"_acf_changed":false,"footnotes":""},"product_brand":[],"product_cat":[574],"product_tag":[],"class_list":{"0":"post-149933","1":"product","2":"type-product","3":"status-publish","4":"has-post-thumbnail","6":"product_cat-autosjedalice","7":"pa_atest-ece-r129-i-size","8":"pa_boja-siva","9":"pa_brand-besafe","10":"pa_nacin-postavljanja-isofix","11":"pa_visina-djeteta-od-40-do-105-cm","13":"first","14":"outofstock","15":"purchasable","16":"product-type-simple"},"bundled_by":[],"bundle_stock_status":"outofstock","bundle_stock_quantity":0,"bundle_virtual":false,"bundle_layout":"","bundle_add_to_cart_form_location":"","bundle_editable_in_cart":false,"bundle_sold_individually_context":"","bundle_item_grouping":"","bundle_min_size":"","bundle_max_size":"","bundle_price":[],"bundled_items":[],"bundle_sell_ids":[],"acf":[],"yoast_head":"<!-- This site is optimized with the Yoast SEO Premium plugin v21.5 (Yoast SEO v27.4) - https:\/\/yoast.com\/product\/yoast-seo-premium-wordpress\/ -->\n<title>BeSafe iZi Turn B i-Size, Metallic siva - NajNaj.eu<\/title>\n<meta name=\"robots\" content=\"index, follow, max-snippet:-1, max-image-preview:large, max-video-preview:-1\" \/>\n<link rel=\"canonical\" href=\"https:\/\/najnaj.eu\/fr\/proizvod\/izi-turn-b-i-size-metallic-siva\/\" \/>\n<meta property=\"og:locale\" content=\"fr_FR\" \/>\n<meta property=\"og:type\" content=\"article\" \/>\n<meta property=\"og:title\" content=\"BeSafe iZi Turn B i-Size, Metallic siva\" \/>\n<meta property=\"og:description\" content=\"1 autosjedalica za prve 4 godine \u2013 sigurnija rotacija od ro\u0111enja   Visina: suprotno od smjera vo\u017enje 40-105 cm, u smjeru vo\u017enje 88-105 cm  Maks. te\u017eina: 18 kg  Dob: Pribl. 0 \u2013 4 godine (Izjava o odricanju odgovornosti)  Baby-Secure Swivel\u2122 mehanizam za sigurniju rotaciju od ro\u0111enja  Universal Level Technology\u2122 za ugodnija putovanja u bilo kojem automobilu  Dynamic Force Absorber\u2122 pru\u017ea vi\u0161u razinu za\u0161tite od bo\u010dnog udara  Baby-Shell \u2122 za udobnu upotrebu od ro\u0111enja sa za\u0161titnim bo\u010dnim stijenkama i polo\u017eajem koji je posebno prilago\u0111en za djetetova le\u0111a  Newborn Hugger\u2122 osigurava potporu i idealan kut le\u017eanja za novoro\u0111en\u010de\" \/>\n<meta property=\"og:url\" content=\"https:\/\/najnaj.eu\/fr\/proizvod\/izi-turn-b-i-size-metallic-siva\/\" \/>\n<meta property=\"og:site_name\" content=\"NajNaj.eu\" \/>\n<meta property=\"article:publisher\" content=\"https:\/\/web.facebook.com\/najnaj.eu\/\" \/>\n<meta property=\"article:modified_time\" content=\"2026-04-15T00:13:52+00:00\" \/>\n<meta property=\"og:image\" content=\"https:\/\/najnaj.eu\/wp-content\/uploads\/2023\/08\/11009873_BeSafe_iZi-Turn-B-i-Size_Metallic-Melange_Right.jpg\" \/>\n\t<meta property=\"og:image:width\" content=\"1080\" \/>\n\t<meta property=\"og:image:height\" content=\"1080\" \/>\n\t<meta property=\"og:image:type\" content=\"image\/png\" \/>\n<meta name=\"twitter:card\" content=\"summary_large_image\" \/>\n<meta name=\"twitter:label1\" content=\"Prix\" \/>\n\t<meta name=\"twitter:data1\" content=\"599,00&nbsp;&euro;\" \/>\n\t<meta name=\"twitter:label2\" content=\"Disponibilit\u00e9\" \/>\n\t<meta name=\"twitter:data2\" content=\"Rupture de stock\" \/>\n<script type=\"application\/ld+json\" class=\"yoast-schema-graph\">{\"@context\":\"https:\\\/\\\/schema.org\",\"@graph\":[{\"@type\":\"WebPage\",\"@id\":\"https:\\\/\\\/najnaj.eu\\\/fr\\\/proizvod\\\/izi-turn-b-i-size-metallic-siva\\\/\",\"url\":\"https:\\\/\\\/najnaj.eu\\\/fr\\\/proizvod\\\/izi-turn-b-i-size-metallic-siva\\\/\",\"name\":\"BeSafe iZi Turn B i-Size, Metallic siva - NajNaj.eu\",\"isPartOf\":{\"@id\":\"https:\\\/\\\/najnaj.eu\\\/fr\\\/#website\"},\"primaryImageOfPage\":{\"@id\":\"https:\\\/\\\/najnaj.eu\\\/fr\\\/proizvod\\\/izi-turn-b-i-size-metallic-siva\\\/#primaryimage\"},\"image\":{\"@id\":\"https:\\\/\\\/najnaj.eu\\\/fr\\\/proizvod\\\/izi-turn-b-i-size-metallic-siva\\\/#primaryimage\"},\"thumbnailUrl\":\"https:\\\/\\\/najnaj.eu\\\/wp-content\\\/uploads\\\/2023\\\/08\\\/11009873_BeSafe_iZi-Turn-B-i-Size_Metallic-Melange_Right.jpg\",\"datePublished\":\"2025-01-06T09:04:48+00:00\",\"dateModified\":\"2026-04-15T00:13:52+00:00\",\"breadcrumb\":{\"@id\":\"https:\\\/\\\/najnaj.eu\\\/fr\\\/proizvod\\\/izi-turn-b-i-size-metallic-siva\\\/#breadcrumb\"},\"inLanguage\":\"fr-FR\",\"potentialAction\":[{\"@type\":\"ReadAction\",\"target\":[\"https:\\\/\\\/najnaj.eu\\\/fr\\\/proizvod\\\/izi-turn-b-i-size-metallic-siva\\\/\"]}]},{\"@type\":\"ImageObject\",\"inLanguage\":\"fr-FR\",\"@id\":\"https:\\\/\\\/najnaj.eu\\\/fr\\\/proizvod\\\/izi-turn-b-i-size-metallic-siva\\\/#primaryimage\",\"url\":\"https:\\\/\\\/najnaj.eu\\\/wp-content\\\/uploads\\\/2023\\\/08\\\/11009873_BeSafe_iZi-Turn-B-i-Size_Metallic-Melange_Right.jpg\",\"contentUrl\":\"https:\\\/\\\/najnaj.eu\\\/wp-content\\\/uploads\\\/2023\\\/08\\\/11009873_BeSafe_iZi-Turn-B-i-Size_Metallic-Melange_Right.jpg\",\"width\":1080,\"height\":1080,\"caption\":\"Siva rotacijska sjedalica za bebu\"},{\"@type\":\"BreadcrumbList\",\"@id\":\"https:\\\/\\\/najnaj.eu\\\/fr\\\/proizvod\\\/izi-turn-b-i-size-metallic-siva\\\/#breadcrumb\",\"itemListElement\":[{\"@type\":\"ListItem\",\"position\":1,\"name\":\"Po\u010detna stranica\",\"item\":\"https:\\\/\\\/najnaj.eu\\\/fr\\\/\"},{\"@type\":\"ListItem\",\"position\":2,\"name\":\"Trgovina\",\"item\":\"https:\\\/\\\/najnaj.hr\\\/trgovina\\\/\"},{\"@type\":\"ListItem\",\"position\":3,\"name\":\"BeSafe iZi Turn B i-Size, Metallic siva\"}]},{\"@type\":\"WebSite\",\"@id\":\"https:\\\/\\\/najnaj.eu\\\/fr\\\/#website\",\"url\":\"https:\\\/\\\/najnaj.eu\\\/fr\\\/\",\"name\":\"NajNaj.eu\",\"description\":\"Za najva\u017enije!\",\"potentialAction\":[{\"@type\":\"SearchAction\",\"target\":{\"@type\":\"EntryPoint\",\"urlTemplate\":\"https:\\\/\\\/najnaj.eu\\\/fr\\\/?s={search_term_string}\"},\"query-input\":{\"@type\":\"PropertyValueSpecification\",\"valueRequired\":true,\"valueName\":\"search_term_string\"}}],\"inLanguage\":\"fr-FR\"}]}<\/script>\n<meta property=\"product:brand\" content=\"BeSafe\" \/>\n<meta property=\"product:price:amount\" content=\"599.00\" \/>\n<meta property=\"product:price:currency\" content=\"EUR\" \/>\n<meta property=\"og:availability\" content=\"out of stock\" \/>\n<meta property=\"product:availability\" content=\"out of stock\" \/>\n<meta property=\"product:retailer_item_id\" content=\"11009873-MetallicM\" \/>\n<meta property=\"product:condition\" content=\"new\" \/>\n<!-- \/ Yoast SEO Premium plugin. -->","yoast_head_json":{"title":"BeSafe iZi Turn B i-Size, Metallic siva - NajNaj.eu","robots":{"index":"index","follow":"follow","max-snippet":"max-snippet:-1","max-image-preview":"max-image-preview:large","max-video-preview":"max-video-preview:-1"},"canonical":"https:\/\/najnaj.eu\/fr\/proizvod\/izi-turn-b-i-size-metallic-siva\/","og_locale":"fr_FR","og_type":"article","og_title":"BeSafe iZi Turn B i-Size, Metallic siva","og_description":"1 autosjedalica za prve 4 godine \u2013 sigurnija rotacija od ro\u0111enja   Visina: suprotno od smjera vo\u017enje 40-105 cm, u smjeru vo\u017enje 88-105 cm  Maks. te\u017eina: 18 kg  Dob: Pribl. 0 \u2013 4 godine (Izjava o odricanju odgovornosti)  Baby-Secure Swivel\u2122 mehanizam za sigurniju rotaciju od ro\u0111enja  Universal Level Technology\u2122 za ugodnija putovanja u bilo kojem automobilu  Dynamic Force Absorber\u2122 pru\u017ea vi\u0161u razinu za\u0161tite od bo\u010dnog udara  Baby-Shell \u2122 za udobnu upotrebu od ro\u0111enja sa za\u0161titnim bo\u010dnim stijenkama i polo\u017eajem koji je posebno prilago\u0111en za djetetova le\u0111a  Newborn Hugger\u2122 osigurava potporu i idealan kut le\u017eanja za novoro\u0111en\u010de","og_url":"https:\/\/najnaj.eu\/fr\/proizvod\/izi-turn-b-i-size-metallic-siva\/","og_site_name":"NajNaj.eu","article_publisher":"https:\/\/web.facebook.com\/najnaj.eu\/","article_modified_time":"2026-04-15T00:13:52+00:00","og_image":[{"width":1080,"height":1080,"url":"https:\/\/najnaj.eu\/wp-content\/uploads\/2023\/08\/11009873_BeSafe_iZi-Turn-B-i-Size_Metallic-Melange_Right.jpg","type":"image\/png"}],"twitter_card":"summary_large_image","twitter_misc":{"Prix":"599,00&nbsp;&euro;","Disponibilit\u00e9":"Rupture de stock"},"schema":{"@context":"https:\/\/schema.org","@graph":[{"@type":"WebPage","@id":"https:\/\/najnaj.eu\/fr\/proizvod\/izi-turn-b-i-size-metallic-siva\/","url":"https:\/\/najnaj.eu\/fr\/proizvod\/izi-turn-b-i-size-metallic-siva\/","name":"BeSafe iZi Turn B i-Size, Metallic siva - NajNaj.eu","isPartOf":{"@id":"https:\/\/najnaj.eu\/fr\/#website"},"primaryImageOfPage":{"@id":"https:\/\/najnaj.eu\/fr\/proizvod\/izi-turn-b-i-size-metallic-siva\/#primaryimage"},"image":{"@id":"https:\/\/najnaj.eu\/fr\/proizvod\/izi-turn-b-i-size-metallic-siva\/#primaryimage"},"thumbnailUrl":"https:\/\/najnaj.eu\/wp-content\/uploads\/2023\/08\/11009873_BeSafe_iZi-Turn-B-i-Size_Metallic-Melange_Right.jpg","datePublished":"2025-01-06T09:04:48+00:00","dateModified":"2026-04-15T00:13:52+00:00","breadcrumb":{"@id":"https:\/\/najnaj.eu\/fr\/proizvod\/izi-turn-b-i-size-metallic-siva\/#breadcrumb"},"inLanguage":"fr-FR","potentialAction":[{"@type":"ReadAction","target":["https:\/\/najnaj.eu\/fr\/proizvod\/izi-turn-b-i-size-metallic-siva\/"]}]},{"@type":"ImageObject","inLanguage":"fr-FR","@id":"https:\/\/najnaj.eu\/fr\/proizvod\/izi-turn-b-i-size-metallic-siva\/#primaryimage","url":"https:\/\/najnaj.eu\/wp-content\/uploads\/2023\/08\/11009873_BeSafe_iZi-Turn-B-i-Size_Metallic-Melange_Right.jpg","contentUrl":"https:\/\/najnaj.eu\/wp-content\/uploads\/2023\/08\/11009873_BeSafe_iZi-Turn-B-i-Size_Metallic-Melange_Right.jpg","width":1080,"height":1080,"caption":"Siva rotacijska sjedalica za bebu"},{"@type":"BreadcrumbList","@id":"https:\/\/najnaj.eu\/fr\/proizvod\/izi-turn-b-i-size-metallic-siva\/#breadcrumb","itemListElement":[{"@type":"ListItem","position":1,"name":"Po\u010detna stranica","item":"https:\/\/najnaj.eu\/fr\/"},{"@type":"ListItem","position":2,"name":"Trgovina","item":"https:\/\/najnaj.hr\/trgovina\/"},{"@type":"ListItem","position":3,"name":"BeSafe iZi Turn B i-Size, Metallic siva"}]},{"@type":"WebSite","@id":"https:\/\/najnaj.eu\/fr\/#website","url":"https:\/\/najnaj.eu\/fr\/","name":"NajNaj.eu","description":"Za najva\u017enije!","potentialAction":[{"@type":"SearchAction","target":{"@type":"EntryPoint","urlTemplate":"https:\/\/najnaj.eu\/fr\/?s={search_term_string}"},"query-input":{"@type":"PropertyValueSpecification","valueRequired":true,"valueName":"search_term_string"}}],"inLanguage":"fr-FR"}]},"product_brand":"BeSafe","product_price_amount":"599.00","product_price_currency":"EUR","og_availability":"out of stock","product_availability":"out of stock","product_retailer_item_id":"11009873-MetallicM","product_condition":"new"},"_links":{"self":[{"href":"https:\/\/najnaj.eu\/fr\/wp-json\/wp\/v2\/product\/149933","targetHints":{"allow":["GET"]}}],"collection":[{"href":"https:\/\/najnaj.eu\/fr\/wp-json\/wp\/v2\/product"}],"about":[{"href":"https:\/\/najnaj.eu\/fr\/wp-json\/wp\/v2\/types\/product"}],"replies":[{"embeddable":true,"href":"https:\/\/najnaj.eu\/fr\/wp-json\/wp\/v2\/comments?post=149933"}],"version-history":[{"count":0,"href":"https:\/\/najnaj.eu\/fr\/wp-json\/wp\/v2\/product\/149933\/revisions"}],"wp:featuredmedia":[{"embeddable":true,"href":"https:\/\/najnaj.eu\/fr\/wp-json\/wp\/v2\/media\/100408"}],"wp:attachment":[{"href":"https:\/\/najnaj.eu\/fr\/wp-json\/wp\/v2\/media?parent=149933"}],"wp:term":[{"taxonomy":"product_brand","embeddable":true,"href":"https:\/\/najnaj.eu\/fr\/wp-json\/wp\/v2\/product_brand?post=149933"},{"taxonomy":"product_cat","embeddable":true,"href":"https:\/\/najnaj.eu\/fr\/wp-json\/wp\/v2\/product_cat?post=149933"},{"taxonomy":"product_tag","embeddable":true,"href":"https:\/\/najnaj.eu\/fr\/wp-json\/wp\/v2\/product_tag?post=149933"}],"curies":[{"name":"wp","href":"https:\/\/api.w.org\/{rel}","templated":true}]}}