{"id":149921,"date":"2021-05-12T08:00:02","date_gmt":"2021-05-12T06:00:02","guid":{"rendered":"https:\/\/najnaj.hr\/proizvod\/carriwell-prosirivac-grudnjaka\/"},"modified":"2026-03-23T09:29:48","modified_gmt":"2026-03-23T08:29:48","slug":"carriwell-prosirivac-grudnjaka","status":"publish","type":"product","link":"https:\/\/najnaj.eu\/fr\/proizvod\/carriwell-prosirivac-grudnjaka\/","title":{"rendered":"Carriwell Pro\u0161iriva\u010d grudnjaka, 4 komada"},"content":{"rendered":"<p>Predstavljamo Carriwell pro\u0161iriva\u010d grudnjaka, jednostavno, ali genijalno rje\u0161enje koje donosi udobnost i fleksibilnost svim va\u0161im grudnjacima za trudnice i dojilje. Ovaj set uklju\u010duje \u010detiri produ\u017eetka grudnjaka, od kojih je svaki dizajniran da bez napora produ\u017ei vrpcu va\u0161eg grudnjaka kako bi se prilagodio va\u0161em tijelu koje se razvija tijekom trudno\u0107e i dojenja.<\/p>\n<p>Prihvatite svestranost ovih ekstendera jer se besprijekorno uklapaju u va\u0161 postoje\u0107i grudnjak za dojenje. S dizajnom koji je jednostavan za kori\u0161tenje, pri\u010dvr\u0161\u0107ivanje produ\u017eetka na kop\u010de grudnjaka je povjetarac. Jednostavno pri\u010dvrstite produ\u017eetak grudnjaka na postoje\u0107e kop\u010de za pri\u010dvr\u0161\u0107ivanje grudnjaka i pri\u010dvrstite ga na uobi\u010dajeni na\u010din.<\/p>\n<p>Do\u017eivite neusporedivu udobnost dok u\u017eivate u savr\u0161enom kroju prilago\u0111enom va\u0161im promjenjivim potrebama. Pro\u0161iriva\u010d omogu\u0107uje podesivo i prilago\u0111eno pristajanje, osiguravaju\u0107i optimalnu potporu i fleksibilnost tijekom va\u0161eg porodiljnog i dojiljskog putovanja.<\/p>\n<p>Recite zbogom neudobnosti i neugodnosti uskih grudnjaka koji vi\u0161e ne podnose va\u0161e rastu\u0107e tijelo i pozdravite Carriwell pro\u0161iriva\u010d grudnjaka koji pru\u017ea prakti\u010dno i isplativo rje\u0161enje, eliminiraju\u0107i potrebu za stalnom kupnjom novih grudnjaka kako se va\u0161a veli\u010dina mijenja .<\/p>\n<p>Uz Carriwell pro\u0161iriva\u010d grudnjaka mo\u017eete s pouzdanjem nositi svoje omiljene grudnjake s lako\u0107om i udobno\u0161\u0107u. To je dodatak koji mora imati svaka dojilja koja tra\u017ei udobnost i prilagodljivost u svojoj kolekciji donjeg rublja.<\/p>\n<p>Mo\u017eete odabrati Carriwell Bra Extender i iskusiti slobodu udobnog i dobro pristajaju\u0107eg grudnjaka, prilago\u0111enog va\u0161em tijelu koje se mijenja. Prepustite se fleksibilnosti i prakti\u010dnosti koju donosi, omogu\u0107uju\u0107i vam da se usredoto\u010dite na prekrasne trenutke maj\u010dinstva bez neudobnosti grudnjaka koji lo\u0161e pristaje.<\/p>\n<p>Nadogradite svoju kolekciju grudnjaka danas s Carriwell pro\u0161iriva\u010d grudnjaka i u\u017eivajte u bezbri\u017enosti koju donosi savr\u0161eno pristajanje. Ne dopustite da vas neudobni grudnjaci sputavaju\u2014otkrijte udobnost i prilagodljivost kakvu zaslu\u017eujete. Naru\u010dite sada i iskusite vrhunsko rje\u0161enje za grudnjake za trudnice i dojilje.<\/p>\n","protected":false},"excerpt":{"rendered":"<p>Pro\u0161iriva\u010d okoprsne trake Carriwell grudnjaka.<\/p>\n","protected":false},"featured_media":300393,"comment_status":"open","ping_status":"closed","template":"","meta":{"_acf_changed":false,"footnotes":""},"product_brand":[],"product_cat":[546,586,588,562],"product_tag":[2103],"class_list":{"0":"post-149921","1":"product","2":"type-product","3":"status-publish","4":"has-post-thumbnail","6":"product_cat-dojenje","7":"product_cat-grudnjaci-za-dojenje","8":"product_cat-grudnjaci-za-trudnice","9":"product_cat-za-mamu","10":"product_tag-new-mum","11":"pa_brand-carriwell","13":"first","14":"instock","15":"purchasable","16":"product-type-simple"},"bundled_by":[],"bundle_stock_status":"instock","bundle_stock_quantity":15,"bundle_virtual":false,"bundle_layout":"","bundle_add_to_cart_form_location":"","bundle_editable_in_cart":false,"bundle_sold_individually_context":"","bundle_item_grouping":"","bundle_min_size":"","bundle_max_size":"","bundle_price":[],"bundled_items":[],"bundle_sell_ids":[],"acf":[],"yoast_head":"<!-- This site is optimized with the Yoast SEO Premium plugin v21.5 (Yoast SEO v27.4) - https:\/\/yoast.com\/product\/yoast-seo-premium-wordpress\/ -->\n<title>Carriwell Pro\u0161iriva\u010d grudnjaka, 4 komada - NajNaj.eu<\/title>\n<meta name=\"robots\" content=\"index, follow, max-snippet:-1, max-image-preview:large, max-video-preview:-1\" \/>\n<link rel=\"canonical\" href=\"https:\/\/najnaj.eu\/fr\/proizvod\/carriwell-prosirivac-grudnjaka\/\" \/>\n<meta property=\"og:locale\" content=\"fr_FR\" \/>\n<meta property=\"og:type\" content=\"article\" \/>\n<meta property=\"og:title\" content=\"Carriwell Pro\u0161iriva\u010d grudnjaka, 4 komada\" \/>\n<meta property=\"og:description\" content=\"Pro\u0161iriva\u010d okoprsne trake Carriwell grudnjaka.\" \/>\n<meta property=\"og:url\" content=\"https:\/\/najnaj.eu\/fr\/proizvod\/carriwell-prosirivac-grudnjaka\/\" \/>\n<meta property=\"og:site_name\" content=\"NajNaj.eu\" \/>\n<meta property=\"article:publisher\" content=\"https:\/\/web.facebook.com\/najnaj.eu\/\" \/>\n<meta property=\"article:modified_time\" content=\"2026-03-23T08:29:48+00:00\" \/>\n<meta property=\"og:image\" content=\"https:\/\/najnaj.eu\/wp-content\/uploads\/2021\/05\/8019_BraExtender_Web_v04.jpg\" \/>\n\t<meta property=\"og:image:width\" content=\"1000\" \/>\n\t<meta property=\"og:image:height\" content=\"1250\" \/>\n\t<meta property=\"og:image:type\" content=\"image\/jpeg\" \/>\n<meta name=\"twitter:card\" content=\"summary_large_image\" \/>\n<meta name=\"twitter:label1\" content=\"Prix\" \/>\n\t<meta name=\"twitter:data1\" content=\"6,63&nbsp;&euro;\" \/>\n\t<meta name=\"twitter:label2\" content=\"Disponibilit\u00e9\" \/>\n\t<meta name=\"twitter:data2\" content=\"En stock\" \/>\n<script type=\"application\/ld+json\" class=\"yoast-schema-graph\">{\"@context\":\"https:\\\/\\\/schema.org\",\"@graph\":[{\"@type\":\"WebPage\",\"@id\":\"https:\\\/\\\/najnaj.eu\\\/fr\\\/proizvod\\\/carriwell-prosirivac-grudnjaka\\\/\",\"url\":\"https:\\\/\\\/najnaj.eu\\\/fr\\\/proizvod\\\/carriwell-prosirivac-grudnjaka\\\/\",\"name\":\"Carriwell Pro\u0161iriva\u010d grudnjaka, 4 komada - NajNaj.eu\",\"isPartOf\":{\"@id\":\"https:\\\/\\\/najnaj.eu\\\/fr\\\/#website\"},\"primaryImageOfPage\":{\"@id\":\"https:\\\/\\\/najnaj.eu\\\/fr\\\/proizvod\\\/carriwell-prosirivac-grudnjaka\\\/#primaryimage\"},\"image\":{\"@id\":\"https:\\\/\\\/najnaj.eu\\\/fr\\\/proizvod\\\/carriwell-prosirivac-grudnjaka\\\/#primaryimage\"},\"thumbnailUrl\":\"https:\\\/\\\/najnaj.eu\\\/wp-content\\\/uploads\\\/2021\\\/05\\\/8019_BraExtender_Web_v04.jpg\",\"datePublished\":\"2021-05-12T06:00:02+00:00\",\"dateModified\":\"2026-03-23T08:29:48+00:00\",\"breadcrumb\":{\"@id\":\"https:\\\/\\\/najnaj.eu\\\/fr\\\/proizvod\\\/carriwell-prosirivac-grudnjaka\\\/#breadcrumb\"},\"inLanguage\":\"fr-FR\",\"potentialAction\":[{\"@type\":\"ReadAction\",\"target\":[\"https:\\\/\\\/najnaj.eu\\\/fr\\\/proizvod\\\/carriwell-prosirivac-grudnjaka\\\/\"]}]},{\"@type\":\"ImageObject\",\"inLanguage\":\"fr-FR\",\"@id\":\"https:\\\/\\\/najnaj.eu\\\/fr\\\/proizvod\\\/carriwell-prosirivac-grudnjaka\\\/#primaryimage\",\"url\":\"https:\\\/\\\/najnaj.eu\\\/wp-content\\\/uploads\\\/2021\\\/05\\\/8019_BraExtender_Web_v04.jpg\",\"contentUrl\":\"https:\\\/\\\/najnaj.eu\\\/wp-content\\\/uploads\\\/2021\\\/05\\\/8019_BraExtender_Web_v04.jpg\",\"width\":1000,\"height\":1250},{\"@type\":\"BreadcrumbList\",\"@id\":\"https:\\\/\\\/najnaj.eu\\\/fr\\\/proizvod\\\/carriwell-prosirivac-grudnjaka\\\/#breadcrumb\",\"itemListElement\":[{\"@type\":\"ListItem\",\"position\":1,\"name\":\"Po\u010detna stranica\",\"item\":\"https:\\\/\\\/najnaj.eu\\\/fr\\\/\"},{\"@type\":\"ListItem\",\"position\":2,\"name\":\"Trgovina\",\"item\":\"https:\\\/\\\/najnaj.hr\\\/trgovina\\\/\"},{\"@type\":\"ListItem\",\"position\":3,\"name\":\"Carriwell Pro\u0161iriva\u010d grudnjaka, 4 komada\"}]},{\"@type\":\"WebSite\",\"@id\":\"https:\\\/\\\/najnaj.eu\\\/fr\\\/#website\",\"url\":\"https:\\\/\\\/najnaj.eu\\\/fr\\\/\",\"name\":\"NajNaj.eu\",\"description\":\"Za najva\u017enije!\",\"potentialAction\":[{\"@type\":\"SearchAction\",\"target\":{\"@type\":\"EntryPoint\",\"urlTemplate\":\"https:\\\/\\\/najnaj.eu\\\/fr\\\/?s={search_term_string}\"},\"query-input\":{\"@type\":\"PropertyValueSpecification\",\"valueRequired\":true,\"valueName\":\"search_term_string\"}}],\"inLanguage\":\"fr-FR\"}]}<\/script>\n<meta property=\"product:brand\" content=\"Carriwell\" \/>\n<meta property=\"product:price:amount\" content=\"6.63\" \/>\n<meta property=\"product:price:currency\" content=\"EUR\" \/>\n<meta property=\"og:availability\" content=\"instock\" \/>\n<meta property=\"product:availability\" content=\"instock\" \/>\n<meta property=\"product:retailer_item_id\" content=\"CW8019\" \/>\n<meta property=\"product:condition\" content=\"new\" \/>\n<!-- \/ Yoast SEO Premium plugin. -->","yoast_head_json":{"title":"Carriwell Pro\u0161iriva\u010d grudnjaka, 4 komada - NajNaj.eu","robots":{"index":"index","follow":"follow","max-snippet":"max-snippet:-1","max-image-preview":"max-image-preview:large","max-video-preview":"max-video-preview:-1"},"canonical":"https:\/\/najnaj.eu\/fr\/proizvod\/carriwell-prosirivac-grudnjaka\/","og_locale":"fr_FR","og_type":"article","og_title":"Carriwell Pro\u0161iriva\u010d grudnjaka, 4 komada","og_description":"Pro\u0161iriva\u010d okoprsne trake Carriwell grudnjaka.","og_url":"https:\/\/najnaj.eu\/fr\/proizvod\/carriwell-prosirivac-grudnjaka\/","og_site_name":"NajNaj.eu","article_publisher":"https:\/\/web.facebook.com\/najnaj.eu\/","article_modified_time":"2026-03-23T08:29:48+00:00","og_image":[{"width":1000,"height":1250,"url":"https:\/\/najnaj.eu\/wp-content\/uploads\/2021\/05\/8019_BraExtender_Web_v04.jpg","type":"image\/jpeg"}],"twitter_card":"summary_large_image","twitter_misc":{"Prix":"6,63&nbsp;&euro;","Disponibilit\u00e9":"En stock"},"schema":{"@context":"https:\/\/schema.org","@graph":[{"@type":"WebPage","@id":"https:\/\/najnaj.eu\/fr\/proizvod\/carriwell-prosirivac-grudnjaka\/","url":"https:\/\/najnaj.eu\/fr\/proizvod\/carriwell-prosirivac-grudnjaka\/","name":"Carriwell Pro\u0161iriva\u010d grudnjaka, 4 komada - NajNaj.eu","isPartOf":{"@id":"https:\/\/najnaj.eu\/fr\/#website"},"primaryImageOfPage":{"@id":"https:\/\/najnaj.eu\/fr\/proizvod\/carriwell-prosirivac-grudnjaka\/#primaryimage"},"image":{"@id":"https:\/\/najnaj.eu\/fr\/proizvod\/carriwell-prosirivac-grudnjaka\/#primaryimage"},"thumbnailUrl":"https:\/\/najnaj.eu\/wp-content\/uploads\/2021\/05\/8019_BraExtender_Web_v04.jpg","datePublished":"2021-05-12T06:00:02+00:00","dateModified":"2026-03-23T08:29:48+00:00","breadcrumb":{"@id":"https:\/\/najnaj.eu\/fr\/proizvod\/carriwell-prosirivac-grudnjaka\/#breadcrumb"},"inLanguage":"fr-FR","potentialAction":[{"@type":"ReadAction","target":["https:\/\/najnaj.eu\/fr\/proizvod\/carriwell-prosirivac-grudnjaka\/"]}]},{"@type":"ImageObject","inLanguage":"fr-FR","@id":"https:\/\/najnaj.eu\/fr\/proizvod\/carriwell-prosirivac-grudnjaka\/#primaryimage","url":"https:\/\/najnaj.eu\/wp-content\/uploads\/2021\/05\/8019_BraExtender_Web_v04.jpg","contentUrl":"https:\/\/najnaj.eu\/wp-content\/uploads\/2021\/05\/8019_BraExtender_Web_v04.jpg","width":1000,"height":1250},{"@type":"BreadcrumbList","@id":"https:\/\/najnaj.eu\/fr\/proizvod\/carriwell-prosirivac-grudnjaka\/#breadcrumb","itemListElement":[{"@type":"ListItem","position":1,"name":"Po\u010detna stranica","item":"https:\/\/najnaj.eu\/fr\/"},{"@type":"ListItem","position":2,"name":"Trgovina","item":"https:\/\/najnaj.hr\/trgovina\/"},{"@type":"ListItem","position":3,"name":"Carriwell Pro\u0161iriva\u010d grudnjaka, 4 komada"}]},{"@type":"WebSite","@id":"https:\/\/najnaj.eu\/fr\/#website","url":"https:\/\/najnaj.eu\/fr\/","name":"NajNaj.eu","description":"Za najva\u017enije!","potentialAction":[{"@type":"SearchAction","target":{"@type":"EntryPoint","urlTemplate":"https:\/\/najnaj.eu\/fr\/?s={search_term_string}"},"query-input":{"@type":"PropertyValueSpecification","valueRequired":true,"valueName":"search_term_string"}}],"inLanguage":"fr-FR"}]},"product_brand":"Carriwell","product_price_amount":"6.63","product_price_currency":"EUR","og_availability":"instock","product_availability":"instock","product_retailer_item_id":"CW8019","product_condition":"new"},"_links":{"self":[{"href":"https:\/\/najnaj.eu\/fr\/wp-json\/wp\/v2\/product\/149921","targetHints":{"allow":["GET"]}}],"collection":[{"href":"https:\/\/najnaj.eu\/fr\/wp-json\/wp\/v2\/product"}],"about":[{"href":"https:\/\/najnaj.eu\/fr\/wp-json\/wp\/v2\/types\/product"}],"replies":[{"embeddable":true,"href":"https:\/\/najnaj.eu\/fr\/wp-json\/wp\/v2\/comments?post=149921"}],"version-history":[{"count":0,"href":"https:\/\/najnaj.eu\/fr\/wp-json\/wp\/v2\/product\/149921\/revisions"}],"wp:featuredmedia":[{"embeddable":true,"href":"https:\/\/najnaj.eu\/fr\/wp-json\/wp\/v2\/media\/300393"}],"wp:attachment":[{"href":"https:\/\/najnaj.eu\/fr\/wp-json\/wp\/v2\/media?parent=149921"}],"wp:term":[{"taxonomy":"product_brand","embeddable":true,"href":"https:\/\/najnaj.eu\/fr\/wp-json\/wp\/v2\/product_brand?post=149921"},{"taxonomy":"product_cat","embeddable":true,"href":"https:\/\/najnaj.eu\/fr\/wp-json\/wp\/v2\/product_cat?post=149921"},{"taxonomy":"product_tag","embeddable":true,"href":"https:\/\/najnaj.eu\/fr\/wp-json\/wp\/v2\/product_tag?post=149921"}],"curies":[{"name":"wp","href":"https:\/\/api.w.org\/{rel}","templated":true}]}}