{"id":149901,"date":"2021-04-07T11:56:39","date_gmt":"2021-04-07T09:56:39","guid":{"rendered":"https:\/\/najnaj.hr\/proizvod\/2-u-1-vreca-za-spavanje-on-the-move-cozy-tog-2-5-stellar-18-36-l-2\/"},"modified":"2026-02-04T11:36:56","modified_gmt":"2026-02-04T10:36:56","slug":"2-u-1-vreca-za-spavanje-on-the-move-cozy-tog-2-5-stellar-18-36-l-2","status":"publish","type":"product","link":"https:\/\/najnaj.eu\/fr\/proizvod\/2-u-1-vreca-za-spavanje-on-the-move-cozy-tog-2-5-stellar-18-36-l-2\/","title":{"rendered":"Ergobaby 2-u-1 vre\u0107a za spavanje On The Move Cozy (TOG 1.0), Stellar (18-36\/L)"},"content":{"rendered":"<p>Ergobaby vre\u0107a za spavanje On The Move s nogavicama \u00a0izra\u0111ena je od ultra mekog i 100%-nog prozra\u010dnog pamuka u kojoj \u0107e va\u0161em djetetu biti ugodno i toplo. Vre\u0107a za spavanje ima podesive naramenice za jednostavno obla\u010denje i skidanje, a dvosmjerni patentni zatvara\u010d omogu\u0107uje brzu promjenu pelene.<br \/>\nDolazi s dvije funkcije: uz otvore za nogice, koji se mogu sakriti, vre\u0107a za spavanje jednostavno postaje vre\u0107a za hodanje \u2013 savr\u0161eno za tek prohodalu djecu uvijek u pokretu!<\/p>\n<p><img loading=\"lazy\" decoding=\"async\" class=\"alignnone size-full wp-image-91685\" src=\"https:\/\/najnaj.eu\/wp-content\/uploads\/2023\/08\/Ergibaby-vreca-za-spavanje-infografika.jpeg\" alt=\"\" width=\"1052\" height=\"1053\" \/><\/p>\n","protected":false},"excerpt":{"rendered":"<ul>\n<li>omogu\u0107uje brzu promjenu pelena<\/li>\n<li>otvori za noge koji se mogu sakriti<\/li>\n<li>pogodna za putovanja &#8211; utor za pojaseve u kolicima i autosjedalicama<\/li>\n<li>debljina: TOG 1.0 (prijelazno vrijeme)<\/li>\n<\/ul>\n<p><a href=\"https:\/\/ergobaby.hr\/wp-content\/uploads\/2018\/10\/Easy-To-Use.png\"><img loading=\"lazy\" decoding=\"async\" class=\"wp-image-6926 alignnone\" src=\"https:\/\/ergobaby.hr\/wp-content\/uploads\/2018\/10\/Easy-To-Use.png\" alt=\"\" width=\"23\" height=\"23\" \/><\/a>\u00a0 Jednostavna upotreba<\/p>\n<p><a href=\"https:\/\/ergobaby.hr\/wp-content\/uploads\/2018\/10\/Easy-Diaper-Change.png\"><img loading=\"lazy\" decoding=\"async\" class=\" wp-image-6930 alignnone\" src=\"https:\/\/ergobaby.hr\/wp-content\/uploads\/2018\/10\/Easy-Diaper-Change.png\" alt=\"\" width=\"27\" height=\"27\" \/><\/a>\u00a0 Jednostavna promjena pelena<\/p>\n<p><a href=\"https:\/\/ergobaby.hr\/wp-content\/uploads\/2019\/04\/Breathable-Cotton.png\"><img loading=\"lazy\" decoding=\"async\" class=\" wp-image-6998 alignnone\" src=\"https:\/\/ergobaby.hr\/wp-content\/uploads\/2019\/04\/Breathable-Cotton.png\" alt=\"\" width=\"27\" height=\"27\" \/><\/a>\u00a0 Prozra\u010dan pamuk<\/p>\n<p><a href=\"https:\/\/ergobaby.hr\/wp-content\/uploads\/2019\/04\/100_-Cotton.png\"><img loading=\"lazy\" decoding=\"async\" class=\" wp-image-7002 alignnone\" src=\"https:\/\/ergobaby.hr\/wp-content\/uploads\/2019\/04\/100_-Cotton.png\" alt=\"\" width=\"27\" height=\"27\" \/><\/a>\u00a0 100% pamuk<\/p>\n","protected":false},"featured_media":88508,"comment_status":"open","ping_status":"closed","template":"","meta":{"_acf_changed":false,"footnotes":""},"product_brand":[],"product_cat":[1266,674,554],"product_tag":[],"class_list":{"0":"post-149901","1":"product","2":"type-product","3":"status-publish","4":"has-post-thumbnail","6":"product_cat-2-u-1-vrece-za-spavanje-s-nogavicama","7":"product_cat-prijelazne-vrece-za-spavanje","8":"product_cat-vrece-za-spavanje","9":"pa_brand-ergobaby","11":"first","12":"instock","13":"purchasable","14":"product-type-simple"},"bundled_by":[],"bundle_stock_status":"instock","bundle_stock_quantity":15,"bundle_virtual":false,"bundle_layout":"","bundle_add_to_cart_form_location":"","bundle_editable_in_cart":false,"bundle_sold_individually_context":"","bundle_item_grouping":"","bundle_min_size":"","bundle_max_size":"","bundle_price":[],"bundled_items":[],"bundle_sell_ids":[],"acf":[],"yoast_head":"<!-- This site is optimized with the Yoast SEO Premium plugin v21.5 (Yoast SEO v27.4) - https:\/\/yoast.com\/product\/yoast-seo-premium-wordpress\/ -->\n<title>Ergobaby 2-u-1 vre\u0107a za spavanje On The Move Cozy (TOG 1.0), Stellar (18-36\/L) - NajNaj.eu<\/title>\n<meta name=\"robots\" content=\"index, follow, max-snippet:-1, max-image-preview:large, max-video-preview:-1\" \/>\n<link rel=\"canonical\" href=\"https:\/\/najnaj.eu\/fr\/proizvod\/2-u-1-vreca-za-spavanje-on-the-move-cozy-tog-2-5-stellar-18-36-l-2\/\" \/>\n<meta property=\"og:locale\" content=\"fr_FR\" \/>\n<meta property=\"og:type\" content=\"article\" \/>\n<meta property=\"og:title\" content=\"Ergobaby 2-u-1 vre\u0107a za spavanje On The Move Cozy (TOG 1.0), Stellar (18-36\/L)\" \/>\n<meta property=\"og:description\" content=\"omogu\u0107uje brzu promjenu pelena  otvori za noge koji se mogu sakriti  pogodna za putovanja - utor za pojaseve u kolicima i autosjedalicama  debljina: TOG 1.0 (prijelazno vrijeme)  \u00a0 Jednostavna upotreba  \u00a0 Jednostavna promjena pelena  \u00a0 Prozra\u010dan pamuk  \u00a0 100% pamuk\" \/>\n<meta property=\"og:url\" content=\"https:\/\/najnaj.eu\/fr\/proizvod\/2-u-1-vreca-za-spavanje-on-the-move-cozy-tog-2-5-stellar-18-36-l-2\/\" \/>\n<meta property=\"og:site_name\" content=\"NajNaj.eu\" \/>\n<meta property=\"article:publisher\" content=\"https:\/\/web.facebook.com\/najnaj.eu\/\" \/>\n<meta property=\"article:modified_time\" content=\"2026-02-04T10:36:56+00:00\" \/>\n<meta property=\"og:image\" content=\"https:\/\/najnaj.eu\/wp-content\/uploads\/2023\/08\/ON-THE-MOVE-SLEEP-BAG_STELLAR_SLBMDSTELL1_SLBMDSTELL25_SLBLGSTELL1_SLBLGSTELL25_01-Large.jpg\" \/>\n\t<meta property=\"og:image:width\" content=\"1080\" \/>\n\t<meta property=\"og:image:height\" content=\"1080\" \/>\n\t<meta property=\"og:image:type\" content=\"image\/jpeg\" \/>\n<meta name=\"twitter:card\" content=\"summary_large_image\" \/>\n<meta name=\"twitter:label1\" content=\"Prix\" \/>\n\t<meta name=\"twitter:data1\" content=\"44,90&nbsp;&euro;\" \/>\n\t<meta name=\"twitter:label2\" content=\"Disponibilit\u00e9\" \/>\n\t<meta name=\"twitter:data2\" content=\"En stock\" \/>\n<script type=\"application\/ld+json\" class=\"yoast-schema-graph\">{\"@context\":\"https:\\\/\\\/schema.org\",\"@graph\":[{\"@type\":\"WebPage\",\"@id\":\"https:\\\/\\\/najnaj.eu\\\/fr\\\/proizvod\\\/2-u-1-vreca-za-spavanje-on-the-move-cozy-tog-2-5-stellar-18-36-l-2\\\/\",\"url\":\"https:\\\/\\\/najnaj.eu\\\/fr\\\/proizvod\\\/2-u-1-vreca-za-spavanje-on-the-move-cozy-tog-2-5-stellar-18-36-l-2\\\/\",\"name\":\"Ergobaby 2-u-1 vre\u0107a za spavanje On The Move Cozy (TOG 1.0), Stellar (18-36\\\/L) - NajNaj.eu\",\"isPartOf\":{\"@id\":\"https:\\\/\\\/najnaj.eu\\\/fr\\\/#website\"},\"primaryImageOfPage\":{\"@id\":\"https:\\\/\\\/najnaj.eu\\\/fr\\\/proizvod\\\/2-u-1-vreca-za-spavanje-on-the-move-cozy-tog-2-5-stellar-18-36-l-2\\\/#primaryimage\"},\"image\":{\"@id\":\"https:\\\/\\\/najnaj.eu\\\/fr\\\/proizvod\\\/2-u-1-vreca-za-spavanje-on-the-move-cozy-tog-2-5-stellar-18-36-l-2\\\/#primaryimage\"},\"thumbnailUrl\":\"https:\\\/\\\/najnaj.eu\\\/wp-content\\\/uploads\\\/2023\\\/08\\\/ON-THE-MOVE-SLEEP-BAG_STELLAR_SLBMDSTELL1_SLBMDSTELL25_SLBLGSTELL1_SLBLGSTELL25_01-Large.jpg\",\"datePublished\":\"2021-04-07T09:56:39+00:00\",\"dateModified\":\"2026-02-04T10:36:56+00:00\",\"breadcrumb\":{\"@id\":\"https:\\\/\\\/najnaj.eu\\\/fr\\\/proizvod\\\/2-u-1-vreca-za-spavanje-on-the-move-cozy-tog-2-5-stellar-18-36-l-2\\\/#breadcrumb\"},\"inLanguage\":\"fr-FR\",\"potentialAction\":[{\"@type\":\"ReadAction\",\"target\":[\"https:\\\/\\\/najnaj.eu\\\/fr\\\/proizvod\\\/2-u-1-vreca-za-spavanje-on-the-move-cozy-tog-2-5-stellar-18-36-l-2\\\/\"]}]},{\"@type\":\"ImageObject\",\"inLanguage\":\"fr-FR\",\"@id\":\"https:\\\/\\\/najnaj.eu\\\/fr\\\/proizvod\\\/2-u-1-vreca-za-spavanje-on-the-move-cozy-tog-2-5-stellar-18-36-l-2\\\/#primaryimage\",\"url\":\"https:\\\/\\\/najnaj.eu\\\/wp-content\\\/uploads\\\/2023\\\/08\\\/ON-THE-MOVE-SLEEP-BAG_STELLAR_SLBMDSTELL1_SLBMDSTELL25_SLBLGSTELL1_SLBLGSTELL25_01-Large.jpg\",\"contentUrl\":\"https:\\\/\\\/najnaj.eu\\\/wp-content\\\/uploads\\\/2023\\\/08\\\/ON-THE-MOVE-SLEEP-BAG_STELLAR_SLBMDSTELL1_SLBMDSTELL25_SLBLGSTELL1_SLBLGSTELL25_01-Large.jpg\",\"width\":1080,\"height\":1080},{\"@type\":\"BreadcrumbList\",\"@id\":\"https:\\\/\\\/najnaj.eu\\\/fr\\\/proizvod\\\/2-u-1-vreca-za-spavanje-on-the-move-cozy-tog-2-5-stellar-18-36-l-2\\\/#breadcrumb\",\"itemListElement\":[{\"@type\":\"ListItem\",\"position\":1,\"name\":\"Po\u010detna stranica\",\"item\":\"https:\\\/\\\/najnaj.eu\\\/fr\\\/\"},{\"@type\":\"ListItem\",\"position\":2,\"name\":\"Trgovina\",\"item\":\"https:\\\/\\\/najnaj.hr\\\/trgovina\\\/\"},{\"@type\":\"ListItem\",\"position\":3,\"name\":\"Ergobaby 2-u-1 vre\u0107a za spavanje On The Move Cozy (TOG 1.0), Stellar (18-36\\\/L)\"}]},{\"@type\":\"WebSite\",\"@id\":\"https:\\\/\\\/najnaj.eu\\\/fr\\\/#website\",\"url\":\"https:\\\/\\\/najnaj.eu\\\/fr\\\/\",\"name\":\"NajNaj.eu\",\"description\":\"Za najva\u017enije!\",\"potentialAction\":[{\"@type\":\"SearchAction\",\"target\":{\"@type\":\"EntryPoint\",\"urlTemplate\":\"https:\\\/\\\/najnaj.eu\\\/fr\\\/?s={search_term_string}\"},\"query-input\":{\"@type\":\"PropertyValueSpecification\",\"valueRequired\":true,\"valueName\":\"search_term_string\"}}],\"inLanguage\":\"fr-FR\"}]}<\/script>\n<meta property=\"product:brand\" content=\"Ergobaby\" \/>\n<meta property=\"product:price:amount\" content=\"44.90\" \/>\n<meta property=\"product:price:currency\" content=\"EUR\" \/>\n<meta property=\"og:availability\" content=\"instock\" \/>\n<meta property=\"product:availability\" content=\"instock\" \/>\n<meta property=\"product:retailer_item_id\" content=\"SLBLGSTELL1\" \/>\n<meta property=\"product:condition\" content=\"new\" \/>\n<!-- \/ Yoast SEO Premium plugin. -->","yoast_head_json":{"title":"Ergobaby 2-u-1 vre\u0107a za spavanje On The Move Cozy (TOG 1.0), Stellar (18-36\/L) - NajNaj.eu","robots":{"index":"index","follow":"follow","max-snippet":"max-snippet:-1","max-image-preview":"max-image-preview:large","max-video-preview":"max-video-preview:-1"},"canonical":"https:\/\/najnaj.eu\/fr\/proizvod\/2-u-1-vreca-za-spavanje-on-the-move-cozy-tog-2-5-stellar-18-36-l-2\/","og_locale":"fr_FR","og_type":"article","og_title":"Ergobaby 2-u-1 vre\u0107a za spavanje On The Move Cozy (TOG 1.0), Stellar (18-36\/L)","og_description":"omogu\u0107uje brzu promjenu pelena  otvori za noge koji se mogu sakriti  pogodna za putovanja - utor za pojaseve u kolicima i autosjedalicama  debljina: TOG 1.0 (prijelazno vrijeme)  \u00a0 Jednostavna upotreba  \u00a0 Jednostavna promjena pelena  \u00a0 Prozra\u010dan pamuk  \u00a0 100% pamuk","og_url":"https:\/\/najnaj.eu\/fr\/proizvod\/2-u-1-vreca-za-spavanje-on-the-move-cozy-tog-2-5-stellar-18-36-l-2\/","og_site_name":"NajNaj.eu","article_publisher":"https:\/\/web.facebook.com\/najnaj.eu\/","article_modified_time":"2026-02-04T10:36:56+00:00","og_image":[{"width":1080,"height":1080,"url":"https:\/\/najnaj.eu\/wp-content\/uploads\/2023\/08\/ON-THE-MOVE-SLEEP-BAG_STELLAR_SLBMDSTELL1_SLBMDSTELL25_SLBLGSTELL1_SLBLGSTELL25_01-Large.jpg","type":"image\/jpeg"}],"twitter_card":"summary_large_image","twitter_misc":{"Prix":"44,90&nbsp;&euro;","Disponibilit\u00e9":"En stock"},"schema":{"@context":"https:\/\/schema.org","@graph":[{"@type":"WebPage","@id":"https:\/\/najnaj.eu\/fr\/proizvod\/2-u-1-vreca-za-spavanje-on-the-move-cozy-tog-2-5-stellar-18-36-l-2\/","url":"https:\/\/najnaj.eu\/fr\/proizvod\/2-u-1-vreca-za-spavanje-on-the-move-cozy-tog-2-5-stellar-18-36-l-2\/","name":"Ergobaby 2-u-1 vre\u0107a za spavanje On The Move Cozy (TOG 1.0), Stellar (18-36\/L) - NajNaj.eu","isPartOf":{"@id":"https:\/\/najnaj.eu\/fr\/#website"},"primaryImageOfPage":{"@id":"https:\/\/najnaj.eu\/fr\/proizvod\/2-u-1-vreca-za-spavanje-on-the-move-cozy-tog-2-5-stellar-18-36-l-2\/#primaryimage"},"image":{"@id":"https:\/\/najnaj.eu\/fr\/proizvod\/2-u-1-vreca-za-spavanje-on-the-move-cozy-tog-2-5-stellar-18-36-l-2\/#primaryimage"},"thumbnailUrl":"https:\/\/najnaj.eu\/wp-content\/uploads\/2023\/08\/ON-THE-MOVE-SLEEP-BAG_STELLAR_SLBMDSTELL1_SLBMDSTELL25_SLBLGSTELL1_SLBLGSTELL25_01-Large.jpg","datePublished":"2021-04-07T09:56:39+00:00","dateModified":"2026-02-04T10:36:56+00:00","breadcrumb":{"@id":"https:\/\/najnaj.eu\/fr\/proizvod\/2-u-1-vreca-za-spavanje-on-the-move-cozy-tog-2-5-stellar-18-36-l-2\/#breadcrumb"},"inLanguage":"fr-FR","potentialAction":[{"@type":"ReadAction","target":["https:\/\/najnaj.eu\/fr\/proizvod\/2-u-1-vreca-za-spavanje-on-the-move-cozy-tog-2-5-stellar-18-36-l-2\/"]}]},{"@type":"ImageObject","inLanguage":"fr-FR","@id":"https:\/\/najnaj.eu\/fr\/proizvod\/2-u-1-vreca-za-spavanje-on-the-move-cozy-tog-2-5-stellar-18-36-l-2\/#primaryimage","url":"https:\/\/najnaj.eu\/wp-content\/uploads\/2023\/08\/ON-THE-MOVE-SLEEP-BAG_STELLAR_SLBMDSTELL1_SLBMDSTELL25_SLBLGSTELL1_SLBLGSTELL25_01-Large.jpg","contentUrl":"https:\/\/najnaj.eu\/wp-content\/uploads\/2023\/08\/ON-THE-MOVE-SLEEP-BAG_STELLAR_SLBMDSTELL1_SLBMDSTELL25_SLBLGSTELL1_SLBLGSTELL25_01-Large.jpg","width":1080,"height":1080},{"@type":"BreadcrumbList","@id":"https:\/\/najnaj.eu\/fr\/proizvod\/2-u-1-vreca-za-spavanje-on-the-move-cozy-tog-2-5-stellar-18-36-l-2\/#breadcrumb","itemListElement":[{"@type":"ListItem","position":1,"name":"Po\u010detna stranica","item":"https:\/\/najnaj.eu\/fr\/"},{"@type":"ListItem","position":2,"name":"Trgovina","item":"https:\/\/najnaj.hr\/trgovina\/"},{"@type":"ListItem","position":3,"name":"Ergobaby 2-u-1 vre\u0107a za spavanje On The Move Cozy (TOG 1.0), Stellar (18-36\/L)"}]},{"@type":"WebSite","@id":"https:\/\/najnaj.eu\/fr\/#website","url":"https:\/\/najnaj.eu\/fr\/","name":"NajNaj.eu","description":"Za najva\u017enije!","potentialAction":[{"@type":"SearchAction","target":{"@type":"EntryPoint","urlTemplate":"https:\/\/najnaj.eu\/fr\/?s={search_term_string}"},"query-input":{"@type":"PropertyValueSpecification","valueRequired":true,"valueName":"search_term_string"}}],"inLanguage":"fr-FR"}]},"product_brand":"Ergobaby","product_price_amount":"44.90","product_price_currency":"EUR","og_availability":"instock","product_availability":"instock","product_retailer_item_id":"SLBLGSTELL1","product_condition":"new"},"_links":{"self":[{"href":"https:\/\/najnaj.eu\/fr\/wp-json\/wp\/v2\/product\/149901","targetHints":{"allow":["GET"]}}],"collection":[{"href":"https:\/\/najnaj.eu\/fr\/wp-json\/wp\/v2\/product"}],"about":[{"href":"https:\/\/najnaj.eu\/fr\/wp-json\/wp\/v2\/types\/product"}],"replies":[{"embeddable":true,"href":"https:\/\/najnaj.eu\/fr\/wp-json\/wp\/v2\/comments?post=149901"}],"version-history":[{"count":0,"href":"https:\/\/najnaj.eu\/fr\/wp-json\/wp\/v2\/product\/149901\/revisions"}],"wp:featuredmedia":[{"embeddable":true,"href":"https:\/\/najnaj.eu\/fr\/wp-json\/wp\/v2\/media\/88508"}],"wp:attachment":[{"href":"https:\/\/najnaj.eu\/fr\/wp-json\/wp\/v2\/media?parent=149901"}],"wp:term":[{"taxonomy":"product_brand","embeddable":true,"href":"https:\/\/najnaj.eu\/fr\/wp-json\/wp\/v2\/product_brand?post=149901"},{"taxonomy":"product_cat","embeddable":true,"href":"https:\/\/najnaj.eu\/fr\/wp-json\/wp\/v2\/product_cat?post=149901"},{"taxonomy":"product_tag","embeddable":true,"href":"https:\/\/najnaj.eu\/fr\/wp-json\/wp\/v2\/product_tag?post=149901"}],"curies":[{"name":"wp","href":"https:\/\/api.w.org\/{rel}","templated":true}]}}