{"id":149842,"date":"2023-09-19T10:55:35","date_gmt":"2023-09-19T08:55:35","guid":{"rendered":"https:\/\/najnaj.hr\/proizvod\/ergobaby-embrace-nosiljka-blush-pink\/"},"modified":"2026-02-04T10:52:46","modified_gmt":"2026-02-04T09:52:46","slug":"ergobaby-embrace-nosiljka-blush-pink","status":"publish","type":"product","link":"https:\/\/najnaj.eu\/fr\/proizvod\/ergobaby-embrace-nosiljka-blush-pink\/","title":{"rendered":"Ergobaby Embrace nosiljka, Blush Pink"},"content":{"rendered":"<p>Udobna nosiljka za novoro\u0111en\u010dad Embrace Ergobabyjev je odgovor na potra\u017enju roditelja \u0161irom svijeta koji tra\u017ee meku i udobnu opciju za no\u0161enje novoro\u0111en\u010deta jednostavniju od marame.<br \/>\nNosiljka Embrace pru\u017ea:<\/p>\n<p>\u2022 <strong>Nje\u017enost i meko\u0107u<\/strong> \u2013 meko i udobno pletivo nje\u017eno priljubljuje dijete uz roditelja i pru\u017ea mu oslonac<br \/>\n\u2022 <strong>Jednostavnost<\/strong> \u2013 bez kompliciranog vezivanja \u010dvorova. Embrace ima pojas oko struka i ramene trake koji se jednostavno zakop\u010davaju. Kad beba malo poraste, jednostavno je prebacite iz na\u010dina za novoro\u0111en\u010de u na\u010din za dojen\u010de i dalje je nosite prema sebi. A kad beba bude spremna i roditelji to \u017eele, okretanje prema naprijed tako\u0111er je jednostavno i lako.<br \/>\n\u2022 <strong>Udobnost<\/strong> \u2013 kako za bebu, tako i za roditelja. Ergonomsko i udobno podesivo sjedi\u0161te prilago\u0111ava se kako beba raste. Naramenice nosiljke mogu se pro\u0161iriti za dodatnu potporu bebi i roditelju.<br \/>\n\u2022 <strong>Kompaktnost<\/strong> \u2013 kada se ne koristi, nosiljka se mo\u017ee smotati i pospremiti. Zahvaljuju\u0107i maloj veli\u010dini mo\u017ee stati u torbu za pelene i biti pri ruci kad god je potrebna.<br \/>\n\u2022 <strong>Dobar oslonac<\/strong> \u2013 ra\u0161irive ramene trake dr\u017ee tkaninu i na taj na\u010din podr\u017eavaju bebin vrat i tako pru\u017eaju nje\u017ean i udoban oslonac.<br \/>\nPodstavljena potpora za vrat pru\u017ea dodatni oslonac za glavu novoro\u0111en\u010deta.<\/p>\n<p>Nosiljka Ergobaby Embrace mo\u017ee se koristiti za djecu od <strong>3,2 do 11,3 kg<\/strong>. Tkanina nosiljke Embrace ima certifikat Oeko-Tex Standard 100. S nosiljkom Ergobaby Embrace dobiva se desetogodi\u0161nje jamstvo <a href=\"https:\/\/ergobaby.hr\/jamstvo-ergopromise\/\"><strong>ErgoPromise.<\/strong><\/a><\/p>\n<p>[ux_video url=\u00a0\u00bbhttps:\/\/www.youtube.com\/watch?v=j_Iv3DiRkvk\u00a0\u00bb height=\u00a0\u00bb50%\u00a0\u00bb]<\/p>\n<p style=\"text-align: center;\"><strong><em>Nosiljka Embrace spaja ugodnu meko\u0107u elasti\u010dne marame za no\u0161enje i jednostavnost te udobnost oblikovane nosiljke. <\/em><\/strong><\/p>\n<p style=\"text-align: center;\"><strong><em>Dizajnirana za sigurnost i u\u0161u\u0161kanost bebe od samog po\u010detka.<\/em><\/strong><\/p>\n","protected":false},"excerpt":{"rendered":"<p>Na\u0161a meka, nje\u017ena i superudobna nosiljka za novoro\u0111en\u010dad najsla\u0111i je na\u010din za uspostavljanje bliskog kontakta. Bez kompliciranog omatanja ili vezivanja. Ergobaby Embrace omogu\u0107uje vama i bebi da izbliza prona\u0111ete nov zajedni\u010dki ritam.<\/p>\n<table width=\"715\">\n<tbody>\n<tr>\n<td width=\"715\"><strong>Udobnost za bebu <\/strong>\u2013 meko tkanje nje\u017eno priljubljuje dijete uz roditelja i pru\u017ea mu oslonac<\/td>\n<\/tr>\n<\/tbody>\n<\/table>\n<table width=\"715\">\n<tbody>\n<tr>\n<td width=\"715\"><strong>Jednostavnost\u00a0<\/strong>\u2013 jednostavno zakop\u010davanje bez napornog omatanja ili vi\u0161ka tkanine<\/td>\n<\/tr>\n<tr>\n<td width=\"715\"><strong>Udobnost za roditelja<\/strong>\u00a0\u2013 potporni pojas oko struka i rastezljive kri\u017ene trake<\/td>\n<\/tr>\n<tr>\n<td><strong>Kompaktnost\u00a0<\/strong>\u2013 jednostavno se slo\u017ei i stavi u torbu za pelene<\/td>\n<\/tr>\n<\/tbody>\n<\/table>\n<p><span style=\"font-size: 100%;\">Tkanina s certifikatom Oeko-Tex Standard 100<\/span><\/p>\n<p><span style=\"font-size: 100%;\">Od 3,2 kg do 11,3 kg<\/span><\/p>\n<p><span style=\"font-size: 100%;\">Tri na\u010dina no\u0161enja:<\/span><\/p>\n<ol>\n<li><span style=\"font-size: 100%;\">Novoro\u0111en\u010de (ispod 58,4 cm)<\/span><\/li>\n<li><span style=\"font-size: 100%;\">Dojen\u010de, prema roditelju (iznad 58,4 cm)<\/span><\/li>\n<li><span style=\"font-size: 100%;\">Dojen\u010de, prema naprijed (iznad 66 cm)<\/span><\/li>\n<\/ol>\n","protected":false},"featured_media":89446,"comment_status":"open","ping_status":"closed","template":"","meta":{"_acf_changed":false,"footnotes":""},"product_brand":[],"product_cat":[733,544,737],"product_tag":[],"class_list":{"0":"post-149842","1":"product","2":"type-product","3":"status-publish","4":"has-post-thumbnail","6":"product_cat-2-polozaja-nosenja","7":"product_cat-nosiljke","8":"product_cat-za-prvih-godinu-dana","9":"pa_boja-roza","10":"pa_brand-ergobaby","12":"first","13":"instock","14":"purchasable","15":"product-type-simple"},"bundled_by":[],"bundle_stock_status":"instock","bundle_stock_quantity":1,"bundle_virtual":false,"bundle_layout":"","bundle_add_to_cart_form_location":"","bundle_editable_in_cart":false,"bundle_sold_individually_context":"","bundle_item_grouping":"","bundle_min_size":"","bundle_max_size":"","bundle_price":[],"bundled_items":[],"bundle_sell_ids":[],"acf":[],"yoast_head":"<!-- This site is optimized with the Yoast SEO Premium plugin v21.5 (Yoast SEO v27.4) - https:\/\/yoast.com\/product\/yoast-seo-premium-wordpress\/ -->\n<title>Ergobaby Embrace nosiljka, Blush Pink - NajNaj.eu<\/title>\n<meta name=\"robots\" content=\"index, follow, max-snippet:-1, max-image-preview:large, max-video-preview:-1\" \/>\n<link rel=\"canonical\" href=\"https:\/\/najnaj.eu\/fr\/proizvod\/ergobaby-embrace-nosiljka-blush-pink\/\" \/>\n<meta property=\"og:locale\" content=\"fr_FR\" \/>\n<meta property=\"og:type\" content=\"article\" \/>\n<meta property=\"og:title\" content=\"Ergobaby Embrace nosiljka, Blush Pink\" \/>\n<meta property=\"og:description\" content=\"Na\u0161a meka, nje\u017ena i superudobna nosiljka za novoro\u0111en\u010dad najsla\u0111i je na\u010din za uspostavljanje bliskog kontakta. Bez kompliciranog omatanja ili vezivanja. Ergobaby Embrace omogu\u0107uje vama i bebi da izbliza prona\u0111ete nov zajedni\u010dki ritam.    Udobnost za bebu \u2013 meko tkanje nje\u017eno priljubljuje dijete uz roditelja i pru\u017ea mu oslonac       Jednostavnost\u00a0\u2013 jednostavno zakop\u010davanje bez napornog omatanja ili vi\u0161ka tkanine   Udobnost za roditelja\u00a0\u2013 potporni pojas oko struka i rastezljive kri\u017ene trake   Kompaktnost\u00a0\u2013 jednostavno se slo\u017ei i stavi u torbu za pelene    Tkanina s certifikatom Oeko-Tex Standard 100  Od 3,2 kg do 11,3 kg  Tri na\u010dina no\u0161enja:   Novoro\u0111en\u010de (ispod 58,4 cm)  Dojen\u010de, prema roditelju (iznad 58,4 cm)  Dojen\u010de, prema naprijed (iznad 66 cm)\" \/>\n<meta property=\"og:url\" content=\"https:\/\/najnaj.eu\/fr\/proizvod\/ergobaby-embrace-nosiljka-blush-pink\/\" \/>\n<meta property=\"og:site_name\" content=\"NajNaj.eu\" \/>\n<meta property=\"article:publisher\" content=\"https:\/\/web.facebook.com\/najnaj.eu\/\" \/>\n<meta property=\"article:modified_time\" content=\"2026-02-04T09:52:46+00:00\" \/>\n<meta property=\"og:image\" content=\"https:\/\/najnaj.eu\/wp-content\/uploads\/2023\/08\/Embrace_Blush_Pink_BCEMAPNK_IFI-4521x6720-ebaf068.jpg\" \/>\n\t<meta property=\"og:image:width\" content=\"969\" \/>\n\t<meta property=\"og:image:height\" content=\"1440\" \/>\n\t<meta property=\"og:image:type\" content=\"image\/jpeg\" \/>\n<meta name=\"twitter:card\" content=\"summary_large_image\" \/>\n<meta name=\"twitter:label1\" content=\"Prix\" \/>\n\t<meta name=\"twitter:data1\" content=\"99,90&nbsp;&euro;\" \/>\n\t<meta name=\"twitter:label2\" content=\"Disponibilit\u00e9\" \/>\n\t<meta name=\"twitter:data2\" content=\"En stock\" \/>\n<script type=\"application\/ld+json\" class=\"yoast-schema-graph\">{\"@context\":\"https:\\\/\\\/schema.org\",\"@graph\":[{\"@type\":\"WebPage\",\"@id\":\"https:\\\/\\\/najnaj.eu\\\/fr\\\/proizvod\\\/ergobaby-embrace-nosiljka-blush-pink\\\/\",\"url\":\"https:\\\/\\\/najnaj.eu\\\/fr\\\/proizvod\\\/ergobaby-embrace-nosiljka-blush-pink\\\/\",\"name\":\"Ergobaby Embrace nosiljka, Blush Pink - NajNaj.eu\",\"isPartOf\":{\"@id\":\"https:\\\/\\\/najnaj.eu\\\/fr\\\/#website\"},\"primaryImageOfPage\":{\"@id\":\"https:\\\/\\\/najnaj.eu\\\/fr\\\/proizvod\\\/ergobaby-embrace-nosiljka-blush-pink\\\/#primaryimage\"},\"image\":{\"@id\":\"https:\\\/\\\/najnaj.eu\\\/fr\\\/proizvod\\\/ergobaby-embrace-nosiljka-blush-pink\\\/#primaryimage\"},\"thumbnailUrl\":\"https:\\\/\\\/najnaj.eu\\\/wp-content\\\/uploads\\\/2023\\\/08\\\/Embrace_Blush_Pink_BCEMAPNK_IFI-4521x6720-ebaf068.jpg\",\"datePublished\":\"2023-09-19T08:55:35+00:00\",\"dateModified\":\"2026-02-04T09:52:46+00:00\",\"breadcrumb\":{\"@id\":\"https:\\\/\\\/najnaj.eu\\\/fr\\\/proizvod\\\/ergobaby-embrace-nosiljka-blush-pink\\\/#breadcrumb\"},\"inLanguage\":\"fr-FR\",\"potentialAction\":[{\"@type\":\"ReadAction\",\"target\":[\"https:\\\/\\\/najnaj.eu\\\/fr\\\/proizvod\\\/ergobaby-embrace-nosiljka-blush-pink\\\/\"]}]},{\"@type\":\"ImageObject\",\"inLanguage\":\"fr-FR\",\"@id\":\"https:\\\/\\\/najnaj.eu\\\/fr\\\/proizvod\\\/ergobaby-embrace-nosiljka-blush-pink\\\/#primaryimage\",\"url\":\"https:\\\/\\\/najnaj.eu\\\/wp-content\\\/uploads\\\/2023\\\/08\\\/Embrace_Blush_Pink_BCEMAPNK_IFI-4521x6720-ebaf068.jpg\",\"contentUrl\":\"https:\\\/\\\/najnaj.eu\\\/wp-content\\\/uploads\\\/2023\\\/08\\\/Embrace_Blush_Pink_BCEMAPNK_IFI-4521x6720-ebaf068.jpg\",\"width\":969,\"height\":1440,\"caption\":\"Nosiljka za novoro\u0111en\u010dad\"},{\"@type\":\"BreadcrumbList\",\"@id\":\"https:\\\/\\\/najnaj.eu\\\/fr\\\/proizvod\\\/ergobaby-embrace-nosiljka-blush-pink\\\/#breadcrumb\",\"itemListElement\":[{\"@type\":\"ListItem\",\"position\":1,\"name\":\"Po\u010detna stranica\",\"item\":\"https:\\\/\\\/najnaj.eu\\\/fr\\\/\"},{\"@type\":\"ListItem\",\"position\":2,\"name\":\"Trgovina\",\"item\":\"https:\\\/\\\/najnaj.hr\\\/trgovina\\\/\"},{\"@type\":\"ListItem\",\"position\":3,\"name\":\"Ergobaby Embrace nosiljka, Blush Pink\"}]},{\"@type\":\"WebSite\",\"@id\":\"https:\\\/\\\/najnaj.eu\\\/fr\\\/#website\",\"url\":\"https:\\\/\\\/najnaj.eu\\\/fr\\\/\",\"name\":\"NajNaj.eu\",\"description\":\"Za najva\u017enije!\",\"potentialAction\":[{\"@type\":\"SearchAction\",\"target\":{\"@type\":\"EntryPoint\",\"urlTemplate\":\"https:\\\/\\\/najnaj.eu\\\/fr\\\/?s={search_term_string}\"},\"query-input\":{\"@type\":\"PropertyValueSpecification\",\"valueRequired\":true,\"valueName\":\"search_term_string\"}}],\"inLanguage\":\"fr-FR\"}]}<\/script>\n<meta property=\"product:brand\" content=\"Ergobaby\" \/>\n<meta property=\"product:price:amount\" content=\"99.90\" \/>\n<meta property=\"product:price:currency\" content=\"EUR\" \/>\n<meta property=\"og:availability\" content=\"instock\" \/>\n<meta property=\"product:availability\" content=\"instock\" \/>\n<meta property=\"product:retailer_item_id\" content=\"BCEMAPNK\" \/>\n<meta property=\"product:condition\" content=\"new\" \/>\n<!-- \/ Yoast SEO Premium plugin. -->","yoast_head_json":{"title":"Ergobaby Embrace nosiljka, Blush Pink - NajNaj.eu","robots":{"index":"index","follow":"follow","max-snippet":"max-snippet:-1","max-image-preview":"max-image-preview:large","max-video-preview":"max-video-preview:-1"},"canonical":"https:\/\/najnaj.eu\/fr\/proizvod\/ergobaby-embrace-nosiljka-blush-pink\/","og_locale":"fr_FR","og_type":"article","og_title":"Ergobaby Embrace nosiljka, Blush Pink","og_description":"Na\u0161a meka, nje\u017ena i superudobna nosiljka za novoro\u0111en\u010dad najsla\u0111i je na\u010din za uspostavljanje bliskog kontakta. Bez kompliciranog omatanja ili vezivanja. Ergobaby Embrace omogu\u0107uje vama i bebi da izbliza prona\u0111ete nov zajedni\u010dki ritam.    Udobnost za bebu \u2013 meko tkanje nje\u017eno priljubljuje dijete uz roditelja i pru\u017ea mu oslonac       Jednostavnost\u00a0\u2013 jednostavno zakop\u010davanje bez napornog omatanja ili vi\u0161ka tkanine   Udobnost za roditelja\u00a0\u2013 potporni pojas oko struka i rastezljive kri\u017ene trake   Kompaktnost\u00a0\u2013 jednostavno se slo\u017ei i stavi u torbu za pelene    Tkanina s certifikatom Oeko-Tex Standard 100  Od 3,2 kg do 11,3 kg  Tri na\u010dina no\u0161enja:   Novoro\u0111en\u010de (ispod 58,4 cm)  Dojen\u010de, prema roditelju (iznad 58,4 cm)  Dojen\u010de, prema naprijed (iznad 66 cm)","og_url":"https:\/\/najnaj.eu\/fr\/proizvod\/ergobaby-embrace-nosiljka-blush-pink\/","og_site_name":"NajNaj.eu","article_publisher":"https:\/\/web.facebook.com\/najnaj.eu\/","article_modified_time":"2026-02-04T09:52:46+00:00","og_image":[{"width":969,"height":1440,"url":"https:\/\/najnaj.eu\/wp-content\/uploads\/2023\/08\/Embrace_Blush_Pink_BCEMAPNK_IFI-4521x6720-ebaf068.jpg","type":"image\/jpeg"}],"twitter_card":"summary_large_image","twitter_misc":{"Prix":"99,90&nbsp;&euro;","Disponibilit\u00e9":"En stock"},"schema":{"@context":"https:\/\/schema.org","@graph":[{"@type":"WebPage","@id":"https:\/\/najnaj.eu\/fr\/proizvod\/ergobaby-embrace-nosiljka-blush-pink\/","url":"https:\/\/najnaj.eu\/fr\/proizvod\/ergobaby-embrace-nosiljka-blush-pink\/","name":"Ergobaby Embrace nosiljka, Blush Pink - NajNaj.eu","isPartOf":{"@id":"https:\/\/najnaj.eu\/fr\/#website"},"primaryImageOfPage":{"@id":"https:\/\/najnaj.eu\/fr\/proizvod\/ergobaby-embrace-nosiljka-blush-pink\/#primaryimage"},"image":{"@id":"https:\/\/najnaj.eu\/fr\/proizvod\/ergobaby-embrace-nosiljka-blush-pink\/#primaryimage"},"thumbnailUrl":"https:\/\/najnaj.eu\/wp-content\/uploads\/2023\/08\/Embrace_Blush_Pink_BCEMAPNK_IFI-4521x6720-ebaf068.jpg","datePublished":"2023-09-19T08:55:35+00:00","dateModified":"2026-02-04T09:52:46+00:00","breadcrumb":{"@id":"https:\/\/najnaj.eu\/fr\/proizvod\/ergobaby-embrace-nosiljka-blush-pink\/#breadcrumb"},"inLanguage":"fr-FR","potentialAction":[{"@type":"ReadAction","target":["https:\/\/najnaj.eu\/fr\/proizvod\/ergobaby-embrace-nosiljka-blush-pink\/"]}]},{"@type":"ImageObject","inLanguage":"fr-FR","@id":"https:\/\/najnaj.eu\/fr\/proizvod\/ergobaby-embrace-nosiljka-blush-pink\/#primaryimage","url":"https:\/\/najnaj.eu\/wp-content\/uploads\/2023\/08\/Embrace_Blush_Pink_BCEMAPNK_IFI-4521x6720-ebaf068.jpg","contentUrl":"https:\/\/najnaj.eu\/wp-content\/uploads\/2023\/08\/Embrace_Blush_Pink_BCEMAPNK_IFI-4521x6720-ebaf068.jpg","width":969,"height":1440,"caption":"Nosiljka za novoro\u0111en\u010dad"},{"@type":"BreadcrumbList","@id":"https:\/\/najnaj.eu\/fr\/proizvod\/ergobaby-embrace-nosiljka-blush-pink\/#breadcrumb","itemListElement":[{"@type":"ListItem","position":1,"name":"Po\u010detna stranica","item":"https:\/\/najnaj.eu\/fr\/"},{"@type":"ListItem","position":2,"name":"Trgovina","item":"https:\/\/najnaj.hr\/trgovina\/"},{"@type":"ListItem","position":3,"name":"Ergobaby Embrace nosiljka, Blush Pink"}]},{"@type":"WebSite","@id":"https:\/\/najnaj.eu\/fr\/#website","url":"https:\/\/najnaj.eu\/fr\/","name":"NajNaj.eu","description":"Za najva\u017enije!","potentialAction":[{"@type":"SearchAction","target":{"@type":"EntryPoint","urlTemplate":"https:\/\/najnaj.eu\/fr\/?s={search_term_string}"},"query-input":{"@type":"PropertyValueSpecification","valueRequired":true,"valueName":"search_term_string"}}],"inLanguage":"fr-FR"}]},"product_brand":"Ergobaby","product_price_amount":"99.90","product_price_currency":"EUR","og_availability":"instock","product_availability":"instock","product_retailer_item_id":"BCEMAPNK","product_condition":"new"},"_links":{"self":[{"href":"https:\/\/najnaj.eu\/fr\/wp-json\/wp\/v2\/product\/149842","targetHints":{"allow":["GET"]}}],"collection":[{"href":"https:\/\/najnaj.eu\/fr\/wp-json\/wp\/v2\/product"}],"about":[{"href":"https:\/\/najnaj.eu\/fr\/wp-json\/wp\/v2\/types\/product"}],"replies":[{"embeddable":true,"href":"https:\/\/najnaj.eu\/fr\/wp-json\/wp\/v2\/comments?post=149842"}],"version-history":[{"count":0,"href":"https:\/\/najnaj.eu\/fr\/wp-json\/wp\/v2\/product\/149842\/revisions"}],"wp:featuredmedia":[{"embeddable":true,"href":"https:\/\/najnaj.eu\/fr\/wp-json\/wp\/v2\/media\/89446"}],"wp:attachment":[{"href":"https:\/\/najnaj.eu\/fr\/wp-json\/wp\/v2\/media?parent=149842"}],"wp:term":[{"taxonomy":"product_brand","embeddable":true,"href":"https:\/\/najnaj.eu\/fr\/wp-json\/wp\/v2\/product_brand?post=149842"},{"taxonomy":"product_cat","embeddable":true,"href":"https:\/\/najnaj.eu\/fr\/wp-json\/wp\/v2\/product_cat?post=149842"},{"taxonomy":"product_tag","embeddable":true,"href":"https:\/\/najnaj.eu\/fr\/wp-json\/wp\/v2\/product_tag?post=149842"}],"curies":[{"name":"wp","href":"https:\/\/api.w.org\/{rel}","templated":true}]}}