{"id":149836,"date":"2020-09-17T09:17:14","date_gmt":"2020-09-17T07:17:14","guid":{"rendered":"https:\/\/najnaj.hr\/proizvod\/swaddler-vreca-za-spavanje-steller\/"},"modified":"2026-01-13T19:33:51","modified_gmt":"2026-01-13T18:33:51","slug":"swaddler-vreca-za-spavanje-steller","status":"publish","type":"product","link":"https:\/\/najnaj.eu\/fr\/proizvod\/swaddler-vreca-za-spavanje-steller\/","title":{"rendered":"Ergobaby Swaddler vre\u0107a za spavanje, Stellar"},"content":{"rendered":"<h1 class=\"alt-font\"><span data-text-color=\"secondary\">Inovativni proizvod za miran i dug san<\/span><\/h1>\n<p>&nbsp;<\/p>\n<p>Novi roditelji vole na\u0161u vre\u0107u za spavanje s rukavi\u0107ima za zamatanje (Swaddler). Kori\u0161tenjem Ergobaby Swaddler vre\u0107e za spavanje, na siguran, jednostavan i u\u010dinkovit na\u010din osigurava se du\u017ei i mirniji san djeteta, s inovativnim zna\u010dajkama koje sprje\u010davaju da se naglo probudi ili izvu\u010de iz vre\u0107e. Preporu\u010duju je mame i medicinski stru\u010dnjaci.<br \/>\nNa\u0161 patentirani ergonomski dizajn omogu\u0107uje prirodno kretanje djetetovih kukova i nogu \u0161to i preporu\u010da Me\u0111unarodni institut za displaziju kukova &#8211; International Hip Dysplasia Institute, a odvojiva vre\u0107a za noge omogu\u0107uje promjenu pelene bez odmotavanja ili bu\u0111enja djeteta.<br \/>\nErgobaby Swaddler vre\u0107a za spavanje jedina je vre\u0107a za spavanje na tr\u017ei\u0161tu koja sadr\u017ei patentirani sustav za zdrav polo\u017eaj kukova \u201cHealthy Hip Positioner\u201d koji osigurava ergonomski ispravan i preporu\u010den tzv. \u201c\u017eaba\u201c polo\u017eaj nogu za zdrav razvoj kukova.<\/p>\n<p>&nbsp;<\/p>\n<p>Zna\u010dajke:<\/p>\n<ul>\n<li>Ergonomski dizajn \u2013 ameri\u010dki patent, umetak za dr\u017eanje kukova u zdravom polo\u017eaju \u201eHealthy Hip Positioner\u201c, dr\u017ei noge i kukove dojen\u010deta u pravilnom ergonomskom polo\u017eaju koji omogu\u0107uje zdrav razvoj kukova. Swaddler vre\u0107a za spavanje tako\u0111er je dizajnirana tako da dr\u017ei ruke u prirodnom polo\u017eaju \u00ab\u00a0na srcu\u00a0\u00bb (\u0161to ujedno onemogu\u0107ava da se dojen\u010de slu\u010dajno ogrebe po licu).<\/li>\n<li>Jednostavna za kori\u0161tenje &#8211; osigurava dojen\u010detu udobnost i sigurnost u samo nekoliko jednostavnih koraka.<\/li>\n<li>Osiguranje od odmotavanja &#8211; specijalno dizajnirani d\u017eepovi za ruke i noge dr\u017ee Ergobaby Swaddler vre\u0107u za spavanje u fiksiranom polo\u017eaju, te onemogu\u0107avaju njeno pomicanje ili odmatanje.<\/li>\n<li>Jedinstvena prakti\u010dnost \u2013 Swaddler vre\u0107a za spavanje sadr\u017ei originalni \u201epomi\u010dni d\u017eep za noge\u201c koji omogu\u0107ava brz pristup peleni, te jednostavno prematanje bebe.<\/li>\n<li>Zamatanje i siguran polo\u017eaj kukova osiguran je kvalitetnim \u010di\u010dak sistemom.<\/li>\n<\/ul>\n","protected":false},"excerpt":{"rendered":"<p>&nbsp;<\/p>\n<ul>\n<li>omogu\u0107ava du\u017ee i mirnije spavanje dojen\u010deta<\/li>\n<li>ergonomski dizajnirana<\/li>\n<li>jednostavno rukovanje i lako umatanje bebe<\/li>\n<\/ul>\n<p>Za dojen\u010dad od 48 \u2013 61 cm \/ 2,7 \u2013 6,8 kg<\/p>\n<p>&nbsp;<\/p>\n<p><a href=\"https:\/\/ergobaby.hr\/wp-content\/uploads\/2018\/10\/Easy-To-Use.png\"><img loading=\"lazy\" decoding=\"async\" class=\"wp-image-6926 alignnone\" src=\"https:\/\/ergobaby.hr\/wp-content\/uploads\/2018\/10\/Easy-To-Use.png\" alt=\"\" width=\"23\" height=\"23\" \/><\/a>\u00a0 Jednostavna upotreba<\/p>\n<p><a href=\"https:\/\/ergobaby.hr\/wp-content\/uploads\/2018\/10\/Easy-Diaper-Change.png\"><img loading=\"lazy\" decoding=\"async\" class=\" wp-image-6930 alignnone\" src=\"https:\/\/ergobaby.hr\/wp-content\/uploads\/2018\/10\/Easy-Diaper-Change.png\" alt=\"\" width=\"28\" height=\"28\" \/><\/a>\u00a0 Jednostavna promjena pelena<\/p>\n<p><a href=\"https:\/\/ergobaby.hr\/wp-content\/uploads\/2018\/10\/Healthy-Hip-position.png\"><img loading=\"lazy\" decoding=\"async\" class=\" wp-image-6934 alignnone\" src=\"https:\/\/ergobaby.hr\/wp-content\/uploads\/2018\/10\/Healthy-Hip-position.png\" alt=\"\" width=\"28\" height=\"28\" \/><\/a>\u00a0 Zdrav polo\u017eaj kukova<\/p>\n<p><a href=\"https:\/\/ergobaby.hr\/wp-content\/uploads\/2018\/10\/Escape-Proof.png\"><img loading=\"lazy\" decoding=\"async\" class=\" wp-image-6938 alignnone\" src=\"https:\/\/ergobaby.hr\/wp-content\/uploads\/2018\/10\/Escape-Proof.png\" alt=\"\" width=\"28\" height=\"28\" \/><\/a>\u00a0 Za\u0161tita od izvla\u010denja \u2013 d\u017eepovi za ruke<\/p>\n<p><a href=\"https:\/\/ergobaby.hr\/wp-content\/uploads\/2019\/04\/Breathable-Cotton.png\"><img loading=\"lazy\" decoding=\"async\" class=\" wp-image-6998 alignnone\" src=\"https:\/\/ergobaby.hr\/wp-content\/uploads\/2019\/04\/Breathable-Cotton.png\" alt=\"\" width=\"27\" height=\"27\" \/><\/a>\u00a0 Prozra\u010dan pamuk<\/p>\n<p><a href=\"https:\/\/ergobaby.hr\/wp-content\/uploads\/2019\/04\/100_-Cotton.png\"><img loading=\"lazy\" decoding=\"async\" class=\" wp-image-7002 alignnone\" src=\"https:\/\/ergobaby.hr\/wp-content\/uploads\/2019\/04\/100_-Cotton.png\" alt=\"\" width=\"27\" height=\"27\" \/><\/a>\u00a0 100% pamuk<\/p>\n","protected":false},"featured_media":88461,"comment_status":"open","ping_status":"closed","template":"","meta":{"_acf_changed":false,"footnotes":""},"product_brand":[],"product_cat":[749,554],"product_tag":[],"class_list":{"0":"post-149836","1":"product","2":"type-product","3":"status-publish","4":"has-post-thumbnail","6":"product_cat-swaddleri","7":"product_cat-vrece-za-spavanje","8":"pa_boja-plava","9":"pa_brand-ergobaby","11":"first","12":"instock","13":"purchasable","14":"product-type-simple"},"bundled_by":[],"bundle_stock_status":"instock","bundle_stock_quantity":15,"bundle_virtual":false,"bundle_layout":"","bundle_add_to_cart_form_location":"","bundle_editable_in_cart":false,"bundle_sold_individually_context":"","bundle_item_grouping":"","bundle_min_size":"","bundle_max_size":"","bundle_price":[],"bundled_items":[],"bundle_sell_ids":[],"acf":[],"yoast_head":"<!-- This site is optimized with the Yoast SEO Premium plugin v21.5 (Yoast SEO v27.4) - https:\/\/yoast.com\/product\/yoast-seo-premium-wordpress\/ -->\n<title>Ergobaby Swaddler vre\u0107a za spavanje, Stellar - NajNaj.eu<\/title>\n<meta name=\"robots\" content=\"index, follow, max-snippet:-1, max-image-preview:large, max-video-preview:-1\" \/>\n<link rel=\"canonical\" href=\"https:\/\/najnaj.eu\/fr\/proizvod\/swaddler-vreca-za-spavanje-steller\/\" \/>\n<meta property=\"og:locale\" content=\"fr_FR\" \/>\n<meta property=\"og:type\" content=\"article\" \/>\n<meta property=\"og:title\" content=\"Ergobaby Swaddler vre\u0107a za spavanje, Stellar\" \/>\n<meta property=\"og:description\" content=\"&nbsp;   omogu\u0107ava du\u017ee i mirnije spavanje dojen\u010deta  ergonomski dizajnirana  jednostavno rukovanje i lako umatanje bebe  Za dojen\u010dad od 48 \u2013 61 cm \/ 2,7 \u2013 6,8 kg  &nbsp;  \u00a0 Jednostavna upotreba  \u00a0 Jednostavna promjena pelena  \u00a0 Zdrav polo\u017eaj kukova  \u00a0 Za\u0161tita od izvla\u010denja \u2013 d\u017eepovi za ruke  \u00a0 Prozra\u010dan pamuk  \u00a0 100% pamuk\" \/>\n<meta property=\"og:url\" content=\"https:\/\/najnaj.eu\/fr\/proizvod\/swaddler-vreca-za-spavanje-steller\/\" \/>\n<meta property=\"og:site_name\" content=\"NajNaj.eu\" \/>\n<meta property=\"article:publisher\" content=\"https:\/\/web.facebook.com\/najnaj.eu\/\" \/>\n<meta property=\"article:modified_time\" content=\"2026-01-13T18:33:51+00:00\" \/>\n<meta property=\"og:image\" content=\"https:\/\/najnaj.eu\/wp-content\/uploads\/2023\/08\/SWADDLER_STELLAR_SWASTELL_01-Large.jpg\" \/>\n\t<meta property=\"og:image:width\" content=\"960\" \/>\n\t<meta property=\"og:image:height\" content=\"1440\" \/>\n\t<meta property=\"og:image:type\" content=\"image\/jpeg\" \/>\n<meta name=\"twitter:card\" content=\"summary_large_image\" \/>\n<meta name=\"twitter:label1\" content=\"Prix\" \/>\n\t<meta name=\"twitter:data1\" content=\"24,90&nbsp;&euro;\" \/>\n\t<meta name=\"twitter:label2\" content=\"Disponibilit\u00e9\" \/>\n\t<meta name=\"twitter:data2\" content=\"En stock\" \/>\n<script type=\"application\/ld+json\" class=\"yoast-schema-graph\">{\"@context\":\"https:\\\/\\\/schema.org\",\"@graph\":[{\"@type\":\"WebPage\",\"@id\":\"https:\\\/\\\/najnaj.eu\\\/fr\\\/proizvod\\\/swaddler-vreca-za-spavanje-steller\\\/\",\"url\":\"https:\\\/\\\/najnaj.eu\\\/fr\\\/proizvod\\\/swaddler-vreca-za-spavanje-steller\\\/\",\"name\":\"Ergobaby Swaddler vre\u0107a za spavanje, Stellar - NajNaj.eu\",\"isPartOf\":{\"@id\":\"https:\\\/\\\/najnaj.eu\\\/fr\\\/#website\"},\"primaryImageOfPage\":{\"@id\":\"https:\\\/\\\/najnaj.eu\\\/fr\\\/proizvod\\\/swaddler-vreca-za-spavanje-steller\\\/#primaryimage\"},\"image\":{\"@id\":\"https:\\\/\\\/najnaj.eu\\\/fr\\\/proizvod\\\/swaddler-vreca-za-spavanje-steller\\\/#primaryimage\"},\"thumbnailUrl\":\"https:\\\/\\\/najnaj.eu\\\/wp-content\\\/uploads\\\/2023\\\/08\\\/SWADDLER_STELLAR_SWASTELL_01-Large.jpg\",\"datePublished\":\"2020-09-17T07:17:14+00:00\",\"dateModified\":\"2026-01-13T18:33:51+00:00\",\"breadcrumb\":{\"@id\":\"https:\\\/\\\/najnaj.eu\\\/fr\\\/proizvod\\\/swaddler-vreca-za-spavanje-steller\\\/#breadcrumb\"},\"inLanguage\":\"fr-FR\",\"potentialAction\":[{\"@type\":\"ReadAction\",\"target\":[\"https:\\\/\\\/najnaj.eu\\\/fr\\\/proizvod\\\/swaddler-vreca-za-spavanje-steller\\\/\"]}]},{\"@type\":\"ImageObject\",\"inLanguage\":\"fr-FR\",\"@id\":\"https:\\\/\\\/najnaj.eu\\\/fr\\\/proizvod\\\/swaddler-vreca-za-spavanje-steller\\\/#primaryimage\",\"url\":\"https:\\\/\\\/najnaj.eu\\\/wp-content\\\/uploads\\\/2023\\\/08\\\/SWADDLER_STELLAR_SWASTELL_01-Large.jpg\",\"contentUrl\":\"https:\\\/\\\/najnaj.eu\\\/wp-content\\\/uploads\\\/2023\\\/08\\\/SWADDLER_STELLAR_SWASTELL_01-Large.jpg\",\"width\":960,\"height\":1440},{\"@type\":\"BreadcrumbList\",\"@id\":\"https:\\\/\\\/najnaj.eu\\\/fr\\\/proizvod\\\/swaddler-vreca-za-spavanje-steller\\\/#breadcrumb\",\"itemListElement\":[{\"@type\":\"ListItem\",\"position\":1,\"name\":\"Po\u010detna stranica\",\"item\":\"https:\\\/\\\/najnaj.eu\\\/fr\\\/\"},{\"@type\":\"ListItem\",\"position\":2,\"name\":\"Trgovina\",\"item\":\"https:\\\/\\\/najnaj.hr\\\/trgovina\\\/\"},{\"@type\":\"ListItem\",\"position\":3,\"name\":\"Ergobaby Swaddler vre\u0107a za spavanje, Stellar\"}]},{\"@type\":\"WebSite\",\"@id\":\"https:\\\/\\\/najnaj.eu\\\/fr\\\/#website\",\"url\":\"https:\\\/\\\/najnaj.eu\\\/fr\\\/\",\"name\":\"NajNaj.eu\",\"description\":\"Za najva\u017enije!\",\"potentialAction\":[{\"@type\":\"SearchAction\",\"target\":{\"@type\":\"EntryPoint\",\"urlTemplate\":\"https:\\\/\\\/najnaj.eu\\\/fr\\\/?s={search_term_string}\"},\"query-input\":{\"@type\":\"PropertyValueSpecification\",\"valueRequired\":true,\"valueName\":\"search_term_string\"}}],\"inLanguage\":\"fr-FR\"}]}<\/script>\n<meta property=\"product:brand\" content=\"Ergobaby\" \/>\n<meta property=\"product:price:amount\" content=\"24.90\" \/>\n<meta property=\"product:price:currency\" content=\"EUR\" \/>\n<meta property=\"og:availability\" content=\"instock\" \/>\n<meta property=\"product:availability\" content=\"instock\" \/>\n<meta property=\"product:retailer_item_id\" content=\"SWASTELL\" \/>\n<meta property=\"product:condition\" content=\"new\" \/>\n<!-- \/ Yoast SEO Premium plugin. -->","yoast_head_json":{"title":"Ergobaby Swaddler vre\u0107a za spavanje, Stellar - NajNaj.eu","robots":{"index":"index","follow":"follow","max-snippet":"max-snippet:-1","max-image-preview":"max-image-preview:large","max-video-preview":"max-video-preview:-1"},"canonical":"https:\/\/najnaj.eu\/fr\/proizvod\/swaddler-vreca-za-spavanje-steller\/","og_locale":"fr_FR","og_type":"article","og_title":"Ergobaby Swaddler vre\u0107a za spavanje, Stellar","og_description":"&nbsp;   omogu\u0107ava du\u017ee i mirnije spavanje dojen\u010deta  ergonomski dizajnirana  jednostavno rukovanje i lako umatanje bebe  Za dojen\u010dad od 48 \u2013 61 cm \/ 2,7 \u2013 6,8 kg  &nbsp;  \u00a0 Jednostavna upotreba  \u00a0 Jednostavna promjena pelena  \u00a0 Zdrav polo\u017eaj kukova  \u00a0 Za\u0161tita od izvla\u010denja \u2013 d\u017eepovi za ruke  \u00a0 Prozra\u010dan pamuk  \u00a0 100% pamuk","og_url":"https:\/\/najnaj.eu\/fr\/proizvod\/swaddler-vreca-za-spavanje-steller\/","og_site_name":"NajNaj.eu","article_publisher":"https:\/\/web.facebook.com\/najnaj.eu\/","article_modified_time":"2026-01-13T18:33:51+00:00","og_image":[{"width":960,"height":1440,"url":"https:\/\/najnaj.eu\/wp-content\/uploads\/2023\/08\/SWADDLER_STELLAR_SWASTELL_01-Large.jpg","type":"image\/jpeg"}],"twitter_card":"summary_large_image","twitter_misc":{"Prix":"24,90&nbsp;&euro;","Disponibilit\u00e9":"En stock"},"schema":{"@context":"https:\/\/schema.org","@graph":[{"@type":"WebPage","@id":"https:\/\/najnaj.eu\/fr\/proizvod\/swaddler-vreca-za-spavanje-steller\/","url":"https:\/\/najnaj.eu\/fr\/proizvod\/swaddler-vreca-za-spavanje-steller\/","name":"Ergobaby Swaddler vre\u0107a za spavanje, Stellar - NajNaj.eu","isPartOf":{"@id":"https:\/\/najnaj.eu\/fr\/#website"},"primaryImageOfPage":{"@id":"https:\/\/najnaj.eu\/fr\/proizvod\/swaddler-vreca-za-spavanje-steller\/#primaryimage"},"image":{"@id":"https:\/\/najnaj.eu\/fr\/proizvod\/swaddler-vreca-za-spavanje-steller\/#primaryimage"},"thumbnailUrl":"https:\/\/najnaj.eu\/wp-content\/uploads\/2023\/08\/SWADDLER_STELLAR_SWASTELL_01-Large.jpg","datePublished":"2020-09-17T07:17:14+00:00","dateModified":"2026-01-13T18:33:51+00:00","breadcrumb":{"@id":"https:\/\/najnaj.eu\/fr\/proizvod\/swaddler-vreca-za-spavanje-steller\/#breadcrumb"},"inLanguage":"fr-FR","potentialAction":[{"@type":"ReadAction","target":["https:\/\/najnaj.eu\/fr\/proizvod\/swaddler-vreca-za-spavanje-steller\/"]}]},{"@type":"ImageObject","inLanguage":"fr-FR","@id":"https:\/\/najnaj.eu\/fr\/proizvod\/swaddler-vreca-za-spavanje-steller\/#primaryimage","url":"https:\/\/najnaj.eu\/wp-content\/uploads\/2023\/08\/SWADDLER_STELLAR_SWASTELL_01-Large.jpg","contentUrl":"https:\/\/najnaj.eu\/wp-content\/uploads\/2023\/08\/SWADDLER_STELLAR_SWASTELL_01-Large.jpg","width":960,"height":1440},{"@type":"BreadcrumbList","@id":"https:\/\/najnaj.eu\/fr\/proizvod\/swaddler-vreca-za-spavanje-steller\/#breadcrumb","itemListElement":[{"@type":"ListItem","position":1,"name":"Po\u010detna stranica","item":"https:\/\/najnaj.eu\/fr\/"},{"@type":"ListItem","position":2,"name":"Trgovina","item":"https:\/\/najnaj.hr\/trgovina\/"},{"@type":"ListItem","position":3,"name":"Ergobaby Swaddler vre\u0107a za spavanje, Stellar"}]},{"@type":"WebSite","@id":"https:\/\/najnaj.eu\/fr\/#website","url":"https:\/\/najnaj.eu\/fr\/","name":"NajNaj.eu","description":"Za najva\u017enije!","potentialAction":[{"@type":"SearchAction","target":{"@type":"EntryPoint","urlTemplate":"https:\/\/najnaj.eu\/fr\/?s={search_term_string}"},"query-input":{"@type":"PropertyValueSpecification","valueRequired":true,"valueName":"search_term_string"}}],"inLanguage":"fr-FR"}]},"product_brand":"Ergobaby","product_price_amount":"24.90","product_price_currency":"EUR","og_availability":"instock","product_availability":"instock","product_retailer_item_id":"SWASTELL","product_condition":"new"},"_links":{"self":[{"href":"https:\/\/najnaj.eu\/fr\/wp-json\/wp\/v2\/product\/149836","targetHints":{"allow":["GET"]}}],"collection":[{"href":"https:\/\/najnaj.eu\/fr\/wp-json\/wp\/v2\/product"}],"about":[{"href":"https:\/\/najnaj.eu\/fr\/wp-json\/wp\/v2\/types\/product"}],"replies":[{"embeddable":true,"href":"https:\/\/najnaj.eu\/fr\/wp-json\/wp\/v2\/comments?post=149836"}],"version-history":[{"count":0,"href":"https:\/\/najnaj.eu\/fr\/wp-json\/wp\/v2\/product\/149836\/revisions"}],"wp:featuredmedia":[{"embeddable":true,"href":"https:\/\/najnaj.eu\/fr\/wp-json\/wp\/v2\/media\/88461"}],"wp:attachment":[{"href":"https:\/\/najnaj.eu\/fr\/wp-json\/wp\/v2\/media?parent=149836"}],"wp:term":[{"taxonomy":"product_brand","embeddable":true,"href":"https:\/\/najnaj.eu\/fr\/wp-json\/wp\/v2\/product_brand?post=149836"},{"taxonomy":"product_cat","embeddable":true,"href":"https:\/\/najnaj.eu\/fr\/wp-json\/wp\/v2\/product_cat?post=149836"},{"taxonomy":"product_tag","embeddable":true,"href":"https:\/\/najnaj.eu\/fr\/wp-json\/wp\/v2\/product_tag?post=149836"}],"curies":[{"name":"wp","href":"https:\/\/api.w.org\/{rel}","templated":true}]}}