{"id":149826,"date":"2020-09-17T08:28:30","date_gmt":"2020-09-17T06:28:30","guid":{"rendered":"https:\/\/najnaj.hr\/proizvod\/klasicna-vreca-za-spavanje-cozy-elephant\/"},"modified":"2025-12-05T14:34:47","modified_gmt":"2025-12-05T13:34:47","slug":"klasicna-vreca-za-spavanje-cozy-elephant","status":"publish","type":"product","link":"https:\/\/najnaj.eu\/fr\/proizvod\/klasicna-vreca-za-spavanje-cozy-elephant\/","title":{"rendered":"Ergobaby Klasi\u010dna vre\u0107a za spavanje Cozy (TOG 2.5), Elephant"},"content":{"rendered":"<h1 class=\"alt-font\"><span style=\"color: #f99b1c;\">Udobnost i toplina za dijete bez dekice koja stalno pada<\/span><\/h1>\n<p>&nbsp;<\/p>\n<p>Ergobaby klasi\u010dna vre\u0107a za spavanje izrazito je meka i ugodna. Izra\u0111ena je od ultra mekog i prozra\u010dnog 100%-nog pamuka. Doalzi u tri debljine TOG 0.5 za ljeto, TOG 1.0 za prijelazno razdoblje ili grijane prostore i TOG 2.5 za hladne zimske no\u0107i. Vre\u0107a va\u0161em djetetu omoguu\u0107uje dulji i mirniji san, a dvosmjerni patentni zatvara\u010d omogu\u0107uje iznimno brzu promjenu pelena. Vre\u0107a se jednostavno koristi tako da se obla\u010di u tren oka, a ima i prorez za pojaseve koji se koristi kod vezanja u sjedalicu, hranilicu ili kolica.<\/p>\n<p><img loading=\"lazy\" decoding=\"async\" class=\"alignnone size-full wp-image-91685\" src=\"https:\/\/najnaj.eu\/wp-content\/uploads\/2023\/08\/Ergibaby-vreca-za-spavanje-infografika.jpeg\" alt=\"\" width=\"1052\" height=\"1053\" \/><\/p>\n","protected":false},"excerpt":{"rendered":"<p>Na\u0161a klasi\u010dna vre\u0107a za spavanje idealna je za Va\u0161u bebu u kojoj \u0107e joj biti ugodno i toplo, bez potrebe za pokrivanjem dekicama koje padaju ili se omotaju, pa svi mogu bezbri\u017eno odmarati i spavati.<\/p>\n<ul>\n<li>omogu\u0107uje brzu promjenu pelena<\/li>\n<li>djetetu pru\u017ea dulji i mirniji san<\/li>\n<li>funkcionalna i laka za upotrebu<\/li>\n<li>debljina: TOG 2.5 (cozy &#8211; za zimsko razdoblje)<\/li>\n<\/ul>\n<p>Veli\u010dina S: 0 \u2013 6 mjeseci \/ 46 \u2013 68 cm \/ 11,3 kg<\/p>\n<p>&nbsp;<\/p>\n<p><a href=\"https:\/\/ergobaby.hr\/wp-content\/uploads\/2018\/10\/Easy-To-Use.png\"><img loading=\"lazy\" decoding=\"async\" class=\"wp-image-6926 alignnone\" src=\"https:\/\/ergobaby.hr\/wp-content\/uploads\/2018\/10\/Easy-To-Use.png\" alt=\"\" width=\"23\" height=\"23\" \/><\/a>\u00a0 Jednostavna upotreba<\/p>\n<p><a href=\"https:\/\/ergobaby.hr\/wp-content\/uploads\/2018\/10\/Easy-Diaper-Change.png\"><img loading=\"lazy\" decoding=\"async\" class=\" wp-image-6930 alignnone\" src=\"https:\/\/ergobaby.hr\/wp-content\/uploads\/2018\/10\/Easy-Diaper-Change.png\" alt=\"\" width=\"28\" height=\"28\" \/><\/a>\u00a0 Jednostavna promjena pelena<\/p>\n<p><a href=\"https:\/\/ergobaby.hr\/wp-content\/uploads\/2019\/04\/Breathable-Cotton.png\"><img loading=\"lazy\" decoding=\"async\" class=\" wp-image-6998 alignnone\" src=\"https:\/\/ergobaby.hr\/wp-content\/uploads\/2019\/04\/Breathable-Cotton.png\" alt=\"\" width=\"27\" height=\"27\" \/><\/a>\u00a0 Prozra\u010dan pamuk<\/p>\n<p><a href=\"https:\/\/ergobaby.hr\/wp-content\/uploads\/2019\/04\/100_-Cotton.png\"><img loading=\"lazy\" decoding=\"async\" class=\" wp-image-7002 alignnone\" src=\"https:\/\/ergobaby.hr\/wp-content\/uploads\/2019\/04\/100_-Cotton.png\" alt=\"\" width=\"27\" height=\"27\" \/><\/a>\u00a0 100% pamuk<\/p>\n","protected":false},"featured_media":85236,"comment_status":"open","ping_status":"closed","template":"","meta":{"_acf_changed":false,"footnotes":""},"product_brand":[],"product_cat":[554,673],"product_tag":[2271],"class_list":{"0":"post-149826","1":"product","2":"type-product","3":"status-publish","4":"has-post-thumbnail","6":"product_cat-vrece-za-spavanje","7":"product_cat-zimske-vrece-za-spavanje","8":"product_tag-zima","9":"pa_boja-bijela","10":"pa_boja-siva","11":"pa_brand-ergobaby","13":"first","14":"instock","15":"purchasable","16":"product-type-simple"},"bundled_by":[],"bundle_stock_status":"instock","bundle_stock_quantity":15,"bundle_virtual":false,"bundle_layout":"","bundle_add_to_cart_form_location":"","bundle_editable_in_cart":false,"bundle_sold_individually_context":"","bundle_item_grouping":"","bundle_min_size":"","bundle_max_size":"","bundle_price":[],"bundled_items":[],"bundle_sell_ids":[],"acf":[],"yoast_head":"<!-- This site is optimized with the Yoast SEO Premium plugin v21.5 (Yoast SEO v27.4) - https:\/\/yoast.com\/product\/yoast-seo-premium-wordpress\/ -->\n<title>Ergobaby Klasi\u010dna vre\u0107a za spavanje Cozy (TOG 2.5), Elephant - NajNaj.eu<\/title>\n<meta name=\"robots\" content=\"index, follow, max-snippet:-1, max-image-preview:large, max-video-preview:-1\" \/>\n<link rel=\"canonical\" href=\"https:\/\/najnaj.eu\/fr\/proizvod\/klasicna-vreca-za-spavanje-cozy-elephant\/\" \/>\n<meta property=\"og:locale\" content=\"fr_FR\" \/>\n<meta property=\"og:type\" content=\"article\" \/>\n<meta property=\"og:title\" content=\"Ergobaby Klasi\u010dna vre\u0107a za spavanje Cozy (TOG 2.5), Elephant\" \/>\n<meta property=\"og:description\" content=\"Na\u0161a klasi\u010dna vre\u0107a za spavanje idealna je za Va\u0161u bebu u kojoj \u0107e joj biti ugodno i toplo, bez potrebe za pokrivanjem dekicama koje padaju ili se omotaju, pa svi mogu bezbri\u017eno odmarati i spavati.   omogu\u0107uje brzu promjenu pelena  djetetu pru\u017ea dulji i mirniji san  funkcionalna i laka za upotrebu  debljina: TOG 2.5 (cozy - za zimsko razdoblje)  Veli\u010dina S: 0 \u2013 6 mjeseci \/ 46 \u2013 68 cm \/ 11,3 kg  &nbsp;  \u00a0 Jednostavna upotreba  \u00a0 Jednostavna promjena pelena  \u00a0 Prozra\u010dan pamuk  \u00a0 100% pamuk\" \/>\n<meta property=\"og:url\" content=\"https:\/\/najnaj.eu\/fr\/proizvod\/klasicna-vreca-za-spavanje-cozy-elephant\/\" \/>\n<meta property=\"og:site_name\" content=\"NajNaj.eu\" \/>\n<meta property=\"article:publisher\" content=\"https:\/\/web.facebook.com\/najnaj.eu\/\" \/>\n<meta property=\"article:modified_time\" content=\"2025-12-05T13:34:47+00:00\" \/>\n<meta property=\"og:image\" content=\"https:\/\/najnaj.eu\/wp-content\/uploads\/2023\/08\/sleeping_bag_elephants_03-2.jpg\" \/>\n\t<meta property=\"og:image:width\" content=\"1080\" \/>\n\t<meta property=\"og:image:height\" content=\"1080\" \/>\n\t<meta property=\"og:image:type\" content=\"image\/jpeg\" \/>\n<meta name=\"twitter:card\" content=\"summary_large_image\" \/>\n<meta name=\"twitter:label1\" content=\"Prix\" \/>\n\t<meta name=\"twitter:data1\" content=\"39,90&nbsp;&euro;\" \/>\n\t<meta name=\"twitter:label2\" content=\"Disponibilit\u00e9\" \/>\n\t<meta name=\"twitter:data2\" content=\"En stock\" \/>\n<script type=\"application\/ld+json\" class=\"yoast-schema-graph\">{\"@context\":\"https:\\\/\\\/schema.org\",\"@graph\":[{\"@type\":\"WebPage\",\"@id\":\"https:\\\/\\\/najnaj.eu\\\/fr\\\/proizvod\\\/klasicna-vreca-za-spavanje-cozy-elephant\\\/\",\"url\":\"https:\\\/\\\/najnaj.eu\\\/fr\\\/proizvod\\\/klasicna-vreca-za-spavanje-cozy-elephant\\\/\",\"name\":\"Ergobaby Klasi\u010dna vre\u0107a za spavanje Cozy (TOG 2.5), Elephant - NajNaj.eu\",\"isPartOf\":{\"@id\":\"https:\\\/\\\/najnaj.eu\\\/fr\\\/#website\"},\"primaryImageOfPage\":{\"@id\":\"https:\\\/\\\/najnaj.eu\\\/fr\\\/proizvod\\\/klasicna-vreca-za-spavanje-cozy-elephant\\\/#primaryimage\"},\"image\":{\"@id\":\"https:\\\/\\\/najnaj.eu\\\/fr\\\/proizvod\\\/klasicna-vreca-za-spavanje-cozy-elephant\\\/#primaryimage\"},\"thumbnailUrl\":\"https:\\\/\\\/najnaj.eu\\\/wp-content\\\/uploads\\\/2023\\\/08\\\/sleeping_bag_elephants_03-2.jpg\",\"datePublished\":\"2020-09-17T06:28:30+00:00\",\"dateModified\":\"2025-12-05T13:34:47+00:00\",\"breadcrumb\":{\"@id\":\"https:\\\/\\\/najnaj.eu\\\/fr\\\/proizvod\\\/klasicna-vreca-za-spavanje-cozy-elephant\\\/#breadcrumb\"},\"inLanguage\":\"fr-FR\",\"potentialAction\":[{\"@type\":\"ReadAction\",\"target\":[\"https:\\\/\\\/najnaj.eu\\\/fr\\\/proizvod\\\/klasicna-vreca-za-spavanje-cozy-elephant\\\/\"]}]},{\"@type\":\"ImageObject\",\"inLanguage\":\"fr-FR\",\"@id\":\"https:\\\/\\\/najnaj.eu\\\/fr\\\/proizvod\\\/klasicna-vreca-za-spavanje-cozy-elephant\\\/#primaryimage\",\"url\":\"https:\\\/\\\/najnaj.eu\\\/wp-content\\\/uploads\\\/2023\\\/08\\\/sleeping_bag_elephants_03-2.jpg\",\"contentUrl\":\"https:\\\/\\\/najnaj.eu\\\/wp-content\\\/uploads\\\/2023\\\/08\\\/sleeping_bag_elephants_03-2.jpg\",\"width\":1080,\"height\":1080},{\"@type\":\"BreadcrumbList\",\"@id\":\"https:\\\/\\\/najnaj.eu\\\/fr\\\/proizvod\\\/klasicna-vreca-za-spavanje-cozy-elephant\\\/#breadcrumb\",\"itemListElement\":[{\"@type\":\"ListItem\",\"position\":1,\"name\":\"Po\u010detna stranica\",\"item\":\"https:\\\/\\\/najnaj.eu\\\/fr\\\/\"},{\"@type\":\"ListItem\",\"position\":2,\"name\":\"Trgovina\",\"item\":\"https:\\\/\\\/najnaj.hr\\\/trgovina\\\/\"},{\"@type\":\"ListItem\",\"position\":3,\"name\":\"Ergobaby Klasi\u010dna vre\u0107a za spavanje Cozy (TOG 2.5), Elephant\"}]},{\"@type\":\"WebSite\",\"@id\":\"https:\\\/\\\/najnaj.eu\\\/fr\\\/#website\",\"url\":\"https:\\\/\\\/najnaj.eu\\\/fr\\\/\",\"name\":\"NajNaj.eu\",\"description\":\"Za najva\u017enije!\",\"potentialAction\":[{\"@type\":\"SearchAction\",\"target\":{\"@type\":\"EntryPoint\",\"urlTemplate\":\"https:\\\/\\\/najnaj.eu\\\/fr\\\/?s={search_term_string}\"},\"query-input\":{\"@type\":\"PropertyValueSpecification\",\"valueRequired\":true,\"valueName\":\"search_term_string\"}}],\"inLanguage\":\"fr-FR\"}]}<\/script>\n<meta property=\"product:brand\" content=\"Ergobaby\" \/>\n<meta property=\"product:price:amount\" content=\"39.90\" \/>\n<meta property=\"product:price:currency\" content=\"EUR\" \/>\n<meta property=\"og:availability\" content=\"instock\" \/>\n<meta property=\"product:availability\" content=\"instock\" \/>\n<meta property=\"product:retailer_item_id\" content=\"SLBSMELEPH25\" \/>\n<meta property=\"product:condition\" content=\"new\" \/>\n<!-- \/ Yoast SEO Premium plugin. -->","yoast_head_json":{"title":"Ergobaby Klasi\u010dna vre\u0107a za spavanje Cozy (TOG 2.5), Elephant - NajNaj.eu","robots":{"index":"index","follow":"follow","max-snippet":"max-snippet:-1","max-image-preview":"max-image-preview:large","max-video-preview":"max-video-preview:-1"},"canonical":"https:\/\/najnaj.eu\/fr\/proizvod\/klasicna-vreca-za-spavanje-cozy-elephant\/","og_locale":"fr_FR","og_type":"article","og_title":"Ergobaby Klasi\u010dna vre\u0107a za spavanje Cozy (TOG 2.5), Elephant","og_description":"Na\u0161a klasi\u010dna vre\u0107a za spavanje idealna je za Va\u0161u bebu u kojoj \u0107e joj biti ugodno i toplo, bez potrebe za pokrivanjem dekicama koje padaju ili se omotaju, pa svi mogu bezbri\u017eno odmarati i spavati.   omogu\u0107uje brzu promjenu pelena  djetetu pru\u017ea dulji i mirniji san  funkcionalna i laka za upotrebu  debljina: TOG 2.5 (cozy - za zimsko razdoblje)  Veli\u010dina S: 0 \u2013 6 mjeseci \/ 46 \u2013 68 cm \/ 11,3 kg  &nbsp;  \u00a0 Jednostavna upotreba  \u00a0 Jednostavna promjena pelena  \u00a0 Prozra\u010dan pamuk  \u00a0 100% pamuk","og_url":"https:\/\/najnaj.eu\/fr\/proizvod\/klasicna-vreca-za-spavanje-cozy-elephant\/","og_site_name":"NajNaj.eu","article_publisher":"https:\/\/web.facebook.com\/najnaj.eu\/","article_modified_time":"2025-12-05T13:34:47+00:00","og_image":[{"width":1080,"height":1080,"url":"https:\/\/najnaj.eu\/wp-content\/uploads\/2023\/08\/sleeping_bag_elephants_03-2.jpg","type":"image\/jpeg"}],"twitter_card":"summary_large_image","twitter_misc":{"Prix":"39,90&nbsp;&euro;","Disponibilit\u00e9":"En stock"},"schema":{"@context":"https:\/\/schema.org","@graph":[{"@type":"WebPage","@id":"https:\/\/najnaj.eu\/fr\/proizvod\/klasicna-vreca-za-spavanje-cozy-elephant\/","url":"https:\/\/najnaj.eu\/fr\/proizvod\/klasicna-vreca-za-spavanje-cozy-elephant\/","name":"Ergobaby Klasi\u010dna vre\u0107a za spavanje Cozy (TOG 2.5), Elephant - NajNaj.eu","isPartOf":{"@id":"https:\/\/najnaj.eu\/fr\/#website"},"primaryImageOfPage":{"@id":"https:\/\/najnaj.eu\/fr\/proizvod\/klasicna-vreca-za-spavanje-cozy-elephant\/#primaryimage"},"image":{"@id":"https:\/\/najnaj.eu\/fr\/proizvod\/klasicna-vreca-za-spavanje-cozy-elephant\/#primaryimage"},"thumbnailUrl":"https:\/\/najnaj.eu\/wp-content\/uploads\/2023\/08\/sleeping_bag_elephants_03-2.jpg","datePublished":"2020-09-17T06:28:30+00:00","dateModified":"2025-12-05T13:34:47+00:00","breadcrumb":{"@id":"https:\/\/najnaj.eu\/fr\/proizvod\/klasicna-vreca-za-spavanje-cozy-elephant\/#breadcrumb"},"inLanguage":"fr-FR","potentialAction":[{"@type":"ReadAction","target":["https:\/\/najnaj.eu\/fr\/proizvod\/klasicna-vreca-za-spavanje-cozy-elephant\/"]}]},{"@type":"ImageObject","inLanguage":"fr-FR","@id":"https:\/\/najnaj.eu\/fr\/proizvod\/klasicna-vreca-za-spavanje-cozy-elephant\/#primaryimage","url":"https:\/\/najnaj.eu\/wp-content\/uploads\/2023\/08\/sleeping_bag_elephants_03-2.jpg","contentUrl":"https:\/\/najnaj.eu\/wp-content\/uploads\/2023\/08\/sleeping_bag_elephants_03-2.jpg","width":1080,"height":1080},{"@type":"BreadcrumbList","@id":"https:\/\/najnaj.eu\/fr\/proizvod\/klasicna-vreca-za-spavanje-cozy-elephant\/#breadcrumb","itemListElement":[{"@type":"ListItem","position":1,"name":"Po\u010detna stranica","item":"https:\/\/najnaj.eu\/fr\/"},{"@type":"ListItem","position":2,"name":"Trgovina","item":"https:\/\/najnaj.hr\/trgovina\/"},{"@type":"ListItem","position":3,"name":"Ergobaby Klasi\u010dna vre\u0107a za spavanje Cozy (TOG 2.5), Elephant"}]},{"@type":"WebSite","@id":"https:\/\/najnaj.eu\/fr\/#website","url":"https:\/\/najnaj.eu\/fr\/","name":"NajNaj.eu","description":"Za najva\u017enije!","potentialAction":[{"@type":"SearchAction","target":{"@type":"EntryPoint","urlTemplate":"https:\/\/najnaj.eu\/fr\/?s={search_term_string}"},"query-input":{"@type":"PropertyValueSpecification","valueRequired":true,"valueName":"search_term_string"}}],"inLanguage":"fr-FR"}]},"product_brand":"Ergobaby","product_price_amount":"39.90","product_price_currency":"EUR","og_availability":"instock","product_availability":"instock","product_retailer_item_id":"SLBSMELEPH25","product_condition":"new"},"_links":{"self":[{"href":"https:\/\/najnaj.eu\/fr\/wp-json\/wp\/v2\/product\/149826","targetHints":{"allow":["GET"]}}],"collection":[{"href":"https:\/\/najnaj.eu\/fr\/wp-json\/wp\/v2\/product"}],"about":[{"href":"https:\/\/najnaj.eu\/fr\/wp-json\/wp\/v2\/types\/product"}],"replies":[{"embeddable":true,"href":"https:\/\/najnaj.eu\/fr\/wp-json\/wp\/v2\/comments?post=149826"}],"version-history":[{"count":0,"href":"https:\/\/najnaj.eu\/fr\/wp-json\/wp\/v2\/product\/149826\/revisions"}],"wp:featuredmedia":[{"embeddable":true,"href":"https:\/\/najnaj.eu\/fr\/wp-json\/wp\/v2\/media\/85236"}],"wp:attachment":[{"href":"https:\/\/najnaj.eu\/fr\/wp-json\/wp\/v2\/media?parent=149826"}],"wp:term":[{"taxonomy":"product_brand","embeddable":true,"href":"https:\/\/najnaj.eu\/fr\/wp-json\/wp\/v2\/product_brand?post=149826"},{"taxonomy":"product_cat","embeddable":true,"href":"https:\/\/najnaj.eu\/fr\/wp-json\/wp\/v2\/product_cat?post=149826"},{"taxonomy":"product_tag","embeddable":true,"href":"https:\/\/najnaj.eu\/fr\/wp-json\/wp\/v2\/product_tag?post=149826"}],"curies":[{"name":"wp","href":"https:\/\/api.w.org\/{rel}","templated":true}]}}