{"id":149811,"date":"2020-07-29T08:58:28","date_gmt":"2020-07-29T06:58:28","guid":{"rendered":"https:\/\/najnaj.hr\/proizvod\/aerosleep-zastita-za-djecji-krevet-70x140cm\/"},"modified":"2025-12-05T14:35:36","modified_gmt":"2025-12-05T13:35:36","slug":"aerosleep-zastita-za-djecji-krevet-70x140cm","status":"publish","type":"product","link":"https:\/\/najnaj.eu\/fr\/proizvod\/aerosleep-zastita-za-djecji-krevet-70x140cm\/","title":{"rendered":"AeroSleep Za\u0161tita za dje\u010dji krevet 70x140cm"},"content":{"rendered":"<p><strong>Sigurno disanje, regulira temperaturu i upija vlagu<\/strong><br \/>\nNeovisni istra\u017eiva\u010dki centri podvrgli su 3D Protector opse\u017enim znanstvenim ispitivanjima. On uvijek omogu\u0107uje va\u0161em djetetu sigurno disanje, regulira toplinu i upija vlagu.<br \/>\nSvaki sloj je dizajniran da omogu\u0107i va\u0161oj bebi da spava cijelu no\u0107 sigurno i u higijenskim uvjetima. 3D prozra\u010dni sloj omogu\u0107uje slobodno disanje i odvo\u0111enje vi\u0161ka topline. Osim dobrog disanja i sigurne temperature, va\u0161e dijete je cijelo vrijeme suho. Sva vlaga prolazi kroz 3D strukturu do upijaju\u0107eg sloja kako se va\u0161 mali\u0161an ne bi ranije probudio zbog iritacije ko\u017ee. Zahvaljuju\u0107i za\u0161titnom sloju, madrac ostaje suh, \u010dist i bez bakterija i alergena.<br \/>\nPerivo u perilici rublja na 60\u00b0!<\/p>\n<p><strong>Kako funkcionira AeroSleep\u00ae tehnologija?<\/strong><br \/>\nAeroSleep\u00ae tehnologija sastoji se od 3 sloja koji va\u0161em djetetu uvijek omogu\u0107uju slobodno disanje, odr\u017eavanje odgovaraju\u0107e temperature i suho\u0107u. Svaki sloj AeroSleep 3D tehnologije ima va\u017enu funkciju kako bi va\u0161e dijete bilo sigurno i dobro tijekom spavanja:<br \/>\n1. 3D struktura -&gt; Ovaj sloj osigurava propusnost zraka. Zahvaljuju\u0107i \u010dvrstoj strukturi 3D sa\u0107a, va\u0161e dijete le\u017ei na sloju zraka koji osigurava da uvijek mo\u017ee slobodno disati. Taj sloj zraka tako\u0111er preuzima temperaturu va\u0161eg djeteta i odr\u017eava je konstantnom.<br \/>\n2. Upijaju\u0107i sloj -&gt; Ovaj sloj odr\u017eava va\u0161e dijete suhim i sprje\u010dava iritaciju ko\u017ee. Vlaga prolazi kroz 3D strukturu i zatim je zadr\u017eava upijaju\u0107i sloj.<br \/>\n3. Vodonepropusni sloj -&gt; Dr\u017ei bakterije i alergene podalje od va\u0161eg djeteta kako bi se osigurala optimalna higijena!<\/p>\n<p><img loading=\"lazy\" decoding=\"async\" class=\"wp-image-206781 aligncenter\" src=\"https:\/\/najnaj.eu\/wp-content\/uploads\/2023\/03\/ABU-AL-7-300x220.webp\" alt=\"\" width=\"490\" height=\"359\" srcset=\"https:\/\/najnaj.eu\/wp-content\/uploads\/2023\/03\/ABU-AL-7-300x220.webp 300w, https:\/\/najnaj.eu\/wp-content\/uploads\/2023\/03\/ABU-AL-7-324x238.webp 324w, https:\/\/najnaj.eu\/wp-content\/uploads\/2023\/03\/ABU-AL-7-420x309.webp 420w, https:\/\/najnaj.eu\/wp-content\/uploads\/2023\/03\/ABU-AL-7.webp 720w\" sizes=\"auto, (max-width: 490px) 100vw, 490px\" \/><\/p>\n","protected":false},"excerpt":{"rendered":"<p>&gt; Za\u0161tita za madrac \u0161titi Va\u0161eg mali\u0161ana zahvaljuju\u0107i znanstveno testiranoj AeroSleep tehnologiji;<br \/>\n&gt; Neometano disanje i regulacija temperature u svim okolnostima.<br \/>\n&gt; Okru\u017eenje va\u0161eg djeteta odr\u017eava se higijenskim i suhim cijelo vrijeme.<br \/>\n&gt; Sprje\u010dava iritaciju ko\u017ee.<br \/>\n&gt; Perivo u perilici na 60\u00b0C, pru\u017ea za\u0161titu od bakterija i alergena.<br \/>\n&gt; Koristite AeroSleep plahte za optimalnu propusnost zraka &#8211; kupuju se zasebno.<\/p>\n<p>Dimenzije: 70 x 140 cm<\/p>\n","protected":false},"featured_media":86779,"comment_status":"open","ping_status":"closed","template":"","meta":{"_acf_changed":false,"footnotes":""},"product_brand":[],"product_cat":[604],"product_tag":[],"class_list":{"0":"post-149811","1":"product","2":"type-product","3":"status-publish","4":"has-post-thumbnail","6":"product_cat-dodaci-za-djecji-krevetic","7":"pa_brand-aerosleep","9":"first","10":"instock","11":"sale","12":"purchasable","13":"product-type-simple"},"bundled_by":[],"bundle_stock_status":"instock","bundle_stock_quantity":12,"bundle_virtual":false,"bundle_layout":"","bundle_add_to_cart_form_location":"","bundle_editable_in_cart":false,"bundle_sold_individually_context":"","bundle_item_grouping":"","bundle_min_size":"","bundle_max_size":"","bundle_price":[],"bundled_items":[],"bundle_sell_ids":[],"acf":[],"yoast_head":"<!-- This site is optimized with the Yoast SEO Premium plugin v21.5 (Yoast SEO v27.4) - https:\/\/yoast.com\/product\/yoast-seo-premium-wordpress\/ -->\n<title>AeroSleep Za\u0161tita za dje\u010dji krevet 70x140cm - NajNaj.eu<\/title>\n<meta name=\"robots\" content=\"index, follow, max-snippet:-1, max-image-preview:large, max-video-preview:-1\" \/>\n<link rel=\"canonical\" href=\"https:\/\/najnaj.eu\/fr\/proizvod\/aerosleep-zastita-za-djecji-krevet-70x140cm\/\" \/>\n<meta property=\"og:locale\" content=\"fr_FR\" \/>\n<meta property=\"og:type\" content=\"article\" \/>\n<meta property=\"og:title\" content=\"AeroSleep Za\u0161tita za dje\u010dji krevet 70x140cm\" \/>\n<meta property=\"og:description\" content=\"&gt; Za\u0161tita za madrac \u0161titi Va\u0161eg mali\u0161ana zahvaljuju\u0107i znanstveno testiranoj AeroSleep tehnologiji; &gt; Neometano disanje i regulacija temperature u svim okolnostima. &gt; Okru\u017eenje va\u0161eg djeteta odr\u017eava se higijenskim i suhim cijelo vrijeme. &gt; Sprje\u010dava iritaciju ko\u017ee. &gt; Perivo u perilici na 60\u00b0C, pru\u017ea za\u0161titu od bakterija i alergena. &gt; Koristite AeroSleep plahte za optimalnu propusnost zraka - kupuju se zasebno.  Dimenzije: 70 x 140 cm\" \/>\n<meta property=\"og:url\" content=\"https:\/\/najnaj.eu\/fr\/proizvod\/aerosleep-zastita-za-djecji-krevet-70x140cm\/\" \/>\n<meta property=\"og:site_name\" content=\"NajNaj.eu\" \/>\n<meta property=\"article:publisher\" content=\"https:\/\/web.facebook.com\/najnaj.eu\/\" \/>\n<meta property=\"article:modified_time\" content=\"2025-12-05T13:35:36+00:00\" \/>\n<meta property=\"og:image\" content=\"https:\/\/najnaj.eu\/wp-content\/uploads\/2023\/08\/Priority-picture-AP-120-060-folded.jpg\" \/>\n\t<meta property=\"og:image:width\" content=\"1152\" \/>\n\t<meta property=\"og:image:height\" content=\"768\" \/>\n\t<meta property=\"og:image:type\" content=\"image\/jpeg\" \/>\n<meta name=\"twitter:card\" content=\"summary_large_image\" \/>\n<meta name=\"twitter:label1\" content=\"Prix\" \/>\n\t<meta name=\"twitter:data1\" content=\"84,95&nbsp;&euro;\" \/>\n\t<meta name=\"twitter:label2\" content=\"Disponibilit\u00e9\" \/>\n\t<meta name=\"twitter:data2\" content=\"En stock\" \/>\n<script type=\"application\/ld+json\" class=\"yoast-schema-graph\">{\"@context\":\"https:\\\/\\\/schema.org\",\"@graph\":[{\"@type\":\"WebPage\",\"@id\":\"https:\\\/\\\/najnaj.eu\\\/fr\\\/proizvod\\\/aerosleep-zastita-za-djecji-krevet-70x140cm\\\/\",\"url\":\"https:\\\/\\\/najnaj.eu\\\/fr\\\/proizvod\\\/aerosleep-zastita-za-djecji-krevet-70x140cm\\\/\",\"name\":\"AeroSleep Za\u0161tita za dje\u010dji krevet 70x140cm - NajNaj.eu\",\"isPartOf\":{\"@id\":\"https:\\\/\\\/najnaj.eu\\\/fr\\\/#website\"},\"primaryImageOfPage\":{\"@id\":\"https:\\\/\\\/najnaj.eu\\\/fr\\\/proizvod\\\/aerosleep-zastita-za-djecji-krevet-70x140cm\\\/#primaryimage\"},\"image\":{\"@id\":\"https:\\\/\\\/najnaj.eu\\\/fr\\\/proizvod\\\/aerosleep-zastita-za-djecji-krevet-70x140cm\\\/#primaryimage\"},\"thumbnailUrl\":\"https:\\\/\\\/najnaj.eu\\\/wp-content\\\/uploads\\\/2023\\\/08\\\/Priority-picture-AP-120-060-folded.jpg\",\"datePublished\":\"2020-07-29T06:58:28+00:00\",\"dateModified\":\"2025-12-05T13:35:36+00:00\",\"breadcrumb\":{\"@id\":\"https:\\\/\\\/najnaj.eu\\\/fr\\\/proizvod\\\/aerosleep-zastita-za-djecji-krevet-70x140cm\\\/#breadcrumb\"},\"inLanguage\":\"fr-FR\",\"potentialAction\":[{\"@type\":\"ReadAction\",\"target\":[\"https:\\\/\\\/najnaj.eu\\\/fr\\\/proizvod\\\/aerosleep-zastita-za-djecji-krevet-70x140cm\\\/\"]}]},{\"@type\":\"ImageObject\",\"inLanguage\":\"fr-FR\",\"@id\":\"https:\\\/\\\/najnaj.eu\\\/fr\\\/proizvod\\\/aerosleep-zastita-za-djecji-krevet-70x140cm\\\/#primaryimage\",\"url\":\"https:\\\/\\\/najnaj.eu\\\/wp-content\\\/uploads\\\/2023\\\/08\\\/Priority-picture-AP-120-060-folded.jpg\",\"contentUrl\":\"https:\\\/\\\/najnaj.eu\\\/wp-content\\\/uploads\\\/2023\\\/08\\\/Priority-picture-AP-120-060-folded.jpg\",\"width\":1152,\"height\":768},{\"@type\":\"BreadcrumbList\",\"@id\":\"https:\\\/\\\/najnaj.eu\\\/fr\\\/proizvod\\\/aerosleep-zastita-za-djecji-krevet-70x140cm\\\/#breadcrumb\",\"itemListElement\":[{\"@type\":\"ListItem\",\"position\":1,\"name\":\"Po\u010detna stranica\",\"item\":\"https:\\\/\\\/najnaj.eu\\\/fr\\\/\"},{\"@type\":\"ListItem\",\"position\":2,\"name\":\"Trgovina\",\"item\":\"https:\\\/\\\/najnaj.hr\\\/trgovina\\\/\"},{\"@type\":\"ListItem\",\"position\":3,\"name\":\"AeroSleep Za\u0161tita za dje\u010dji krevet 70x140cm\"}]},{\"@type\":\"WebSite\",\"@id\":\"https:\\\/\\\/najnaj.eu\\\/fr\\\/#website\",\"url\":\"https:\\\/\\\/najnaj.eu\\\/fr\\\/\",\"name\":\"NajNaj.eu\",\"description\":\"Za najva\u017enije!\",\"potentialAction\":[{\"@type\":\"SearchAction\",\"target\":{\"@type\":\"EntryPoint\",\"urlTemplate\":\"https:\\\/\\\/najnaj.eu\\\/fr\\\/?s={search_term_string}\"},\"query-input\":{\"@type\":\"PropertyValueSpecification\",\"valueRequired\":true,\"valueName\":\"search_term_string\"}}],\"inLanguage\":\"fr-FR\"}]}<\/script>\n<meta property=\"product:brand\" content=\"AeroSleep\" \/>\n<meta property=\"product:price:amount\" content=\"84.95\" \/>\n<meta property=\"product:price:currency\" content=\"EUR\" \/>\n<meta property=\"og:availability\" content=\"instock\" \/>\n<meta property=\"product:availability\" content=\"instock\" \/>\n<meta property=\"product:retailer_item_id\" content=\"AP-140-070-B\" \/>\n<meta property=\"product:condition\" content=\"new\" \/>\n<!-- \/ Yoast SEO Premium plugin. -->","yoast_head_json":{"title":"AeroSleep Za\u0161tita za dje\u010dji krevet 70x140cm - NajNaj.eu","robots":{"index":"index","follow":"follow","max-snippet":"max-snippet:-1","max-image-preview":"max-image-preview:large","max-video-preview":"max-video-preview:-1"},"canonical":"https:\/\/najnaj.eu\/fr\/proizvod\/aerosleep-zastita-za-djecji-krevet-70x140cm\/","og_locale":"fr_FR","og_type":"article","og_title":"AeroSleep Za\u0161tita za dje\u010dji krevet 70x140cm","og_description":"&gt; Za\u0161tita za madrac \u0161titi Va\u0161eg mali\u0161ana zahvaljuju\u0107i znanstveno testiranoj AeroSleep tehnologiji; &gt; Neometano disanje i regulacija temperature u svim okolnostima. &gt; Okru\u017eenje va\u0161eg djeteta odr\u017eava se higijenskim i suhim cijelo vrijeme. &gt; Sprje\u010dava iritaciju ko\u017ee. &gt; Perivo u perilici na 60\u00b0C, pru\u017ea za\u0161titu od bakterija i alergena. &gt; Koristite AeroSleep plahte za optimalnu propusnost zraka - kupuju se zasebno.  Dimenzije: 70 x 140 cm","og_url":"https:\/\/najnaj.eu\/fr\/proizvod\/aerosleep-zastita-za-djecji-krevet-70x140cm\/","og_site_name":"NajNaj.eu","article_publisher":"https:\/\/web.facebook.com\/najnaj.eu\/","article_modified_time":"2025-12-05T13:35:36+00:00","og_image":[{"width":1152,"height":768,"url":"https:\/\/najnaj.eu\/wp-content\/uploads\/2023\/08\/Priority-picture-AP-120-060-folded.jpg","type":"image\/jpeg"}],"twitter_card":"summary_large_image","twitter_misc":{"Prix":"84,95&nbsp;&euro;","Disponibilit\u00e9":"En stock"},"schema":{"@context":"https:\/\/schema.org","@graph":[{"@type":"WebPage","@id":"https:\/\/najnaj.eu\/fr\/proizvod\/aerosleep-zastita-za-djecji-krevet-70x140cm\/","url":"https:\/\/najnaj.eu\/fr\/proizvod\/aerosleep-zastita-za-djecji-krevet-70x140cm\/","name":"AeroSleep Za\u0161tita za dje\u010dji krevet 70x140cm - NajNaj.eu","isPartOf":{"@id":"https:\/\/najnaj.eu\/fr\/#website"},"primaryImageOfPage":{"@id":"https:\/\/najnaj.eu\/fr\/proizvod\/aerosleep-zastita-za-djecji-krevet-70x140cm\/#primaryimage"},"image":{"@id":"https:\/\/najnaj.eu\/fr\/proizvod\/aerosleep-zastita-za-djecji-krevet-70x140cm\/#primaryimage"},"thumbnailUrl":"https:\/\/najnaj.eu\/wp-content\/uploads\/2023\/08\/Priority-picture-AP-120-060-folded.jpg","datePublished":"2020-07-29T06:58:28+00:00","dateModified":"2025-12-05T13:35:36+00:00","breadcrumb":{"@id":"https:\/\/najnaj.eu\/fr\/proizvod\/aerosleep-zastita-za-djecji-krevet-70x140cm\/#breadcrumb"},"inLanguage":"fr-FR","potentialAction":[{"@type":"ReadAction","target":["https:\/\/najnaj.eu\/fr\/proizvod\/aerosleep-zastita-za-djecji-krevet-70x140cm\/"]}]},{"@type":"ImageObject","inLanguage":"fr-FR","@id":"https:\/\/najnaj.eu\/fr\/proizvod\/aerosleep-zastita-za-djecji-krevet-70x140cm\/#primaryimage","url":"https:\/\/najnaj.eu\/wp-content\/uploads\/2023\/08\/Priority-picture-AP-120-060-folded.jpg","contentUrl":"https:\/\/najnaj.eu\/wp-content\/uploads\/2023\/08\/Priority-picture-AP-120-060-folded.jpg","width":1152,"height":768},{"@type":"BreadcrumbList","@id":"https:\/\/najnaj.eu\/fr\/proizvod\/aerosleep-zastita-za-djecji-krevet-70x140cm\/#breadcrumb","itemListElement":[{"@type":"ListItem","position":1,"name":"Po\u010detna stranica","item":"https:\/\/najnaj.eu\/fr\/"},{"@type":"ListItem","position":2,"name":"Trgovina","item":"https:\/\/najnaj.hr\/trgovina\/"},{"@type":"ListItem","position":3,"name":"AeroSleep Za\u0161tita za dje\u010dji krevet 70x140cm"}]},{"@type":"WebSite","@id":"https:\/\/najnaj.eu\/fr\/#website","url":"https:\/\/najnaj.eu\/fr\/","name":"NajNaj.eu","description":"Za najva\u017enije!","potentialAction":[{"@type":"SearchAction","target":{"@type":"EntryPoint","urlTemplate":"https:\/\/najnaj.eu\/fr\/?s={search_term_string}"},"query-input":{"@type":"PropertyValueSpecification","valueRequired":true,"valueName":"search_term_string"}}],"inLanguage":"fr-FR"}]},"product_brand":"AeroSleep","product_price_amount":"84.95","product_price_currency":"EUR","og_availability":"instock","product_availability":"instock","product_retailer_item_id":"AP-140-070-B","product_condition":"new"},"_links":{"self":[{"href":"https:\/\/najnaj.eu\/fr\/wp-json\/wp\/v2\/product\/149811","targetHints":{"allow":["GET"]}}],"collection":[{"href":"https:\/\/najnaj.eu\/fr\/wp-json\/wp\/v2\/product"}],"about":[{"href":"https:\/\/najnaj.eu\/fr\/wp-json\/wp\/v2\/types\/product"}],"replies":[{"embeddable":true,"href":"https:\/\/najnaj.eu\/fr\/wp-json\/wp\/v2\/comments?post=149811"}],"version-history":[{"count":0,"href":"https:\/\/najnaj.eu\/fr\/wp-json\/wp\/v2\/product\/149811\/revisions"}],"wp:featuredmedia":[{"embeddable":true,"href":"https:\/\/najnaj.eu\/fr\/wp-json\/wp\/v2\/media\/86779"}],"wp:attachment":[{"href":"https:\/\/najnaj.eu\/fr\/wp-json\/wp\/v2\/media?parent=149811"}],"wp:term":[{"taxonomy":"product_brand","embeddable":true,"href":"https:\/\/najnaj.eu\/fr\/wp-json\/wp\/v2\/product_brand?post=149811"},{"taxonomy":"product_cat","embeddable":true,"href":"https:\/\/najnaj.eu\/fr\/wp-json\/wp\/v2\/product_cat?post=149811"},{"taxonomy":"product_tag","embeddable":true,"href":"https:\/\/najnaj.eu\/fr\/wp-json\/wp\/v2\/product_tag?post=149811"}],"curies":[{"name":"wp","href":"https:\/\/api.w.org\/{rel}","templated":true}]}}