{"id":149806,"date":"2020-07-29T08:15:49","date_gmt":"2020-07-29T06:15:49","guid":{"rendered":"https:\/\/najnaj.hr\/proizvod\/aerosleep-safesleep-set-madrac-zastita-za-madrac-essential-70x140\/"},"modified":"2026-01-30T10:54:12","modified_gmt":"2026-01-30T09:54:12","slug":"aerosleep-safesleep-set-madrac-zastita-za-madrac-essential-70x140","status":"publish","type":"product","link":"https:\/\/najnaj.eu\/fr\/proizvod\/aerosleep-safesleep-set-madrac-zastita-za-madrac-essential-70x140\/","title":{"rendered":"AeroSleep SafeSleep set &#8211; madrac + za\u0161tita za madrac ESSENTIAL 70&#215;140"},"content":{"rendered":"<p><strong>Su\u0161tina sigurnog spavanja<\/strong><br \/>\nOvaj Essential paket madraca i 3D za\u0161tite pru\u017ea osnovu za sigurno i zdravo okru\u017eenje za spavanje va\u0161eg djeteta. Dobra potpora za le\u0111a, sigurno disanje i optimalna higijena poma\u017eu va\u0161oj bebi da spava cijelu no\u0107. Osim toga, presvlaka madraca je odvojiva i periva u perilici. Savr\u0161ena kombinacija za siguran i bla\u017een san.<\/p>\n<p><strong>Kako funkcionira AeroSleep\u00ae tehnologija?<\/strong><br \/>\nAeroSleep\u00ae tehnologija sastoji se od 3 sloja koji va\u0161em djetetu uvijek omogu\u0107uju slobodno disanje, odr\u017eavanje odgovaraju\u0107e temperature i suho\u0107u. Svaki sloj AeroSleep 3D tehnologije ima va\u017enu funkciju kako bi va\u0161e dijete bilo sigurno i dobro tijekom spavanja:<br \/>\n1. 3D struktura -&gt; Ovaj sloj osigurava propusnost zraka. Zahvaljuju\u0107i \u010dvrstoj strukturi 3D sa\u0107a, va\u0161e dijete le\u017ei na sloju zraka koji osigurava da uvijek mo\u017ee slobodno disati. Taj sloj zraka tako\u0111er preuzima temperaturu va\u0161eg djeteta i odr\u017eava je konstantnom.<br \/>\n2. Upijaju\u0107i sloj -&gt; Ovaj sloj odr\u017eava va\u0161e dijete suhim i sprje\u010dava iritaciju ko\u017ee. Vlaga prolazi kroz 3D strukturu i zatim je zadr\u017eava upijaju\u0107i sloj.<br \/>\n3. Vodonepropusni sloj -&gt; Dr\u017ei bakterije i alergene podalje od va\u0161eg djeteta kako bi se osigurala optimalna higijena!<\/p>\n<p><strong>Zna\u010dajke:<\/strong><br \/>\n&gt; 2-u-1: madrac i za\u0161tita za madrac s 3D strukturom sa\u0107a.<br \/>\nZa\u0161tita za madrac \u0161titi Va\u0161eg mali\u0161ana zahvaljuju\u0107i znanstveno ispitanoj 3D strukturi; neometano disanje i reguliranje temperature. 3D struktura osigurava higijenske i suhe uvjete u svakom trenutku.<br \/>\n&gt; Dobra podr\u0161ka za le\u0111a<br \/>\nPolieterska jezgra madraca (30 kg\/m\u00b3 gusto\u0107e) koja nudi \u010dvrstu podlogu za dobru potporu i udobnost.<br \/>\n&gt; Izvrsna kvaliteta i posve\u0107enost detaljima<br \/>\nSigurnost nam je glavni prioritet, ali svojim proizvodima tako\u0111er dajemo srce i usavr\u0161avamo ih do posljednjeg detalja!<\/p>\n<p><strong>Sadr\u017eaj pakiranja<\/strong><br \/>\n&gt; 3D Za\u0161tita za madrac<br \/>\n&gt; Essential madrac<br \/>\n&gt; Uklonjiva navlaka za madrac s patentnim zatvara\u010dem<br \/>\n&gt; Zatvara\u010d s motivom obla\u010di\u0107a<br \/>\n&gt; Upute<\/p>\n","protected":false},"excerpt":{"rendered":"<p>&gt; Madrac s dobrom lumbalnom potporom!<br \/>\n&gt; Izdr\u017eljiva jezgra vrhunske kvalitete<br \/>\n&gt; Dolazi s mekom navlakom za madrac koja se mo\u017ee skinuti<br \/>\n&gt; Sigurno disanje zajam\u010deno u svakom trenutku<br \/>\n&gt; Regulacija temperature i upijanje vlage zahvaljuju\u0107i 3D tehnologiji<br \/>\n&gt; Zadovoljava najstro\u017ee europske standarde za sigurnost beba: EN 16 890<\/p>\n<p>Dimenzije: 70 x 140 cm<\/p>\n","protected":false},"featured_media":86712,"comment_status":"open","ping_status":"closed","template":"","meta":{"_acf_changed":false,"footnotes":""},"product_brand":[],"product_cat":[667,666,2237],"product_tag":[],"class_list":{"0":"post-149806","1":"product","2":"type-product","3":"status-publish","4":"has-post-thumbnail","6":"product_cat-djecja-sobica","7":"product_cat-djecja-soba","8":"product_cat-madraci-i-zastite","9":"pa_brand-aerosleep","11":"first","12":"instock","13":"sale","14":"purchasable","15":"product-type-simple"},"bundled_by":[],"bundle_stock_status":"instock","bundle_stock_quantity":2,"bundle_virtual":false,"bundle_layout":"","bundle_add_to_cart_form_location":"","bundle_editable_in_cart":false,"bundle_sold_individually_context":"","bundle_item_grouping":"","bundle_min_size":"","bundle_max_size":"","bundle_price":[],"bundled_items":[],"bundle_sell_ids":[],"acf":[],"yoast_head":"<!-- This site is optimized with the Yoast SEO Premium plugin v21.5 (Yoast SEO v27.4) - https:\/\/yoast.com\/product\/yoast-seo-premium-wordpress\/ -->\n<title>AeroSleep SafeSleep set - madrac + za\u0161tita za madrac ESSENTIAL 70x140 - NajNaj.eu<\/title>\n<meta name=\"robots\" content=\"index, follow, max-snippet:-1, max-image-preview:large, max-video-preview:-1\" \/>\n<link rel=\"canonical\" href=\"https:\/\/najnaj.eu\/fr\/proizvod\/aerosleep-safesleep-set-madrac-zastita-za-madrac-essential-70x140\/\" \/>\n<meta property=\"og:locale\" content=\"fr_FR\" \/>\n<meta property=\"og:type\" content=\"article\" \/>\n<meta property=\"og:title\" content=\"AeroSleep SafeSleep set - madrac + za\u0161tita za madrac ESSENTIAL 70x140\" \/>\n<meta property=\"og:description\" content=\"&gt; Madrac s dobrom lumbalnom potporom! &gt; Izdr\u017eljiva jezgra vrhunske kvalitete &gt; Dolazi s mekom navlakom za madrac koja se mo\u017ee skinuti &gt; Sigurno disanje zajam\u010deno u svakom trenutku &gt; Regulacija temperature i upijanje vlage zahvaljuju\u0107i 3D tehnologiji &gt; Zadovoljava najstro\u017ee europske standarde za sigurnost beba: EN 16 890  Dimenzije: 70 x 140 cm\" \/>\n<meta property=\"og:url\" content=\"https:\/\/najnaj.eu\/fr\/proizvod\/aerosleep-safesleep-set-madrac-zastita-za-madrac-essential-70x140\/\" \/>\n<meta property=\"og:site_name\" content=\"NajNaj.eu\" \/>\n<meta property=\"article:publisher\" content=\"https:\/\/web.facebook.com\/najnaj.eu\/\" \/>\n<meta property=\"article:modified_time\" content=\"2026-01-30T09:54:12+00:00\" \/>\n<meta property=\"og:image\" content=\"https:\/\/najnaj.eu\/wp-content\/uploads\/2023\/08\/AM-ES-120-060-mattress-pack-detail.jpg\" \/>\n\t<meta property=\"og:image:width\" content=\"1152\" \/>\n\t<meta property=\"og:image:height\" content=\"768\" \/>\n\t<meta property=\"og:image:type\" content=\"image\/jpeg\" \/>\n<meta name=\"twitter:card\" content=\"summary_large_image\" \/>\n<meta name=\"twitter:label1\" content=\"Prix\" \/>\n\t<meta name=\"twitter:data1\" content=\"179,95&nbsp;&euro;\" \/>\n\t<meta name=\"twitter:label2\" content=\"Disponibilit\u00e9\" \/>\n\t<meta name=\"twitter:data2\" content=\"En stock\" \/>\n<script type=\"application\/ld+json\" class=\"yoast-schema-graph\">{\"@context\":\"https:\\\/\\\/schema.org\",\"@graph\":[{\"@type\":\"WebPage\",\"@id\":\"https:\\\/\\\/najnaj.eu\\\/fr\\\/proizvod\\\/aerosleep-safesleep-set-madrac-zastita-za-madrac-essential-70x140\\\/\",\"url\":\"https:\\\/\\\/najnaj.eu\\\/fr\\\/proizvod\\\/aerosleep-safesleep-set-madrac-zastita-za-madrac-essential-70x140\\\/\",\"name\":\"AeroSleep SafeSleep set - madrac + za\u0161tita za madrac ESSENTIAL 70x140 - NajNaj.eu\",\"isPartOf\":{\"@id\":\"https:\\\/\\\/najnaj.eu\\\/fr\\\/#website\"},\"primaryImageOfPage\":{\"@id\":\"https:\\\/\\\/najnaj.eu\\\/fr\\\/proizvod\\\/aerosleep-safesleep-set-madrac-zastita-za-madrac-essential-70x140\\\/#primaryimage\"},\"image\":{\"@id\":\"https:\\\/\\\/najnaj.eu\\\/fr\\\/proizvod\\\/aerosleep-safesleep-set-madrac-zastita-za-madrac-essential-70x140\\\/#primaryimage\"},\"thumbnailUrl\":\"https:\\\/\\\/najnaj.eu\\\/wp-content\\\/uploads\\\/2023\\\/08\\\/AM-ES-120-060-mattress-pack-detail.jpg\",\"datePublished\":\"2020-07-29T06:15:49+00:00\",\"dateModified\":\"2026-01-30T09:54:12+00:00\",\"breadcrumb\":{\"@id\":\"https:\\\/\\\/najnaj.eu\\\/fr\\\/proizvod\\\/aerosleep-safesleep-set-madrac-zastita-za-madrac-essential-70x140\\\/#breadcrumb\"},\"inLanguage\":\"fr-FR\",\"potentialAction\":[{\"@type\":\"ReadAction\",\"target\":[\"https:\\\/\\\/najnaj.eu\\\/fr\\\/proizvod\\\/aerosleep-safesleep-set-madrac-zastita-za-madrac-essential-70x140\\\/\"]}]},{\"@type\":\"ImageObject\",\"inLanguage\":\"fr-FR\",\"@id\":\"https:\\\/\\\/najnaj.eu\\\/fr\\\/proizvod\\\/aerosleep-safesleep-set-madrac-zastita-za-madrac-essential-70x140\\\/#primaryimage\",\"url\":\"https:\\\/\\\/najnaj.eu\\\/wp-content\\\/uploads\\\/2023\\\/08\\\/AM-ES-120-060-mattress-pack-detail.jpg\",\"contentUrl\":\"https:\\\/\\\/najnaj.eu\\\/wp-content\\\/uploads\\\/2023\\\/08\\\/AM-ES-120-060-mattress-pack-detail.jpg\",\"width\":1152,\"height\":768},{\"@type\":\"BreadcrumbList\",\"@id\":\"https:\\\/\\\/najnaj.eu\\\/fr\\\/proizvod\\\/aerosleep-safesleep-set-madrac-zastita-za-madrac-essential-70x140\\\/#breadcrumb\",\"itemListElement\":[{\"@type\":\"ListItem\",\"position\":1,\"name\":\"Po\u010detna stranica\",\"item\":\"https:\\\/\\\/najnaj.eu\\\/fr\\\/\"},{\"@type\":\"ListItem\",\"position\":2,\"name\":\"Trgovina\",\"item\":\"https:\\\/\\\/najnaj.hr\\\/trgovina\\\/\"},{\"@type\":\"ListItem\",\"position\":3,\"name\":\"AeroSleep SafeSleep set &#8211; madrac + za\u0161tita za madrac ESSENTIAL 70&#215;140\"}]},{\"@type\":\"WebSite\",\"@id\":\"https:\\\/\\\/najnaj.eu\\\/fr\\\/#website\",\"url\":\"https:\\\/\\\/najnaj.eu\\\/fr\\\/\",\"name\":\"NajNaj.eu\",\"description\":\"Za najva\u017enije!\",\"potentialAction\":[{\"@type\":\"SearchAction\",\"target\":{\"@type\":\"EntryPoint\",\"urlTemplate\":\"https:\\\/\\\/najnaj.eu\\\/fr\\\/?s={search_term_string}\"},\"query-input\":{\"@type\":\"PropertyValueSpecification\",\"valueRequired\":true,\"valueName\":\"search_term_string\"}}],\"inLanguage\":\"fr-FR\"}]}<\/script>\n<meta property=\"product:brand\" content=\"AeroSleep\" \/>\n<meta property=\"product:price:amount\" content=\"179.95\" \/>\n<meta property=\"product:price:currency\" content=\"EUR\" \/>\n<meta property=\"og:availability\" content=\"instock\" \/>\n<meta property=\"product:availability\" content=\"instock\" \/>\n<meta property=\"product:retailer_item_id\" content=\"AM-ES140\" \/>\n<meta property=\"product:condition\" content=\"new\" \/>\n<!-- \/ Yoast SEO Premium plugin. -->","yoast_head_json":{"title":"AeroSleep SafeSleep set - madrac + za\u0161tita za madrac ESSENTIAL 70x140 - NajNaj.eu","robots":{"index":"index","follow":"follow","max-snippet":"max-snippet:-1","max-image-preview":"max-image-preview:large","max-video-preview":"max-video-preview:-1"},"canonical":"https:\/\/najnaj.eu\/fr\/proizvod\/aerosleep-safesleep-set-madrac-zastita-za-madrac-essential-70x140\/","og_locale":"fr_FR","og_type":"article","og_title":"AeroSleep SafeSleep set - madrac + za\u0161tita za madrac ESSENTIAL 70x140","og_description":"&gt; Madrac s dobrom lumbalnom potporom! &gt; Izdr\u017eljiva jezgra vrhunske kvalitete &gt; Dolazi s mekom navlakom za madrac koja se mo\u017ee skinuti &gt; Sigurno disanje zajam\u010deno u svakom trenutku &gt; Regulacija temperature i upijanje vlage zahvaljuju\u0107i 3D tehnologiji &gt; Zadovoljava najstro\u017ee europske standarde za sigurnost beba: EN 16 890  Dimenzije: 70 x 140 cm","og_url":"https:\/\/najnaj.eu\/fr\/proizvod\/aerosleep-safesleep-set-madrac-zastita-za-madrac-essential-70x140\/","og_site_name":"NajNaj.eu","article_publisher":"https:\/\/web.facebook.com\/najnaj.eu\/","article_modified_time":"2026-01-30T09:54:12+00:00","og_image":[{"width":1152,"height":768,"url":"https:\/\/najnaj.eu\/wp-content\/uploads\/2023\/08\/AM-ES-120-060-mattress-pack-detail.jpg","type":"image\/jpeg"}],"twitter_card":"summary_large_image","twitter_misc":{"Prix":"179,95&nbsp;&euro;","Disponibilit\u00e9":"En stock"},"schema":{"@context":"https:\/\/schema.org","@graph":[{"@type":"WebPage","@id":"https:\/\/najnaj.eu\/fr\/proizvod\/aerosleep-safesleep-set-madrac-zastita-za-madrac-essential-70x140\/","url":"https:\/\/najnaj.eu\/fr\/proizvod\/aerosleep-safesleep-set-madrac-zastita-za-madrac-essential-70x140\/","name":"AeroSleep SafeSleep set - madrac + za\u0161tita za madrac ESSENTIAL 70x140 - NajNaj.eu","isPartOf":{"@id":"https:\/\/najnaj.eu\/fr\/#website"},"primaryImageOfPage":{"@id":"https:\/\/najnaj.eu\/fr\/proizvod\/aerosleep-safesleep-set-madrac-zastita-za-madrac-essential-70x140\/#primaryimage"},"image":{"@id":"https:\/\/najnaj.eu\/fr\/proizvod\/aerosleep-safesleep-set-madrac-zastita-za-madrac-essential-70x140\/#primaryimage"},"thumbnailUrl":"https:\/\/najnaj.eu\/wp-content\/uploads\/2023\/08\/AM-ES-120-060-mattress-pack-detail.jpg","datePublished":"2020-07-29T06:15:49+00:00","dateModified":"2026-01-30T09:54:12+00:00","breadcrumb":{"@id":"https:\/\/najnaj.eu\/fr\/proizvod\/aerosleep-safesleep-set-madrac-zastita-za-madrac-essential-70x140\/#breadcrumb"},"inLanguage":"fr-FR","potentialAction":[{"@type":"ReadAction","target":["https:\/\/najnaj.eu\/fr\/proizvod\/aerosleep-safesleep-set-madrac-zastita-za-madrac-essential-70x140\/"]}]},{"@type":"ImageObject","inLanguage":"fr-FR","@id":"https:\/\/najnaj.eu\/fr\/proizvod\/aerosleep-safesleep-set-madrac-zastita-za-madrac-essential-70x140\/#primaryimage","url":"https:\/\/najnaj.eu\/wp-content\/uploads\/2023\/08\/AM-ES-120-060-mattress-pack-detail.jpg","contentUrl":"https:\/\/najnaj.eu\/wp-content\/uploads\/2023\/08\/AM-ES-120-060-mattress-pack-detail.jpg","width":1152,"height":768},{"@type":"BreadcrumbList","@id":"https:\/\/najnaj.eu\/fr\/proizvod\/aerosleep-safesleep-set-madrac-zastita-za-madrac-essential-70x140\/#breadcrumb","itemListElement":[{"@type":"ListItem","position":1,"name":"Po\u010detna stranica","item":"https:\/\/najnaj.eu\/fr\/"},{"@type":"ListItem","position":2,"name":"Trgovina","item":"https:\/\/najnaj.hr\/trgovina\/"},{"@type":"ListItem","position":3,"name":"AeroSleep SafeSleep set &#8211; madrac + za\u0161tita za madrac ESSENTIAL 70&#215;140"}]},{"@type":"WebSite","@id":"https:\/\/najnaj.eu\/fr\/#website","url":"https:\/\/najnaj.eu\/fr\/","name":"NajNaj.eu","description":"Za najva\u017enije!","potentialAction":[{"@type":"SearchAction","target":{"@type":"EntryPoint","urlTemplate":"https:\/\/najnaj.eu\/fr\/?s={search_term_string}"},"query-input":{"@type":"PropertyValueSpecification","valueRequired":true,"valueName":"search_term_string"}}],"inLanguage":"fr-FR"}]},"product_brand":"AeroSleep","product_price_amount":"179.95","product_price_currency":"EUR","og_availability":"instock","product_availability":"instock","product_retailer_item_id":"AM-ES140","product_condition":"new"},"_links":{"self":[{"href":"https:\/\/najnaj.eu\/fr\/wp-json\/wp\/v2\/product\/149806","targetHints":{"allow":["GET"]}}],"collection":[{"href":"https:\/\/najnaj.eu\/fr\/wp-json\/wp\/v2\/product"}],"about":[{"href":"https:\/\/najnaj.eu\/fr\/wp-json\/wp\/v2\/types\/product"}],"replies":[{"embeddable":true,"href":"https:\/\/najnaj.eu\/fr\/wp-json\/wp\/v2\/comments?post=149806"}],"version-history":[{"count":0,"href":"https:\/\/najnaj.eu\/fr\/wp-json\/wp\/v2\/product\/149806\/revisions"}],"wp:featuredmedia":[{"embeddable":true,"href":"https:\/\/najnaj.eu\/fr\/wp-json\/wp\/v2\/media\/86712"}],"wp:attachment":[{"href":"https:\/\/najnaj.eu\/fr\/wp-json\/wp\/v2\/media?parent=149806"}],"wp:term":[{"taxonomy":"product_brand","embeddable":true,"href":"https:\/\/najnaj.eu\/fr\/wp-json\/wp\/v2\/product_brand?post=149806"},{"taxonomy":"product_cat","embeddable":true,"href":"https:\/\/najnaj.eu\/fr\/wp-json\/wp\/v2\/product_cat?post=149806"},{"taxonomy":"product_tag","embeddable":true,"href":"https:\/\/najnaj.eu\/fr\/wp-json\/wp\/v2\/product_tag?post=149806"}],"curies":[{"name":"wp","href":"https:\/\/api.w.org\/{rel}","templated":true}]}}