{"id":149771,"date":"2020-06-03T13:45:33","date_gmt":"2020-06-03T11:45:33","guid":{"rendered":"https:\/\/najnaj.hr\/proizvod\/besafe-ogledalo-xl%c2%b2-sa-svjetlom\/"},"modified":"2026-02-28T21:26:47","modified_gmt":"2026-02-28T20:26:47","slug":"besafe-ogledalo-xl%c2%b2-sa-svjetlom","status":"publish","type":"product","link":"https:\/\/najnaj.eu\/fr\/proizvod\/besafe-ogledalo-xl%c2%b2-sa-svjetlom\/","title":{"rendered":"BeSafe ogledalo XL\u00b2 sa svjetlom"},"content":{"rendered":"<p>Dnevno i no\u0107no ogledalo za kontakt s djecom koja se voze u smjeru suprotnom od smjera vo\u017enje<\/p>\n<p><strong><b>Za udobna i sigurna putovanja<\/b><\/strong><\/p>\n<ul>\n<li>Omogu\u0107uje gledanje djece koja se voze u sjedalicama u suprotnome smjeru i interakciju jedni s drugima<\/li>\n<li>Velika zrcalna povr\u0161ina daje sjajan pogled na dijete<\/li>\n<li>Konveksniji savijeni dizajn za jo\u0161 \u0161iri raspon gledanja<\/li>\n<li>Za najve\u0107u sigurnost testiran je pri brzinama sudara od 64 km \/ h<\/li>\n<\/ul>\n<p>&nbsp;<\/p>\n<p><strong><b>Jednostavna instalacija i prilago\u0111avanje <\/b><\/strong><\/p>\n<ul>\n<li>Sigurna ugradnja oko naslona za glavu s dvije trake za postavljanje<\/li>\n<li>Mo\u017ee se lako zakretati i naginjati u bilo kojem smjeru radi individualnog prilago\u0111avanja automobilu<\/li>\n<\/ul>\n<p>&nbsp;<\/p>\n<p><strong><b>Kontakt jednim klikom \u010dak i u tami<\/b><\/strong><\/p>\n<ul>\n<li>Sadr\u017ei LED svjetla koja omogu\u0107uju gledanje djeteta \u010dak i u tami<\/li>\n<li>Aktivacija jednim klikom putem daljinskog upravlja\u010da s pobolj\u0161anom stezaljkom koja se mo\u017ee pri\u010dvrstiti na sjenilo automobila<\/li>\n<li>Nje\u017eno paljenje svjetala sprje\u010dava bu\u0111enje djeteta<\/li>\n<li>U\u0161teda baterije &#8211; automatsko ga\u0161enje nakon 2 minute<\/li>\n<\/ul>\n<p>&nbsp;<\/p>\n","protected":false},"excerpt":{"rendered":"<p>Nadogra\u0111ena verzija na\u0161eg premium ogledala, BeSafe ogledalo XL\u00b2, omogu\u0107ava vam da zadr\u017eite kontakt sa djetetom u autosjedalici u suprotnome smjeru i tijekom dana i u tami. Sadr\u017ei svjetla na daljinsko upravljanje i mnoge druge prakti\u010dne i nove funkcije.<\/p>\n","protected":false},"featured_media":84823,"comment_status":"open","ping_status":"closed","template":"","meta":{"_acf_changed":false,"footnotes":""},"product_brand":[],"product_cat":[829,646],"product_tag":[],"class_list":{"0":"post-149771","1":"product","2":"type-product","3":"status-publish","4":"has-post-thumbnail","6":"product_cat-dodaci-za-autosjedalice","7":"product_cat-ostali-dodaci","8":"pa_brand-besafe","10":"first","11":"instock","12":"purchasable","13":"product-type-simple"},"bundled_by":[],"bundle_stock_status":"instock","bundle_stock_quantity":15,"bundle_virtual":false,"bundle_layout":"","bundle_add_to_cart_form_location":"","bundle_editable_in_cart":false,"bundle_sold_individually_context":"","bundle_item_grouping":"","bundle_min_size":"","bundle_max_size":"","bundle_price":[],"bundled_items":[],"bundle_sell_ids":[],"acf":[],"yoast_head":"<!-- This site is optimized with the Yoast SEO Premium plugin v21.5 (Yoast SEO v27.3) - https:\/\/yoast.com\/product\/yoast-seo-premium-wordpress\/ -->\n<title>BeSafe ogledalo XL\u00b2 sa svjetlom - NajNaj.eu<\/title>\n<meta name=\"robots\" content=\"index, follow, max-snippet:-1, max-image-preview:large, max-video-preview:-1\" \/>\n<link rel=\"canonical\" href=\"https:\/\/najnaj.eu\/fr\/proizvod\/besafe-ogledalo-xl%c2%b2-sa-svjetlom\/\" \/>\n<meta property=\"og:locale\" content=\"fr_FR\" \/>\n<meta property=\"og:type\" content=\"article\" \/>\n<meta property=\"og:title\" content=\"BeSafe ogledalo XL\u00b2 sa svjetlom\" \/>\n<meta property=\"og:description\" content=\"Nadogra\u0111ena verzija na\u0161eg premium ogledala, BeSafe ogledalo XL\u00b2, omogu\u0107ava vam da zadr\u017eite kontakt sa djetetom u autosjedalici u suprotnome smjeru i tijekom dana i u tami. Sadr\u017ei svjetla na daljinsko upravljanje i mnoge druge prakti\u010dne i nove funkcije.\" \/>\n<meta property=\"og:url\" content=\"https:\/\/najnaj.eu\/fr\/proizvod\/besafe-ogledalo-xl%c2%b2-sa-svjetlom\/\" \/>\n<meta property=\"og:site_name\" content=\"NajNaj.eu\" \/>\n<meta property=\"article:publisher\" content=\"https:\/\/web.facebook.com\/najnaj.eu\/\" \/>\n<meta property=\"article:modified_time\" content=\"2026-02-28T20:26:47+00:00\" \/>\n<meta property=\"og:image\" content=\"https:\/\/najnaj.eu\/wp-content\/uploads\/2023\/08\/BeSafe-ogledalo-XL-2.jpg\" \/>\n\t<meta property=\"og:image:width\" content=\"1981\" \/>\n\t<meta property=\"og:image:height\" content=\"1324\" \/>\n\t<meta property=\"og:image:type\" content=\"image\/jpeg\" \/>\n<meta name=\"twitter:card\" content=\"summary_large_image\" \/>\n<meta name=\"twitter:label1\" content=\"Prix\" \/>\n\t<meta name=\"twitter:data1\" content=\"35,99&nbsp;&euro;\" \/>\n\t<meta name=\"twitter:label2\" content=\"Disponibilit\u00e9\" \/>\n\t<meta name=\"twitter:data2\" content=\"En stock\" \/>\n<script type=\"application\/ld+json\" class=\"yoast-schema-graph\">{\"@context\":\"https:\\\/\\\/schema.org\",\"@graph\":[{\"@type\":\"WebPage\",\"@id\":\"https:\\\/\\\/najnaj.eu\\\/fr\\\/proizvod\\\/besafe-ogledalo-xl%c2%b2-sa-svjetlom\\\/\",\"url\":\"https:\\\/\\\/najnaj.eu\\\/fr\\\/proizvod\\\/besafe-ogledalo-xl%c2%b2-sa-svjetlom\\\/\",\"name\":\"BeSafe ogledalo XL\u00b2 sa svjetlom - NajNaj.eu\",\"isPartOf\":{\"@id\":\"https:\\\/\\\/najnaj.eu\\\/fr\\\/#website\"},\"primaryImageOfPage\":{\"@id\":\"https:\\\/\\\/najnaj.eu\\\/fr\\\/proizvod\\\/besafe-ogledalo-xl%c2%b2-sa-svjetlom\\\/#primaryimage\"},\"image\":{\"@id\":\"https:\\\/\\\/najnaj.eu\\\/fr\\\/proizvod\\\/besafe-ogledalo-xl%c2%b2-sa-svjetlom\\\/#primaryimage\"},\"thumbnailUrl\":\"https:\\\/\\\/najnaj.eu\\\/wp-content\\\/uploads\\\/2023\\\/08\\\/BeSafe-ogledalo-XL-2.jpg\",\"datePublished\":\"2020-06-03T11:45:33+00:00\",\"dateModified\":\"2026-02-28T20:26:47+00:00\",\"breadcrumb\":{\"@id\":\"https:\\\/\\\/najnaj.eu\\\/fr\\\/proizvod\\\/besafe-ogledalo-xl%c2%b2-sa-svjetlom\\\/#breadcrumb\"},\"inLanguage\":\"fr-FR\",\"potentialAction\":[{\"@type\":\"ReadAction\",\"target\":[\"https:\\\/\\\/najnaj.eu\\\/fr\\\/proizvod\\\/besafe-ogledalo-xl%c2%b2-sa-svjetlom\\\/\"]}]},{\"@type\":\"ImageObject\",\"inLanguage\":\"fr-FR\",\"@id\":\"https:\\\/\\\/najnaj.eu\\\/fr\\\/proizvod\\\/besafe-ogledalo-xl%c2%b2-sa-svjetlom\\\/#primaryimage\",\"url\":\"https:\\\/\\\/najnaj.eu\\\/wp-content\\\/uploads\\\/2023\\\/08\\\/BeSafe-ogledalo-XL-2.jpg\",\"contentUrl\":\"https:\\\/\\\/najnaj.eu\\\/wp-content\\\/uploads\\\/2023\\\/08\\\/BeSafe-ogledalo-XL-2.jpg\",\"width\":1981,\"height\":1324},{\"@type\":\"BreadcrumbList\",\"@id\":\"https:\\\/\\\/najnaj.eu\\\/fr\\\/proizvod\\\/besafe-ogledalo-xl%c2%b2-sa-svjetlom\\\/#breadcrumb\",\"itemListElement\":[{\"@type\":\"ListItem\",\"position\":1,\"name\":\"Po\u010detna stranica\",\"item\":\"https:\\\/\\\/najnaj.eu\\\/fr\\\/\"},{\"@type\":\"ListItem\",\"position\":2,\"name\":\"Trgovina\",\"item\":\"https:\\\/\\\/najnaj.hr\\\/trgovina\\\/\"},{\"@type\":\"ListItem\",\"position\":3,\"name\":\"BeSafe ogledalo XL\u00b2 sa svjetlom\"}]},{\"@type\":\"WebSite\",\"@id\":\"https:\\\/\\\/najnaj.eu\\\/fr\\\/#website\",\"url\":\"https:\\\/\\\/najnaj.eu\\\/fr\\\/\",\"name\":\"NajNaj.eu\",\"description\":\"Za najva\u017enije!\",\"potentialAction\":[{\"@type\":\"SearchAction\",\"target\":{\"@type\":\"EntryPoint\",\"urlTemplate\":\"https:\\\/\\\/najnaj.eu\\\/fr\\\/?s={search_term_string}\"},\"query-input\":{\"@type\":\"PropertyValueSpecification\",\"valueRequired\":true,\"valueName\":\"search_term_string\"}}],\"inLanguage\":\"fr-FR\"}]}<\/script>\n<meta property=\"product:brand\" content=\"BeSafe\" \/>\n<meta property=\"product:price:amount\" content=\"35.99\" \/>\n<meta property=\"product:price:currency\" content=\"EUR\" \/>\n<meta property=\"og:availability\" content=\"instock\" \/>\n<meta property=\"product:availability\" content=\"instock\" \/>\n<meta property=\"product:retailer_item_id\" content=\"11008430\" \/>\n<meta property=\"product:condition\" content=\"new\" \/>\n<!-- \/ Yoast SEO Premium plugin. -->","yoast_head_json":{"title":"BeSafe ogledalo XL\u00b2 sa svjetlom - NajNaj.eu","robots":{"index":"index","follow":"follow","max-snippet":"max-snippet:-1","max-image-preview":"max-image-preview:large","max-video-preview":"max-video-preview:-1"},"canonical":"https:\/\/najnaj.eu\/fr\/proizvod\/besafe-ogledalo-xl%c2%b2-sa-svjetlom\/","og_locale":"fr_FR","og_type":"article","og_title":"BeSafe ogledalo XL\u00b2 sa svjetlom","og_description":"Nadogra\u0111ena verzija na\u0161eg premium ogledala, BeSafe ogledalo XL\u00b2, omogu\u0107ava vam da zadr\u017eite kontakt sa djetetom u autosjedalici u suprotnome smjeru i tijekom dana i u tami. Sadr\u017ei svjetla na daljinsko upravljanje i mnoge druge prakti\u010dne i nove funkcije.","og_url":"https:\/\/najnaj.eu\/fr\/proizvod\/besafe-ogledalo-xl%c2%b2-sa-svjetlom\/","og_site_name":"NajNaj.eu","article_publisher":"https:\/\/web.facebook.com\/najnaj.eu\/","article_modified_time":"2026-02-28T20:26:47+00:00","og_image":[{"width":1981,"height":1324,"url":"https:\/\/najnaj.eu\/wp-content\/uploads\/2023\/08\/BeSafe-ogledalo-XL-2.jpg","type":"image\/jpeg"}],"twitter_card":"summary_large_image","twitter_misc":{"Prix":"35,99&nbsp;&euro;","Disponibilit\u00e9":"En stock"},"schema":{"@context":"https:\/\/schema.org","@graph":[{"@type":"WebPage","@id":"https:\/\/najnaj.eu\/fr\/proizvod\/besafe-ogledalo-xl%c2%b2-sa-svjetlom\/","url":"https:\/\/najnaj.eu\/fr\/proizvod\/besafe-ogledalo-xl%c2%b2-sa-svjetlom\/","name":"BeSafe ogledalo XL\u00b2 sa svjetlom - NajNaj.eu","isPartOf":{"@id":"https:\/\/najnaj.eu\/fr\/#website"},"primaryImageOfPage":{"@id":"https:\/\/najnaj.eu\/fr\/proizvod\/besafe-ogledalo-xl%c2%b2-sa-svjetlom\/#primaryimage"},"image":{"@id":"https:\/\/najnaj.eu\/fr\/proizvod\/besafe-ogledalo-xl%c2%b2-sa-svjetlom\/#primaryimage"},"thumbnailUrl":"https:\/\/najnaj.eu\/wp-content\/uploads\/2023\/08\/BeSafe-ogledalo-XL-2.jpg","datePublished":"2020-06-03T11:45:33+00:00","dateModified":"2026-02-28T20:26:47+00:00","breadcrumb":{"@id":"https:\/\/najnaj.eu\/fr\/proizvod\/besafe-ogledalo-xl%c2%b2-sa-svjetlom\/#breadcrumb"},"inLanguage":"fr-FR","potentialAction":[{"@type":"ReadAction","target":["https:\/\/najnaj.eu\/fr\/proizvod\/besafe-ogledalo-xl%c2%b2-sa-svjetlom\/"]}]},{"@type":"ImageObject","inLanguage":"fr-FR","@id":"https:\/\/najnaj.eu\/fr\/proizvod\/besafe-ogledalo-xl%c2%b2-sa-svjetlom\/#primaryimage","url":"https:\/\/najnaj.eu\/wp-content\/uploads\/2023\/08\/BeSafe-ogledalo-XL-2.jpg","contentUrl":"https:\/\/najnaj.eu\/wp-content\/uploads\/2023\/08\/BeSafe-ogledalo-XL-2.jpg","width":1981,"height":1324},{"@type":"BreadcrumbList","@id":"https:\/\/najnaj.eu\/fr\/proizvod\/besafe-ogledalo-xl%c2%b2-sa-svjetlom\/#breadcrumb","itemListElement":[{"@type":"ListItem","position":1,"name":"Po\u010detna stranica","item":"https:\/\/najnaj.eu\/fr\/"},{"@type":"ListItem","position":2,"name":"Trgovina","item":"https:\/\/najnaj.hr\/trgovina\/"},{"@type":"ListItem","position":3,"name":"BeSafe ogledalo XL\u00b2 sa svjetlom"}]},{"@type":"WebSite","@id":"https:\/\/najnaj.eu\/fr\/#website","url":"https:\/\/najnaj.eu\/fr\/","name":"NajNaj.eu","description":"Za najva\u017enije!","potentialAction":[{"@type":"SearchAction","target":{"@type":"EntryPoint","urlTemplate":"https:\/\/najnaj.eu\/fr\/?s={search_term_string}"},"query-input":{"@type":"PropertyValueSpecification","valueRequired":true,"valueName":"search_term_string"}}],"inLanguage":"fr-FR"}]},"product_brand":"BeSafe","product_price_amount":"35.99","product_price_currency":"EUR","og_availability":"instock","product_availability":"instock","product_retailer_item_id":"11008430","product_condition":"new"},"_links":{"self":[{"href":"https:\/\/najnaj.eu\/fr\/wp-json\/wp\/v2\/product\/149771","targetHints":{"allow":["GET"]}}],"collection":[{"href":"https:\/\/najnaj.eu\/fr\/wp-json\/wp\/v2\/product"}],"about":[{"href":"https:\/\/najnaj.eu\/fr\/wp-json\/wp\/v2\/types\/product"}],"replies":[{"embeddable":true,"href":"https:\/\/najnaj.eu\/fr\/wp-json\/wp\/v2\/comments?post=149771"}],"version-history":[{"count":0,"href":"https:\/\/najnaj.eu\/fr\/wp-json\/wp\/v2\/product\/149771\/revisions"}],"wp:featuredmedia":[{"embeddable":true,"href":"https:\/\/najnaj.eu\/fr\/wp-json\/wp\/v2\/media\/84823"}],"wp:attachment":[{"href":"https:\/\/najnaj.eu\/fr\/wp-json\/wp\/v2\/media?parent=149771"}],"wp:term":[{"taxonomy":"product_brand","embeddable":true,"href":"https:\/\/najnaj.eu\/fr\/wp-json\/wp\/v2\/product_brand?post=149771"},{"taxonomy":"product_cat","embeddable":true,"href":"https:\/\/najnaj.eu\/fr\/wp-json\/wp\/v2\/product_cat?post=149771"},{"taxonomy":"product_tag","embeddable":true,"href":"https:\/\/najnaj.eu\/fr\/wp-json\/wp\/v2\/product_tag?post=149771"}],"curies":[{"name":"wp","href":"https:\/\/api.w.org\/{rel}","templated":true}]}}