{"id":149755,"date":"2020-04-20T22:37:15","date_gmt":"2020-04-20T20:37:15","guid":{"rendered":"https:\/\/najnaj.hr\/proizvod\/carriwell-potporni-pojas-za-trudnice-s-cickom-bijeli\/"},"modified":"2026-04-20T15:54:39","modified_gmt":"2026-04-20T13:54:39","slug":"carriwell-potporni-pojas-za-trudnice-s-cickom-bijeli","status":"publish","type":"product","link":"https:\/\/najnaj.eu\/fr\/proizvod\/carriwell-potporni-pojas-za-trudnice-s-cickom-bijeli\/","title":{"rendered":"Carriwell Potporni pojas za trudnice &#8211; uski, bijeli"},"content":{"rendered":"<p>Predstavljamo Carriwell potporni pojas, revolucionarno rje\u0161enje osmi\u0161ljeno za ubla\u017eavanje bolova u donjem dijelu le\u0111a tijekom trudno\u0107e. Svojim inovativnim dizajnom i promi\u0161ljenim zna\u010dajkama, ovaj potporni pojas ima za cilj pru\u017eiti vam udobnost i olak\u0161anje koje trebate, tako da mo\u017eete u potpunosti u\u017eivati \u200b\u200bu svom trudni\u010dkom putovanju bez tereta bolova u le\u0111ima.<\/p>\n<p>Bol u le\u0111ima \u010desta je pritu\u017eba trudnica, a 70% njih osje\u0107a nelagodu. Me\u0111utim, s potpornim pojasom ne morate biti jedan od njih. Ovaj je pojas posebno dizajniran za drasti\u010dno smanjenje ili \u010dak uklanjanje boli u donjem dijelu le\u0111a nje\u017enim podizanjem trbuha, poticanjem uspravnijeg dr\u017eanja i ubla\u017eavanjem pritiska na donji dio le\u0111a.<\/p>\n<p>Iskusite jednostavnost i prakti\u010dnost Carriwell potpornog pojasa za trudnice. Stavljanje je jednostavno, a njegov potpuno prilagodljiv dizajn osigurava savr\u0161eno pristajanje to\u010dno prema va\u0161im potrebama. Uz samo nekoliko jednostavnih prilagodbi, mo\u017eete prilagoditi pojas kako bi pru\u017eio optimalnu potporu i udobnost tijekom cijele trudno\u0107e.<\/p>\n<p>Potpora je neophodna tijekom trudno\u0107e, a Carriwell potporni pojas pru\u017ea upravo to. Njegov \u0161iroki i mekani pojas nje\u017eno podi\u017ee va\u0161 trbu\u0161\u010di\u0107, u\u010dinkovito ubla\u017eava pritisak prema dolje i pru\u017ea prijeko potrebnu potporu va\u0161em trbuhu. Na taj na\u010din pravite ravnomjerniju raspodjelu te\u017eine i smanjujete optere\u0107enje donjeg dijela le\u0111a.<\/p>\n<p>Recite zbogom nelagodi i pozdravite olak\u0161anje uz Carriwellov potporni pojas za trudnice. Ovaj inovativni pojas primjenjuje nje\u017ean protupritisak na svako mogu\u0107e podru\u010dje nelagode u donjem dijelu le\u0111a, pru\u017eaju\u0107i ciljano olak\u0161anje i smanjenje napetosti. Osjetite umiruju\u0107i u\u010dinak jer pojas smanjuje pritisak i omogu\u0107uje ugodnije i bezbolnije iskustvo.<\/p>\n<p>Izra\u0111en imaju\u0107i na umu va\u0161u udobnost, Carriwell potporni pojas za trudnice ima \u0161iroku elasti\u010dnu traku i meku tkaninu koja je nje\u017ena prema va\u0161oj osjetljivoj ko\u017ei. Osmi\u0161ljen je tako da se nikada ne ure\u017ee u ko\u017eu ili ne izazove iritaciju, osiguravaju\u0107i maksimalnu udobnost tijekom dana. Prihvatite meko\u0107u i osje\u0107ajte se sigurni uz potporu koju pru\u017ea ovaj promi\u0161ljeno dizajnirani pojas.<\/p>\n<p>Odaberite Carriwell Maternity Support Belt i vratite svoje iskustvo trudno\u0107e. Ne dopustite da vas bol u le\u0111ima sputava ili umanji radost ovog posebnog vremena. Sa svojim jednostavnim, ali u\u010dinkovitim dizajnom, vrhunskom podr\u0161kom, ciljanim olak\u0161anjem i meko\u0107om na va\u0161oj ko\u017ei, ovaj je pojas va\u0161e pravo rje\u0161enje za udobniju i ugodniju trudno\u0107u. Prihvatite prednosti Carriwell pojasa za trudnice i u\u010dinite svoju trudno\u0107u bezbolnom i bla\u017eenom.<\/p>\n<p>Sastav: 50% poliester, 50% elastodien<\/p>\n","protected":false},"excerpt":{"rendered":"<p>Carriwell potporni pojas drasti\u010dno smanjuje ili potpuno uklanja bol u donjem dijelu le\u0111a nje\u017eno podi\u017eu\u0107i trbuh i time poti\u010du\u0107i uspravnije dr\u017eanje.<\/p>\n","protected":false},"featured_media":299720,"comment_status":"open","ping_status":"closed","template":"","meta":{"_acf_changed":false,"footnotes":""},"product_brand":[],"product_cat":[2011,1725,1726],"product_tag":[2104],"class_list":{"0":"post-149755","1":"product","2":"type-product","3":"status-publish","4":"has-post-thumbnail","6":"product_cat-support-belts","7":"product_cat-for-mom","8":"product_cat-for-pregnant-women","9":"product_tag-mum-to-be","10":"pa_boja-white","11":"pa_brand-carriwell-en","13":"first","14":"instock","15":"purchasable","16":"product-type-variable"},"bundled_by":[],"bundle_stock_status":"instock","bundle_stock_quantity":1,"bundle_virtual":false,"bundle_layout":"","bundle_add_to_cart_form_location":"","bundle_editable_in_cart":false,"bundle_sold_individually_context":"","bundle_item_grouping":"","bundle_min_size":"","bundle_max_size":"","bundle_price":[],"bundled_items":[],"bundle_sell_ids":[],"acf":[],"yoast_head":"<!-- This site is optimized with the Yoast SEO Premium plugin v21.5 (Yoast SEO v27.4) - https:\/\/yoast.com\/product\/yoast-seo-premium-wordpress\/ -->\n<title>Carriwell Potporni pojas za trudnice - uski, bijeli - NajNaj.eu<\/title>\n<meta name=\"robots\" content=\"index, follow, max-snippet:-1, max-image-preview:large, max-video-preview:-1\" \/>\n<link rel=\"canonical\" href=\"https:\/\/najnaj.eu\/fr\/proizvod\/carriwell-potporni-pojas-za-trudnice-s-cickom-bijeli\/\" \/>\n<meta property=\"og:locale\" content=\"fr_FR\" \/>\n<meta property=\"og:type\" content=\"article\" \/>\n<meta property=\"og:title\" content=\"Carriwell Potporni pojas za trudnice - uski, bijeli\" \/>\n<meta property=\"og:description\" content=\"Carriwell potporni pojas drasti\u010dno smanjuje ili potpuno uklanja bol u donjem dijelu le\u0111a nje\u017eno podi\u017eu\u0107i trbuh i time poti\u010du\u0107i uspravnije dr\u017eanje.\" \/>\n<meta property=\"og:url\" content=\"https:\/\/najnaj.eu\/fr\/proizvod\/carriwell-potporni-pojas-za-trudnice-s-cickom-bijeli\/\" \/>\n<meta property=\"og:site_name\" content=\"NajNaj.eu\" \/>\n<meta property=\"article:publisher\" content=\"https:\/\/web.facebook.com\/najnaj.eu\/\" \/>\n<meta property=\"article:modified_time\" content=\"2026-04-20T13:54:39+00:00\" \/>\n<meta property=\"og:image\" content=\"https:\/\/najnaj.eu\/wp-content\/uploads\/2020\/04\/5200_Maternity-Support-Belt_White_Web_v02.jpg\" \/>\n\t<meta property=\"og:image:width\" content=\"1000\" \/>\n\t<meta property=\"og:image:height\" content=\"1250\" \/>\n\t<meta property=\"og:image:type\" content=\"image\/jpeg\" \/>\n<meta name=\"twitter:card\" content=\"summary_large_image\" \/>\n<meta name=\"twitter:label1\" content=\"Disponibilit\u00e9\" \/>\n\t<meta name=\"twitter:data1\" content=\"En stock\" \/>\n<script type=\"application\/ld+json\" class=\"yoast-schema-graph\">{\"@context\":\"https:\\\/\\\/schema.org\",\"@graph\":[{\"@type\":\"WebPage\",\"@id\":\"https:\\\/\\\/najnaj.eu\\\/fr\\\/proizvod\\\/carriwell-potporni-pojas-za-trudnice-s-cickom-bijeli\\\/\",\"url\":\"https:\\\/\\\/najnaj.eu\\\/fr\\\/proizvod\\\/carriwell-potporni-pojas-za-trudnice-s-cickom-bijeli\\\/\",\"name\":\"Carriwell Potporni pojas za trudnice - uski, bijeli - NajNaj.eu\",\"isPartOf\":{\"@id\":\"https:\\\/\\\/najnaj.eu\\\/fr\\\/#website\"},\"primaryImageOfPage\":{\"@id\":\"https:\\\/\\\/najnaj.eu\\\/fr\\\/proizvod\\\/carriwell-potporni-pojas-za-trudnice-s-cickom-bijeli\\\/#primaryimage\"},\"image\":{\"@id\":\"https:\\\/\\\/najnaj.eu\\\/fr\\\/proizvod\\\/carriwell-potporni-pojas-za-trudnice-s-cickom-bijeli\\\/#primaryimage\"},\"thumbnailUrl\":\"https:\\\/\\\/najnaj.eu\\\/wp-content\\\/uploads\\\/2020\\\/04\\\/5200_Maternity-Support-Belt_White_Web_v02.jpg\",\"datePublished\":\"2020-04-20T20:37:15+00:00\",\"dateModified\":\"2026-04-20T13:54:39+00:00\",\"breadcrumb\":{\"@id\":\"https:\\\/\\\/najnaj.eu\\\/fr\\\/proizvod\\\/carriwell-potporni-pojas-za-trudnice-s-cickom-bijeli\\\/#breadcrumb\"},\"inLanguage\":\"fr-FR\",\"potentialAction\":[{\"@type\":\"ReadAction\",\"target\":[\"https:\\\/\\\/najnaj.eu\\\/fr\\\/proizvod\\\/carriwell-potporni-pojas-za-trudnice-s-cickom-bijeli\\\/\"]}]},{\"@type\":\"ImageObject\",\"inLanguage\":\"fr-FR\",\"@id\":\"https:\\\/\\\/najnaj.eu\\\/fr\\\/proizvod\\\/carriwell-potporni-pojas-za-trudnice-s-cickom-bijeli\\\/#primaryimage\",\"url\":\"https:\\\/\\\/najnaj.eu\\\/wp-content\\\/uploads\\\/2020\\\/04\\\/5200_Maternity-Support-Belt_White_Web_v02.jpg\",\"contentUrl\":\"https:\\\/\\\/najnaj.eu\\\/wp-content\\\/uploads\\\/2020\\\/04\\\/5200_Maternity-Support-Belt_White_Web_v02.jpg\",\"width\":1000,\"height\":1250},{\"@type\":\"BreadcrumbList\",\"@id\":\"https:\\\/\\\/najnaj.eu\\\/fr\\\/proizvod\\\/carriwell-potporni-pojas-za-trudnice-s-cickom-bijeli\\\/#breadcrumb\",\"itemListElement\":[{\"@type\":\"ListItem\",\"position\":1,\"name\":\"Po\u010detna stranica\",\"item\":\"https:\\\/\\\/najnaj.eu\\\/fr\\\/\"},{\"@type\":\"ListItem\",\"position\":2,\"name\":\"Trgovina\",\"item\":\"https:\\\/\\\/najnaj.hr\\\/trgovina\\\/\"},{\"@type\":\"ListItem\",\"position\":3,\"name\":\"Carriwell Potporni pojas za trudnice &#8211; uski, bijeli\"}]},{\"@type\":\"WebSite\",\"@id\":\"https:\\\/\\\/najnaj.eu\\\/fr\\\/#website\",\"url\":\"https:\\\/\\\/najnaj.eu\\\/fr\\\/\",\"name\":\"NajNaj.eu\",\"description\":\"Za najva\u017enije!\",\"potentialAction\":[{\"@type\":\"SearchAction\",\"target\":{\"@type\":\"EntryPoint\",\"urlTemplate\":\"https:\\\/\\\/najnaj.eu\\\/fr\\\/?s={search_term_string}\"},\"query-input\":{\"@type\":\"PropertyValueSpecification\",\"valueRequired\":true,\"valueName\":\"search_term_string\"}}],\"inLanguage\":\"fr-FR\"}]}<\/script>\n<meta property=\"product:brand\" content=\"Carriwell\" \/>\n<meta property=\"og:availability\" content=\"instock\" \/>\n<meta property=\"product:availability\" content=\"instock\" \/>\n<meta property=\"product:retailer_item_id\" content=\"CW520500N\" \/>\n<meta property=\"product:condition\" content=\"new\" \/>\n<!-- \/ Yoast SEO Premium plugin. -->","yoast_head_json":{"title":"Carriwell Potporni pojas za trudnice - uski, bijeli - NajNaj.eu","robots":{"index":"index","follow":"follow","max-snippet":"max-snippet:-1","max-image-preview":"max-image-preview:large","max-video-preview":"max-video-preview:-1"},"canonical":"https:\/\/najnaj.eu\/fr\/proizvod\/carriwell-potporni-pojas-za-trudnice-s-cickom-bijeli\/","og_locale":"fr_FR","og_type":"article","og_title":"Carriwell Potporni pojas za trudnice - uski, bijeli","og_description":"Carriwell potporni pojas drasti\u010dno smanjuje ili potpuno uklanja bol u donjem dijelu le\u0111a nje\u017eno podi\u017eu\u0107i trbuh i time poti\u010du\u0107i uspravnije dr\u017eanje.","og_url":"https:\/\/najnaj.eu\/fr\/proizvod\/carriwell-potporni-pojas-za-trudnice-s-cickom-bijeli\/","og_site_name":"NajNaj.eu","article_publisher":"https:\/\/web.facebook.com\/najnaj.eu\/","article_modified_time":"2026-04-20T13:54:39+00:00","og_image":[{"width":1000,"height":1250,"url":"https:\/\/najnaj.eu\/wp-content\/uploads\/2020\/04\/5200_Maternity-Support-Belt_White_Web_v02.jpg","type":"image\/jpeg"}],"twitter_card":"summary_large_image","twitter_misc":{"Disponibilit\u00e9":"En stock"},"schema":{"@context":"https:\/\/schema.org","@graph":[{"@type":"WebPage","@id":"https:\/\/najnaj.eu\/fr\/proizvod\/carriwell-potporni-pojas-za-trudnice-s-cickom-bijeli\/","url":"https:\/\/najnaj.eu\/fr\/proizvod\/carriwell-potporni-pojas-za-trudnice-s-cickom-bijeli\/","name":"Carriwell Potporni pojas za trudnice - uski, bijeli - NajNaj.eu","isPartOf":{"@id":"https:\/\/najnaj.eu\/fr\/#website"},"primaryImageOfPage":{"@id":"https:\/\/najnaj.eu\/fr\/proizvod\/carriwell-potporni-pojas-za-trudnice-s-cickom-bijeli\/#primaryimage"},"image":{"@id":"https:\/\/najnaj.eu\/fr\/proizvod\/carriwell-potporni-pojas-za-trudnice-s-cickom-bijeli\/#primaryimage"},"thumbnailUrl":"https:\/\/najnaj.eu\/wp-content\/uploads\/2020\/04\/5200_Maternity-Support-Belt_White_Web_v02.jpg","datePublished":"2020-04-20T20:37:15+00:00","dateModified":"2026-04-20T13:54:39+00:00","breadcrumb":{"@id":"https:\/\/najnaj.eu\/fr\/proizvod\/carriwell-potporni-pojas-za-trudnice-s-cickom-bijeli\/#breadcrumb"},"inLanguage":"fr-FR","potentialAction":[{"@type":"ReadAction","target":["https:\/\/najnaj.eu\/fr\/proizvod\/carriwell-potporni-pojas-za-trudnice-s-cickom-bijeli\/"]}]},{"@type":"ImageObject","inLanguage":"fr-FR","@id":"https:\/\/najnaj.eu\/fr\/proizvod\/carriwell-potporni-pojas-za-trudnice-s-cickom-bijeli\/#primaryimage","url":"https:\/\/najnaj.eu\/wp-content\/uploads\/2020\/04\/5200_Maternity-Support-Belt_White_Web_v02.jpg","contentUrl":"https:\/\/najnaj.eu\/wp-content\/uploads\/2020\/04\/5200_Maternity-Support-Belt_White_Web_v02.jpg","width":1000,"height":1250},{"@type":"BreadcrumbList","@id":"https:\/\/najnaj.eu\/fr\/proizvod\/carriwell-potporni-pojas-za-trudnice-s-cickom-bijeli\/#breadcrumb","itemListElement":[{"@type":"ListItem","position":1,"name":"Po\u010detna stranica","item":"https:\/\/najnaj.eu\/fr\/"},{"@type":"ListItem","position":2,"name":"Trgovina","item":"https:\/\/najnaj.hr\/trgovina\/"},{"@type":"ListItem","position":3,"name":"Carriwell Potporni pojas za trudnice &#8211; uski, bijeli"}]},{"@type":"WebSite","@id":"https:\/\/najnaj.eu\/fr\/#website","url":"https:\/\/najnaj.eu\/fr\/","name":"NajNaj.eu","description":"Za najva\u017enije!","potentialAction":[{"@type":"SearchAction","target":{"@type":"EntryPoint","urlTemplate":"https:\/\/najnaj.eu\/fr\/?s={search_term_string}"},"query-input":{"@type":"PropertyValueSpecification","valueRequired":true,"valueName":"search_term_string"}}],"inLanguage":"fr-FR"}]},"product_brand":"Carriwell","og_availability":"instock","product_availability":"instock","product_retailer_item_id":"CW520500N","product_condition":"new"},"_links":{"self":[{"href":"https:\/\/najnaj.eu\/fr\/wp-json\/wp\/v2\/product\/149755","targetHints":{"allow":["GET"]}}],"collection":[{"href":"https:\/\/najnaj.eu\/fr\/wp-json\/wp\/v2\/product"}],"about":[{"href":"https:\/\/najnaj.eu\/fr\/wp-json\/wp\/v2\/types\/product"}],"replies":[{"embeddable":true,"href":"https:\/\/najnaj.eu\/fr\/wp-json\/wp\/v2\/comments?post=149755"}],"version-history":[{"count":0,"href":"https:\/\/najnaj.eu\/fr\/wp-json\/wp\/v2\/product\/149755\/revisions"}],"wp:featuredmedia":[{"embeddable":true,"href":"https:\/\/najnaj.eu\/fr\/wp-json\/wp\/v2\/media\/299720"}],"wp:attachment":[{"href":"https:\/\/najnaj.eu\/fr\/wp-json\/wp\/v2\/media?parent=149755"}],"wp:term":[{"taxonomy":"product_brand","embeddable":true,"href":"https:\/\/najnaj.eu\/fr\/wp-json\/wp\/v2\/product_brand?post=149755"},{"taxonomy":"product_cat","embeddable":true,"href":"https:\/\/najnaj.eu\/fr\/wp-json\/wp\/v2\/product_cat?post=149755"},{"taxonomy":"product_tag","embeddable":true,"href":"https:\/\/najnaj.eu\/fr\/wp-json\/wp\/v2\/product_tag?post=149755"}],"curies":[{"name":"wp","href":"https:\/\/api.w.org\/{rel}","templated":true}]}}