{"id":149750,"date":"2020-04-20T22:34:56","date_gmt":"2020-04-20T20:34:56","guid":{"rendered":"https:\/\/najnaj.hr\/proizvod\/carriwell-potkosulja-za-dojenje-bez-savova-crna\/"},"modified":"2026-04-14T14:30:29","modified_gmt":"2026-04-14T12:30:29","slug":"carriwell-potkosulja-za-dojenje-bez-savova-crna","status":"publish","type":"product","link":"https:\/\/najnaj.eu\/fr\/proizvod\/carriwell-potkosulja-za-dojenje-bez-savova-crna\/","title":{"rendered":"Carriwell Potko\u0161ulja za dojenje, bez \u0161avova &#8211; crna"},"content":{"rendered":"<p>Predstavljamo be\u0161avnu potko\u0161ulju za dojenje, vrhunsku kombinaciju podr\u0161ke, funkcionalnosti i stila za dojilje. Ovaj inovativni gornji dio za dojilje pru\u017ea prakti\u010dnost i udobnost grudnjaka, a istovremeno uklju\u010duje toplinu i kontrolu odje\u0107e za oblikovanje. Recite zbogom izlaganju sebe vremenskim uvjetima ili drugima dok dojite u javnosti.<\/p>\n<p>Dizajniran imaju\u0107i na umu i oblik i funkciju, be\u0161avna potko\u0161ulja za dojenje nudi gladak dizajn koji se mo\u017ee nositi kao gornji dio majice ili diskretno staviti ispod odje\u0107e. S njegovom svestranom prirodom, mo\u017eete bez napora prelaziti izme\u0111u razli\u010ditih odjevnih kombinacija bez kompromisa u udobnosti ili stilu.<\/p>\n<p>S kop\u010dom koja se lako otpu\u0161ta jednom rukom, dojenje postaje povjetarac. Jednostavno otkop\u010dajte ko\u0161aricu na brz i prakti\u010dan pristup, \u0161to vam omogu\u0107uje da nahranite svoju bebu bilo kada i bilo gdje. Diskretan dizajn osigurava privatnost, omogu\u0107uju\u0107i vam da otkrijete onoliko koliko vam je ugodno dok dojite u javnosti.<\/p>\n<p>Ne samo da be\u0161avna potko\u0161ulju omogu\u0107uje dojenje bez napora, ve\u0107 nudi i nje\u017enu potporu va\u0161im grudima i oblikuje va\u0161 trbuh. Pa\u017eljivo izra\u0111en dizajn nagla\u0161ava va\u0161e prirodne obline dok pru\u017ea potrebnu podr\u0161ku za udobno i laskavo pristajanje. Mo\u017eete se osje\u0107ati samopouzdano i podr\u017eano tijekom cijelog svog puta dojenja.<\/p>\n<p>Odaberite Carriwell be\u0161avnu potko\u0161ulju za dojenje za besprijekornu kombinaciju stila, prakti\u010dnosti i podr\u0161ke. Prigrlite radost dojenja uz o\u010duvanje svoje privatnosti i udobnosti. Sa svojim svestranim dizajnom i vrhunskom funkcionalno\u0161\u0107u, ovaj top za dojilje savr\u0161en je izbor za moderne majke koje cijene i modu i funkcionalnost.<\/p>\n<p>Upotpunite svoju garderobu za dojilje s na\u0161im crnim be\u0161avnim topom za dojenje &#8211; savr\u0161enim dodatkom va\u0161oj kolekciji. Kupujte sada i do\u017eivite vrhunski stil i udobnost.<\/p>\n","protected":false},"excerpt":{"rendered":"<ul>\n<li>ugodna potko\u0161ulja s ko\u0161aricama koje se spu\u0161taju za dojenje<\/li>\n<li>mo\u017ee se nositi kao majica ili kao potko\u0161ulja zbog svog dizajna bez \u0161avova<\/li>\n<li>jednostavno otvaranje ko\u0161arice jednom rukom<\/li>\n<li>nje\u017eno podupire grudi i oblikuje trup<\/li>\n<\/ul>\n","protected":false},"featured_media":300609,"comment_status":"open","ping_status":"closed","template":"","meta":{"_acf_changed":false,"footnotes":""},"product_brand":[],"product_cat":[546,599,562],"product_tag":[2105,2271],"class_list":{"0":"post-149750","1":"product","2":"type-product","3":"status-publish","4":"has-post-thumbnail","6":"product_cat-dojenje","7":"product_cat-potkosulje-za-dojenje","8":"product_cat-za-mamu","9":"product_tag-back-to-you","10":"product_tag-zima","11":"pa_boja-crna","12":"pa_brand-carriwell","14":"first","15":"instock","16":"purchasable","17":"product-type-variable"},"bundled_by":[],"bundle_stock_status":"instock","bundle_stock_quantity":1,"bundle_virtual":false,"bundle_layout":"","bundle_add_to_cart_form_location":"","bundle_editable_in_cart":false,"bundle_sold_individually_context":"","bundle_item_grouping":"","bundle_min_size":"","bundle_max_size":"","bundle_price":[],"bundled_items":[],"bundle_sell_ids":[],"acf":[],"yoast_head":"<!-- This site is optimized with the Yoast SEO Premium plugin v21.5 (Yoast SEO v27.4) - https:\/\/yoast.com\/product\/yoast-seo-premium-wordpress\/ -->\n<title>Carriwell Potko\u0161ulja za dojenje, bez \u0161avova - crna - NajNaj.eu<\/title>\n<meta name=\"robots\" content=\"index, follow, max-snippet:-1, max-image-preview:large, max-video-preview:-1\" \/>\n<link rel=\"canonical\" href=\"https:\/\/najnaj.eu\/fr\/proizvod\/carriwell-potkosulja-za-dojenje-bez-savova-crna\/\" \/>\n<meta property=\"og:locale\" content=\"fr_FR\" \/>\n<meta property=\"og:type\" content=\"article\" \/>\n<meta property=\"og:title\" content=\"Carriwell Potko\u0161ulja za dojenje, bez \u0161avova - crna\" \/>\n<meta property=\"og:description\" content=\"ugodna potko\u0161ulja s ko\u0161aricama koje se spu\u0161taju za dojenje  mo\u017ee se nositi kao majica ili kao potko\u0161ulja zbog svog dizajna bez \u0161avova  jednostavno otvaranje ko\u0161arice jednom rukom  nje\u017eno podupire grudi i oblikuje trup\" \/>\n<meta property=\"og:url\" content=\"https:\/\/najnaj.eu\/fr\/proizvod\/carriwell-potkosulja-za-dojenje-bez-savova-crna\/\" \/>\n<meta property=\"og:site_name\" content=\"NajNaj.eu\" \/>\n<meta property=\"article:publisher\" content=\"https:\/\/web.facebook.com\/najnaj.eu\/\" \/>\n<meta property=\"article:modified_time\" content=\"2026-04-14T12:30:29+00:00\" \/>\n<meta property=\"og:image\" content=\"https:\/\/najnaj.eu\/wp-content\/uploads\/2020\/04\/1500_Seamless-Shapewear-Nursing-Top_Black_Web_v01.jpg\" \/>\n\t<meta property=\"og:image:width\" content=\"860\" \/>\n\t<meta property=\"og:image:height\" content=\"1075\" \/>\n\t<meta property=\"og:image:type\" content=\"image\/jpeg\" \/>\n<meta name=\"twitter:card\" content=\"summary_large_image\" \/>\n<meta name=\"twitter:label1\" content=\"Disponibilit\u00e9\" \/>\n\t<meta name=\"twitter:data1\" content=\"En stock\" \/>\n<script type=\"application\/ld+json\" class=\"yoast-schema-graph\">{\"@context\":\"https:\\\/\\\/schema.org\",\"@graph\":[{\"@type\":\"WebPage\",\"@id\":\"https:\\\/\\\/najnaj.eu\\\/fr\\\/proizvod\\\/carriwell-potkosulja-za-dojenje-bez-savova-crna\\\/\",\"url\":\"https:\\\/\\\/najnaj.eu\\\/fr\\\/proizvod\\\/carriwell-potkosulja-za-dojenje-bez-savova-crna\\\/\",\"name\":\"Carriwell Potko\u0161ulja za dojenje, bez \u0161avova - crna - NajNaj.eu\",\"isPartOf\":{\"@id\":\"https:\\\/\\\/najnaj.eu\\\/fr\\\/#website\"},\"primaryImageOfPage\":{\"@id\":\"https:\\\/\\\/najnaj.eu\\\/fr\\\/proizvod\\\/carriwell-potkosulja-za-dojenje-bez-savova-crna\\\/#primaryimage\"},\"image\":{\"@id\":\"https:\\\/\\\/najnaj.eu\\\/fr\\\/proizvod\\\/carriwell-potkosulja-za-dojenje-bez-savova-crna\\\/#primaryimage\"},\"thumbnailUrl\":\"https:\\\/\\\/najnaj.eu\\\/wp-content\\\/uploads\\\/2020\\\/04\\\/1500_Seamless-Shapewear-Nursing-Top_Black_Web_v01.jpg\",\"datePublished\":\"2020-04-20T20:34:56+00:00\",\"dateModified\":\"2026-04-14T12:30:29+00:00\",\"breadcrumb\":{\"@id\":\"https:\\\/\\\/najnaj.eu\\\/fr\\\/proizvod\\\/carriwell-potkosulja-za-dojenje-bez-savova-crna\\\/#breadcrumb\"},\"inLanguage\":\"fr-FR\",\"potentialAction\":[{\"@type\":\"ReadAction\",\"target\":[\"https:\\\/\\\/najnaj.eu\\\/fr\\\/proizvod\\\/carriwell-potkosulja-za-dojenje-bez-savova-crna\\\/\"]}]},{\"@type\":\"ImageObject\",\"inLanguage\":\"fr-FR\",\"@id\":\"https:\\\/\\\/najnaj.eu\\\/fr\\\/proizvod\\\/carriwell-potkosulja-za-dojenje-bez-savova-crna\\\/#primaryimage\",\"url\":\"https:\\\/\\\/najnaj.eu\\\/wp-content\\\/uploads\\\/2020\\\/04\\\/1500_Seamless-Shapewear-Nursing-Top_Black_Web_v01.jpg\",\"contentUrl\":\"https:\\\/\\\/najnaj.eu\\\/wp-content\\\/uploads\\\/2020\\\/04\\\/1500_Seamless-Shapewear-Nursing-Top_Black_Web_v01.jpg\",\"width\":860,\"height\":1075},{\"@type\":\"BreadcrumbList\",\"@id\":\"https:\\\/\\\/najnaj.eu\\\/fr\\\/proizvod\\\/carriwell-potkosulja-za-dojenje-bez-savova-crna\\\/#breadcrumb\",\"itemListElement\":[{\"@type\":\"ListItem\",\"position\":1,\"name\":\"Po\u010detna stranica\",\"item\":\"https:\\\/\\\/najnaj.eu\\\/fr\\\/\"},{\"@type\":\"ListItem\",\"position\":2,\"name\":\"Trgovina\",\"item\":\"https:\\\/\\\/najnaj.hr\\\/trgovina\\\/\"},{\"@type\":\"ListItem\",\"position\":3,\"name\":\"Carriwell Potko\u0161ulja za dojenje, bez \u0161avova &#8211; crna\"}]},{\"@type\":\"WebSite\",\"@id\":\"https:\\\/\\\/najnaj.eu\\\/fr\\\/#website\",\"url\":\"https:\\\/\\\/najnaj.eu\\\/fr\\\/\",\"name\":\"NajNaj.eu\",\"description\":\"Za najva\u017enije!\",\"potentialAction\":[{\"@type\":\"SearchAction\",\"target\":{\"@type\":\"EntryPoint\",\"urlTemplate\":\"https:\\\/\\\/najnaj.eu\\\/fr\\\/?s={search_term_string}\"},\"query-input\":{\"@type\":\"PropertyValueSpecification\",\"valueRequired\":true,\"valueName\":\"search_term_string\"}}],\"inLanguage\":\"fr-FR\"}]}<\/script>\n<meta property=\"product:brand\" content=\"Carriwell\" \/>\n<meta property=\"og:availability\" content=\"instock\" \/>\n<meta property=\"product:availability\" content=\"instock\" \/>\n<meta property=\"product:retailer_item_id\" content=\"CW152011N\" \/>\n<meta property=\"product:condition\" content=\"new\" \/>\n<!-- \/ Yoast SEO Premium plugin. -->","yoast_head_json":{"title":"Carriwell Potko\u0161ulja za dojenje, bez \u0161avova - crna - NajNaj.eu","robots":{"index":"index","follow":"follow","max-snippet":"max-snippet:-1","max-image-preview":"max-image-preview:large","max-video-preview":"max-video-preview:-1"},"canonical":"https:\/\/najnaj.eu\/fr\/proizvod\/carriwell-potkosulja-za-dojenje-bez-savova-crna\/","og_locale":"fr_FR","og_type":"article","og_title":"Carriwell Potko\u0161ulja za dojenje, bez \u0161avova - crna","og_description":"ugodna potko\u0161ulja s ko\u0161aricama koje se spu\u0161taju za dojenje  mo\u017ee se nositi kao majica ili kao potko\u0161ulja zbog svog dizajna bez \u0161avova  jednostavno otvaranje ko\u0161arice jednom rukom  nje\u017eno podupire grudi i oblikuje trup","og_url":"https:\/\/najnaj.eu\/fr\/proizvod\/carriwell-potkosulja-za-dojenje-bez-savova-crna\/","og_site_name":"NajNaj.eu","article_publisher":"https:\/\/web.facebook.com\/najnaj.eu\/","article_modified_time":"2026-04-14T12:30:29+00:00","og_image":[{"width":860,"height":1075,"url":"https:\/\/najnaj.eu\/wp-content\/uploads\/2020\/04\/1500_Seamless-Shapewear-Nursing-Top_Black_Web_v01.jpg","type":"image\/jpeg"}],"twitter_card":"summary_large_image","twitter_misc":{"Disponibilit\u00e9":"En stock"},"schema":{"@context":"https:\/\/schema.org","@graph":[{"@type":"WebPage","@id":"https:\/\/najnaj.eu\/fr\/proizvod\/carriwell-potkosulja-za-dojenje-bez-savova-crna\/","url":"https:\/\/najnaj.eu\/fr\/proizvod\/carriwell-potkosulja-za-dojenje-bez-savova-crna\/","name":"Carriwell Potko\u0161ulja za dojenje, bez \u0161avova - crna - NajNaj.eu","isPartOf":{"@id":"https:\/\/najnaj.eu\/fr\/#website"},"primaryImageOfPage":{"@id":"https:\/\/najnaj.eu\/fr\/proizvod\/carriwell-potkosulja-za-dojenje-bez-savova-crna\/#primaryimage"},"image":{"@id":"https:\/\/najnaj.eu\/fr\/proizvod\/carriwell-potkosulja-za-dojenje-bez-savova-crna\/#primaryimage"},"thumbnailUrl":"https:\/\/najnaj.eu\/wp-content\/uploads\/2020\/04\/1500_Seamless-Shapewear-Nursing-Top_Black_Web_v01.jpg","datePublished":"2020-04-20T20:34:56+00:00","dateModified":"2026-04-14T12:30:29+00:00","breadcrumb":{"@id":"https:\/\/najnaj.eu\/fr\/proizvod\/carriwell-potkosulja-za-dojenje-bez-savova-crna\/#breadcrumb"},"inLanguage":"fr-FR","potentialAction":[{"@type":"ReadAction","target":["https:\/\/najnaj.eu\/fr\/proizvod\/carriwell-potkosulja-za-dojenje-bez-savova-crna\/"]}]},{"@type":"ImageObject","inLanguage":"fr-FR","@id":"https:\/\/najnaj.eu\/fr\/proizvod\/carriwell-potkosulja-za-dojenje-bez-savova-crna\/#primaryimage","url":"https:\/\/najnaj.eu\/wp-content\/uploads\/2020\/04\/1500_Seamless-Shapewear-Nursing-Top_Black_Web_v01.jpg","contentUrl":"https:\/\/najnaj.eu\/wp-content\/uploads\/2020\/04\/1500_Seamless-Shapewear-Nursing-Top_Black_Web_v01.jpg","width":860,"height":1075},{"@type":"BreadcrumbList","@id":"https:\/\/najnaj.eu\/fr\/proizvod\/carriwell-potkosulja-za-dojenje-bez-savova-crna\/#breadcrumb","itemListElement":[{"@type":"ListItem","position":1,"name":"Po\u010detna stranica","item":"https:\/\/najnaj.eu\/fr\/"},{"@type":"ListItem","position":2,"name":"Trgovina","item":"https:\/\/najnaj.hr\/trgovina\/"},{"@type":"ListItem","position":3,"name":"Carriwell Potko\u0161ulja za dojenje, bez \u0161avova &#8211; crna"}]},{"@type":"WebSite","@id":"https:\/\/najnaj.eu\/fr\/#website","url":"https:\/\/najnaj.eu\/fr\/","name":"NajNaj.eu","description":"Za najva\u017enije!","potentialAction":[{"@type":"SearchAction","target":{"@type":"EntryPoint","urlTemplate":"https:\/\/najnaj.eu\/fr\/?s={search_term_string}"},"query-input":{"@type":"PropertyValueSpecification","valueRequired":true,"valueName":"search_term_string"}}],"inLanguage":"fr-FR"}]},"product_brand":"Carriwell","og_availability":"instock","product_availability":"instock","product_retailer_item_id":"CW152011N","product_condition":"new"},"_links":{"self":[{"href":"https:\/\/najnaj.eu\/fr\/wp-json\/wp\/v2\/product\/149750","targetHints":{"allow":["GET"]}}],"collection":[{"href":"https:\/\/najnaj.eu\/fr\/wp-json\/wp\/v2\/product"}],"about":[{"href":"https:\/\/najnaj.eu\/fr\/wp-json\/wp\/v2\/types\/product"}],"replies":[{"embeddable":true,"href":"https:\/\/najnaj.eu\/fr\/wp-json\/wp\/v2\/comments?post=149750"}],"version-history":[{"count":0,"href":"https:\/\/najnaj.eu\/fr\/wp-json\/wp\/v2\/product\/149750\/revisions"}],"wp:featuredmedia":[{"embeddable":true,"href":"https:\/\/najnaj.eu\/fr\/wp-json\/wp\/v2\/media\/300609"}],"wp:attachment":[{"href":"https:\/\/najnaj.eu\/fr\/wp-json\/wp\/v2\/media?parent=149750"}],"wp:term":[{"taxonomy":"product_brand","embeddable":true,"href":"https:\/\/najnaj.eu\/fr\/wp-json\/wp\/v2\/product_brand?post=149750"},{"taxonomy":"product_cat","embeddable":true,"href":"https:\/\/najnaj.eu\/fr\/wp-json\/wp\/v2\/product_cat?post=149750"},{"taxonomy":"product_tag","embeddable":true,"href":"https:\/\/najnaj.eu\/fr\/wp-json\/wp\/v2\/product_tag?post=149750"}],"curies":[{"name":"wp","href":"https:\/\/api.w.org\/{rel}","templated":true}]}}