{"id":149739,"date":"2020-04-20T22:27:44","date_gmt":"2020-04-20T20:27:44","guid":{"rendered":"https:\/\/najnaj.hr\/proizvod\/carriwell-podesivi-potporni-pojas-za-trudnice-bijeli\/"},"modified":"2026-04-14T12:00:06","modified_gmt":"2026-04-14T10:00:06","slug":"carriwell-potporni-pojas-za-trudnice-veliki-bijeli","status":"publish","type":"product","link":"https:\/\/najnaj.eu\/fr\/proizvod\/carriwell-potporni-pojas-za-trudnice-veliki-bijeli\/","title":{"rendered":"Carriwell Podesivi potporni pojas za trudnice &#8211; veliki, bijeli"},"content":{"rendered":"<p>Predstavljamo Carriwell potporni pojas s tobolcem, izvanredno rje\u0161enje osmi\u0161ljeno kako bi dalo prednost va\u0161oj udobnosti i dobrobiti tijekom trudno\u0107e. Sa svojom iznimnom udobno\u0161\u0107u i jednostavnom prilagodbom, ovaj potporni pojas nudi trenuta\u010dno olak\u0161anje od bolova u le\u0111ima izazvanih trudno\u0107om i omogu\u0107uje vam da u potpunosti prihvatite radost svoje trudno\u0107e bez tereta i bolova u le\u0111ima.<\/p>\n<p>Va\u0161e trudni\u010dko putovanje treba biti ispunjeno uzbu\u0111enjem i i\u0161\u010dekivanjem, a ne ometano nelagodom bolova u le\u0111ima. Carriwell prilagodljivi potporni pojas je tu da vam pru\u017ei olak\u0161anje koje zaslu\u017eujete. Primjenom lako podesivog protupritiska na bilo kakvu nelagodu u donjem dijelu le\u0111a, ovaj pojas pobolj\u0161ava va\u0161e dr\u017eanje i donosi prijeko potrebno ubla\u017eavanje boli za kojim ste tragali. Recite zbogom stalnim bolovima u le\u0111ima i pozdravite ugodnije iskustvo trudno\u0107e.<\/p>\n<p>Potpora je najva\u017enija tijekom trudno\u0107e, a potporni pojas pru\u017ea upravo to. Njegov pojas nje\u017eno podi\u017ee va\u0161 trbu\u0161\u010di\u0107, ubla\u017eava pritisak prema dolje te podupire va\u0161e bokove. Ova bitna potpora ne samo da olak\u0161ava napor na va\u0161im le\u0111ima, ve\u0107 tako\u0111er poti\u010de pravilno dr\u017eanje, omogu\u0107uju\u0107i vam da se kre\u0107ete s ve\u0107om lako\u0107om. Prihvatite podr\u0161ku koja \u0107e u\u010diniti primjetnu razliku u va\u0161im svakodnevnim aktivnostima.<\/p>\n<p>Izra\u0111en imaju\u0107i na umu va\u0161u najve\u0107u udobnost, Carriwell prilagodljivi potporni pojas ima \u0161iroku elasti\u010dnu traku i mekanu prozra\u010dnu tkaninu od mikrovlakana. Ovaj promi\u0161ljeni dizajn osigurava da pojas nje\u017eno podupire va\u0161u osjetljivu ko\u017eu, pru\u017eaju\u0107i nje\u017ean dodir tijekom dana. Prigrlite umiruju\u0107i osje\u0107aj ove tkanine na svojoj ko\u017ei dok plovite kroz radosti trudno\u0107e.<\/p>\n<p>Jednostavnost i prakti\u010dnost klju\u010dne su zna\u010dajke Carriwell podesivog potpornog pojasa. Sa svojim jednodijelnim dizajnom, ovaj se remen lako stavlja, \u0161tede\u0107i vam vrijeme i energiju. Osim toga, raste s vama tijekom va\u0161eg putovanja u trudno\u0107i, zahvaljuju\u0107i svojoj prilagodljivoj prirodi. Bez obzira na va\u0161u jedinstvenu veli\u010dinu i potrebe za potporom, ovaj se pojas mo\u017ee lako prilagoditi kako bi savr\u0161eno pristajao i dao razinu potpore koja vam je potrebna.<\/p>\n<p>Odaberite Carriwell potporni pojas i neka va\u0161a trudno\u0107a bude trenutak radosti i i\u0161\u010dekivanja, a ne bolova u le\u0111ima. Do\u017eivite olak\u0161anje, potporu, meko\u0107u i jednostavnost koju nudi ovaj pojas. Prigrlite slobodu potpunog u\u017eivanja u svom trudni\u010dkom putovanju s pojasom koji daje prednost va\u0161oj udobnosti i dobrobiti. Ne dopustite da bolovi u le\u0111ima zasjene va\u0161e iskustvo \u2013 odaberite Carriwell prilagodljivi potporni pojas i redefinirajte svoje trudni\u010dko putovanje.<\/p>\n","protected":false},"excerpt":{"rendered":"<p>Carriwell potporni pojas za trudnice s tobolcem iznimno je udoban i jednostavan za prilagodbu potporni pojas, koji pru\u017ea potporu i trenuta\u010dno olak\u0161anje za bolove u le\u0111ima uzrokovane trudno\u0107om.<\/p>\n","protected":false},"featured_media":299634,"comment_status":"open","ping_status":"closed","template":"","meta":{"_acf_changed":false,"footnotes":""},"product_brand":[],"product_cat":[679,562,675],"product_tag":[2104],"class_list":{"0":"post-149739","1":"product","2":"type-product","3":"status-publish","4":"has-post-thumbnail","6":"product_cat-potporni-pojasevi","7":"product_cat-za-mamu","8":"product_cat-za-trudnice","9":"product_tag-mum-to-be","10":"pa_boja-bijela","11":"pa_brand-carriwell","13":"first","14":"instock","15":"purchasable","16":"product-type-variable"},"bundled_by":[],"bundle_stock_status":"instock","bundle_stock_quantity":1,"bundle_virtual":false,"bundle_layout":"","bundle_add_to_cart_form_location":"","bundle_editable_in_cart":false,"bundle_sold_individually_context":"","bundle_item_grouping":"","bundle_min_size":"","bundle_max_size":"","bundle_price":[],"bundled_items":[],"bundle_sell_ids":[],"acf":[],"yoast_head":"<!-- This site is optimized with the Yoast SEO Premium plugin v21.5 (Yoast SEO v27.4) - https:\/\/yoast.com\/product\/yoast-seo-premium-wordpress\/ -->\n<title>Carriwell Podesivi potporni pojas za trudnice - veliki, bijeli - NajNaj.eu<\/title>\n<meta name=\"robots\" content=\"index, follow, max-snippet:-1, max-image-preview:large, max-video-preview:-1\" \/>\n<link rel=\"canonical\" href=\"https:\/\/najnaj.eu\/fr\/proizvod\/carriwell-potporni-pojas-za-trudnice-veliki-bijeli\/\" \/>\n<meta property=\"og:locale\" content=\"fr_FR\" \/>\n<meta property=\"og:type\" content=\"article\" \/>\n<meta property=\"og:title\" content=\"Carriwell Podesivi potporni pojas za trudnice - veliki, bijeli\" \/>\n<meta property=\"og:description\" content=\"Carriwell potporni pojas za trudnice s tobolcem iznimno je udoban i jednostavan za prilagodbu potporni pojas, koji pru\u017ea potporu i trenuta\u010dno olak\u0161anje za bolove u le\u0111ima uzrokovane trudno\u0107om.\" \/>\n<meta property=\"og:url\" content=\"https:\/\/najnaj.eu\/fr\/proizvod\/carriwell-potporni-pojas-za-trudnice-veliki-bijeli\/\" \/>\n<meta property=\"og:site_name\" content=\"NajNaj.eu\" \/>\n<meta property=\"article:publisher\" content=\"https:\/\/web.facebook.com\/najnaj.eu\/\" \/>\n<meta property=\"article:modified_time\" content=\"2026-04-14T10:00:06+00:00\" \/>\n<meta property=\"og:image\" content=\"https:\/\/najnaj.eu\/wp-content\/uploads\/2020\/04\/5100_Adjustable-Support-Belt_White_Web_v01.jpg\" \/>\n\t<meta property=\"og:image:width\" content=\"1000\" \/>\n\t<meta property=\"og:image:height\" content=\"1250\" \/>\n\t<meta property=\"og:image:type\" content=\"image\/jpeg\" \/>\n<meta name=\"twitter:card\" content=\"summary_large_image\" \/>\n<meta name=\"twitter:label1\" content=\"Disponibilit\u00e9\" \/>\n\t<meta name=\"twitter:data1\" content=\"En stock\" \/>\n<script type=\"application\/ld+json\" class=\"yoast-schema-graph\">{\"@context\":\"https:\\\/\\\/schema.org\",\"@graph\":[{\"@type\":\"WebPage\",\"@id\":\"https:\\\/\\\/najnaj.eu\\\/fr\\\/proizvod\\\/carriwell-potporni-pojas-za-trudnice-veliki-bijeli\\\/\",\"url\":\"https:\\\/\\\/najnaj.eu\\\/fr\\\/proizvod\\\/carriwell-potporni-pojas-za-trudnice-veliki-bijeli\\\/\",\"name\":\"Carriwell Podesivi potporni pojas za trudnice - veliki, bijeli - NajNaj.eu\",\"isPartOf\":{\"@id\":\"https:\\\/\\\/najnaj.eu\\\/fr\\\/#website\"},\"primaryImageOfPage\":{\"@id\":\"https:\\\/\\\/najnaj.eu\\\/fr\\\/proizvod\\\/carriwell-potporni-pojas-za-trudnice-veliki-bijeli\\\/#primaryimage\"},\"image\":{\"@id\":\"https:\\\/\\\/najnaj.eu\\\/fr\\\/proizvod\\\/carriwell-potporni-pojas-za-trudnice-veliki-bijeli\\\/#primaryimage\"},\"thumbnailUrl\":\"https:\\\/\\\/najnaj.eu\\\/wp-content\\\/uploads\\\/2020\\\/04\\\/5100_Adjustable-Support-Belt_White_Web_v01.jpg\",\"datePublished\":\"2020-04-20T20:27:44+00:00\",\"dateModified\":\"2026-04-14T10:00:06+00:00\",\"breadcrumb\":{\"@id\":\"https:\\\/\\\/najnaj.eu\\\/fr\\\/proizvod\\\/carriwell-potporni-pojas-za-trudnice-veliki-bijeli\\\/#breadcrumb\"},\"inLanguage\":\"fr-FR\",\"potentialAction\":[{\"@type\":\"ReadAction\",\"target\":[\"https:\\\/\\\/najnaj.eu\\\/fr\\\/proizvod\\\/carriwell-potporni-pojas-za-trudnice-veliki-bijeli\\\/\"]}]},{\"@type\":\"ImageObject\",\"inLanguage\":\"fr-FR\",\"@id\":\"https:\\\/\\\/najnaj.eu\\\/fr\\\/proizvod\\\/carriwell-potporni-pojas-za-trudnice-veliki-bijeli\\\/#primaryimage\",\"url\":\"https:\\\/\\\/najnaj.eu\\\/wp-content\\\/uploads\\\/2020\\\/04\\\/5100_Adjustable-Support-Belt_White_Web_v01.jpg\",\"contentUrl\":\"https:\\\/\\\/najnaj.eu\\\/wp-content\\\/uploads\\\/2020\\\/04\\\/5100_Adjustable-Support-Belt_White_Web_v01.jpg\",\"width\":1000,\"height\":1250},{\"@type\":\"BreadcrumbList\",\"@id\":\"https:\\\/\\\/najnaj.eu\\\/fr\\\/proizvod\\\/carriwell-potporni-pojas-za-trudnice-veliki-bijeli\\\/#breadcrumb\",\"itemListElement\":[{\"@type\":\"ListItem\",\"position\":1,\"name\":\"Po\u010detna stranica\",\"item\":\"https:\\\/\\\/najnaj.eu\\\/fr\\\/\"},{\"@type\":\"ListItem\",\"position\":2,\"name\":\"Trgovina\",\"item\":\"https:\\\/\\\/najnaj.hr\\\/trgovina\\\/\"},{\"@type\":\"ListItem\",\"position\":3,\"name\":\"Carriwell Podesivi potporni pojas za trudnice &#8211; veliki, bijeli\"}]},{\"@type\":\"WebSite\",\"@id\":\"https:\\\/\\\/najnaj.eu\\\/fr\\\/#website\",\"url\":\"https:\\\/\\\/najnaj.eu\\\/fr\\\/\",\"name\":\"NajNaj.eu\",\"description\":\"Za najva\u017enije!\",\"potentialAction\":[{\"@type\":\"SearchAction\",\"target\":{\"@type\":\"EntryPoint\",\"urlTemplate\":\"https:\\\/\\\/najnaj.eu\\\/fr\\\/?s={search_term_string}\"},\"query-input\":{\"@type\":\"PropertyValueSpecification\",\"valueRequired\":true,\"valueName\":\"search_term_string\"}}],\"inLanguage\":\"fr-FR\"}]}<\/script>\n<meta property=\"product:brand\" content=\"Carriwell\" \/>\n<meta property=\"og:availability\" content=\"instock\" \/>\n<meta property=\"product:availability\" content=\"instock\" \/>\n<meta property=\"product:retailer_item_id\" content=\"CW5100N\" \/>\n<meta property=\"product:condition\" content=\"new\" \/>\n<!-- \/ Yoast SEO Premium plugin. -->","yoast_head_json":{"title":"Carriwell Podesivi potporni pojas za trudnice - veliki, bijeli - NajNaj.eu","robots":{"index":"index","follow":"follow","max-snippet":"max-snippet:-1","max-image-preview":"max-image-preview:large","max-video-preview":"max-video-preview:-1"},"canonical":"https:\/\/najnaj.eu\/fr\/proizvod\/carriwell-potporni-pojas-za-trudnice-veliki-bijeli\/","og_locale":"fr_FR","og_type":"article","og_title":"Carriwell Podesivi potporni pojas za trudnice - veliki, bijeli","og_description":"Carriwell potporni pojas za trudnice s tobolcem iznimno je udoban i jednostavan za prilagodbu potporni pojas, koji pru\u017ea potporu i trenuta\u010dno olak\u0161anje za bolove u le\u0111ima uzrokovane trudno\u0107om.","og_url":"https:\/\/najnaj.eu\/fr\/proizvod\/carriwell-potporni-pojas-za-trudnice-veliki-bijeli\/","og_site_name":"NajNaj.eu","article_publisher":"https:\/\/web.facebook.com\/najnaj.eu\/","article_modified_time":"2026-04-14T10:00:06+00:00","og_image":[{"width":1000,"height":1250,"url":"https:\/\/najnaj.eu\/wp-content\/uploads\/2020\/04\/5100_Adjustable-Support-Belt_White_Web_v01.jpg","type":"image\/jpeg"}],"twitter_card":"summary_large_image","twitter_misc":{"Disponibilit\u00e9":"En stock"},"schema":{"@context":"https:\/\/schema.org","@graph":[{"@type":"WebPage","@id":"https:\/\/najnaj.eu\/fr\/proizvod\/carriwell-potporni-pojas-za-trudnice-veliki-bijeli\/","url":"https:\/\/najnaj.eu\/fr\/proizvod\/carriwell-potporni-pojas-za-trudnice-veliki-bijeli\/","name":"Carriwell Podesivi potporni pojas za trudnice - veliki, bijeli - NajNaj.eu","isPartOf":{"@id":"https:\/\/najnaj.eu\/fr\/#website"},"primaryImageOfPage":{"@id":"https:\/\/najnaj.eu\/fr\/proizvod\/carriwell-potporni-pojas-za-trudnice-veliki-bijeli\/#primaryimage"},"image":{"@id":"https:\/\/najnaj.eu\/fr\/proizvod\/carriwell-potporni-pojas-za-trudnice-veliki-bijeli\/#primaryimage"},"thumbnailUrl":"https:\/\/najnaj.eu\/wp-content\/uploads\/2020\/04\/5100_Adjustable-Support-Belt_White_Web_v01.jpg","datePublished":"2020-04-20T20:27:44+00:00","dateModified":"2026-04-14T10:00:06+00:00","breadcrumb":{"@id":"https:\/\/najnaj.eu\/fr\/proizvod\/carriwell-potporni-pojas-za-trudnice-veliki-bijeli\/#breadcrumb"},"inLanguage":"fr-FR","potentialAction":[{"@type":"ReadAction","target":["https:\/\/najnaj.eu\/fr\/proizvod\/carriwell-potporni-pojas-za-trudnice-veliki-bijeli\/"]}]},{"@type":"ImageObject","inLanguage":"fr-FR","@id":"https:\/\/najnaj.eu\/fr\/proizvod\/carriwell-potporni-pojas-za-trudnice-veliki-bijeli\/#primaryimage","url":"https:\/\/najnaj.eu\/wp-content\/uploads\/2020\/04\/5100_Adjustable-Support-Belt_White_Web_v01.jpg","contentUrl":"https:\/\/najnaj.eu\/wp-content\/uploads\/2020\/04\/5100_Adjustable-Support-Belt_White_Web_v01.jpg","width":1000,"height":1250},{"@type":"BreadcrumbList","@id":"https:\/\/najnaj.eu\/fr\/proizvod\/carriwell-potporni-pojas-za-trudnice-veliki-bijeli\/#breadcrumb","itemListElement":[{"@type":"ListItem","position":1,"name":"Po\u010detna stranica","item":"https:\/\/najnaj.eu\/fr\/"},{"@type":"ListItem","position":2,"name":"Trgovina","item":"https:\/\/najnaj.hr\/trgovina\/"},{"@type":"ListItem","position":3,"name":"Carriwell Podesivi potporni pojas za trudnice &#8211; veliki, bijeli"}]},{"@type":"WebSite","@id":"https:\/\/najnaj.eu\/fr\/#website","url":"https:\/\/najnaj.eu\/fr\/","name":"NajNaj.eu","description":"Za najva\u017enije!","potentialAction":[{"@type":"SearchAction","target":{"@type":"EntryPoint","urlTemplate":"https:\/\/najnaj.eu\/fr\/?s={search_term_string}"},"query-input":{"@type":"PropertyValueSpecification","valueRequired":true,"valueName":"search_term_string"}}],"inLanguage":"fr-FR"}]},"product_brand":"Carriwell","og_availability":"instock","product_availability":"instock","product_retailer_item_id":"CW5100N","product_condition":"new"},"_links":{"self":[{"href":"https:\/\/najnaj.eu\/fr\/wp-json\/wp\/v2\/product\/149739","targetHints":{"allow":["GET"]}}],"collection":[{"href":"https:\/\/najnaj.eu\/fr\/wp-json\/wp\/v2\/product"}],"about":[{"href":"https:\/\/najnaj.eu\/fr\/wp-json\/wp\/v2\/types\/product"}],"replies":[{"embeddable":true,"href":"https:\/\/najnaj.eu\/fr\/wp-json\/wp\/v2\/comments?post=149739"}],"version-history":[{"count":0,"href":"https:\/\/najnaj.eu\/fr\/wp-json\/wp\/v2\/product\/149739\/revisions"}],"wp:featuredmedia":[{"embeddable":true,"href":"https:\/\/najnaj.eu\/fr\/wp-json\/wp\/v2\/media\/299634"}],"wp:attachment":[{"href":"https:\/\/najnaj.eu\/fr\/wp-json\/wp\/v2\/media?parent=149739"}],"wp:term":[{"taxonomy":"product_brand","embeddable":true,"href":"https:\/\/najnaj.eu\/fr\/wp-json\/wp\/v2\/product_brand?post=149739"},{"taxonomy":"product_cat","embeddable":true,"href":"https:\/\/najnaj.eu\/fr\/wp-json\/wp\/v2\/product_cat?post=149739"},{"taxonomy":"product_tag","embeddable":true,"href":"https:\/\/najnaj.eu\/fr\/wp-json\/wp\/v2\/product_tag?post=149739"}],"curies":[{"name":"wp","href":"https:\/\/api.w.org\/{rel}","templated":true}]}}