{"id":149734,"date":"2020-04-20T22:25:31","date_gmt":"2020-04-20T20:25:31","guid":{"rendered":"https:\/\/najnaj.hr\/proizvod\/carriwell-pojas-za-trudnice-crni\/"},"modified":"2026-04-22T11:42:00","modified_gmt":"2026-04-22T09:42:00","slug":"carriwell-pojas-za-trudnice-bez-savova-crni","status":"publish","type":"product","link":"https:\/\/najnaj.eu\/fr\/proizvod\/carriwell-pojas-za-trudnice-bez-savova-crni\/","title":{"rendered":"Carriwell Pojas za trudnice bez \u0161avova &#8211; crni"},"content":{"rendered":"<p>Predstavljamo Carriwell potrporni pojas za trudnice, revolucionarno rje\u0161enje osmi\u0161ljeno za pru\u017eanje preventivnih i terapeutskih prednosti tijekom va\u0161e trudno\u0107e. Ovaj inovativni pojas posebno je dizajniran da smanji rizik od istegnu\u0107a mi\u0161i\u0107a i ubla\u017ei postoje\u0107u nelagodu ili bol, nude\u0107i vam potporu i olak\u0161anje koje zaslu\u017eujete.<\/p>\n<p>Jedna od klju\u010dnih zna\u010dajki Carriwell potrpornog pojasa za trudnice je njegova sposobnost da nje\u017eno podigne te\u017einu sa zdjelice, pru\u017eaju\u0107i bitnu potporu va\u0161em donjem dijelu le\u0111a. U\u010dinkovitom preraspodjelom optere\u0107enja, ovaj pojas poma\u017ee ubla\u017eiti pritisak i smanjiti naprezanje va\u0161ih mi\u0161i\u0107a, omogu\u0107uju\u0107i vam da se kre\u0107ete s ve\u0107om udobno\u0161\u0107u i lako\u0107om. Recite zbogom nelagodi povezanoj s nepodr\u017eanim le\u0111ima i do\u017eivite olak\u0161anje koje nudi ovaj pojas.<\/p>\n<p>Bolovi u le\u0111ima poga\u0111aju zna\u010dajan broj budu\u0107ih majki, ali uz Carriwell potrporni pojas za trudnice mo\u017eete poduzeti proaktivne korake kako biste sprije\u010dili da postanete jedna od njih. Pru\u017eaju\u0107i toplinu i ciljanu potporu donjem dijelu le\u0111a, ovaj pojas ubla\u017eava pritisak i poti\u010de pravilno poravnanje, poma\u017eu\u0107i vam u odr\u017eavanju optimalne udobnosti tijekom trudno\u0107e.<\/p>\n<p>Dizajniran s va\u0161om diskrecijom na umu, Carriwell potrporni pojas za trudnice ima finu konstrukciju od be\u0161avne tkanine. To vam omogu\u0107uje da ga nosite diskretno ispod uske odje\u0107e, osiguravaju\u0107i da mo\u017eete u\u017eivati \u200b\u200bu blagodatima njegove potpore bez \u017ertvovanja va\u0161eg stila ili samopouzdanja. Prihvatite samopouzdanje koje proizlazi iz spoznaje da imate podr\u0161ku koja vam je potrebna, a sve to uz odr\u017eavanje \u017eeljene estetike.<\/p>\n<p>Kako va\u0161a trudno\u0107a napreduje i va\u0161 trbu\u0161\u010di\u0107 raste, Carriwell potrporni pojas za trudnice razvija se s vama. Njegov jedinstveni dizajn omogu\u0107uje nje\u017ene prilagodbe, osiguravaju\u0107i da dobijete optimalnu razinu podr\u0161ke dok va\u0161e tijelo prolazi kroz promjene. Uz dodatnu rastezljivost preko va\u0161eg trbuha i \u010dvrstu, ali nje\u017enu potporu ispod i sa strane, ovaj pojas pru\u017ea prilago\u0111eno pristajanje koje se prilago\u0111ava va\u0161im individualnim potrebama.<\/p>\n<p>Ulo\u017eite u Carriwell potrporni pojas za trudnice i pridru\u017eite se bezbrojnim budu\u0107im majkama koje su otkrile transformativnu mo\u0107 ciljane podr\u0161ke. Ne dopustite da bol u le\u0111ima sprije\u010di va\u0161e radosno putovanje. Dajte prednost svojoj udobnosti i dobrobiti s pojasom koji je jednako nje\u017ean koliko i u\u010dinkovit. Do\u017eivite olak\u0161anje, diskretnost i pouzdanu potporu \u2013 klju\u010dni elementi za lak\u0161u trudno\u0107u.<\/p>\n","protected":false},"excerpt":{"rendered":"<p>Carriwell pojas za trudnice bez \u0161avova jedinstveno je dizajniran da bude preventivan i terapeutski. Traka smanjuje rizik od istegnu\u0107a mi\u0161i\u0107a i poma\u017ee u ubla\u017eavanju postoje\u0107e nelagode ili boli nje\u017enim podizanjem te\u017eine sa zdjelice i podupiranjem donjeg dijela le\u0111a. Diskretan je i topao te podupire le\u0111a i trbu\u0161\u010di\u0107.<\/p>\n","protected":false},"featured_media":299381,"comment_status":"open","ping_status":"closed","template":"","meta":{"_acf_changed":false,"footnotes":""},"product_brand":[],"product_cat":[562],"product_tag":[2104],"class_list":{"0":"post-149734","1":"product","2":"type-product","3":"status-publish","4":"has-post-thumbnail","6":"product_cat-za-mamu","7":"product_tag-mum-to-be","8":"pa_boja-crna","9":"pa_brand-carriwell","11":"first","12":"instock","13":"purchasable","14":"product-type-variable"},"bundled_by":[],"bundle_stock_status":"instock","bundle_stock_quantity":1,"bundle_virtual":false,"bundle_layout":"","bundle_add_to_cart_form_location":"","bundle_editable_in_cart":false,"bundle_sold_individually_context":"","bundle_item_grouping":"","bundle_min_size":"","bundle_max_size":"","bundle_price":[],"bundled_items":[],"bundle_sell_ids":[],"acf":[],"yoast_head":"<!-- This site is optimized with the Yoast SEO Premium plugin v21.5 (Yoast SEO v27.4) - https:\/\/yoast.com\/product\/yoast-seo-premium-wordpress\/ -->\n<title>Carriwell Pojas za trudnice bez \u0161avova - crni - NajNaj.eu<\/title>\n<meta name=\"robots\" content=\"index, follow, max-snippet:-1, max-image-preview:large, max-video-preview:-1\" \/>\n<link rel=\"canonical\" href=\"https:\/\/najnaj.eu\/fr\/proizvod\/carriwell-pojas-za-trudnice-bez-savova-crni\/\" \/>\n<meta property=\"og:locale\" content=\"fr_FR\" \/>\n<meta property=\"og:type\" content=\"article\" \/>\n<meta property=\"og:title\" content=\"Carriwell Pojas za trudnice bez \u0161avova - crni\" \/>\n<meta property=\"og:description\" content=\"Carriwell pojas za trudnice bez \u0161avova jedinstveno je dizajniran da bude preventivan i terapeutski. Traka smanjuje rizik od istegnu\u0107a mi\u0161i\u0107a i poma\u017ee u ubla\u017eavanju postoje\u0107e nelagode ili boli nje\u017enim podizanjem te\u017eine sa zdjelice i podupiranjem donjeg dijela le\u0111a. Diskretan je i topao te podupire le\u0111a i trbu\u0161\u010di\u0107.\" \/>\n<meta property=\"og:url\" content=\"https:\/\/najnaj.eu\/fr\/proizvod\/carriwell-pojas-za-trudnice-bez-savova-crni\/\" \/>\n<meta property=\"og:site_name\" content=\"NajNaj.eu\" \/>\n<meta property=\"article:publisher\" content=\"https:\/\/web.facebook.com\/najnaj.eu\/\" \/>\n<meta property=\"article:modified_time\" content=\"2026-04-22T09:42:00+00:00\" \/>\n<meta property=\"og:image\" content=\"https:\/\/najnaj.eu\/wp-content\/uploads\/2020\/04\/5000_Seamless-Maternity-Support-Band_Black_Web_v02.jpg\" \/>\n\t<meta property=\"og:image:width\" content=\"1000\" \/>\n\t<meta property=\"og:image:height\" content=\"1250\" \/>\n\t<meta property=\"og:image:type\" content=\"image\/jpeg\" \/>\n<meta name=\"twitter:card\" content=\"summary_large_image\" \/>\n<meta name=\"twitter:label1\" content=\"Disponibilit\u00e9\" \/>\n\t<meta name=\"twitter:data1\" content=\"En stock\" \/>\n<script type=\"application\/ld+json\" class=\"yoast-schema-graph\">{\"@context\":\"https:\\\/\\\/schema.org\",\"@graph\":[{\"@type\":\"WebPage\",\"@id\":\"https:\\\/\\\/najnaj.eu\\\/fr\\\/proizvod\\\/carriwell-pojas-za-trudnice-bez-savova-crni\\\/\",\"url\":\"https:\\\/\\\/najnaj.eu\\\/fr\\\/proizvod\\\/carriwell-pojas-za-trudnice-bez-savova-crni\\\/\",\"name\":\"Carriwell Pojas za trudnice bez \u0161avova - crni - NajNaj.eu\",\"isPartOf\":{\"@id\":\"https:\\\/\\\/najnaj.eu\\\/fr\\\/#website\"},\"primaryImageOfPage\":{\"@id\":\"https:\\\/\\\/najnaj.eu\\\/fr\\\/proizvod\\\/carriwell-pojas-za-trudnice-bez-savova-crni\\\/#primaryimage\"},\"image\":{\"@id\":\"https:\\\/\\\/najnaj.eu\\\/fr\\\/proizvod\\\/carriwell-pojas-za-trudnice-bez-savova-crni\\\/#primaryimage\"},\"thumbnailUrl\":\"https:\\\/\\\/najnaj.eu\\\/wp-content\\\/uploads\\\/2020\\\/04\\\/5000_Seamless-Maternity-Support-Band_Black_Web_v02.jpg\",\"datePublished\":\"2020-04-20T20:25:31+00:00\",\"dateModified\":\"2026-04-22T09:42:00+00:00\",\"breadcrumb\":{\"@id\":\"https:\\\/\\\/najnaj.eu\\\/fr\\\/proizvod\\\/carriwell-pojas-za-trudnice-bez-savova-crni\\\/#breadcrumb\"},\"inLanguage\":\"fr-FR\",\"potentialAction\":[{\"@type\":\"ReadAction\",\"target\":[\"https:\\\/\\\/najnaj.eu\\\/fr\\\/proizvod\\\/carriwell-pojas-za-trudnice-bez-savova-crni\\\/\"]}]},{\"@type\":\"ImageObject\",\"inLanguage\":\"fr-FR\",\"@id\":\"https:\\\/\\\/najnaj.eu\\\/fr\\\/proizvod\\\/carriwell-pojas-za-trudnice-bez-savova-crni\\\/#primaryimage\",\"url\":\"https:\\\/\\\/najnaj.eu\\\/wp-content\\\/uploads\\\/2020\\\/04\\\/5000_Seamless-Maternity-Support-Band_Black_Web_v02.jpg\",\"contentUrl\":\"https:\\\/\\\/najnaj.eu\\\/wp-content\\\/uploads\\\/2020\\\/04\\\/5000_Seamless-Maternity-Support-Band_Black_Web_v02.jpg\",\"width\":1000,\"height\":1250},{\"@type\":\"BreadcrumbList\",\"@id\":\"https:\\\/\\\/najnaj.eu\\\/fr\\\/proizvod\\\/carriwell-pojas-za-trudnice-bez-savova-crni\\\/#breadcrumb\",\"itemListElement\":[{\"@type\":\"ListItem\",\"position\":1,\"name\":\"Po\u010detna stranica\",\"item\":\"https:\\\/\\\/najnaj.eu\\\/fr\\\/\"},{\"@type\":\"ListItem\",\"position\":2,\"name\":\"Trgovina\",\"item\":\"https:\\\/\\\/najnaj.hr\\\/trgovina\\\/\"},{\"@type\":\"ListItem\",\"position\":3,\"name\":\"Carriwell Pojas za trudnice bez \u0161avova &#8211; crni\"}]},{\"@type\":\"WebSite\",\"@id\":\"https:\\\/\\\/najnaj.eu\\\/fr\\\/#website\",\"url\":\"https:\\\/\\\/najnaj.eu\\\/fr\\\/\",\"name\":\"NajNaj.eu\",\"description\":\"Za najva\u017enije!\",\"potentialAction\":[{\"@type\":\"SearchAction\",\"target\":{\"@type\":\"EntryPoint\",\"urlTemplate\":\"https:\\\/\\\/najnaj.eu\\\/fr\\\/?s={search_term_string}\"},\"query-input\":{\"@type\":\"PropertyValueSpecification\",\"valueRequired\":true,\"valueName\":\"search_term_string\"}}],\"inLanguage\":\"fr-FR\"}]}<\/script>\n<meta property=\"product:brand\" content=\"Carriwell\" \/>\n<meta property=\"og:availability\" content=\"instock\" \/>\n<meta property=\"product:availability\" content=\"instock\" \/>\n<meta property=\"product:retailer_item_id\" content=\"CW5010N\" \/>\n<meta property=\"product:condition\" content=\"new\" \/>\n<!-- \/ Yoast SEO Premium plugin. -->","yoast_head_json":{"title":"Carriwell Pojas za trudnice bez \u0161avova - crni - NajNaj.eu","robots":{"index":"index","follow":"follow","max-snippet":"max-snippet:-1","max-image-preview":"max-image-preview:large","max-video-preview":"max-video-preview:-1"},"canonical":"https:\/\/najnaj.eu\/fr\/proizvod\/carriwell-pojas-za-trudnice-bez-savova-crni\/","og_locale":"fr_FR","og_type":"article","og_title":"Carriwell Pojas za trudnice bez \u0161avova - crni","og_description":"Carriwell pojas za trudnice bez \u0161avova jedinstveno je dizajniran da bude preventivan i terapeutski. Traka smanjuje rizik od istegnu\u0107a mi\u0161i\u0107a i poma\u017ee u ubla\u017eavanju postoje\u0107e nelagode ili boli nje\u017enim podizanjem te\u017eine sa zdjelice i podupiranjem donjeg dijela le\u0111a. Diskretan je i topao te podupire le\u0111a i trbu\u0161\u010di\u0107.","og_url":"https:\/\/najnaj.eu\/fr\/proizvod\/carriwell-pojas-za-trudnice-bez-savova-crni\/","og_site_name":"NajNaj.eu","article_publisher":"https:\/\/web.facebook.com\/najnaj.eu\/","article_modified_time":"2026-04-22T09:42:00+00:00","og_image":[{"width":1000,"height":1250,"url":"https:\/\/najnaj.eu\/wp-content\/uploads\/2020\/04\/5000_Seamless-Maternity-Support-Band_Black_Web_v02.jpg","type":"image\/jpeg"}],"twitter_card":"summary_large_image","twitter_misc":{"Disponibilit\u00e9":"En stock"},"schema":{"@context":"https:\/\/schema.org","@graph":[{"@type":"WebPage","@id":"https:\/\/najnaj.eu\/fr\/proizvod\/carriwell-pojas-za-trudnice-bez-savova-crni\/","url":"https:\/\/najnaj.eu\/fr\/proizvod\/carriwell-pojas-za-trudnice-bez-savova-crni\/","name":"Carriwell Pojas za trudnice bez \u0161avova - crni - NajNaj.eu","isPartOf":{"@id":"https:\/\/najnaj.eu\/fr\/#website"},"primaryImageOfPage":{"@id":"https:\/\/najnaj.eu\/fr\/proizvod\/carriwell-pojas-za-trudnice-bez-savova-crni\/#primaryimage"},"image":{"@id":"https:\/\/najnaj.eu\/fr\/proizvod\/carriwell-pojas-za-trudnice-bez-savova-crni\/#primaryimage"},"thumbnailUrl":"https:\/\/najnaj.eu\/wp-content\/uploads\/2020\/04\/5000_Seamless-Maternity-Support-Band_Black_Web_v02.jpg","datePublished":"2020-04-20T20:25:31+00:00","dateModified":"2026-04-22T09:42:00+00:00","breadcrumb":{"@id":"https:\/\/najnaj.eu\/fr\/proizvod\/carriwell-pojas-za-trudnice-bez-savova-crni\/#breadcrumb"},"inLanguage":"fr-FR","potentialAction":[{"@type":"ReadAction","target":["https:\/\/najnaj.eu\/fr\/proizvod\/carriwell-pojas-za-trudnice-bez-savova-crni\/"]}]},{"@type":"ImageObject","inLanguage":"fr-FR","@id":"https:\/\/najnaj.eu\/fr\/proizvod\/carriwell-pojas-za-trudnice-bez-savova-crni\/#primaryimage","url":"https:\/\/najnaj.eu\/wp-content\/uploads\/2020\/04\/5000_Seamless-Maternity-Support-Band_Black_Web_v02.jpg","contentUrl":"https:\/\/najnaj.eu\/wp-content\/uploads\/2020\/04\/5000_Seamless-Maternity-Support-Band_Black_Web_v02.jpg","width":1000,"height":1250},{"@type":"BreadcrumbList","@id":"https:\/\/najnaj.eu\/fr\/proizvod\/carriwell-pojas-za-trudnice-bez-savova-crni\/#breadcrumb","itemListElement":[{"@type":"ListItem","position":1,"name":"Po\u010detna stranica","item":"https:\/\/najnaj.eu\/fr\/"},{"@type":"ListItem","position":2,"name":"Trgovina","item":"https:\/\/najnaj.hr\/trgovina\/"},{"@type":"ListItem","position":3,"name":"Carriwell Pojas za trudnice bez \u0161avova &#8211; crni"}]},{"@type":"WebSite","@id":"https:\/\/najnaj.eu\/fr\/#website","url":"https:\/\/najnaj.eu\/fr\/","name":"NajNaj.eu","description":"Za najva\u017enije!","potentialAction":[{"@type":"SearchAction","target":{"@type":"EntryPoint","urlTemplate":"https:\/\/najnaj.eu\/fr\/?s={search_term_string}"},"query-input":{"@type":"PropertyValueSpecification","valueRequired":true,"valueName":"search_term_string"}}],"inLanguage":"fr-FR"}]},"product_brand":"Carriwell","og_availability":"instock","product_availability":"instock","product_retailer_item_id":"CW5010N","product_condition":"new"},"_links":{"self":[{"href":"https:\/\/najnaj.eu\/fr\/wp-json\/wp\/v2\/product\/149734","targetHints":{"allow":["GET"]}}],"collection":[{"href":"https:\/\/najnaj.eu\/fr\/wp-json\/wp\/v2\/product"}],"about":[{"href":"https:\/\/najnaj.eu\/fr\/wp-json\/wp\/v2\/types\/product"}],"replies":[{"embeddable":true,"href":"https:\/\/najnaj.eu\/fr\/wp-json\/wp\/v2\/comments?post=149734"}],"version-history":[{"count":0,"href":"https:\/\/najnaj.eu\/fr\/wp-json\/wp\/v2\/product\/149734\/revisions"}],"wp:featuredmedia":[{"embeddable":true,"href":"https:\/\/najnaj.eu\/fr\/wp-json\/wp\/v2\/media\/299381"}],"wp:attachment":[{"href":"https:\/\/najnaj.eu\/fr\/wp-json\/wp\/v2\/media?parent=149734"}],"wp:term":[{"taxonomy":"product_brand","embeddable":true,"href":"https:\/\/najnaj.eu\/fr\/wp-json\/wp\/v2\/product_brand?post=149734"},{"taxonomy":"product_cat","embeddable":true,"href":"https:\/\/najnaj.eu\/fr\/wp-json\/wp\/v2\/product_cat?post=149734"},{"taxonomy":"product_tag","embeddable":true,"href":"https:\/\/najnaj.eu\/fr\/wp-json\/wp\/v2\/product_tag?post=149734"}],"curies":[{"name":"wp","href":"https:\/\/api.w.org\/{rel}","templated":true}]}}