{"id":149672,"date":"2020-04-20T21:49:33","date_gmt":"2020-04-20T19:49:33","guid":{"rendered":"https:\/\/najnaj.hr\/proizvod\/carriwell-grudnjak-za-trudnice-i-dojilje-s-carri-gel-potporom-crni\/"},"modified":"2026-04-15T10:10:06","modified_gmt":"2026-04-15T08:10:06","slug":"carriwell-grudnjak-za-trudnice-i-dojilje-s-carri-gel-potporom-crni","status":"publish","type":"product","link":"https:\/\/najnaj.eu\/fr\/proizvod\/carriwell-grudnjak-za-trudnice-i-dojilje-s-carri-gel-potporom-crni\/","title":{"rendered":"Carriwell Grudnjak za trudnice i dojilje s Carri-Gel potporom &#8211; crni"},"content":{"rendered":"<p>Predstavljamo Carri-Gel grudnjak za trudnice i dojilje. Ovaj inovativni grudnjak kombinira iznimnu potporu s neusporedivom udobno\u0161\u0107u, \u0161to ga \u010dini savr\u0161enim izborom za va\u0161e potrebe u trudno\u0107i i dojenju.<\/p>\n<p>Iskusite ultimativnu potporu uz nevjerojatno fleksibilan grudnjak za dojilje Gel-Suppor. Za razliku od tradicionalnih grudnjaka s \u017eicom, Gel-podr\u0161ka nudi jedinstvenu meko\u0107u dok zadr\u017eava \u017eeljenu potporu za va\u0161u promjenjivu veli\u010dinu i oblik grudi. Prihvatite prirodne promjene u svom tijelu bez kompromisa u udobnosti.<\/p>\n<p>Vjerujte u zdravstvene prednosti Gel-Support grudnjaka za trudnice i dojilje. To je jedini grudnjak sa \u017eicom koji preporu\u010duju savjetnici za dojenje, osiguravaju\u0107i da napravite najbolji izbor za svoje iskustvo dojenja. Osje\u0107ajte se sigurni znaju\u0107i da koristite grudnjak koji promi\u010de optimalno zdravlje grudi.<\/p>\n<p>Udobnost je klju\u010dna, a Gel-Support grudnjak za dojilje to \u010dini. Izra\u0111en s be\u0161avnim dizajnom i svilenkastom, mekom, prozra\u010dnom tkaninom od mikrovlakana, luksuzan je na va\u0161oj ko\u017ei. Kombinacija ove glatke tkanine i gel tehnologije stvara iskustvo apsolutne udobnosti. Gel ostaje mekan i podatan, nje\u017eno obuhva\u0107aju\u0107i va\u0161e osjetljive grudi.<\/p>\n<p>U\u017eivajte u dragocjenim trenucima kontakta ko\u017ea na ko\u017eu sa svojom bebom zahvaljuju\u0107i promi\u0161ljenom dizajnu ko\u0161arica Gel-Support grudnjaka za dojenje. Omogu\u0107uje vam da izlo\u017eite onoliko grudi koliko vam je ugodno tijekom dojenja, pove\u0107avaju\u0107i vezu izme\u0111u vas i va\u0161eg mali\u0161ana.<\/p>\n<p>Odaberite najzdraviju opciju za svoje potrebe u trudno\u0107i i dojenju uz Gel-Support grudnjak za dojenje. Do\u017eivite neusporedivu potporu fleksibilnog Gel-Supporta, koji preporu\u010duju i primalje i savjetnici za dojenje. U\u017eivajte u udobnosti koju pru\u017ea be\u0161avna, prozra\u010dna tkanina od mikrofibre. Prihvatite radost dojenja uz maksimalan kontakt ko\u017ea na ko\u017eu. Unaprijedite svoje putovanje dojenja uz Gel-Support grudnjak za dojenje, najzdraviji izbor koji smo ikada napravili.<\/p>\n","protected":false},"excerpt":{"rendered":"<ul>\n<li>zdrav i udoban potporni grudnjak<\/li>\n<li>podupire prirodne promjene u veli\u010dini i obliku va\u0161ih grudi bez neudobnosti koje mogu izazvati krute \u017eice<\/li>\n<li>Carri-Gel\u00ae Grudnjak za trudnice i dojilje preporu\u010duju savjetnici\/e za dojenje<\/li>\n<li>ostaje mekan i podatan oko va\u0161ih osjetljivih grudi, rezultira apsolutnom udobno\u0161\u0107u<\/li>\n<\/ul>\n<p>&nbsp;<\/p>\n","protected":false},"featured_media":300067,"comment_status":"open","ping_status":"closed","template":"","meta":{"_acf_changed":false,"footnotes":""},"product_brand":[],"product_cat":[546,586,588,562],"product_tag":[2103],"class_list":{"0":"post-149672","1":"product","2":"type-product","3":"status-publish","4":"has-post-thumbnail","6":"product_cat-dojenje","7":"product_cat-grudnjaci-za-dojenje","8":"product_cat-grudnjaci-za-trudnice","9":"product_cat-za-mamu","10":"product_tag-new-mum","11":"pa_boja-crna","12":"pa_brand-carriwell","14":"first","15":"instock","16":"purchasable","17":"product-type-variable"},"bundled_by":[],"bundle_stock_status":"instock","bundle_stock_quantity":1,"bundle_virtual":false,"bundle_layout":"","bundle_add_to_cart_form_location":"","bundle_editable_in_cart":false,"bundle_sold_individually_context":"","bundle_item_grouping":"","bundle_min_size":"","bundle_max_size":"","bundle_price":[],"bundled_items":[],"bundle_sell_ids":[],"acf":[],"yoast_head":"<!-- This site is optimized with the Yoast SEO Premium plugin v21.5 (Yoast SEO v27.4) - https:\/\/yoast.com\/product\/yoast-seo-premium-wordpress\/ -->\n<title>Carriwell Grudnjak za trudnice i dojilje s Carri-Gel potporom - crni - NajNaj.eu<\/title>\n<meta name=\"robots\" content=\"index, follow, max-snippet:-1, max-image-preview:large, max-video-preview:-1\" \/>\n<link rel=\"canonical\" href=\"https:\/\/najnaj.eu\/fr\/proizvod\/carriwell-grudnjak-za-trudnice-i-dojilje-s-carri-gel-potporom-crni\/\" \/>\n<meta property=\"og:locale\" content=\"fr_FR\" \/>\n<meta property=\"og:type\" content=\"article\" \/>\n<meta property=\"og:title\" content=\"Carriwell Grudnjak za trudnice i dojilje s Carri-Gel potporom - crni\" \/>\n<meta property=\"og:description\" content=\"zdrav i udoban potporni grudnjak  podupire prirodne promjene u veli\u010dini i obliku va\u0161ih grudi bez neudobnosti koje mogu izazvati krute \u017eice  Carri-Gel\u00ae Grudnjak za trudnice i dojilje preporu\u010duju savjetnici\/e za dojenje  ostaje mekan i podatan oko va\u0161ih osjetljivih grudi, rezultira apsolutnom udobno\u0161\u0107u  &nbsp;\" \/>\n<meta property=\"og:url\" content=\"https:\/\/najnaj.eu\/fr\/proizvod\/carriwell-grudnjak-za-trudnice-i-dojilje-s-carri-gel-potporom-crni\/\" \/>\n<meta property=\"og:site_name\" content=\"NajNaj.eu\" \/>\n<meta property=\"article:publisher\" content=\"https:\/\/web.facebook.com\/najnaj.eu\/\" \/>\n<meta property=\"article:modified_time\" content=\"2026-04-15T08:10:06+00:00\" \/>\n<meta property=\"og:image\" content=\"https:\/\/najnaj.eu\/wp-content\/uploads\/2020\/04\/3100_Gel-Support-Maternity-Nursing-Bra_Black_Web_Front.jpg\" \/>\n\t<meta property=\"og:image:width\" content=\"1000\" \/>\n\t<meta property=\"og:image:height\" content=\"1250\" \/>\n\t<meta property=\"og:image:type\" content=\"image\/jpeg\" \/>\n<meta name=\"twitter:card\" content=\"summary_large_image\" \/>\n<meta name=\"twitter:label1\" content=\"Disponibilit\u00e9\" \/>\n\t<meta name=\"twitter:data1\" content=\"En stock\" \/>\n<script type=\"application\/ld+json\" class=\"yoast-schema-graph\">{\"@context\":\"https:\\\/\\\/schema.org\",\"@graph\":[{\"@type\":\"WebPage\",\"@id\":\"https:\\\/\\\/najnaj.eu\\\/fr\\\/proizvod\\\/carriwell-grudnjak-za-trudnice-i-dojilje-s-carri-gel-potporom-crni\\\/\",\"url\":\"https:\\\/\\\/najnaj.eu\\\/fr\\\/proizvod\\\/carriwell-grudnjak-za-trudnice-i-dojilje-s-carri-gel-potporom-crni\\\/\",\"name\":\"Carriwell Grudnjak za trudnice i dojilje s Carri-Gel potporom - crni - NajNaj.eu\",\"isPartOf\":{\"@id\":\"https:\\\/\\\/najnaj.eu\\\/fr\\\/#website\"},\"primaryImageOfPage\":{\"@id\":\"https:\\\/\\\/najnaj.eu\\\/fr\\\/proizvod\\\/carriwell-grudnjak-za-trudnice-i-dojilje-s-carri-gel-potporom-crni\\\/#primaryimage\"},\"image\":{\"@id\":\"https:\\\/\\\/najnaj.eu\\\/fr\\\/proizvod\\\/carriwell-grudnjak-za-trudnice-i-dojilje-s-carri-gel-potporom-crni\\\/#primaryimage\"},\"thumbnailUrl\":\"https:\\\/\\\/najnaj.eu\\\/wp-content\\\/uploads\\\/2020\\\/04\\\/3100_Gel-Support-Maternity-Nursing-Bra_Black_Web_Front.jpg\",\"datePublished\":\"2020-04-20T19:49:33+00:00\",\"dateModified\":\"2026-04-15T08:10:06+00:00\",\"breadcrumb\":{\"@id\":\"https:\\\/\\\/najnaj.eu\\\/fr\\\/proizvod\\\/carriwell-grudnjak-za-trudnice-i-dojilje-s-carri-gel-potporom-crni\\\/#breadcrumb\"},\"inLanguage\":\"fr-FR\",\"potentialAction\":[{\"@type\":\"ReadAction\",\"target\":[\"https:\\\/\\\/najnaj.eu\\\/fr\\\/proizvod\\\/carriwell-grudnjak-za-trudnice-i-dojilje-s-carri-gel-potporom-crni\\\/\"]}]},{\"@type\":\"ImageObject\",\"inLanguage\":\"fr-FR\",\"@id\":\"https:\\\/\\\/najnaj.eu\\\/fr\\\/proizvod\\\/carriwell-grudnjak-za-trudnice-i-dojilje-s-carri-gel-potporom-crni\\\/#primaryimage\",\"url\":\"https:\\\/\\\/najnaj.eu\\\/wp-content\\\/uploads\\\/2020\\\/04\\\/3100_Gel-Support-Maternity-Nursing-Bra_Black_Web_Front.jpg\",\"contentUrl\":\"https:\\\/\\\/najnaj.eu\\\/wp-content\\\/uploads\\\/2020\\\/04\\\/3100_Gel-Support-Maternity-Nursing-Bra_Black_Web_Front.jpg\",\"width\":1000,\"height\":1250},{\"@type\":\"BreadcrumbList\",\"@id\":\"https:\\\/\\\/najnaj.eu\\\/fr\\\/proizvod\\\/carriwell-grudnjak-za-trudnice-i-dojilje-s-carri-gel-potporom-crni\\\/#breadcrumb\",\"itemListElement\":[{\"@type\":\"ListItem\",\"position\":1,\"name\":\"Po\u010detna stranica\",\"item\":\"https:\\\/\\\/najnaj.eu\\\/fr\\\/\"},{\"@type\":\"ListItem\",\"position\":2,\"name\":\"Trgovina\",\"item\":\"https:\\\/\\\/najnaj.hr\\\/trgovina\\\/\"},{\"@type\":\"ListItem\",\"position\":3,\"name\":\"Carriwell Grudnjak za trudnice i dojilje s Carri-Gel potporom &#8211; crni\"}]},{\"@type\":\"WebSite\",\"@id\":\"https:\\\/\\\/najnaj.eu\\\/fr\\\/#website\",\"url\":\"https:\\\/\\\/najnaj.eu\\\/fr\\\/\",\"name\":\"NajNaj.eu\",\"description\":\"Za najva\u017enije!\",\"potentialAction\":[{\"@type\":\"SearchAction\",\"target\":{\"@type\":\"EntryPoint\",\"urlTemplate\":\"https:\\\/\\\/najnaj.eu\\\/fr\\\/?s={search_term_string}\"},\"query-input\":{\"@type\":\"PropertyValueSpecification\",\"valueRequired\":true,\"valueName\":\"search_term_string\"}}],\"inLanguage\":\"fr-FR\"}]}<\/script>\n<meta property=\"product:brand\" content=\"Carriwell\" \/>\n<meta property=\"og:availability\" content=\"instock\" \/>\n<meta property=\"product:availability\" content=\"instock\" \/>\n<meta property=\"product:retailer_item_id\" content=\"CW3120N\" \/>\n<meta property=\"product:condition\" content=\"new\" \/>\n<!-- \/ Yoast SEO Premium plugin. -->","yoast_head_json":{"title":"Carriwell Grudnjak za trudnice i dojilje s Carri-Gel potporom - crni - NajNaj.eu","robots":{"index":"index","follow":"follow","max-snippet":"max-snippet:-1","max-image-preview":"max-image-preview:large","max-video-preview":"max-video-preview:-1"},"canonical":"https:\/\/najnaj.eu\/fr\/proizvod\/carriwell-grudnjak-za-trudnice-i-dojilje-s-carri-gel-potporom-crni\/","og_locale":"fr_FR","og_type":"article","og_title":"Carriwell Grudnjak za trudnice i dojilje s Carri-Gel potporom - crni","og_description":"zdrav i udoban potporni grudnjak  podupire prirodne promjene u veli\u010dini i obliku va\u0161ih grudi bez neudobnosti koje mogu izazvati krute \u017eice  Carri-Gel\u00ae Grudnjak za trudnice i dojilje preporu\u010duju savjetnici\/e za dojenje  ostaje mekan i podatan oko va\u0161ih osjetljivih grudi, rezultira apsolutnom udobno\u0161\u0107u  &nbsp;","og_url":"https:\/\/najnaj.eu\/fr\/proizvod\/carriwell-grudnjak-za-trudnice-i-dojilje-s-carri-gel-potporom-crni\/","og_site_name":"NajNaj.eu","article_publisher":"https:\/\/web.facebook.com\/najnaj.eu\/","article_modified_time":"2026-04-15T08:10:06+00:00","og_image":[{"width":1000,"height":1250,"url":"https:\/\/najnaj.eu\/wp-content\/uploads\/2020\/04\/3100_Gel-Support-Maternity-Nursing-Bra_Black_Web_Front.jpg","type":"image\/jpeg"}],"twitter_card":"summary_large_image","twitter_misc":{"Disponibilit\u00e9":"En stock"},"schema":{"@context":"https:\/\/schema.org","@graph":[{"@type":"WebPage","@id":"https:\/\/najnaj.eu\/fr\/proizvod\/carriwell-grudnjak-za-trudnice-i-dojilje-s-carri-gel-potporom-crni\/","url":"https:\/\/najnaj.eu\/fr\/proizvod\/carriwell-grudnjak-za-trudnice-i-dojilje-s-carri-gel-potporom-crni\/","name":"Carriwell Grudnjak za trudnice i dojilje s Carri-Gel potporom - crni - NajNaj.eu","isPartOf":{"@id":"https:\/\/najnaj.eu\/fr\/#website"},"primaryImageOfPage":{"@id":"https:\/\/najnaj.eu\/fr\/proizvod\/carriwell-grudnjak-za-trudnice-i-dojilje-s-carri-gel-potporom-crni\/#primaryimage"},"image":{"@id":"https:\/\/najnaj.eu\/fr\/proizvod\/carriwell-grudnjak-za-trudnice-i-dojilje-s-carri-gel-potporom-crni\/#primaryimage"},"thumbnailUrl":"https:\/\/najnaj.eu\/wp-content\/uploads\/2020\/04\/3100_Gel-Support-Maternity-Nursing-Bra_Black_Web_Front.jpg","datePublished":"2020-04-20T19:49:33+00:00","dateModified":"2026-04-15T08:10:06+00:00","breadcrumb":{"@id":"https:\/\/najnaj.eu\/fr\/proizvod\/carriwell-grudnjak-za-trudnice-i-dojilje-s-carri-gel-potporom-crni\/#breadcrumb"},"inLanguage":"fr-FR","potentialAction":[{"@type":"ReadAction","target":["https:\/\/najnaj.eu\/fr\/proizvod\/carriwell-grudnjak-za-trudnice-i-dojilje-s-carri-gel-potporom-crni\/"]}]},{"@type":"ImageObject","inLanguage":"fr-FR","@id":"https:\/\/najnaj.eu\/fr\/proizvod\/carriwell-grudnjak-za-trudnice-i-dojilje-s-carri-gel-potporom-crni\/#primaryimage","url":"https:\/\/najnaj.eu\/wp-content\/uploads\/2020\/04\/3100_Gel-Support-Maternity-Nursing-Bra_Black_Web_Front.jpg","contentUrl":"https:\/\/najnaj.eu\/wp-content\/uploads\/2020\/04\/3100_Gel-Support-Maternity-Nursing-Bra_Black_Web_Front.jpg","width":1000,"height":1250},{"@type":"BreadcrumbList","@id":"https:\/\/najnaj.eu\/fr\/proizvod\/carriwell-grudnjak-za-trudnice-i-dojilje-s-carri-gel-potporom-crni\/#breadcrumb","itemListElement":[{"@type":"ListItem","position":1,"name":"Po\u010detna stranica","item":"https:\/\/najnaj.eu\/fr\/"},{"@type":"ListItem","position":2,"name":"Trgovina","item":"https:\/\/najnaj.hr\/trgovina\/"},{"@type":"ListItem","position":3,"name":"Carriwell Grudnjak za trudnice i dojilje s Carri-Gel potporom &#8211; crni"}]},{"@type":"WebSite","@id":"https:\/\/najnaj.eu\/fr\/#website","url":"https:\/\/najnaj.eu\/fr\/","name":"NajNaj.eu","description":"Za najva\u017enije!","potentialAction":[{"@type":"SearchAction","target":{"@type":"EntryPoint","urlTemplate":"https:\/\/najnaj.eu\/fr\/?s={search_term_string}"},"query-input":{"@type":"PropertyValueSpecification","valueRequired":true,"valueName":"search_term_string"}}],"inLanguage":"fr-FR"}]},"product_brand":"Carriwell","og_availability":"instock","product_availability":"instock","product_retailer_item_id":"CW3120N","product_condition":"new"},"_links":{"self":[{"href":"https:\/\/najnaj.eu\/fr\/wp-json\/wp\/v2\/product\/149672","targetHints":{"allow":["GET"]}}],"collection":[{"href":"https:\/\/najnaj.eu\/fr\/wp-json\/wp\/v2\/product"}],"about":[{"href":"https:\/\/najnaj.eu\/fr\/wp-json\/wp\/v2\/types\/product"}],"replies":[{"embeddable":true,"href":"https:\/\/najnaj.eu\/fr\/wp-json\/wp\/v2\/comments?post=149672"}],"version-history":[{"count":0,"href":"https:\/\/najnaj.eu\/fr\/wp-json\/wp\/v2\/product\/149672\/revisions"}],"wp:featuredmedia":[{"embeddable":true,"href":"https:\/\/najnaj.eu\/fr\/wp-json\/wp\/v2\/media\/300067"}],"wp:attachment":[{"href":"https:\/\/najnaj.eu\/fr\/wp-json\/wp\/v2\/media?parent=149672"}],"wp:term":[{"taxonomy":"product_brand","embeddable":true,"href":"https:\/\/najnaj.eu\/fr\/wp-json\/wp\/v2\/product_brand?post=149672"},{"taxonomy":"product_cat","embeddable":true,"href":"https:\/\/najnaj.eu\/fr\/wp-json\/wp\/v2\/product_cat?post=149672"},{"taxonomy":"product_tag","embeddable":true,"href":"https:\/\/najnaj.eu\/fr\/wp-json\/wp\/v2\/product_tag?post=149672"}],"curies":[{"name":"wp","href":"https:\/\/api.w.org\/{rel}","templated":true}]}}