{"id":149634,"date":"2023-09-21T10:32:18","date_gmt":"2023-09-21T08:32:18","guid":{"rendered":"https:\/\/najnaj.hr\/proizvod\/carriwell-grudnjak-za-trudnice-i-dojilje-bez-savova-crni\/"},"modified":"2026-04-13T17:37:44","modified_gmt":"2026-04-13T15:37:44","slug":"carriwell-grudnjak-za-trudnice-i-dojilje-bez-savova-crni","status":"publish","type":"product","link":"https:\/\/najnaj.eu\/fr\/proizvod\/carriwell-grudnjak-za-trudnice-i-dojilje-bez-savova-crni\/","title":{"rendered":"Carriwell Original grudnjak za trudnice i dojilje bez \u0161avova &#8211; crni"},"content":{"rendered":"<p>Predstavljamo Carriwell Original be\u0161avni grudnjak za trudnice i dojilje utjelovljenje udobnosti i funkcionalnosti za dojilje. Ovaj mekani i udobni grudnjak dizajniran je da se prilagodi va\u0161em promjenjivom obliku tijela, osiguravaju\u0107i savr\u0161eno pristajanje tijekom va\u0161eg dojenja. Do\u017eivite najudobniji grudnjak za dojilje koji \u0107ete ikada nositi!<\/p>\n<p>Udobnost je najva\u017enija kada su u pitanju grudnjaci za dojilje, a Carriwell Original grudnjak pru\u017ea upravo to. Recite zbogom iritantnim \u0161avovima i krutim donjim \u017eicama koje mogu uzrokovati nelagodu tijekom dojenja. Ovaj grudnjak je pa\u017eljivo dizajniran kako bi pru\u017eio vrhunsku udobnost, omogu\u0107uju\u0107i vam da se usredoto\u010dite na posebne trenutke sa svojom bebom.<\/p>\n<p>Fleksibilnost je klju\u010dna za grudnjak koji se mo\u017ee prilagoditi va\u0161em tijelu koje se mijenja. Uz Carriwell Original grudnjak za trudnice i dojilje dobit \u0107ete besplatan produ\u017eetak grudnjaka, koji pove\u0107ava njegovu prilagodljivost. Kako se va\u0161e tijelo mijenja tijekom trudno\u0107e i nakon poroda, ovaj se grudnjak lako mo\u017ee prilagoditi va\u0161oj promjenjivoj veli\u010dini i obliku, osiguravaju\u0107i udobno i potporno pristajanje u svakom trenutku.<\/p>\n<p>Predstavljamo Carriwell Original grudnjak za trudnice i dojilje, mekani i udobni grudnjak koji se prilago\u0111ava va\u0161em promjenjivom obliku tijela. S jednostavnim kop\u010dama za dojenje jednom rukom, ovaj grudnjak omogu\u0107uje prakti\u010dno dojenje i poti\u010de kontakt ko\u017ea na ko\u017eu izme\u0111u vas i va\u0161e bebe.<\/p>\n<p>Do\u017eivite iznimnu udobnost s Carriwell Original grudnjakom za trudnice i dojilje. Izra\u0111en imaju\u0107i na umu va\u0161u udobnost, eliminira iritantne \u0161avove i krute \u017eice, osiguravaju\u0107i ugodno iskustvo dojenja. Recite zbogom nelagodi i usredoto\u010dite se na posebne trenutke sa svojim mali\u0161anom.<\/p>\n<p>Fleksibilnost je klju\u010dna, a ovaj grudnjak nudi mogu\u0107nosti pode\u0161avanja kako bi se prilagodio va\u0161em tijelu koje se mijenja. Besplatni produ\u017eetak grudnjaka omogu\u0107uje vam prilago\u0111avanje pristajanja, osiguravaju\u0107i potporu i udoban grudnjak tijekom va\u0161eg putovanja dojenja.<\/p>\n<p>Savjetnici za dojenje visoko preporu\u010duju Carriwellov Original grudnjak za trudnice i dojilje zbog njegove kvalitete i funkcionalnosti. Njegova podr\u0161ka nagla\u0161ava pa\u017eljivost i brigu ulo\u017eenu u dizajniranje ovog grudnjaka, daju\u0107i vam povjerenje u va\u0161 izbor.<\/p>\n<p>Potpora je bitna, a Carriwellov Original grudnjak za trudnice i dojilje to \u010dini. Njegova \u0161iroka donja traka slu\u017ei kao zamjena za tradicionalne grudnjake, nude\u0107i dodatnu potporu i nje\u017eno podizanje grudi. Ova podr\u0161ka pobolj\u0161ava va\u0161e iskustvo dojenja i poti\u010de optimalnu udobnost.<\/p>\n","protected":false},"excerpt":{"rendered":"<ul>\n<li>jednostavno otkop\u010davanje jednom rukom<\/li>\n<li>nema \u0161avove i \u017eicu koje bi smetale i iritirale ko\u017eu i grudi<\/li>\n<li>produ\u017eiva\u010d omogu\u0107uje lak\u0161e namje\u0161tanje<\/li>\n<li>Carriwell Grudnjak za trudnice i dojilje preporu\u010duju stru\u010dnjaci za dojenje<\/li>\n<\/ul>\n<p>&nbsp;<\/p>\n","protected":false},"featured_media":300355,"comment_status":"open","ping_status":"closed","template":"","meta":{"_acf_changed":false,"footnotes":""},"product_brand":[],"product_cat":[546,586,588,562],"product_tag":[2103],"class_list":{"0":"post-149634","1":"product","2":"type-product","3":"status-publish","4":"has-post-thumbnail","6":"product_cat-dojenje","7":"product_cat-grudnjaci-za-dojenje","8":"product_cat-grudnjaci-za-trudnice","9":"product_cat-za-mamu","10":"product_tag-new-mum","11":"pa_boja-crna","12":"pa_brand-carriwell","14":"first","15":"instock","16":"purchasable","17":"product-type-variable"},"bundled_by":[],"bundle_stock_status":"instock","bundle_stock_quantity":1,"bundle_virtual":false,"bundle_layout":"","bundle_add_to_cart_form_location":"","bundle_editable_in_cart":false,"bundle_sold_individually_context":"","bundle_item_grouping":"","bundle_min_size":"","bundle_max_size":"","bundle_price":[],"bundled_items":[],"bundle_sell_ids":[],"acf":[],"yoast_head":"<!-- This site is optimized with the Yoast SEO Premium plugin v21.5 (Yoast SEO v27.4) - https:\/\/yoast.com\/product\/yoast-seo-premium-wordpress\/ -->\n<title>Carriwell Original grudnjak za trudnice i dojilje bez \u0161avova - crni - NajNaj.eu<\/title>\n<meta name=\"robots\" content=\"index, follow, max-snippet:-1, max-image-preview:large, max-video-preview:-1\" \/>\n<link rel=\"canonical\" href=\"https:\/\/najnaj.eu\/fr\/proizvod\/carriwell-grudnjak-za-trudnice-i-dojilje-bez-savova-crni\/\" \/>\n<meta property=\"og:locale\" content=\"fr_FR\" \/>\n<meta property=\"og:type\" content=\"article\" \/>\n<meta property=\"og:title\" content=\"Carriwell Original grudnjak za trudnice i dojilje bez \u0161avova - crni\" \/>\n<meta property=\"og:description\" content=\"jednostavno otkop\u010davanje jednom rukom  nema \u0161avove i \u017eicu koje bi smetale i iritirale ko\u017eu i grudi  produ\u017eiva\u010d omogu\u0107uje lak\u0161e namje\u0161tanje  Carriwell Grudnjak za trudnice i dojilje preporu\u010duju stru\u010dnjaci za dojenje  &nbsp;\" \/>\n<meta property=\"og:url\" content=\"https:\/\/najnaj.eu\/fr\/proizvod\/carriwell-grudnjak-za-trudnice-i-dojilje-bez-savova-crni\/\" \/>\n<meta property=\"og:site_name\" content=\"NajNaj.eu\" \/>\n<meta property=\"article:publisher\" content=\"https:\/\/web.facebook.com\/najnaj.eu\/\" \/>\n<meta property=\"article:modified_time\" content=\"2026-04-13T15:37:44+00:00\" \/>\n<meta property=\"og:image\" content=\"https:\/\/najnaj.eu\/wp-content\/uploads\/2023\/09\/3000_Seamless-Original-Maternity-Nursing-Bra_Black_Web_Front.jpg\" \/>\n\t<meta property=\"og:image:width\" content=\"1000\" \/>\n\t<meta property=\"og:image:height\" content=\"1251\" \/>\n\t<meta property=\"og:image:type\" content=\"image\/jpeg\" \/>\n<meta name=\"twitter:card\" content=\"summary_large_image\" \/>\n<meta name=\"twitter:label1\" content=\"Disponibilit\u00e9\" \/>\n\t<meta name=\"twitter:data1\" content=\"En stock\" \/>\n<script type=\"application\/ld+json\" class=\"yoast-schema-graph\">{\"@context\":\"https:\\\/\\\/schema.org\",\"@graph\":[{\"@type\":\"WebPage\",\"@id\":\"https:\\\/\\\/najnaj.eu\\\/fr\\\/proizvod\\\/carriwell-grudnjak-za-trudnice-i-dojilje-bez-savova-crni\\\/\",\"url\":\"https:\\\/\\\/najnaj.eu\\\/fr\\\/proizvod\\\/carriwell-grudnjak-za-trudnice-i-dojilje-bez-savova-crni\\\/\",\"name\":\"Carriwell Original grudnjak za trudnice i dojilje bez \u0161avova - crni - NajNaj.eu\",\"isPartOf\":{\"@id\":\"https:\\\/\\\/najnaj.eu\\\/fr\\\/#website\"},\"primaryImageOfPage\":{\"@id\":\"https:\\\/\\\/najnaj.eu\\\/fr\\\/proizvod\\\/carriwell-grudnjak-za-trudnice-i-dojilje-bez-savova-crni\\\/#primaryimage\"},\"image\":{\"@id\":\"https:\\\/\\\/najnaj.eu\\\/fr\\\/proizvod\\\/carriwell-grudnjak-za-trudnice-i-dojilje-bez-savova-crni\\\/#primaryimage\"},\"thumbnailUrl\":\"https:\\\/\\\/najnaj.eu\\\/wp-content\\\/uploads\\\/2023\\\/09\\\/3000_Seamless-Original-Maternity-Nursing-Bra_Black_Web_Front.jpg\",\"datePublished\":\"2023-09-21T08:32:18+00:00\",\"dateModified\":\"2026-04-13T15:37:44+00:00\",\"breadcrumb\":{\"@id\":\"https:\\\/\\\/najnaj.eu\\\/fr\\\/proizvod\\\/carriwell-grudnjak-za-trudnice-i-dojilje-bez-savova-crni\\\/#breadcrumb\"},\"inLanguage\":\"fr-FR\",\"potentialAction\":[{\"@type\":\"ReadAction\",\"target\":[\"https:\\\/\\\/najnaj.eu\\\/fr\\\/proizvod\\\/carriwell-grudnjak-za-trudnice-i-dojilje-bez-savova-crni\\\/\"]}]},{\"@type\":\"ImageObject\",\"inLanguage\":\"fr-FR\",\"@id\":\"https:\\\/\\\/najnaj.eu\\\/fr\\\/proizvod\\\/carriwell-grudnjak-za-trudnice-i-dojilje-bez-savova-crni\\\/#primaryimage\",\"url\":\"https:\\\/\\\/najnaj.eu\\\/wp-content\\\/uploads\\\/2023\\\/09\\\/3000_Seamless-Original-Maternity-Nursing-Bra_Black_Web_Front.jpg\",\"contentUrl\":\"https:\\\/\\\/najnaj.eu\\\/wp-content\\\/uploads\\\/2023\\\/09\\\/3000_Seamless-Original-Maternity-Nursing-Bra_Black_Web_Front.jpg\",\"width\":1000,\"height\":1251},{\"@type\":\"BreadcrumbList\",\"@id\":\"https:\\\/\\\/najnaj.eu\\\/fr\\\/proizvod\\\/carriwell-grudnjak-za-trudnice-i-dojilje-bez-savova-crni\\\/#breadcrumb\",\"itemListElement\":[{\"@type\":\"ListItem\",\"position\":1,\"name\":\"Po\u010detna stranica\",\"item\":\"https:\\\/\\\/najnaj.eu\\\/fr\\\/\"},{\"@type\":\"ListItem\",\"position\":2,\"name\":\"Trgovina\",\"item\":\"https:\\\/\\\/najnaj.hr\\\/trgovina\\\/\"},{\"@type\":\"ListItem\",\"position\":3,\"name\":\"Carriwell Original grudnjak za trudnice i dojilje bez \u0161avova &#8211; crni\"}]},{\"@type\":\"WebSite\",\"@id\":\"https:\\\/\\\/najnaj.eu\\\/fr\\\/#website\",\"url\":\"https:\\\/\\\/najnaj.eu\\\/fr\\\/\",\"name\":\"NajNaj.eu\",\"description\":\"Za najva\u017enije!\",\"potentialAction\":[{\"@type\":\"SearchAction\",\"target\":{\"@type\":\"EntryPoint\",\"urlTemplate\":\"https:\\\/\\\/najnaj.eu\\\/fr\\\/?s={search_term_string}\"},\"query-input\":{\"@type\":\"PropertyValueSpecification\",\"valueRequired\":true,\"valueName\":\"search_term_string\"}}],\"inLanguage\":\"fr-FR\"}]}<\/script>\n<meta property=\"product:brand\" content=\"Carriwell\" \/>\n<meta property=\"og:availability\" content=\"instock\" \/>\n<meta property=\"product:availability\" content=\"instock\" \/>\n<meta property=\"product:retailer_item_id\" content=\"CW3020N\" \/>\n<meta property=\"product:condition\" content=\"new\" \/>\n<!-- \/ Yoast SEO Premium plugin. -->","yoast_head_json":{"title":"Carriwell Original grudnjak za trudnice i dojilje bez \u0161avova - crni - NajNaj.eu","robots":{"index":"index","follow":"follow","max-snippet":"max-snippet:-1","max-image-preview":"max-image-preview:large","max-video-preview":"max-video-preview:-1"},"canonical":"https:\/\/najnaj.eu\/fr\/proizvod\/carriwell-grudnjak-za-trudnice-i-dojilje-bez-savova-crni\/","og_locale":"fr_FR","og_type":"article","og_title":"Carriwell Original grudnjak za trudnice i dojilje bez \u0161avova - crni","og_description":"jednostavno otkop\u010davanje jednom rukom  nema \u0161avove i \u017eicu koje bi smetale i iritirale ko\u017eu i grudi  produ\u017eiva\u010d omogu\u0107uje lak\u0161e namje\u0161tanje  Carriwell Grudnjak za trudnice i dojilje preporu\u010duju stru\u010dnjaci za dojenje  &nbsp;","og_url":"https:\/\/najnaj.eu\/fr\/proizvod\/carriwell-grudnjak-za-trudnice-i-dojilje-bez-savova-crni\/","og_site_name":"NajNaj.eu","article_publisher":"https:\/\/web.facebook.com\/najnaj.eu\/","article_modified_time":"2026-04-13T15:37:44+00:00","og_image":[{"width":1000,"height":1251,"url":"https:\/\/najnaj.eu\/wp-content\/uploads\/2023\/09\/3000_Seamless-Original-Maternity-Nursing-Bra_Black_Web_Front.jpg","type":"image\/jpeg"}],"twitter_card":"summary_large_image","twitter_misc":{"Disponibilit\u00e9":"En stock"},"schema":{"@context":"https:\/\/schema.org","@graph":[{"@type":"WebPage","@id":"https:\/\/najnaj.eu\/fr\/proizvod\/carriwell-grudnjak-za-trudnice-i-dojilje-bez-savova-crni\/","url":"https:\/\/najnaj.eu\/fr\/proizvod\/carriwell-grudnjak-za-trudnice-i-dojilje-bez-savova-crni\/","name":"Carriwell Original grudnjak za trudnice i dojilje bez \u0161avova - crni - NajNaj.eu","isPartOf":{"@id":"https:\/\/najnaj.eu\/fr\/#website"},"primaryImageOfPage":{"@id":"https:\/\/najnaj.eu\/fr\/proizvod\/carriwell-grudnjak-za-trudnice-i-dojilje-bez-savova-crni\/#primaryimage"},"image":{"@id":"https:\/\/najnaj.eu\/fr\/proizvod\/carriwell-grudnjak-za-trudnice-i-dojilje-bez-savova-crni\/#primaryimage"},"thumbnailUrl":"https:\/\/najnaj.eu\/wp-content\/uploads\/2023\/09\/3000_Seamless-Original-Maternity-Nursing-Bra_Black_Web_Front.jpg","datePublished":"2023-09-21T08:32:18+00:00","dateModified":"2026-04-13T15:37:44+00:00","breadcrumb":{"@id":"https:\/\/najnaj.eu\/fr\/proizvod\/carriwell-grudnjak-za-trudnice-i-dojilje-bez-savova-crni\/#breadcrumb"},"inLanguage":"fr-FR","potentialAction":[{"@type":"ReadAction","target":["https:\/\/najnaj.eu\/fr\/proizvod\/carriwell-grudnjak-za-trudnice-i-dojilje-bez-savova-crni\/"]}]},{"@type":"ImageObject","inLanguage":"fr-FR","@id":"https:\/\/najnaj.eu\/fr\/proizvod\/carriwell-grudnjak-za-trudnice-i-dojilje-bez-savova-crni\/#primaryimage","url":"https:\/\/najnaj.eu\/wp-content\/uploads\/2023\/09\/3000_Seamless-Original-Maternity-Nursing-Bra_Black_Web_Front.jpg","contentUrl":"https:\/\/najnaj.eu\/wp-content\/uploads\/2023\/09\/3000_Seamless-Original-Maternity-Nursing-Bra_Black_Web_Front.jpg","width":1000,"height":1251},{"@type":"BreadcrumbList","@id":"https:\/\/najnaj.eu\/fr\/proizvod\/carriwell-grudnjak-za-trudnice-i-dojilje-bez-savova-crni\/#breadcrumb","itemListElement":[{"@type":"ListItem","position":1,"name":"Po\u010detna stranica","item":"https:\/\/najnaj.eu\/fr\/"},{"@type":"ListItem","position":2,"name":"Trgovina","item":"https:\/\/najnaj.hr\/trgovina\/"},{"@type":"ListItem","position":3,"name":"Carriwell Original grudnjak za trudnice i dojilje bez \u0161avova &#8211; crni"}]},{"@type":"WebSite","@id":"https:\/\/najnaj.eu\/fr\/#website","url":"https:\/\/najnaj.eu\/fr\/","name":"NajNaj.eu","description":"Za najva\u017enije!","potentialAction":[{"@type":"SearchAction","target":{"@type":"EntryPoint","urlTemplate":"https:\/\/najnaj.eu\/fr\/?s={search_term_string}"},"query-input":{"@type":"PropertyValueSpecification","valueRequired":true,"valueName":"search_term_string"}}],"inLanguage":"fr-FR"}]},"product_brand":"Carriwell","og_availability":"instock","product_availability":"instock","product_retailer_item_id":"CW3020N","product_condition":"new"},"_links":{"self":[{"href":"https:\/\/najnaj.eu\/fr\/wp-json\/wp\/v2\/product\/149634","targetHints":{"allow":["GET"]}}],"collection":[{"href":"https:\/\/najnaj.eu\/fr\/wp-json\/wp\/v2\/product"}],"about":[{"href":"https:\/\/najnaj.eu\/fr\/wp-json\/wp\/v2\/types\/product"}],"replies":[{"embeddable":true,"href":"https:\/\/najnaj.eu\/fr\/wp-json\/wp\/v2\/comments?post=149634"}],"version-history":[{"count":0,"href":"https:\/\/najnaj.eu\/fr\/wp-json\/wp\/v2\/product\/149634\/revisions"}],"wp:featuredmedia":[{"embeddable":true,"href":"https:\/\/najnaj.eu\/fr\/wp-json\/wp\/v2\/media\/300355"}],"wp:attachment":[{"href":"https:\/\/najnaj.eu\/fr\/wp-json\/wp\/v2\/media?parent=149634"}],"wp:term":[{"taxonomy":"product_brand","embeddable":true,"href":"https:\/\/najnaj.eu\/fr\/wp-json\/wp\/v2\/product_brand?post=149634"},{"taxonomy":"product_cat","embeddable":true,"href":"https:\/\/najnaj.eu\/fr\/wp-json\/wp\/v2\/product_cat?post=149634"},{"taxonomy":"product_tag","embeddable":true,"href":"https:\/\/najnaj.eu\/fr\/wp-json\/wp\/v2\/product_tag?post=149634"}],"curies":[{"name":"wp","href":"https:\/\/api.w.org\/{rel}","templated":true}]}}