{"id":149623,"date":"2020-04-20T21:25:52","date_gmt":"2020-04-20T19:25:52","guid":{"rendered":"https:\/\/najnaj.hr\/proizvod\/carriwell-mrezaste-gacice-perive-do-10-puta\/"},"modified":"2026-04-15T15:51:59","modified_gmt":"2026-04-15T13:51:59","slug":"carriwell-visekratne-mrezaste-gacice-4-komada","status":"publish","type":"product","link":"https:\/\/najnaj.eu\/fr\/proizvod\/carriwell-visekratne-mrezaste-gacice-4-komada\/","title":{"rendered":"Carriwell vi\u0161ekratne mre\u017easte ga\u0107ice, 4 komada"},"content":{"rendered":"<p>Predstavljamo bolni\u010dke ga\u0107ice Carriwell, vrhunsko rje\u0161enje za diskretno i higijensko zbrinjavanje krvarenja nakon poroda. Ove ga\u0107ice koje se mogu prati posebno su dizajnirane za sigurno dr\u017eanje ulo\u0161ka nakon poroda na mjestu, pru\u017eaju\u0107i vam samopouzdanje i mir koji su vam potrebni u ovom va\u017enom razdoblju. Obavezno uklju\u010dite bolni\u010dke ga\u0107ice Carriwell u svoju torbu za no\u0107enje u bolnici kako biste bili spremni za svaku situaciju.<\/p>\n<p>Sigurnost je najva\u017enija kada je u pitanju krvarenje nakon poroda, a bolni\u010dke ga\u0107ice Carriwell pru\u017eaju upravo to. Pa\u017eljivo je dizajniran za sigurno dr\u017eanje jastu\u010di\u0107a za inkontinenciju nakon poroda na mjestu, osiguravaju\u0107i maksimalnu za\u0161titu i smanjuju\u0107i rizik od curenja. S ovim ga\u0107icama mo\u017eete s povjerenjem provoditi dan, znaju\u0107i da ste u potpunosti podr\u017eani i za\u0161ti\u0107eni.<\/p>\n<p>Udobnost je klju\u010dna tijekom postporo\u0111ajnog razdoblja, a bolni\u010dke ga\u0107ice Carriwell dizajnirane su imaju\u0107i na umu va\u0161u najve\u0107u udobnost. Izvrsna prozra\u010dnost tkanine pove\u0107ava va\u0161u ukupnu udobnost, dopu\u0161taju\u0107i va\u0161oj ko\u017ei da di\u0161e i sprje\u010dava bilo kakvu nelagodu ili iritaciju. Recite zbogom osje\u0107aju znojenja ili ograni\u010denosti i prigrlite umiruju\u0107u udobnost koju pru\u017eaju ove ga\u0107ice.<\/p>\n<p>Do\u017eivite meko\u0107u bolni\u010dkih ga\u0107ica Carriwell. Lagana, mekana tkanina pa\u017eljivo je odabrana kako bi pru\u017eila nje\u017enu potporu i optimalnu udobnost, \u0161to je \u010dini savr\u0161enom prikladnom za oporavak carskim rezom. Omogu\u0107uje va\u0161im o\u017eiljcima da di\u0161u, poti\u010du\u0107i br\u017ee zacjeljivanje i osiguravaju\u0107i ugodniji proces oporavka.<\/p>\n<p>Budite uvjereni da bolni\u010dke ga\u0107ice Carriwell preporu\u010duju vode\u0107i edukatori poroda i bolnice. Njegov vrhunski dizajn i funkcionalnost zaslu\u017eili su odobravanje i povjerenje profesionalaca u tom podru\u010dju. Mo\u017eete se osloniti na bolni\u010dke ga\u0107ice Carriwell da \u0107e zadovoljiti va\u0161e potrebe i nadma\u0161iti va\u0161a o\u010dekivanja, pru\u017eaju\u0107i vam najve\u0107u njegu i podr\u0161ku tijekom ove klju\u010dne faze.<\/p>\n<p>Odaberite bolni\u010dke ga\u0107ice Carriwell i prihvatite prakti\u010dnost, udobnost i higijenu koje nudi. Ne prepu\u0161tajte ni\u0161ta slu\u010daju kada je u pitanju va\u0161e iskustvo nakon poroda. Uklju\u010dite ove osnovne ga\u0107ice u bolni\u010dku torbu kako biste bili potpuno spremni za putovanje koje vas \u010deka. S bolni\u010dkim ga\u0107icama Carriwell mo\u017eete s pouzdanjem diskretno i higijenski upravljati krvarenjem nakon poroda, omogu\u0107uju\u0107i vam da se usredoto\u010dite na povezivanje s bebom i u\u017eivanje u ovom posebnom vremenu. Povjerite se Carriwellu za svoje potrebe nakon poroda i do\u017eivite razliku koju \u010dini u va\u0161oj udobnosti i dobrobiti.<\/p>\n","protected":false},"excerpt":{"rendered":"<p>Carriwell perive bolni\u010dke ga\u0107ice osiguravaju diskretno i higijensko zbrinjavanje razdoblja krvarenja nakon poroda. Posebno su dizajnirane za sigurno dr\u017eanje jastu\u010di\u0107a nakon poroda na mjestu.<\/p>\n","protected":false},"featured_media":299566,"comment_status":"open","ping_status":"closed","template":"","meta":{"_acf_changed":false,"footnotes":""},"product_brand":[],"product_cat":[589,562],"product_tag":[2104],"class_list":{"0":"post-149623","1":"product","2":"type-product","3":"status-publish","4":"has-post-thumbnail","6":"product_cat-donje-rublje","7":"product_cat-za-mamu","8":"product_tag-mum-to-be","9":"pa_boja-bijela","10":"pa_brand-carriwell","12":"first","13":"instock","14":"sale","15":"purchasable","16":"product-type-simple"},"bundled_by":["278215"],"bundle_stock_status":"instock","bundle_stock_quantity":15,"bundle_virtual":false,"bundle_layout":"","bundle_add_to_cart_form_location":"","bundle_editable_in_cart":false,"bundle_sold_individually_context":"","bundle_item_grouping":"","bundle_min_size":"","bundle_max_size":"","bundle_price":[],"bundled_items":[],"bundle_sell_ids":[],"acf":[],"yoast_head":"<!-- This site is optimized with the Yoast SEO Premium plugin v21.5 (Yoast SEO v27.5) - https:\/\/yoast.com\/product\/yoast-seo-premium-wordpress\/ -->\n<title>Carriwell vi\u0161ekratne mre\u017easte ga\u0107ice, 4 komada - NajNaj.eu<\/title>\n<meta name=\"robots\" content=\"index, follow, max-snippet:-1, max-image-preview:large, max-video-preview:-1\" \/>\n<link rel=\"canonical\" href=\"https:\/\/najnaj.eu\/fr\/proizvod\/carriwell-visekratne-mrezaste-gacice-4-komada\/\" \/>\n<meta property=\"og:locale\" content=\"fr_FR\" \/>\n<meta property=\"og:type\" content=\"article\" \/>\n<meta property=\"og:title\" content=\"Carriwell vi\u0161ekratne mre\u017easte ga\u0107ice, 4 komada\" \/>\n<meta property=\"og:description\" content=\"Carriwell perive bolni\u010dke ga\u0107ice osiguravaju diskretno i higijensko zbrinjavanje razdoblja krvarenja nakon poroda. Posebno su dizajnirane za sigurno dr\u017eanje jastu\u010di\u0107a nakon poroda na mjestu.\" \/>\n<meta property=\"og:url\" content=\"https:\/\/najnaj.eu\/fr\/proizvod\/carriwell-visekratne-mrezaste-gacice-4-komada\/\" \/>\n<meta property=\"og:site_name\" content=\"NajNaj.eu\" \/>\n<meta property=\"article:publisher\" content=\"https:\/\/web.facebook.com\/najnaj.eu\/\" \/>\n<meta property=\"article:modified_time\" content=\"2026-04-15T13:51:59+00:00\" \/>\n<meta property=\"og:image\" content=\"https:\/\/najnaj.eu\/wp-content\/uploads\/2020\/04\/7000_Washable-4x-Hospital-Panties_Web_v03.jpg\" \/>\n\t<meta property=\"og:image:width\" content=\"1000\" \/>\n\t<meta property=\"og:image:height\" content=\"1250\" \/>\n\t<meta property=\"og:image:type\" content=\"image\/jpeg\" \/>\n<meta name=\"twitter:card\" content=\"summary_large_image\" \/>\n<meta name=\"twitter:label1\" content=\"Prix\" \/>\n\t<meta name=\"twitter:data1\" content=\"9,95&nbsp;&euro;\" \/>\n\t<meta name=\"twitter:label2\" content=\"Disponibilit\u00e9\" \/>\n\t<meta name=\"twitter:data2\" content=\"En stock\" \/>\n<script type=\"application\/ld+json\" class=\"yoast-schema-graph\">{\"@context\":\"https:\\\/\\\/schema.org\",\"@graph\":[{\"@type\":\"WebPage\",\"@id\":\"https:\\\/\\\/najnaj.eu\\\/fr\\\/proizvod\\\/carriwell-visekratne-mrezaste-gacice-4-komada\\\/\",\"url\":\"https:\\\/\\\/najnaj.eu\\\/fr\\\/proizvod\\\/carriwell-visekratne-mrezaste-gacice-4-komada\\\/\",\"name\":\"Carriwell vi\u0161ekratne mre\u017easte ga\u0107ice, 4 komada - NajNaj.eu\",\"isPartOf\":{\"@id\":\"https:\\\/\\\/najnaj.eu\\\/fr\\\/#website\"},\"primaryImageOfPage\":{\"@id\":\"https:\\\/\\\/najnaj.eu\\\/fr\\\/proizvod\\\/carriwell-visekratne-mrezaste-gacice-4-komada\\\/#primaryimage\"},\"image\":{\"@id\":\"https:\\\/\\\/najnaj.eu\\\/fr\\\/proizvod\\\/carriwell-visekratne-mrezaste-gacice-4-komada\\\/#primaryimage\"},\"thumbnailUrl\":\"https:\\\/\\\/najnaj.eu\\\/wp-content\\\/uploads\\\/2020\\\/04\\\/7000_Washable-4x-Hospital-Panties_Web_v03.jpg\",\"datePublished\":\"2020-04-20T19:25:52+00:00\",\"dateModified\":\"2026-04-15T13:51:59+00:00\",\"breadcrumb\":{\"@id\":\"https:\\\/\\\/najnaj.eu\\\/fr\\\/proizvod\\\/carriwell-visekratne-mrezaste-gacice-4-komada\\\/#breadcrumb\"},\"inLanguage\":\"fr-FR\",\"potentialAction\":[{\"@type\":\"ReadAction\",\"target\":[\"https:\\\/\\\/najnaj.eu\\\/fr\\\/proizvod\\\/carriwell-visekratne-mrezaste-gacice-4-komada\\\/\"]}]},{\"@type\":\"ImageObject\",\"inLanguage\":\"fr-FR\",\"@id\":\"https:\\\/\\\/najnaj.eu\\\/fr\\\/proizvod\\\/carriwell-visekratne-mrezaste-gacice-4-komada\\\/#primaryimage\",\"url\":\"https:\\\/\\\/najnaj.eu\\\/wp-content\\\/uploads\\\/2020\\\/04\\\/7000_Washable-4x-Hospital-Panties_Web_v03.jpg\",\"contentUrl\":\"https:\\\/\\\/najnaj.eu\\\/wp-content\\\/uploads\\\/2020\\\/04\\\/7000_Washable-4x-Hospital-Panties_Web_v03.jpg\",\"width\":1000,\"height\":1250},{\"@type\":\"BreadcrumbList\",\"@id\":\"https:\\\/\\\/najnaj.eu\\\/fr\\\/proizvod\\\/carriwell-visekratne-mrezaste-gacice-4-komada\\\/#breadcrumb\",\"itemListElement\":[{\"@type\":\"ListItem\",\"position\":1,\"name\":\"Po\u010detna stranica\",\"item\":\"https:\\\/\\\/najnaj.eu\\\/fr\\\/\"},{\"@type\":\"ListItem\",\"position\":2,\"name\":\"Trgovina\",\"item\":\"https:\\\/\\\/najnaj.hr\\\/trgovina\\\/\"},{\"@type\":\"ListItem\",\"position\":3,\"name\":\"Carriwell vi\u0161ekratne mre\u017easte ga\u0107ice, 4 komada\"}]},{\"@type\":\"WebSite\",\"@id\":\"https:\\\/\\\/najnaj.eu\\\/fr\\\/#website\",\"url\":\"https:\\\/\\\/najnaj.eu\\\/fr\\\/\",\"name\":\"NajNaj.eu\",\"description\":\"Za najva\u017enije!\",\"potentialAction\":[{\"@type\":\"SearchAction\",\"target\":{\"@type\":\"EntryPoint\",\"urlTemplate\":\"https:\\\/\\\/najnaj.eu\\\/fr\\\/?s={search_term_string}\"},\"query-input\":{\"@type\":\"PropertyValueSpecification\",\"valueRequired\":true,\"valueName\":\"search_term_string\"}}],\"inLanguage\":\"fr-FR\"}]}<\/script>\n<meta property=\"product:brand\" content=\"Carriwell\" \/>\n<meta property=\"product:price:amount\" content=\"9.95\" \/>\n<meta property=\"product:price:currency\" content=\"EUR\" \/>\n<meta property=\"og:availability\" content=\"instock\" \/>\n<meta property=\"product:availability\" content=\"instock\" \/>\n<meta property=\"product:retailer_item_id\" content=\"CW700700\" \/>\n<meta property=\"product:condition\" content=\"new\" \/>\n<!-- \/ Yoast SEO Premium plugin. -->","yoast_head_json":{"title":"Carriwell vi\u0161ekratne mre\u017easte ga\u0107ice, 4 komada - NajNaj.eu","robots":{"index":"index","follow":"follow","max-snippet":"max-snippet:-1","max-image-preview":"max-image-preview:large","max-video-preview":"max-video-preview:-1"},"canonical":"https:\/\/najnaj.eu\/fr\/proizvod\/carriwell-visekratne-mrezaste-gacice-4-komada\/","og_locale":"fr_FR","og_type":"article","og_title":"Carriwell vi\u0161ekratne mre\u017easte ga\u0107ice, 4 komada","og_description":"Carriwell perive bolni\u010dke ga\u0107ice osiguravaju diskretno i higijensko zbrinjavanje razdoblja krvarenja nakon poroda. Posebno su dizajnirane za sigurno dr\u017eanje jastu\u010di\u0107a nakon poroda na mjestu.","og_url":"https:\/\/najnaj.eu\/fr\/proizvod\/carriwell-visekratne-mrezaste-gacice-4-komada\/","og_site_name":"NajNaj.eu","article_publisher":"https:\/\/web.facebook.com\/najnaj.eu\/","article_modified_time":"2026-04-15T13:51:59+00:00","og_image":[{"width":1000,"height":1250,"url":"https:\/\/najnaj.eu\/wp-content\/uploads\/2020\/04\/7000_Washable-4x-Hospital-Panties_Web_v03.jpg","type":"image\/jpeg"}],"twitter_card":"summary_large_image","twitter_misc":{"Prix":"9,95&nbsp;&euro;","Disponibilit\u00e9":"En stock"},"schema":{"@context":"https:\/\/schema.org","@graph":[{"@type":"WebPage","@id":"https:\/\/najnaj.eu\/fr\/proizvod\/carriwell-visekratne-mrezaste-gacice-4-komada\/","url":"https:\/\/najnaj.eu\/fr\/proizvod\/carriwell-visekratne-mrezaste-gacice-4-komada\/","name":"Carriwell vi\u0161ekratne mre\u017easte ga\u0107ice, 4 komada - NajNaj.eu","isPartOf":{"@id":"https:\/\/najnaj.eu\/fr\/#website"},"primaryImageOfPage":{"@id":"https:\/\/najnaj.eu\/fr\/proizvod\/carriwell-visekratne-mrezaste-gacice-4-komada\/#primaryimage"},"image":{"@id":"https:\/\/najnaj.eu\/fr\/proizvod\/carriwell-visekratne-mrezaste-gacice-4-komada\/#primaryimage"},"thumbnailUrl":"https:\/\/najnaj.eu\/wp-content\/uploads\/2020\/04\/7000_Washable-4x-Hospital-Panties_Web_v03.jpg","datePublished":"2020-04-20T19:25:52+00:00","dateModified":"2026-04-15T13:51:59+00:00","breadcrumb":{"@id":"https:\/\/najnaj.eu\/fr\/proizvod\/carriwell-visekratne-mrezaste-gacice-4-komada\/#breadcrumb"},"inLanguage":"fr-FR","potentialAction":[{"@type":"ReadAction","target":["https:\/\/najnaj.eu\/fr\/proizvod\/carriwell-visekratne-mrezaste-gacice-4-komada\/"]}]},{"@type":"ImageObject","inLanguage":"fr-FR","@id":"https:\/\/najnaj.eu\/fr\/proizvod\/carriwell-visekratne-mrezaste-gacice-4-komada\/#primaryimage","url":"https:\/\/najnaj.eu\/wp-content\/uploads\/2020\/04\/7000_Washable-4x-Hospital-Panties_Web_v03.jpg","contentUrl":"https:\/\/najnaj.eu\/wp-content\/uploads\/2020\/04\/7000_Washable-4x-Hospital-Panties_Web_v03.jpg","width":1000,"height":1250},{"@type":"BreadcrumbList","@id":"https:\/\/najnaj.eu\/fr\/proizvod\/carriwell-visekratne-mrezaste-gacice-4-komada\/#breadcrumb","itemListElement":[{"@type":"ListItem","position":1,"name":"Po\u010detna stranica","item":"https:\/\/najnaj.eu\/fr\/"},{"@type":"ListItem","position":2,"name":"Trgovina","item":"https:\/\/najnaj.hr\/trgovina\/"},{"@type":"ListItem","position":3,"name":"Carriwell vi\u0161ekratne mre\u017easte ga\u0107ice, 4 komada"}]},{"@type":"WebSite","@id":"https:\/\/najnaj.eu\/fr\/#website","url":"https:\/\/najnaj.eu\/fr\/","name":"NajNaj.eu","description":"Za najva\u017enije!","potentialAction":[{"@type":"SearchAction","target":{"@type":"EntryPoint","urlTemplate":"https:\/\/najnaj.eu\/fr\/?s={search_term_string}"},"query-input":{"@type":"PropertyValueSpecification","valueRequired":true,"valueName":"search_term_string"}}],"inLanguage":"fr-FR"}]},"product_brand":"Carriwell","product_price_amount":"9.95","product_price_currency":"EUR","og_availability":"instock","product_availability":"instock","product_retailer_item_id":"CW700700","product_condition":"new"},"_links":{"self":[{"href":"https:\/\/najnaj.eu\/fr\/wp-json\/wp\/v2\/product\/149623","targetHints":{"allow":["GET"]}}],"collection":[{"href":"https:\/\/najnaj.eu\/fr\/wp-json\/wp\/v2\/product"}],"about":[{"href":"https:\/\/najnaj.eu\/fr\/wp-json\/wp\/v2\/types\/product"}],"replies":[{"embeddable":true,"href":"https:\/\/najnaj.eu\/fr\/wp-json\/wp\/v2\/comments?post=149623"}],"version-history":[{"count":0,"href":"https:\/\/najnaj.eu\/fr\/wp-json\/wp\/v2\/product\/149623\/revisions"}],"wp:featuredmedia":[{"embeddable":true,"href":"https:\/\/najnaj.eu\/fr\/wp-json\/wp\/v2\/media\/299566"}],"wp:attachment":[{"href":"https:\/\/najnaj.eu\/fr\/wp-json\/wp\/v2\/media?parent=149623"}],"wp:term":[{"taxonomy":"product_brand","embeddable":true,"href":"https:\/\/najnaj.eu\/fr\/wp-json\/wp\/v2\/product_brand?post=149623"},{"taxonomy":"product_cat","embeddable":true,"href":"https:\/\/najnaj.eu\/fr\/wp-json\/wp\/v2\/product_cat?post=149623"},{"taxonomy":"product_tag","embeddable":true,"href":"https:\/\/najnaj.eu\/fr\/wp-json\/wp\/v2\/product_tag?post=149623"}],"curies":[{"name":"wp","href":"https:\/\/api.w.org\/{rel}","templated":true}]}}