{"id":149608,"date":"2020-04-20T21:21:29","date_gmt":"2020-04-20T19:21:29","guid":{"rendered":"https:\/\/najnaj.hr\/proizvod\/carriwell-gacice-sa-potporom-za-trbuh-crne\/"},"modified":"2026-04-22T11:41:42","modified_gmt":"2026-04-22T09:41:42","slug":"carriwell-gacice-sa-potporom-za-trbuh-crne","status":"publish","type":"product","link":"https:\/\/najnaj.eu\/fr\/proizvod\/carriwell-gacice-sa-potporom-za-trbuh-crne\/","title":{"rendered":"Carriwell Ga\u0107ice s potporom za trbuh &#8211; crne"},"content":{"rendered":"<p>Predstavljamo Carriwell ga\u0107ice s potporom za trbuh, vrhunskog suputnika na va\u0161em trudni\u010dkom putovanju, koji daje prednost va\u0161oj udobnosti na svakom koraku. Ove izuzetne ga\u0107ice krase niz zna\u010dajki pomno izra\u0111enih kako bi osigurale neusporedivu udobnost tijekom cijele trudno\u0107e.<\/p>\n<p>Jedna od istaknutih zna\u010dajki ovih ga\u0107ica su njihovi dodatni rastezljivi otvori za noge. Dizajnirani kako bi se prilagodili va\u0161em rastu\u0107em trbuhu i promjenjivom obliku tijela, rastezljivi otvori za noge pru\u017eaju udobno i fleksibilno pristajanje, eliminiraju\u0107i bilo kakvu nelagodu ili stezanje.<\/p>\n<p>Ga\u0107ice tako\u0111er nude laganu \u00ab\u00a0ugra\u0111enu\u00a0\u00bb potporu za donji dio trbuha i donji dio le\u0111a. Ova zna\u010dajka promi\u0161ljenog dizajna pru\u017ea nje\u017enu potporu za ubla\u017eavanje bilo kakvog pritiska ili naprezanja u tim podru\u010djima, \u010dine\u0107i va\u0161e dnevne aktivnosti udobnijima i ugodnijim.<\/p>\n<p>Izra\u0111ene od visokokvalitetnih materijala, Carriwell ga\u0107ice s potporom za trbuh nude be\u0161avnu konstrukciju. Ovaj be\u0161avni dizajn ne samo da osigurava gladak i nevidljiv izgled ispod va\u0161e odje\u0107e, ve\u0107 tako\u0111er eliminira svaku potencijalnu iritaciju ili trenje, pru\u017eaju\u0107i vam bla\u017eeno iskustvo no\u0161enja.<\/p>\n<p>Sa svojom laganom i prozra\u010dnom tkaninom, ove ga\u0107ice omogu\u0107uju optimalnu ventilaciju, odr\u017eavaju\u0107i vas hladnim i svje\u017eim tijekom cijelog dana. Mekani i nje\u017eni dodir va\u0161e ko\u017ee dodaje dodatni sloj udobnosti, omogu\u0107uju\u0107i vam da se usredoto\u010dite na radost svoje trudno\u0107e bez ikakvih smetnji.<\/p>\n<p>Carriwell ga\u0107ice s potporom za trbuh svestrani su dodatak va\u0161oj trudni\u010dkoj garderobi. Besprijekorno se sla\u017ee s raznim odjevnim kombinacijama, pru\u017eaju\u0107i diskretnu potporu i osiguravaju\u0107i da se osje\u0107ate samopouzdano i udobno u bilo kojoj kombinaciji.<\/p>\n<p>Investirajte u Carriwell ga\u0107ice s potporom za trbuh i prihvatite putovanje trudno\u0107e s neusporedivom udobno\u0161\u0107u. Neka ove ga\u0107ice budu va\u0161 pouzdani suputnik, pru\u017eaju\u0107i potporu i fleksibilnost koja vam je potrebna, osiguravaju\u0107i da mo\u017eete u potpunosti u\u017eivati \u200b\u200bu prekrasnim trenucima ovog posebnog razdoblja u va\u0161em \u017eivotu.<\/p>\n","protected":false},"excerpt":{"rendered":"<p>Kada vam je udobnost bitna, Carriwell Ga\u0107ice s potporom za trbuh ima brojne zna\u010dajke koje to osiguravaju tijekom cijele trudno\u0107e. Ga\u0107ice su dizajnirane s dodatnim rastezljivim otvorima za noge; i lagano \u00ab\u00a0ugra\u0111enom\u00a0\u00bb ispod potpore za trbuh i donji dio le\u0111a.<\/p>\n","protected":false},"featured_media":299107,"comment_status":"open","ping_status":"closed","template":"","meta":{"_acf_changed":false,"footnotes":""},"product_brand":[],"product_cat":[589,562],"product_tag":[2104],"class_list":{"0":"post-149608","1":"product","2":"type-product","3":"status-publish","4":"has-post-thumbnail","6":"product_cat-donje-rublje","7":"product_cat-za-mamu","8":"product_tag-mum-to-be","9":"pa_boja-crna","10":"pa_brand-carriwell","12":"first","13":"instock","14":"purchasable","15":"product-type-variable"},"bundled_by":[],"bundle_stock_status":"instock","bundle_stock_quantity":1,"bundle_virtual":false,"bundle_layout":"","bundle_add_to_cart_form_location":"","bundle_editable_in_cart":false,"bundle_sold_individually_context":"","bundle_item_grouping":"","bundle_min_size":"","bundle_max_size":"","bundle_price":[],"bundled_items":[],"bundle_sell_ids":[],"acf":[],"yoast_head":"<!-- This site is optimized with the Yoast SEO Premium plugin v21.5 (Yoast SEO v27.4) - https:\/\/yoast.com\/product\/yoast-seo-premium-wordpress\/ -->\n<title>Carriwell Ga\u0107ice s potporom za trbuh - crne - NajNaj.eu<\/title>\n<meta name=\"robots\" content=\"index, follow, max-snippet:-1, max-image-preview:large, max-video-preview:-1\" \/>\n<link rel=\"canonical\" href=\"https:\/\/najnaj.eu\/fr\/proizvod\/carriwell-gacice-sa-potporom-za-trbuh-crne\/\" \/>\n<meta property=\"og:locale\" content=\"fr_FR\" \/>\n<meta property=\"og:type\" content=\"article\" \/>\n<meta property=\"og:title\" content=\"Carriwell Ga\u0107ice s potporom za trbuh - crne\" \/>\n<meta property=\"og:description\" content=\"Kada vam je udobnost bitna, Carriwell Ga\u0107ice s potporom za trbuh ima brojne zna\u010dajke koje to osiguravaju tijekom cijele trudno\u0107e. Ga\u0107ice su dizajnirane s dodatnim rastezljivim otvorima za noge; i lagano &quot;ugra\u0111enom&quot; ispod potpore za trbuh i donji dio le\u0111a.\" \/>\n<meta property=\"og:url\" content=\"https:\/\/najnaj.eu\/fr\/proizvod\/carriwell-gacice-sa-potporom-za-trbuh-crne\/\" \/>\n<meta property=\"og:site_name\" content=\"NajNaj.eu\" \/>\n<meta property=\"article:publisher\" content=\"https:\/\/web.facebook.com\/najnaj.eu\/\" \/>\n<meta property=\"article:modified_time\" content=\"2026-04-22T09:41:42+00:00\" \/>\n<meta property=\"og:image\" content=\"https:\/\/najnaj.eu\/wp-content\/uploads\/2020\/04\/4100_Seamless-Maternity-Support-Panty_Black_Web_v02.jpg\" \/>\n\t<meta property=\"og:image:width\" content=\"1000\" \/>\n\t<meta property=\"og:image:height\" content=\"1250\" \/>\n\t<meta property=\"og:image:type\" content=\"image\/jpeg\" \/>\n<meta name=\"twitter:card\" content=\"summary_large_image\" \/>\n<meta name=\"twitter:label1\" content=\"Disponibilit\u00e9\" \/>\n\t<meta name=\"twitter:data1\" content=\"En stock\" \/>\n<script type=\"application\/ld+json\" class=\"yoast-schema-graph\">{\"@context\":\"https:\\\/\\\/schema.org\",\"@graph\":[{\"@type\":\"WebPage\",\"@id\":\"https:\\\/\\\/najnaj.eu\\\/fr\\\/proizvod\\\/carriwell-gacice-sa-potporom-za-trbuh-crne\\\/\",\"url\":\"https:\\\/\\\/najnaj.eu\\\/fr\\\/proizvod\\\/carriwell-gacice-sa-potporom-za-trbuh-crne\\\/\",\"name\":\"Carriwell Ga\u0107ice s potporom za trbuh - crne - NajNaj.eu\",\"isPartOf\":{\"@id\":\"https:\\\/\\\/najnaj.eu\\\/fr\\\/#website\"},\"primaryImageOfPage\":{\"@id\":\"https:\\\/\\\/najnaj.eu\\\/fr\\\/proizvod\\\/carriwell-gacice-sa-potporom-za-trbuh-crne\\\/#primaryimage\"},\"image\":{\"@id\":\"https:\\\/\\\/najnaj.eu\\\/fr\\\/proizvod\\\/carriwell-gacice-sa-potporom-za-trbuh-crne\\\/#primaryimage\"},\"thumbnailUrl\":\"https:\\\/\\\/najnaj.eu\\\/wp-content\\\/uploads\\\/2020\\\/04\\\/4100_Seamless-Maternity-Support-Panty_Black_Web_v02.jpg\",\"datePublished\":\"2020-04-20T19:21:29+00:00\",\"dateModified\":\"2026-04-22T09:41:42+00:00\",\"breadcrumb\":{\"@id\":\"https:\\\/\\\/najnaj.eu\\\/fr\\\/proizvod\\\/carriwell-gacice-sa-potporom-za-trbuh-crne\\\/#breadcrumb\"},\"inLanguage\":\"fr-FR\",\"potentialAction\":[{\"@type\":\"ReadAction\",\"target\":[\"https:\\\/\\\/najnaj.eu\\\/fr\\\/proizvod\\\/carriwell-gacice-sa-potporom-za-trbuh-crne\\\/\"]}]},{\"@type\":\"ImageObject\",\"inLanguage\":\"fr-FR\",\"@id\":\"https:\\\/\\\/najnaj.eu\\\/fr\\\/proizvod\\\/carriwell-gacice-sa-potporom-za-trbuh-crne\\\/#primaryimage\",\"url\":\"https:\\\/\\\/najnaj.eu\\\/wp-content\\\/uploads\\\/2020\\\/04\\\/4100_Seamless-Maternity-Support-Panty_Black_Web_v02.jpg\",\"contentUrl\":\"https:\\\/\\\/najnaj.eu\\\/wp-content\\\/uploads\\\/2020\\\/04\\\/4100_Seamless-Maternity-Support-Panty_Black_Web_v02.jpg\",\"width\":1000,\"height\":1250},{\"@type\":\"BreadcrumbList\",\"@id\":\"https:\\\/\\\/najnaj.eu\\\/fr\\\/proizvod\\\/carriwell-gacice-sa-potporom-za-trbuh-crne\\\/#breadcrumb\",\"itemListElement\":[{\"@type\":\"ListItem\",\"position\":1,\"name\":\"Po\u010detna stranica\",\"item\":\"https:\\\/\\\/najnaj.eu\\\/fr\\\/\"},{\"@type\":\"ListItem\",\"position\":2,\"name\":\"Trgovina\",\"item\":\"https:\\\/\\\/najnaj.hr\\\/trgovina\\\/\"},{\"@type\":\"ListItem\",\"position\":3,\"name\":\"Carriwell Ga\u0107ice s potporom za trbuh &#8211; crne\"}]},{\"@type\":\"WebSite\",\"@id\":\"https:\\\/\\\/najnaj.eu\\\/fr\\\/#website\",\"url\":\"https:\\\/\\\/najnaj.eu\\\/fr\\\/\",\"name\":\"NajNaj.eu\",\"description\":\"Za najva\u017enije!\",\"potentialAction\":[{\"@type\":\"SearchAction\",\"target\":{\"@type\":\"EntryPoint\",\"urlTemplate\":\"https:\\\/\\\/najnaj.eu\\\/fr\\\/?s={search_term_string}\"},\"query-input\":{\"@type\":\"PropertyValueSpecification\",\"valueRequired\":true,\"valueName\":\"search_term_string\"}}],\"inLanguage\":\"fr-FR\"}]}<\/script>\n<meta property=\"product:brand\" content=\"Carriwell\" \/>\n<meta property=\"og:availability\" content=\"instock\" \/>\n<meta property=\"product:availability\" content=\"instock\" \/>\n<meta property=\"product:retailer_item_id\" content=\"CW402011N\" \/>\n<meta property=\"product:condition\" content=\"new\" \/>\n<!-- \/ Yoast SEO Premium plugin. -->","yoast_head_json":{"title":"Carriwell Ga\u0107ice s potporom za trbuh - crne - NajNaj.eu","robots":{"index":"index","follow":"follow","max-snippet":"max-snippet:-1","max-image-preview":"max-image-preview:large","max-video-preview":"max-video-preview:-1"},"canonical":"https:\/\/najnaj.eu\/fr\/proizvod\/carriwell-gacice-sa-potporom-za-trbuh-crne\/","og_locale":"fr_FR","og_type":"article","og_title":"Carriwell Ga\u0107ice s potporom za trbuh - crne","og_description":"Kada vam je udobnost bitna, Carriwell Ga\u0107ice s potporom za trbuh ima brojne zna\u010dajke koje to osiguravaju tijekom cijele trudno\u0107e. Ga\u0107ice su dizajnirane s dodatnim rastezljivim otvorima za noge; i lagano \"ugra\u0111enom\" ispod potpore za trbuh i donji dio le\u0111a.","og_url":"https:\/\/najnaj.eu\/fr\/proizvod\/carriwell-gacice-sa-potporom-za-trbuh-crne\/","og_site_name":"NajNaj.eu","article_publisher":"https:\/\/web.facebook.com\/najnaj.eu\/","article_modified_time":"2026-04-22T09:41:42+00:00","og_image":[{"width":1000,"height":1250,"url":"https:\/\/najnaj.eu\/wp-content\/uploads\/2020\/04\/4100_Seamless-Maternity-Support-Panty_Black_Web_v02.jpg","type":"image\/jpeg"}],"twitter_card":"summary_large_image","twitter_misc":{"Disponibilit\u00e9":"En stock"},"schema":{"@context":"https:\/\/schema.org","@graph":[{"@type":"WebPage","@id":"https:\/\/najnaj.eu\/fr\/proizvod\/carriwell-gacice-sa-potporom-za-trbuh-crne\/","url":"https:\/\/najnaj.eu\/fr\/proizvod\/carriwell-gacice-sa-potporom-za-trbuh-crne\/","name":"Carriwell Ga\u0107ice s potporom za trbuh - crne - NajNaj.eu","isPartOf":{"@id":"https:\/\/najnaj.eu\/fr\/#website"},"primaryImageOfPage":{"@id":"https:\/\/najnaj.eu\/fr\/proizvod\/carriwell-gacice-sa-potporom-za-trbuh-crne\/#primaryimage"},"image":{"@id":"https:\/\/najnaj.eu\/fr\/proizvod\/carriwell-gacice-sa-potporom-za-trbuh-crne\/#primaryimage"},"thumbnailUrl":"https:\/\/najnaj.eu\/wp-content\/uploads\/2020\/04\/4100_Seamless-Maternity-Support-Panty_Black_Web_v02.jpg","datePublished":"2020-04-20T19:21:29+00:00","dateModified":"2026-04-22T09:41:42+00:00","breadcrumb":{"@id":"https:\/\/najnaj.eu\/fr\/proizvod\/carriwell-gacice-sa-potporom-za-trbuh-crne\/#breadcrumb"},"inLanguage":"fr-FR","potentialAction":[{"@type":"ReadAction","target":["https:\/\/najnaj.eu\/fr\/proizvod\/carriwell-gacice-sa-potporom-za-trbuh-crne\/"]}]},{"@type":"ImageObject","inLanguage":"fr-FR","@id":"https:\/\/najnaj.eu\/fr\/proizvod\/carriwell-gacice-sa-potporom-za-trbuh-crne\/#primaryimage","url":"https:\/\/najnaj.eu\/wp-content\/uploads\/2020\/04\/4100_Seamless-Maternity-Support-Panty_Black_Web_v02.jpg","contentUrl":"https:\/\/najnaj.eu\/wp-content\/uploads\/2020\/04\/4100_Seamless-Maternity-Support-Panty_Black_Web_v02.jpg","width":1000,"height":1250},{"@type":"BreadcrumbList","@id":"https:\/\/najnaj.eu\/fr\/proizvod\/carriwell-gacice-sa-potporom-za-trbuh-crne\/#breadcrumb","itemListElement":[{"@type":"ListItem","position":1,"name":"Po\u010detna stranica","item":"https:\/\/najnaj.eu\/fr\/"},{"@type":"ListItem","position":2,"name":"Trgovina","item":"https:\/\/najnaj.hr\/trgovina\/"},{"@type":"ListItem","position":3,"name":"Carriwell Ga\u0107ice s potporom za trbuh &#8211; crne"}]},{"@type":"WebSite","@id":"https:\/\/najnaj.eu\/fr\/#website","url":"https:\/\/najnaj.eu\/fr\/","name":"NajNaj.eu","description":"Za najva\u017enije!","potentialAction":[{"@type":"SearchAction","target":{"@type":"EntryPoint","urlTemplate":"https:\/\/najnaj.eu\/fr\/?s={search_term_string}"},"query-input":{"@type":"PropertyValueSpecification","valueRequired":true,"valueName":"search_term_string"}}],"inLanguage":"fr-FR"}]},"product_brand":"Carriwell","og_availability":"instock","product_availability":"instock","product_retailer_item_id":"CW402011N","product_condition":"new"},"_links":{"self":[{"href":"https:\/\/najnaj.eu\/fr\/wp-json\/wp\/v2\/product\/149608","targetHints":{"allow":["GET"]}}],"collection":[{"href":"https:\/\/najnaj.eu\/fr\/wp-json\/wp\/v2\/product"}],"about":[{"href":"https:\/\/najnaj.eu\/fr\/wp-json\/wp\/v2\/types\/product"}],"replies":[{"embeddable":true,"href":"https:\/\/najnaj.eu\/fr\/wp-json\/wp\/v2\/comments?post=149608"}],"version-history":[{"count":0,"href":"https:\/\/najnaj.eu\/fr\/wp-json\/wp\/v2\/product\/149608\/revisions"}],"wp:featuredmedia":[{"embeddable":true,"href":"https:\/\/najnaj.eu\/fr\/wp-json\/wp\/v2\/media\/299107"}],"wp:attachment":[{"href":"https:\/\/najnaj.eu\/fr\/wp-json\/wp\/v2\/media?parent=149608"}],"wp:term":[{"taxonomy":"product_brand","embeddable":true,"href":"https:\/\/najnaj.eu\/fr\/wp-json\/wp\/v2\/product_brand?post=149608"},{"taxonomy":"product_cat","embeddable":true,"href":"https:\/\/najnaj.eu\/fr\/wp-json\/wp\/v2\/product_cat?post=149608"},{"taxonomy":"product_tag","embeddable":true,"href":"https:\/\/najnaj.eu\/fr\/wp-json\/wp\/v2\/product_tag?post=149608"}],"curies":[{"name":"wp","href":"https:\/\/api.w.org\/{rel}","templated":true}]}}