{"id":149593,"date":"2020-04-20T21:16:04","date_gmt":"2020-04-20T19:16:04","guid":{"rendered":"https:\/\/najnaj.hr\/proizvod\/carriwell-grudnjak-za-trudnice-i-dojilje-s-cipkom-bijeli\/"},"modified":"2026-04-14T08:40:06","modified_gmt":"2026-04-14T06:40:06","slug":"carriwell-grudnjak-za-trudnice-i-dojilje-s-cipkom-bijeli","status":"publish","type":"product","link":"https:\/\/najnaj.eu\/fr\/proizvod\/carriwell-grudnjak-za-trudnice-i-dojilje-s-cipkom-bijeli\/","title":{"rendered":"Carriwell Crossover grudnjak za dojenje i spavanje &#8211; bijeli"},"content":{"rendered":"<p>Predstavljamo Carriwell Crossover grudnjak za spavanje i dojenje &#8211; utjelovljenje jednostavnosti i prakti\u010dnosti za dojilje. Ovaj grudnjak pa\u017eljivo je dizajniran za mame koje preferiraju kri\u017eni stil koji se lako otvara, omogu\u0107uju\u0107i svojoj bebi da se bez napora priljubi do dojke. Do\u017eivite najlak\u0161i grudnjak za dojilje koji \u0107ete ikada nositi.<\/p>\n<p>Prakti\u010dnost je klju\u010dna kada je rije\u010d o dojenju, a Carriwell Crossover grudnjak za spavanje i dojenje briljira u tom pogledu. Kri\u017eni dizajn eliminira potrebu za kompliciranim kop\u010dama ili kukicama, \u010dine\u0107i dojenje lakim. U\u017eivajte u najjednostavnijem i najprikladnijem na\u010dinu dojenja svoje bebe, omogu\u0107uju\u0107i neprekidne trenutke povezivanja.<\/p>\n<p>No\u0107no dojenje je udobno i bez napora uz Carriwell Crossover grudnjak. Izuzetno mekana i fleksibilna tkanina ovog grudnjaka \u010dini ga idealnim za no\u0107nu upotrebu. Mo\u017eete udobno le\u0107i i dojiti bebu bez ikakve nelagode. Do\u017eivite mirno i umiruju\u0107e iskustvo dojenja tijekom tih dragocjenih no\u0107nih hranjenja.<\/p>\n<p>Meko\u0107a je klju\u010dna za va\u0161u nje\u017enu ko\u017eu, zbog \u010dega je Carriwell Crossover grudnjak za spavanje i dojenje izra\u0111en od najmek\u0161e kvalitetne \u010dipke i tkanine. Recite zbogom trenju i iritaciji dok se prepu\u0161tate najve\u0107oj udobnosti. Nje\u017ean dodir ovog grudnjaka osigurava da va\u0161e putovanje dojenja bude \u0161to ugodnije.<\/p>\n<p>Udobnost je najva\u017enija, a Carriwell Crossover grudnjak za spavanje i dojenje pru\u017ea upravo to. Bez krutih udubljenja ili iritiraju\u0107ih \u0161avova koji bi vas odvratili od radosti maj\u010dinstva. Ovaj grudnjak dizajniran je imaju\u0107i na umu va\u0161u vrhunsku udobnost, omogu\u0107uju\u0107i vam da se usredoto\u010dite na iskustvo povezivanja s bebom bez ikakve nelagode ili ograni\u010denja.<\/p>\n<p>U skladu s na\u0161om predano\u0161\u0107u odr\u017eivosti, Carriwell Crossover grudnjak za spavanje i dojenje izra\u0111en je od potpuno certificiranog organskog pamuka. Prihvatite prirodni i ekolo\u0161ki prihvatljiv izbor, znaju\u0107i da podr\u017eavate zdravije okru\u017eenje za sebe i svoju bebu.<\/p>\n<p>Do\u017eivite jednostavnost i udobnost Carriwell Crossover grudnjaka za spavanje i dojenje. U\u017eivajte u prakti\u010dnosti kri\u017enog dizajna, savr\u0161enog za jednostavno dojenje. Prigrlite mirno no\u0107no hranjenje s mekom i fleksibilnom tkaninom. Osjetite nje\u017eni dodir najkvalitetnije \u010dipke i tkanine na svojoj ko\u017ei. U\u017eivajte u udobnosti grudnjaka dizajniranog bez ikakvih krutih udubljenja, iritiraju\u0107ih \u0161avova, kop\u010di ili kukica. Odaberite organski pamuk za odr\u017eivije iskustvo dojenja. Unaprijedite svoje putovanje dojenja najjednostavnijim i najudobnijim grudnjakom za dojenje koji \u0107ete ikada nositi.<\/p>\n","protected":false},"excerpt":{"rendered":"<ul>\n<li>dizajn \u201ecross over\u201c za jednostavno i udobno dojenje<\/li>\n<li>idealan je za no\u0107no dojenje<\/li>\n<li>no\u0161enje bez peckanja i iritacije<\/li>\n<li>Ne sadr\u017ei \u010dvrstu \u010dipku, iritiraju\u0107e materijale, \u017eicu, kop\u010de ili kukice<\/li>\n<\/ul>\n","protected":false},"featured_media":299887,"comment_status":"open","ping_status":"closed","template":"","meta":{"_acf_changed":false,"footnotes":""},"product_brand":[],"product_cat":[1745,1812,1813,1725],"product_tag":[2348],"class_list":{"0":"post-149593","1":"product","2":"type-product","3":"status-publish","4":"has-post-thumbnail","6":"product_cat-breast-feeding","7":"product_cat-nursing-bras","8":"product_cat-bras-for-pregnant-women","9":"product_cat-for-mom","10":"product_tag-new-mum","11":"pa_boja-white","12":"pa_brand-carriwell-en","14":"first","15":"instock","16":"purchasable","17":"product-type-variable"},"bundled_by":[],"bundle_stock_status":"instock","bundle_stock_quantity":1,"bundle_virtual":false,"bundle_layout":"","bundle_add_to_cart_form_location":"","bundle_editable_in_cart":false,"bundle_sold_individually_context":"","bundle_item_grouping":"","bundle_min_size":"","bundle_max_size":"","bundle_price":[],"bundled_items":[],"bundle_sell_ids":[],"acf":[],"yoast_head":"<!-- This site is optimized with the Yoast SEO Premium plugin v21.5 (Yoast SEO v27.3) - https:\/\/yoast.com\/product\/yoast-seo-premium-wordpress\/ -->\n<title>Carriwell Crossover grudnjak za dojenje i spavanje - bijeli - NajNaj.eu<\/title>\n<meta name=\"robots\" content=\"index, follow, max-snippet:-1, max-image-preview:large, max-video-preview:-1\" \/>\n<link rel=\"canonical\" href=\"https:\/\/najnaj.eu\/fr\/proizvod\/carriwell-grudnjak-za-trudnice-i-dojilje-s-cipkom-bijeli\/\" \/>\n<meta property=\"og:locale\" content=\"fr_FR\" \/>\n<meta property=\"og:type\" content=\"article\" \/>\n<meta property=\"og:title\" content=\"Carriwell Crossover grudnjak za dojenje i spavanje - bijeli\" \/>\n<meta property=\"og:description\" content=\"dizajn \u201ecross over\u201c za jednostavno i udobno dojenje  idealan je za no\u0107no dojenje  no\u0161enje bez peckanja i iritacije  Ne sadr\u017ei \u010dvrstu \u010dipku, iritiraju\u0107e materijale, \u017eicu, kop\u010de ili kukice\" \/>\n<meta property=\"og:url\" content=\"https:\/\/najnaj.eu\/fr\/proizvod\/carriwell-grudnjak-za-trudnice-i-dojilje-s-cipkom-bijeli\/\" \/>\n<meta property=\"og:site_name\" content=\"NajNaj.eu\" \/>\n<meta property=\"article:publisher\" content=\"https:\/\/web.facebook.com\/najnaj.eu\/\" \/>\n<meta property=\"article:modified_time\" content=\"2026-04-14T06:40:06+00:00\" \/>\n<meta property=\"og:image\" content=\"https:\/\/najnaj.eu\/wp-content\/uploads\/2020\/04\/2500_Organic-Sleeping-Nursing-Bra_White_Web_Front.jpg\" \/>\n\t<meta property=\"og:image:width\" content=\"1000\" \/>\n\t<meta property=\"og:image:height\" content=\"1250\" \/>\n\t<meta property=\"og:image:type\" content=\"image\/jpeg\" \/>\n<meta name=\"twitter:card\" content=\"summary_large_image\" \/>\n<meta name=\"twitter:label1\" content=\"Disponibilit\u00e9\" \/>\n\t<meta name=\"twitter:data1\" content=\"En stock\" \/>\n<script type=\"application\/ld+json\" class=\"yoast-schema-graph\">{\"@context\":\"https:\\\/\\\/schema.org\",\"@graph\":[{\"@type\":\"WebPage\",\"@id\":\"https:\\\/\\\/najnaj.eu\\\/fr\\\/proizvod\\\/carriwell-grudnjak-za-trudnice-i-dojilje-s-cipkom-bijeli\\\/\",\"url\":\"https:\\\/\\\/najnaj.eu\\\/fr\\\/proizvod\\\/carriwell-grudnjak-za-trudnice-i-dojilje-s-cipkom-bijeli\\\/\",\"name\":\"Carriwell Crossover grudnjak za dojenje i spavanje - bijeli - NajNaj.eu\",\"isPartOf\":{\"@id\":\"https:\\\/\\\/najnaj.eu\\\/fr\\\/#website\"},\"primaryImageOfPage\":{\"@id\":\"https:\\\/\\\/najnaj.eu\\\/fr\\\/proizvod\\\/carriwell-grudnjak-za-trudnice-i-dojilje-s-cipkom-bijeli\\\/#primaryimage\"},\"image\":{\"@id\":\"https:\\\/\\\/najnaj.eu\\\/fr\\\/proizvod\\\/carriwell-grudnjak-za-trudnice-i-dojilje-s-cipkom-bijeli\\\/#primaryimage\"},\"thumbnailUrl\":\"https:\\\/\\\/najnaj.eu\\\/wp-content\\\/uploads\\\/2020\\\/04\\\/2500_Organic-Sleeping-Nursing-Bra_White_Web_Front.jpg\",\"datePublished\":\"2020-04-20T19:16:04+00:00\",\"dateModified\":\"2026-04-14T06:40:06+00:00\",\"breadcrumb\":{\"@id\":\"https:\\\/\\\/najnaj.eu\\\/fr\\\/proizvod\\\/carriwell-grudnjak-za-trudnice-i-dojilje-s-cipkom-bijeli\\\/#breadcrumb\"},\"inLanguage\":\"fr-FR\",\"potentialAction\":[{\"@type\":\"ReadAction\",\"target\":[\"https:\\\/\\\/najnaj.eu\\\/fr\\\/proizvod\\\/carriwell-grudnjak-za-trudnice-i-dojilje-s-cipkom-bijeli\\\/\"]}]},{\"@type\":\"ImageObject\",\"inLanguage\":\"fr-FR\",\"@id\":\"https:\\\/\\\/najnaj.eu\\\/fr\\\/proizvod\\\/carriwell-grudnjak-za-trudnice-i-dojilje-s-cipkom-bijeli\\\/#primaryimage\",\"url\":\"https:\\\/\\\/najnaj.eu\\\/wp-content\\\/uploads\\\/2020\\\/04\\\/2500_Organic-Sleeping-Nursing-Bra_White_Web_Front.jpg\",\"contentUrl\":\"https:\\\/\\\/najnaj.eu\\\/wp-content\\\/uploads\\\/2020\\\/04\\\/2500_Organic-Sleeping-Nursing-Bra_White_Web_Front.jpg\",\"width\":1000,\"height\":1250},{\"@type\":\"BreadcrumbList\",\"@id\":\"https:\\\/\\\/najnaj.eu\\\/fr\\\/proizvod\\\/carriwell-grudnjak-za-trudnice-i-dojilje-s-cipkom-bijeli\\\/#breadcrumb\",\"itemListElement\":[{\"@type\":\"ListItem\",\"position\":1,\"name\":\"Po\u010detna stranica\",\"item\":\"https:\\\/\\\/najnaj.eu\\\/fr\\\/\"},{\"@type\":\"ListItem\",\"position\":2,\"name\":\"Trgovina\",\"item\":\"https:\\\/\\\/najnaj.hr\\\/trgovina\\\/\"},{\"@type\":\"ListItem\",\"position\":3,\"name\":\"Carriwell Crossover grudnjak za dojenje i spavanje &#8211; bijeli\"}]},{\"@type\":\"WebSite\",\"@id\":\"https:\\\/\\\/najnaj.eu\\\/fr\\\/#website\",\"url\":\"https:\\\/\\\/najnaj.eu\\\/fr\\\/\",\"name\":\"NajNaj.eu\",\"description\":\"Za najva\u017enije!\",\"potentialAction\":[{\"@type\":\"SearchAction\",\"target\":{\"@type\":\"EntryPoint\",\"urlTemplate\":\"https:\\\/\\\/najnaj.eu\\\/fr\\\/?s={search_term_string}\"},\"query-input\":{\"@type\":\"PropertyValueSpecification\",\"valueRequired\":true,\"valueName\":\"search_term_string\"}}],\"inLanguage\":\"fr-FR\"}]}<\/script>\n<meta property=\"product:brand\" content=\"Carriwell\" \/>\n<meta property=\"og:availability\" content=\"instock\" \/>\n<meta property=\"product:availability\" content=\"instock\" \/>\n<meta property=\"product:retailer_item_id\" content=\"CW2505N\" \/>\n<meta property=\"product:condition\" content=\"new\" \/>\n<!-- \/ Yoast SEO Premium plugin. -->","yoast_head_json":{"title":"Carriwell Crossover grudnjak za dojenje i spavanje - bijeli - NajNaj.eu","robots":{"index":"index","follow":"follow","max-snippet":"max-snippet:-1","max-image-preview":"max-image-preview:large","max-video-preview":"max-video-preview:-1"},"canonical":"https:\/\/najnaj.eu\/fr\/proizvod\/carriwell-grudnjak-za-trudnice-i-dojilje-s-cipkom-bijeli\/","og_locale":"fr_FR","og_type":"article","og_title":"Carriwell Crossover grudnjak za dojenje i spavanje - bijeli","og_description":"dizajn \u201ecross over\u201c za jednostavno i udobno dojenje  idealan je za no\u0107no dojenje  no\u0161enje bez peckanja i iritacije  Ne sadr\u017ei \u010dvrstu \u010dipku, iritiraju\u0107e materijale, \u017eicu, kop\u010de ili kukice","og_url":"https:\/\/najnaj.eu\/fr\/proizvod\/carriwell-grudnjak-za-trudnice-i-dojilje-s-cipkom-bijeli\/","og_site_name":"NajNaj.eu","article_publisher":"https:\/\/web.facebook.com\/najnaj.eu\/","article_modified_time":"2026-04-14T06:40:06+00:00","og_image":[{"width":1000,"height":1250,"url":"https:\/\/najnaj.eu\/wp-content\/uploads\/2020\/04\/2500_Organic-Sleeping-Nursing-Bra_White_Web_Front.jpg","type":"image\/jpeg"}],"twitter_card":"summary_large_image","twitter_misc":{"Disponibilit\u00e9":"En stock"},"schema":{"@context":"https:\/\/schema.org","@graph":[{"@type":"WebPage","@id":"https:\/\/najnaj.eu\/fr\/proizvod\/carriwell-grudnjak-za-trudnice-i-dojilje-s-cipkom-bijeli\/","url":"https:\/\/najnaj.eu\/fr\/proizvod\/carriwell-grudnjak-za-trudnice-i-dojilje-s-cipkom-bijeli\/","name":"Carriwell Crossover grudnjak za dojenje i spavanje - bijeli - NajNaj.eu","isPartOf":{"@id":"https:\/\/najnaj.eu\/fr\/#website"},"primaryImageOfPage":{"@id":"https:\/\/najnaj.eu\/fr\/proizvod\/carriwell-grudnjak-za-trudnice-i-dojilje-s-cipkom-bijeli\/#primaryimage"},"image":{"@id":"https:\/\/najnaj.eu\/fr\/proizvod\/carriwell-grudnjak-za-trudnice-i-dojilje-s-cipkom-bijeli\/#primaryimage"},"thumbnailUrl":"https:\/\/najnaj.eu\/wp-content\/uploads\/2020\/04\/2500_Organic-Sleeping-Nursing-Bra_White_Web_Front.jpg","datePublished":"2020-04-20T19:16:04+00:00","dateModified":"2026-04-14T06:40:06+00:00","breadcrumb":{"@id":"https:\/\/najnaj.eu\/fr\/proizvod\/carriwell-grudnjak-za-trudnice-i-dojilje-s-cipkom-bijeli\/#breadcrumb"},"inLanguage":"fr-FR","potentialAction":[{"@type":"ReadAction","target":["https:\/\/najnaj.eu\/fr\/proizvod\/carriwell-grudnjak-za-trudnice-i-dojilje-s-cipkom-bijeli\/"]}]},{"@type":"ImageObject","inLanguage":"fr-FR","@id":"https:\/\/najnaj.eu\/fr\/proizvod\/carriwell-grudnjak-za-trudnice-i-dojilje-s-cipkom-bijeli\/#primaryimage","url":"https:\/\/najnaj.eu\/wp-content\/uploads\/2020\/04\/2500_Organic-Sleeping-Nursing-Bra_White_Web_Front.jpg","contentUrl":"https:\/\/najnaj.eu\/wp-content\/uploads\/2020\/04\/2500_Organic-Sleeping-Nursing-Bra_White_Web_Front.jpg","width":1000,"height":1250},{"@type":"BreadcrumbList","@id":"https:\/\/najnaj.eu\/fr\/proizvod\/carriwell-grudnjak-za-trudnice-i-dojilje-s-cipkom-bijeli\/#breadcrumb","itemListElement":[{"@type":"ListItem","position":1,"name":"Po\u010detna stranica","item":"https:\/\/najnaj.eu\/fr\/"},{"@type":"ListItem","position":2,"name":"Trgovina","item":"https:\/\/najnaj.hr\/trgovina\/"},{"@type":"ListItem","position":3,"name":"Carriwell Crossover grudnjak za dojenje i spavanje &#8211; bijeli"}]},{"@type":"WebSite","@id":"https:\/\/najnaj.eu\/fr\/#website","url":"https:\/\/najnaj.eu\/fr\/","name":"NajNaj.eu","description":"Za najva\u017enije!","potentialAction":[{"@type":"SearchAction","target":{"@type":"EntryPoint","urlTemplate":"https:\/\/najnaj.eu\/fr\/?s={search_term_string}"},"query-input":{"@type":"PropertyValueSpecification","valueRequired":true,"valueName":"search_term_string"}}],"inLanguage":"fr-FR"}]},"product_brand":"Carriwell","og_availability":"instock","product_availability":"instock","product_retailer_item_id":"CW2505N","product_condition":"new"},"_links":{"self":[{"href":"https:\/\/najnaj.eu\/fr\/wp-json\/wp\/v2\/product\/149593","targetHints":{"allow":["GET"]}}],"collection":[{"href":"https:\/\/najnaj.eu\/fr\/wp-json\/wp\/v2\/product"}],"about":[{"href":"https:\/\/najnaj.eu\/fr\/wp-json\/wp\/v2\/types\/product"}],"replies":[{"embeddable":true,"href":"https:\/\/najnaj.eu\/fr\/wp-json\/wp\/v2\/comments?post=149593"}],"version-history":[{"count":0,"href":"https:\/\/najnaj.eu\/fr\/wp-json\/wp\/v2\/product\/149593\/revisions"}],"wp:featuredmedia":[{"embeddable":true,"href":"https:\/\/najnaj.eu\/fr\/wp-json\/wp\/v2\/media\/299887"}],"wp:attachment":[{"href":"https:\/\/najnaj.eu\/fr\/wp-json\/wp\/v2\/media?parent=149593"}],"wp:term":[{"taxonomy":"product_brand","embeddable":true,"href":"https:\/\/najnaj.eu\/fr\/wp-json\/wp\/v2\/product_brand?post=149593"},{"taxonomy":"product_cat","embeddable":true,"href":"https:\/\/najnaj.eu\/fr\/wp-json\/wp\/v2\/product_cat?post=149593"},{"taxonomy":"product_tag","embeddable":true,"href":"https:\/\/najnaj.eu\/fr\/wp-json\/wp\/v2\/product_tag?post=149593"}],"curies":[{"name":"wp","href":"https:\/\/api.w.org\/{rel}","templated":true}]}}