{"id":149587,"date":"2025-02-05T21:16:04","date_gmt":"2025-02-05T20:16:04","guid":{"rendered":"https:\/\/najnaj.hr\/proizvod\/carriwell-jastucici-za-dojilje-od-prirodne-svile-perivi-bijeli-6kom-u-paketu\/"},"modified":"2026-03-13T14:07:52","modified_gmt":"2026-03-13T13:07:52","slug":"carriwell-perivi-jastucici-za-dojilje-od-svile-6-kom","status":"publish","type":"product","link":"https:\/\/najnaj.eu\/fr\/proizvod\/carriwell-perivi-jastucici-za-dojilje-od-svile-6-kom\/","title":{"rendered":"Carriwell Perivi jastu\u010di\u0107i za dojilje od svile, 6 kom"},"content":{"rendered":"<p>Savr\u0161en na\u010din za nje\u017enost i za\u0161titu osjetljivih grudi<\/p>\n<p><strong>Nje\u017enost<\/strong><\/p>\n<p>Prirodna anti upalna svojstva svile poma\u017eu pri hla\u0111enju i zacijeljivanju bolnih bradavica.<\/p>\n<p><strong>Prozra\u010dnost<\/strong><\/p>\n<p>Prozra\u010dan nepropusni sloj upija vlagu za maksimalnu sigurnost.<\/p>\n<p><strong>Udobnost<\/strong><\/p>\n<p>Pamuk dr\u017ei vlagu dalje od ko\u017ee za pove\u0107anje suho\u0107e i udobnosti.<\/p>\n","protected":false},"excerpt":{"rendered":"<p>Carriwell svileni jastu\u010di\u0107i za grudi imaju prirodna ljekovita i njeguju\u0107a svojstva.<\/p>\n<p>Zajedno s mekanim i prozra\u010dnim organskim pamukom, upijaju mlijeko i odr\u017eavaju va\u0161e bradavice suhima \u0161to smanjuje rizik od mastitisa i ispucalih bradavica.<\/p>\n","protected":false},"featured_media":300498,"comment_status":"open","ping_status":"closed","template":"","meta":{"_acf_changed":false,"footnotes":""},"product_brand":[],"product_cat":[546,584,562],"product_tag":[2103],"class_list":{"0":"post-149587","1":"product","2":"type-product","3":"status-publish","4":"has-post-thumbnail","6":"product_cat-dojenje","7":"product_cat-jastucici-za-dojenje-dojenje","8":"product_cat-za-mamu","9":"product_tag-new-mum","10":"pa_boja-bijela","11":"pa_brand-carriwell","13":"first","14":"outofstock","15":"purchasable","16":"product-type-simple"},"bundled_by":[],"bundle_stock_status":"outofstock","bundle_stock_quantity":0,"bundle_virtual":false,"bundle_layout":"","bundle_add_to_cart_form_location":"","bundle_editable_in_cart":false,"bundle_sold_individually_context":"","bundle_item_grouping":"","bundle_min_size":"","bundle_max_size":"","bundle_price":[],"bundled_items":[],"bundle_sell_ids":[],"acf":[],"yoast_head":"<!-- This site is optimized with the Yoast SEO Premium plugin v21.5 (Yoast SEO v27.4) - https:\/\/yoast.com\/product\/yoast-seo-premium-wordpress\/ -->\n<title>Carriwell Perivi jastu\u010di\u0107i za dojilje od svile, 6 kom - NajNaj.eu<\/title>\n<meta name=\"robots\" content=\"index, follow, max-snippet:-1, max-image-preview:large, max-video-preview:-1\" \/>\n<link rel=\"canonical\" href=\"https:\/\/najnaj.eu\/fr\/proizvod\/carriwell-perivi-jastucici-za-dojilje-od-svile-6-kom\/\" \/>\n<meta property=\"og:locale\" content=\"fr_FR\" \/>\n<meta property=\"og:type\" content=\"article\" \/>\n<meta property=\"og:title\" content=\"Carriwell Perivi jastu\u010di\u0107i za dojilje od svile, 6 kom\" \/>\n<meta property=\"og:description\" content=\"Carriwell svileni jastu\u010di\u0107i za grudi imaju prirodna ljekovita i njeguju\u0107a svojstva.  Zajedno s mekanim i prozra\u010dnim organskim pamukom, upijaju mlijeko i odr\u017eavaju va\u0161e bradavice suhima \u0161to smanjuje rizik od mastitisa i ispucalih bradavica.\" \/>\n<meta property=\"og:url\" content=\"https:\/\/najnaj.eu\/fr\/proizvod\/carriwell-perivi-jastucici-za-dojilje-od-svile-6-kom\/\" \/>\n<meta property=\"og:site_name\" content=\"NajNaj.eu\" \/>\n<meta property=\"article:publisher\" content=\"https:\/\/web.facebook.com\/najnaj.eu\/\" \/>\n<meta property=\"article:modified_time\" content=\"2026-03-13T13:07:52+00:00\" \/>\n<meta property=\"og:image\" content=\"https:\/\/najnaj.eu\/wp-content\/uploads\/2025\/02\/1200_6x-Washable-Breast-Pads-Silk_Web_v012.jpg\" \/>\n\t<meta property=\"og:image:width\" content=\"819\" \/>\n\t<meta property=\"og:image:height\" content=\"1024\" \/>\n\t<meta property=\"og:image:type\" content=\"image\/jpeg\" \/>\n<meta name=\"twitter:card\" content=\"summary_large_image\" \/>\n<meta name=\"twitter:label1\" content=\"Prix\" \/>\n\t<meta name=\"twitter:data1\" content=\"17,25&nbsp;&euro;\" \/>\n\t<meta name=\"twitter:label2\" content=\"Disponibilit\u00e9\" \/>\n\t<meta name=\"twitter:data2\" content=\"Rupture de stock\" \/>\n<script type=\"application\/ld+json\" class=\"yoast-schema-graph\">{\"@context\":\"https:\\\/\\\/schema.org\",\"@graph\":[{\"@type\":\"WebPage\",\"@id\":\"https:\\\/\\\/najnaj.eu\\\/fr\\\/proizvod\\\/carriwell-perivi-jastucici-za-dojilje-od-svile-6-kom\\\/\",\"url\":\"https:\\\/\\\/najnaj.eu\\\/fr\\\/proizvod\\\/carriwell-perivi-jastucici-za-dojilje-od-svile-6-kom\\\/\",\"name\":\"Carriwell Perivi jastu\u010di\u0107i za dojilje od svile, 6 kom - NajNaj.eu\",\"isPartOf\":{\"@id\":\"https:\\\/\\\/najnaj.eu\\\/fr\\\/#website\"},\"primaryImageOfPage\":{\"@id\":\"https:\\\/\\\/najnaj.eu\\\/fr\\\/proizvod\\\/carriwell-perivi-jastucici-za-dojilje-od-svile-6-kom\\\/#primaryimage\"},\"image\":{\"@id\":\"https:\\\/\\\/najnaj.eu\\\/fr\\\/proizvod\\\/carriwell-perivi-jastucici-za-dojilje-od-svile-6-kom\\\/#primaryimage\"},\"thumbnailUrl\":\"https:\\\/\\\/najnaj.eu\\\/wp-content\\\/uploads\\\/2025\\\/02\\\/1200_6x-Washable-Breast-Pads-Silk_Web_v012.jpg\",\"datePublished\":\"2025-02-05T20:16:04+00:00\",\"dateModified\":\"2026-03-13T13:07:52+00:00\",\"breadcrumb\":{\"@id\":\"https:\\\/\\\/najnaj.eu\\\/fr\\\/proizvod\\\/carriwell-perivi-jastucici-za-dojilje-od-svile-6-kom\\\/#breadcrumb\"},\"inLanguage\":\"fr-FR\",\"potentialAction\":[{\"@type\":\"ReadAction\",\"target\":[\"https:\\\/\\\/najnaj.eu\\\/fr\\\/proizvod\\\/carriwell-perivi-jastucici-za-dojilje-od-svile-6-kom\\\/\"]}]},{\"@type\":\"ImageObject\",\"inLanguage\":\"fr-FR\",\"@id\":\"https:\\\/\\\/najnaj.eu\\\/fr\\\/proizvod\\\/carriwell-perivi-jastucici-za-dojilje-od-svile-6-kom\\\/#primaryimage\",\"url\":\"https:\\\/\\\/najnaj.eu\\\/wp-content\\\/uploads\\\/2025\\\/02\\\/1200_6x-Washable-Breast-Pads-Silk_Web_v012.jpg\",\"contentUrl\":\"https:\\\/\\\/najnaj.eu\\\/wp-content\\\/uploads\\\/2025\\\/02\\\/1200_6x-Washable-Breast-Pads-Silk_Web_v012.jpg\",\"width\":819,\"height\":1024},{\"@type\":\"BreadcrumbList\",\"@id\":\"https:\\\/\\\/najnaj.eu\\\/fr\\\/proizvod\\\/carriwell-perivi-jastucici-za-dojilje-od-svile-6-kom\\\/#breadcrumb\",\"itemListElement\":[{\"@type\":\"ListItem\",\"position\":1,\"name\":\"Po\u010detna stranica\",\"item\":\"https:\\\/\\\/najnaj.eu\\\/fr\\\/\"},{\"@type\":\"ListItem\",\"position\":2,\"name\":\"Trgovina\",\"item\":\"https:\\\/\\\/najnaj.hr\\\/trgovina\\\/\"},{\"@type\":\"ListItem\",\"position\":3,\"name\":\"Carriwell Perivi jastu\u010di\u0107i za dojilje od svile, 6 kom\"}]},{\"@type\":\"WebSite\",\"@id\":\"https:\\\/\\\/najnaj.eu\\\/fr\\\/#website\",\"url\":\"https:\\\/\\\/najnaj.eu\\\/fr\\\/\",\"name\":\"NajNaj.eu\",\"description\":\"Za najva\u017enije!\",\"potentialAction\":[{\"@type\":\"SearchAction\",\"target\":{\"@type\":\"EntryPoint\",\"urlTemplate\":\"https:\\\/\\\/najnaj.eu\\\/fr\\\/?s={search_term_string}\"},\"query-input\":{\"@type\":\"PropertyValueSpecification\",\"valueRequired\":true,\"valueName\":\"search_term_string\"}}],\"inLanguage\":\"fr-FR\"}]}<\/script>\n<meta property=\"product:brand\" content=\"Carriwell\" \/>\n<meta property=\"product:price:amount\" content=\"17.25\" \/>\n<meta property=\"product:price:currency\" content=\"EUR\" \/>\n<meta property=\"og:availability\" content=\"out of stock\" \/>\n<meta property=\"product:availability\" content=\"out of stock\" \/>\n<meta property=\"product:retailer_item_id\" content=\"CW130\" \/>\n<meta property=\"product:condition\" content=\"new\" \/>\n<!-- \/ Yoast SEO Premium plugin. -->","yoast_head_json":{"title":"Carriwell Perivi jastu\u010di\u0107i za dojilje od svile, 6 kom - NajNaj.eu","robots":{"index":"index","follow":"follow","max-snippet":"max-snippet:-1","max-image-preview":"max-image-preview:large","max-video-preview":"max-video-preview:-1"},"canonical":"https:\/\/najnaj.eu\/fr\/proizvod\/carriwell-perivi-jastucici-za-dojilje-od-svile-6-kom\/","og_locale":"fr_FR","og_type":"article","og_title":"Carriwell Perivi jastu\u010di\u0107i za dojilje od svile, 6 kom","og_description":"Carriwell svileni jastu\u010di\u0107i za grudi imaju prirodna ljekovita i njeguju\u0107a svojstva.  Zajedno s mekanim i prozra\u010dnim organskim pamukom, upijaju mlijeko i odr\u017eavaju va\u0161e bradavice suhima \u0161to smanjuje rizik od mastitisa i ispucalih bradavica.","og_url":"https:\/\/najnaj.eu\/fr\/proizvod\/carriwell-perivi-jastucici-za-dojilje-od-svile-6-kom\/","og_site_name":"NajNaj.eu","article_publisher":"https:\/\/web.facebook.com\/najnaj.eu\/","article_modified_time":"2026-03-13T13:07:52+00:00","og_image":[{"width":819,"height":1024,"url":"https:\/\/najnaj.eu\/wp-content\/uploads\/2025\/02\/1200_6x-Washable-Breast-Pads-Silk_Web_v012.jpg","type":"image\/jpeg"}],"twitter_card":"summary_large_image","twitter_misc":{"Prix":"17,25&nbsp;&euro;","Disponibilit\u00e9":"Rupture de stock"},"schema":{"@context":"https:\/\/schema.org","@graph":[{"@type":"WebPage","@id":"https:\/\/najnaj.eu\/fr\/proizvod\/carriwell-perivi-jastucici-za-dojilje-od-svile-6-kom\/","url":"https:\/\/najnaj.eu\/fr\/proizvod\/carriwell-perivi-jastucici-za-dojilje-od-svile-6-kom\/","name":"Carriwell Perivi jastu\u010di\u0107i za dojilje od svile, 6 kom - NajNaj.eu","isPartOf":{"@id":"https:\/\/najnaj.eu\/fr\/#website"},"primaryImageOfPage":{"@id":"https:\/\/najnaj.eu\/fr\/proizvod\/carriwell-perivi-jastucici-za-dojilje-od-svile-6-kom\/#primaryimage"},"image":{"@id":"https:\/\/najnaj.eu\/fr\/proizvod\/carriwell-perivi-jastucici-za-dojilje-od-svile-6-kom\/#primaryimage"},"thumbnailUrl":"https:\/\/najnaj.eu\/wp-content\/uploads\/2025\/02\/1200_6x-Washable-Breast-Pads-Silk_Web_v012.jpg","datePublished":"2025-02-05T20:16:04+00:00","dateModified":"2026-03-13T13:07:52+00:00","breadcrumb":{"@id":"https:\/\/najnaj.eu\/fr\/proizvod\/carriwell-perivi-jastucici-za-dojilje-od-svile-6-kom\/#breadcrumb"},"inLanguage":"fr-FR","potentialAction":[{"@type":"ReadAction","target":["https:\/\/najnaj.eu\/fr\/proizvod\/carriwell-perivi-jastucici-za-dojilje-od-svile-6-kom\/"]}]},{"@type":"ImageObject","inLanguage":"fr-FR","@id":"https:\/\/najnaj.eu\/fr\/proizvod\/carriwell-perivi-jastucici-za-dojilje-od-svile-6-kom\/#primaryimage","url":"https:\/\/najnaj.eu\/wp-content\/uploads\/2025\/02\/1200_6x-Washable-Breast-Pads-Silk_Web_v012.jpg","contentUrl":"https:\/\/najnaj.eu\/wp-content\/uploads\/2025\/02\/1200_6x-Washable-Breast-Pads-Silk_Web_v012.jpg","width":819,"height":1024},{"@type":"BreadcrumbList","@id":"https:\/\/najnaj.eu\/fr\/proizvod\/carriwell-perivi-jastucici-za-dojilje-od-svile-6-kom\/#breadcrumb","itemListElement":[{"@type":"ListItem","position":1,"name":"Po\u010detna stranica","item":"https:\/\/najnaj.eu\/fr\/"},{"@type":"ListItem","position":2,"name":"Trgovina","item":"https:\/\/najnaj.hr\/trgovina\/"},{"@type":"ListItem","position":3,"name":"Carriwell Perivi jastu\u010di\u0107i za dojilje od svile, 6 kom"}]},{"@type":"WebSite","@id":"https:\/\/najnaj.eu\/fr\/#website","url":"https:\/\/najnaj.eu\/fr\/","name":"NajNaj.eu","description":"Za najva\u017enije!","potentialAction":[{"@type":"SearchAction","target":{"@type":"EntryPoint","urlTemplate":"https:\/\/najnaj.eu\/fr\/?s={search_term_string}"},"query-input":{"@type":"PropertyValueSpecification","valueRequired":true,"valueName":"search_term_string"}}],"inLanguage":"fr-FR"}]},"product_brand":"Carriwell","product_price_amount":"17.25","product_price_currency":"EUR","og_availability":"out of stock","product_availability":"out of stock","product_retailer_item_id":"CW130","product_condition":"new"},"_links":{"self":[{"href":"https:\/\/najnaj.eu\/fr\/wp-json\/wp\/v2\/product\/149587","targetHints":{"allow":["GET"]}}],"collection":[{"href":"https:\/\/najnaj.eu\/fr\/wp-json\/wp\/v2\/product"}],"about":[{"href":"https:\/\/najnaj.eu\/fr\/wp-json\/wp\/v2\/types\/product"}],"replies":[{"embeddable":true,"href":"https:\/\/najnaj.eu\/fr\/wp-json\/wp\/v2\/comments?post=149587"}],"version-history":[{"count":0,"href":"https:\/\/najnaj.eu\/fr\/wp-json\/wp\/v2\/product\/149587\/revisions"}],"wp:featuredmedia":[{"embeddable":true,"href":"https:\/\/najnaj.eu\/fr\/wp-json\/wp\/v2\/media\/300498"}],"wp:attachment":[{"href":"https:\/\/najnaj.eu\/fr\/wp-json\/wp\/v2\/media?parent=149587"}],"wp:term":[{"taxonomy":"product_brand","embeddable":true,"href":"https:\/\/najnaj.eu\/fr\/wp-json\/wp\/v2\/product_brand?post=149587"},{"taxonomy":"product_cat","embeddable":true,"href":"https:\/\/najnaj.eu\/fr\/wp-json\/wp\/v2\/product_cat?post=149587"},{"taxonomy":"product_tag","embeddable":true,"href":"https:\/\/najnaj.eu\/fr\/wp-json\/wp\/v2\/product_tag?post=149587"}],"curies":[{"name":"wp","href":"https:\/\/api.w.org\/{rel}","templated":true}]}}