{"id":149586,"date":"2020-04-20T21:16:04","date_gmt":"2020-04-20T19:16:04","guid":{"rendered":"https:\/\/najnaj.hr\/proizvod\/carriwell-jastucici-za-dojilje-perivi-crni-6-kom-u-paketu\/"},"modified":"2026-03-13T13:58:32","modified_gmt":"2026-03-13T12:58:32","slug":"carriwell-jastucici-za-dojilje-perivi-crni-6-kom-u-paketu","status":"publish","type":"product","link":"https:\/\/najnaj.eu\/fr\/proizvod\/carriwell-jastucici-za-dojilje-perivi-crni-6-kom-u-paketu\/","title":{"rendered":"Carriwell Perivi jastu\u010di\u0107i za dojilje od organskog pamuka, 6 kom -crni"},"content":{"rendered":"<p>Predstavljamo Carriwell perive jastu\u010di\u0107e za grudi, savr\u0161eno rje\u0161enje za odr\u017eavanje grudi suhima. Izra\u0111eni od mekog organskog flanela, ovi jastu\u010di\u0107i za dojke nude brzo upijanje va\u0161eg mlijeka, osiguravaju\u0107i da va\u0161e bradavice ostanu suhe te smanjuju\u0107i rizik od mastitisa i ispucalih bradavica.<\/p>\n<p>Dizajnirani imaju\u0107i na umu va\u0161u udobnost, ovi jastu\u010di\u0107i za grudi imaju sloj organskog pamuka mekanog na dodir koji brzo upija va\u0161e mlijeko, odr\u017eavaju\u0107i vas suhima i udobnima tijekom dana. Recite zbogom nelagodi uzrokovanoj vlagom i pozdravite suho i umiruju\u0107e iskustvo dojenja.<\/p>\n<p>Prozra\u010dnost je klju\u010dna i zato Carriwell perivi jastu\u010di\u0107i za grudi sadr\u017ee prozra\u010dni sloj koji ne curi. Ovaj sloj u\u010dinkovito zadr\u017eava vlagu, pru\u017eaju\u0107i vam maksimalno povjerenje i sprje\u010davaju\u0107i bilo kakvo curenje ili neugodne trenutke. Mo\u017eete s pouzdanjem nastaviti svoj dan, znaju\u0107i da va\u0161a odje\u0107a ostaje suha i za\u0161ti\u0107ena.<\/p>\n<p>Uz vlakna od organskog pamuka, ovi jastu\u010di\u0107i \u010dine dodatnu snagu kako bi vam bilo udobno. Vlakna u\u010dinkovito odvla\u010de vlagu s va\u0161e ko\u017ee, pove\u0107avaju\u0107i suho\u0107u i osiguravaju\u0107i optimalnu udobnost. Do\u017eivite osvje\u017eavaju\u0107e iskustvo dojenja bez iritacija s ovim promi\u0161ljeno dizajniranim jastu\u010di\u0107ima za dojke.<\/p>\n<p>Ponosni smo na kori\u0161tenje organskog pamuka u proizvodnji na\u0161ih jastu\u010di\u0107a za grudi. Organski pamuk ne samo da pru\u017ea mekan i nje\u017ean osje\u0107aj na va\u0161oj ko\u017ei, ve\u0107 tako\u0111er osigurava da koristite prirodan i ekolo\u0161ki prihvatljiv proizvod. Prihvatite prednosti organskih materijala i napravite svjestan izbor za svoju dobrobit i okoli\u0161.<\/p>\n<p>Za one koji tra\u017ee dodatni da\u0161ak luksuza, na\u0161i ulo\u0161ci dostupni su i u svilenoj verziji. Prepustite se svilenkastoj glatko\u0107i deluxe jastu\u010di\u0107a dok u\u017eivate u istoj iznimnoj sposobnosti upijanja i udobnosti. Ovdje odaberite opciju koja odgovara va\u0161im \u017eeljama i potrebama, bez kompromisa u kvaliteti.<\/p>\n<p>Recite zbogom jednokratnim jastu\u010di\u0107ima i odlu\u010dite se za one prakti\u010dne i odr\u017eive. Ovi jastu\u010di\u0107i za vi\u0161ekratnu upotrebu ne samo da vam \u0161tede novac, ve\u0107 i doprinose smanjenju otpada. Neka va\u0161e dojke budu suhe, udobne i dobro njegovane uz ove visokokvalitetne jastu\u010di\u0107e za grudi od organskog pamuka iz Carriwella.<\/p>\n<p>Odr\u017eavanje: mogu se prati i na 60\u00b0C<\/p>\n","protected":false},"excerpt":{"rendered":"<p>Carriwell perivi jastu\u010di\u0107i za dojke s mekim organskim flanelom omogu\u0107uju brzo upijanje va\u0161eg mlijeka i odr\u017eavaju va\u0161e bradavice suhima, \u0161to smanjuje rizik od mastitisa i ispucalih bradavica.<\/p>\n","protected":false},"featured_media":300466,"comment_status":"open","ping_status":"closed","template":"","meta":{"_acf_changed":false,"footnotes":""},"product_brand":[],"product_cat":[546,584,562],"product_tag":[2103],"class_list":{"0":"post-149586","1":"product","2":"type-product","3":"status-publish","4":"has-post-thumbnail","6":"product_cat-dojenje","7":"product_cat-jastucici-za-dojenje-dojenje","8":"product_cat-za-mamu","9":"product_tag-new-mum","10":"pa_boja-crna","11":"pa_brand-carriwell","13":"first","14":"instock","15":"purchasable","16":"product-type-simple"},"bundled_by":[],"bundle_stock_status":"instock","bundle_stock_quantity":15,"bundle_virtual":false,"bundle_layout":"","bundle_add_to_cart_form_location":"","bundle_editable_in_cart":false,"bundle_sold_individually_context":"","bundle_item_grouping":"","bundle_min_size":"","bundle_max_size":"","bundle_price":[],"bundled_items":[],"bundle_sell_ids":[],"acf":[],"yoast_head":"<!-- This site is optimized with the Yoast SEO Premium plugin v21.5 (Yoast SEO v27.4) - https:\/\/yoast.com\/product\/yoast-seo-premium-wordpress\/ -->\n<title>Carriwell Perivi jastu\u010di\u0107i za dojilje od organskog pamuka, 6 kom -crni - NajNaj.eu<\/title>\n<meta name=\"robots\" content=\"index, follow, max-snippet:-1, max-image-preview:large, max-video-preview:-1\" \/>\n<link rel=\"canonical\" href=\"https:\/\/najnaj.eu\/fr\/proizvod\/carriwell-jastucici-za-dojilje-perivi-crni-6-kom-u-paketu\/\" \/>\n<meta property=\"og:locale\" content=\"fr_FR\" \/>\n<meta property=\"og:type\" content=\"article\" \/>\n<meta property=\"og:title\" content=\"Carriwell Perivi jastu\u010di\u0107i za dojilje od organskog pamuka, 6 kom -crni\" \/>\n<meta property=\"og:description\" content=\"Carriwell perivi jastu\u010di\u0107i za dojke s mekim organskim flanelom omogu\u0107uju brzo upijanje va\u0161eg mlijeka i odr\u017eavaju va\u0161e bradavice suhima, \u0161to smanjuje rizik od mastitisa i ispucalih bradavica.\" \/>\n<meta property=\"og:url\" content=\"https:\/\/najnaj.eu\/fr\/proizvod\/carriwell-jastucici-za-dojilje-perivi-crni-6-kom-u-paketu\/\" \/>\n<meta property=\"og:site_name\" content=\"NajNaj.eu\" \/>\n<meta property=\"article:publisher\" content=\"https:\/\/web.facebook.com\/najnaj.eu\/\" \/>\n<meta property=\"article:modified_time\" content=\"2026-03-13T12:58:32+00:00\" \/>\n<meta property=\"og:image\" content=\"https:\/\/najnaj.eu\/wp-content\/uploads\/2020\/04\/1200_6x-Washable-Breast-Pads-Cotton_Black_Web_v02.jpg\" \/>\n\t<meta property=\"og:image:width\" content=\"1000\" \/>\n\t<meta property=\"og:image:height\" content=\"1250\" \/>\n\t<meta property=\"og:image:type\" content=\"image\/jpeg\" \/>\n<meta name=\"twitter:card\" content=\"summary_large_image\" \/>\n<meta name=\"twitter:label1\" content=\"Prix\" \/>\n\t<meta name=\"twitter:data1\" content=\"11,94&nbsp;&euro;\" \/>\n\t<meta name=\"twitter:label2\" content=\"Disponibilit\u00e9\" \/>\n\t<meta name=\"twitter:data2\" content=\"En stock\" \/>\n<script type=\"application\/ld+json\" class=\"yoast-schema-graph\">{\"@context\":\"https:\\\/\\\/schema.org\",\"@graph\":[{\"@type\":\"WebPage\",\"@id\":\"https:\\\/\\\/najnaj.eu\\\/fr\\\/proizvod\\\/carriwell-jastucici-za-dojilje-perivi-crni-6-kom-u-paketu\\\/\",\"url\":\"https:\\\/\\\/najnaj.eu\\\/fr\\\/proizvod\\\/carriwell-jastucici-za-dojilje-perivi-crni-6-kom-u-paketu\\\/\",\"name\":\"Carriwell Perivi jastu\u010di\u0107i za dojilje od organskog pamuka, 6 kom -crni - NajNaj.eu\",\"isPartOf\":{\"@id\":\"https:\\\/\\\/najnaj.eu\\\/fr\\\/#website\"},\"primaryImageOfPage\":{\"@id\":\"https:\\\/\\\/najnaj.eu\\\/fr\\\/proizvod\\\/carriwell-jastucici-za-dojilje-perivi-crni-6-kom-u-paketu\\\/#primaryimage\"},\"image\":{\"@id\":\"https:\\\/\\\/najnaj.eu\\\/fr\\\/proizvod\\\/carriwell-jastucici-za-dojilje-perivi-crni-6-kom-u-paketu\\\/#primaryimage\"},\"thumbnailUrl\":\"https:\\\/\\\/najnaj.eu\\\/wp-content\\\/uploads\\\/2020\\\/04\\\/1200_6x-Washable-Breast-Pads-Cotton_Black_Web_v02.jpg\",\"datePublished\":\"2020-04-20T19:16:04+00:00\",\"dateModified\":\"2026-03-13T12:58:32+00:00\",\"breadcrumb\":{\"@id\":\"https:\\\/\\\/najnaj.eu\\\/fr\\\/proizvod\\\/carriwell-jastucici-za-dojilje-perivi-crni-6-kom-u-paketu\\\/#breadcrumb\"},\"inLanguage\":\"fr-FR\",\"potentialAction\":[{\"@type\":\"ReadAction\",\"target\":[\"https:\\\/\\\/najnaj.eu\\\/fr\\\/proizvod\\\/carriwell-jastucici-za-dojilje-perivi-crni-6-kom-u-paketu\\\/\"]}]},{\"@type\":\"ImageObject\",\"inLanguage\":\"fr-FR\",\"@id\":\"https:\\\/\\\/najnaj.eu\\\/fr\\\/proizvod\\\/carriwell-jastucici-za-dojilje-perivi-crni-6-kom-u-paketu\\\/#primaryimage\",\"url\":\"https:\\\/\\\/najnaj.eu\\\/wp-content\\\/uploads\\\/2020\\\/04\\\/1200_6x-Washable-Breast-Pads-Cotton_Black_Web_v02.jpg\",\"contentUrl\":\"https:\\\/\\\/najnaj.eu\\\/wp-content\\\/uploads\\\/2020\\\/04\\\/1200_6x-Washable-Breast-Pads-Cotton_Black_Web_v02.jpg\",\"width\":1000,\"height\":1250},{\"@type\":\"BreadcrumbList\",\"@id\":\"https:\\\/\\\/najnaj.eu\\\/fr\\\/proizvod\\\/carriwell-jastucici-za-dojilje-perivi-crni-6-kom-u-paketu\\\/#breadcrumb\",\"itemListElement\":[{\"@type\":\"ListItem\",\"position\":1,\"name\":\"Po\u010detna stranica\",\"item\":\"https:\\\/\\\/najnaj.eu\\\/fr\\\/\"},{\"@type\":\"ListItem\",\"position\":2,\"name\":\"Trgovina\",\"item\":\"https:\\\/\\\/najnaj.hr\\\/trgovina\\\/\"},{\"@type\":\"ListItem\",\"position\":3,\"name\":\"Carriwell Perivi jastu\u010di\u0107i za dojilje od organskog pamuka, 6 kom -crni\"}]},{\"@type\":\"WebSite\",\"@id\":\"https:\\\/\\\/najnaj.eu\\\/fr\\\/#website\",\"url\":\"https:\\\/\\\/najnaj.eu\\\/fr\\\/\",\"name\":\"NajNaj.eu\",\"description\":\"Za najva\u017enije!\",\"potentialAction\":[{\"@type\":\"SearchAction\",\"target\":{\"@type\":\"EntryPoint\",\"urlTemplate\":\"https:\\\/\\\/najnaj.eu\\\/fr\\\/?s={search_term_string}\"},\"query-input\":{\"@type\":\"PropertyValueSpecification\",\"valueRequired\":true,\"valueName\":\"search_term_string\"}}],\"inLanguage\":\"fr-FR\"}]}<\/script>\n<meta property=\"product:brand\" content=\"Carriwell\" \/>\n<meta property=\"product:price:amount\" content=\"11.94\" \/>\n<meta property=\"product:price:currency\" content=\"EUR\" \/>\n<meta property=\"og:availability\" content=\"instock\" \/>\n<meta property=\"product:availability\" content=\"instock\" \/>\n<meta property=\"product:retailer_item_id\" content=\"CW129\" \/>\n<meta property=\"product:condition\" content=\"new\" \/>\n<!-- \/ Yoast SEO Premium plugin. -->","yoast_head_json":{"title":"Carriwell Perivi jastu\u010di\u0107i za dojilje od organskog pamuka, 6 kom -crni - NajNaj.eu","robots":{"index":"index","follow":"follow","max-snippet":"max-snippet:-1","max-image-preview":"max-image-preview:large","max-video-preview":"max-video-preview:-1"},"canonical":"https:\/\/najnaj.eu\/fr\/proizvod\/carriwell-jastucici-za-dojilje-perivi-crni-6-kom-u-paketu\/","og_locale":"fr_FR","og_type":"article","og_title":"Carriwell Perivi jastu\u010di\u0107i za dojilje od organskog pamuka, 6 kom -crni","og_description":"Carriwell perivi jastu\u010di\u0107i za dojke s mekim organskim flanelom omogu\u0107uju brzo upijanje va\u0161eg mlijeka i odr\u017eavaju va\u0161e bradavice suhima, \u0161to smanjuje rizik od mastitisa i ispucalih bradavica.","og_url":"https:\/\/najnaj.eu\/fr\/proizvod\/carriwell-jastucici-za-dojilje-perivi-crni-6-kom-u-paketu\/","og_site_name":"NajNaj.eu","article_publisher":"https:\/\/web.facebook.com\/najnaj.eu\/","article_modified_time":"2026-03-13T12:58:32+00:00","og_image":[{"width":1000,"height":1250,"url":"https:\/\/najnaj.eu\/wp-content\/uploads\/2020\/04\/1200_6x-Washable-Breast-Pads-Cotton_Black_Web_v02.jpg","type":"image\/jpeg"}],"twitter_card":"summary_large_image","twitter_misc":{"Prix":"11,94&nbsp;&euro;","Disponibilit\u00e9":"En stock"},"schema":{"@context":"https:\/\/schema.org","@graph":[{"@type":"WebPage","@id":"https:\/\/najnaj.eu\/fr\/proizvod\/carriwell-jastucici-za-dojilje-perivi-crni-6-kom-u-paketu\/","url":"https:\/\/najnaj.eu\/fr\/proizvod\/carriwell-jastucici-za-dojilje-perivi-crni-6-kom-u-paketu\/","name":"Carriwell Perivi jastu\u010di\u0107i za dojilje od organskog pamuka, 6 kom -crni - NajNaj.eu","isPartOf":{"@id":"https:\/\/najnaj.eu\/fr\/#website"},"primaryImageOfPage":{"@id":"https:\/\/najnaj.eu\/fr\/proizvod\/carriwell-jastucici-za-dojilje-perivi-crni-6-kom-u-paketu\/#primaryimage"},"image":{"@id":"https:\/\/najnaj.eu\/fr\/proizvod\/carriwell-jastucici-za-dojilje-perivi-crni-6-kom-u-paketu\/#primaryimage"},"thumbnailUrl":"https:\/\/najnaj.eu\/wp-content\/uploads\/2020\/04\/1200_6x-Washable-Breast-Pads-Cotton_Black_Web_v02.jpg","datePublished":"2020-04-20T19:16:04+00:00","dateModified":"2026-03-13T12:58:32+00:00","breadcrumb":{"@id":"https:\/\/najnaj.eu\/fr\/proizvod\/carriwell-jastucici-za-dojilje-perivi-crni-6-kom-u-paketu\/#breadcrumb"},"inLanguage":"fr-FR","potentialAction":[{"@type":"ReadAction","target":["https:\/\/najnaj.eu\/fr\/proizvod\/carriwell-jastucici-za-dojilje-perivi-crni-6-kom-u-paketu\/"]}]},{"@type":"ImageObject","inLanguage":"fr-FR","@id":"https:\/\/najnaj.eu\/fr\/proizvod\/carriwell-jastucici-za-dojilje-perivi-crni-6-kom-u-paketu\/#primaryimage","url":"https:\/\/najnaj.eu\/wp-content\/uploads\/2020\/04\/1200_6x-Washable-Breast-Pads-Cotton_Black_Web_v02.jpg","contentUrl":"https:\/\/najnaj.eu\/wp-content\/uploads\/2020\/04\/1200_6x-Washable-Breast-Pads-Cotton_Black_Web_v02.jpg","width":1000,"height":1250},{"@type":"BreadcrumbList","@id":"https:\/\/najnaj.eu\/fr\/proizvod\/carriwell-jastucici-za-dojilje-perivi-crni-6-kom-u-paketu\/#breadcrumb","itemListElement":[{"@type":"ListItem","position":1,"name":"Po\u010detna stranica","item":"https:\/\/najnaj.eu\/fr\/"},{"@type":"ListItem","position":2,"name":"Trgovina","item":"https:\/\/najnaj.hr\/trgovina\/"},{"@type":"ListItem","position":3,"name":"Carriwell Perivi jastu\u010di\u0107i za dojilje od organskog pamuka, 6 kom -crni"}]},{"@type":"WebSite","@id":"https:\/\/najnaj.eu\/fr\/#website","url":"https:\/\/najnaj.eu\/fr\/","name":"NajNaj.eu","description":"Za najva\u017enije!","potentialAction":[{"@type":"SearchAction","target":{"@type":"EntryPoint","urlTemplate":"https:\/\/najnaj.eu\/fr\/?s={search_term_string}"},"query-input":{"@type":"PropertyValueSpecification","valueRequired":true,"valueName":"search_term_string"}}],"inLanguage":"fr-FR"}]},"product_brand":"Carriwell","product_price_amount":"11.94","product_price_currency":"EUR","og_availability":"instock","product_availability":"instock","product_retailer_item_id":"CW129","product_condition":"new"},"_links":{"self":[{"href":"https:\/\/najnaj.eu\/fr\/wp-json\/wp\/v2\/product\/149586","targetHints":{"allow":["GET"]}}],"collection":[{"href":"https:\/\/najnaj.eu\/fr\/wp-json\/wp\/v2\/product"}],"about":[{"href":"https:\/\/najnaj.eu\/fr\/wp-json\/wp\/v2\/types\/product"}],"replies":[{"embeddable":true,"href":"https:\/\/najnaj.eu\/fr\/wp-json\/wp\/v2\/comments?post=149586"}],"version-history":[{"count":0,"href":"https:\/\/najnaj.eu\/fr\/wp-json\/wp\/v2\/product\/149586\/revisions"}],"wp:featuredmedia":[{"embeddable":true,"href":"https:\/\/najnaj.eu\/fr\/wp-json\/wp\/v2\/media\/300466"}],"wp:attachment":[{"href":"https:\/\/najnaj.eu\/fr\/wp-json\/wp\/v2\/media?parent=149586"}],"wp:term":[{"taxonomy":"product_brand","embeddable":true,"href":"https:\/\/najnaj.eu\/fr\/wp-json\/wp\/v2\/product_brand?post=149586"},{"taxonomy":"product_cat","embeddable":true,"href":"https:\/\/najnaj.eu\/fr\/wp-json\/wp\/v2\/product_cat?post=149586"},{"taxonomy":"product_tag","embeddable":true,"href":"https:\/\/najnaj.eu\/fr\/wp-json\/wp\/v2\/product_tag?post=149586"}],"curies":[{"name":"wp","href":"https:\/\/api.w.org\/{rel}","templated":true}]}}